{"id":1494,"date":"2026-05-11T14:29:46","date_gmt":"2026-05-11T14:29:46","guid":{"rendered":"https:\/\/ecosupplements.ch\/?product=vegan-protein-strawberry-500g"},"modified":"2026-05-13T07:24:55","modified_gmt":"2026-05-13T07:24:55","slug":"vegan-protein-strawberry-500g","status":"publish","type":"product","link":"https:\/\/ecosupplements.ch\/?product=vegan-protein-strawberry-500g","title":{"rendered":"Vegan Protein, Strawberry &#8211; 500g"},"content":{"rendered":"<div class=\"chcg-product-description\">\n<h2 class=\"chcg-heading\">\u00dcber Allnutrition \u2013 Vegan Protein, Erdbeere \u2013 500g<\/h2>\n<div class=\"chcg-intro\">\n<p>Das Allnutrition Vegan Protein in der Geschmacksrichtung Erdbeere ist ein hochwertiges pflanzliches Proteinpulver, das speziell f\u00fcr k\u00f6rperlich aktive Menschen entwickelt wurde. Mit 21 g Protein pro Portion (28 g) liefert es eine beeindruckende Proteinmenge aus einer einzigartigen Kombination von sieben pflanzlichen Proteinquellen \u2013 darunter Sojaprotein-Isolat, Erbsenprotein, Cranberry-Protein, Reisprotein, Hanfprotein, Sonnenblumenprotein und Mandelprotein.<\/p>\n<p>Dank dieses vielf\u00e4ltigen pflanzlichen Proteinkomplexes profitieren Sie von einem breiten Aminos\u00e4ureprofil, das tierischen Proteinen in nichts nachsteht. Das Pulver ist vegan und vegetarisch und eignet sich damit ideal f\u00fcr eine pflanzliche Ern\u00e4hrungsweise. Mit nur 1,7 g Kohlenhydraten und 1,5 g Fett pro Portion ist es ausserdem besonders n\u00e4hrstoffeffizient.<\/p>\n<p>Das Erdbeer-Proteinpulver l\u00e4sst sich schnell und einfach als cremiger Protein-Shake oder als dickfl\u00fcssiges Pudding zubereiten \u2013 ideal f\u00fcr unterwegs oder nach dem Training. Ges\u00fcsst mit Xylitol und Sucralose enth\u00e4lt es keinen zugesetzten Zucker, jedoch nat\u00fcrlich vorkommende Zucker.<\/p>\n<\/p><\/div>\n<div class=\"chcg-nutrition\">\n<h3>N\u00e4hrwertangaben<\/h3>\n<table class=\"chcg-nutrition-table\">\n<thead>\n<tr>\n<th>N\u00e4hrstoff<\/th>\n<th>Pro 100 g<\/th>\n<th>Pro Portion (28 g)<\/th>\n<\/tr>\n<\/thead>\n<tbody>\n<tr>\n<td>Energie<\/td>\n<td>1601 kJ \/ 390 kcal<\/td>\n<td>448 kJ \/ 109 kcal<\/td>\n<\/tr>\n<tr>\n<td>Fett<\/td>\n<td>5,2 g<\/td>\n<td>1,5 g<\/td>\n<\/tr>\n<tr>\n<td>\u2013 davon ges\u00e4ttigte Fetts\u00e4uren<\/td>\n<td>0,8 g<\/td>\n<td>0,2 g<\/td>\n<\/tr>\n<tr>\n<td>Kohlenhydrate<\/td>\n<td>6,0 g<\/td>\n<td>1,7 g<\/td>\n<\/tr>\n<tr>\n<td>\u2013 davon Zucker<\/td>\n<td>3,5 g<\/td>\n<td>1,0 g<\/td>\n<\/tr>\n<tr>\n<td>Ballaststoffe<\/td>\n<td>1,8 g<\/td>\n<td>0,5 g<\/td>\n<\/tr>\n<tr>\n<td>Protein<\/td>\n<td>75 g<\/td>\n<td>21 g<\/td>\n<\/tr>\n<tr>\n<td>Salz<\/td>\n<td>1,8 g<\/td>\n<td>0,5 g<\/td>\n<\/tr>\n<tr>\n<td>\u2013 davon Sojaprotein-Isolat<\/td>\n<td>67 g<\/td>\n<td>19 g<\/td>\n<\/tr>\n<tr>\n<td>\u2013 davon Erbsenprotein<\/td>\n<td>9 g<\/td>\n<td>2,5 g<\/td>\n<\/tr>\n<tr>\n<td>\u2013 davon Cranberry-Protein<\/td>\n<td>4,5 g<\/td>\n<td>1,3 g<\/td>\n<\/tr>\n<tr>\n<td>\u2013 davon Reisprotein<\/td>\n<td>4,5 g<\/td>\n<td>1,3 g<\/td>\n<\/tr>\n<tr>\n<td>\u2013 davon Hanfprotein<\/td>\n<td>k. A.<\/td>\n<td>k. A.<\/td>\n<\/tr>\n<tr>\n<td>\u2013 davon Sonnenblumenprotein<\/td>\n<td>k. A.<\/td>\n<td>k. A.<\/td>\n<\/tr>\n<tr>\n<td>\u2013 davon Mandelprotein<\/td>\n<td>k. A.<\/td>\n<td>k. A.<\/td>\n<\/tr>\n<\/tbody>\n<\/table><\/div>\n<div class=\"chcg-ingredients\">\n<h3>Zutaten<\/h3>\n<p>Pflanzlicher Proteinkomplex (Sojaprotein-Isolat, Erbsenprotein, Cranberry-Protein, Reisprotein, Hanfprotein, Sonnenblumenprotein, Mandelprotein), S\u00fcssungsmittel: Xylitol, Aromen, Verdickungsmittel: Xanthangummi, S\u00fcssungsmittel: Sucralose, S\u00e4ureregulator: Zitronens\u00e4ure. Kann Spuren von enthalten: Getreide mit Gluten, Milch, Eier.<\/p>\n<\/p><\/div>\n<div class=\"chcg-dosage\">\n<h3>Verzehrempfehlung<\/h3>\n<p>F\u00fcr einen Protein-Shake eine Portion (28 g) in 300\u2013350 ml Wasser aufl\u00f6sen. F\u00fcr die Konsistenz eines Puddings eine Portion (28 g) in 250 ml Wasser aufl\u00f6sen. Sofort nach der Zubereitung konsumieren. Nicht mehr als 1 Portion pro Tag einnehmen.<\/p>\n<\/p><\/div>\n<div class=\"chcg-warnings\">\n<h3>Warnhinweise<\/h3>\n<p>Nahrungserg\u00e4nzungsmittel. Enth\u00e4lt S\u00fcssungsmittel. Kein zugesetzter Zucker. Enth\u00e4lt nat\u00fcrlich vorkommende Zucker. Produkt bestimmt f\u00fcr k\u00f6rperlich aktive Personen \u00fcber 18 Jahre. Nicht verwenden, wenn Sie gegen einen der Inhaltsstoffe des Produkts allergisch sind. Die empfohlene Tagesdosis nicht \u00fcberschreiten. Nahrungserg\u00e4nzungsmittel sollten nicht als Ersatz f\u00fcr eine abwechslungsreiche Ern\u00e4hrung verwendet werden. Eine ausgewogene Ern\u00e4hrung und ein gesunder Lebensstil werden empfohlen.<\/p>\n<\/p><\/div>\n<div class=\"chcg-allergens\">\n<h3>Allergeninformationen<\/h3>\n<p>Kann Spuren von enthalten: Getreide mit Gluten, Milch, Eier.<\/p>\n<\/p><\/div>\n<div class=\"chcg-storage\">\n<h3>Lagerung<\/h3>\n<p>An einem k\u00fchlen, trockenen Ort, vor direktem Sonnenlicht und Feuchtigkeit gesch\u00fctzt, aufbewahren. Ausserhalb der Reichweite von Kindern aufbewahren. Verpackung nach Gebrauch stets verschliessen.<\/p>\n<\/p><\/div>\n<div class=\"chcg-dietary\">\n<h3>Ern\u00e4hrungshinweise<\/h3>\n<ul>\n<li>Vegan<\/li>\n<li>Vegetarisch<\/li>\n<\/ul><\/div>\n<\/div>\n","protected":false},"excerpt":{"rendered":"<p>Allnutrition Vegan Protein Erdbeere liefert 21 g pflanzliches Protein pro Portion aus sieben Quellen. Das Pulver (500 g, 17 Portionen) eignet sich als Shake oder Pudding und enth\u00e4lt keinen zugesetzten Zucker.<\/p>\n","protected":false},"featured_media":1495,"comment_status":"closed","ping_status":"open","template":"","meta":[],"product_brand":[172],"product_cat":[90,48,65,50,22],"product_tag":[],"class_list":{"0":"post-1494","1":"product","2":"type-product","3":"status-publish","4":"has-post-thumbnail","6":"product_brand-allnutrition","7":"product_cat-fitness-training","8":"product_cat-gesunde-ernaehrung","9":"product_cat-pflanzliche-proteine","10":"product_cat-proteine","11":"product_cat-vegane-produkte","13":"first","14":"outofstock","15":"taxable","16":"shipping-taxable","17":"purchasable","18":"product-type-simple"},"yoast_head":"<!-- This site is optimized with the Yoast SEO plugin v27.5 - https:\/\/yoast.com\/product\/yoast-seo-wordpress\/ -->\n<title>Vegan Protein Erdbeere 500g \u2013 Allnutrition | ecosupplements.ch<\/title>\n<meta name=\"description\" content=\"21 g pflanzliches Protein pro Portion aus 7 Quellen \u2013 Allnutrition Vegan Protein Erdbeere, 500 g Pulver (17 Portionen), vegan &amp; zuckerzusatzfrei. Jetzt bestellen.\" \/>\n<meta name=\"robots\" content=\"index, follow, max-snippet:-1, max-image-preview:large, max-video-preview:-1\" \/>\n<link rel=\"canonical\" href=\"https:\/\/ecosupplements.ch\/?product=vegan-protein-strawberry-500g\" \/>\n<meta property=\"og:locale\" content=\"de_DE\" \/>\n<meta property=\"og:type\" content=\"article\" \/>\n<meta property=\"og:title\" content=\"Vegan Protein Erdbeere 500g \u2013 Allnutrition | ecosupplements.ch\" \/>\n<meta property=\"og:description\" content=\"21 g pflanzliches Protein pro Portion aus 7 Quellen \u2013 Allnutrition Vegan Protein Erdbeere, 500 g Pulver (17 Portionen), vegan &amp; zuckerzusatzfrei. Jetzt bestellen.\" \/>\n<meta property=\"og:url\" content=\"https:\/\/ecosupplements.ch\/?product=vegan-protein-strawberry-500g\" \/>\n<meta property=\"og:site_name\" content=\"Eco Supplements\" \/>\n<meta property=\"article:modified_time\" content=\"2026-05-13T07:24:55+00:00\" \/>\n<meta property=\"og:image\" content=\"https:\/\/ecosupplements.ch\/wp-content\/uploads\/2026\/05\/Vegan-Protein-Strawberry-500g.webp\" \/>\n\t<meta property=\"og:image:width\" content=\"1000\" \/>\n\t<meta property=\"og:image:height\" content=\"1000\" \/>\n\t<meta property=\"og:image:type\" content=\"image\/jpeg\" \/>\n<meta name=\"twitter:card\" content=\"summary_large_image\" \/>\n<meta name=\"twitter:label1\" content=\"Price\" \/>\n\t<meta name=\"twitter:data1\" content=\"&#067;&#072;&#070;&nbsp;12.85\" \/>\n\t<meta name=\"twitter:label2\" content=\"Availability\" \/>\n\t<meta name=\"twitter:data2\" content=\"Out of stock\" \/>\n<script type=\"application\/ld+json\" class=\"yoast-schema-graph\">{\"@context\":\"https:\\\/\\\/schema.org\",\"@graph\":[{\"@type\":\"WebPage\",\"@id\":\"https:\\\/\\\/ecosupplements.ch\\\/?product=vegan-protein-strawberry-500g\",\"url\":\"https:\\\/\\\/ecosupplements.ch\\\/?product=vegan-protein-strawberry-500g\",\"name\":\"Vegan Protein Erdbeere 500g \u2013 Allnutrition | ecosupplements.ch\",\"isPartOf\":{\"@id\":\"https:\\\/\\\/ecosupplements.ch\\\/#website\"},\"primaryImageOfPage\":{\"@id\":\"https:\\\/\\\/ecosupplements.ch\\\/?product=vegan-protein-strawberry-500g#primaryimage\"},\"image\":{\"@id\":\"https:\\\/\\\/ecosupplements.ch\\\/?product=vegan-protein-strawberry-500g#primaryimage\"},\"thumbnailUrl\":\"https:\\\/\\\/ecosupplements.ch\\\/wp-content\\\/uploads\\\/2026\\\/05\\\/Vegan-Protein-Strawberry-500g.webp\",\"datePublished\":\"2026-05-11T14:29:46+00:00\",\"dateModified\":\"2026-05-13T07:24:55+00:00\",\"description\":\"21 g pflanzliches Protein pro Portion aus 7 Quellen \u2013 Allnutrition Vegan Protein Erdbeere, 500 g Pulver (17 Portionen), vegan & zuckerzusatzfrei. Jetzt bestellen.\",\"breadcrumb\":{\"@id\":\"https:\\\/\\\/ecosupplements.ch\\\/?product=vegan-protein-strawberry-500g#breadcrumb\"},\"inLanguage\":\"de-CH\",\"potentialAction\":[{\"@type\":\"ReadAction\",\"target\":[\"https:\\\/\\\/ecosupplements.ch\\\/?product=vegan-protein-strawberry-500g\"]}]},{\"@type\":\"ImageObject\",\"inLanguage\":\"de-CH\",\"@id\":\"https:\\\/\\\/ecosupplements.ch\\\/?product=vegan-protein-strawberry-500g#primaryimage\",\"url\":\"https:\\\/\\\/ecosupplements.ch\\\/wp-content\\\/uploads\\\/2026\\\/05\\\/Vegan-Protein-Strawberry-500g.webp\",\"contentUrl\":\"https:\\\/\\\/ecosupplements.ch\\\/wp-content\\\/uploads\\\/2026\\\/05\\\/Vegan-Protein-Strawberry-500g.webp\",\"width\":1000,\"height\":1000,\"caption\":\"Vegan Protein\"},{\"@type\":\"BreadcrumbList\",\"@id\":\"https:\\\/\\\/ecosupplements.ch\\\/?product=vegan-protein-strawberry-500g#breadcrumb\",\"itemListElement\":[{\"@type\":\"ListItem\",\"position\":1,\"name\":\"Home\",\"item\":\"https:\\\/\\\/ecosupplements.ch\\\/\"},{\"@type\":\"ListItem\",\"position\":2,\"name\":\"Shop\",\"item\":\"https:\\\/\\\/ecosupplements.ch\\\/?page_id=14\"},{\"@type\":\"ListItem\",\"position\":3,\"name\":\"Vegan Protein, Strawberry &#8211; 500g\"}]},{\"@type\":\"WebSite\",\"@id\":\"https:\\\/\\\/ecosupplements.ch\\\/#website\",\"url\":\"https:\\\/\\\/ecosupplements.ch\\\/\",\"name\":\"Eco Supplements\",\"description\":\"\",\"potentialAction\":[{\"@type\":\"SearchAction\",\"target\":{\"@type\":\"EntryPoint\",\"urlTemplate\":\"https:\\\/\\\/ecosupplements.ch\\\/?s={search_term_string}\"},\"query-input\":{\"@type\":\"PropertyValueSpecification\",\"valueRequired\":true,\"valueName\":\"search_term_string\"}}],\"inLanguage\":\"de-CH\"}]}<\/script>\n<meta property=\"product:price:amount\" content=\"12.85\" \/>\n<meta property=\"product:price:currency\" content=\"CHF\" \/>\n<meta property=\"og:availability\" content=\"out of stock\" \/>\n<meta property=\"product:availability\" content=\"out of stock\" \/>\n<meta property=\"product:retailer_item_id\" content=\"5902837731247\" \/>\n<meta property=\"product:condition\" content=\"new\" \/>\n<!-- \/ Yoast SEO plugin. -->","yoast_head_json":{"title":"Vegan Protein Erdbeere 500g \u2013 Allnutrition | ecosupplements.ch","description":"21 g pflanzliches Protein pro Portion aus 7 Quellen \u2013 Allnutrition Vegan Protein Erdbeere, 500 g Pulver (17 Portionen), vegan & zuckerzusatzfrei. Jetzt bestellen.","robots":{"index":"index","follow":"follow","max-snippet":"max-snippet:-1","max-image-preview":"max-image-preview:large","max-video-preview":"max-video-preview:-1"},"canonical":"https:\/\/ecosupplements.ch\/?product=vegan-protein-strawberry-500g","og_locale":"de_DE","og_type":"article","og_title":"Vegan Protein Erdbeere 500g \u2013 Allnutrition | ecosupplements.ch","og_description":"21 g pflanzliches Protein pro Portion aus 7 Quellen \u2013 Allnutrition Vegan Protein Erdbeere, 500 g Pulver (17 Portionen), vegan & zuckerzusatzfrei. Jetzt bestellen.","og_url":"https:\/\/ecosupplements.ch\/?product=vegan-protein-strawberry-500g","og_site_name":"Eco Supplements","article_modified_time":"2026-05-13T07:24:55+00:00","og_image":[{"width":1000,"height":1000,"url":"https:\/\/ecosupplements.ch\/wp-content\/uploads\/2026\/05\/Vegan-Protein-Strawberry-500g.webp","type":"image\/jpeg"}],"twitter_card":"summary_large_image","twitter_misc":{"Price":"&#67;&#72;&#70;&nbsp;12.85","Availability":"Out of stock"},"schema":{"@context":"https:\/\/schema.org","@graph":[{"@type":"WebPage","@id":"https:\/\/ecosupplements.ch\/?product=vegan-protein-strawberry-500g","url":"https:\/\/ecosupplements.ch\/?product=vegan-protein-strawberry-500g","name":"Vegan Protein Erdbeere 500g \u2013 Allnutrition | ecosupplements.ch","isPartOf":{"@id":"https:\/\/ecosupplements.ch\/#website"},"primaryImageOfPage":{"@id":"https:\/\/ecosupplements.ch\/?product=vegan-protein-strawberry-500g#primaryimage"},"image":{"@id":"https:\/\/ecosupplements.ch\/?product=vegan-protein-strawberry-500g#primaryimage"},"thumbnailUrl":"https:\/\/ecosupplements.ch\/wp-content\/uploads\/2026\/05\/Vegan-Protein-Strawberry-500g.webp","datePublished":"2026-05-11T14:29:46+00:00","dateModified":"2026-05-13T07:24:55+00:00","description":"21 g pflanzliches Protein pro Portion aus 7 Quellen \u2013 Allnutrition Vegan Protein Erdbeere, 500 g Pulver (17 Portionen), vegan & zuckerzusatzfrei. Jetzt bestellen.","breadcrumb":{"@id":"https:\/\/ecosupplements.ch\/?product=vegan-protein-strawberry-500g#breadcrumb"},"inLanguage":"de-CH","potentialAction":[{"@type":"ReadAction","target":["https:\/\/ecosupplements.ch\/?product=vegan-protein-strawberry-500g"]}]},{"@type":"ImageObject","inLanguage":"de-CH","@id":"https:\/\/ecosupplements.ch\/?product=vegan-protein-strawberry-500g#primaryimage","url":"https:\/\/ecosupplements.ch\/wp-content\/uploads\/2026\/05\/Vegan-Protein-Strawberry-500g.webp","contentUrl":"https:\/\/ecosupplements.ch\/wp-content\/uploads\/2026\/05\/Vegan-Protein-Strawberry-500g.webp","width":1000,"height":1000,"caption":"Vegan Protein"},{"@type":"BreadcrumbList","@id":"https:\/\/ecosupplements.ch\/?product=vegan-protein-strawberry-500g#breadcrumb","itemListElement":[{"@type":"ListItem","position":1,"name":"Home","item":"https:\/\/ecosupplements.ch\/"},{"@type":"ListItem","position":2,"name":"Shop","item":"https:\/\/ecosupplements.ch\/?page_id=14"},{"@type":"ListItem","position":3,"name":"Vegan Protein, Strawberry &#8211; 500g"}]},{"@type":"WebSite","@id":"https:\/\/ecosupplements.ch\/#website","url":"https:\/\/ecosupplements.ch\/","name":"Eco Supplements","description":"","potentialAction":[{"@type":"SearchAction","target":{"@type":"EntryPoint","urlTemplate":"https:\/\/ecosupplements.ch\/?s={search_term_string}"},"query-input":{"@type":"PropertyValueSpecification","valueRequired":true,"valueName":"search_term_string"}}],"inLanguage":"de-CH"}]},"product_price_amount":"12.85","product_price_currency":"CHF","og_availability":"out of stock","product_availability":"out of stock","product_retailer_item_id":"5902837731247","product_condition":"new"},"_links":{"self":[{"href":"https:\/\/ecosupplements.ch\/index.php?rest_route=\/wp\/v2\/product\/1494","targetHints":{"allow":["GET"]}}],"collection":[{"href":"https:\/\/ecosupplements.ch\/index.php?rest_route=\/wp\/v2\/product"}],"about":[{"href":"https:\/\/ecosupplements.ch\/index.php?rest_route=\/wp\/v2\/types\/product"}],"replies":[{"embeddable":true,"href":"https:\/\/ecosupplements.ch\/index.php?rest_route=%2Fwp%2Fv2%2Fcomments&post=1494"}],"wp:featuredmedia":[{"embeddable":true,"href":"https:\/\/ecosupplements.ch\/index.php?rest_route=\/wp\/v2\/media\/1495"}],"wp:attachment":[{"href":"https:\/\/ecosupplements.ch\/index.php?rest_route=%2Fwp%2Fv2%2Fmedia&parent=1494"}],"wp:term":[{"taxonomy":"product_brand","embeddable":true,"href":"https:\/\/ecosupplements.ch\/index.php?rest_route=%2Fwp%2Fv2%2Fproduct_brand&post=1494"},{"taxonomy":"product_cat","embeddable":true,"href":"https:\/\/ecosupplements.ch\/index.php?rest_route=%2Fwp%2Fv2%2Fproduct_cat&post=1494"},{"taxonomy":"product_tag","embeddable":true,"href":"https:\/\/ecosupplements.ch\/index.php?rest_route=%2Fwp%2Fv2%2Fproduct_tag&post=1494"}],"curies":[{"name":"wp","href":"https:\/\/api.w.org\/{rel}","templated":true}]}}