{"id":1518,"date":"2026-05-11T14:29:57","date_gmt":"2026-05-11T14:29:57","guid":{"rendered":"https:\/\/ecosupplements.ch\/?product=digestive-enzyme-60-caps"},"modified":"2026-05-13T07:24:55","modified_gmt":"2026-05-13T07:24:55","slug":"digestive-enzyme-60-caps","status":"publish","type":"product","link":"https:\/\/ecosupplements.ch\/?product=digestive-enzyme-60-caps","title":{"rendered":"Digestive Enzyme &#8211; 60 caps"},"content":{"rendered":"<div class=\"chcg-product-description\">\n<h2 class=\"chcg-heading\">\u00dcber Applied Nutrition \u2013 Digestive Enzyme \u2013 60 Kapseln<\/h2>\n<div class=\"chcg-intro\">\n<p>Das Digestive Enzyme von Applied Nutrition enth\u00e4lt den propriet\u00e4ren Zymate Max Multi-Enzym-Komplex mit 10 sorgf\u00e4ltig ausgew\u00e4hlten Verdauungsenzymen. Diese Enzyme unterst\u00fctzen die nat\u00fcrliche Verdauung von Kohlenhydraten, Proteinen, Fetten, Milchzucker und Ballaststoffen und tragen so dazu bei, dass der K\u00f6rper die N\u00e4hrstoffe aus der t\u00e4glichen Ern\u00e4hrung optimal verwerten kann.<\/p>\n<p>Die Formel vereint pflanzliche und nat\u00fcrliche Enzyme wie Papain (aus der Papaya), Bromelain (aus der Ananas), Lactase sowie Alpha Amylase und Lipase \u2013 alle in pr\u00e4zise dosierten Aktivit\u00e4tseinheiten. Jede Kapsel liefert eine breite enzymatische Abdeckung, die gezielt auf eine umfassende Nahrungsverdauung ausgelegt ist.<\/p>\n<p>Dank der vegetarischen HPMC-Kapsel ist das Produkt sowohl f\u00fcr Veganer als auch f\u00fcr Vegetarier geeignet. Mit 60 Kapseln pro Packung und einer Portion von 1\u20132 Kapseln t\u00e4glich bietet Applied Nutrition eine praktische Erg\u00e4nzung f\u00fcr den Alltag.<\/p>\n<\/p><\/div>\n<div class=\"chcg-nutrition\">\n<h3>N\u00e4hrwertangaben<\/h3>\n<table class=\"chcg-nutrition-table\">\n<thead>\n<tr>\n<th>N\u00e4hrstoff<\/th>\n<th>Pro Portion (1 Kapsel)<\/th>\n<\/tr>\n<\/thead>\n<tbody>\n<tr>\n<td>Alpha Amylase<\/td>\n<td>6000 DU<\/td>\n<\/tr>\n<tr>\n<td>Protease (4.5)<\/td>\n<td>10000 HUT<\/td>\n<\/tr>\n<tr>\n<td>Protease (3.0)<\/td>\n<td>10 SAPU<\/td>\n<\/tr>\n<tr>\n<td>Lipase<\/td>\n<td>350 FIP<\/td>\n<\/tr>\n<tr>\n<td>Glucoamylase<\/td>\n<td>15 AGU<\/td>\n<\/tr>\n<tr>\n<td>Papain<\/td>\n<td>50000 PU<\/td>\n<\/tr>\n<tr>\n<td>Bromelain<\/td>\n<td>200000 PU<\/td>\n<\/tr>\n<tr>\n<td>Lactase<\/td>\n<td>500 ALU<\/td>\n<\/tr>\n<tr>\n<td>Cellulase<\/td>\n<td>500 CU<\/td>\n<\/tr>\n<tr>\n<td>Alpha Galactosidase<\/td>\n<td>40 GalU<\/td>\n<\/tr>\n<\/tbody>\n<\/table>\n<p class=\"chcg-footnote\">* Kein festgelegter Tagesbedarf.<\/p>\n<\/p><\/div>\n<div class=\"chcg-ingredients\">\n<h3>Zutaten<\/h3>\n<p>(Zymate Max Multi-Enzym-Komplex) Maltodextrin-Pulver, Alpha Amylase (Herkunft: Aspergillus Oryzae), Protease (4.5) (Herkunft: Bacillus Licheniformis), Protease (3.0) (Herkunft: Aspergillus Oryzae), Lipase (Herkunft: Aspergillus Oryzae), Glucoamylase (Herkunft: Aspergillus Niger), Papain (Herkunft: Latex von Carica Papaya L.), Bromelain (Herkunft: St\u00e4ngel von Ananas Comosus L.), Lactase (Herkunft: Aspergillus Oryzae), Cellulase (Herkunft: Trichoderma Reesei), Alpha Galactosidase (Herkunft: Aspergillus Niger), F\u00fcllstoff: Mikrokristalline Cellulose, Magnesiumstearat, Siliziumdioxid.<\/p>\n<p class=\"chcg-capsule-shell\">Kapselh\u00fclle: HPMC (Hydroxypropylmethylcellulose)<\/p>\n<\/p><\/div>\n<div class=\"chcg-dosage\">\n<h3>Verzehrempfehlung<\/h3>\n<p>T\u00e4glich 1\u20132 Portionen (Kapseln) mit Wasser einnehmen. Die empfohlene Verzehrmenge nicht \u00fcberschreiten.<\/p>\n<\/p><\/div>\n<div class=\"chcg-warnings\">\n<h3>Warnhinweise<\/h3>\n<p>Vor der Verwendung dieses Produkts eine qualifizierte Fachkraft im Gesundheitsbereich konsultieren, wenn Sie unter 18 Jahre alt sind, schwanger sind oder ein Kind stillen oder wenn eine bekannte oder vermutete Erkrankung vorliegt und\/oder verschreibungspflichtige oder nicht verschreibungspflichtige Medikamente eingenommen werden. Nicht als Ersatz f\u00fcr eine abwechslungsreiche Ern\u00e4hrung und einen gesunden Lebensstil verwenden. Die empfohlene Verzehrmenge nicht \u00fcberschreiten.<\/p>\n<\/p><\/div>\n<div class=\"chcg-allergens\">\n<h3>Allergeninformationen<\/h3>\n<p>Keine Hauptallergene auf der Produktverpackung deklariert.<\/p>\n<\/p><\/div>\n<div class=\"chcg-storage\">\n<h3>Lagerung<\/h3>\n<p>An einem k\u00fchlen, trockenen Ort und ausserhalb der Reichweite von Kindern aufbewahren.<\/p>\n<\/p><\/div>\n<div class=\"chcg-dietary\">\n<h3>Ern\u00e4hrungshinweise<\/h3>\n<ul>\n<li>Vegan<\/li>\n<li>Vegetarisch<\/li>\n<\/ul><\/div>\n<\/div>\n","protected":false},"excerpt":{"rendered":"<p>Digestive Enzyme von Applied Nutrition liefert 10 Verdauungsenzyme im Zymate Max Komplex zur Unterst\u00fctzung der N\u00e4hrstoffverwertung. Vegan geeignet, 60 Kapseln pro Packung.<\/p>\n","protected":false},"featured_media":1519,"comment_status":"closed","ping_status":"open","template":"","meta":[],"product_brand":[173],"product_cat":[48,25,22,102],"product_tag":[],"class_list":{"0":"post-1518","1":"product","2":"type-product","3":"status-publish","4":"has-post-thumbnail","6":"product_brand-applied-nutrition","7":"product_cat-gesunde-ernaehrung","8":"product_cat-gesundheit-und-wohlbefinden","9":"product_cat-vegane-produkte","10":"product_cat-verdauungsgesundheit","12":"first","13":"outofstock","14":"taxable","15":"shipping-taxable","16":"purchasable","17":"product-type-simple"},"yoast_head":"<!-- This site is optimized with the Yoast SEO plugin v27.5 - https:\/\/yoast.com\/product\/yoast-seo-wordpress\/ -->\n<title>Digestive Enzyme 60 Kapseln \u2013 Applied Nutrition | ecosupplements.ch<\/title>\n<meta name=\"description\" content=\"10 Verdauungsenzyme pro Kapsel f\u00fcr eine umfassende Unterst\u00fctzung der N\u00e4hrstoffverwertung. Vegan, 60 Kapseln. Jetzt bestellen.\" \/>\n<meta name=\"robots\" content=\"index, follow, max-snippet:-1, max-image-preview:large, max-video-preview:-1\" \/>\n<link rel=\"canonical\" href=\"https:\/\/ecosupplements.ch\/?product=digestive-enzyme-60-caps\" \/>\n<meta property=\"og:locale\" content=\"de_DE\" \/>\n<meta property=\"og:type\" content=\"article\" \/>\n<meta property=\"og:title\" content=\"Digestive Enzyme 60 Kapseln \u2013 Applied Nutrition | ecosupplements.ch\" \/>\n<meta property=\"og:description\" content=\"10 Verdauungsenzyme pro Kapsel f\u00fcr eine umfassende Unterst\u00fctzung der N\u00e4hrstoffverwertung. Vegan, 60 Kapseln. Jetzt bestellen.\" \/>\n<meta property=\"og:url\" content=\"https:\/\/ecosupplements.ch\/?product=digestive-enzyme-60-caps\" \/>\n<meta property=\"og:site_name\" content=\"Eco Supplements\" \/>\n<meta property=\"article:modified_time\" content=\"2026-05-13T07:24:55+00:00\" \/>\n<meta property=\"og:image\" content=\"https:\/\/ecosupplements.ch\/wp-content\/uploads\/2026\/05\/Digestive-Enzyme-60-caps.jpg\" \/>\n\t<meta property=\"og:image:width\" content=\"600\" \/>\n\t<meta property=\"og:image:height\" content=\"600\" \/>\n\t<meta property=\"og:image:type\" content=\"image\/jpeg\" \/>\n<meta name=\"twitter:card\" content=\"summary_large_image\" \/>\n<meta name=\"twitter:label1\" content=\"Price\" \/>\n\t<meta name=\"twitter:data1\" content=\"&#067;&#072;&#070;&nbsp;18.40\" \/>\n\t<meta name=\"twitter:label2\" content=\"Availability\" \/>\n\t<meta name=\"twitter:data2\" content=\"Out of stock\" \/>\n<script type=\"application\/ld+json\" class=\"yoast-schema-graph\">{\"@context\":\"https:\\\/\\\/schema.org\",\"@graph\":[{\"@type\":\"WebPage\",\"@id\":\"https:\\\/\\\/ecosupplements.ch\\\/?product=digestive-enzyme-60-caps\",\"url\":\"https:\\\/\\\/ecosupplements.ch\\\/?product=digestive-enzyme-60-caps\",\"name\":\"Digestive Enzyme 60 Kapseln \u2013 Applied Nutrition | ecosupplements.ch\",\"isPartOf\":{\"@id\":\"https:\\\/\\\/ecosupplements.ch\\\/#website\"},\"primaryImageOfPage\":{\"@id\":\"https:\\\/\\\/ecosupplements.ch\\\/?product=digestive-enzyme-60-caps#primaryimage\"},\"image\":{\"@id\":\"https:\\\/\\\/ecosupplements.ch\\\/?product=digestive-enzyme-60-caps#primaryimage\"},\"thumbnailUrl\":\"https:\\\/\\\/ecosupplements.ch\\\/wp-content\\\/uploads\\\/2026\\\/05\\\/Digestive-Enzyme-60-caps.jpg\",\"datePublished\":\"2026-05-11T14:29:57+00:00\",\"dateModified\":\"2026-05-13T07:24:55+00:00\",\"description\":\"10 Verdauungsenzyme pro Kapsel f\u00fcr eine umfassende Unterst\u00fctzung der N\u00e4hrstoffverwertung. Vegan, 60 Kapseln. Jetzt bestellen.\",\"breadcrumb\":{\"@id\":\"https:\\\/\\\/ecosupplements.ch\\\/?product=digestive-enzyme-60-caps#breadcrumb\"},\"inLanguage\":\"de-CH\",\"potentialAction\":[{\"@type\":\"ReadAction\",\"target\":[\"https:\\\/\\\/ecosupplements.ch\\\/?product=digestive-enzyme-60-caps\"]}]},{\"@type\":\"ImageObject\",\"inLanguage\":\"de-CH\",\"@id\":\"https:\\\/\\\/ecosupplements.ch\\\/?product=digestive-enzyme-60-caps#primaryimage\",\"url\":\"https:\\\/\\\/ecosupplements.ch\\\/wp-content\\\/uploads\\\/2026\\\/05\\\/Digestive-Enzyme-60-caps.jpg\",\"contentUrl\":\"https:\\\/\\\/ecosupplements.ch\\\/wp-content\\\/uploads\\\/2026\\\/05\\\/Digestive-Enzyme-60-caps.jpg\",\"width\":600,\"height\":600,\"caption\":\"Digestive Enzyme - 60 caps\"},{\"@type\":\"BreadcrumbList\",\"@id\":\"https:\\\/\\\/ecosupplements.ch\\\/?product=digestive-enzyme-60-caps#breadcrumb\",\"itemListElement\":[{\"@type\":\"ListItem\",\"position\":1,\"name\":\"Home\",\"item\":\"https:\\\/\\\/ecosupplements.ch\\\/\"},{\"@type\":\"ListItem\",\"position\":2,\"name\":\"Shop\",\"item\":\"https:\\\/\\\/ecosupplements.ch\\\/?page_id=14\"},{\"@type\":\"ListItem\",\"position\":3,\"name\":\"Digestive Enzyme &#8211; 60 caps\"}]},{\"@type\":\"WebSite\",\"@id\":\"https:\\\/\\\/ecosupplements.ch\\\/#website\",\"url\":\"https:\\\/\\\/ecosupplements.ch\\\/\",\"name\":\"Eco Supplements\",\"description\":\"\",\"potentialAction\":[{\"@type\":\"SearchAction\",\"target\":{\"@type\":\"EntryPoint\",\"urlTemplate\":\"https:\\\/\\\/ecosupplements.ch\\\/?s={search_term_string}\"},\"query-input\":{\"@type\":\"PropertyValueSpecification\",\"valueRequired\":true,\"valueName\":\"search_term_string\"}}],\"inLanguage\":\"de-CH\"}]}<\/script>\n<meta property=\"product:price:amount\" content=\"18.40\" \/>\n<meta property=\"product:price:currency\" content=\"CHF\" \/>\n<meta property=\"og:availability\" content=\"out of stock\" \/>\n<meta property=\"product:availability\" content=\"out of stock\" \/>\n<meta property=\"product:retailer_item_id\" content=\"5056555200094\" \/>\n<meta property=\"product:condition\" content=\"new\" \/>\n<!-- \/ Yoast SEO plugin. -->","yoast_head_json":{"title":"Digestive Enzyme 60 Kapseln \u2013 Applied Nutrition | ecosupplements.ch","description":"10 Verdauungsenzyme pro Kapsel f\u00fcr eine umfassende Unterst\u00fctzung der N\u00e4hrstoffverwertung. Vegan, 60 Kapseln. Jetzt bestellen.","robots":{"index":"index","follow":"follow","max-snippet":"max-snippet:-1","max-image-preview":"max-image-preview:large","max-video-preview":"max-video-preview:-1"},"canonical":"https:\/\/ecosupplements.ch\/?product=digestive-enzyme-60-caps","og_locale":"de_DE","og_type":"article","og_title":"Digestive Enzyme 60 Kapseln \u2013 Applied Nutrition | ecosupplements.ch","og_description":"10 Verdauungsenzyme pro Kapsel f\u00fcr eine umfassende Unterst\u00fctzung der N\u00e4hrstoffverwertung. Vegan, 60 Kapseln. Jetzt bestellen.","og_url":"https:\/\/ecosupplements.ch\/?product=digestive-enzyme-60-caps","og_site_name":"Eco Supplements","article_modified_time":"2026-05-13T07:24:55+00:00","og_image":[{"width":600,"height":600,"url":"https:\/\/ecosupplements.ch\/wp-content\/uploads\/2026\/05\/Digestive-Enzyme-60-caps.jpg","type":"image\/jpeg"}],"twitter_card":"summary_large_image","twitter_misc":{"Price":"&#67;&#72;&#70;&nbsp;18.40","Availability":"Out of stock"},"schema":{"@context":"https:\/\/schema.org","@graph":[{"@type":"WebPage","@id":"https:\/\/ecosupplements.ch\/?product=digestive-enzyme-60-caps","url":"https:\/\/ecosupplements.ch\/?product=digestive-enzyme-60-caps","name":"Digestive Enzyme 60 Kapseln \u2013 Applied Nutrition | ecosupplements.ch","isPartOf":{"@id":"https:\/\/ecosupplements.ch\/#website"},"primaryImageOfPage":{"@id":"https:\/\/ecosupplements.ch\/?product=digestive-enzyme-60-caps#primaryimage"},"image":{"@id":"https:\/\/ecosupplements.ch\/?product=digestive-enzyme-60-caps#primaryimage"},"thumbnailUrl":"https:\/\/ecosupplements.ch\/wp-content\/uploads\/2026\/05\/Digestive-Enzyme-60-caps.jpg","datePublished":"2026-05-11T14:29:57+00:00","dateModified":"2026-05-13T07:24:55+00:00","description":"10 Verdauungsenzyme pro Kapsel f\u00fcr eine umfassende Unterst\u00fctzung der N\u00e4hrstoffverwertung. Vegan, 60 Kapseln. Jetzt bestellen.","breadcrumb":{"@id":"https:\/\/ecosupplements.ch\/?product=digestive-enzyme-60-caps#breadcrumb"},"inLanguage":"de-CH","potentialAction":[{"@type":"ReadAction","target":["https:\/\/ecosupplements.ch\/?product=digestive-enzyme-60-caps"]}]},{"@type":"ImageObject","inLanguage":"de-CH","@id":"https:\/\/ecosupplements.ch\/?product=digestive-enzyme-60-caps#primaryimage","url":"https:\/\/ecosupplements.ch\/wp-content\/uploads\/2026\/05\/Digestive-Enzyme-60-caps.jpg","contentUrl":"https:\/\/ecosupplements.ch\/wp-content\/uploads\/2026\/05\/Digestive-Enzyme-60-caps.jpg","width":600,"height":600,"caption":"Digestive Enzyme - 60 caps"},{"@type":"BreadcrumbList","@id":"https:\/\/ecosupplements.ch\/?product=digestive-enzyme-60-caps#breadcrumb","itemListElement":[{"@type":"ListItem","position":1,"name":"Home","item":"https:\/\/ecosupplements.ch\/"},{"@type":"ListItem","position":2,"name":"Shop","item":"https:\/\/ecosupplements.ch\/?page_id=14"},{"@type":"ListItem","position":3,"name":"Digestive Enzyme &#8211; 60 caps"}]},{"@type":"WebSite","@id":"https:\/\/ecosupplements.ch\/#website","url":"https:\/\/ecosupplements.ch\/","name":"Eco Supplements","description":"","potentialAction":[{"@type":"SearchAction","target":{"@type":"EntryPoint","urlTemplate":"https:\/\/ecosupplements.ch\/?s={search_term_string}"},"query-input":{"@type":"PropertyValueSpecification","valueRequired":true,"valueName":"search_term_string"}}],"inLanguage":"de-CH"}]},"product_price_amount":"18.40","product_price_currency":"CHF","og_availability":"out of stock","product_availability":"out of stock","product_retailer_item_id":"5056555200094","product_condition":"new"},"_links":{"self":[{"href":"https:\/\/ecosupplements.ch\/index.php?rest_route=\/wp\/v2\/product\/1518","targetHints":{"allow":["GET"]}}],"collection":[{"href":"https:\/\/ecosupplements.ch\/index.php?rest_route=\/wp\/v2\/product"}],"about":[{"href":"https:\/\/ecosupplements.ch\/index.php?rest_route=\/wp\/v2\/types\/product"}],"replies":[{"embeddable":true,"href":"https:\/\/ecosupplements.ch\/index.php?rest_route=%2Fwp%2Fv2%2Fcomments&post=1518"}],"wp:featuredmedia":[{"embeddable":true,"href":"https:\/\/ecosupplements.ch\/index.php?rest_route=\/wp\/v2\/media\/1519"}],"wp:attachment":[{"href":"https:\/\/ecosupplements.ch\/index.php?rest_route=%2Fwp%2Fv2%2Fmedia&parent=1518"}],"wp:term":[{"taxonomy":"product_brand","embeddable":true,"href":"https:\/\/ecosupplements.ch\/index.php?rest_route=%2Fwp%2Fv2%2Fproduct_brand&post=1518"},{"taxonomy":"product_cat","embeddable":true,"href":"https:\/\/ecosupplements.ch\/index.php?rest_route=%2Fwp%2Fv2%2Fproduct_cat&post=1518"},{"taxonomy":"product_tag","embeddable":true,"href":"https:\/\/ecosupplements.ch\/index.php?rest_route=%2Fwp%2Fv2%2Fproduct_tag&post=1518"}],"curies":[{"name":"wp","href":"https:\/\/api.w.org\/{rel}","templated":true}]}}