{"id":1520,"date":"2026-05-11T14:29:57","date_gmt":"2026-05-11T14:29:57","guid":{"rendered":"https:\/\/ecosupplements.ch\/?product=hair-skin-nails-60-caps"},"modified":"2026-05-13T07:25:07","modified_gmt":"2026-05-13T07:25:07","slug":"hair-skin-nails-60-caps","status":"publish","type":"product","link":"https:\/\/ecosupplements.ch\/?product=hair-skin-nails-60-caps","title":{"rendered":"Hair, Skin &amp; Nails &#8211; 60 caps"},"content":{"rendered":"<div class=\"chcg-product-description\">\n<h2 class=\"chcg-heading\">\u00dcber Applied Nutrition \u2013 Hair, Skin &amp; Nails \u2013 60 Kapseln<\/h2>\n<div class=\"chcg-intro\">\n<p>Das Hair, Skin &amp; Nails von Applied Nutrition ist ein sorgf\u00e4ltig zusammengestelltes Nahrungserg\u00e4nzungsmittel, das speziell f\u00fcr die Unterst\u00fctzung von Haaren, Haut und N\u00e4geln entwickelt wurde. Die Formel vereint eine Kombination aus essenziellen Vitaminen, Mineralstoffen und hochwertigen Pflanzenextrakten \u2013 darunter 10&#8217;000 \u00b5g Biotin, hydrolysiertes marines Kollagen sowie Ashwagandha-Wurzelextrakt \u2013 in einer praktischen Tagesdosis von zwei Kapseln.<\/p>\n<p>Biotin tr\u00e4gt zur Erhaltung normaler Haare und normaler Haut bei. Vitamin C tr\u00e4gt zur normalen Kollagenbildung f\u00fcr eine normale Funktion der Haut bei, w\u00e4hrend Zink zur Erhaltung normaler Haare, N\u00e4gel und Haut beitr\u00e4gt. Vitamin E tr\u00e4gt dazu bei, die Zellen vor oxidativem Stress zu sch\u00fctzen. Erg\u00e4nzt wird die Formel durch Kupfer, das zur Erhaltung normaler Haarpigmentierung beitr\u00e4gt.<\/p>\n<p>Mit zus\u00e4tzlichen Inhaltsstoffen wie Hyalurons\u00e4ure, Traubenkernextrakt und Alpha-Lipons\u00e4ure bietet dieses Produkt eine umfassende Unterst\u00fctzung f\u00fcr Ihre t\u00e4gliche Sch\u00f6nheitspflege von innen. Die Kapselh\u00fclle besteht aus Hydroxypropylmethylcellulose (HPMC), was das Produkt f\u00fcr Vegetarier geeignet macht \u2013 jedoch sind Soja und Fisch (Marines Kollagen) enthalten.<\/p>\n<\/p><\/div>\n<div class=\"chcg-nutrition\">\n<h3>N\u00e4hrwertangaben<\/h3>\n<table class=\"chcg-nutrition-table\">\n<thead>\n<tr>\n<th>N\u00e4hrstoff<\/th>\n<th>Pro Portion (2 Kapseln)<\/th>\n<\/tr>\n<\/thead>\n<tbody>\n<tr>\n<td>Vitamin E<\/td>\n<td>15 mg (125% NRV)<\/td>\n<\/tr>\n<tr>\n<td>Vitamin C<\/td>\n<td>80 mg (100% NRV)<\/td>\n<\/tr>\n<tr>\n<td>Vitamin D3<\/td>\n<td>75 \u00b5g (1500% NRV)<\/td>\n<\/tr>\n<tr>\n<td>Thiamin (Vitamin B1)<\/td>\n<td>1,20 mg (109% NRV)<\/td>\n<\/tr>\n<tr>\n<td>Riboflavin (Vitamin B2)<\/td>\n<td>1,40 mg (100% NRV)<\/td>\n<\/tr>\n<tr>\n<td>Niacin<\/td>\n<td>16 mg (100% NRV)<\/td>\n<\/tr>\n<tr>\n<td>Vitamin B6<\/td>\n<td>2,10 mg (150% NRV)<\/td>\n<\/tr>\n<tr>\n<td>Fols\u00e4ure<\/td>\n<td>200 \u00b5g (100% NRV)<\/td>\n<\/tr>\n<tr>\n<td>Vitamin B12<\/td>\n<td>4,50 \u00b5g (180% NRV)<\/td>\n<\/tr>\n<tr>\n<td>Biotin<\/td>\n<td>10&#8217;000 \u00b5g (20&#8217;000% NRV)<\/td>\n<\/tr>\n<tr>\n<td>Pantothens\u00e4ure<\/td>\n<td>7,50 mg (125% NRV)<\/td>\n<\/tr>\n<tr>\n<td>Kupfer (Kupfer-Bisglycinate)<\/td>\n<td>1 mg*<\/td>\n<\/tr>\n<tr>\n<td>Calciumcarbonat<\/td>\n<td>200 mg*<\/td>\n<\/tr>\n<tr>\n<td>Magnesiumoxid<\/td>\n<td>200 mg (53% NRV)<\/td>\n<\/tr>\n<tr>\n<td>Zink<\/td>\n<td>12 mg (120% NRV)<\/td>\n<\/tr>\n<tr>\n<td>Ashwagandha-Wurzelextrakt (7% Withanolide)<\/td>\n<td>200 mg*<\/td>\n<\/tr>\n<tr>\n<td>Alpha-Lipons\u00e4ure<\/td>\n<td>10 mg*<\/td>\n<\/tr>\n<tr>\n<td>L-Cysteine HCl<\/td>\n<td>200 mg*<\/td>\n<\/tr>\n<tr>\n<td>Traubenkernextrakt<\/td>\n<td>30 mg*<\/td>\n<\/tr>\n<tr>\n<td>Hydrolysiertes Kollagen (Marin)<\/td>\n<td>200 mg*<\/td>\n<\/tr>\n<tr>\n<td>Hyalurons\u00e4ure<\/td>\n<td>30 mg*<\/td>\n<\/tr>\n<\/tbody>\n<\/table>\n<p class=\"chcg-footnote\">NRV = N\u00e4hrstoffbezugswert (Nutrient Reference Value)<\/p>\n<p class=\"chcg-footnote\">* Kein festgelegter N\u00e4hrstoffbezugswert vorhanden.<\/p>\n<\/p><\/div>\n<div class=\"chcg-ingredients\">\n<h3>Zutaten<\/h3>\n<p>Calciumcarbonat, Magnesiumoxid, Ashwagandha-Wurzelextrakt (ganze Pflanze) (8:1 Extrakt) (7% Withanolide), L-Cysteine HCl, Hydrolysiertes marines Kollagen (<strong>Fisch<\/strong>), Vitamin C, Zink (Zink-Bisglycinate), Traubenkernextrakt, Hyalurons\u00e4ure, Niacin (Nicotinamid), Vitamin E (Dl-Alpha-Tocopherolacetat) (<strong>Soja<\/strong>), Alpha-Lipons\u00e4ure, Pantothens\u00e4ure (D-Pantothenat, Calcium), Kupfer (Kupfer-Bisglycinate), Vitamin B6 (Pyridoxinhydrochlorid), Vitamin B2 (Riboflavin), Vitamin B1 (Thiaminmononitrat), Biotin (D-Biotin), Fols\u00e4ure (Pteroylmonoglutamins\u00e4ure), Vitamin D3 (Cholecalciferol), Vitamin B12 (Cyanocobalamin), F\u00fcllstoff (Mikrokristalline Cellulose), Trennmittel (Siliciumdioxid, Magnesiumstearat).<\/p>\n<p class=\"chcg-capsule-shell\">Kapselh\u00fclle: Hydroxypropylmethylcellulose (HPMC).<\/p>\n<\/p><\/div>\n<div class=\"chcg-dosage\">\n<h3>Verzehrempfehlung<\/h3>\n<p>Eine Portion (2 Kapseln) t\u00e4glich zu einer Mahlzeit einnehmen.<\/p>\n<\/p><\/div>\n<div class=\"chcg-warnings\">\n<h3>Warnhinweise<\/h3>\n<p>Konsultieren Sie vor der Einnahme dieses Produkts eine qualifizierte Fachperson, wenn Sie unter 18 Jahre alt sind, schwanger sind oder ein Kind stillen, oder wenn bei Ihnen bekannte oder vermutete Erkrankungen vorliegen und\/oder Sie verschreibungspflichtige oder nicht verschreibungspflichtige Medikamente einnehmen. Nicht als Ersatz f\u00fcr eine abwechslungsreiche Ern\u00e4hrung und einen gesunden Lebensstil geeignet. Die empfohlene Tagesdosis nicht \u00fcberschreiten.<\/p>\n<\/p><\/div>\n<div class=\"chcg-allergens\">\n<h3>Allergeninformationen<\/h3>\n<p>F\u00fcr Allergene siehe fett gedruckte Zutaten in der Zutatenliste. Enth\u00e4lt: <strong>Soja<\/strong> (in Vitamin E), <strong>Fisch<\/strong> (in hydrolysiertem marinen Kollagen).<\/p>\n<\/p><\/div>\n<div class=\"chcg-storage\">\n<h3>Lagerung<\/h3>\n<p>Das Produkt k\u00fchl und trocken lagern. Ausserhalb der Reichweite von Kindern aufbewahren.<\/p>\n<\/p><\/div>\n<div class=\"chcg-dietary\">\n<h3>Ern\u00e4hrungshinweise<\/h3>\n<ul>\n<li>Glutenfrei<\/li>\n<li>Laktosefrei<\/li>\n<\/ul><\/div>\n<\/div>\n","protected":false},"excerpt":{"rendered":"<p>Hair, Skin &amp; Nails von Applied Nutrition liefert pro Tagesdosis 10&#8217;000 \u00b5g Biotin, marines Kollagen und wichtige Vitamine f\u00fcr Haare, Haut und N\u00e4gel. Erh\u00e4ltlich als 60 Kapseln (30 Portionen). Glutenfrei und laktosefrei.<\/p>\n","protected":false},"featured_media":1521,"comment_status":"closed","ping_status":"open","template":"","meta":[],"product_brand":[173],"product_cat":[48,25,41,134,21],"product_tag":[],"class_list":{"0":"post-1520","1":"product","2":"type-product","3":"status-publish","4":"has-post-thumbnail","6":"product_brand-applied-nutrition","7":"product_cat-gesunde-ernaehrung","8":"product_cat-gesundheit-und-wohlbefinden","9":"product_cat-haare-und-naegel","10":"product_cat-schoenheit","11":"product_cat-vitamine-und-mineralstoffe","13":"first","14":"outofstock","15":"taxable","16":"shipping-taxable","17":"purchasable","18":"product-type-simple"},"yoast_head":"<!-- This site is optimized with the Yoast SEO plugin v27.5 - https:\/\/yoast.com\/product\/yoast-seo-wordpress\/ -->\n<title>Hair, Skin &amp; Nails 60 Kapseln \u2013 Applied Nutrition | ecosupplements.ch<\/title>\n<meta name=\"description\" content=\"Applied Nutrition Hair, Skin &amp; Nails mit Biotin, marinem Kollagen &amp; Zink \u2013 60 Kapseln f\u00fcr Haare, Haut und N\u00e4gel. Jetzt bestellen.\" \/>\n<meta name=\"robots\" content=\"index, follow, max-snippet:-1, max-image-preview:large, max-video-preview:-1\" \/>\n<link rel=\"canonical\" href=\"https:\/\/ecosupplements.ch\/?product=hair-skin-nails-60-caps\" \/>\n<meta property=\"og:locale\" content=\"de_DE\" \/>\n<meta property=\"og:type\" content=\"article\" \/>\n<meta property=\"og:title\" content=\"Hair, Skin &amp; Nails 60 Kapseln \u2013 Applied Nutrition | ecosupplements.ch\" \/>\n<meta property=\"og:description\" content=\"Applied Nutrition Hair, Skin &amp; Nails mit Biotin, marinem Kollagen &amp; Zink \u2013 60 Kapseln f\u00fcr Haare, Haut und N\u00e4gel. Jetzt bestellen.\" \/>\n<meta property=\"og:url\" content=\"https:\/\/ecosupplements.ch\/?product=hair-skin-nails-60-caps\" \/>\n<meta property=\"og:site_name\" content=\"Eco Supplements\" \/>\n<meta property=\"article:modified_time\" content=\"2026-05-13T07:25:07+00:00\" \/>\n<meta property=\"og:image\" content=\"https:\/\/ecosupplements.ch\/wp-content\/uploads\/2026\/05\/Hair-Skin-Nails-60-caps.jpg\" \/>\n\t<meta property=\"og:image:width\" content=\"283\" \/>\n\t<meta property=\"og:image:height\" content=\"600\" \/>\n\t<meta property=\"og:image:type\" content=\"image\/jpeg\" \/>\n<meta name=\"twitter:card\" content=\"summary_large_image\" \/>\n<meta name=\"twitter:label1\" content=\"Price\" \/>\n\t<meta name=\"twitter:data1\" content=\"&#067;&#072;&#070;&nbsp;31.04\" \/>\n\t<meta name=\"twitter:label2\" content=\"Availability\" \/>\n\t<meta name=\"twitter:data2\" content=\"Out of stock\" \/>\n<script type=\"application\/ld+json\" class=\"yoast-schema-graph\">{\"@context\":\"https:\\\/\\\/schema.org\",\"@graph\":[{\"@type\":\"WebPage\",\"@id\":\"https:\\\/\\\/ecosupplements.ch\\\/?product=hair-skin-nails-60-caps\",\"url\":\"https:\\\/\\\/ecosupplements.ch\\\/?product=hair-skin-nails-60-caps\",\"name\":\"Hair, Skin & Nails 60 Kapseln \u2013 Applied Nutrition | ecosupplements.ch\",\"isPartOf\":{\"@id\":\"https:\\\/\\\/ecosupplements.ch\\\/#website\"},\"primaryImageOfPage\":{\"@id\":\"https:\\\/\\\/ecosupplements.ch\\\/?product=hair-skin-nails-60-caps#primaryimage\"},\"image\":{\"@id\":\"https:\\\/\\\/ecosupplements.ch\\\/?product=hair-skin-nails-60-caps#primaryimage\"},\"thumbnailUrl\":\"https:\\\/\\\/ecosupplements.ch\\\/wp-content\\\/uploads\\\/2026\\\/05\\\/Hair-Skin-Nails-60-caps.jpg\",\"datePublished\":\"2026-05-11T14:29:57+00:00\",\"dateModified\":\"2026-05-13T07:25:07+00:00\",\"description\":\"Applied Nutrition Hair, Skin & Nails mit Biotin, marinem Kollagen & Zink \u2013 60 Kapseln f\u00fcr Haare, Haut und N\u00e4gel. Jetzt bestellen.\",\"breadcrumb\":{\"@id\":\"https:\\\/\\\/ecosupplements.ch\\\/?product=hair-skin-nails-60-caps#breadcrumb\"},\"inLanguage\":\"de-CH\",\"potentialAction\":[{\"@type\":\"ReadAction\",\"target\":[\"https:\\\/\\\/ecosupplements.ch\\\/?product=hair-skin-nails-60-caps\"]}]},{\"@type\":\"ImageObject\",\"inLanguage\":\"de-CH\",\"@id\":\"https:\\\/\\\/ecosupplements.ch\\\/?product=hair-skin-nails-60-caps#primaryimage\",\"url\":\"https:\\\/\\\/ecosupplements.ch\\\/wp-content\\\/uploads\\\/2026\\\/05\\\/Hair-Skin-Nails-60-caps.jpg\",\"contentUrl\":\"https:\\\/\\\/ecosupplements.ch\\\/wp-content\\\/uploads\\\/2026\\\/05\\\/Hair-Skin-Nails-60-caps.jpg\",\"width\":283,\"height\":600,\"caption\":\"Hair\"},{\"@type\":\"BreadcrumbList\",\"@id\":\"https:\\\/\\\/ecosupplements.ch\\\/?product=hair-skin-nails-60-caps#breadcrumb\",\"itemListElement\":[{\"@type\":\"ListItem\",\"position\":1,\"name\":\"Home\",\"item\":\"https:\\\/\\\/ecosupplements.ch\\\/\"},{\"@type\":\"ListItem\",\"position\":2,\"name\":\"Shop\",\"item\":\"https:\\\/\\\/ecosupplements.ch\\\/?page_id=14\"},{\"@type\":\"ListItem\",\"position\":3,\"name\":\"Hair, Skin &amp; Nails &#8211; 60 caps\"}]},{\"@type\":\"WebSite\",\"@id\":\"https:\\\/\\\/ecosupplements.ch\\\/#website\",\"url\":\"https:\\\/\\\/ecosupplements.ch\\\/\",\"name\":\"Eco Supplements\",\"description\":\"\",\"potentialAction\":[{\"@type\":\"SearchAction\",\"target\":{\"@type\":\"EntryPoint\",\"urlTemplate\":\"https:\\\/\\\/ecosupplements.ch\\\/?s={search_term_string}\"},\"query-input\":{\"@type\":\"PropertyValueSpecification\",\"valueRequired\":true,\"valueName\":\"search_term_string\"}}],\"inLanguage\":\"de-CH\"}]}<\/script>\n<meta property=\"product:price:amount\" content=\"31.04\" \/>\n<meta property=\"product:price:currency\" content=\"CHF\" \/>\n<meta property=\"og:availability\" content=\"out of stock\" \/>\n<meta property=\"product:availability\" content=\"out of stock\" \/>\n<meta property=\"product:retailer_item_id\" content=\"5056555200551\" \/>\n<meta property=\"product:condition\" content=\"new\" \/>\n<!-- \/ Yoast SEO plugin. -->","yoast_head_json":{"title":"Hair, Skin & Nails 60 Kapseln \u2013 Applied Nutrition | ecosupplements.ch","description":"Applied Nutrition Hair, Skin & Nails mit Biotin, marinem Kollagen & Zink \u2013 60 Kapseln f\u00fcr Haare, Haut und N\u00e4gel. Jetzt bestellen.","robots":{"index":"index","follow":"follow","max-snippet":"max-snippet:-1","max-image-preview":"max-image-preview:large","max-video-preview":"max-video-preview:-1"},"canonical":"https:\/\/ecosupplements.ch\/?product=hair-skin-nails-60-caps","og_locale":"de_DE","og_type":"article","og_title":"Hair, Skin & Nails 60 Kapseln \u2013 Applied Nutrition | ecosupplements.ch","og_description":"Applied Nutrition Hair, Skin & Nails mit Biotin, marinem Kollagen & Zink \u2013 60 Kapseln f\u00fcr Haare, Haut und N\u00e4gel. Jetzt bestellen.","og_url":"https:\/\/ecosupplements.ch\/?product=hair-skin-nails-60-caps","og_site_name":"Eco Supplements","article_modified_time":"2026-05-13T07:25:07+00:00","og_image":[{"width":283,"height":600,"url":"https:\/\/ecosupplements.ch\/wp-content\/uploads\/2026\/05\/Hair-Skin-Nails-60-caps.jpg","type":"image\/jpeg"}],"twitter_card":"summary_large_image","twitter_misc":{"Price":"&#67;&#72;&#70;&nbsp;31.04","Availability":"Out of stock"},"schema":{"@context":"https:\/\/schema.org","@graph":[{"@type":"WebPage","@id":"https:\/\/ecosupplements.ch\/?product=hair-skin-nails-60-caps","url":"https:\/\/ecosupplements.ch\/?product=hair-skin-nails-60-caps","name":"Hair, Skin & Nails 60 Kapseln \u2013 Applied Nutrition | ecosupplements.ch","isPartOf":{"@id":"https:\/\/ecosupplements.ch\/#website"},"primaryImageOfPage":{"@id":"https:\/\/ecosupplements.ch\/?product=hair-skin-nails-60-caps#primaryimage"},"image":{"@id":"https:\/\/ecosupplements.ch\/?product=hair-skin-nails-60-caps#primaryimage"},"thumbnailUrl":"https:\/\/ecosupplements.ch\/wp-content\/uploads\/2026\/05\/Hair-Skin-Nails-60-caps.jpg","datePublished":"2026-05-11T14:29:57+00:00","dateModified":"2026-05-13T07:25:07+00:00","description":"Applied Nutrition Hair, Skin & Nails mit Biotin, marinem Kollagen & Zink \u2013 60 Kapseln f\u00fcr Haare, Haut und N\u00e4gel. Jetzt bestellen.","breadcrumb":{"@id":"https:\/\/ecosupplements.ch\/?product=hair-skin-nails-60-caps#breadcrumb"},"inLanguage":"de-CH","potentialAction":[{"@type":"ReadAction","target":["https:\/\/ecosupplements.ch\/?product=hair-skin-nails-60-caps"]}]},{"@type":"ImageObject","inLanguage":"de-CH","@id":"https:\/\/ecosupplements.ch\/?product=hair-skin-nails-60-caps#primaryimage","url":"https:\/\/ecosupplements.ch\/wp-content\/uploads\/2026\/05\/Hair-Skin-Nails-60-caps.jpg","contentUrl":"https:\/\/ecosupplements.ch\/wp-content\/uploads\/2026\/05\/Hair-Skin-Nails-60-caps.jpg","width":283,"height":600,"caption":"Hair"},{"@type":"BreadcrumbList","@id":"https:\/\/ecosupplements.ch\/?product=hair-skin-nails-60-caps#breadcrumb","itemListElement":[{"@type":"ListItem","position":1,"name":"Home","item":"https:\/\/ecosupplements.ch\/"},{"@type":"ListItem","position":2,"name":"Shop","item":"https:\/\/ecosupplements.ch\/?page_id=14"},{"@type":"ListItem","position":3,"name":"Hair, Skin &amp; Nails &#8211; 60 caps"}]},{"@type":"WebSite","@id":"https:\/\/ecosupplements.ch\/#website","url":"https:\/\/ecosupplements.ch\/","name":"Eco Supplements","description":"","potentialAction":[{"@type":"SearchAction","target":{"@type":"EntryPoint","urlTemplate":"https:\/\/ecosupplements.ch\/?s={search_term_string}"},"query-input":{"@type":"PropertyValueSpecification","valueRequired":true,"valueName":"search_term_string"}}],"inLanguage":"de-CH"}]},"product_price_amount":"31.04","product_price_currency":"CHF","og_availability":"out of stock","product_availability":"out of stock","product_retailer_item_id":"5056555200551","product_condition":"new"},"_links":{"self":[{"href":"https:\/\/ecosupplements.ch\/index.php?rest_route=\/wp\/v2\/product\/1520","targetHints":{"allow":["GET"]}}],"collection":[{"href":"https:\/\/ecosupplements.ch\/index.php?rest_route=\/wp\/v2\/product"}],"about":[{"href":"https:\/\/ecosupplements.ch\/index.php?rest_route=\/wp\/v2\/types\/product"}],"replies":[{"embeddable":true,"href":"https:\/\/ecosupplements.ch\/index.php?rest_route=%2Fwp%2Fv2%2Fcomments&post=1520"}],"wp:featuredmedia":[{"embeddable":true,"href":"https:\/\/ecosupplements.ch\/index.php?rest_route=\/wp\/v2\/media\/1521"}],"wp:attachment":[{"href":"https:\/\/ecosupplements.ch\/index.php?rest_route=%2Fwp%2Fv2%2Fmedia&parent=1520"}],"wp:term":[{"taxonomy":"product_brand","embeddable":true,"href":"https:\/\/ecosupplements.ch\/index.php?rest_route=%2Fwp%2Fv2%2Fproduct_brand&post=1520"},{"taxonomy":"product_cat","embeddable":true,"href":"https:\/\/ecosupplements.ch\/index.php?rest_route=%2Fwp%2Fv2%2Fproduct_cat&post=1520"},{"taxonomy":"product_tag","embeddable":true,"href":"https:\/\/ecosupplements.ch\/index.php?rest_route=%2Fwp%2Fv2%2Fproduct_tag&post=1520"}],"curies":[{"name":"wp","href":"https:\/\/api.w.org\/{rel}","templated":true}]}}