{"id":1532,"date":"2026-05-11T14:30:02","date_gmt":"2026-05-11T14:30:02","guid":{"rendered":"https:\/\/ecosupplements.ch\/?product=sex-bomb-for-him-120-caps"},"modified":"2026-05-13T07:25:36","modified_gmt":"2026-05-13T07:25:36","slug":"sex-bomb-for-him-120-caps","status":"publish","type":"product","link":"https:\/\/ecosupplements.ch\/?product=sex-bomb-for-him-120-caps","title":{"rendered":"Sex Bomb For Him &#8211; 120 caps"},"content":{"rendered":"<div class=\"chcg-product-description\">\n<h2 class=\"chcg-heading\">\u00dcber Applied Nutrition \u2013 Sex Bomb For Him \u2013 120 Kapseln<\/h2>\n<div class=\"chcg-intro\">\n<p>Sex Bomb For Him von Applied Nutrition ist eine speziell f\u00fcr M\u00e4nner entwickelte Nahrungserg\u00e4nzungsformel, die eine sorgf\u00e4ltig zusammengestellte Kombination aus pflanzlichen Extrakten, Adaptogenen und essentiellen N\u00e4hrstoffen enth\u00e4lt. Die Formel vereint bew\u00e4hrte Inhaltsstoffe wie KSM-66\u00ae Ashwagandha, Maca, Tribulus Terrestris und Ginseng in einem praktischen Kapselformat \u2013 insgesamt 120 Kapseln f\u00fcr 60 Portionen.<\/p>\n<p>Die enthaltenen Inhaltsstoffe unterst\u00fctzen in Kombination das allgemeine Wohlbefinden und die Vitalit\u00e4t des Mannes. Ashwagandha (KSM-66\u00ae) ist ein gut erforschtes Adaptogen, das zur Aufrechterhaltung des normalen Stressempfindens beitragen kann. Vitamin B3 (Nicotinamid) tr\u00e4gt nachweislich zur normalen psychologischen Funktion sowie zur Verringerung von M\u00fcdigkeit und Ersch\u00f6pfung bei.<\/p>\n<p>Mit seiner Kombination aus L-Arginine, Bockshornklee, Brennnesselextrakt, Kakaoextrakt, Sellerie, Cordyceps Sinesis, Quercetin und Damiana bietet Sex Bomb For Him eine breite pflanzliche Basis f\u00fcr M\u00e4nner, die ihre t\u00e4gliche Ern\u00e4hrung gezielt erg\u00e4nzen m\u00f6chten. Das Produkt ist vegetarisch geeignet und verwendet eine pflanzliche Kapselh\u00fclle.<\/p>\n<\/p><\/div>\n<div class=\"chcg-nutrition\">\n<h3>N\u00e4hrwertangaben<\/h3>\n<table class=\"chcg-nutrition-table\">\n<thead>\n<tr>\n<th>N\u00e4hrstoff<\/th>\n<th>Pro Portion (2 Kapseln)<\/th>\n<\/tr>\n<\/thead>\n<tbody>\n<tr>\n<td>L-Arginine<\/td>\n<td>210 mg<\/td>\n<\/tr>\n<tr>\n<td>Maca Pulver (Maca Extrakt 10:1)<\/td>\n<td>200 mg<\/td>\n<\/tr>\n<tr>\n<td>KSM-66 Ashwagandha Extrakt (Withania Somnifera L.)<\/td>\n<td>200 mg<\/td>\n<\/tr>\n<tr>\n<td>Bockshornklee (60% Saponin) (4-Hydroxy Isoleucin)<\/td>\n<td>105 mg<\/td>\n<\/tr>\n<tr>\n<td>Tribulus Terrestris Pulver (95% Saponine)<\/td>\n<td>100 mg<\/td>\n<\/tr>\n<tr>\n<td>Brennnesselextrakt (Urtica Dioica)<\/td>\n<td>85 mg<\/td>\n<\/tr>\n<tr>\n<td>Ginseng Extrakt (10:1)<\/td>\n<td>75 mg<\/td>\n<\/tr>\n<tr>\n<td>Kakaoextrakt<\/td>\n<td>50 mg<\/td>\n<\/tr>\n<tr>\n<td>Sellerie Extrakt (Pulver)<\/td>\n<td>25 mg<\/td>\n<\/tr>\n<tr>\n<td>Cordyceps Sinesis<\/td>\n<td>25 mg<\/td>\n<\/tr>\n<tr>\n<td>Quercetin<\/td>\n<td>25 mg<\/td>\n<\/tr>\n<tr>\n<td>Damiana (Blatt) Extrakt<\/td>\n<td>25 mg<\/td>\n<\/tr>\n<tr>\n<td>Vitamin B3 (Nicotinamid)<\/td>\n<td>16 mg (100% NRW)<\/td>\n<\/tr>\n<\/tbody>\n<\/table>\n<p class=\"chcg-footnote\">NRW = N\u00e4hrwert-Referenzwert gem\u00e4ss DACH-Referenzwerten. F\u00fcr alle anderen aufgef\u00fchrten Inhaltsstoffe ist kein N\u00e4hrwert-Referenzwert festgelegt.*<\/p>\n<p class=\"chcg-footnote\">* Kein festgelegter N\u00e4hrwert-Referenzwert.<\/p>\n<\/p><\/div>\n<div class=\"chcg-ingredients\">\n<h3>Zutaten<\/h3>\n<p>L-Arginine, Maca Pulver (Maca Extrakt 10:1), KSM-66 Ashwagandha Extrakt (Ashwagandha Withania Somnifera L.), Bockshornklee (60% Saponin) (4-Hydroxy Isoleucin), Tribulus Terrestris Pulver (95% Saponine), Brennnesselextrakt (Urtica Dioica), Ginseng Extrakt (10:1), Kakaoextrakt, Sellerie Extrakt (Pulver), Cordyceps Sinesis, Quercetin, Damiana (Blatt) Extrakt, Vitamin B3 (Nicotinamid), Pflanzliche Kapselh\u00fclle (Hydroxypropylmethylcellulose), Trennmittel (pflanzliches Magnesiumstearat, Siliziumdioxid)<\/p>\n<p class=\"chcg-capsule-shell\">Kapselh\u00fclle: Pflanzliche Kapselh\u00fclle (Hydroxypropylmethylcellulose)<\/p>\n<\/p><\/div>\n<div class=\"chcg-dosage\">\n<h3>Verzehrempfehlung<\/h3>\n<p>T\u00e4glich 2 Kapseln vor dem Schlafengehen einnehmen.<\/p>\n<\/p><\/div>\n<div class=\"chcg-warnings\">\n<h3>Warnhinweise<\/h3>\n<p>Konsultieren Sie vor der Einnahme dieses Produkts eine qualifizierte Fachkraft im Gesundheitsbereich, wenn Sie unter 18 Jahre alt sind, schwanger sind oder ein Kind stillen, wenn bekannte oder vermutete Erkrankungen vorliegen und\/oder wenn Sie verschreibungspflichtige oder rezeptfreie Medikamente einnehmen. Nicht als Ersatz f\u00fcr eine abwechslungsreiche Ern\u00e4hrung und einen gesunden Lebensstil verwenden. Die empfohlene Tagesdosis nicht \u00fcberschreiten. Ausserhalb der Reichweite von Kindern aufbewahren.<\/p>\n<\/p><\/div>\n<div class=\"chcg-allergens\">\n<h3>Allergeninformationen<\/h3>\n<p>Auf der Verpackung sind keine Allergene explizit deklariert. Verwenden Sie dieses Produkt nicht, wenn Sie gegen einen seiner Inhaltsstoffe allergisch sind.<\/p>\n<\/p><\/div>\n<div class=\"chcg-storage\">\n<h3>Lagerung<\/h3>\n<p>An einem k\u00fchlen, trockenen Ort lagern. Ausserhalb der Reichweite von Kindern aufbewahren.<\/p>\n<\/p><\/div>\n<div class=\"chcg-dietary\">\n<h3>Ern\u00e4hrungshinweise<\/h3>\n<ul>\n<li>Vegetarisch geeignet<\/li>\n<\/ul><\/div>\n<\/div>\n","protected":false},"excerpt":{"rendered":"<p>Sex Bomb For Him von Applied Nutrition vereint pflanzliche Extrakte wie KSM-66\u00ae Ashwagandha, Maca und Ginseng zur Unterst\u00fctzung m\u00e4nnlicher Vitalit\u00e4t. Erh\u00e4ltlich als 120 vegetarische Kapseln (60 Portionen).<\/p>\n","protected":false},"featured_media":1533,"comment_status":"closed","ping_status":"open","template":"","meta":[],"product_brand":[173],"product_cat":[48,25,22],"product_tag":[],"class_list":{"0":"post-1532","1":"product","2":"type-product","3":"status-publish","4":"has-post-thumbnail","6":"product_brand-applied-nutrition","7":"product_cat-gesunde-ernaehrung","8":"product_cat-gesundheit-und-wohlbefinden","9":"product_cat-vegane-produkte","11":"first","12":"outofstock","13":"taxable","14":"shipping-taxable","15":"purchasable","16":"product-type-simple"},"yoast_head":"<!-- This site is optimized with the Yoast SEO plugin v27.5 - https:\/\/yoast.com\/product\/yoast-seo-wordpress\/ -->\n<title>Sex Bomb For Him 120 Kapseln \u2013 Applied Nutrition | ecosupplements.ch<\/title>\n<meta name=\"description\" content=\"Sex Bomb For Him von Applied Nutrition mit KSM-66\u00ae Ashwagandha, Maca &amp; Ginseng \u2013 120 vegetarische Kapseln f\u00fcr 60 Portionen. Jetzt bestellen.\" \/>\n<meta name=\"robots\" content=\"index, follow, max-snippet:-1, max-image-preview:large, max-video-preview:-1\" \/>\n<link rel=\"canonical\" href=\"https:\/\/ecosupplements.ch\/?product=sex-bomb-for-him-120-caps\" \/>\n<meta property=\"og:locale\" content=\"de_DE\" \/>\n<meta property=\"og:type\" content=\"article\" \/>\n<meta property=\"og:title\" content=\"Sex Bomb For Him 120 Kapseln \u2013 Applied Nutrition | ecosupplements.ch\" \/>\n<meta property=\"og:description\" content=\"Sex Bomb For Him von Applied Nutrition mit KSM-66\u00ae Ashwagandha, Maca &amp; Ginseng \u2013 120 vegetarische Kapseln f\u00fcr 60 Portionen. Jetzt bestellen.\" \/>\n<meta property=\"og:url\" content=\"https:\/\/ecosupplements.ch\/?product=sex-bomb-for-him-120-caps\" \/>\n<meta property=\"og:site_name\" content=\"Eco Supplements\" \/>\n<meta property=\"article:modified_time\" content=\"2026-05-13T07:25:36+00:00\" \/>\n<meta property=\"og:image\" content=\"https:\/\/ecosupplements.ch\/wp-content\/uploads\/2026\/05\/Sex-Bomb-For-Him-120-caps.jpg\" \/>\n\t<meta property=\"og:image:width\" content=\"500\" \/>\n\t<meta property=\"og:image:height\" content=\"500\" \/>\n\t<meta property=\"og:image:type\" content=\"image\/jpeg\" \/>\n<meta name=\"twitter:card\" content=\"summary_large_image\" \/>\n<meta name=\"twitter:label1\" content=\"Price\" \/>\n\t<meta name=\"twitter:data1\" content=\"&#067;&#072;&#070;&nbsp;18.40\" \/>\n\t<meta name=\"twitter:label2\" content=\"Availability\" \/>\n\t<meta name=\"twitter:data2\" content=\"Out of stock\" \/>\n<script type=\"application\/ld+json\" class=\"yoast-schema-graph\">{\"@context\":\"https:\\\/\\\/schema.org\",\"@graph\":[{\"@type\":\"WebPage\",\"@id\":\"https:\\\/\\\/ecosupplements.ch\\\/?product=sex-bomb-for-him-120-caps\",\"url\":\"https:\\\/\\\/ecosupplements.ch\\\/?product=sex-bomb-for-him-120-caps\",\"name\":\"Sex Bomb For Him 120 Kapseln \u2013 Applied Nutrition | ecosupplements.ch\",\"isPartOf\":{\"@id\":\"https:\\\/\\\/ecosupplements.ch\\\/#website\"},\"primaryImageOfPage\":{\"@id\":\"https:\\\/\\\/ecosupplements.ch\\\/?product=sex-bomb-for-him-120-caps#primaryimage\"},\"image\":{\"@id\":\"https:\\\/\\\/ecosupplements.ch\\\/?product=sex-bomb-for-him-120-caps#primaryimage\"},\"thumbnailUrl\":\"https:\\\/\\\/ecosupplements.ch\\\/wp-content\\\/uploads\\\/2026\\\/05\\\/Sex-Bomb-For-Him-120-caps.jpg\",\"datePublished\":\"2026-05-11T14:30:02+00:00\",\"dateModified\":\"2026-05-13T07:25:36+00:00\",\"description\":\"Sex Bomb For Him von Applied Nutrition mit KSM-66\u00ae Ashwagandha, Maca & Ginseng \u2013 120 vegetarische Kapseln f\u00fcr 60 Portionen. Jetzt bestellen.\",\"breadcrumb\":{\"@id\":\"https:\\\/\\\/ecosupplements.ch\\\/?product=sex-bomb-for-him-120-caps#breadcrumb\"},\"inLanguage\":\"de-CH\",\"potentialAction\":[{\"@type\":\"ReadAction\",\"target\":[\"https:\\\/\\\/ecosupplements.ch\\\/?product=sex-bomb-for-him-120-caps\"]}]},{\"@type\":\"ImageObject\",\"inLanguage\":\"de-CH\",\"@id\":\"https:\\\/\\\/ecosupplements.ch\\\/?product=sex-bomb-for-him-120-caps#primaryimage\",\"url\":\"https:\\\/\\\/ecosupplements.ch\\\/wp-content\\\/uploads\\\/2026\\\/05\\\/Sex-Bomb-For-Him-120-caps.jpg\",\"contentUrl\":\"https:\\\/\\\/ecosupplements.ch\\\/wp-content\\\/uploads\\\/2026\\\/05\\\/Sex-Bomb-For-Him-120-caps.jpg\",\"width\":500,\"height\":500,\"caption\":\"Sex Bomb For Him - 120 caps\"},{\"@type\":\"BreadcrumbList\",\"@id\":\"https:\\\/\\\/ecosupplements.ch\\\/?product=sex-bomb-for-him-120-caps#breadcrumb\",\"itemListElement\":[{\"@type\":\"ListItem\",\"position\":1,\"name\":\"Home\",\"item\":\"https:\\\/\\\/ecosupplements.ch\\\/\"},{\"@type\":\"ListItem\",\"position\":2,\"name\":\"Shop\",\"item\":\"https:\\\/\\\/ecosupplements.ch\\\/?page_id=14\"},{\"@type\":\"ListItem\",\"position\":3,\"name\":\"Sex Bomb For Him &#8211; 120 caps\"}]},{\"@type\":\"WebSite\",\"@id\":\"https:\\\/\\\/ecosupplements.ch\\\/#website\",\"url\":\"https:\\\/\\\/ecosupplements.ch\\\/\",\"name\":\"Eco Supplements\",\"description\":\"\",\"potentialAction\":[{\"@type\":\"SearchAction\",\"target\":{\"@type\":\"EntryPoint\",\"urlTemplate\":\"https:\\\/\\\/ecosupplements.ch\\\/?s={search_term_string}\"},\"query-input\":{\"@type\":\"PropertyValueSpecification\",\"valueRequired\":true,\"valueName\":\"search_term_string\"}}],\"inLanguage\":\"de-CH\"}]}<\/script>\n<meta property=\"product:price:amount\" content=\"18.40\" \/>\n<meta property=\"product:price:currency\" content=\"CHF\" \/>\n<meta property=\"og:availability\" content=\"out of stock\" \/>\n<meta property=\"product:availability\" content=\"out of stock\" \/>\n<meta property=\"product:retailer_item_id\" content=\"5056555205310\" \/>\n<meta property=\"product:condition\" content=\"new\" \/>\n<!-- \/ Yoast SEO plugin. -->","yoast_head_json":{"title":"Sex Bomb For Him 120 Kapseln \u2013 Applied Nutrition | ecosupplements.ch","description":"Sex Bomb For Him von Applied Nutrition mit KSM-66\u00ae Ashwagandha, Maca & Ginseng \u2013 120 vegetarische Kapseln f\u00fcr 60 Portionen. Jetzt bestellen.","robots":{"index":"index","follow":"follow","max-snippet":"max-snippet:-1","max-image-preview":"max-image-preview:large","max-video-preview":"max-video-preview:-1"},"canonical":"https:\/\/ecosupplements.ch\/?product=sex-bomb-for-him-120-caps","og_locale":"de_DE","og_type":"article","og_title":"Sex Bomb For Him 120 Kapseln \u2013 Applied Nutrition | ecosupplements.ch","og_description":"Sex Bomb For Him von Applied Nutrition mit KSM-66\u00ae Ashwagandha, Maca & Ginseng \u2013 120 vegetarische Kapseln f\u00fcr 60 Portionen. Jetzt bestellen.","og_url":"https:\/\/ecosupplements.ch\/?product=sex-bomb-for-him-120-caps","og_site_name":"Eco Supplements","article_modified_time":"2026-05-13T07:25:36+00:00","og_image":[{"width":500,"height":500,"url":"https:\/\/ecosupplements.ch\/wp-content\/uploads\/2026\/05\/Sex-Bomb-For-Him-120-caps.jpg","type":"image\/jpeg"}],"twitter_card":"summary_large_image","twitter_misc":{"Price":"&#67;&#72;&#70;&nbsp;18.40","Availability":"Out of stock"},"schema":{"@context":"https:\/\/schema.org","@graph":[{"@type":"WebPage","@id":"https:\/\/ecosupplements.ch\/?product=sex-bomb-for-him-120-caps","url":"https:\/\/ecosupplements.ch\/?product=sex-bomb-for-him-120-caps","name":"Sex Bomb For Him 120 Kapseln \u2013 Applied Nutrition | ecosupplements.ch","isPartOf":{"@id":"https:\/\/ecosupplements.ch\/#website"},"primaryImageOfPage":{"@id":"https:\/\/ecosupplements.ch\/?product=sex-bomb-for-him-120-caps#primaryimage"},"image":{"@id":"https:\/\/ecosupplements.ch\/?product=sex-bomb-for-him-120-caps#primaryimage"},"thumbnailUrl":"https:\/\/ecosupplements.ch\/wp-content\/uploads\/2026\/05\/Sex-Bomb-For-Him-120-caps.jpg","datePublished":"2026-05-11T14:30:02+00:00","dateModified":"2026-05-13T07:25:36+00:00","description":"Sex Bomb For Him von Applied Nutrition mit KSM-66\u00ae Ashwagandha, Maca & Ginseng \u2013 120 vegetarische Kapseln f\u00fcr 60 Portionen. Jetzt bestellen.","breadcrumb":{"@id":"https:\/\/ecosupplements.ch\/?product=sex-bomb-for-him-120-caps#breadcrumb"},"inLanguage":"de-CH","potentialAction":[{"@type":"ReadAction","target":["https:\/\/ecosupplements.ch\/?product=sex-bomb-for-him-120-caps"]}]},{"@type":"ImageObject","inLanguage":"de-CH","@id":"https:\/\/ecosupplements.ch\/?product=sex-bomb-for-him-120-caps#primaryimage","url":"https:\/\/ecosupplements.ch\/wp-content\/uploads\/2026\/05\/Sex-Bomb-For-Him-120-caps.jpg","contentUrl":"https:\/\/ecosupplements.ch\/wp-content\/uploads\/2026\/05\/Sex-Bomb-For-Him-120-caps.jpg","width":500,"height":500,"caption":"Sex Bomb For Him - 120 caps"},{"@type":"BreadcrumbList","@id":"https:\/\/ecosupplements.ch\/?product=sex-bomb-for-him-120-caps#breadcrumb","itemListElement":[{"@type":"ListItem","position":1,"name":"Home","item":"https:\/\/ecosupplements.ch\/"},{"@type":"ListItem","position":2,"name":"Shop","item":"https:\/\/ecosupplements.ch\/?page_id=14"},{"@type":"ListItem","position":3,"name":"Sex Bomb For Him &#8211; 120 caps"}]},{"@type":"WebSite","@id":"https:\/\/ecosupplements.ch\/#website","url":"https:\/\/ecosupplements.ch\/","name":"Eco Supplements","description":"","potentialAction":[{"@type":"SearchAction","target":{"@type":"EntryPoint","urlTemplate":"https:\/\/ecosupplements.ch\/?s={search_term_string}"},"query-input":{"@type":"PropertyValueSpecification","valueRequired":true,"valueName":"search_term_string"}}],"inLanguage":"de-CH"}]},"product_price_amount":"18.40","product_price_currency":"CHF","og_availability":"out of stock","product_availability":"out of stock","product_retailer_item_id":"5056555205310","product_condition":"new"},"_links":{"self":[{"href":"https:\/\/ecosupplements.ch\/index.php?rest_route=\/wp\/v2\/product\/1532","targetHints":{"allow":["GET"]}}],"collection":[{"href":"https:\/\/ecosupplements.ch\/index.php?rest_route=\/wp\/v2\/product"}],"about":[{"href":"https:\/\/ecosupplements.ch\/index.php?rest_route=\/wp\/v2\/types\/product"}],"replies":[{"embeddable":true,"href":"https:\/\/ecosupplements.ch\/index.php?rest_route=%2Fwp%2Fv2%2Fcomments&post=1532"}],"wp:featuredmedia":[{"embeddable":true,"href":"https:\/\/ecosupplements.ch\/index.php?rest_route=\/wp\/v2\/media\/1533"}],"wp:attachment":[{"href":"https:\/\/ecosupplements.ch\/index.php?rest_route=%2Fwp%2Fv2%2Fmedia&parent=1532"}],"wp:term":[{"taxonomy":"product_brand","embeddable":true,"href":"https:\/\/ecosupplements.ch\/index.php?rest_route=%2Fwp%2Fv2%2Fproduct_brand&post=1532"},{"taxonomy":"product_cat","embeddable":true,"href":"https:\/\/ecosupplements.ch\/index.php?rest_route=%2Fwp%2Fv2%2Fproduct_cat&post=1532"},{"taxonomy":"product_tag","embeddable":true,"href":"https:\/\/ecosupplements.ch\/index.php?rest_route=%2Fwp%2Fv2%2Fproduct_tag&post=1532"}],"curies":[{"name":"wp","href":"https:\/\/api.w.org\/{rel}","templated":true}]}}