{"id":1536,"date":"2026-05-11T14:30:03","date_gmt":"2026-05-11T14:30:03","guid":{"rendered":"https:\/\/ecosupplements.ch\/?product=vitality-vitamin-b-complex-90-caps"},"modified":"2026-05-13T07:25:45","modified_gmt":"2026-05-13T07:25:45","slug":"vitality-vitamin-b-complex-90-caps","status":"publish","type":"product","link":"https:\/\/ecosupplements.ch\/?product=vitality-vitamin-b-complex-90-caps","title":{"rendered":"Vitality Vitamin B Complex &#8211; 90 caps"},"content":{"rendered":"<div class=\"chcg-product-description\">\n<h2 class=\"chcg-heading\">\u00dcber Applied Nutrition \u2013 Vitality Vitamin B Complex \u2013 90 Kapseln<\/h2>\n<div class=\"chcg-intro\">\n<p>Der Vitality Vitamin B Complex von Applied Nutrition vereint alle wesentlichen B-Vitamine in einer einzigen Kapsel und unterst\u00fctzt so eine gezielte t\u00e4gliche Versorgung. Die sorgf\u00e4ltig zusammengestellte Formel enth\u00e4lt Vitamin B1, B2, B3, B5, B6, B7, B9 und B12 sowie erg\u00e4nzende Substanzen wie L-Cholin, Inositol und PABA \u2013 f\u00fcr eine umfassende Unterst\u00fctzung des K\u00f6rpers im Alltag.<\/p>\n<p>B-Vitamine tragen zu einem normalen Energiestoffwechsel bei und unterst\u00fctzen die normale Funktion des Nervensystems. Vitamin B2, B3, B5, B6, B7, B9 und B12 tragen zur Verringerung von M\u00fcdigkeit und Ersch\u00f6pfung bei. Biotin tr\u00e4gt zur Erhaltung normaler Haare und Haut bei, w\u00e4hrend Fols\u00e4ure zur normalen Zellteilung beitr\u00e4gt.<\/p>\n<p>Die Kapseln sind vegetarisch und vegan geeignet, glutenfrei sowie laktosefrei \u2013 eine zuverl\u00e4ssige Wahl f\u00fcr Menschen mit besonderen Ern\u00e4hrungsanforderungen. Mit 90 Kapseln pro Packung deckt dieses Produkt einen vollen dreimonatigen Bedarf ab, wenn t\u00e4glich eine Kapsel eingenommen wird.<\/p>\n<\/p><\/div>\n<div class=\"chcg-nutrition\">\n<h3>N\u00e4hrwertangaben<\/h3>\n<table class=\"chcg-nutrition-table\">\n<thead>\n<tr>\n<th>N\u00e4hrstoff<\/th>\n<th>Pro Portion (1 Kapsel)<\/th>\n<\/tr>\n<\/thead>\n<tbody>\n<tr>\n<td>Vitamin B1 (Thiamin)<\/td>\n<td>100 mg (9091% NRV)<\/td>\n<\/tr>\n<tr>\n<td>Vitamin B2 (Riboflavin)<\/td>\n<td>50 mg (3571% NRV)<\/td>\n<\/tr>\n<tr>\n<td>Vitamin B3 (Niacin)<\/td>\n<td>50 mg (313% NRV)<\/td>\n<\/tr>\n<tr>\n<td>Vitamin B5 (Pantothens\u00e4ure)<\/td>\n<td>70 mg (1167% NRV)<\/td>\n<\/tr>\n<tr>\n<td>Vitamin B6 (Pyridoxinhydrochlorid)<\/td>\n<td>21 mg (1500% NRV)<\/td>\n<\/tr>\n<tr>\n<td>Vitamin B7 (Biotin)<\/td>\n<td>700 \u00b5g (1400% NRV)<\/td>\n<\/tr>\n<tr>\n<td>Vitamin B8 (Inositol)<\/td>\n<td>100 \u00b5g *<\/td>\n<\/tr>\n<tr>\n<td>Vitamin B9 (Fols\u00e4ure)<\/td>\n<td>48.50 \u00b5g (24% NRV)<\/td>\n<\/tr>\n<tr>\n<td>Vitamin B10 (Para-Aminobenzoes\u00e4ure \/ PABA)<\/td>\n<td>21 mg *<\/td>\n<\/tr>\n<tr>\n<td>Vitamin B12 (Cyanocobalamin)<\/td>\n<td>10 \u00b5g (400% NRV)<\/td>\n<\/tr>\n<tr>\n<td>L-Cholin (Cholinbitartrat)<\/td>\n<td>100 mg *<\/td>\n<\/tr>\n<\/tbody>\n<\/table>\n<p class=\"chcg-footnote\">NRV = N\u00e4hrstoffbezugswert (Nutrient Reference Value)<\/p>\n<p class=\"chcg-footnote\">* Kein festgelegter N\u00e4hrstoffbezugswert<\/p>\n<\/p><\/div>\n<div class=\"chcg-ingredients\">\n<h3>Zutaten<\/h3>\n<p>F\u00fcllstoff (Reismehl), Kapsel [Hydroxypropylmethylcellulose, Farbstoff (Brillantblau)], Thiaminmononitrat (Vitamin B1), L-Cholinbitartrat, Inositol, Pantothens\u00e4ure (D-Calciumpantothenat), Vitamin B6 (Pyridoxinhydrochlorid), Niacin, Riboflavin (Vitamin B2), Para-Aminobenzoes\u00e4ure (PABA), Trennmittel (Magnesiumstearat, Siliciumdioxid), Vitamin B12 (als Cyanocobalamin), Biotin (als D-Biotin), Fols\u00e4ure.<\/p>\n<p class=\"chcg-capsule-shell\">Kapselh\u00fclle: Hydroxypropylmethylcellulose, Farbstoff (Brillantblau)<\/p>\n<\/p><\/div>\n<div class=\"chcg-dosage\">\n<h3>Verzehrempfehlung<\/h3>\n<p>T\u00e4glich 1 Portion (1 Kapsel) zu einer Mahlzeit einnehmen.<\/p>\n<\/p><\/div>\n<div class=\"chcg-warnings\">\n<h3>Warnhinweise<\/h3>\n<p>Konsultieren Sie vor der Einnahme dieses Produkts eine qualifizierte Fachperson, wenn Sie unter 18 Jahre alt sind, schwanger sind oder stillen, an einer bekannten oder vermuteten Erkrankung leiden oder verschreibungspflichtige oder rezeptfreie Medikamente einnehmen. Nicht als Ersatz f\u00fcr eine abwechslungsreiche Ern\u00e4hrung und eine gesunde Lebensweise verwenden. Die empfohlene Tagesdosis nicht \u00fcberschreiten. Ausserhalb der Reichweite von Kindern aufbewahren. Mindesthaltbarkeitsdatum und Chargennummer siehe Etikett.<\/p>\n<\/p><\/div>\n<div class=\"chcg-allergens\">\n<h3>Allergeninformationen<\/h3>\n<p>F\u00fcr Allergene siehe fettgedruckte Zutaten. Keine bekannten Hauptallergene deklariert.<\/p>\n<\/p><\/div>\n<div class=\"chcg-storage\">\n<h3>Lagerung<\/h3>\n<p>An einem k\u00fchlen, trockenen Ort aufbewahren, ausserhalb der Reichweite von Kindern.<\/p>\n<\/p><\/div>\n<div class=\"chcg-dietary\">\n<h3>Ern\u00e4hrungshinweise<\/h3>\n<ul>\n<li>Vegan<\/li>\n<li>Vegetarisch<\/li>\n<li>Glutenfrei<\/li>\n<li>Laktosefrei<\/li>\n<\/ul><\/div>\n<\/div>\n","protected":false},"excerpt":{"rendered":"<p>Vitality Vitamin B Complex von Applied Nutrition liefert alle wesentlichen B-Vitamine in einer t\u00e4glichen Kapsel zur Unterst\u00fctzung von Energiestoffwechsel und Nervensystem. 90 vegane Kapseln pro Packung \u2013 glutenfrei und laktosefrei.<\/p>\n","protected":false},"featured_media":1537,"comment_status":"closed","ping_status":"open","template":"","meta":[],"product_brand":[173],"product_cat":[27,48,25,26,22,28,21],"product_tag":[],"class_list":{"0":"post-1536","1":"product","2":"type-product","3":"status-publish","4":"has-post-thumbnail","6":"product_brand-applied-nutrition","7":"product_cat-einige-vitamine","8":"product_cat-gesunde-ernaehrung","9":"product_cat-gesundheit-und-wohlbefinden","10":"product_cat-multivitamine","11":"product_cat-vegane-produkte","12":"product_cat-vitamin-b","13":"product_cat-vitamine-und-mineralstoffe","15":"first","16":"outofstock","17":"taxable","18":"shipping-taxable","19":"purchasable","20":"product-type-simple"},"yoast_head":"<!-- This site is optimized with the Yoast SEO plugin v27.5 - https:\/\/yoast.com\/product\/yoast-seo-wordpress\/ -->\n<title>Vitality Vitamin B Complex 90 Kapseln \u2013 Applied Nutrition | ecosupplements.ch<\/title>\n<meta name=\"description\" content=\"Alle B-Vitamine in einer Kapsel \u2013 f\u00fcr normalen Energiestoffwechsel und Nervensystem. 90 vegane Kapseln, glutenfrei. Jetzt bestellen.\" \/>\n<meta name=\"robots\" content=\"index, follow, max-snippet:-1, max-image-preview:large, max-video-preview:-1\" \/>\n<link rel=\"canonical\" href=\"https:\/\/ecosupplements.ch\/?product=vitality-vitamin-b-complex-90-caps\" \/>\n<meta property=\"og:locale\" content=\"de_DE\" \/>\n<meta property=\"og:type\" content=\"article\" \/>\n<meta property=\"og:title\" content=\"Vitality Vitamin B Complex 90 Kapseln \u2013 Applied Nutrition | ecosupplements.ch\" \/>\n<meta property=\"og:description\" content=\"Alle B-Vitamine in einer Kapsel \u2013 f\u00fcr normalen Energiestoffwechsel und Nervensystem. 90 vegane Kapseln, glutenfrei. Jetzt bestellen.\" \/>\n<meta property=\"og:url\" content=\"https:\/\/ecosupplements.ch\/?product=vitality-vitamin-b-complex-90-caps\" \/>\n<meta property=\"og:site_name\" content=\"Eco Supplements\" \/>\n<meta property=\"article:modified_time\" content=\"2026-05-13T07:25:45+00:00\" \/>\n<meta property=\"og:image\" content=\"https:\/\/ecosupplements.ch\/wp-content\/uploads\/2026\/05\/Vitality-Vitamin-B-Complex-90-caps.jpg\" \/>\n\t<meta property=\"og:image:width\" content=\"600\" \/>\n\t<meta property=\"og:image:height\" content=\"600\" \/>\n\t<meta property=\"og:image:type\" content=\"image\/jpeg\" \/>\n<meta name=\"twitter:card\" content=\"summary_large_image\" \/>\n<meta name=\"twitter:label1\" content=\"Price\" \/>\n\t<meta name=\"twitter:data1\" content=\"&#067;&#072;&#070;&nbsp;13.15\" \/>\n\t<meta name=\"twitter:label2\" content=\"Availability\" \/>\n\t<meta name=\"twitter:data2\" content=\"Out of stock\" \/>\n<script type=\"application\/ld+json\" class=\"yoast-schema-graph\">{\"@context\":\"https:\\\/\\\/schema.org\",\"@graph\":[{\"@type\":\"WebPage\",\"@id\":\"https:\\\/\\\/ecosupplements.ch\\\/?product=vitality-vitamin-b-complex-90-caps\",\"url\":\"https:\\\/\\\/ecosupplements.ch\\\/?product=vitality-vitamin-b-complex-90-caps\",\"name\":\"Vitality Vitamin B Complex 90 Kapseln \u2013 Applied Nutrition | ecosupplements.ch\",\"isPartOf\":{\"@id\":\"https:\\\/\\\/ecosupplements.ch\\\/#website\"},\"primaryImageOfPage\":{\"@id\":\"https:\\\/\\\/ecosupplements.ch\\\/?product=vitality-vitamin-b-complex-90-caps#primaryimage\"},\"image\":{\"@id\":\"https:\\\/\\\/ecosupplements.ch\\\/?product=vitality-vitamin-b-complex-90-caps#primaryimage\"},\"thumbnailUrl\":\"https:\\\/\\\/ecosupplements.ch\\\/wp-content\\\/uploads\\\/2026\\\/05\\\/Vitality-Vitamin-B-Complex-90-caps.jpg\",\"datePublished\":\"2026-05-11T14:30:03+00:00\",\"dateModified\":\"2026-05-13T07:25:45+00:00\",\"description\":\"Alle B-Vitamine in einer Kapsel \u2013 f\u00fcr normalen Energiestoffwechsel und Nervensystem. 90 vegane Kapseln, glutenfrei. Jetzt bestellen.\",\"breadcrumb\":{\"@id\":\"https:\\\/\\\/ecosupplements.ch\\\/?product=vitality-vitamin-b-complex-90-caps#breadcrumb\"},\"inLanguage\":\"de-CH\",\"potentialAction\":[{\"@type\":\"ReadAction\",\"target\":[\"https:\\\/\\\/ecosupplements.ch\\\/?product=vitality-vitamin-b-complex-90-caps\"]}]},{\"@type\":\"ImageObject\",\"inLanguage\":\"de-CH\",\"@id\":\"https:\\\/\\\/ecosupplements.ch\\\/?product=vitality-vitamin-b-complex-90-caps#primaryimage\",\"url\":\"https:\\\/\\\/ecosupplements.ch\\\/wp-content\\\/uploads\\\/2026\\\/05\\\/Vitality-Vitamin-B-Complex-90-caps.jpg\",\"contentUrl\":\"https:\\\/\\\/ecosupplements.ch\\\/wp-content\\\/uploads\\\/2026\\\/05\\\/Vitality-Vitamin-B-Complex-90-caps.jpg\",\"width\":600,\"height\":600,\"caption\":\"Vitality Vitamin B Complex - 90 caps\"},{\"@type\":\"BreadcrumbList\",\"@id\":\"https:\\\/\\\/ecosupplements.ch\\\/?product=vitality-vitamin-b-complex-90-caps#breadcrumb\",\"itemListElement\":[{\"@type\":\"ListItem\",\"position\":1,\"name\":\"Home\",\"item\":\"https:\\\/\\\/ecosupplements.ch\\\/\"},{\"@type\":\"ListItem\",\"position\":2,\"name\":\"Shop\",\"item\":\"https:\\\/\\\/ecosupplements.ch\\\/?page_id=14\"},{\"@type\":\"ListItem\",\"position\":3,\"name\":\"Vitality Vitamin B Complex &#8211; 90 caps\"}]},{\"@type\":\"WebSite\",\"@id\":\"https:\\\/\\\/ecosupplements.ch\\\/#website\",\"url\":\"https:\\\/\\\/ecosupplements.ch\\\/\",\"name\":\"Eco Supplements\",\"description\":\"\",\"potentialAction\":[{\"@type\":\"SearchAction\",\"target\":{\"@type\":\"EntryPoint\",\"urlTemplate\":\"https:\\\/\\\/ecosupplements.ch\\\/?s={search_term_string}\"},\"query-input\":{\"@type\":\"PropertyValueSpecification\",\"valueRequired\":true,\"valueName\":\"search_term_string\"}}],\"inLanguage\":\"de-CH\"}]}<\/script>\n<meta property=\"product:price:amount\" content=\"13.15\" \/>\n<meta property=\"product:price:currency\" content=\"CHF\" \/>\n<meta property=\"og:availability\" content=\"out of stock\" \/>\n<meta property=\"product:availability\" content=\"out of stock\" \/>\n<meta property=\"product:retailer_item_id\" content=\"5056555206683\" \/>\n<meta property=\"product:condition\" content=\"new\" \/>\n<!-- \/ Yoast SEO plugin. -->","yoast_head_json":{"title":"Vitality Vitamin B Complex 90 Kapseln \u2013 Applied Nutrition | ecosupplements.ch","description":"Alle B-Vitamine in einer Kapsel \u2013 f\u00fcr normalen Energiestoffwechsel und Nervensystem. 90 vegane Kapseln, glutenfrei. Jetzt bestellen.","robots":{"index":"index","follow":"follow","max-snippet":"max-snippet:-1","max-image-preview":"max-image-preview:large","max-video-preview":"max-video-preview:-1"},"canonical":"https:\/\/ecosupplements.ch\/?product=vitality-vitamin-b-complex-90-caps","og_locale":"de_DE","og_type":"article","og_title":"Vitality Vitamin B Complex 90 Kapseln \u2013 Applied Nutrition | ecosupplements.ch","og_description":"Alle B-Vitamine in einer Kapsel \u2013 f\u00fcr normalen Energiestoffwechsel und Nervensystem. 90 vegane Kapseln, glutenfrei. Jetzt bestellen.","og_url":"https:\/\/ecosupplements.ch\/?product=vitality-vitamin-b-complex-90-caps","og_site_name":"Eco Supplements","article_modified_time":"2026-05-13T07:25:45+00:00","og_image":[{"width":600,"height":600,"url":"https:\/\/ecosupplements.ch\/wp-content\/uploads\/2026\/05\/Vitality-Vitamin-B-Complex-90-caps.jpg","type":"image\/jpeg"}],"twitter_card":"summary_large_image","twitter_misc":{"Price":"&#67;&#72;&#70;&nbsp;13.15","Availability":"Out of stock"},"schema":{"@context":"https:\/\/schema.org","@graph":[{"@type":"WebPage","@id":"https:\/\/ecosupplements.ch\/?product=vitality-vitamin-b-complex-90-caps","url":"https:\/\/ecosupplements.ch\/?product=vitality-vitamin-b-complex-90-caps","name":"Vitality Vitamin B Complex 90 Kapseln \u2013 Applied Nutrition | ecosupplements.ch","isPartOf":{"@id":"https:\/\/ecosupplements.ch\/#website"},"primaryImageOfPage":{"@id":"https:\/\/ecosupplements.ch\/?product=vitality-vitamin-b-complex-90-caps#primaryimage"},"image":{"@id":"https:\/\/ecosupplements.ch\/?product=vitality-vitamin-b-complex-90-caps#primaryimage"},"thumbnailUrl":"https:\/\/ecosupplements.ch\/wp-content\/uploads\/2026\/05\/Vitality-Vitamin-B-Complex-90-caps.jpg","datePublished":"2026-05-11T14:30:03+00:00","dateModified":"2026-05-13T07:25:45+00:00","description":"Alle B-Vitamine in einer Kapsel \u2013 f\u00fcr normalen Energiestoffwechsel und Nervensystem. 90 vegane Kapseln, glutenfrei. Jetzt bestellen.","breadcrumb":{"@id":"https:\/\/ecosupplements.ch\/?product=vitality-vitamin-b-complex-90-caps#breadcrumb"},"inLanguage":"de-CH","potentialAction":[{"@type":"ReadAction","target":["https:\/\/ecosupplements.ch\/?product=vitality-vitamin-b-complex-90-caps"]}]},{"@type":"ImageObject","inLanguage":"de-CH","@id":"https:\/\/ecosupplements.ch\/?product=vitality-vitamin-b-complex-90-caps#primaryimage","url":"https:\/\/ecosupplements.ch\/wp-content\/uploads\/2026\/05\/Vitality-Vitamin-B-Complex-90-caps.jpg","contentUrl":"https:\/\/ecosupplements.ch\/wp-content\/uploads\/2026\/05\/Vitality-Vitamin-B-Complex-90-caps.jpg","width":600,"height":600,"caption":"Vitality Vitamin B Complex - 90 caps"},{"@type":"BreadcrumbList","@id":"https:\/\/ecosupplements.ch\/?product=vitality-vitamin-b-complex-90-caps#breadcrumb","itemListElement":[{"@type":"ListItem","position":1,"name":"Home","item":"https:\/\/ecosupplements.ch\/"},{"@type":"ListItem","position":2,"name":"Shop","item":"https:\/\/ecosupplements.ch\/?page_id=14"},{"@type":"ListItem","position":3,"name":"Vitality Vitamin B Complex &#8211; 90 caps"}]},{"@type":"WebSite","@id":"https:\/\/ecosupplements.ch\/#website","url":"https:\/\/ecosupplements.ch\/","name":"Eco Supplements","description":"","potentialAction":[{"@type":"SearchAction","target":{"@type":"EntryPoint","urlTemplate":"https:\/\/ecosupplements.ch\/?s={search_term_string}"},"query-input":{"@type":"PropertyValueSpecification","valueRequired":true,"valueName":"search_term_string"}}],"inLanguage":"de-CH"}]},"product_price_amount":"13.15","product_price_currency":"CHF","og_availability":"out of stock","product_availability":"out of stock","product_retailer_item_id":"5056555206683","product_condition":"new"},"_links":{"self":[{"href":"https:\/\/ecosupplements.ch\/index.php?rest_route=\/wp\/v2\/product\/1536","targetHints":{"allow":["GET"]}}],"collection":[{"href":"https:\/\/ecosupplements.ch\/index.php?rest_route=\/wp\/v2\/product"}],"about":[{"href":"https:\/\/ecosupplements.ch\/index.php?rest_route=\/wp\/v2\/types\/product"}],"replies":[{"embeddable":true,"href":"https:\/\/ecosupplements.ch\/index.php?rest_route=%2Fwp%2Fv2%2Fcomments&post=1536"}],"wp:featuredmedia":[{"embeddable":true,"href":"https:\/\/ecosupplements.ch\/index.php?rest_route=\/wp\/v2\/media\/1537"}],"wp:attachment":[{"href":"https:\/\/ecosupplements.ch\/index.php?rest_route=%2Fwp%2Fv2%2Fmedia&parent=1536"}],"wp:term":[{"taxonomy":"product_brand","embeddable":true,"href":"https:\/\/ecosupplements.ch\/index.php?rest_route=%2Fwp%2Fv2%2Fproduct_brand&post=1536"},{"taxonomy":"product_cat","embeddable":true,"href":"https:\/\/ecosupplements.ch\/index.php?rest_route=%2Fwp%2Fv2%2Fproduct_cat&post=1536"},{"taxonomy":"product_tag","embeddable":true,"href":"https:\/\/ecosupplements.ch\/index.php?rest_route=%2Fwp%2Fv2%2Fproduct_tag&post=1536"}],"curies":[{"name":"wp","href":"https:\/\/api.w.org\/{rel}","templated":true}]}}