{"id":1546,"date":"2026-05-11T14:30:07","date_gmt":"2026-05-11T14:30:07","guid":{"rendered":"https:\/\/ecosupplements.ch\/?product=magnesium-sleep-kids-bath-flakes-750g"},"modified":"2026-05-13T07:25:07","modified_gmt":"2026-05-13T07:25:07","slug":"magnesium-sleep-kids-bath-flakes-750g","status":"publish","type":"product","link":"https:\/\/ecosupplements.ch\/?product=magnesium-sleep-kids-bath-flakes-750g","title":{"rendered":"Magnesium Sleep Kids&#8216; Bath Flakes &#8211; 750g"},"content":{"rendered":"<div class=\"chcg-product-description\">\n<h2 class=\"chcg-heading\">\u00dcber BetterYou \u2013 Magnesium Sleep Kids&#8216; Bath Flakes \u2013 750g<\/h2>\n<div class=\"chcg-intro\">\n<p>Die BetterYou Magnesium Sleep Kids&#8216; Bath Flakes sind speziell f\u00fcr Kinder entwickelte Badezus\u00e4tze, die eine entspannende und erholsame Badezeit unterst\u00fctzen. Die Magnesiumchlorid-Flocken l\u00f6sen sich im Badewasser auf und erm\u00f6glichen eine direkte Aufnahme durch die Haut \u2013 ideal f\u00fcr einen ruhigen Abend nach einem langen Tag.<\/p>\n<p>Angereichert mit dem feinen Duft von Lavendel\u00f6l (Lavandula angustifolia) und einem spielerischen Popping-Candy-Effekt macht das Bad nicht nur Spass, sondern f\u00f6rdert auch eine wohltuende Abendroutine f\u00fcr Kinder. Die Kombination aus Magnesium und Lavendel schafft eine beruhigende Atmosph\u00e4re, die sowohl Kinder als auch Eltern sch\u00e4tzen werden.<\/p>\n<p>Mit 750g Inhalt reicht eine Packung f\u00fcr mehrere Bade- oder Fussbadb\u00e4der und eignet sich hervorragend f\u00fcr eine regelm\u00e4ssige Anwendung zwei- bis dreimal pro Woche. Die Haut f\u00fchlt sich nach dem Bad angenehm weich und geschmeidig an.<\/p>\n<\/p><\/div>\n<div class=\"chcg-nutrition\">\n<h3>N\u00e4hrwertangaben<\/h3>\n<table class=\"chcg-nutrition-table\">\n<thead>\n<tr>\n<th>N\u00e4hrstoff<\/th>\n<th>Pro 750g<\/th>\n<\/tr>\n<\/thead>\n<tbody>\n<tr>\n<td>Elementares Magnesium<\/td>\n<td>90g<\/td>\n<\/tr>\n<\/tbody>\n<\/table><\/div>\n<div class=\"chcg-ingredients\">\n<h3>Zutaten<\/h3>\n<p>Magnesiumchlorid-Hexahydrat-Flocken, Popping Candy (Zucker, Glukosesirup, Laktose [aus Milch], Kohlendioxid, Kakaobutter), Lavandula angustifolia (Lavendel) \u00d6l, Linalool.<\/p>\n<\/p><\/div>\n<div class=\"chcg-dosage\">\n<h3>Verzehrempfehlung<\/h3>\n<p><strong>Vollbad:<\/strong> 250g Magnesium Flakes (ca. 2 Tassen) ins Badewasser geben. Zur\u00fccklehnen und 20 Minuten entspannen. F\u00fcr eine intensivere Wirkung die Menge erh\u00f6hen. <strong>Fussbad:<\/strong> 150g Magnesium Flakes (ca. 1 Tasse) zu ca. 5 Litern Wasser geben \u2013 genug, um die F\u00fcsse zu bedecken. Hinsetzen und 20 Minuten entspannen. Es wird empfohlen, ein Magnesiumbad 2 bis 3 Mal pro Woche zu nehmen. Die Haut f\u00fchlt sich danach angenehm weich und geschmeidig an.<\/p>\n<\/p><\/div>\n<div class=\"chcg-warnings\">\n<h3>Warnhinweise<\/h3>\n<p>Nur zur \u00e4usserlichen Anwendung. Kontakt mit den Augen vermeiden. Nicht auf besch\u00e4digter oder verletzter Haut anwenden. Nahrungserg\u00e4nzungsmittel sind kein Ersatz f\u00fcr eine ausgewogene Ern\u00e4hrung oder einen gesunden Lebensstil. Bei der ersten Anwendung kann ein leichtes Kribbeln auftreten. Dies kann auf einen niedrigen Magnesiumspiegel hinweisen und ist auf die schnelle Aufnahme von Magnesium durch die Poren zur\u00fcckzuf\u00fchren. Dieses Gef\u00fchl l\u00e4sst bei regelm\u00e4ssiger Anwendung nach.<\/p>\n<\/p><\/div>\n<div class=\"chcg-allergens\">\n<h3>Allergeninformationen<\/h3>\n<p>Enth\u00e4lt: Milch (Laktose aus Milch im Popping Candy).<\/p>\n<\/p><\/div>\n<div class=\"chcg-storage\">\n<h3>Lagerung<\/h3>\n<p>Magnesium Flakes sind stark hygroskopisch und nehmen bei ge\u00f6ffneter Verpackung schnell Feuchtigkeit auf. An einem trockenen Ort lagern und ge\u00f6ffnete Beutel schnell wieder verschliessen. Nach dem \u00d6ffnen innerhalb von 12 Monaten verbrauchen.<\/p>\n<\/p><\/div>\n<div class=\"chcg-dietary\">\n<h3>Ern\u00e4hrungshinweise<\/h3>\n<ul>\n<li>Vegetarisch<\/li>\n<\/ul><\/div>\n<\/div>\n","protected":false},"excerpt":{"rendered":"<p>BetterYou Magnesium Sleep Kids&#8216; Bath Flakes unterst\u00fctzen eine entspannende Badezeit mit hautpflegendem Magnesiumchlorid und beruhigendem Lavendel\u00f6l. Das Pulver eignet sich f\u00fcr Vollb\u00e4der und Fussb\u00e4der. 750g pro Packung f\u00fcr mehrere Anwendungen.<\/p>\n","protected":false},"featured_media":1547,"comment_status":"closed","ping_status":"open","template":"","meta":[],"product_brand":[174],"product_cat":[23,48,25,56,171,21],"product_tag":[],"class_list":{"0":"post-1546","1":"product","2":"type-product","3":"status-publish","4":"has-post-thumbnail","6":"product_brand-betteryou","7":"product_cat-einige-mineralien","8":"product_cat-gesunde-ernaehrung","9":"product_cat-gesundheit-und-wohlbefinden","10":"product_cat-kindergesundheit","11":"product_cat-vitamine-und-mineralien","12":"product_cat-vitamine-und-mineralstoffe","14":"first","15":"outofstock","16":"taxable","17":"shipping-taxable","18":"purchasable","19":"product-type-simple"},"yoast_head":"<!-- This site is optimized with the Yoast SEO plugin v27.5 - https:\/\/yoast.com\/product\/yoast-seo-wordpress\/ -->\n<title>Magnesium Sleep Kids&#039; Bath Flakes 750g \u2013 BetterYou | ecosupplements.ch<\/title>\n<meta name=\"description\" content=\"BetterYou Magnesium Sleep Kids&#039; Bath Flakes \u2013 entspannende Magnesiumchlorid-Flocken mit Lavendel f\u00fcr Kinder, 750g. Jetzt bestellen.\" \/>\n<meta name=\"robots\" content=\"index, follow, max-snippet:-1, max-image-preview:large, max-video-preview:-1\" \/>\n<link rel=\"canonical\" href=\"https:\/\/ecosupplements.ch\/?product=magnesium-sleep-kids-bath-flakes-750g\" \/>\n<meta property=\"og:locale\" content=\"de_DE\" \/>\n<meta property=\"og:type\" content=\"article\" \/>\n<meta property=\"og:title\" content=\"Magnesium Sleep Kids&#039; Bath Flakes 750g \u2013 BetterYou | ecosupplements.ch\" \/>\n<meta property=\"og:description\" content=\"BetterYou Magnesium Sleep Kids&#039; Bath Flakes \u2013 entspannende Magnesiumchlorid-Flocken mit Lavendel f\u00fcr Kinder, 750g. Jetzt bestellen.\" \/>\n<meta property=\"og:url\" content=\"https:\/\/ecosupplements.ch\/?product=magnesium-sleep-kids-bath-flakes-750g\" \/>\n<meta property=\"og:site_name\" content=\"Eco Supplements\" \/>\n<meta property=\"article:modified_time\" content=\"2026-05-13T07:25:07+00:00\" \/>\n<meta property=\"og:image\" content=\"https:\/\/ecosupplements.ch\/wp-content\/uploads\/2026\/05\/Magnesium-Sleep-Kids-Bath-Flakes-750g.jpg\" \/>\n\t<meta property=\"og:image:width\" content=\"1080\" \/>\n\t<meta property=\"og:image:height\" content=\"1080\" \/>\n\t<meta property=\"og:image:type\" content=\"image\/jpeg\" \/>\n<meta name=\"twitter:card\" content=\"summary_large_image\" \/>\n<meta name=\"twitter:label1\" content=\"Price\" \/>\n\t<meta name=\"twitter:data1\" content=\"&#067;&#072;&#070;&nbsp;9.67\" \/>\n\t<meta name=\"twitter:label2\" content=\"Availability\" \/>\n\t<meta name=\"twitter:data2\" content=\"Out of stock\" \/>\n<script type=\"application\/ld+json\" class=\"yoast-schema-graph\">{\"@context\":\"https:\\\/\\\/schema.org\",\"@graph\":[{\"@type\":\"WebPage\",\"@id\":\"https:\\\/\\\/ecosupplements.ch\\\/?product=magnesium-sleep-kids-bath-flakes-750g\",\"url\":\"https:\\\/\\\/ecosupplements.ch\\\/?product=magnesium-sleep-kids-bath-flakes-750g\",\"name\":\"Magnesium Sleep Kids' Bath Flakes 750g \u2013 BetterYou | ecosupplements.ch\",\"isPartOf\":{\"@id\":\"https:\\\/\\\/ecosupplements.ch\\\/#website\"},\"primaryImageOfPage\":{\"@id\":\"https:\\\/\\\/ecosupplements.ch\\\/?product=magnesium-sleep-kids-bath-flakes-750g#primaryimage\"},\"image\":{\"@id\":\"https:\\\/\\\/ecosupplements.ch\\\/?product=magnesium-sleep-kids-bath-flakes-750g#primaryimage\"},\"thumbnailUrl\":\"https:\\\/\\\/ecosupplements.ch\\\/wp-content\\\/uploads\\\/2026\\\/05\\\/Magnesium-Sleep-Kids-Bath-Flakes-750g.jpg\",\"datePublished\":\"2026-05-11T14:30:07+00:00\",\"dateModified\":\"2026-05-13T07:25:07+00:00\",\"description\":\"BetterYou Magnesium Sleep Kids' Bath Flakes \u2013 entspannende Magnesiumchlorid-Flocken mit Lavendel f\u00fcr Kinder, 750g. Jetzt bestellen.\",\"breadcrumb\":{\"@id\":\"https:\\\/\\\/ecosupplements.ch\\\/?product=magnesium-sleep-kids-bath-flakes-750g#breadcrumb\"},\"inLanguage\":\"de-CH\",\"potentialAction\":[{\"@type\":\"ReadAction\",\"target\":[\"https:\\\/\\\/ecosupplements.ch\\\/?product=magnesium-sleep-kids-bath-flakes-750g\"]}]},{\"@type\":\"ImageObject\",\"inLanguage\":\"de-CH\",\"@id\":\"https:\\\/\\\/ecosupplements.ch\\\/?product=magnesium-sleep-kids-bath-flakes-750g#primaryimage\",\"url\":\"https:\\\/\\\/ecosupplements.ch\\\/wp-content\\\/uploads\\\/2026\\\/05\\\/Magnesium-Sleep-Kids-Bath-Flakes-750g.jpg\",\"contentUrl\":\"https:\\\/\\\/ecosupplements.ch\\\/wp-content\\\/uploads\\\/2026\\\/05\\\/Magnesium-Sleep-Kids-Bath-Flakes-750g.jpg\",\"width\":1080,\"height\":1080,\"caption\":\"Magnesium Sleep Kids' Bath Flakes - 750g\"},{\"@type\":\"BreadcrumbList\",\"@id\":\"https:\\\/\\\/ecosupplements.ch\\\/?product=magnesium-sleep-kids-bath-flakes-750g#breadcrumb\",\"itemListElement\":[{\"@type\":\"ListItem\",\"position\":1,\"name\":\"Home\",\"item\":\"https:\\\/\\\/ecosupplements.ch\\\/\"},{\"@type\":\"ListItem\",\"position\":2,\"name\":\"Shop\",\"item\":\"https:\\\/\\\/ecosupplements.ch\\\/?page_id=14\"},{\"@type\":\"ListItem\",\"position\":3,\"name\":\"Magnesium Sleep Kids&#8217; Bath Flakes &#8211; 750g\"}]},{\"@type\":\"WebSite\",\"@id\":\"https:\\\/\\\/ecosupplements.ch\\\/#website\",\"url\":\"https:\\\/\\\/ecosupplements.ch\\\/\",\"name\":\"Eco Supplements\",\"description\":\"\",\"potentialAction\":[{\"@type\":\"SearchAction\",\"target\":{\"@type\":\"EntryPoint\",\"urlTemplate\":\"https:\\\/\\\/ecosupplements.ch\\\/?s={search_term_string}\"},\"query-input\":{\"@type\":\"PropertyValueSpecification\",\"valueRequired\":true,\"valueName\":\"search_term_string\"}}],\"inLanguage\":\"de-CH\"}]}<\/script>\n<meta property=\"product:price:amount\" content=\"9.67\" \/>\n<meta property=\"product:price:currency\" content=\"CHF\" \/>\n<meta property=\"og:availability\" content=\"out of stock\" \/>\n<meta property=\"product:availability\" content=\"out of stock\" \/>\n<meta property=\"product:retailer_item_id\" content=\"5060148523781\" \/>\n<meta property=\"product:condition\" content=\"new\" \/>\n<!-- \/ Yoast SEO plugin. -->","yoast_head_json":{"title":"Magnesium Sleep Kids' Bath Flakes 750g \u2013 BetterYou | ecosupplements.ch","description":"BetterYou Magnesium Sleep Kids' Bath Flakes \u2013 entspannende Magnesiumchlorid-Flocken mit Lavendel f\u00fcr Kinder, 750g. Jetzt bestellen.","robots":{"index":"index","follow":"follow","max-snippet":"max-snippet:-1","max-image-preview":"max-image-preview:large","max-video-preview":"max-video-preview:-1"},"canonical":"https:\/\/ecosupplements.ch\/?product=magnesium-sleep-kids-bath-flakes-750g","og_locale":"de_DE","og_type":"article","og_title":"Magnesium Sleep Kids' Bath Flakes 750g \u2013 BetterYou | ecosupplements.ch","og_description":"BetterYou Magnesium Sleep Kids' Bath Flakes \u2013 entspannende Magnesiumchlorid-Flocken mit Lavendel f\u00fcr Kinder, 750g. Jetzt bestellen.","og_url":"https:\/\/ecosupplements.ch\/?product=magnesium-sleep-kids-bath-flakes-750g","og_site_name":"Eco Supplements","article_modified_time":"2026-05-13T07:25:07+00:00","og_image":[{"width":1080,"height":1080,"url":"https:\/\/ecosupplements.ch\/wp-content\/uploads\/2026\/05\/Magnesium-Sleep-Kids-Bath-Flakes-750g.jpg","type":"image\/jpeg"}],"twitter_card":"summary_large_image","twitter_misc":{"Price":"&#67;&#72;&#70;&nbsp;9.67","Availability":"Out of stock"},"schema":{"@context":"https:\/\/schema.org","@graph":[{"@type":"WebPage","@id":"https:\/\/ecosupplements.ch\/?product=magnesium-sleep-kids-bath-flakes-750g","url":"https:\/\/ecosupplements.ch\/?product=magnesium-sleep-kids-bath-flakes-750g","name":"Magnesium Sleep Kids' Bath Flakes 750g \u2013 BetterYou | ecosupplements.ch","isPartOf":{"@id":"https:\/\/ecosupplements.ch\/#website"},"primaryImageOfPage":{"@id":"https:\/\/ecosupplements.ch\/?product=magnesium-sleep-kids-bath-flakes-750g#primaryimage"},"image":{"@id":"https:\/\/ecosupplements.ch\/?product=magnesium-sleep-kids-bath-flakes-750g#primaryimage"},"thumbnailUrl":"https:\/\/ecosupplements.ch\/wp-content\/uploads\/2026\/05\/Magnesium-Sleep-Kids-Bath-Flakes-750g.jpg","datePublished":"2026-05-11T14:30:07+00:00","dateModified":"2026-05-13T07:25:07+00:00","description":"BetterYou Magnesium Sleep Kids' Bath Flakes \u2013 entspannende Magnesiumchlorid-Flocken mit Lavendel f\u00fcr Kinder, 750g. Jetzt bestellen.","breadcrumb":{"@id":"https:\/\/ecosupplements.ch\/?product=magnesium-sleep-kids-bath-flakes-750g#breadcrumb"},"inLanguage":"de-CH","potentialAction":[{"@type":"ReadAction","target":["https:\/\/ecosupplements.ch\/?product=magnesium-sleep-kids-bath-flakes-750g"]}]},{"@type":"ImageObject","inLanguage":"de-CH","@id":"https:\/\/ecosupplements.ch\/?product=magnesium-sleep-kids-bath-flakes-750g#primaryimage","url":"https:\/\/ecosupplements.ch\/wp-content\/uploads\/2026\/05\/Magnesium-Sleep-Kids-Bath-Flakes-750g.jpg","contentUrl":"https:\/\/ecosupplements.ch\/wp-content\/uploads\/2026\/05\/Magnesium-Sleep-Kids-Bath-Flakes-750g.jpg","width":1080,"height":1080,"caption":"Magnesium Sleep Kids' Bath Flakes - 750g"},{"@type":"BreadcrumbList","@id":"https:\/\/ecosupplements.ch\/?product=magnesium-sleep-kids-bath-flakes-750g#breadcrumb","itemListElement":[{"@type":"ListItem","position":1,"name":"Home","item":"https:\/\/ecosupplements.ch\/"},{"@type":"ListItem","position":2,"name":"Shop","item":"https:\/\/ecosupplements.ch\/?page_id=14"},{"@type":"ListItem","position":3,"name":"Magnesium Sleep Kids&#8217; Bath Flakes &#8211; 750g"}]},{"@type":"WebSite","@id":"https:\/\/ecosupplements.ch\/#website","url":"https:\/\/ecosupplements.ch\/","name":"Eco Supplements","description":"","potentialAction":[{"@type":"SearchAction","target":{"@type":"EntryPoint","urlTemplate":"https:\/\/ecosupplements.ch\/?s={search_term_string}"},"query-input":{"@type":"PropertyValueSpecification","valueRequired":true,"valueName":"search_term_string"}}],"inLanguage":"de-CH"}]},"product_price_amount":"9.67","product_price_currency":"CHF","og_availability":"out of stock","product_availability":"out of stock","product_retailer_item_id":"5060148523781","product_condition":"new"},"_links":{"self":[{"href":"https:\/\/ecosupplements.ch\/index.php?rest_route=\/wp\/v2\/product\/1546","targetHints":{"allow":["GET"]}}],"collection":[{"href":"https:\/\/ecosupplements.ch\/index.php?rest_route=\/wp\/v2\/product"}],"about":[{"href":"https:\/\/ecosupplements.ch\/index.php?rest_route=\/wp\/v2\/types\/product"}],"replies":[{"embeddable":true,"href":"https:\/\/ecosupplements.ch\/index.php?rest_route=%2Fwp%2Fv2%2Fcomments&post=1546"}],"wp:featuredmedia":[{"embeddable":true,"href":"https:\/\/ecosupplements.ch\/index.php?rest_route=\/wp\/v2\/media\/1547"}],"wp:attachment":[{"href":"https:\/\/ecosupplements.ch\/index.php?rest_route=%2Fwp%2Fv2%2Fmedia&parent=1546"}],"wp:term":[{"taxonomy":"product_brand","embeddable":true,"href":"https:\/\/ecosupplements.ch\/index.php?rest_route=%2Fwp%2Fv2%2Fproduct_brand&post=1546"},{"taxonomy":"product_cat","embeddable":true,"href":"https:\/\/ecosupplements.ch\/index.php?rest_route=%2Fwp%2Fv2%2Fproduct_cat&post=1546"},{"taxonomy":"product_tag","embeddable":true,"href":"https:\/\/ecosupplements.ch\/index.php?rest_route=%2Fwp%2Fv2%2Fproduct_tag&post=1546"}],"curies":[{"name":"wp","href":"https:\/\/api.w.org\/{rel}","templated":true}]}}