{"id":1556,"date":"2026-05-11T14:30:13","date_gmt":"2026-05-11T14:30:13","guid":{"rendered":"https:\/\/ecosupplements.ch\/?product=aces-zn-60-softgels"},"modified":"2026-05-13T07:24:26","modified_gmt":"2026-05-13T07:24:26","slug":"aces-zn-60-softgels","status":"publish","type":"product","link":"https:\/\/ecosupplements.ch\/?product=aces-zn-60-softgels","title":{"rendered":"ACES + Zn &#8211; 60 softgels"},"content":{"rendered":"<div class=\"chcg-product-description\">\n<h2 class=\"chcg-heading\">\u00dcber Carlson Labs \u2013 ACES + Zn \u2013 60 Softgels<\/h2>\n<div class=\"chcg-intro\">\n<p>ACES + Zn von Carlson Labs vereint vier bew\u00e4hrte Antioxidantien \u2013 Vitamin A (als Beta-Carotin), Vitamin C, Vitamin E und Selen \u2013 mit dem essenziellen Spurenelement Zink in einer praktischen Softgel-Formel. Diese sorgf\u00e4ltig abgestimmte Kombination unterst\u00fctzt den Schutz der Zellen vor oxidativem Stress und tr\u00e4gt zur normalen Funktion des Immunsystems bei.<\/p>\n<p>Vitamin C tr\u00e4gt zur normalen Kollagenbildung und zur Funktion des Immunsystems bei. Vitamin E und Selen tragen zum Schutz der Zellen vor oxidativem Stress bei. Zink unterst\u00fctzt die normale Funktion des Immunsystems und den Schutz der Zellen vor oxidativem Stress. Beta-Carotin wird im K\u00f6rper in Vitamin A umgewandelt, welches zur Erhaltung normaler Sehkraft und Haut beitr\u00e4gt.<\/p>\n<p>Die Softgel-Form erm\u00f6glicht eine gute Aufnahme der fettl\u00f6slichen Vitamine dank der Kombination mit hochwertigen Pflanzen\u00f6len. Mit 30 Portionen pro Packung bietet ACES + Zn eine unkomplizierte Erg\u00e4nzung f\u00fcr den t\u00e4glichen Bedarf an wichtigen Mikron\u00e4hrstoffen.<\/p>\n<\/p><\/div>\n<div class=\"chcg-nutrition\">\n<h3>N\u00e4hrwertangaben<\/h3>\n<table class=\"chcg-nutrition-table\">\n<thead>\n<tr>\n<th>N\u00e4hrstoff<\/th>\n<th>Pro Portion (2 Softgels)<\/th>\n<\/tr>\n<\/thead>\n<tbody>\n<tr>\n<td>Kalorien<\/td>\n<td>15<\/td>\n<\/tr>\n<tr>\n<td>Gesamtfett<\/td>\n<td>1 g (1 % TW)<\/td>\n<\/tr>\n<tr>\n<td>Gesamtkohlenhydrate<\/td>\n<td>&lt;1 g (&lt;1 % TW)<\/td>\n<\/tr>\n<tr>\n<td>Protein<\/td>\n<td>&lt;1 g<\/td>\n<\/tr>\n<tr>\n<td>Vitamin A (als Beta-Carotin)<\/td>\n<td>3&#8217;000 mcg RAE (333 % TW)<\/td>\n<\/tr>\n<tr>\n<td>Vitamin C (aus Calciumascorbat)<\/td>\n<td>500 mg (556 % TW)<\/td>\n<\/tr>\n<tr>\n<td>Vitamin E (als d-alpha-Tocopherol)<\/td>\n<td>268 mg (1&#8217;787 % TW)<\/td>\n<\/tr>\n<tr>\n<td>Calcium (aus Calciumascorbat und Dicalciumphosphat)<\/td>\n<td>56 mg (4 % TW)<\/td>\n<\/tr>\n<tr>\n<td>Zink (aus Zinkcitrat)<\/td>\n<td>15 mg (136 % TW)<\/td>\n<\/tr>\n<tr>\n<td>Selen (aus L-Selenomethionin)<\/td>\n<td>100 mcg (182 % TW)<\/td>\n<\/tr>\n<\/tbody>\n<\/table>\n<p class=\"chcg-footnote\">TW = Tageswert. Prozentangaben beziehen sich auf den Tageswert basierend auf einer Tageszufuhr von 2&#8217;000 kcal.<\/p>\n<\/p><\/div>\n<div class=\"chcg-ingredients\">\n<h3>Zutaten<\/h3>\n<p>Vitamin A (als Beta-Carotin), Vitamin C (aus Calciumascorbat), Vitamin E (als d-alpha-Tocopherol), Calcium (aus Calciumascorbat), Zink (aus Zinkcitrat), Selen (aus L-Selenomethionin). Weitere Zutaten: Sonnenblumen\u00f6l, Softgel-H\u00fclle (Rindergelatine, Glycerin, Wasser, Johannisbrot), Soja\u00f6l, Palmfruchtstearin, Bienenwachs, Sojalecithin, Glycerylmonostearat.<\/p>\n<p class=\"chcg-capsule-shell\">Kapselh\u00fclle: Rindergelatine, Glycerin, Wasser, Johannisbrot.<\/p>\n<\/p><\/div>\n<div class=\"chcg-dosage\">\n<h3>Verzehrempfehlung<\/h3>\n<p>Erwachsene: t\u00e4glich zwei Softgels zu einer Mahlzeit einnehmen.<\/p>\n<\/p><\/div>\n<div class=\"chcg-warnings\">\n<h3>Warnhinweise<\/h3>\n<p>Flasche nach Gebrauch fest verschliessen. Vor Hitze und Feuchtigkeit sch\u00fctzen. Farbabweichungen der Softgels sind m\u00f6glich.<\/p>\n<\/p><\/div>\n<div class=\"chcg-allergens\">\n<h3>Allergeninformationen<\/h3>\n<p>Enth\u00e4lt Soja (Soja\u00f6l, Sojalecithin). Enth\u00e4lt Zutaten aus Rinderquellen (Rindergelatine, Bienenwachs). Glutenfrei. Ohne k\u00fcnstliche Konservierungsstoffe.<\/p>\n<\/p><\/div>\n<div class=\"chcg-storage\">\n<h3>Lagerung<\/h3>\n<p>Vor Hitze und Feuchtigkeit sch\u00fctzen. Flasche fest verschlossen halten.<\/p>\n<\/p><\/div>\n<div class=\"chcg-dietary\">\n<h3>Ern\u00e4hrungshinweise<\/h3>\n<ul>\n<li>Glutenfrei<\/li>\n<li>Laktosefrei<\/li>\n<\/ul><\/div>\n<\/div>\n","protected":false},"excerpt":{"rendered":"<p>ACES + Zn von Carlson Labs liefert Vitamin A, C, E, Selen und Zink in einer praktischen Softgel-Formel zur Unterst\u00fctzung des Immunsystems und des Zellschutzes. 60 Softgels pro Packung, 30 Portionen.<\/p>\n","protected":false},"featured_media":1557,"comment_status":"closed","ping_status":"open","template":"","meta":[],"product_brand":[176],"product_cat":[48,25,26,21],"product_tag":[],"class_list":{"0":"post-1556","1":"product","2":"type-product","3":"status-publish","4":"has-post-thumbnail","6":"product_brand-carlson-labs","7":"product_cat-gesunde-ernaehrung","8":"product_cat-gesundheit-und-wohlbefinden","9":"product_cat-multivitamine","10":"product_cat-vitamine-und-mineralstoffe","12":"first","13":"outofstock","14":"taxable","15":"shipping-taxable","16":"purchasable","17":"product-type-simple"},"yoast_head":"<!-- This site is optimized with the Yoast SEO plugin v27.5 - https:\/\/yoast.com\/product\/yoast-seo-wordpress\/ -->\n<title>ACES + Zn 60 Softgels \u2013 Carlson Labs | ecosupplements.ch<\/title>\n<meta name=\"description\" content=\"Antioxidantien-Kombination mit Vitamin A, C, E, Zink und Selen \u2013 60 Softgels von Carlson Labs f\u00fcr Immunsystem und Zellschutz. Jetzt bestellen.\" \/>\n<meta name=\"robots\" content=\"index, follow, max-snippet:-1, max-image-preview:large, max-video-preview:-1\" \/>\n<link rel=\"canonical\" href=\"https:\/\/ecosupplements.ch\/?product=aces-zn-60-softgels\" \/>\n<meta property=\"og:locale\" content=\"de_DE\" \/>\n<meta property=\"og:type\" content=\"article\" \/>\n<meta property=\"og:title\" content=\"ACES + Zn 60 Softgels \u2013 Carlson Labs | ecosupplements.ch\" \/>\n<meta property=\"og:description\" content=\"Antioxidantien-Kombination mit Vitamin A, C, E, Zink und Selen \u2013 60 Softgels von Carlson Labs f\u00fcr Immunsystem und Zellschutz. Jetzt bestellen.\" \/>\n<meta property=\"og:url\" content=\"https:\/\/ecosupplements.ch\/?product=aces-zn-60-softgels\" \/>\n<meta property=\"og:site_name\" content=\"Eco Supplements\" \/>\n<meta property=\"article:modified_time\" content=\"2026-05-13T07:24:26+00:00\" \/>\n<meta property=\"og:image\" content=\"https:\/\/ecosupplements.ch\/wp-content\/uploads\/2026\/05\/ACES-Zn-60-softgels.jpg\" \/>\n\t<meta property=\"og:image:width\" content=\"1188\" \/>\n\t<meta property=\"og:image:height\" content=\"2048\" \/>\n\t<meta property=\"og:image:type\" content=\"image\/jpeg\" \/>\n<meta name=\"twitter:card\" content=\"summary_large_image\" \/>\n<meta name=\"twitter:label1\" content=\"Price\" \/>\n\t<meta name=\"twitter:data1\" content=\"&#067;&#072;&#070;&nbsp;22.36\" \/>\n\t<meta name=\"twitter:label2\" content=\"Availability\" \/>\n\t<meta name=\"twitter:data2\" content=\"Out of stock\" \/>\n<script type=\"application\/ld+json\" class=\"yoast-schema-graph\">{\"@context\":\"https:\\\/\\\/schema.org\",\"@graph\":[{\"@type\":\"WebPage\",\"@id\":\"https:\\\/\\\/ecosupplements.ch\\\/?product=aces-zn-60-softgels\",\"url\":\"https:\\\/\\\/ecosupplements.ch\\\/?product=aces-zn-60-softgels\",\"name\":\"ACES + Zn 60 Softgels \u2013 Carlson Labs | ecosupplements.ch\",\"isPartOf\":{\"@id\":\"https:\\\/\\\/ecosupplements.ch\\\/#website\"},\"primaryImageOfPage\":{\"@id\":\"https:\\\/\\\/ecosupplements.ch\\\/?product=aces-zn-60-softgels#primaryimage\"},\"image\":{\"@id\":\"https:\\\/\\\/ecosupplements.ch\\\/?product=aces-zn-60-softgels#primaryimage\"},\"thumbnailUrl\":\"https:\\\/\\\/ecosupplements.ch\\\/wp-content\\\/uploads\\\/2026\\\/05\\\/ACES-Zn-60-softgels.jpg\",\"datePublished\":\"2026-05-11T14:30:13+00:00\",\"dateModified\":\"2026-05-13T07:24:26+00:00\",\"description\":\"Antioxidantien-Kombination mit Vitamin A, C, E, Zink und Selen \u2013 60 Softgels von Carlson Labs f\u00fcr Immunsystem und Zellschutz. Jetzt bestellen.\",\"breadcrumb\":{\"@id\":\"https:\\\/\\\/ecosupplements.ch\\\/?product=aces-zn-60-softgels#breadcrumb\"},\"inLanguage\":\"de-CH\",\"potentialAction\":[{\"@type\":\"ReadAction\",\"target\":[\"https:\\\/\\\/ecosupplements.ch\\\/?product=aces-zn-60-softgels\"]}]},{\"@type\":\"ImageObject\",\"inLanguage\":\"de-CH\",\"@id\":\"https:\\\/\\\/ecosupplements.ch\\\/?product=aces-zn-60-softgels#primaryimage\",\"url\":\"https:\\\/\\\/ecosupplements.ch\\\/wp-content\\\/uploads\\\/2026\\\/05\\\/ACES-Zn-60-softgels.jpg\",\"contentUrl\":\"https:\\\/\\\/ecosupplements.ch\\\/wp-content\\\/uploads\\\/2026\\\/05\\\/ACES-Zn-60-softgels.jpg\",\"width\":1188,\"height\":2048,\"caption\":\"ACES + Zn - 60 softgels\"},{\"@type\":\"BreadcrumbList\",\"@id\":\"https:\\\/\\\/ecosupplements.ch\\\/?product=aces-zn-60-softgels#breadcrumb\",\"itemListElement\":[{\"@type\":\"ListItem\",\"position\":1,\"name\":\"Home\",\"item\":\"https:\\\/\\\/ecosupplements.ch\\\/\"},{\"@type\":\"ListItem\",\"position\":2,\"name\":\"Shop\",\"item\":\"https:\\\/\\\/ecosupplements.ch\\\/?page_id=14\"},{\"@type\":\"ListItem\",\"position\":3,\"name\":\"ACES + Zn &#8211; 60 softgels\"}]},{\"@type\":\"WebSite\",\"@id\":\"https:\\\/\\\/ecosupplements.ch\\\/#website\",\"url\":\"https:\\\/\\\/ecosupplements.ch\\\/\",\"name\":\"Eco Supplements\",\"description\":\"\",\"potentialAction\":[{\"@type\":\"SearchAction\",\"target\":{\"@type\":\"EntryPoint\",\"urlTemplate\":\"https:\\\/\\\/ecosupplements.ch\\\/?s={search_term_string}\"},\"query-input\":{\"@type\":\"PropertyValueSpecification\",\"valueRequired\":true,\"valueName\":\"search_term_string\"}}],\"inLanguage\":\"de-CH\"}]}<\/script>\n<meta property=\"product:price:amount\" content=\"22.36\" \/>\n<meta property=\"product:price:currency\" content=\"CHF\" \/>\n<meta property=\"og:availability\" content=\"out of stock\" \/>\n<meta property=\"product:availability\" content=\"out of stock\" \/>\n<meta property=\"product:retailer_item_id\" content=\"088395044205\" \/>\n<meta property=\"product:condition\" content=\"new\" \/>\n<!-- \/ Yoast SEO plugin. -->","yoast_head_json":{"title":"ACES + Zn 60 Softgels \u2013 Carlson Labs | ecosupplements.ch","description":"Antioxidantien-Kombination mit Vitamin A, C, E, Zink und Selen \u2013 60 Softgels von Carlson Labs f\u00fcr Immunsystem und Zellschutz. Jetzt bestellen.","robots":{"index":"index","follow":"follow","max-snippet":"max-snippet:-1","max-image-preview":"max-image-preview:large","max-video-preview":"max-video-preview:-1"},"canonical":"https:\/\/ecosupplements.ch\/?product=aces-zn-60-softgels","og_locale":"de_DE","og_type":"article","og_title":"ACES + Zn 60 Softgels \u2013 Carlson Labs | ecosupplements.ch","og_description":"Antioxidantien-Kombination mit Vitamin A, C, E, Zink und Selen \u2013 60 Softgels von Carlson Labs f\u00fcr Immunsystem und Zellschutz. Jetzt bestellen.","og_url":"https:\/\/ecosupplements.ch\/?product=aces-zn-60-softgels","og_site_name":"Eco Supplements","article_modified_time":"2026-05-13T07:24:26+00:00","og_image":[{"width":1188,"height":2048,"url":"https:\/\/ecosupplements.ch\/wp-content\/uploads\/2026\/05\/ACES-Zn-60-softgels.jpg","type":"image\/jpeg"}],"twitter_card":"summary_large_image","twitter_misc":{"Price":"&#67;&#72;&#70;&nbsp;22.36","Availability":"Out of stock"},"schema":{"@context":"https:\/\/schema.org","@graph":[{"@type":"WebPage","@id":"https:\/\/ecosupplements.ch\/?product=aces-zn-60-softgels","url":"https:\/\/ecosupplements.ch\/?product=aces-zn-60-softgels","name":"ACES + Zn 60 Softgels \u2013 Carlson Labs | ecosupplements.ch","isPartOf":{"@id":"https:\/\/ecosupplements.ch\/#website"},"primaryImageOfPage":{"@id":"https:\/\/ecosupplements.ch\/?product=aces-zn-60-softgels#primaryimage"},"image":{"@id":"https:\/\/ecosupplements.ch\/?product=aces-zn-60-softgels#primaryimage"},"thumbnailUrl":"https:\/\/ecosupplements.ch\/wp-content\/uploads\/2026\/05\/ACES-Zn-60-softgels.jpg","datePublished":"2026-05-11T14:30:13+00:00","dateModified":"2026-05-13T07:24:26+00:00","description":"Antioxidantien-Kombination mit Vitamin A, C, E, Zink und Selen \u2013 60 Softgels von Carlson Labs f\u00fcr Immunsystem und Zellschutz. Jetzt bestellen.","breadcrumb":{"@id":"https:\/\/ecosupplements.ch\/?product=aces-zn-60-softgels#breadcrumb"},"inLanguage":"de-CH","potentialAction":[{"@type":"ReadAction","target":["https:\/\/ecosupplements.ch\/?product=aces-zn-60-softgels"]}]},{"@type":"ImageObject","inLanguage":"de-CH","@id":"https:\/\/ecosupplements.ch\/?product=aces-zn-60-softgels#primaryimage","url":"https:\/\/ecosupplements.ch\/wp-content\/uploads\/2026\/05\/ACES-Zn-60-softgels.jpg","contentUrl":"https:\/\/ecosupplements.ch\/wp-content\/uploads\/2026\/05\/ACES-Zn-60-softgels.jpg","width":1188,"height":2048,"caption":"ACES + Zn - 60 softgels"},{"@type":"BreadcrumbList","@id":"https:\/\/ecosupplements.ch\/?product=aces-zn-60-softgels#breadcrumb","itemListElement":[{"@type":"ListItem","position":1,"name":"Home","item":"https:\/\/ecosupplements.ch\/"},{"@type":"ListItem","position":2,"name":"Shop","item":"https:\/\/ecosupplements.ch\/?page_id=14"},{"@type":"ListItem","position":3,"name":"ACES + Zn &#8211; 60 softgels"}]},{"@type":"WebSite","@id":"https:\/\/ecosupplements.ch\/#website","url":"https:\/\/ecosupplements.ch\/","name":"Eco Supplements","description":"","potentialAction":[{"@type":"SearchAction","target":{"@type":"EntryPoint","urlTemplate":"https:\/\/ecosupplements.ch\/?s={search_term_string}"},"query-input":{"@type":"PropertyValueSpecification","valueRequired":true,"valueName":"search_term_string"}}],"inLanguage":"de-CH"}]},"product_price_amount":"22.36","product_price_currency":"CHF","og_availability":"out of stock","product_availability":"out of stock","product_retailer_item_id":"088395044205","product_condition":"new"},"_links":{"self":[{"href":"https:\/\/ecosupplements.ch\/index.php?rest_route=\/wp\/v2\/product\/1556","targetHints":{"allow":["GET"]}}],"collection":[{"href":"https:\/\/ecosupplements.ch\/index.php?rest_route=\/wp\/v2\/product"}],"about":[{"href":"https:\/\/ecosupplements.ch\/index.php?rest_route=\/wp\/v2\/types\/product"}],"replies":[{"embeddable":true,"href":"https:\/\/ecosupplements.ch\/index.php?rest_route=%2Fwp%2Fv2%2Fcomments&post=1556"}],"wp:featuredmedia":[{"embeddable":true,"href":"https:\/\/ecosupplements.ch\/index.php?rest_route=\/wp\/v2\/media\/1557"}],"wp:attachment":[{"href":"https:\/\/ecosupplements.ch\/index.php?rest_route=%2Fwp%2Fv2%2Fmedia&parent=1556"}],"wp:term":[{"taxonomy":"product_brand","embeddable":true,"href":"https:\/\/ecosupplements.ch\/index.php?rest_route=%2Fwp%2Fv2%2Fproduct_brand&post=1556"},{"taxonomy":"product_cat","embeddable":true,"href":"https:\/\/ecosupplements.ch\/index.php?rest_route=%2Fwp%2Fv2%2Fproduct_cat&post=1556"},{"taxonomy":"product_tag","embeddable":true,"href":"https:\/\/ecosupplements.ch\/index.php?rest_route=%2Fwp%2Fv2%2Fproduct_tag&post=1556"}],"curies":[{"name":"wp","href":"https:\/\/api.w.org\/{rel}","templated":true}]}}