{"id":1578,"date":"2026-05-11T14:30:23","date_gmt":"2026-05-11T14:30:23","guid":{"rendered":"https:\/\/ecosupplements.ch\/?product=the-very-finest-fish-oil-natural-lemon-200-ml"},"modified":"2026-05-13T07:24:27","modified_gmt":"2026-05-13T07:24:27","slug":"the-very-finest-fish-oil-natural-lemon-200-ml","status":"publish","type":"product","link":"https:\/\/ecosupplements.ch\/?product=the-very-finest-fish-oil-natural-lemon-200-ml","title":{"rendered":"The Very Finest Fish Oil, Natural Lemon &#8211; 200 ml."},"content":{"rendered":"<div class=\"chcg-product-description\">\n<h2 class=\"chcg-heading\">\u00dcber Carlson Labs \u2013 The Very Finest Fish Oil, Natural Lemon \u2013 200 ml<\/h2>\n<div class=\"chcg-intro\">\n<p>Das Carlson Labs The Very Finest Fish Oil liefert pro Teel\u00f6ffel (5 ml) 1600 mg Omega-3-Fetts\u00e4uren aus hochwertigem norwegischem Fisch\u00f6l \u2013 darunter 800 mg EPA und 500 mg DHA. Diese essenziellen Fetts\u00e4uren tragen zur normalen Herzfunktion bei und unterst\u00fctzen die normale Gehirnfunktion sowie die Sehkraft.<\/p>\n<p>Das fl\u00fcssige Fisch\u00f6l mit nat\u00fcrlichem Zitronengeschmack ist besonders angenehm einzunehmen und eignet sich ideal f\u00fcr all jene, die Kapseln bevorzugt vermeiden m\u00f6chten. Dank der praktischen Fl\u00fcssigform l\u00e4sst sich die t\u00e4gliche Dosierung flexibel anpassen und direkt einnehmen oder in Speisen und Getr\u00e4nke einr\u00fchren.<\/p>\n<p>Carlson Labs setzt auf h\u00f6chste Qualit\u00e4tsstandards: Das Produkt wird regelm\u00e4ssig von unabh\u00e4ngigen, bei der FDA registrierten Labors auf Frische, Wirkstoffgehalt und Reinheit gepr\u00fcft. Es wurde als frei von bedenklichen Mengen an Quecksilber, Cadmium, Blei, PCBs und 28 weiteren Schadstoffen befunden.<\/p>\n<\/p><\/div>\n<div class=\"chcg-nutrition\">\n<h3>N\u00e4hrwertangaben<\/h3>\n<table class=\"chcg-nutrition-table\">\n<thead>\n<tr>\n<th>N\u00e4hrstoff<\/th>\n<th>Pro Portion (5 ml)<\/th>\n<\/tr>\n<\/thead>\n<tbody>\n<tr>\n<td>Vitamin E (als nat\u00fcrliches d-alpha Tocopherol)<\/td>\n<td>6,70 mg (56% NRV)<\/td>\n<\/tr>\n<tr>\n<td>Omega-3-Fetts\u00e4uren<\/td>\n<td>1600 mg<\/td>\n<\/tr>\n<tr>\n<td>\u2013 EPA (Eicosapentaens\u00e4ure)<\/td>\n<td>800 mg<\/td>\n<\/tr>\n<tr>\n<td>\u2013 DHA (Docosahexaens\u00e4ure)<\/td>\n<td>500 mg<\/td>\n<\/tr>\n<\/tbody>\n<\/table>\n<p class=\"chcg-footnote\">NRV = N\u00e4hrstoffbezugswert gem\u00e4ss EU-Verordnung. Portionsgr\u00f6sse: 1 Teel\u00f6ffel (5 ml). Portionen pro Beh\u00e4lter: 40.<\/p>\n<\/p><\/div>\n<div class=\"chcg-ingredients\">\n<h3>Zutaten<\/h3>\n<p>Norwegisches Fisch\u00f6l. Enth\u00e4lt &lt;0,5% der folgenden Zutaten: Vitamin E (als nat\u00fcrliches d-alpha Tocopherol), nat\u00fcrliche Aromen, Antioxidationsmittelgemisch (Sonnenblumen\u00f6l, nat\u00fcrliche gemischte Tocopherole, Rosmarinextrakt). Enth\u00e4lt Fisch (Sardelle, Sardine, Makrele, St\u00f6cker).<\/p>\n<\/p><\/div>\n<div class=\"chcg-dosage\">\n<h3>Verzehrempfehlung<\/h3>\n<p>Erwachsene: Einmal oder zweimal t\u00e4glich einen Teel\u00f6ffel (5 ml) zu den Mahlzeiten einnehmen.<\/p>\n<\/p><\/div>\n<div class=\"chcg-warnings\">\n<h3>Warnhinweise<\/h3>\n<p>Nach dem erstmaligen \u00d6ffnen der Flasche k\u00fchl lagern und vorzugsweise innerhalb von 100 Tagen verbrauchen. Dieses Produkt wird regelm\u00e4ssig von unabh\u00e4ngigen, bei der FDA registrierten Labors auf Frische, Wirkstoffgehalt und Reinheit gepr\u00fcft. Es wurde als frei von bedenklichen Mengen an Quecksilber, Cadmium, Blei, PCBs und 28 weiteren Schadstoffen befunden.<\/p>\n<\/p><\/div>\n<div class=\"chcg-allergens\">\n<h3>Allergeninformationen<\/h3>\n<p>Enth\u00e4lt Fisch (Sardelle, Sardine, Makrele, St\u00f6cker).<\/p>\n<\/p><\/div>\n<div class=\"chcg-storage\">\n<h3>Lagerung<\/h3>\n<p>Nach dem erstmaligen \u00d6ffnen der Flasche k\u00fchl lagern und vorzugsweise innerhalb von 100 Tagen verbrauchen.<\/p>\n<\/p><\/div>\n<div class=\"chcg-dietary\">\n<h3>Ern\u00e4hrungshinweise<\/h3>\n<ul>\n<li>Glutenfrei<\/li>\n<li>Laktosefrei<\/li>\n<\/ul><\/div>\n<\/div>\n","protected":false},"excerpt":{"rendered":"<p>Carlson Labs The Very Finest Fish Oil liefert 1600 mg Omega-3 pro Teel\u00f6ffel, darunter 800 mg EPA und 500 mg DHA, mit nat\u00fcrlichem Zitronengeschmack. Fl\u00fcssiges Fisch\u00f6l, 200 ml (40 Portionen). Gepr\u00fcfte Reinheit und Qualit\u00e4t.<\/p>\n","protected":false},"featured_media":1579,"comment_status":"closed","ping_status":"open","template":"","meta":[],"product_brand":[176],"product_cat":[48,39,33],"product_tag":[],"class_list":{"0":"post-1578","1":"product","2":"type-product","3":"status-publish","4":"has-post-thumbnail","6":"product_brand-carlson-labs","7":"product_cat-gesunde-ernaehrung","8":"product_cat-omega-und-fischoel","9":"product_cat-omega-fettsaeuren-essentielle-fettsaeuren-konjugierte-linolsaeure-oele","11":"first","12":"outofstock","13":"taxable","14":"shipping-taxable","15":"purchasable","16":"product-type-simple"},"yoast_head":"<!-- This site is optimized with the Yoast SEO plugin v27.5 - https:\/\/yoast.com\/product\/yoast-seo-wordpress\/ -->\n<title>The Very Finest Fish Oil Lemon \u2013 Carlson Labs | ecosupplements.ch<\/title>\n<meta name=\"description\" content=\"1600 mg Omega-3 pro Portion mit EPA &amp; DHA \u2013 fl\u00fcssiges Fisch\u00f6l mit Zitronengeschmack, 200 ml. Gepr\u00fcfte Reinheit von Carlson Labs. Jetzt bestellen.\" \/>\n<meta name=\"robots\" content=\"index, follow, max-snippet:-1, max-image-preview:large, max-video-preview:-1\" \/>\n<link rel=\"canonical\" href=\"https:\/\/ecosupplements.ch\/?product=the-very-finest-fish-oil-natural-lemon-200-ml\" \/>\n<meta property=\"og:locale\" content=\"de_DE\" \/>\n<meta property=\"og:type\" content=\"article\" \/>\n<meta property=\"og:title\" content=\"The Very Finest Fish Oil Lemon \u2013 Carlson Labs | ecosupplements.ch\" \/>\n<meta property=\"og:description\" content=\"1600 mg Omega-3 pro Portion mit EPA &amp; DHA \u2013 fl\u00fcssiges Fisch\u00f6l mit Zitronengeschmack, 200 ml. Gepr\u00fcfte Reinheit von Carlson Labs. Jetzt bestellen.\" \/>\n<meta property=\"og:url\" content=\"https:\/\/ecosupplements.ch\/?product=the-very-finest-fish-oil-natural-lemon-200-ml\" \/>\n<meta property=\"og:site_name\" content=\"Eco Supplements\" \/>\n<meta property=\"article:modified_time\" content=\"2026-05-13T07:24:27+00:00\" \/>\n<meta property=\"og:image\" content=\"https:\/\/ecosupplements.ch\/wp-content\/uploads\/2026\/05\/The-Very-Finest-Fish-Oil-Natural-Lemon-200-ml.jpg\" \/>\n\t<meta property=\"og:image:width\" content=\"370\" \/>\n\t<meta property=\"og:image:height\" content=\"941\" \/>\n\t<meta property=\"og:image:type\" content=\"image\/jpeg\" \/>\n<meta name=\"twitter:card\" content=\"summary_large_image\" \/>\n<meta name=\"twitter:label1\" content=\"Price\" \/>\n\t<meta name=\"twitter:data1\" content=\"&#067;&#072;&#070;&nbsp;33.22\" \/>\n\t<meta name=\"twitter:label2\" content=\"Availability\" \/>\n\t<meta name=\"twitter:data2\" content=\"Out of stock\" \/>\n<script type=\"application\/ld+json\" class=\"yoast-schema-graph\">{\"@context\":\"https:\\\/\\\/schema.org\",\"@graph\":[{\"@type\":\"WebPage\",\"@id\":\"https:\\\/\\\/ecosupplements.ch\\\/?product=the-very-finest-fish-oil-natural-lemon-200-ml\",\"url\":\"https:\\\/\\\/ecosupplements.ch\\\/?product=the-very-finest-fish-oil-natural-lemon-200-ml\",\"name\":\"The Very Finest Fish Oil Lemon \u2013 Carlson Labs | ecosupplements.ch\",\"isPartOf\":{\"@id\":\"https:\\\/\\\/ecosupplements.ch\\\/#website\"},\"primaryImageOfPage\":{\"@id\":\"https:\\\/\\\/ecosupplements.ch\\\/?product=the-very-finest-fish-oil-natural-lemon-200-ml#primaryimage\"},\"image\":{\"@id\":\"https:\\\/\\\/ecosupplements.ch\\\/?product=the-very-finest-fish-oil-natural-lemon-200-ml#primaryimage\"},\"thumbnailUrl\":\"https:\\\/\\\/ecosupplements.ch\\\/wp-content\\\/uploads\\\/2026\\\/05\\\/The-Very-Finest-Fish-Oil-Natural-Lemon-200-ml.jpg\",\"datePublished\":\"2026-05-11T14:30:23+00:00\",\"dateModified\":\"2026-05-13T07:24:27+00:00\",\"description\":\"1600 mg Omega-3 pro Portion mit EPA & DHA \u2013 fl\u00fcssiges Fisch\u00f6l mit Zitronengeschmack, 200 ml. Gepr\u00fcfte Reinheit von Carlson Labs. Jetzt bestellen.\",\"breadcrumb\":{\"@id\":\"https:\\\/\\\/ecosupplements.ch\\\/?product=the-very-finest-fish-oil-natural-lemon-200-ml#breadcrumb\"},\"inLanguage\":\"de-CH\",\"potentialAction\":[{\"@type\":\"ReadAction\",\"target\":[\"https:\\\/\\\/ecosupplements.ch\\\/?product=the-very-finest-fish-oil-natural-lemon-200-ml\"]}]},{\"@type\":\"ImageObject\",\"inLanguage\":\"de-CH\",\"@id\":\"https:\\\/\\\/ecosupplements.ch\\\/?product=the-very-finest-fish-oil-natural-lemon-200-ml#primaryimage\",\"url\":\"https:\\\/\\\/ecosupplements.ch\\\/wp-content\\\/uploads\\\/2026\\\/05\\\/The-Very-Finest-Fish-Oil-Natural-Lemon-200-ml.jpg\",\"contentUrl\":\"https:\\\/\\\/ecosupplements.ch\\\/wp-content\\\/uploads\\\/2026\\\/05\\\/The-Very-Finest-Fish-Oil-Natural-Lemon-200-ml.jpg\",\"width\":370,\"height\":941,\"caption\":\"The Very Finest Fish Oil\"},{\"@type\":\"BreadcrumbList\",\"@id\":\"https:\\\/\\\/ecosupplements.ch\\\/?product=the-very-finest-fish-oil-natural-lemon-200-ml#breadcrumb\",\"itemListElement\":[{\"@type\":\"ListItem\",\"position\":1,\"name\":\"Home\",\"item\":\"https:\\\/\\\/ecosupplements.ch\\\/\"},{\"@type\":\"ListItem\",\"position\":2,\"name\":\"Shop\",\"item\":\"https:\\\/\\\/ecosupplements.ch\\\/?page_id=14\"},{\"@type\":\"ListItem\",\"position\":3,\"name\":\"The Very Finest Fish Oil, Natural Lemon &#8211; 200 ml.\"}]},{\"@type\":\"WebSite\",\"@id\":\"https:\\\/\\\/ecosupplements.ch\\\/#website\",\"url\":\"https:\\\/\\\/ecosupplements.ch\\\/\",\"name\":\"Eco Supplements\",\"description\":\"\",\"potentialAction\":[{\"@type\":\"SearchAction\",\"target\":{\"@type\":\"EntryPoint\",\"urlTemplate\":\"https:\\\/\\\/ecosupplements.ch\\\/?s={search_term_string}\"},\"query-input\":{\"@type\":\"PropertyValueSpecification\",\"valueRequired\":true,\"valueName\":\"search_term_string\"}}],\"inLanguage\":\"de-CH\"}]}<\/script>\n<meta property=\"product:price:amount\" content=\"33.22\" \/>\n<meta property=\"product:price:currency\" content=\"CHF\" \/>\n<meta property=\"og:availability\" content=\"out of stock\" \/>\n<meta property=\"product:availability\" content=\"out of stock\" \/>\n<meta property=\"product:retailer_item_id\" content=\"088395015403\" \/>\n<meta property=\"product:condition\" content=\"new\" \/>\n<!-- \/ Yoast SEO plugin. -->","yoast_head_json":{"title":"The Very Finest Fish Oil Lemon \u2013 Carlson Labs | ecosupplements.ch","description":"1600 mg Omega-3 pro Portion mit EPA & DHA \u2013 fl\u00fcssiges Fisch\u00f6l mit Zitronengeschmack, 200 ml. Gepr\u00fcfte Reinheit von Carlson Labs. Jetzt bestellen.","robots":{"index":"index","follow":"follow","max-snippet":"max-snippet:-1","max-image-preview":"max-image-preview:large","max-video-preview":"max-video-preview:-1"},"canonical":"https:\/\/ecosupplements.ch\/?product=the-very-finest-fish-oil-natural-lemon-200-ml","og_locale":"de_DE","og_type":"article","og_title":"The Very Finest Fish Oil Lemon \u2013 Carlson Labs | ecosupplements.ch","og_description":"1600 mg Omega-3 pro Portion mit EPA & DHA \u2013 fl\u00fcssiges Fisch\u00f6l mit Zitronengeschmack, 200 ml. Gepr\u00fcfte Reinheit von Carlson Labs. Jetzt bestellen.","og_url":"https:\/\/ecosupplements.ch\/?product=the-very-finest-fish-oil-natural-lemon-200-ml","og_site_name":"Eco Supplements","article_modified_time":"2026-05-13T07:24:27+00:00","og_image":[{"width":370,"height":941,"url":"https:\/\/ecosupplements.ch\/wp-content\/uploads\/2026\/05\/The-Very-Finest-Fish-Oil-Natural-Lemon-200-ml.jpg","type":"image\/jpeg"}],"twitter_card":"summary_large_image","twitter_misc":{"Price":"&#67;&#72;&#70;&nbsp;33.22","Availability":"Out of stock"},"schema":{"@context":"https:\/\/schema.org","@graph":[{"@type":"WebPage","@id":"https:\/\/ecosupplements.ch\/?product=the-very-finest-fish-oil-natural-lemon-200-ml","url":"https:\/\/ecosupplements.ch\/?product=the-very-finest-fish-oil-natural-lemon-200-ml","name":"The Very Finest Fish Oil Lemon \u2013 Carlson Labs | ecosupplements.ch","isPartOf":{"@id":"https:\/\/ecosupplements.ch\/#website"},"primaryImageOfPage":{"@id":"https:\/\/ecosupplements.ch\/?product=the-very-finest-fish-oil-natural-lemon-200-ml#primaryimage"},"image":{"@id":"https:\/\/ecosupplements.ch\/?product=the-very-finest-fish-oil-natural-lemon-200-ml#primaryimage"},"thumbnailUrl":"https:\/\/ecosupplements.ch\/wp-content\/uploads\/2026\/05\/The-Very-Finest-Fish-Oil-Natural-Lemon-200-ml.jpg","datePublished":"2026-05-11T14:30:23+00:00","dateModified":"2026-05-13T07:24:27+00:00","description":"1600 mg Omega-3 pro Portion mit EPA & DHA \u2013 fl\u00fcssiges Fisch\u00f6l mit Zitronengeschmack, 200 ml. Gepr\u00fcfte Reinheit von Carlson Labs. Jetzt bestellen.","breadcrumb":{"@id":"https:\/\/ecosupplements.ch\/?product=the-very-finest-fish-oil-natural-lemon-200-ml#breadcrumb"},"inLanguage":"de-CH","potentialAction":[{"@type":"ReadAction","target":["https:\/\/ecosupplements.ch\/?product=the-very-finest-fish-oil-natural-lemon-200-ml"]}]},{"@type":"ImageObject","inLanguage":"de-CH","@id":"https:\/\/ecosupplements.ch\/?product=the-very-finest-fish-oil-natural-lemon-200-ml#primaryimage","url":"https:\/\/ecosupplements.ch\/wp-content\/uploads\/2026\/05\/The-Very-Finest-Fish-Oil-Natural-Lemon-200-ml.jpg","contentUrl":"https:\/\/ecosupplements.ch\/wp-content\/uploads\/2026\/05\/The-Very-Finest-Fish-Oil-Natural-Lemon-200-ml.jpg","width":370,"height":941,"caption":"The Very Finest Fish Oil"},{"@type":"BreadcrumbList","@id":"https:\/\/ecosupplements.ch\/?product=the-very-finest-fish-oil-natural-lemon-200-ml#breadcrumb","itemListElement":[{"@type":"ListItem","position":1,"name":"Home","item":"https:\/\/ecosupplements.ch\/"},{"@type":"ListItem","position":2,"name":"Shop","item":"https:\/\/ecosupplements.ch\/?page_id=14"},{"@type":"ListItem","position":3,"name":"The Very Finest Fish Oil, Natural Lemon &#8211; 200 ml."}]},{"@type":"WebSite","@id":"https:\/\/ecosupplements.ch\/#website","url":"https:\/\/ecosupplements.ch\/","name":"Eco Supplements","description":"","potentialAction":[{"@type":"SearchAction","target":{"@type":"EntryPoint","urlTemplate":"https:\/\/ecosupplements.ch\/?s={search_term_string}"},"query-input":{"@type":"PropertyValueSpecification","valueRequired":true,"valueName":"search_term_string"}}],"inLanguage":"de-CH"}]},"product_price_amount":"33.22","product_price_currency":"CHF","og_availability":"out of stock","product_availability":"out of stock","product_retailer_item_id":"088395015403","product_condition":"new"},"_links":{"self":[{"href":"https:\/\/ecosupplements.ch\/index.php?rest_route=\/wp\/v2\/product\/1578","targetHints":{"allow":["GET"]}}],"collection":[{"href":"https:\/\/ecosupplements.ch\/index.php?rest_route=\/wp\/v2\/product"}],"about":[{"href":"https:\/\/ecosupplements.ch\/index.php?rest_route=\/wp\/v2\/types\/product"}],"replies":[{"embeddable":true,"href":"https:\/\/ecosupplements.ch\/index.php?rest_route=%2Fwp%2Fv2%2Fcomments&post=1578"}],"wp:featuredmedia":[{"embeddable":true,"href":"https:\/\/ecosupplements.ch\/index.php?rest_route=\/wp\/v2\/media\/1579"}],"wp:attachment":[{"href":"https:\/\/ecosupplements.ch\/index.php?rest_route=%2Fwp%2Fv2%2Fmedia&parent=1578"}],"wp:term":[{"taxonomy":"product_brand","embeddable":true,"href":"https:\/\/ecosupplements.ch\/index.php?rest_route=%2Fwp%2Fv2%2Fproduct_brand&post=1578"},{"taxonomy":"product_cat","embeddable":true,"href":"https:\/\/ecosupplements.ch\/index.php?rest_route=%2Fwp%2Fv2%2Fproduct_cat&post=1578"},{"taxonomy":"product_tag","embeddable":true,"href":"https:\/\/ecosupplements.ch\/index.php?rest_route=%2Fwp%2Fv2%2Fproduct_tag&post=1578"}],"curies":[{"name":"wp","href":"https:\/\/api.w.org\/{rel}","templated":true}]}}