{"id":1627,"date":"2026-05-11T14:30:43","date_gmt":"2026-05-11T14:30:43","guid":{"rendered":"https:\/\/ecosupplements.ch\/?product=fast-acting-arginine-complex-with-nitrosigine-750mg-60-tablets"},"modified":"2026-05-13T07:24:30","modified_gmt":"2026-05-13T07:24:30","slug":"fast-acting-arginine-complex-with-nitrosigine-750mg-60-tablets","status":"publish","type":"product","link":"https:\/\/ecosupplements.ch\/?product=fast-acting-arginine-complex-with-nitrosigine-750mg-60-tablets","title":{"rendered":"Fast Acting Arginine Complex with Nitrosigine, 750mg &#8211; 60 tablets"},"content":{"rendered":"<div class=\"chcg-product-description\">\n<h2 class=\"chcg-heading\">\u00dcber Doctor&#8217;s Best \u2013 Fast Acting Arginine Complex mit Nitrosigine, 750mg \u2013 60 Tabletten<\/h2>\n<div class=\"chcg-intro\">\n<p>Der Fast Acting Arginine Complex von Doctor&#8217;s Best enth\u00e4lt Nitrosigine\u00ae \u2013 eine patentierte, Inositol-stabilisierte Arginin-Silikat-Verbindung, die f\u00fcr ihre schnelle Bioverf\u00fcgbarkeit bekannt ist. Mit 1500 mg Nitrosigine pro Tagesportion bietet dieses Produkt eine hochwertige Formulierung f\u00fcr alle, die ihre t\u00e4gliche N\u00e4hrstoffversorgung gezielt erg\u00e4nzen m\u00f6chten.<\/p>\n<p>Nitrosigine\u00ae ist eine wissenschaftlich entwickelte Wirkstoffform, die sich durch ihre besondere Stabilit\u00e4t und L\u00f6slichkeit auszeichnet. Die Kombination aus Arginin und Inositol sorgt f\u00fcr eine gezielte N\u00e4hrstoffzufuhr, die herk\u00f6mmliche Arginin-Formen \u00fcbertreffen kann. Jede Tagesportion liefert zudem Calcium und Kalium als wichtige Mineralstoffe.<\/p>\n<p>Doctor&#8217;s Best setzt auf h\u00f6chste Qualit\u00e4tsstandards und verwendet ausschliesslich vegane sowie glutenfreie Zutaten. Die Tabletten sind einfach in der Handhabung und eignen sich ideal f\u00fcr die t\u00e4gliche Einnahmeroutine.<\/p>\n<\/p><\/div>\n<div class=\"chcg-nutrition\">\n<h3>N\u00e4hrwertangaben<\/h3>\n<table class=\"chcg-nutrition-table\">\n<thead>\n<tr>\n<th>N\u00e4hrstoff<\/th>\n<th>Pro Portion (2 Tabletten)<\/th>\n<\/tr>\n<\/thead>\n<tbody>\n<tr>\n<td>Calcium (aus Dicalciumphosphat)<\/td>\n<td>93 mg (12% NRV)<\/td>\n<\/tr>\n<tr>\n<td>Kalium (aus Nitrosigine)<\/td>\n<td>60 mg (3% NRV)<\/td>\n<\/tr>\n<tr>\n<td>Inositol-stabilisiertes Arginin-Silikat (als Nitrosigine\u00ae)<\/td>\n<td>1500 mg (*)<\/td>\n<\/tr>\n<\/tbody>\n<\/table>\n<p class=\"chcg-footnote\">* Kein festgelegter Tagesbedarf.<\/p>\n<p class=\"chcg-footnote\">Portionsgr\u00f6sse: 2 Tabletten | Portionen pro Packung: 30<\/p>\n<\/p><\/div>\n<div class=\"chcg-ingredients\">\n<h3>Zutaten<\/h3>\n<p>Calcium (aus Dicalciumphosphat), Kalium (aus Nitrosigine\u00ae), Inositol-stabilisiertes Arginin-Silikat (als Nitrosigine\u00ae).<\/p>\n<p>Weitere Zutaten: Mikrokristalline Cellulose, Croscarmellose-Natrium, Stearins\u00e4ure, Hydroxypropylcellulose, Magnesiumstearat (pflanzlicher Herkunft), klare Beschichtung (Hypromellose, Glycerin).<\/p>\n<\/p><\/div>\n<div class=\"chcg-dosage\">\n<h3>Verzehrempfehlung<\/h3>\n<p>T\u00e4glich 2 Tabletten einnehmen, vorzugsweise ohne Nahrung, oder gem\u00e4ss Empfehlung eines ern\u00e4hrungskundigen Arztes. Portionsgr\u00f6sse: 2 Tabletten. Portionen pro Packung: 30.<\/p>\n<\/p><\/div>\n<div class=\"chcg-warnings\">\n<h3>Warnhinweise<\/h3>\n<p>Nitrosigine\u00ae ist ausschliesslich f\u00fcr Erwachsene empfohlen und darf von schwangeren oder stillenden Frauen nicht eingenommen werden. Konsultieren Sie Ihren Arzt vor der Einnahme dieses Produkts, wenn Sie schwanger sind, stillen, an einer medizinischen Erkrankung leiden, verschreibungspflichtige Medikamente einnehmen oder andere Nahrungserg\u00e4nzungsmittel verwenden, die in Verbindung mit diesem Produkt den Blutdruck senken k\u00f6nnten. Nicht geeignet f\u00fcr Personen unter 18 Jahren. Ausserhalb der Reichweite von Kindern aufbewahren.<\/p>\n<\/p><\/div>\n<div class=\"chcg-allergens\">\n<h3>Allergeninformationen<\/h3>\n<p>Frei von: Gluten, Soja, GVO und tierischen Zutaten. Keine Allergene auf dem Etikett deklariert.<\/p>\n<\/p><\/div>\n<div class=\"chcg-storage\">\n<h3>Lagerung<\/h3>\n<p>An einem k\u00fchlen, trockenen Ort aufbewahren.<\/p>\n<\/p><\/div>\n<div class=\"chcg-dietary\">\n<h3>Ern\u00e4hrungshinweise<\/h3>\n<ul>\n<li>Vegan<\/li>\n<li>Vegetarisch<\/li>\n<li>Glutenfrei<\/li>\n<li>Laktosefrei<\/li>\n<\/ul><\/div>\n<\/div>\n","protected":false},"excerpt":{"rendered":"<p>Fast Acting Arginine Complex von Doctor&#8217;s Best liefert 1500 mg Nitrosigine\u00ae pro Tagesportion f\u00fcr eine gezielte N\u00e4hrstofferg\u00e4nzung. Erh\u00e4ltlich als vegane Tabletten, 60 St\u00fcck pro Packung (30 Portionen). Glutenfrei und ohne tierische Zutaten.<\/p>\n","protected":false},"featured_media":1628,"comment_status":"closed","ping_status":"open","template":"","meta":[],"product_brand":[177],"product_cat":[514,90,48,518,164,22,21],"product_tag":[],"class_list":{"0":"post-1627","1":"product","2":"type-product","3":"status-publish","4":"has-post-thumbnail","6":"product_brand-doctors-best","7":"product_cat-aminosaeuren-und-bcaas","8":"product_cat-fitness-training","9":"product_cat-gesunde-ernaehrung","10":"product_cat-l-arginin-aminosaeuren-und-bcaas","11":"product_cat-stickoxid-booster","12":"product_cat-vegane-produkte","13":"product_cat-vitamine-und-mineralstoffe","15":"first","16":"outofstock","17":"taxable","18":"shipping-taxable","19":"purchasable","20":"product-type-simple"},"yoast_head":"<!-- This site is optimized with the Yoast SEO plugin v27.5 - https:\/\/yoast.com\/product\/yoast-seo-wordpress\/ -->\n<title>Fast Acting Arginine Complex Nitrosigine \u2013 Doctor&#039;s Best | ecosupplements.ch<\/title>\n<meta name=\"description\" content=\"Doctor&#039;s Best Arginine Complex mit 1500 mg Nitrosigine\u00ae pro Portion \u2013 vegane Tabletten, 60 St\u00fcck, glutenfrei. Jetzt bestellen.\" \/>\n<meta name=\"robots\" content=\"index, follow, max-snippet:-1, max-image-preview:large, max-video-preview:-1\" \/>\n<link rel=\"canonical\" href=\"https:\/\/ecosupplements.ch\/?product=fast-acting-arginine-complex-with-nitrosigine-750mg-60-tablets\" \/>\n<meta property=\"og:locale\" content=\"de_DE\" \/>\n<meta property=\"og:type\" content=\"article\" \/>\n<meta property=\"og:title\" content=\"Fast Acting Arginine Complex Nitrosigine \u2013 Doctor&#039;s Best | ecosupplements.ch\" \/>\n<meta property=\"og:description\" content=\"Doctor&#039;s Best Arginine Complex mit 1500 mg Nitrosigine\u00ae pro Portion \u2013 vegane Tabletten, 60 St\u00fcck, glutenfrei. Jetzt bestellen.\" \/>\n<meta property=\"og:url\" content=\"https:\/\/ecosupplements.ch\/?product=fast-acting-arginine-complex-with-nitrosigine-750mg-60-tablets\" \/>\n<meta property=\"og:site_name\" content=\"Eco Supplements\" \/>\n<meta property=\"article:modified_time\" content=\"2026-05-13T07:24:30+00:00\" \/>\n<meta property=\"og:image\" content=\"https:\/\/ecosupplements.ch\/wp-content\/uploads\/2026\/05\/Fast-Acting-Arginine-Complex-with-Nitrosigine-750mg-60-tablets.jpg\" \/>\n\t<meta property=\"og:image:width\" content=\"800\" \/>\n\t<meta property=\"og:image:height\" content=\"800\" \/>\n\t<meta property=\"og:image:type\" content=\"image\/jpeg\" \/>\n<meta name=\"twitter:card\" content=\"summary_large_image\" \/>\n<meta name=\"twitter:label1\" content=\"Price\" \/>\n\t<meta name=\"twitter:data1\" content=\"&#067;&#072;&#070;&nbsp;29.18\" \/>\n\t<meta name=\"twitter:label2\" content=\"Availability\" \/>\n\t<meta name=\"twitter:data2\" content=\"Out of stock\" \/>\n<script type=\"application\/ld+json\" class=\"yoast-schema-graph\">{\"@context\":\"https:\\\/\\\/schema.org\",\"@graph\":[{\"@type\":\"WebPage\",\"@id\":\"https:\\\/\\\/ecosupplements.ch\\\/?product=fast-acting-arginine-complex-with-nitrosigine-750mg-60-tablets\",\"url\":\"https:\\\/\\\/ecosupplements.ch\\\/?product=fast-acting-arginine-complex-with-nitrosigine-750mg-60-tablets\",\"name\":\"Fast Acting Arginine Complex Nitrosigine \u2013 Doctor's Best | ecosupplements.ch\",\"isPartOf\":{\"@id\":\"https:\\\/\\\/ecosupplements.ch\\\/#website\"},\"primaryImageOfPage\":{\"@id\":\"https:\\\/\\\/ecosupplements.ch\\\/?product=fast-acting-arginine-complex-with-nitrosigine-750mg-60-tablets#primaryimage\"},\"image\":{\"@id\":\"https:\\\/\\\/ecosupplements.ch\\\/?product=fast-acting-arginine-complex-with-nitrosigine-750mg-60-tablets#primaryimage\"},\"thumbnailUrl\":\"https:\\\/\\\/ecosupplements.ch\\\/wp-content\\\/uploads\\\/2026\\\/05\\\/Fast-Acting-Arginine-Complex-with-Nitrosigine-750mg-60-tablets.jpg\",\"datePublished\":\"2026-05-11T14:30:43+00:00\",\"dateModified\":\"2026-05-13T07:24:30+00:00\",\"description\":\"Doctor's Best Arginine Complex mit 1500 mg Nitrosigine\u00ae pro Portion \u2013 vegane Tabletten, 60 St\u00fcck, glutenfrei. Jetzt bestellen.\",\"breadcrumb\":{\"@id\":\"https:\\\/\\\/ecosupplements.ch\\\/?product=fast-acting-arginine-complex-with-nitrosigine-750mg-60-tablets#breadcrumb\"},\"inLanguage\":\"de-CH\",\"potentialAction\":[{\"@type\":\"ReadAction\",\"target\":[\"https:\\\/\\\/ecosupplements.ch\\\/?product=fast-acting-arginine-complex-with-nitrosigine-750mg-60-tablets\"]}]},{\"@type\":\"ImageObject\",\"inLanguage\":\"de-CH\",\"@id\":\"https:\\\/\\\/ecosupplements.ch\\\/?product=fast-acting-arginine-complex-with-nitrosigine-750mg-60-tablets#primaryimage\",\"url\":\"https:\\\/\\\/ecosupplements.ch\\\/wp-content\\\/uploads\\\/2026\\\/05\\\/Fast-Acting-Arginine-Complex-with-Nitrosigine-750mg-60-tablets.jpg\",\"contentUrl\":\"https:\\\/\\\/ecosupplements.ch\\\/wp-content\\\/uploads\\\/2026\\\/05\\\/Fast-Acting-Arginine-Complex-with-Nitrosigine-750mg-60-tablets.jpg\",\"width\":800,\"height\":800,\"caption\":\"Fast Acting Arginine Complex with Nitrosigine\"},{\"@type\":\"BreadcrumbList\",\"@id\":\"https:\\\/\\\/ecosupplements.ch\\\/?product=fast-acting-arginine-complex-with-nitrosigine-750mg-60-tablets#breadcrumb\",\"itemListElement\":[{\"@type\":\"ListItem\",\"position\":1,\"name\":\"Home\",\"item\":\"https:\\\/\\\/ecosupplements.ch\\\/\"},{\"@type\":\"ListItem\",\"position\":2,\"name\":\"Shop\",\"item\":\"https:\\\/\\\/ecosupplements.ch\\\/?page_id=14\"},{\"@type\":\"ListItem\",\"position\":3,\"name\":\"Fast Acting Arginine Complex with Nitrosigine, 750mg &#8211; 60 tablets\"}]},{\"@type\":\"WebSite\",\"@id\":\"https:\\\/\\\/ecosupplements.ch\\\/#website\",\"url\":\"https:\\\/\\\/ecosupplements.ch\\\/\",\"name\":\"Eco Supplements\",\"description\":\"\",\"potentialAction\":[{\"@type\":\"SearchAction\",\"target\":{\"@type\":\"EntryPoint\",\"urlTemplate\":\"https:\\\/\\\/ecosupplements.ch\\\/?s={search_term_string}\"},\"query-input\":{\"@type\":\"PropertyValueSpecification\",\"valueRequired\":true,\"valueName\":\"search_term_string\"}}],\"inLanguage\":\"de-CH\"}]}<\/script>\n<meta property=\"product:price:amount\" content=\"29.18\" \/>\n<meta property=\"product:price:currency\" content=\"CHF\" \/>\n<meta property=\"og:availability\" content=\"out of stock\" \/>\n<meta property=\"product:availability\" content=\"out of stock\" \/>\n<meta property=\"product:retailer_item_id\" content=\"753950004061\" \/>\n<meta property=\"product:condition\" content=\"new\" \/>\n<!-- \/ Yoast SEO plugin. -->","yoast_head_json":{"title":"Fast Acting Arginine Complex Nitrosigine \u2013 Doctor's Best | ecosupplements.ch","description":"Doctor's Best Arginine Complex mit 1500 mg Nitrosigine\u00ae pro Portion \u2013 vegane Tabletten, 60 St\u00fcck, glutenfrei. Jetzt bestellen.","robots":{"index":"index","follow":"follow","max-snippet":"max-snippet:-1","max-image-preview":"max-image-preview:large","max-video-preview":"max-video-preview:-1"},"canonical":"https:\/\/ecosupplements.ch\/?product=fast-acting-arginine-complex-with-nitrosigine-750mg-60-tablets","og_locale":"de_DE","og_type":"article","og_title":"Fast Acting Arginine Complex Nitrosigine \u2013 Doctor's Best | ecosupplements.ch","og_description":"Doctor's Best Arginine Complex mit 1500 mg Nitrosigine\u00ae pro Portion \u2013 vegane Tabletten, 60 St\u00fcck, glutenfrei. Jetzt bestellen.","og_url":"https:\/\/ecosupplements.ch\/?product=fast-acting-arginine-complex-with-nitrosigine-750mg-60-tablets","og_site_name":"Eco Supplements","article_modified_time":"2026-05-13T07:24:30+00:00","og_image":[{"width":800,"height":800,"url":"https:\/\/ecosupplements.ch\/wp-content\/uploads\/2026\/05\/Fast-Acting-Arginine-Complex-with-Nitrosigine-750mg-60-tablets.jpg","type":"image\/jpeg"}],"twitter_card":"summary_large_image","twitter_misc":{"Price":"&#67;&#72;&#70;&nbsp;29.18","Availability":"Out of stock"},"schema":{"@context":"https:\/\/schema.org","@graph":[{"@type":"WebPage","@id":"https:\/\/ecosupplements.ch\/?product=fast-acting-arginine-complex-with-nitrosigine-750mg-60-tablets","url":"https:\/\/ecosupplements.ch\/?product=fast-acting-arginine-complex-with-nitrosigine-750mg-60-tablets","name":"Fast Acting Arginine Complex Nitrosigine \u2013 Doctor's Best | ecosupplements.ch","isPartOf":{"@id":"https:\/\/ecosupplements.ch\/#website"},"primaryImageOfPage":{"@id":"https:\/\/ecosupplements.ch\/?product=fast-acting-arginine-complex-with-nitrosigine-750mg-60-tablets#primaryimage"},"image":{"@id":"https:\/\/ecosupplements.ch\/?product=fast-acting-arginine-complex-with-nitrosigine-750mg-60-tablets#primaryimage"},"thumbnailUrl":"https:\/\/ecosupplements.ch\/wp-content\/uploads\/2026\/05\/Fast-Acting-Arginine-Complex-with-Nitrosigine-750mg-60-tablets.jpg","datePublished":"2026-05-11T14:30:43+00:00","dateModified":"2026-05-13T07:24:30+00:00","description":"Doctor's Best Arginine Complex mit 1500 mg Nitrosigine\u00ae pro Portion \u2013 vegane Tabletten, 60 St\u00fcck, glutenfrei. Jetzt bestellen.","breadcrumb":{"@id":"https:\/\/ecosupplements.ch\/?product=fast-acting-arginine-complex-with-nitrosigine-750mg-60-tablets#breadcrumb"},"inLanguage":"de-CH","potentialAction":[{"@type":"ReadAction","target":["https:\/\/ecosupplements.ch\/?product=fast-acting-arginine-complex-with-nitrosigine-750mg-60-tablets"]}]},{"@type":"ImageObject","inLanguage":"de-CH","@id":"https:\/\/ecosupplements.ch\/?product=fast-acting-arginine-complex-with-nitrosigine-750mg-60-tablets#primaryimage","url":"https:\/\/ecosupplements.ch\/wp-content\/uploads\/2026\/05\/Fast-Acting-Arginine-Complex-with-Nitrosigine-750mg-60-tablets.jpg","contentUrl":"https:\/\/ecosupplements.ch\/wp-content\/uploads\/2026\/05\/Fast-Acting-Arginine-Complex-with-Nitrosigine-750mg-60-tablets.jpg","width":800,"height":800,"caption":"Fast Acting Arginine Complex with Nitrosigine"},{"@type":"BreadcrumbList","@id":"https:\/\/ecosupplements.ch\/?product=fast-acting-arginine-complex-with-nitrosigine-750mg-60-tablets#breadcrumb","itemListElement":[{"@type":"ListItem","position":1,"name":"Home","item":"https:\/\/ecosupplements.ch\/"},{"@type":"ListItem","position":2,"name":"Shop","item":"https:\/\/ecosupplements.ch\/?page_id=14"},{"@type":"ListItem","position":3,"name":"Fast Acting Arginine Complex with Nitrosigine, 750mg &#8211; 60 tablets"}]},{"@type":"WebSite","@id":"https:\/\/ecosupplements.ch\/#website","url":"https:\/\/ecosupplements.ch\/","name":"Eco Supplements","description":"","potentialAction":[{"@type":"SearchAction","target":{"@type":"EntryPoint","urlTemplate":"https:\/\/ecosupplements.ch\/?s={search_term_string}"},"query-input":{"@type":"PropertyValueSpecification","valueRequired":true,"valueName":"search_term_string"}}],"inLanguage":"de-CH"}]},"product_price_amount":"29.18","product_price_currency":"CHF","og_availability":"out of stock","product_availability":"out of stock","product_retailer_item_id":"753950004061","product_condition":"new"},"_links":{"self":[{"href":"https:\/\/ecosupplements.ch\/index.php?rest_route=\/wp\/v2\/product\/1627","targetHints":{"allow":["GET"]}}],"collection":[{"href":"https:\/\/ecosupplements.ch\/index.php?rest_route=\/wp\/v2\/product"}],"about":[{"href":"https:\/\/ecosupplements.ch\/index.php?rest_route=\/wp\/v2\/types\/product"}],"replies":[{"embeddable":true,"href":"https:\/\/ecosupplements.ch\/index.php?rest_route=%2Fwp%2Fv2%2Fcomments&post=1627"}],"wp:featuredmedia":[{"embeddable":true,"href":"https:\/\/ecosupplements.ch\/index.php?rest_route=\/wp\/v2\/media\/1628"}],"wp:attachment":[{"href":"https:\/\/ecosupplements.ch\/index.php?rest_route=%2Fwp%2Fv2%2Fmedia&parent=1627"}],"wp:term":[{"taxonomy":"product_brand","embeddable":true,"href":"https:\/\/ecosupplements.ch\/index.php?rest_route=%2Fwp%2Fv2%2Fproduct_brand&post=1627"},{"taxonomy":"product_cat","embeddable":true,"href":"https:\/\/ecosupplements.ch\/index.php?rest_route=%2Fwp%2Fv2%2Fproduct_cat&post=1627"},{"taxonomy":"product_tag","embeddable":true,"href":"https:\/\/ecosupplements.ch\/index.php?rest_route=%2Fwp%2Fv2%2Fproduct_tag&post=1627"}],"curies":[{"name":"wp","href":"https:\/\/api.w.org\/{rel}","templated":true}]}}