{"id":1641,"date":"2026-05-11T14:30:50","date_gmt":"2026-05-11T14:30:50","guid":{"rendered":"https:\/\/ecosupplements.ch\/?product=glucosamine-chondroitin-msm-with-optimsm-360-caps"},"modified":"2026-05-13T07:24:31","modified_gmt":"2026-05-13T07:24:31","slug":"glucosamine-chondroitin-msm-with-optimsm-360-caps","status":"publish","type":"product","link":"https:\/\/ecosupplements.ch\/?product=glucosamine-chondroitin-msm-with-optimsm-360-caps","title":{"rendered":"Glucosamine Chondroitin MSM with OptiMSM &#8211; 360 caps"},"content":{"rendered":"<div class=\"chcg-product-description\">\n<h2 class=\"chcg-heading\">\u00dcber Doctor&#8217;s Best \u2013 Glucosamine Chondroitin MSM mit OptiMSM \u2013 360 Kapseln<\/h2>\n<div class=\"chcg-intro\">\n<p>Doctor&#8217;s Best Glucosamine Chondroitin MSM mit OptiMSM kombiniert drei bew\u00e4hrte Inhaltsstoffe in einer praktischen Formel: Glucosamine Sulfat 2KCl, Chondroitin Sulfat und MSM (Methylsulfonylmethane). Diese Kombination liefert pro Tagesportion (4 Kapseln) 1500 mg Glucosamine Sulfat, 1200 mg Chondroitin Sulfat sowie 1000 mg hochwertiges MSM aus der patentierten OptiMSM\u00ae-Quelle \u2013 alles in einer einzigen t\u00e4glichen Einnahme.<\/p>\n<p>Das verwendete OptiMSM\u00ae ist eine in den USA hergestellte, destillierte Form von Methylsulfonylmethane, die f\u00fcr ihre hohe Reinheit bekannt ist. Glucosamine und Chondroitin sind nat\u00fcrliche Bestandteile des Knorpelgewebes und geh\u00f6ren zu den meistuntersuchten N\u00e4hrstoffen im Bereich der Gelenkgesundheit. MSM liefert organischen Schwefel, der im K\u00f6rper eine wichtige strukturelle Rolle spielt.<\/p>\n<p>Mit 360 Kapseln enth\u00e4lt diese Packung 90 Portionen \u2013 ein Vorrat von bis zu drei Monaten bei t\u00e4glicher Einnahme. Das Produkt stammt von Doctor&#8217;s Best, einem amerikanischen Nahrungserg\u00e4nzungsmittelhersteller, der sich seit 1990 auf wissenschaftlich fundierte Formulierungen spezialisiert hat.<\/p>\n<\/p><\/div>\n<div class=\"chcg-nutrition\">\n<h3>N\u00e4hrwertangaben<\/h3>\n<table class=\"chcg-nutrition-table\">\n<thead>\n<tr>\n<th>N\u00e4hrstoff<\/th>\n<th>Pro Portion (4 Kapseln)<\/th>\n<\/tr>\n<\/thead>\n<tbody>\n<tr>\n<td>Kalium (aus Glucosamine Sulfat 2KCl)<\/td>\n<td>182 mg (4 % NRV)<\/td>\n<\/tr>\n<tr>\n<td>Chlorid (aus Glucosamine Sulfat 2KCl)<\/td>\n<td>168 mg (6 % NRV)<\/td>\n<\/tr>\n<tr>\n<td>Natrium (aus Chondroitin Sulfat Natrium)<\/td>\n<td>56 mg (2 % NRV)<\/td>\n<\/tr>\n<tr>\n<td>Glucosamine Sulfat 2KCl<\/td>\n<td>1500 mg *<\/td>\n<\/tr>\n<tr>\n<td>Chondroitin Sulfat (aus Chondroitin Sulfat Natrium)<\/td>\n<td>1200 mg *<\/td>\n<\/tr>\n<tr>\n<td>MSM (Methylsulfonylmethane, aus OptiMSM\u00ae)<\/td>\n<td>1000 mg *<\/td>\n<\/tr>\n<\/tbody>\n<\/table>\n<p class=\"chcg-footnote\">* Kein Referenzwert (NRV) festgelegt.<\/p>\n<p class=\"chcg-footnote\">Portionsgr\u00f6sse: 4 Kapseln | Portionen pro Packung: 90<\/p>\n<\/p><\/div>\n<div class=\"chcg-ingredients\">\n<h3>Zutaten<\/h3>\n<p>Kalium (aus Glucosamine Sulfat 2KCl) 182 mg, Chlorid (aus Glucosamine Sulfat 2KCl) 168 mg, Natrium (aus Chondroitin Sulfat Natrium) 56 mg, Glucosamine Sulfat 2KCl 1500 mg, Chondroitin Sulfat (aus Chondroitin Sulfat Natrium) 1200 mg, MSM (Methylsulfonylmethane, aus OptiMSM\u00ae) 1000 mg. Weitere Zutaten: mikrokristalline Cellulose, Magnesiumstearat (pflanzlicher Ursprung), Siliciumdioxid.<\/p>\n<p class=\"chcg-capsule-shell\">Kapselh\u00fclle: Gelatine [\u00e4ltere Etikettenvariante gem\u00e4ss EAN 753950003644]; Hypromellose (vegetarische Kapsel) [aktuelle Angabe auf der offiziellen Markenwebsite \u2013 m\u00f6gliche Formel\u00e4nderung]. Bitte aktuelle Chargenangaben auf der Verpackung beachten.<\/p>\n<\/p><\/div>\n<div class=\"chcg-dosage\">\n<h3>Verzehrempfehlung<\/h3>\n<p>T\u00e4glich 4 Kapseln zu einer Mahlzeit einnehmen oder gem\u00e4ss Empfehlung einer ern\u00e4hrungskundigen Fachperson. Portionsgr\u00f6sse: 4 Kapseln. Portionen pro Packung: 90.<\/p>\n<\/p><\/div>\n<div class=\"chcg-warnings\">\n<h3>Warnhinweise<\/h3>\n<p>Ausserhalb der Reichweite von Kindern aufbewahren. Wie bei allen Nahrungserg\u00e4nzungsmitteln sollte vor der Einnahme eine Fachperson f\u00fcr Gesundheit konsultiert werden. Konsultieren Sie Ihren Arzt bzw. Ihre \u00c4rztin vor der Einnahme dieses Produkts, wenn Sie schwanger sind, stillen, an einer Erkrankung leiden oder Medikamente gegen Diabetes, Glaukom oder Antikoagulantien einnehmen. Nicht f\u00fcr Personen unter 18 Jahren geeignet. Enth\u00e4lt Schalentiere.<\/p>\n<\/p><\/div>\n<div class=\"chcg-allergens\">\n<h3>Allergeninformationen<\/h3>\n<p>Enth\u00e4lt Schalentiere (Krabbe und Garnele). Nicht geeignet f\u00fcr Personen mit einer Allergie gegen Schalentiere oder Meeresfr\u00fcchte.<\/p>\n<\/p><\/div>\n<div class=\"chcg-storage\">\n<h3>Lagerung<\/h3>\n<p>An einem k\u00fchlen, trockenen Ort lagern.<\/p>\n<\/p><\/div>\n<div class=\"chcg-dietary\">\n<h3>Ern\u00e4hrungshinweise<\/h3>\n<ul>\n<li>Glutenfrei<\/li>\n<li>Laktosefrei<\/li>\n<\/ul><\/div>\n<\/div>\n","protected":false},"excerpt":{"rendered":"<p>Doctor&#8217;s Best Glucosamine Chondroitin MSM mit OptiMSM liefert pro Portion 1500 mg Glucosamine, 1200 mg Chondroitin und 1000 mg reines MSM. Erh\u00e4ltlich als praktische 360-Kapseln-Packung f\u00fcr 90 Tage. Glutenfrei und laktosefrei.<\/p>\n","protected":false},"featured_media":1642,"comment_status":"closed","ping_status":"open","template":"","meta":[],"product_brand":[177],"product_cat":[48,25,142,148,21],"product_tag":[],"class_list":{"0":"post-1641","1":"product","2":"type-product","3":"status-publish","4":"has-post-thumbnail","6":"product_brand-doctors-best","7":"product_cat-gesunde-ernaehrung","8":"product_cat-gesundheit-und-wohlbefinden","9":"product_cat-glucosaminsulfat","10":"product_cat-msm","11":"product_cat-vitamine-und-mineralstoffe","13":"first","14":"outofstock","15":"taxable","16":"shipping-taxable","17":"purchasable","18":"product-type-simple"},"yoast_head":"<!-- This site is optimized with the Yoast SEO plugin v27.5 - https:\/\/yoast.com\/product\/yoast-seo-wordpress\/ -->\n<title>Glucosamine Chondroitin MSM OptiMSM 360 Kapseln \u2013 Doctor&#039;s Best | ecosupplements.ch<\/title>\n<meta name=\"description\" content=\"Doctor&#039;s Best Glucosamine Chondroitin MSM mit OptiMSM \u2013 360 Kapseln mit 1500 mg Glucosamine, 1200 mg Chondroitin &amp; 1000 mg MSM pro Portion. Jetzt bestellen.\" \/>\n<meta name=\"robots\" content=\"index, follow, max-snippet:-1, max-image-preview:large, max-video-preview:-1\" \/>\n<link rel=\"canonical\" href=\"https:\/\/ecosupplements.ch\/?product=glucosamine-chondroitin-msm-with-optimsm-360-caps\" \/>\n<meta property=\"og:locale\" content=\"de_DE\" \/>\n<meta property=\"og:type\" content=\"article\" \/>\n<meta property=\"og:title\" content=\"Glucosamine Chondroitin MSM OptiMSM 360 Kapseln \u2013 Doctor&#039;s Best | ecosupplements.ch\" \/>\n<meta property=\"og:description\" content=\"Doctor&#039;s Best Glucosamine Chondroitin MSM mit OptiMSM \u2013 360 Kapseln mit 1500 mg Glucosamine, 1200 mg Chondroitin &amp; 1000 mg MSM pro Portion. Jetzt bestellen.\" \/>\n<meta property=\"og:url\" content=\"https:\/\/ecosupplements.ch\/?product=glucosamine-chondroitin-msm-with-optimsm-360-caps\" \/>\n<meta property=\"og:site_name\" content=\"Eco Supplements\" \/>\n<meta property=\"article:modified_time\" content=\"2026-05-13T07:24:31+00:00\" \/>\n<meta property=\"og:image\" content=\"https:\/\/ecosupplements.ch\/wp-content\/uploads\/2026\/05\/Glucosamine-Chondroitin-MSM-with-OptiMSM-360-caps.jpg\" \/>\n\t<meta property=\"og:image:width\" content=\"586\" \/>\n\t<meta property=\"og:image:height\" content=\"825\" \/>\n\t<meta property=\"og:image:type\" content=\"image\/jpeg\" \/>\n<meta name=\"twitter:card\" content=\"summary_large_image\" \/>\n<meta name=\"twitter:label1\" content=\"Price\" \/>\n\t<meta name=\"twitter:data1\" content=\"&#067;&#072;&#070;&nbsp;81.87\" \/>\n\t<meta name=\"twitter:label2\" content=\"Availability\" \/>\n\t<meta name=\"twitter:data2\" content=\"Out of stock\" \/>\n<script type=\"application\/ld+json\" class=\"yoast-schema-graph\">{\"@context\":\"https:\\\/\\\/schema.org\",\"@graph\":[{\"@type\":\"WebPage\",\"@id\":\"https:\\\/\\\/ecosupplements.ch\\\/?product=glucosamine-chondroitin-msm-with-optimsm-360-caps\",\"url\":\"https:\\\/\\\/ecosupplements.ch\\\/?product=glucosamine-chondroitin-msm-with-optimsm-360-caps\",\"name\":\"Glucosamine Chondroitin MSM OptiMSM 360 Kapseln \u2013 Doctor's Best | ecosupplements.ch\",\"isPartOf\":{\"@id\":\"https:\\\/\\\/ecosupplements.ch\\\/#website\"},\"primaryImageOfPage\":{\"@id\":\"https:\\\/\\\/ecosupplements.ch\\\/?product=glucosamine-chondroitin-msm-with-optimsm-360-caps#primaryimage\"},\"image\":{\"@id\":\"https:\\\/\\\/ecosupplements.ch\\\/?product=glucosamine-chondroitin-msm-with-optimsm-360-caps#primaryimage\"},\"thumbnailUrl\":\"https:\\\/\\\/ecosupplements.ch\\\/wp-content\\\/uploads\\\/2026\\\/05\\\/Glucosamine-Chondroitin-MSM-with-OptiMSM-360-caps.jpg\",\"datePublished\":\"2026-05-11T14:30:50+00:00\",\"dateModified\":\"2026-05-13T07:24:31+00:00\",\"description\":\"Doctor's Best Glucosamine Chondroitin MSM mit OptiMSM \u2013 360 Kapseln mit 1500 mg Glucosamine, 1200 mg Chondroitin & 1000 mg MSM pro Portion. Jetzt bestellen.\",\"breadcrumb\":{\"@id\":\"https:\\\/\\\/ecosupplements.ch\\\/?product=glucosamine-chondroitin-msm-with-optimsm-360-caps#breadcrumb\"},\"inLanguage\":\"de-CH\",\"potentialAction\":[{\"@type\":\"ReadAction\",\"target\":[\"https:\\\/\\\/ecosupplements.ch\\\/?product=glucosamine-chondroitin-msm-with-optimsm-360-caps\"]}]},{\"@type\":\"ImageObject\",\"inLanguage\":\"de-CH\",\"@id\":\"https:\\\/\\\/ecosupplements.ch\\\/?product=glucosamine-chondroitin-msm-with-optimsm-360-caps#primaryimage\",\"url\":\"https:\\\/\\\/ecosupplements.ch\\\/wp-content\\\/uploads\\\/2026\\\/05\\\/Glucosamine-Chondroitin-MSM-with-OptiMSM-360-caps.jpg\",\"contentUrl\":\"https:\\\/\\\/ecosupplements.ch\\\/wp-content\\\/uploads\\\/2026\\\/05\\\/Glucosamine-Chondroitin-MSM-with-OptiMSM-360-caps.jpg\",\"width\":586,\"height\":825,\"caption\":\"Glucosamine Chondroitin MSM with OptiMSM - 360 caps\"},{\"@type\":\"BreadcrumbList\",\"@id\":\"https:\\\/\\\/ecosupplements.ch\\\/?product=glucosamine-chondroitin-msm-with-optimsm-360-caps#breadcrumb\",\"itemListElement\":[{\"@type\":\"ListItem\",\"position\":1,\"name\":\"Home\",\"item\":\"https:\\\/\\\/ecosupplements.ch\\\/\"},{\"@type\":\"ListItem\",\"position\":2,\"name\":\"Shop\",\"item\":\"https:\\\/\\\/ecosupplements.ch\\\/?page_id=14\"},{\"@type\":\"ListItem\",\"position\":3,\"name\":\"Glucosamine Chondroitin MSM with OptiMSM &#8211; 360 caps\"}]},{\"@type\":\"WebSite\",\"@id\":\"https:\\\/\\\/ecosupplements.ch\\\/#website\",\"url\":\"https:\\\/\\\/ecosupplements.ch\\\/\",\"name\":\"Eco Supplements\",\"description\":\"\",\"potentialAction\":[{\"@type\":\"SearchAction\",\"target\":{\"@type\":\"EntryPoint\",\"urlTemplate\":\"https:\\\/\\\/ecosupplements.ch\\\/?s={search_term_string}\"},\"query-input\":{\"@type\":\"PropertyValueSpecification\",\"valueRequired\":true,\"valueName\":\"search_term_string\"}}],\"inLanguage\":\"de-CH\"}]}<\/script>\n<meta property=\"product:price:amount\" content=\"81.87\" \/>\n<meta property=\"product:price:currency\" content=\"CHF\" \/>\n<meta property=\"og:availability\" content=\"out of stock\" \/>\n<meta property=\"product:availability\" content=\"out of stock\" \/>\n<meta property=\"product:retailer_item_id\" content=\"753950003644\" \/>\n<meta property=\"product:condition\" content=\"new\" \/>\n<!-- \/ Yoast SEO plugin. -->","yoast_head_json":{"title":"Glucosamine Chondroitin MSM OptiMSM 360 Kapseln \u2013 Doctor's Best | ecosupplements.ch","description":"Doctor's Best Glucosamine Chondroitin MSM mit OptiMSM \u2013 360 Kapseln mit 1500 mg Glucosamine, 1200 mg Chondroitin & 1000 mg MSM pro Portion. Jetzt bestellen.","robots":{"index":"index","follow":"follow","max-snippet":"max-snippet:-1","max-image-preview":"max-image-preview:large","max-video-preview":"max-video-preview:-1"},"canonical":"https:\/\/ecosupplements.ch\/?product=glucosamine-chondroitin-msm-with-optimsm-360-caps","og_locale":"de_DE","og_type":"article","og_title":"Glucosamine Chondroitin MSM OptiMSM 360 Kapseln \u2013 Doctor's Best | ecosupplements.ch","og_description":"Doctor's Best Glucosamine Chondroitin MSM mit OptiMSM \u2013 360 Kapseln mit 1500 mg Glucosamine, 1200 mg Chondroitin & 1000 mg MSM pro Portion. Jetzt bestellen.","og_url":"https:\/\/ecosupplements.ch\/?product=glucosamine-chondroitin-msm-with-optimsm-360-caps","og_site_name":"Eco Supplements","article_modified_time":"2026-05-13T07:24:31+00:00","og_image":[{"width":586,"height":825,"url":"https:\/\/ecosupplements.ch\/wp-content\/uploads\/2026\/05\/Glucosamine-Chondroitin-MSM-with-OptiMSM-360-caps.jpg","type":"image\/jpeg"}],"twitter_card":"summary_large_image","twitter_misc":{"Price":"&#67;&#72;&#70;&nbsp;81.87","Availability":"Out of stock"},"schema":{"@context":"https:\/\/schema.org","@graph":[{"@type":"WebPage","@id":"https:\/\/ecosupplements.ch\/?product=glucosamine-chondroitin-msm-with-optimsm-360-caps","url":"https:\/\/ecosupplements.ch\/?product=glucosamine-chondroitin-msm-with-optimsm-360-caps","name":"Glucosamine Chondroitin MSM OptiMSM 360 Kapseln \u2013 Doctor's Best | ecosupplements.ch","isPartOf":{"@id":"https:\/\/ecosupplements.ch\/#website"},"primaryImageOfPage":{"@id":"https:\/\/ecosupplements.ch\/?product=glucosamine-chondroitin-msm-with-optimsm-360-caps#primaryimage"},"image":{"@id":"https:\/\/ecosupplements.ch\/?product=glucosamine-chondroitin-msm-with-optimsm-360-caps#primaryimage"},"thumbnailUrl":"https:\/\/ecosupplements.ch\/wp-content\/uploads\/2026\/05\/Glucosamine-Chondroitin-MSM-with-OptiMSM-360-caps.jpg","datePublished":"2026-05-11T14:30:50+00:00","dateModified":"2026-05-13T07:24:31+00:00","description":"Doctor's Best Glucosamine Chondroitin MSM mit OptiMSM \u2013 360 Kapseln mit 1500 mg Glucosamine, 1200 mg Chondroitin & 1000 mg MSM pro Portion. Jetzt bestellen.","breadcrumb":{"@id":"https:\/\/ecosupplements.ch\/?product=glucosamine-chondroitin-msm-with-optimsm-360-caps#breadcrumb"},"inLanguage":"de-CH","potentialAction":[{"@type":"ReadAction","target":["https:\/\/ecosupplements.ch\/?product=glucosamine-chondroitin-msm-with-optimsm-360-caps"]}]},{"@type":"ImageObject","inLanguage":"de-CH","@id":"https:\/\/ecosupplements.ch\/?product=glucosamine-chondroitin-msm-with-optimsm-360-caps#primaryimage","url":"https:\/\/ecosupplements.ch\/wp-content\/uploads\/2026\/05\/Glucosamine-Chondroitin-MSM-with-OptiMSM-360-caps.jpg","contentUrl":"https:\/\/ecosupplements.ch\/wp-content\/uploads\/2026\/05\/Glucosamine-Chondroitin-MSM-with-OptiMSM-360-caps.jpg","width":586,"height":825,"caption":"Glucosamine Chondroitin MSM with OptiMSM - 360 caps"},{"@type":"BreadcrumbList","@id":"https:\/\/ecosupplements.ch\/?product=glucosamine-chondroitin-msm-with-optimsm-360-caps#breadcrumb","itemListElement":[{"@type":"ListItem","position":1,"name":"Home","item":"https:\/\/ecosupplements.ch\/"},{"@type":"ListItem","position":2,"name":"Shop","item":"https:\/\/ecosupplements.ch\/?page_id=14"},{"@type":"ListItem","position":3,"name":"Glucosamine Chondroitin MSM with OptiMSM &#8211; 360 caps"}]},{"@type":"WebSite","@id":"https:\/\/ecosupplements.ch\/#website","url":"https:\/\/ecosupplements.ch\/","name":"Eco Supplements","description":"","potentialAction":[{"@type":"SearchAction","target":{"@type":"EntryPoint","urlTemplate":"https:\/\/ecosupplements.ch\/?s={search_term_string}"},"query-input":{"@type":"PropertyValueSpecification","valueRequired":true,"valueName":"search_term_string"}}],"inLanguage":"de-CH"}]},"product_price_amount":"81.87","product_price_currency":"CHF","og_availability":"out of stock","product_availability":"out of stock","product_retailer_item_id":"753950003644","product_condition":"new"},"_links":{"self":[{"href":"https:\/\/ecosupplements.ch\/index.php?rest_route=\/wp\/v2\/product\/1641","targetHints":{"allow":["GET"]}}],"collection":[{"href":"https:\/\/ecosupplements.ch\/index.php?rest_route=\/wp\/v2\/product"}],"about":[{"href":"https:\/\/ecosupplements.ch\/index.php?rest_route=\/wp\/v2\/types\/product"}],"replies":[{"embeddable":true,"href":"https:\/\/ecosupplements.ch\/index.php?rest_route=%2Fwp%2Fv2%2Fcomments&post=1641"}],"wp:featuredmedia":[{"embeddable":true,"href":"https:\/\/ecosupplements.ch\/index.php?rest_route=\/wp\/v2\/media\/1642"}],"wp:attachment":[{"href":"https:\/\/ecosupplements.ch\/index.php?rest_route=%2Fwp%2Fv2%2Fmedia&parent=1641"}],"wp:term":[{"taxonomy":"product_brand","embeddable":true,"href":"https:\/\/ecosupplements.ch\/index.php?rest_route=%2Fwp%2Fv2%2Fproduct_brand&post=1641"},{"taxonomy":"product_cat","embeddable":true,"href":"https:\/\/ecosupplements.ch\/index.php?rest_route=%2Fwp%2Fv2%2Fproduct_cat&post=1641"},{"taxonomy":"product_tag","embeddable":true,"href":"https:\/\/ecosupplements.ch\/index.php?rest_route=%2Fwp%2Fv2%2Fproduct_tag&post=1641"}],"curies":[{"name":"wp","href":"https:\/\/api.w.org\/{rel}","templated":true}]}}