{"id":1643,"date":"2026-05-11T14:30:51","date_gmt":"2026-05-11T14:30:51","guid":{"rendered":"https:\/\/ecosupplements.ch\/?product=high-absorption-coq10-with-bioperine-100mg-120-vcaps"},"modified":"2026-05-13T07:24:31","modified_gmt":"2026-05-13T07:24:31","slug":"high-absorption-coq10-with-bioperine-100mg-120-vcaps","status":"publish","type":"product","link":"https:\/\/ecosupplements.ch\/?product=high-absorption-coq10-with-bioperine-100mg-120-vcaps","title":{"rendered":"High Absorption CoQ10 with BioPerine, 100mg &#8211; 120 vcaps"},"content":{"rendered":"<div class=\"chcg-product-description\">\n<h2 class=\"chcg-heading\">\u00dcber Doctor&#8217;s Best \u2013 High Absorption CoQ10 mit BioPerine, 100mg \u2013 120 Kapseln<\/h2>\n<div class=\"chcg-intro\">\n<p>Coenzym Q10 (CoQ10) ist ein k\u00f6rpereigenes, fettl\u00f6sliches Antioxidans, das in den Mitochondrien jeder K\u00f6rperzelle vorkommt und eine zentrale Rolle bei der zellul\u00e4ren Energiegewinnung spielt. Mit zunehmendem Alter nimmt die k\u00f6rpereigene CoQ10-Produktion ab, weshalb eine gezielte Supplementierung besonders interessant sein kann. Doctor&#8217;s Best High Absorption CoQ10 liefert 100 mg hochwertiges Coenzym Q10 pro Kapsel in einer Formulierung, die auf maximale Bioverf\u00fcgbarkeit ausgerichtet ist.<\/p>\n<p>Das Besondere dieser Formel liegt in der Kombination mit BioPerine\u00ae \u2013 einem patentierten Schwarzpfefferextrakt aus der Frucht von <em>Piper nigrum<\/em> \u2013 der die Aufnahme von CoQ10 im K\u00f6rper nachweislich verbessert. Jede Kapsel enth\u00e4lt 5 mg BioPerine\u00ae, um sicherzustellen, dass der Wirkstoff optimal verwertet werden kann.<\/p>\n<p>Die Kapseln sind vegetarisch, frei von gentechnisch ver\u00e4nderten Organismen (GMO), Gluten und Soja sowie ohne tierische Inhaltsstoffe hergestellt \u2013 ideal f\u00fcr eine pflanzliche Ern\u00e4hrungsweise. Mit 120 Kapseln pro Packung bietet dieses Produkt eine praktische Versorgung f\u00fcr vier Monate bei t\u00e4glicher Einnahme.<\/p>\n<\/p><\/div>\n<div class=\"chcg-nutrition\">\n<h3>N\u00e4hrwertangaben<\/h3>\n<table class=\"chcg-nutrition-table\">\n<thead>\n<tr>\n<th>N\u00e4hrstoff<\/th>\n<th>Pro Portion (1 Kapsel)<\/th>\n<\/tr>\n<\/thead>\n<tbody>\n<tr>\n<td>Coenzym Q10<\/td>\n<td>100 mg*<\/td>\n<\/tr>\n<tr>\n<td>Schwarzpfefferextrakt (Frucht) (BioPerine\u00ae)<\/td>\n<td>5 mg*<\/td>\n<\/tr>\n<\/tbody>\n<\/table>\n<p class=\"chcg-footnote\">* Kein festgelegter Tagesreferenzwert vorhanden.<\/p>\n<\/p><\/div>\n<div class=\"chcg-ingredients\">\n<h3>Zutaten<\/h3>\n<p>Coenzym Q10 100 mg, Schwarzpfefferextrakt (Frucht) (BioPerine\u00ae) 5 mg. Weitere Zutaten: Reispulver, Hydroxypropylmethylcellulose (vegetarische Kapsel), Magnesiumstearat (pflanzlicher Herkunft), Siliziumdioxid.<\/p>\n<p class=\"chcg-capsule-shell\">Kapselh\u00fclle: Hydroxypropylmethylcellulose (vegetarische Kapsel)<\/p>\n<\/p><\/div>\n<div class=\"chcg-dosage\">\n<h3>Verzehrempfehlung<\/h3>\n<p>1 Kapsel t\u00e4glich einnehmen, vorzugsweise zu einer Mahlzeit f\u00fcr maximale Aufnahme, oder gem\u00e4ss Empfehlung eines ern\u00e4hrungskundigen Arztes bzw. einer ern\u00e4hrungskundigen \u00c4rztin.<\/p>\n<\/p><\/div>\n<div class=\"chcg-warnings\">\n<h3>Warnhinweise<\/h3>\n<p>Die empfohlene Tagesdosis nicht \u00fcberschreiten. Nahrungserg\u00e4nzungsmittel sind kein Ersatz f\u00fcr eine abwechslungsreiche Ern\u00e4hrung. Vor der Einnahme einen Arzt bzw. eine \u00c4rztin konsultieren. CoQ10 ist nicht als Ersatz f\u00fcr eine Statintherapie gedacht; verschriebene Medikamente d\u00fcrfen w\u00e4hrend der Einnahme von CoQ10 nicht ohne R\u00fccksprache mit einem Arzt bzw. einer \u00c4rztin abgesetzt werden.<\/p>\n<\/p><\/div>\n<div class=\"chcg-allergens\">\n<h3>Allergeninformationen<\/h3>\n<p>Frei von Gluten, gentechnisch ver\u00e4nderten Organismen (GMO) und Soja. Enth\u00e4lt keine Inhaltsstoffe tierischer Herkunft.<\/p>\n<\/p><\/div>\n<div class=\"chcg-storage\">\n<h3>Lagerung<\/h3>\n<p>An einem k\u00fchlen, trockenen Ort aufbewahren. Ausserhalb der Reichweite von kleinen Kindern aufbewahren.<\/p>\n<\/p><\/div>\n<div class=\"chcg-dietary\">\n<h3>Ern\u00e4hrungshinweise<\/h3>\n<ul>\n<li>Vegan<\/li>\n<li>Vegetarisch<\/li>\n<li>Glutenfrei<\/li>\n<li>Laktosefrei<\/li>\n<\/ul><\/div>\n<\/div>\n","protected":false},"excerpt":{"rendered":"<p>Doctor&#8217;s Best High Absorption CoQ10 mit BioPerine\u00ae liefert 100 mg Coenzym Q10 pro vegetarische Kapsel f\u00fcr optimale Bioverf\u00fcgbarkeit. Glutenfrei, vegan und ohne Soja \u2013 120 Kapseln pro Packung.<\/p>\n","protected":false},"featured_media":1644,"comment_status":"closed","ping_status":"open","template":"","meta":[],"product_brand":[177],"product_cat":[48,25,22,21],"product_tag":[],"class_list":{"0":"post-1643","1":"product","2":"type-product","3":"status-publish","4":"has-post-thumbnail","6":"product_brand-doctors-best","7":"product_cat-gesunde-ernaehrung","8":"product_cat-gesundheit-und-wohlbefinden","9":"product_cat-vegane-produkte","10":"product_cat-vitamine-und-mineralstoffe","12":"first","13":"outofstock","14":"taxable","15":"shipping-taxable","16":"purchasable","17":"product-type-simple"},"yoast_head":"<!-- This site is optimized with the Yoast SEO plugin v27.5 - https:\/\/yoast.com\/product\/yoast-seo-wordpress\/ -->\n<title>High Absorption CoQ10 100mg mit BioPerine \u2013 Doctor&#039;s Best | ecosupplements.ch<\/title>\n<meta name=\"description\" content=\"100 mg CoQ10 mit BioPerine\u00ae f\u00fcr maximale Aufnahme \u2013 vegan, glutenfrei, 120 Kapseln. Jetzt bestellen.\" \/>\n<meta name=\"robots\" content=\"index, follow, max-snippet:-1, max-image-preview:large, max-video-preview:-1\" \/>\n<link rel=\"canonical\" href=\"https:\/\/ecosupplements.ch\/?product=high-absorption-coq10-with-bioperine-100mg-120-vcaps\" \/>\n<meta property=\"og:locale\" content=\"de_DE\" \/>\n<meta property=\"og:type\" content=\"article\" \/>\n<meta property=\"og:title\" content=\"High Absorption CoQ10 100mg mit BioPerine \u2013 Doctor&#039;s Best | ecosupplements.ch\" \/>\n<meta property=\"og:description\" content=\"100 mg CoQ10 mit BioPerine\u00ae f\u00fcr maximale Aufnahme \u2013 vegan, glutenfrei, 120 Kapseln. Jetzt bestellen.\" \/>\n<meta property=\"og:url\" content=\"https:\/\/ecosupplements.ch\/?product=high-absorption-coq10-with-bioperine-100mg-120-vcaps\" \/>\n<meta property=\"og:site_name\" content=\"Eco Supplements\" \/>\n<meta property=\"article:modified_time\" content=\"2026-05-13T07:24:31+00:00\" \/>\n<meta property=\"og:image\" content=\"https:\/\/ecosupplements.ch\/wp-content\/uploads\/2026\/05\/High-Absorption-CoQ10-with-BioPerine-100mg-120-vcaps.jpg\" \/>\n\t<meta property=\"og:image:width\" content=\"598\" \/>\n\t<meta property=\"og:image:height\" content=\"674\" \/>\n\t<meta property=\"og:image:type\" content=\"image\/jpeg\" \/>\n<meta name=\"twitter:card\" content=\"summary_large_image\" \/>\n<meta name=\"twitter:label1\" content=\"Price\" \/>\n\t<meta name=\"twitter:data1\" content=\"&#067;&#072;&#070;&nbsp;38.01\" \/>\n\t<meta name=\"twitter:label2\" content=\"Availability\" \/>\n\t<meta name=\"twitter:data2\" content=\"Out of stock\" \/>\n<script type=\"application\/ld+json\" class=\"yoast-schema-graph\">{\"@context\":\"https:\\\/\\\/schema.org\",\"@graph\":[{\"@type\":\"WebPage\",\"@id\":\"https:\\\/\\\/ecosupplements.ch\\\/?product=high-absorption-coq10-with-bioperine-100mg-120-vcaps\",\"url\":\"https:\\\/\\\/ecosupplements.ch\\\/?product=high-absorption-coq10-with-bioperine-100mg-120-vcaps\",\"name\":\"High Absorption CoQ10 100mg mit BioPerine \u2013 Doctor's Best | ecosupplements.ch\",\"isPartOf\":{\"@id\":\"https:\\\/\\\/ecosupplements.ch\\\/#website\"},\"primaryImageOfPage\":{\"@id\":\"https:\\\/\\\/ecosupplements.ch\\\/?product=high-absorption-coq10-with-bioperine-100mg-120-vcaps#primaryimage\"},\"image\":{\"@id\":\"https:\\\/\\\/ecosupplements.ch\\\/?product=high-absorption-coq10-with-bioperine-100mg-120-vcaps#primaryimage\"},\"thumbnailUrl\":\"https:\\\/\\\/ecosupplements.ch\\\/wp-content\\\/uploads\\\/2026\\\/05\\\/High-Absorption-CoQ10-with-BioPerine-100mg-120-vcaps.jpg\",\"datePublished\":\"2026-05-11T14:30:51+00:00\",\"dateModified\":\"2026-05-13T07:24:31+00:00\",\"description\":\"100 mg CoQ10 mit BioPerine\u00ae f\u00fcr maximale Aufnahme \u2013 vegan, glutenfrei, 120 Kapseln. Jetzt bestellen.\",\"breadcrumb\":{\"@id\":\"https:\\\/\\\/ecosupplements.ch\\\/?product=high-absorption-coq10-with-bioperine-100mg-120-vcaps#breadcrumb\"},\"inLanguage\":\"de-CH\",\"potentialAction\":[{\"@type\":\"ReadAction\",\"target\":[\"https:\\\/\\\/ecosupplements.ch\\\/?product=high-absorption-coq10-with-bioperine-100mg-120-vcaps\"]}]},{\"@type\":\"ImageObject\",\"inLanguage\":\"de-CH\",\"@id\":\"https:\\\/\\\/ecosupplements.ch\\\/?product=high-absorption-coq10-with-bioperine-100mg-120-vcaps#primaryimage\",\"url\":\"https:\\\/\\\/ecosupplements.ch\\\/wp-content\\\/uploads\\\/2026\\\/05\\\/High-Absorption-CoQ10-with-BioPerine-100mg-120-vcaps.jpg\",\"contentUrl\":\"https:\\\/\\\/ecosupplements.ch\\\/wp-content\\\/uploads\\\/2026\\\/05\\\/High-Absorption-CoQ10-with-BioPerine-100mg-120-vcaps.jpg\",\"width\":598,\"height\":674,\"caption\":\"High Absorption CoQ10 with BioPerine\"},{\"@type\":\"BreadcrumbList\",\"@id\":\"https:\\\/\\\/ecosupplements.ch\\\/?product=high-absorption-coq10-with-bioperine-100mg-120-vcaps#breadcrumb\",\"itemListElement\":[{\"@type\":\"ListItem\",\"position\":1,\"name\":\"Home\",\"item\":\"https:\\\/\\\/ecosupplements.ch\\\/\"},{\"@type\":\"ListItem\",\"position\":2,\"name\":\"Shop\",\"item\":\"https:\\\/\\\/ecosupplements.ch\\\/?page_id=14\"},{\"@type\":\"ListItem\",\"position\":3,\"name\":\"High Absorption CoQ10 with BioPerine, 100mg &#8211; 120 vcaps\"}]},{\"@type\":\"WebSite\",\"@id\":\"https:\\\/\\\/ecosupplements.ch\\\/#website\",\"url\":\"https:\\\/\\\/ecosupplements.ch\\\/\",\"name\":\"Eco Supplements\",\"description\":\"\",\"potentialAction\":[{\"@type\":\"SearchAction\",\"target\":{\"@type\":\"EntryPoint\",\"urlTemplate\":\"https:\\\/\\\/ecosupplements.ch\\\/?s={search_term_string}\"},\"query-input\":{\"@type\":\"PropertyValueSpecification\",\"valueRequired\":true,\"valueName\":\"search_term_string\"}}],\"inLanguage\":\"de-CH\"}]}<\/script>\n<meta property=\"product:price:amount\" content=\"38.01\" \/>\n<meta property=\"product:price:currency\" content=\"CHF\" \/>\n<meta property=\"og:availability\" content=\"out of stock\" \/>\n<meta property=\"product:availability\" content=\"out of stock\" \/>\n<meta property=\"product:retailer_item_id\" content=\"753950001886\" \/>\n<meta property=\"product:condition\" content=\"new\" \/>\n<!-- \/ Yoast SEO plugin. -->","yoast_head_json":{"title":"High Absorption CoQ10 100mg mit BioPerine \u2013 Doctor's Best | ecosupplements.ch","description":"100 mg CoQ10 mit BioPerine\u00ae f\u00fcr maximale Aufnahme \u2013 vegan, glutenfrei, 120 Kapseln. Jetzt bestellen.","robots":{"index":"index","follow":"follow","max-snippet":"max-snippet:-1","max-image-preview":"max-image-preview:large","max-video-preview":"max-video-preview:-1"},"canonical":"https:\/\/ecosupplements.ch\/?product=high-absorption-coq10-with-bioperine-100mg-120-vcaps","og_locale":"de_DE","og_type":"article","og_title":"High Absorption CoQ10 100mg mit BioPerine \u2013 Doctor's Best | ecosupplements.ch","og_description":"100 mg CoQ10 mit BioPerine\u00ae f\u00fcr maximale Aufnahme \u2013 vegan, glutenfrei, 120 Kapseln. Jetzt bestellen.","og_url":"https:\/\/ecosupplements.ch\/?product=high-absorption-coq10-with-bioperine-100mg-120-vcaps","og_site_name":"Eco Supplements","article_modified_time":"2026-05-13T07:24:31+00:00","og_image":[{"width":598,"height":674,"url":"https:\/\/ecosupplements.ch\/wp-content\/uploads\/2026\/05\/High-Absorption-CoQ10-with-BioPerine-100mg-120-vcaps.jpg","type":"image\/jpeg"}],"twitter_card":"summary_large_image","twitter_misc":{"Price":"&#67;&#72;&#70;&nbsp;38.01","Availability":"Out of stock"},"schema":{"@context":"https:\/\/schema.org","@graph":[{"@type":"WebPage","@id":"https:\/\/ecosupplements.ch\/?product=high-absorption-coq10-with-bioperine-100mg-120-vcaps","url":"https:\/\/ecosupplements.ch\/?product=high-absorption-coq10-with-bioperine-100mg-120-vcaps","name":"High Absorption CoQ10 100mg mit BioPerine \u2013 Doctor's Best | ecosupplements.ch","isPartOf":{"@id":"https:\/\/ecosupplements.ch\/#website"},"primaryImageOfPage":{"@id":"https:\/\/ecosupplements.ch\/?product=high-absorption-coq10-with-bioperine-100mg-120-vcaps#primaryimage"},"image":{"@id":"https:\/\/ecosupplements.ch\/?product=high-absorption-coq10-with-bioperine-100mg-120-vcaps#primaryimage"},"thumbnailUrl":"https:\/\/ecosupplements.ch\/wp-content\/uploads\/2026\/05\/High-Absorption-CoQ10-with-BioPerine-100mg-120-vcaps.jpg","datePublished":"2026-05-11T14:30:51+00:00","dateModified":"2026-05-13T07:24:31+00:00","description":"100 mg CoQ10 mit BioPerine\u00ae f\u00fcr maximale Aufnahme \u2013 vegan, glutenfrei, 120 Kapseln. Jetzt bestellen.","breadcrumb":{"@id":"https:\/\/ecosupplements.ch\/?product=high-absorption-coq10-with-bioperine-100mg-120-vcaps#breadcrumb"},"inLanguage":"de-CH","potentialAction":[{"@type":"ReadAction","target":["https:\/\/ecosupplements.ch\/?product=high-absorption-coq10-with-bioperine-100mg-120-vcaps"]}]},{"@type":"ImageObject","inLanguage":"de-CH","@id":"https:\/\/ecosupplements.ch\/?product=high-absorption-coq10-with-bioperine-100mg-120-vcaps#primaryimage","url":"https:\/\/ecosupplements.ch\/wp-content\/uploads\/2026\/05\/High-Absorption-CoQ10-with-BioPerine-100mg-120-vcaps.jpg","contentUrl":"https:\/\/ecosupplements.ch\/wp-content\/uploads\/2026\/05\/High-Absorption-CoQ10-with-BioPerine-100mg-120-vcaps.jpg","width":598,"height":674,"caption":"High Absorption CoQ10 with BioPerine"},{"@type":"BreadcrumbList","@id":"https:\/\/ecosupplements.ch\/?product=high-absorption-coq10-with-bioperine-100mg-120-vcaps#breadcrumb","itemListElement":[{"@type":"ListItem","position":1,"name":"Home","item":"https:\/\/ecosupplements.ch\/"},{"@type":"ListItem","position":2,"name":"Shop","item":"https:\/\/ecosupplements.ch\/?page_id=14"},{"@type":"ListItem","position":3,"name":"High Absorption CoQ10 with BioPerine, 100mg &#8211; 120 vcaps"}]},{"@type":"WebSite","@id":"https:\/\/ecosupplements.ch\/#website","url":"https:\/\/ecosupplements.ch\/","name":"Eco Supplements","description":"","potentialAction":[{"@type":"SearchAction","target":{"@type":"EntryPoint","urlTemplate":"https:\/\/ecosupplements.ch\/?s={search_term_string}"},"query-input":{"@type":"PropertyValueSpecification","valueRequired":true,"valueName":"search_term_string"}}],"inLanguage":"de-CH"}]},"product_price_amount":"38.01","product_price_currency":"CHF","og_availability":"out of stock","product_availability":"out of stock","product_retailer_item_id":"753950001886","product_condition":"new"},"_links":{"self":[{"href":"https:\/\/ecosupplements.ch\/index.php?rest_route=\/wp\/v2\/product\/1643","targetHints":{"allow":["GET"]}}],"collection":[{"href":"https:\/\/ecosupplements.ch\/index.php?rest_route=\/wp\/v2\/product"}],"about":[{"href":"https:\/\/ecosupplements.ch\/index.php?rest_route=\/wp\/v2\/types\/product"}],"replies":[{"embeddable":true,"href":"https:\/\/ecosupplements.ch\/index.php?rest_route=%2Fwp%2Fv2%2Fcomments&post=1643"}],"wp:featuredmedia":[{"embeddable":true,"href":"https:\/\/ecosupplements.ch\/index.php?rest_route=\/wp\/v2\/media\/1644"}],"wp:attachment":[{"href":"https:\/\/ecosupplements.ch\/index.php?rest_route=%2Fwp%2Fv2%2Fmedia&parent=1643"}],"wp:term":[{"taxonomy":"product_brand","embeddable":true,"href":"https:\/\/ecosupplements.ch\/index.php?rest_route=%2Fwp%2Fv2%2Fproduct_brand&post=1643"},{"taxonomy":"product_cat","embeddable":true,"href":"https:\/\/ecosupplements.ch\/index.php?rest_route=%2Fwp%2Fv2%2Fproduct_cat&post=1643"},{"taxonomy":"product_tag","embeddable":true,"href":"https:\/\/ecosupplements.ch\/index.php?rest_route=%2Fwp%2Fv2%2Fproduct_tag&post=1643"}],"curies":[{"name":"wp","href":"https:\/\/api.w.org\/{rel}","templated":true}]}}