{"id":1661,"date":"2026-05-11T14:30:59","date_gmt":"2026-05-11T14:30:59","guid":{"rendered":"https:\/\/ecosupplements.ch\/?product=l-glutamine-powder-300g"},"modified":"2026-05-13T07:24:32","modified_gmt":"2026-05-13T07:24:32","slug":"l-glutamine-powder-300g","status":"publish","type":"product","link":"https:\/\/ecosupplements.ch\/?product=l-glutamine-powder-300g","title":{"rendered":"L-Glutamine Powder &#8211; 300g"},"content":{"rendered":"<div class=\"chcg-product-description\">\n<h2 class=\"chcg-heading\">\u00dcber Doctor&#8217;s Best \u2013 L-Glutamine Pulver \u2013 300g<\/h2>\n<div class=\"chcg-intro\">\n<p>L-Glutamin ist die am h\u00e4ufigsten vorkommende Aminos\u00e4ure im menschlichen K\u00f6rper und spielt eine zentrale Rolle im Stoffwechsel sowie bei der Unterst\u00fctzung von Muskeln und Immunsystem. Das L-Glutamine Pulver von Doctor&#8217;s Best liefert pro Portion 5 g reines L-Glutamin \u2013 ohne weitere Zus\u00e4tze oder F\u00fcllstoffe.<\/p>\n<p>Das Pulver l\u00e4sst sich unkompliziert in Fruchts\u00e4fte oder Proteinshakes einr\u00fchren und eignet sich besonders gut als Erg\u00e4nzung rund um das Training. Dank der einfachen Zubereitung und der hohen Reinheit ist es eine praktische Wahl f\u00fcr aktive Personen, die ihr t\u00e4gliches Ern\u00e4hrungsprogramm gezielt erg\u00e4nzen m\u00f6chten.<\/p>\n<p>Das Produkt ist frei von Gluten, gentechnisch ver\u00e4nderten Organismen (GVO) und Soja. Es ist sowohl f\u00fcr Veganer als auch f\u00fcr Vegetarier geeignet und enth\u00e4lt ausschliesslich L-Glutamin als Wirkstoff.<\/p>\n<\/p><\/div>\n<div class=\"chcg-nutrition\">\n<h3>N\u00e4hrwertangaben<\/h3>\n<table class=\"chcg-nutrition-table\">\n<thead>\n<tr>\n<th>N\u00e4hrstoff<\/th>\n<th>Pro Portion (ca. 5 g)<\/th>\n<\/tr>\n<\/thead>\n<tbody>\n<tr>\n<td>L-Glutamin<\/td>\n<td>5 g<\/td>\n<\/tr>\n<\/tbody>\n<\/table>\n<p class=\"chcg-footnote\">Portionsgr\u00f6sse: 1 Messl\u00f6ffel (ca. 5 g) | Portionen pro Beh\u00e4lter: ca. 60<\/p>\n<p class=\"chcg-footnote\">* Kein festgelegter Tagesbedarf.<\/p>\n<\/p><\/div>\n<div class=\"chcg-ingredients\">\n<h3>Zutaten<\/h3>\n<p>L-Glutamin. Weitere Zutaten: keine.<\/p>\n<\/p><\/div>\n<div class=\"chcg-dosage\">\n<h3>Verzehrempfehlung<\/h3>\n<p>Empfohlene Verwendung f\u00fcr Erwachsene: 1 gestrichenen Messl\u00f6ffel (ca. 5 g) in 240 ml Fruchtsaft oder einen Proteinshake geben und gut verr\u00fchren. F\u00fcr beste Ergebnisse 1 Stunde vor dem Training trinken. Nach dem Training oder vor dem Schlafengehen wiederholen \u2013 oder gem\u00e4ss Empfehlung einer ern\u00e4hrungskundigen Fachperson.<\/p>\n<\/p><\/div>\n<div class=\"chcg-warnings\">\n<h3>Warnhinweise<\/h3>\n<p>Dieses Produkt nicht verwenden, wenn Sie schwanger sind, stillen oder an Leberproblemen leiden. Personen mit einer \u00dcberempfindlichkeit gegen\u00fcber Mononatriumglutamat (MSG) k\u00f6nnen m\u00f6glicherweise auch empfindlich auf Glutamin reagieren, da der K\u00f6rper Glutamin in Glutamat umwandelt. Bei einer Langzeiteinnahme von L-Glutamin wird empfohlen, zus\u00e4tzlich B-Vitamine einzunehmen. Durch das Setzen des Inhalts kann es zu leichten Abweichungen bei der Anzahl der Portionen kommen.<\/p>\n<\/p><\/div>\n<div class=\"chcg-allergens\">\n<h3>Allergeninformationen<\/h3>\n<p>Frei von Gluten, GVO und Soja.<\/p>\n<\/p><\/div>\n<div class=\"chcg-storage\">\n<h3>Lagerung<\/h3>\n<p>An einem k\u00fchlen, trockenen Ort lagern.<\/p>\n<\/p><\/div>\n<div class=\"chcg-dietary\">\n<h3>Ern\u00e4hrungshinweise<\/h3>\n<ul>\n<li>Vegan<\/li>\n<li>Vegetarisch<\/li>\n<li>Glutenfrei<\/li>\n<\/ul><\/div>\n<\/div>\n","protected":false},"excerpt":{"rendered":"<p>Reines L-Glutamin-Pulver von Doctor&#8217;s Best \u2013 5 g pro Portion, ideal rund ums Training. Das 300-g-Pulver enth\u00e4lt keine Zusatzstoffe und ist vegan sowie glutenfrei.<\/p>\n","protected":false},"featured_media":1662,"comment_status":"closed","ping_status":"open","template":"","meta":[],"product_brand":[177],"product_cat":[517,514,90,48,519,21],"product_tag":[],"class_list":{"0":"post-1661","1":"product","2":"type-product","3":"status-publish","4":"has-post-thumbnail","6":"product_brand-doctors-best","7":"product_cat-aminosaeuremischungen-aminosaeuren-und-bcaas","8":"product_cat-aminosaeuren-und-bcaas","9":"product_cat-fitness-training","10":"product_cat-gesunde-ernaehrung","11":"product_cat-glutamin-aminosaeuren-und-bcaas","12":"product_cat-vitamine-und-mineralstoffe","14":"first","15":"outofstock","16":"taxable","17":"shipping-taxable","18":"purchasable","19":"product-type-simple"},"yoast_head":"<!-- This site is optimized with the Yoast SEO plugin v27.5 - https:\/\/yoast.com\/product\/yoast-seo-wordpress\/ -->\n<title>L-Glutamine Pulver 300g \u2013 Doctor&#039;s Best | ecosupplements.ch<\/title>\n<meta name=\"description\" content=\"Reines L-Glutamin-Pulver, 5 g pro Portion, vegan und glutenfrei \u2013 ideal f\u00fcr aktive Personen. 300 g, ca. 60 Portionen. Jetzt bestellen.\" \/>\n<meta name=\"robots\" content=\"index, follow, max-snippet:-1, max-image-preview:large, max-video-preview:-1\" \/>\n<link rel=\"canonical\" href=\"https:\/\/ecosupplements.ch\/?product=l-glutamine-powder-300g\" \/>\n<meta property=\"og:locale\" content=\"de_DE\" \/>\n<meta property=\"og:type\" content=\"article\" \/>\n<meta property=\"og:title\" content=\"L-Glutamine Pulver 300g \u2013 Doctor&#039;s Best | ecosupplements.ch\" \/>\n<meta property=\"og:description\" content=\"Reines L-Glutamin-Pulver, 5 g pro Portion, vegan und glutenfrei \u2013 ideal f\u00fcr aktive Personen. 300 g, ca. 60 Portionen. Jetzt bestellen.\" \/>\n<meta property=\"og:url\" content=\"https:\/\/ecosupplements.ch\/?product=l-glutamine-powder-300g\" \/>\n<meta property=\"og:site_name\" content=\"Eco Supplements\" \/>\n<meta property=\"article:modified_time\" content=\"2026-05-13T07:24:32+00:00\" \/>\n<meta property=\"og:image\" content=\"https:\/\/ecosupplements.ch\/wp-content\/uploads\/2026\/05\/L-Glutamine-Powder-300g.jpg\" \/>\n\t<meta property=\"og:image:width\" content=\"1000\" \/>\n\t<meta property=\"og:image:height\" content=\"1100\" \/>\n\t<meta property=\"og:image:type\" content=\"image\/jpeg\" \/>\n<meta name=\"twitter:card\" content=\"summary_large_image\" \/>\n<meta name=\"twitter:label1\" content=\"Price\" \/>\n\t<meta name=\"twitter:data1\" content=\"&#067;&#072;&#070;&nbsp;30.76\" \/>\n\t<meta name=\"twitter:label2\" content=\"Availability\" \/>\n\t<meta name=\"twitter:data2\" content=\"Out of stock\" \/>\n<script type=\"application\/ld+json\" class=\"yoast-schema-graph\">{\"@context\":\"https:\\\/\\\/schema.org\",\"@graph\":[{\"@type\":\"WebPage\",\"@id\":\"https:\\\/\\\/ecosupplements.ch\\\/?product=l-glutamine-powder-300g\",\"url\":\"https:\\\/\\\/ecosupplements.ch\\\/?product=l-glutamine-powder-300g\",\"name\":\"L-Glutamine Pulver 300g \u2013 Doctor's Best | ecosupplements.ch\",\"isPartOf\":{\"@id\":\"https:\\\/\\\/ecosupplements.ch\\\/#website\"},\"primaryImageOfPage\":{\"@id\":\"https:\\\/\\\/ecosupplements.ch\\\/?product=l-glutamine-powder-300g#primaryimage\"},\"image\":{\"@id\":\"https:\\\/\\\/ecosupplements.ch\\\/?product=l-glutamine-powder-300g#primaryimage\"},\"thumbnailUrl\":\"https:\\\/\\\/ecosupplements.ch\\\/wp-content\\\/uploads\\\/2026\\\/05\\\/L-Glutamine-Powder-300g.jpg\",\"datePublished\":\"2026-05-11T14:30:59+00:00\",\"dateModified\":\"2026-05-13T07:24:32+00:00\",\"description\":\"Reines L-Glutamin-Pulver, 5 g pro Portion, vegan und glutenfrei \u2013 ideal f\u00fcr aktive Personen. 300 g, ca. 60 Portionen. Jetzt bestellen.\",\"breadcrumb\":{\"@id\":\"https:\\\/\\\/ecosupplements.ch\\\/?product=l-glutamine-powder-300g#breadcrumb\"},\"inLanguage\":\"de-CH\",\"potentialAction\":[{\"@type\":\"ReadAction\",\"target\":[\"https:\\\/\\\/ecosupplements.ch\\\/?product=l-glutamine-powder-300g\"]}]},{\"@type\":\"ImageObject\",\"inLanguage\":\"de-CH\",\"@id\":\"https:\\\/\\\/ecosupplements.ch\\\/?product=l-glutamine-powder-300g#primaryimage\",\"url\":\"https:\\\/\\\/ecosupplements.ch\\\/wp-content\\\/uploads\\\/2026\\\/05\\\/L-Glutamine-Powder-300g.jpg\",\"contentUrl\":\"https:\\\/\\\/ecosupplements.ch\\\/wp-content\\\/uploads\\\/2026\\\/05\\\/L-Glutamine-Powder-300g.jpg\",\"width\":1000,\"height\":1100,\"caption\":\"L-Glutamine Powder - 300g\"},{\"@type\":\"BreadcrumbList\",\"@id\":\"https:\\\/\\\/ecosupplements.ch\\\/?product=l-glutamine-powder-300g#breadcrumb\",\"itemListElement\":[{\"@type\":\"ListItem\",\"position\":1,\"name\":\"Home\",\"item\":\"https:\\\/\\\/ecosupplements.ch\\\/\"},{\"@type\":\"ListItem\",\"position\":2,\"name\":\"Shop\",\"item\":\"https:\\\/\\\/ecosupplements.ch\\\/?page_id=14\"},{\"@type\":\"ListItem\",\"position\":3,\"name\":\"L-Glutamine Powder &#8211; 300g\"}]},{\"@type\":\"WebSite\",\"@id\":\"https:\\\/\\\/ecosupplements.ch\\\/#website\",\"url\":\"https:\\\/\\\/ecosupplements.ch\\\/\",\"name\":\"Eco Supplements\",\"description\":\"\",\"potentialAction\":[{\"@type\":\"SearchAction\",\"target\":{\"@type\":\"EntryPoint\",\"urlTemplate\":\"https:\\\/\\\/ecosupplements.ch\\\/?s={search_term_string}\"},\"query-input\":{\"@type\":\"PropertyValueSpecification\",\"valueRequired\":true,\"valueName\":\"search_term_string\"}}],\"inLanguage\":\"de-CH\"}]}<\/script>\n<meta property=\"product:price:amount\" content=\"30.76\" \/>\n<meta property=\"product:price:currency\" content=\"CHF\" \/>\n<meta property=\"og:availability\" content=\"out of stock\" \/>\n<meta property=\"product:availability\" content=\"out of stock\" \/>\n<meta property=\"product:retailer_item_id\" content=\"753950004917\" \/>\n<meta property=\"product:condition\" content=\"new\" \/>\n<!-- \/ Yoast SEO plugin. -->","yoast_head_json":{"title":"L-Glutamine Pulver 300g \u2013 Doctor's Best | ecosupplements.ch","description":"Reines L-Glutamin-Pulver, 5 g pro Portion, vegan und glutenfrei \u2013 ideal f\u00fcr aktive Personen. 300 g, ca. 60 Portionen. Jetzt bestellen.","robots":{"index":"index","follow":"follow","max-snippet":"max-snippet:-1","max-image-preview":"max-image-preview:large","max-video-preview":"max-video-preview:-1"},"canonical":"https:\/\/ecosupplements.ch\/?product=l-glutamine-powder-300g","og_locale":"de_DE","og_type":"article","og_title":"L-Glutamine Pulver 300g \u2013 Doctor's Best | ecosupplements.ch","og_description":"Reines L-Glutamin-Pulver, 5 g pro Portion, vegan und glutenfrei \u2013 ideal f\u00fcr aktive Personen. 300 g, ca. 60 Portionen. Jetzt bestellen.","og_url":"https:\/\/ecosupplements.ch\/?product=l-glutamine-powder-300g","og_site_name":"Eco Supplements","article_modified_time":"2026-05-13T07:24:32+00:00","og_image":[{"width":1000,"height":1100,"url":"https:\/\/ecosupplements.ch\/wp-content\/uploads\/2026\/05\/L-Glutamine-Powder-300g.jpg","type":"image\/jpeg"}],"twitter_card":"summary_large_image","twitter_misc":{"Price":"&#67;&#72;&#70;&nbsp;30.76","Availability":"Out of stock"},"schema":{"@context":"https:\/\/schema.org","@graph":[{"@type":"WebPage","@id":"https:\/\/ecosupplements.ch\/?product=l-glutamine-powder-300g","url":"https:\/\/ecosupplements.ch\/?product=l-glutamine-powder-300g","name":"L-Glutamine Pulver 300g \u2013 Doctor's Best | ecosupplements.ch","isPartOf":{"@id":"https:\/\/ecosupplements.ch\/#website"},"primaryImageOfPage":{"@id":"https:\/\/ecosupplements.ch\/?product=l-glutamine-powder-300g#primaryimage"},"image":{"@id":"https:\/\/ecosupplements.ch\/?product=l-glutamine-powder-300g#primaryimage"},"thumbnailUrl":"https:\/\/ecosupplements.ch\/wp-content\/uploads\/2026\/05\/L-Glutamine-Powder-300g.jpg","datePublished":"2026-05-11T14:30:59+00:00","dateModified":"2026-05-13T07:24:32+00:00","description":"Reines L-Glutamin-Pulver, 5 g pro Portion, vegan und glutenfrei \u2013 ideal f\u00fcr aktive Personen. 300 g, ca. 60 Portionen. Jetzt bestellen.","breadcrumb":{"@id":"https:\/\/ecosupplements.ch\/?product=l-glutamine-powder-300g#breadcrumb"},"inLanguage":"de-CH","potentialAction":[{"@type":"ReadAction","target":["https:\/\/ecosupplements.ch\/?product=l-glutamine-powder-300g"]}]},{"@type":"ImageObject","inLanguage":"de-CH","@id":"https:\/\/ecosupplements.ch\/?product=l-glutamine-powder-300g#primaryimage","url":"https:\/\/ecosupplements.ch\/wp-content\/uploads\/2026\/05\/L-Glutamine-Powder-300g.jpg","contentUrl":"https:\/\/ecosupplements.ch\/wp-content\/uploads\/2026\/05\/L-Glutamine-Powder-300g.jpg","width":1000,"height":1100,"caption":"L-Glutamine Powder - 300g"},{"@type":"BreadcrumbList","@id":"https:\/\/ecosupplements.ch\/?product=l-glutamine-powder-300g#breadcrumb","itemListElement":[{"@type":"ListItem","position":1,"name":"Home","item":"https:\/\/ecosupplements.ch\/"},{"@type":"ListItem","position":2,"name":"Shop","item":"https:\/\/ecosupplements.ch\/?page_id=14"},{"@type":"ListItem","position":3,"name":"L-Glutamine Powder &#8211; 300g"}]},{"@type":"WebSite","@id":"https:\/\/ecosupplements.ch\/#website","url":"https:\/\/ecosupplements.ch\/","name":"Eco Supplements","description":"","potentialAction":[{"@type":"SearchAction","target":{"@type":"EntryPoint","urlTemplate":"https:\/\/ecosupplements.ch\/?s={search_term_string}"},"query-input":{"@type":"PropertyValueSpecification","valueRequired":true,"valueName":"search_term_string"}}],"inLanguage":"de-CH"}]},"product_price_amount":"30.76","product_price_currency":"CHF","og_availability":"out of stock","product_availability":"out of stock","product_retailer_item_id":"753950004917","product_condition":"new"},"_links":{"self":[{"href":"https:\/\/ecosupplements.ch\/index.php?rest_route=\/wp\/v2\/product\/1661","targetHints":{"allow":["GET"]}}],"collection":[{"href":"https:\/\/ecosupplements.ch\/index.php?rest_route=\/wp\/v2\/product"}],"about":[{"href":"https:\/\/ecosupplements.ch\/index.php?rest_route=\/wp\/v2\/types\/product"}],"replies":[{"embeddable":true,"href":"https:\/\/ecosupplements.ch\/index.php?rest_route=%2Fwp%2Fv2%2Fcomments&post=1661"}],"wp:featuredmedia":[{"embeddable":true,"href":"https:\/\/ecosupplements.ch\/index.php?rest_route=\/wp\/v2\/media\/1662"}],"wp:attachment":[{"href":"https:\/\/ecosupplements.ch\/index.php?rest_route=%2Fwp%2Fv2%2Fmedia&parent=1661"}],"wp:term":[{"taxonomy":"product_brand","embeddable":true,"href":"https:\/\/ecosupplements.ch\/index.php?rest_route=%2Fwp%2Fv2%2Fproduct_brand&post=1661"},{"taxonomy":"product_cat","embeddable":true,"href":"https:\/\/ecosupplements.ch\/index.php?rest_route=%2Fwp%2Fv2%2Fproduct_cat&post=1661"},{"taxonomy":"product_tag","embeddable":true,"href":"https:\/\/ecosupplements.ch\/index.php?rest_route=%2Fwp%2Fv2%2Fproduct_tag&post=1661"}],"curies":[{"name":"wp","href":"https:\/\/api.w.org\/{rel}","templated":true}]}}