{"id":1675,"date":"2026-05-11T14:31:05","date_gmt":"2026-05-11T14:31:05","guid":{"rendered":"https:\/\/ecosupplements.ch\/?product=noni-fruit-powder-650mg-120-vcaps"},"modified":"2026-05-13T07:24:33","modified_gmt":"2026-05-13T07:24:33","slug":"noni-fruit-powder-650mg-120-vcaps","status":"publish","type":"product","link":"https:\/\/ecosupplements.ch\/?product=noni-fruit-powder-650mg-120-vcaps","title":{"rendered":"Noni Fruit Powder, 650mg &#8211; 120 vcaps"},"content":{"rendered":"<div class=\"chcg-product-description\">\n<h2 class=\"chcg-heading\">\u00dcber Doctor&#8217;s Best \u2013 Noni Fruchtpulver, 650mg \u2013 120 vcaps<\/h2>\n<div class=\"chcg-intro\">\n<p>Doctor&#8217;s Best Noni Fruchtpulver liefert 1300 mg reines Morinda-citrifolia-Fruchtpulver pro Tagesportion in praktischen vegetarischen Kapseln. Die Noni-Frucht wird seit Jahrhunderten in der traditionellen Ern\u00e4hrungskultur gesch\u00e4tzt und geh\u00f6rt zu den n\u00e4hrstoffreichsten Fr\u00fcchten der Tropen.<\/p>\n<p>Doctor&#8217;s Best setzt auf h\u00f6chste Qualit\u00e4tsstandards: Das Produkt enth\u00e4lt ausschliesslich den reinen Fruchtextrakt ohne unn\u00f6tige Zusatzstoffe. Die Kapselh\u00fclle besteht aus Hypromellose und ist somit f\u00fcr Veganerinnen und Veganer sowie Vegetarierinnen und Vegetarier geeignet.<\/p>\n<p>Mit 120 Kapseln pro Packung deckt dieses Produkt einen Vorrat von 60 Tagen bei der empfohlenen Dosierung ab \u2013 eine zuverl\u00e4ssige und unkomplizierte Erg\u00e4nzung des t\u00e4glichen Wohlbefindens.<\/p>\n<\/p><\/div>\n<div class=\"chcg-nutrition\">\n<h3>N\u00e4hrwertangaben<\/h3>\n<table class=\"chcg-nutrition-table\">\n<thead>\n<tr>\n<th>N\u00e4hrstoff<\/th>\n<th>Pro Portion (2 Kapseln)<\/th>\n<\/tr>\n<\/thead>\n<tbody>\n<tr>\n<td>Noni Fruchtpulver (<em>Morinda citrifolia<\/em>) (Frucht)<\/td>\n<td>1300 mg *<\/td>\n<\/tr>\n<\/tbody>\n<\/table>\n<p class=\"chcg-footnote\">* Kein etablierter Tagesreferenzwert vorhanden.<\/p>\n<\/p><\/div>\n<div class=\"chcg-ingredients\">\n<h3>Zutaten<\/h3>\n<p>Noni Fruchtpulver (<em>Morinda citrifolia<\/em>) 1300 mg pro Portion.<\/p>\n<p>Weitere Zutaten: Hypromellose (vegetarische Kapsel).<\/p>\n<p class=\"chcg-capsule-shell\">Kapselh\u00fclle: Hypromellose (vegetarische Kapsel).<\/p>\n<\/p><\/div>\n<div class=\"chcg-dosage\">\n<h3>Verzehrempfehlung<\/h3>\n<p>Empfohlene Einnahme f\u00fcr Erwachsene: T\u00e4glich 2 Kapseln einnehmen, mit oder ohne Mahlzeit, oder gem\u00e4ss Empfehlung einer ern\u00e4hrungsmedizinisch qualifizierten Fachperson.<\/p>\n<\/p><\/div>\n<div class=\"chcg-warnings\">\n<h3>Warnhinweise<\/h3>\n<p>Falls Sie schwanger sind, stillen, Blutverd\u00fcnner einnehmen oder an einer bekannten Erkrankung wie z. B. Nierenproblemen leiden, konsultieren Sie bitte vor der Einnahme von Noni Ihren Arzt oder Ihre \u00c4rztin. Dieses Produkt enth\u00e4lt nat\u00fcrliche Zutaten, deren Farbe variieren kann.<\/p>\n<\/p><\/div>\n<div class=\"chcg-allergens\">\n<h3>Allergeninformationen<\/h3>\n<p>Frei von Gluten, Soja und tierischen Zutaten. Keine Allergene deklariert.<\/p>\n<\/p><\/div>\n<div class=\"chcg-storage\">\n<h3>Lagerung<\/h3>\n<p>An einem k\u00fchlen, trockenen Ort aufbewahren.<\/p>\n<\/p><\/div>\n<div class=\"chcg-dietary\">\n<h3>Ern\u00e4hrungshinweise<\/h3>\n<ul>\n<li>Vegan<\/li>\n<li>Vegetarisch<\/li>\n<li>Glutenfrei<\/li>\n<li>Laktosefrei<\/li>\n<\/ul><\/div>\n<\/div>\n","protected":false},"excerpt":{"rendered":"<p>Doctor&#8217;s Best Noni Fruchtpulver liefert 1300 mg reines Morinda-citrifolia-Pulver pro Tagesportion in 2 vegetarischen Kapseln. Die Packung enth\u00e4lt 120 Kapseln (60 Portionen) und ist vegan sowie glutenfrei.<\/p>\n","protected":false},"featured_media":1676,"comment_status":"closed","ping_status":"open","template":"","meta":[],"product_brand":[177],"product_cat":[48,25,44,22,21],"product_tag":[],"class_list":{"0":"post-1675","1":"product","2":"type-product","3":"status-publish","4":"has-post-thumbnail","6":"product_brand-doctors-best","7":"product_cat-gesunde-ernaehrung","8":"product_cat-gesundheit-und-wohlbefinden","9":"product_cat-pflanzliche-nahrungsergaenzungsmittel","10":"product_cat-vegane-produkte","11":"product_cat-vitamine-und-mineralstoffe","13":"first","14":"outofstock","15":"taxable","16":"shipping-taxable","17":"purchasable","18":"product-type-simple"},"yoast_head":"<!-- This site is optimized with the Yoast SEO plugin v27.5 - https:\/\/yoast.com\/product\/yoast-seo-wordpress\/ -->\n<title>Noni Fruchtpulver 650mg \u2013 Doctor&#039;s Best | ecosupplements.ch<\/title>\n<meta name=\"description\" content=\"Doctor&#039;s Best Noni Fruchtpulver, 1300 mg pro Portion, in 120 veganen Kapseln \u2013 glutenfrei und ohne Zusatzstoffe. Jetzt bestellen.\" \/>\n<meta name=\"robots\" content=\"index, follow, max-snippet:-1, max-image-preview:large, max-video-preview:-1\" \/>\n<link rel=\"canonical\" href=\"https:\/\/ecosupplements.ch\/?product=noni-fruit-powder-650mg-120-vcaps\" \/>\n<meta property=\"og:locale\" content=\"de_DE\" \/>\n<meta property=\"og:type\" content=\"article\" \/>\n<meta property=\"og:title\" content=\"Noni Fruchtpulver 650mg \u2013 Doctor&#039;s Best | ecosupplements.ch\" \/>\n<meta property=\"og:description\" content=\"Doctor&#039;s Best Noni Fruchtpulver, 1300 mg pro Portion, in 120 veganen Kapseln \u2013 glutenfrei und ohne Zusatzstoffe. Jetzt bestellen.\" \/>\n<meta property=\"og:url\" content=\"https:\/\/ecosupplements.ch\/?product=noni-fruit-powder-650mg-120-vcaps\" \/>\n<meta property=\"og:site_name\" content=\"Eco Supplements\" \/>\n<meta property=\"article:modified_time\" content=\"2026-05-13T07:24:33+00:00\" \/>\n<meta property=\"og:image\" content=\"https:\/\/ecosupplements.ch\/wp-content\/uploads\/2026\/05\/Noni-Fruit-Powder-650mg-120-vcaps.jpg\" \/>\n\t<meta property=\"og:image:width\" content=\"1000\" \/>\n\t<meta property=\"og:image:height\" content=\"1612\" \/>\n\t<meta property=\"og:image:type\" content=\"image\/jpeg\" \/>\n<meta name=\"twitter:card\" content=\"summary_large_image\" \/>\n<meta name=\"twitter:label1\" content=\"Price\" \/>\n\t<meta name=\"twitter:data1\" content=\"&#067;&#072;&#070;&nbsp;21.29\" \/>\n\t<meta name=\"twitter:label2\" content=\"Availability\" \/>\n\t<meta name=\"twitter:data2\" content=\"Out of stock\" \/>\n<script type=\"application\/ld+json\" class=\"yoast-schema-graph\">{\"@context\":\"https:\\\/\\\/schema.org\",\"@graph\":[{\"@type\":\"WebPage\",\"@id\":\"https:\\\/\\\/ecosupplements.ch\\\/?product=noni-fruit-powder-650mg-120-vcaps\",\"url\":\"https:\\\/\\\/ecosupplements.ch\\\/?product=noni-fruit-powder-650mg-120-vcaps\",\"name\":\"Noni Fruchtpulver 650mg \u2013 Doctor's Best | ecosupplements.ch\",\"isPartOf\":{\"@id\":\"https:\\\/\\\/ecosupplements.ch\\\/#website\"},\"primaryImageOfPage\":{\"@id\":\"https:\\\/\\\/ecosupplements.ch\\\/?product=noni-fruit-powder-650mg-120-vcaps#primaryimage\"},\"image\":{\"@id\":\"https:\\\/\\\/ecosupplements.ch\\\/?product=noni-fruit-powder-650mg-120-vcaps#primaryimage\"},\"thumbnailUrl\":\"https:\\\/\\\/ecosupplements.ch\\\/wp-content\\\/uploads\\\/2026\\\/05\\\/Noni-Fruit-Powder-650mg-120-vcaps.jpg\",\"datePublished\":\"2026-05-11T14:31:05+00:00\",\"dateModified\":\"2026-05-13T07:24:33+00:00\",\"description\":\"Doctor's Best Noni Fruchtpulver, 1300 mg pro Portion, in 120 veganen Kapseln \u2013 glutenfrei und ohne Zusatzstoffe. Jetzt bestellen.\",\"breadcrumb\":{\"@id\":\"https:\\\/\\\/ecosupplements.ch\\\/?product=noni-fruit-powder-650mg-120-vcaps#breadcrumb\"},\"inLanguage\":\"de-CH\",\"potentialAction\":[{\"@type\":\"ReadAction\",\"target\":[\"https:\\\/\\\/ecosupplements.ch\\\/?product=noni-fruit-powder-650mg-120-vcaps\"]}]},{\"@type\":\"ImageObject\",\"inLanguage\":\"de-CH\",\"@id\":\"https:\\\/\\\/ecosupplements.ch\\\/?product=noni-fruit-powder-650mg-120-vcaps#primaryimage\",\"url\":\"https:\\\/\\\/ecosupplements.ch\\\/wp-content\\\/uploads\\\/2026\\\/05\\\/Noni-Fruit-Powder-650mg-120-vcaps.jpg\",\"contentUrl\":\"https:\\\/\\\/ecosupplements.ch\\\/wp-content\\\/uploads\\\/2026\\\/05\\\/Noni-Fruit-Powder-650mg-120-vcaps.jpg\",\"width\":1000,\"height\":1612,\"caption\":\"Noni Fruit Powder\"},{\"@type\":\"BreadcrumbList\",\"@id\":\"https:\\\/\\\/ecosupplements.ch\\\/?product=noni-fruit-powder-650mg-120-vcaps#breadcrumb\",\"itemListElement\":[{\"@type\":\"ListItem\",\"position\":1,\"name\":\"Home\",\"item\":\"https:\\\/\\\/ecosupplements.ch\\\/\"},{\"@type\":\"ListItem\",\"position\":2,\"name\":\"Shop\",\"item\":\"https:\\\/\\\/ecosupplements.ch\\\/?page_id=14\"},{\"@type\":\"ListItem\",\"position\":3,\"name\":\"Noni Fruit Powder, 650mg &#8211; 120 vcaps\"}]},{\"@type\":\"WebSite\",\"@id\":\"https:\\\/\\\/ecosupplements.ch\\\/#website\",\"url\":\"https:\\\/\\\/ecosupplements.ch\\\/\",\"name\":\"Eco Supplements\",\"description\":\"\",\"potentialAction\":[{\"@type\":\"SearchAction\",\"target\":{\"@type\":\"EntryPoint\",\"urlTemplate\":\"https:\\\/\\\/ecosupplements.ch\\\/?s={search_term_string}\"},\"query-input\":{\"@type\":\"PropertyValueSpecification\",\"valueRequired\":true,\"valueName\":\"search_term_string\"}}],\"inLanguage\":\"de-CH\"}]}<\/script>\n<meta property=\"product:price:amount\" content=\"21.29\" \/>\n<meta property=\"product:price:currency\" content=\"CHF\" \/>\n<meta property=\"og:availability\" content=\"out of stock\" \/>\n<meta property=\"product:availability\" content=\"out of stock\" \/>\n<meta property=\"product:retailer_item_id\" content=\"753950000964\" \/>\n<meta property=\"product:condition\" content=\"new\" \/>\n<!-- \/ Yoast SEO plugin. -->","yoast_head_json":{"title":"Noni Fruchtpulver 650mg \u2013 Doctor's Best | ecosupplements.ch","description":"Doctor's Best Noni Fruchtpulver, 1300 mg pro Portion, in 120 veganen Kapseln \u2013 glutenfrei und ohne Zusatzstoffe. Jetzt bestellen.","robots":{"index":"index","follow":"follow","max-snippet":"max-snippet:-1","max-image-preview":"max-image-preview:large","max-video-preview":"max-video-preview:-1"},"canonical":"https:\/\/ecosupplements.ch\/?product=noni-fruit-powder-650mg-120-vcaps","og_locale":"de_DE","og_type":"article","og_title":"Noni Fruchtpulver 650mg \u2013 Doctor's Best | ecosupplements.ch","og_description":"Doctor's Best Noni Fruchtpulver, 1300 mg pro Portion, in 120 veganen Kapseln \u2013 glutenfrei und ohne Zusatzstoffe. Jetzt bestellen.","og_url":"https:\/\/ecosupplements.ch\/?product=noni-fruit-powder-650mg-120-vcaps","og_site_name":"Eco Supplements","article_modified_time":"2026-05-13T07:24:33+00:00","og_image":[{"width":1000,"height":1612,"url":"https:\/\/ecosupplements.ch\/wp-content\/uploads\/2026\/05\/Noni-Fruit-Powder-650mg-120-vcaps.jpg","type":"image\/jpeg"}],"twitter_card":"summary_large_image","twitter_misc":{"Price":"&#67;&#72;&#70;&nbsp;21.29","Availability":"Out of stock"},"schema":{"@context":"https:\/\/schema.org","@graph":[{"@type":"WebPage","@id":"https:\/\/ecosupplements.ch\/?product=noni-fruit-powder-650mg-120-vcaps","url":"https:\/\/ecosupplements.ch\/?product=noni-fruit-powder-650mg-120-vcaps","name":"Noni Fruchtpulver 650mg \u2013 Doctor's Best | ecosupplements.ch","isPartOf":{"@id":"https:\/\/ecosupplements.ch\/#website"},"primaryImageOfPage":{"@id":"https:\/\/ecosupplements.ch\/?product=noni-fruit-powder-650mg-120-vcaps#primaryimage"},"image":{"@id":"https:\/\/ecosupplements.ch\/?product=noni-fruit-powder-650mg-120-vcaps#primaryimage"},"thumbnailUrl":"https:\/\/ecosupplements.ch\/wp-content\/uploads\/2026\/05\/Noni-Fruit-Powder-650mg-120-vcaps.jpg","datePublished":"2026-05-11T14:31:05+00:00","dateModified":"2026-05-13T07:24:33+00:00","description":"Doctor's Best Noni Fruchtpulver, 1300 mg pro Portion, in 120 veganen Kapseln \u2013 glutenfrei und ohne Zusatzstoffe. Jetzt bestellen.","breadcrumb":{"@id":"https:\/\/ecosupplements.ch\/?product=noni-fruit-powder-650mg-120-vcaps#breadcrumb"},"inLanguage":"de-CH","potentialAction":[{"@type":"ReadAction","target":["https:\/\/ecosupplements.ch\/?product=noni-fruit-powder-650mg-120-vcaps"]}]},{"@type":"ImageObject","inLanguage":"de-CH","@id":"https:\/\/ecosupplements.ch\/?product=noni-fruit-powder-650mg-120-vcaps#primaryimage","url":"https:\/\/ecosupplements.ch\/wp-content\/uploads\/2026\/05\/Noni-Fruit-Powder-650mg-120-vcaps.jpg","contentUrl":"https:\/\/ecosupplements.ch\/wp-content\/uploads\/2026\/05\/Noni-Fruit-Powder-650mg-120-vcaps.jpg","width":1000,"height":1612,"caption":"Noni Fruit Powder"},{"@type":"BreadcrumbList","@id":"https:\/\/ecosupplements.ch\/?product=noni-fruit-powder-650mg-120-vcaps#breadcrumb","itemListElement":[{"@type":"ListItem","position":1,"name":"Home","item":"https:\/\/ecosupplements.ch\/"},{"@type":"ListItem","position":2,"name":"Shop","item":"https:\/\/ecosupplements.ch\/?page_id=14"},{"@type":"ListItem","position":3,"name":"Noni Fruit Powder, 650mg &#8211; 120 vcaps"}]},{"@type":"WebSite","@id":"https:\/\/ecosupplements.ch\/#website","url":"https:\/\/ecosupplements.ch\/","name":"Eco Supplements","description":"","potentialAction":[{"@type":"SearchAction","target":{"@type":"EntryPoint","urlTemplate":"https:\/\/ecosupplements.ch\/?s={search_term_string}"},"query-input":{"@type":"PropertyValueSpecification","valueRequired":true,"valueName":"search_term_string"}}],"inLanguage":"de-CH"}]},"product_price_amount":"21.29","product_price_currency":"CHF","og_availability":"out of stock","product_availability":"out of stock","product_retailer_item_id":"753950000964","product_condition":"new"},"_links":{"self":[{"href":"https:\/\/ecosupplements.ch\/index.php?rest_route=\/wp\/v2\/product\/1675","targetHints":{"allow":["GET"]}}],"collection":[{"href":"https:\/\/ecosupplements.ch\/index.php?rest_route=\/wp\/v2\/product"}],"about":[{"href":"https:\/\/ecosupplements.ch\/index.php?rest_route=\/wp\/v2\/types\/product"}],"replies":[{"embeddable":true,"href":"https:\/\/ecosupplements.ch\/index.php?rest_route=%2Fwp%2Fv2%2Fcomments&post=1675"}],"wp:featuredmedia":[{"embeddable":true,"href":"https:\/\/ecosupplements.ch\/index.php?rest_route=\/wp\/v2\/media\/1676"}],"wp:attachment":[{"href":"https:\/\/ecosupplements.ch\/index.php?rest_route=%2Fwp%2Fv2%2Fmedia&parent=1675"}],"wp:term":[{"taxonomy":"product_brand","embeddable":true,"href":"https:\/\/ecosupplements.ch\/index.php?rest_route=%2Fwp%2Fv2%2Fproduct_brand&post=1675"},{"taxonomy":"product_cat","embeddable":true,"href":"https:\/\/ecosupplements.ch\/index.php?rest_route=%2Fwp%2Fv2%2Fproduct_cat&post=1675"},{"taxonomy":"product_tag","embeddable":true,"href":"https:\/\/ecosupplements.ch\/index.php?rest_route=%2Fwp%2Fv2%2Fproduct_tag&post=1675"}],"curies":[{"name":"wp","href":"https:\/\/api.w.org\/{rel}","templated":true}]}}