{"id":1691,"date":"2026-05-11T14:31:12","date_gmt":"2026-05-11T14:31:12","guid":{"rendered":"https:\/\/ecosupplements.ch\/?product=blood-and-guts-strawberry-380g"},"modified":"2026-05-12T17:41:49","modified_gmt":"2026-05-12T17:41:49","slug":"blood-and-guts-strawberry-380g","status":"publish","type":"product","link":"https:\/\/ecosupplements.ch\/?product=blood-and-guts-strawberry-380g","title":{"rendered":"Blood and Guts, Strawberry &#8211; 380g"},"content":{"rendered":"<div class=\"chcg-product-description\">\n<h2 class=\"chcg-heading\">\u00dcber Dorian Yates \u2013 Blood and Guts, Strawberry \u2013 380g<\/h2>\n<div class=\"chcg-intro\">\n<p>Blood and Guts von Dorian Yates ist ein leistungsstarkes Pre-Workout-Pulver, das speziell f\u00fcr Sportlerinnen und Sportler entwickelt wurde, die ihr Training auf das n\u00e4chste Level heben m\u00f6chten. Die Formel kombiniert hochdosierte Wirkstoffe wie L-Citrulline DL-Malate, Beta-Alanine und einen A-AKG Komplex und unterst\u00fctzt so eine optimale Versorgung der Muskulatur w\u00e4hrend intensiver Trainingseinheiten.<\/p>\n<p>Mit 350 mg Coffein pro Portion \u2013 aus Caffeine Anhydrous, Gr\u00fcntee-Extrakt und Guarana \u2013 tr\u00e4gt Blood and Guts zur Steigerung der Konzentration und Wachheit bei. Erg\u00e4nzt wird die Formel durch L-Tyrosine, Sweet Orange Peel Extract sowie Black Pepper Fruit Extract mit standardisiertem Piperingehalt f\u00fcr eine optimierte Aufnahme der Wirkstoffe.<\/p>\n<p>Das Pulver ist in der Geschmacksrichtung Strawberry erh\u00e4ltlich und ergibt 20 Portionen pro Packung (380 g). Es eignet sich f\u00fcr alle, die ein intensives und strukturiertes Krafttraining absolvieren und dabei auf eine pr\u00e4zise, klar deklarierte Produktzusammensetzung Wert legen.<\/p>\n<\/p><\/div>\n<div class=\"chcg-nutrition\">\n<h3>N\u00e4hrwertangaben<\/h3>\n<table class=\"chcg-nutrition-table\">\n<thead>\n<tr>\n<th>N\u00e4hrstoff<\/th>\n<th>Pro Portion (19 g)<\/th>\n<\/tr>\n<\/thead>\n<tbody>\n<tr>\n<td>Vitamin B3 (Nicotinamid)<\/td>\n<td>47,6 mg (297 % NRV)<\/td>\n<\/tr>\n<tr>\n<td>L-Citrulline DL-Malate (2:1)<\/td>\n<td>6004 mg<\/td>\n<\/tr>\n<tr>\n<td>\u2013 davon L-Citrulline<\/td>\n<td>4340 mg<\/td>\n<\/tr>\n<tr>\n<td>A-AKG Komplex<\/td>\n<td>4009 mg<\/td>\n<\/tr>\n<tr>\n<td>\u2013 davon L-Arginine<\/td>\n<td>2679 mg<\/td>\n<\/tr>\n<tr>\n<td>\u2013 davon Calcium Alpha-Ketoglutarate<\/td>\n<td>\u2013<\/td>\n<\/tr>\n<tr>\n<td>Beta-Alanine<\/td>\n<td>ca. 5500 mg<\/td>\n<\/tr>\n<tr>\n<td>L-Tyrosine<\/td>\n<td>ca. 500 mg<\/td>\n<\/tr>\n<tr>\n<td>Caffeine Anhydrous<\/td>\n<td>ca. 350 mg *<\/td>\n<\/tr>\n<tr>\n<td>Green Tea Leaf Extract<\/td>\n<td>ca. 250 mg *<\/td>\n<\/tr>\n<tr>\n<td>Sweet Orange Peel Extract<\/td>\n<td>ca. 187 mg *<\/td>\n<\/tr>\n<tr>\n<td>Guarana Seed Extract<\/td>\n<td>ca. 40 mg *<\/td>\n<\/tr>\n<tr>\n<td>Black Pepper Fruit Extract<\/td>\n<td>\u2013<\/td>\n<\/tr>\n<\/tbody>\n<\/table>\n<p class=\"chcg-footnote\">NRV = Referenzwert f\u00fcr die N\u00e4hrstoffzufuhr gem\u00e4ss EU-Verordnung Nr. 1169\/2011.<\/p>\n<p class=\"chcg-footnote\">* Kein festgelegter Tagesreferenzwert vorhanden.<\/p>\n<\/p><\/div>\n<div class=\"chcg-ingredients\">\n<h3>Zutaten<\/h3>\n<p>L-Citrulline DL-Malate (2:1), Beta-Alanine, A-AKG Komplex (L-Arginine, Calcium Alpha-Ketoglutarate), Trennmittel (Siliciumdioxid, Calciumsalze der Orthophosphors\u00e4ure), Aroma, L-Tyrosine (freie Aminos\u00e4ureform), Maltodextrin, Caffeine Anhydrous, Gr\u00fcntee-Blattextrakt (Camellia sinensis, standardisiert auf 95 % Polyphenole und 5 % Coffein), S\u00fcssstoffe (Sucralose, Acesulfam-K), S\u00fcssorange (Citrus sinensis) 100 % Schalenextrakt, Nicotinamid (Vitamin B3), Guarana-Samenextrakt (Paullinia cupana, standardisiert auf 22 % Coffein), Farbstoffe (Ponceau 4R, Indigocarmin), Schwarzer-Pfeffer-Fruchtextrakt (Piper nigrum, standardisiert auf 95 % Piperin).<\/p>\n<\/p><\/div>\n<div class=\"chcg-dosage\">\n<h3>Verzehrempfehlung<\/h3>\n<p>2 Messl\u00f6ffel Pulver (19 g) mit mindestens 250 ml Wasser in einem Shakerbeh\u00e4lter mischen und 30 Minuten vor dem Training einnehmen. F\u00fcr Erstanwender: 1 Messl\u00f6ffel Pulver (9,5 g) mit 250 ml Wasser mischen.<\/p>\n<\/p><\/div>\n<div class=\"chcg-warnings\">\n<h3>Warnhinweise<\/h3>\n<p>Hoher Coffeingehalt (1840 mg\/100 ml). Nahrungserg\u00e4nzungsmittel ersetzen keine ausgewogene Ern\u00e4hrung und gesunde Lebensweise. Die empfohlene Tagesdosis darf nicht \u00fcberschritten werden. Nicht verwenden, wenn eine Allergie gegen einen der Inhaltsstoffe besteht. Nicht empfohlen f\u00fcr Kinder sowie schwangere oder stillende Frauen. Nicht f\u00fcr Personen unter 18 Jahren geeignet. Vor der Einnahme einen Arzt konsultieren, wenn eine Vorgeschichte von Herzerkrankungen, Schilddr\u00fcsenerkrankungen, Lebererkrankungen, Nierenerkrankungen, Diabetes, Bluthochdruck, wiederkehrenden Kopfschmerzen, Depressionen oder anderen psychiatrischen Erkrankungen, Glaukom, Schwierigkeiten beim Wasserlassen, Prostatavergr\u00f6sserung oder einer Krampferkrankung besteht. Bei Einnahme von MAO-Hemmern, Antidepressiva oder anderen Medikamenten oder verschreibungspflichtigen Arzneimitteln vor der Einnahme einen Arzt konsultieren. Die Einnahme zwei Wochen vor einer Operation absetzen. Enth\u00e4lt Coffein.<\/p>\n<\/p><\/div>\n<div class=\"chcg-allergens\">\n<h3>Allergeninformationen<\/h3>\n<p>Hergestellt in einem Betrieb, der Milch, Soja, Ei und N\u00fcsse verarbeitet.<\/p>\n<\/p><\/div>\n<div class=\"chcg-storage\">\n<h3>Lagerung<\/h3>\n<p>An einem k\u00fchlen, trockenen Ort, vor Sonnenlicht gesch\u00fctzt, aufbewahren. Ausserhalb der Reichweite von Kindern aufbewahren.<\/p>\n<\/p><\/div>\n<\/div>\n","protected":false},"excerpt":{"rendered":"<p>Blood and Guts von Dorian Yates ist ein hochdosiertes Pre-Workout-Pulver mit L-Citrulline DL-Malate, Beta-Alanine und 350 mg Coffein pro Portion. Erh\u00e4ltlich in der Geschmacksrichtung Strawberry, 380 g (20 Portionen).<\/p>\n","protected":false},"featured_media":1692,"comment_status":"closed","ping_status":"open","template":"","meta":[],"product_brand":[451],"product_cat":[15],"product_tag":[],"class_list":{"0":"post-1691","1":"product","2":"type-product","3":"status-publish","4":"has-post-thumbnail","6":"product_brand-dorian-yates","7":"product_cat-uncategorized","9":"first","10":"outofstock","11":"taxable","12":"shipping-taxable","13":"purchasable","14":"product-type-simple"},"yoast_head":"<!-- This site is optimized with the Yoast SEO plugin v27.5 - https:\/\/yoast.com\/product\/yoast-seo-wordpress\/ -->\n<title>Blood and Guts Strawberry 380g \u2013 Dorian Yates | ecosupplements.ch<\/title>\n<meta name=\"description\" content=\"Hochdosiertes Pre-Workout-Pulver mit L-Citrulline, Beta-Alanine und 350 mg Coffein pro Portion \u2013 380 g, 20 Portionen. Jetzt bestellen.\" \/>\n<meta name=\"robots\" content=\"index, follow, max-snippet:-1, max-image-preview:large, max-video-preview:-1\" \/>\n<link rel=\"canonical\" href=\"https:\/\/ecosupplements.ch\/?product=blood-and-guts-strawberry-380g\" \/>\n<meta property=\"og:locale\" content=\"de_DE\" \/>\n<meta property=\"og:type\" content=\"article\" \/>\n<meta property=\"og:title\" content=\"Blood and Guts Strawberry 380g \u2013 Dorian Yates | ecosupplements.ch\" \/>\n<meta property=\"og:description\" content=\"Hochdosiertes Pre-Workout-Pulver mit L-Citrulline, Beta-Alanine und 350 mg Coffein pro Portion \u2013 380 g, 20 Portionen. Jetzt bestellen.\" \/>\n<meta property=\"og:url\" content=\"https:\/\/ecosupplements.ch\/?product=blood-and-guts-strawberry-380g\" \/>\n<meta property=\"og:site_name\" content=\"Eco Supplements\" \/>\n<meta property=\"article:modified_time\" content=\"2026-05-12T17:41:49+00:00\" \/>\n<meta property=\"og:image\" content=\"https:\/\/ecosupplements.ch\/wp-content\/uploads\/2026\/05\/Blood-and-Guts-Strawberry-380g.jpg\" \/>\n\t<meta property=\"og:image:width\" content=\"309\" \/>\n\t<meta property=\"og:image:height\" content=\"558\" \/>\n\t<meta property=\"og:image:type\" content=\"image\/jpeg\" \/>\n<meta name=\"twitter:card\" content=\"summary_large_image\" \/>\n<meta name=\"twitter:label1\" content=\"Price\" \/>\n\t<meta name=\"twitter:data1\" content=\"&#067;&#072;&#070;&nbsp;26.48\" \/>\n\t<meta name=\"twitter:label2\" content=\"Availability\" \/>\n\t<meta name=\"twitter:data2\" content=\"Out of stock\" \/>\n<script type=\"application\/ld+json\" class=\"yoast-schema-graph\">{\"@context\":\"https:\\\/\\\/schema.org\",\"@graph\":[{\"@type\":\"WebPage\",\"@id\":\"https:\\\/\\\/ecosupplements.ch\\\/?product=blood-and-guts-strawberry-380g\",\"url\":\"https:\\\/\\\/ecosupplements.ch\\\/?product=blood-and-guts-strawberry-380g\",\"name\":\"Blood and Guts Strawberry 380g \u2013 Dorian Yates | ecosupplements.ch\",\"isPartOf\":{\"@id\":\"https:\\\/\\\/ecosupplements.ch\\\/#website\"},\"primaryImageOfPage\":{\"@id\":\"https:\\\/\\\/ecosupplements.ch\\\/?product=blood-and-guts-strawberry-380g#primaryimage\"},\"image\":{\"@id\":\"https:\\\/\\\/ecosupplements.ch\\\/?product=blood-and-guts-strawberry-380g#primaryimage\"},\"thumbnailUrl\":\"https:\\\/\\\/ecosupplements.ch\\\/wp-content\\\/uploads\\\/2026\\\/05\\\/Blood-and-Guts-Strawberry-380g.jpg\",\"datePublished\":\"2026-05-11T14:31:12+00:00\",\"dateModified\":\"2026-05-12T17:41:49+00:00\",\"description\":\"Hochdosiertes Pre-Workout-Pulver mit L-Citrulline, Beta-Alanine und 350 mg Coffein pro Portion \u2013 380 g, 20 Portionen. Jetzt bestellen.\",\"breadcrumb\":{\"@id\":\"https:\\\/\\\/ecosupplements.ch\\\/?product=blood-and-guts-strawberry-380g#breadcrumb\"},\"inLanguage\":\"de-CH\",\"potentialAction\":[{\"@type\":\"ReadAction\",\"target\":[\"https:\\\/\\\/ecosupplements.ch\\\/?product=blood-and-guts-strawberry-380g\"]}]},{\"@type\":\"ImageObject\",\"inLanguage\":\"de-CH\",\"@id\":\"https:\\\/\\\/ecosupplements.ch\\\/?product=blood-and-guts-strawberry-380g#primaryimage\",\"url\":\"https:\\\/\\\/ecosupplements.ch\\\/wp-content\\\/uploads\\\/2026\\\/05\\\/Blood-and-Guts-Strawberry-380g.jpg\",\"contentUrl\":\"https:\\\/\\\/ecosupplements.ch\\\/wp-content\\\/uploads\\\/2026\\\/05\\\/Blood-and-Guts-Strawberry-380g.jpg\",\"width\":309,\"height\":558,\"caption\":\"Blood and Guts\"},{\"@type\":\"BreadcrumbList\",\"@id\":\"https:\\\/\\\/ecosupplements.ch\\\/?product=blood-and-guts-strawberry-380g#breadcrumb\",\"itemListElement\":[{\"@type\":\"ListItem\",\"position\":1,\"name\":\"Home\",\"item\":\"https:\\\/\\\/ecosupplements.ch\\\/\"},{\"@type\":\"ListItem\",\"position\":2,\"name\":\"Shop\",\"item\":\"https:\\\/\\\/ecosupplements.ch\\\/?page_id=14\"},{\"@type\":\"ListItem\",\"position\":3,\"name\":\"Blood and Guts, Strawberry &#8211; 380g\"}]},{\"@type\":\"WebSite\",\"@id\":\"https:\\\/\\\/ecosupplements.ch\\\/#website\",\"url\":\"https:\\\/\\\/ecosupplements.ch\\\/\",\"name\":\"Eco Supplements\",\"description\":\"\",\"potentialAction\":[{\"@type\":\"SearchAction\",\"target\":{\"@type\":\"EntryPoint\",\"urlTemplate\":\"https:\\\/\\\/ecosupplements.ch\\\/?s={search_term_string}\"},\"query-input\":{\"@type\":\"PropertyValueSpecification\",\"valueRequired\":true,\"valueName\":\"search_term_string\"}}],\"inLanguage\":\"de-CH\"}]}<\/script>\n<meta property=\"product:price:amount\" content=\"26.48\" \/>\n<meta property=\"product:price:currency\" content=\"CHF\" \/>\n<meta property=\"og:availability\" content=\"out of stock\" \/>\n<meta property=\"product:availability\" content=\"out of stock\" \/>\n<meta property=\"product:retailer_item_id\" content=\"5060763890428\" \/>\n<meta property=\"product:condition\" content=\"new\" \/>\n<!-- \/ Yoast SEO plugin. -->","yoast_head_json":{"title":"Blood and Guts Strawberry 380g \u2013 Dorian Yates | ecosupplements.ch","description":"Hochdosiertes Pre-Workout-Pulver mit L-Citrulline, Beta-Alanine und 350 mg Coffein pro Portion \u2013 380 g, 20 Portionen. Jetzt bestellen.","robots":{"index":"index","follow":"follow","max-snippet":"max-snippet:-1","max-image-preview":"max-image-preview:large","max-video-preview":"max-video-preview:-1"},"canonical":"https:\/\/ecosupplements.ch\/?product=blood-and-guts-strawberry-380g","og_locale":"de_DE","og_type":"article","og_title":"Blood and Guts Strawberry 380g \u2013 Dorian Yates | ecosupplements.ch","og_description":"Hochdosiertes Pre-Workout-Pulver mit L-Citrulline, Beta-Alanine und 350 mg Coffein pro Portion \u2013 380 g, 20 Portionen. Jetzt bestellen.","og_url":"https:\/\/ecosupplements.ch\/?product=blood-and-guts-strawberry-380g","og_site_name":"Eco Supplements","article_modified_time":"2026-05-12T17:41:49+00:00","og_image":[{"width":309,"height":558,"url":"https:\/\/ecosupplements.ch\/wp-content\/uploads\/2026\/05\/Blood-and-Guts-Strawberry-380g.jpg","type":"image\/jpeg"}],"twitter_card":"summary_large_image","twitter_misc":{"Price":"&#67;&#72;&#70;&nbsp;26.48","Availability":"Out of stock"},"schema":{"@context":"https:\/\/schema.org","@graph":[{"@type":"WebPage","@id":"https:\/\/ecosupplements.ch\/?product=blood-and-guts-strawberry-380g","url":"https:\/\/ecosupplements.ch\/?product=blood-and-guts-strawberry-380g","name":"Blood and Guts Strawberry 380g \u2013 Dorian Yates | ecosupplements.ch","isPartOf":{"@id":"https:\/\/ecosupplements.ch\/#website"},"primaryImageOfPage":{"@id":"https:\/\/ecosupplements.ch\/?product=blood-and-guts-strawberry-380g#primaryimage"},"image":{"@id":"https:\/\/ecosupplements.ch\/?product=blood-and-guts-strawberry-380g#primaryimage"},"thumbnailUrl":"https:\/\/ecosupplements.ch\/wp-content\/uploads\/2026\/05\/Blood-and-Guts-Strawberry-380g.jpg","datePublished":"2026-05-11T14:31:12+00:00","dateModified":"2026-05-12T17:41:49+00:00","description":"Hochdosiertes Pre-Workout-Pulver mit L-Citrulline, Beta-Alanine und 350 mg Coffein pro Portion \u2013 380 g, 20 Portionen. Jetzt bestellen.","breadcrumb":{"@id":"https:\/\/ecosupplements.ch\/?product=blood-and-guts-strawberry-380g#breadcrumb"},"inLanguage":"de-CH","potentialAction":[{"@type":"ReadAction","target":["https:\/\/ecosupplements.ch\/?product=blood-and-guts-strawberry-380g"]}]},{"@type":"ImageObject","inLanguage":"de-CH","@id":"https:\/\/ecosupplements.ch\/?product=blood-and-guts-strawberry-380g#primaryimage","url":"https:\/\/ecosupplements.ch\/wp-content\/uploads\/2026\/05\/Blood-and-Guts-Strawberry-380g.jpg","contentUrl":"https:\/\/ecosupplements.ch\/wp-content\/uploads\/2026\/05\/Blood-and-Guts-Strawberry-380g.jpg","width":309,"height":558,"caption":"Blood and Guts"},{"@type":"BreadcrumbList","@id":"https:\/\/ecosupplements.ch\/?product=blood-and-guts-strawberry-380g#breadcrumb","itemListElement":[{"@type":"ListItem","position":1,"name":"Home","item":"https:\/\/ecosupplements.ch\/"},{"@type":"ListItem","position":2,"name":"Shop","item":"https:\/\/ecosupplements.ch\/?page_id=14"},{"@type":"ListItem","position":3,"name":"Blood and Guts, Strawberry &#8211; 380g"}]},{"@type":"WebSite","@id":"https:\/\/ecosupplements.ch\/#website","url":"https:\/\/ecosupplements.ch\/","name":"Eco Supplements","description":"","potentialAction":[{"@type":"SearchAction","target":{"@type":"EntryPoint","urlTemplate":"https:\/\/ecosupplements.ch\/?s={search_term_string}"},"query-input":{"@type":"PropertyValueSpecification","valueRequired":true,"valueName":"search_term_string"}}],"inLanguage":"de-CH"}]},"product_price_amount":"26.48","product_price_currency":"CHF","og_availability":"out of stock","product_availability":"out of stock","product_retailer_item_id":"5060763890428","product_condition":"new"},"_links":{"self":[{"href":"https:\/\/ecosupplements.ch\/index.php?rest_route=\/wp\/v2\/product\/1691","targetHints":{"allow":["GET"]}}],"collection":[{"href":"https:\/\/ecosupplements.ch\/index.php?rest_route=\/wp\/v2\/product"}],"about":[{"href":"https:\/\/ecosupplements.ch\/index.php?rest_route=\/wp\/v2\/types\/product"}],"replies":[{"embeddable":true,"href":"https:\/\/ecosupplements.ch\/index.php?rest_route=%2Fwp%2Fv2%2Fcomments&post=1691"}],"wp:featuredmedia":[{"embeddable":true,"href":"https:\/\/ecosupplements.ch\/index.php?rest_route=\/wp\/v2\/media\/1692"}],"wp:attachment":[{"href":"https:\/\/ecosupplements.ch\/index.php?rest_route=%2Fwp%2Fv2%2Fmedia&parent=1691"}],"wp:term":[{"taxonomy":"product_brand","embeddable":true,"href":"https:\/\/ecosupplements.ch\/index.php?rest_route=%2Fwp%2Fv2%2Fproduct_brand&post=1691"},{"taxonomy":"product_cat","embeddable":true,"href":"https:\/\/ecosupplements.ch\/index.php?rest_route=%2Fwp%2Fv2%2Fproduct_cat&post=1691"},{"taxonomy":"product_tag","embeddable":true,"href":"https:\/\/ecosupplements.ch\/index.php?rest_route=%2Fwp%2Fv2%2Fproduct_tag&post=1691"}],"curies":[{"name":"wp","href":"https:\/\/api.w.org\/{rel}","templated":true}]}}