{"id":1725,"date":"2026-05-11T14:31:25","date_gmt":"2026-05-11T14:31:25","guid":{"rendered":"https:\/\/ecosupplements.ch\/?product=mykind-extra-strength-turmeric-60-vegan-tablets"},"modified":"2026-05-13T07:25:13","modified_gmt":"2026-05-13T07:25:13","slug":"mykind-extra-strength-turmeric-60-vegan-tablets","status":"publish","type":"product","link":"https:\/\/ecosupplements.ch\/?product=mykind-extra-strength-turmeric-60-vegan-tablets","title":{"rendered":"Mykind Extra Strength Turmeric &#8211; 60 vegan tablets"},"content":{"rendered":"<div class=\"chcg-product-description\">\n<h2 class=\"chcg-heading\">\u00dcber Garden of Life \u2013 Mykind Extra Strength Turmeric \u2013 60 vegane Tabletten<\/h2>\n<div class=\"chcg-intro\">\n<p>Das Mykind Extra Strength Turmeric von Garden of Life vereint eine hochwertige Mischung aus biologischer Kurkuma in einer praktischen veganen Tablette. Die Formulierung enth\u00e4lt einen standardisierten Kurkuma-Wurzelextrakt mit 95 % Curcuminoiden sowie fermentierten Bio-Ingwer und Bio-Schwarzpfefferextrakt \u2013 allesamt aus zertifiziert biologischem Anbau.<\/p>\n<p>Durch den Einsatz von fermentierter Bio-Kurkumawurzel und Bio-Ingwerwurzel nach dem bew\u00e4hrten Garden-of-Life-Fermentationsverfahren werden die Inhaltsstoffe in einer Form bereitgestellt, die gut in den t\u00e4glichen Ern\u00e4hrungsalltag integriert werden kann. Der enthaltene Bio-Schwarzpfefferextrakt erg\u00e4nzt die Rezeptur, w\u00e4hrend eine Probiotikamischung mit Bifidobacterium lactis Bl-04 und Lactobacillus acidophilus La-14 die Formel abrundet.<\/p>\n<p>Mit der patentierten Clean Tablet Technology\u2122 verzichtet Garden of Life auf synthetische Zusatzstoffe und setzt ausschliesslich auf biologische Hilfsstoffe. Das Produkt ist vegan, vegetarisch, glutenfrei und laktosefrei \u2013 ideal f\u00fcr Menschen, die auf eine saubere Zutatenliste achten.<\/p>\n<\/p><\/div>\n<div class=\"chcg-nutrition\">\n<h3>N\u00e4hrwertangaben<\/h3>\n<table class=\"chcg-nutrition-table\">\n<thead>\n<tr>\n<th>N\u00e4hrstoff<\/th>\n<th>Pro Portion (1 Tablette)<\/th>\n<\/tr>\n<\/thead>\n<tbody>\n<tr>\n<td>Bio-Kurkuma-Mischung<\/td>\n<td>553 mg*<\/td>\n<\/tr>\n<tr>\n<td>\u2013 Bio-Kurkumawurzelextrakt, standardisiert auf 95 % Curcuminoide<\/td>\n<td>\u2013<\/td>\n<\/tr>\n<tr>\n<td>\u2013 Fermentierte Bio-Kurkumawurzel (Mischung mit 100 mg Curcuminoiden)<\/td>\n<td>\u2013<\/td>\n<\/tr>\n<tr>\n<td>Fermentierte Bio-Ingwerwurzel<\/td>\n<td>50 mg*<\/td>\n<\/tr>\n<tr>\n<td>Bio-Schwarzpfefferfr\u00fcchteextrakt<\/td>\n<td>7 mg*<\/td>\n<\/tr>\n<tr>\n<td>Probiotika-Mischung<\/td>\n<td>4 mg*<\/td>\n<\/tr>\n<tr>\n<td>\u2013 Bifidobacterium lactis Bl-04<\/td>\n<td>\u2013<\/td>\n<\/tr>\n<tr>\n<td>\u2013 Lactobacillus acidophilus La-14<\/td>\n<td>\u2013<\/td>\n<\/tr>\n<\/tbody>\n<\/table>\n<p class=\"chcg-footnote\">* Kein Tagesreferenzwert festgelegt.<\/p>\n<\/p><\/div>\n<div class=\"chcg-ingredients\">\n<h3>Zutaten<\/h3>\n<p>Bio-Kurkuma-Mischung 553 mg (Bio-Kurkumawurzelextrakt standardisiert auf 95 % Curcuminoide, Fermentierte Bio-Kurkumawurzel (Mischung mit 100 mg Curcuminoiden)), Fermentierte Bio-Ingwerwurzel 50 mg, Bio-Schwarzpfefferfr\u00fcchteextrakt 7 mg, Probiotika-Mischung 4 mg (Bifidobacterium lactis Bl-04, Lactobacillus acidophilus La-14). Weitere Zutaten: Clean Tablet Technology\u2122-Mischung (Patent angemeldet): Bio-Gummi Arabicum, Bio-Dextrose, Bio-Beschichtung (Bio-Sonnenblumenlecithin, Bio-Tapioka-Maltodextrin, Bio-Palm\u00f6l, Bio-Guarkernmehl).<\/p>\n<\/p><\/div>\n<div class=\"chcg-dosage\">\n<h3>Verzehrempfehlung<\/h3>\n<p>Erwachsene nehmen t\u00e4glich 1 Tablette. Nicht f\u00fcr Kinder geeignet.<\/p>\n<\/p><\/div>\n<div class=\"chcg-warnings\">\n<h3>Warnhinweise<\/h3>\n<p>Wie bei jedem Nahrungserg\u00e4nzungsmittel empfiehlt es sich, vor der Einnahme eine medizinische Fachperson zu konsultieren. Hergestellt in einem Betrieb, der auch Soja, Milch, Erdn\u00fcsse, Baumn\u00fcsse und Schalentiere verarbeitet. Der Verzehr dieses Produkts kann zur Aufnahme von Chemikalien einschliesslich Blei f\u00fchren, die nach dem californischen Prop-65-Gesetz als krebserregend eingestuft sind.<\/p>\n<\/p><\/div>\n<div class=\"chcg-allergens\">\n<h3>Allergeninformationen<\/h3>\n<p>Hergestellt ohne Milch- oder Sojabestandteile, Erdn\u00fcsse, Baumn\u00fcsse oder Schalentiere. Hergestellt in einem Betrieb, der auch Soja, Milch, Erdn\u00fcsse, Baumn\u00fcsse und Schalentiere verarbeitet.<\/p>\n<\/p><\/div>\n<div class=\"chcg-storage\">\n<h3>Lagerung<\/h3>\n<p>K\u00fchl und trocken lagern. Ausserhalb der Reichweite von Kindern aufbewahren.<\/p>\n<\/p><\/div>\n<div class=\"chcg-dietary\">\n<h3>Ern\u00e4hrungshinweise<\/h3>\n<ul>\n<li>Vegan<\/li>\n<li>Vegetarisch<\/li>\n<li>Glutenfrei<\/li>\n<li>Laktosefrei<\/li>\n<\/ul><\/div>\n<\/div>\n","protected":false},"excerpt":{"rendered":"<p>Mykind Extra Strength Turmeric von Garden of Life liefert 553 mg Bio-Kurkuma mit 95 % Curcuminoiden pro veganer Tablette \u2013 erg\u00e4nzt durch Bio-Ingwer, Schwarzpfefferextrakt und Probiotika. 60 Tabletten pro Packung, vegan und glutenfrei.<\/p>\n","protected":false},"featured_media":1726,"comment_status":"closed","ping_status":"open","template":"","meta":[],"product_brand":[183],"product_cat":[48,25,117,169,22,21],"product_tag":[],"class_list":{"0":"post-1725","1":"product","2":"type-product","3":"status-publish","4":"has-post-thumbnail","6":"product_brand-garden-of-life","7":"product_cat-gesunde-ernaehrung","8":"product_cat-gesundheit-und-wohlbefinden","9":"product_cat-kurkuma","10":"product_cat-nordische-vitalitaet","11":"product_cat-vegane-produkte","12":"product_cat-vitamine-und-mineralstoffe","14":"first","15":"outofstock","16":"taxable","17":"shipping-taxable","18":"purchasable","19":"product-type-simple"},"yoast_head":"<!-- This site is optimized with the Yoast SEO plugin v27.5 - https:\/\/yoast.com\/product\/yoast-seo-wordpress\/ -->\n<title>Mykind Extra Strength Turmeric \u2013 Garden of Life | ecosupplements.ch<\/title>\n<meta name=\"description\" content=\"Bio-Kurkuma mit 95 % Curcuminoiden, Ingwer und Probiotika in einer veganen Tablette. 60 Tabletten, glutenfrei. Jetzt bestellen.\" \/>\n<meta name=\"robots\" content=\"index, follow, max-snippet:-1, max-image-preview:large, max-video-preview:-1\" \/>\n<link rel=\"canonical\" href=\"https:\/\/ecosupplements.ch\/?product=mykind-extra-strength-turmeric-60-vegan-tablets\" \/>\n<meta property=\"og:locale\" content=\"de_DE\" \/>\n<meta property=\"og:type\" content=\"article\" \/>\n<meta property=\"og:title\" content=\"Mykind Extra Strength Turmeric \u2013 Garden of Life | ecosupplements.ch\" \/>\n<meta property=\"og:description\" content=\"Bio-Kurkuma mit 95 % Curcuminoiden, Ingwer und Probiotika in einer veganen Tablette. 60 Tabletten, glutenfrei. Jetzt bestellen.\" \/>\n<meta property=\"og:url\" content=\"https:\/\/ecosupplements.ch\/?product=mykind-extra-strength-turmeric-60-vegan-tablets\" \/>\n<meta property=\"og:site_name\" content=\"Eco Supplements\" \/>\n<meta property=\"article:modified_time\" content=\"2026-05-13T07:25:13+00:00\" \/>\n<meta property=\"og:image\" content=\"https:\/\/ecosupplements.ch\/wp-content\/uploads\/2026\/05\/Mykind-Extra-Strength-Turmeric-60-vegan-tablets.jpg\" \/>\n\t<meta property=\"og:image:width\" content=\"600\" \/>\n\t<meta property=\"og:image:height\" content=\"600\" \/>\n\t<meta property=\"og:image:type\" content=\"image\/jpeg\" \/>\n<meta name=\"twitter:card\" content=\"summary_large_image\" \/>\n<meta name=\"twitter:label1\" content=\"Price\" \/>\n\t<meta name=\"twitter:data1\" content=\"&#067;&#072;&#070;&nbsp;42.94\" \/>\n\t<meta name=\"twitter:label2\" content=\"Availability\" \/>\n\t<meta name=\"twitter:data2\" content=\"Out of stock\" \/>\n<script type=\"application\/ld+json\" class=\"yoast-schema-graph\">{\"@context\":\"https:\\\/\\\/schema.org\",\"@graph\":[{\"@type\":\"WebPage\",\"@id\":\"https:\\\/\\\/ecosupplements.ch\\\/?product=mykind-extra-strength-turmeric-60-vegan-tablets\",\"url\":\"https:\\\/\\\/ecosupplements.ch\\\/?product=mykind-extra-strength-turmeric-60-vegan-tablets\",\"name\":\"Mykind Extra Strength Turmeric \u2013 Garden of Life | ecosupplements.ch\",\"isPartOf\":{\"@id\":\"https:\\\/\\\/ecosupplements.ch\\\/#website\"},\"primaryImageOfPage\":{\"@id\":\"https:\\\/\\\/ecosupplements.ch\\\/?product=mykind-extra-strength-turmeric-60-vegan-tablets#primaryimage\"},\"image\":{\"@id\":\"https:\\\/\\\/ecosupplements.ch\\\/?product=mykind-extra-strength-turmeric-60-vegan-tablets#primaryimage\"},\"thumbnailUrl\":\"https:\\\/\\\/ecosupplements.ch\\\/wp-content\\\/uploads\\\/2026\\\/05\\\/Mykind-Extra-Strength-Turmeric-60-vegan-tablets.jpg\",\"datePublished\":\"2026-05-11T14:31:25+00:00\",\"dateModified\":\"2026-05-13T07:25:13+00:00\",\"description\":\"Bio-Kurkuma mit 95 % Curcuminoiden, Ingwer und Probiotika in einer veganen Tablette. 60 Tabletten, glutenfrei. Jetzt bestellen.\",\"breadcrumb\":{\"@id\":\"https:\\\/\\\/ecosupplements.ch\\\/?product=mykind-extra-strength-turmeric-60-vegan-tablets#breadcrumb\"},\"inLanguage\":\"de-CH\",\"potentialAction\":[{\"@type\":\"ReadAction\",\"target\":[\"https:\\\/\\\/ecosupplements.ch\\\/?product=mykind-extra-strength-turmeric-60-vegan-tablets\"]}]},{\"@type\":\"ImageObject\",\"inLanguage\":\"de-CH\",\"@id\":\"https:\\\/\\\/ecosupplements.ch\\\/?product=mykind-extra-strength-turmeric-60-vegan-tablets#primaryimage\",\"url\":\"https:\\\/\\\/ecosupplements.ch\\\/wp-content\\\/uploads\\\/2026\\\/05\\\/Mykind-Extra-Strength-Turmeric-60-vegan-tablets.jpg\",\"contentUrl\":\"https:\\\/\\\/ecosupplements.ch\\\/wp-content\\\/uploads\\\/2026\\\/05\\\/Mykind-Extra-Strength-Turmeric-60-vegan-tablets.jpg\",\"width\":600,\"height\":600,\"caption\":\"Mykind Extra Strength Turmeric - 60 vegan tablets\"},{\"@type\":\"BreadcrumbList\",\"@id\":\"https:\\\/\\\/ecosupplements.ch\\\/?product=mykind-extra-strength-turmeric-60-vegan-tablets#breadcrumb\",\"itemListElement\":[{\"@type\":\"ListItem\",\"position\":1,\"name\":\"Home\",\"item\":\"https:\\\/\\\/ecosupplements.ch\\\/\"},{\"@type\":\"ListItem\",\"position\":2,\"name\":\"Shop\",\"item\":\"https:\\\/\\\/ecosupplements.ch\\\/?page_id=14\"},{\"@type\":\"ListItem\",\"position\":3,\"name\":\"Mykind Extra Strength Turmeric &#8211; 60 vegan tablets\"}]},{\"@type\":\"WebSite\",\"@id\":\"https:\\\/\\\/ecosupplements.ch\\\/#website\",\"url\":\"https:\\\/\\\/ecosupplements.ch\\\/\",\"name\":\"Eco Supplements\",\"description\":\"\",\"potentialAction\":[{\"@type\":\"SearchAction\",\"target\":{\"@type\":\"EntryPoint\",\"urlTemplate\":\"https:\\\/\\\/ecosupplements.ch\\\/?s={search_term_string}\"},\"query-input\":{\"@type\":\"PropertyValueSpecification\",\"valueRequired\":true,\"valueName\":\"search_term_string\"}}],\"inLanguage\":\"de-CH\"}]}<\/script>\n<meta property=\"product:price:amount\" content=\"42.94\" \/>\n<meta property=\"product:price:currency\" content=\"CHF\" \/>\n<meta property=\"og:availability\" content=\"out of stock\" \/>\n<meta property=\"product:availability\" content=\"out of stock\" \/>\n<meta property=\"product:retailer_item_id\" content=\"658010121903\" \/>\n<meta property=\"product:condition\" content=\"new\" \/>\n<!-- \/ Yoast SEO plugin. -->","yoast_head_json":{"title":"Mykind Extra Strength Turmeric \u2013 Garden of Life | ecosupplements.ch","description":"Bio-Kurkuma mit 95 % Curcuminoiden, Ingwer und Probiotika in einer veganen Tablette. 60 Tabletten, glutenfrei. Jetzt bestellen.","robots":{"index":"index","follow":"follow","max-snippet":"max-snippet:-1","max-image-preview":"max-image-preview:large","max-video-preview":"max-video-preview:-1"},"canonical":"https:\/\/ecosupplements.ch\/?product=mykind-extra-strength-turmeric-60-vegan-tablets","og_locale":"de_DE","og_type":"article","og_title":"Mykind Extra Strength Turmeric \u2013 Garden of Life | ecosupplements.ch","og_description":"Bio-Kurkuma mit 95 % Curcuminoiden, Ingwer und Probiotika in einer veganen Tablette. 60 Tabletten, glutenfrei. Jetzt bestellen.","og_url":"https:\/\/ecosupplements.ch\/?product=mykind-extra-strength-turmeric-60-vegan-tablets","og_site_name":"Eco Supplements","article_modified_time":"2026-05-13T07:25:13+00:00","og_image":[{"width":600,"height":600,"url":"https:\/\/ecosupplements.ch\/wp-content\/uploads\/2026\/05\/Mykind-Extra-Strength-Turmeric-60-vegan-tablets.jpg","type":"image\/jpeg"}],"twitter_card":"summary_large_image","twitter_misc":{"Price":"&#67;&#72;&#70;&nbsp;42.94","Availability":"Out of stock"},"schema":{"@context":"https:\/\/schema.org","@graph":[{"@type":"WebPage","@id":"https:\/\/ecosupplements.ch\/?product=mykind-extra-strength-turmeric-60-vegan-tablets","url":"https:\/\/ecosupplements.ch\/?product=mykind-extra-strength-turmeric-60-vegan-tablets","name":"Mykind Extra Strength Turmeric \u2013 Garden of Life | ecosupplements.ch","isPartOf":{"@id":"https:\/\/ecosupplements.ch\/#website"},"primaryImageOfPage":{"@id":"https:\/\/ecosupplements.ch\/?product=mykind-extra-strength-turmeric-60-vegan-tablets#primaryimage"},"image":{"@id":"https:\/\/ecosupplements.ch\/?product=mykind-extra-strength-turmeric-60-vegan-tablets#primaryimage"},"thumbnailUrl":"https:\/\/ecosupplements.ch\/wp-content\/uploads\/2026\/05\/Mykind-Extra-Strength-Turmeric-60-vegan-tablets.jpg","datePublished":"2026-05-11T14:31:25+00:00","dateModified":"2026-05-13T07:25:13+00:00","description":"Bio-Kurkuma mit 95 % Curcuminoiden, Ingwer und Probiotika in einer veganen Tablette. 60 Tabletten, glutenfrei. Jetzt bestellen.","breadcrumb":{"@id":"https:\/\/ecosupplements.ch\/?product=mykind-extra-strength-turmeric-60-vegan-tablets#breadcrumb"},"inLanguage":"de-CH","potentialAction":[{"@type":"ReadAction","target":["https:\/\/ecosupplements.ch\/?product=mykind-extra-strength-turmeric-60-vegan-tablets"]}]},{"@type":"ImageObject","inLanguage":"de-CH","@id":"https:\/\/ecosupplements.ch\/?product=mykind-extra-strength-turmeric-60-vegan-tablets#primaryimage","url":"https:\/\/ecosupplements.ch\/wp-content\/uploads\/2026\/05\/Mykind-Extra-Strength-Turmeric-60-vegan-tablets.jpg","contentUrl":"https:\/\/ecosupplements.ch\/wp-content\/uploads\/2026\/05\/Mykind-Extra-Strength-Turmeric-60-vegan-tablets.jpg","width":600,"height":600,"caption":"Mykind Extra Strength Turmeric - 60 vegan tablets"},{"@type":"BreadcrumbList","@id":"https:\/\/ecosupplements.ch\/?product=mykind-extra-strength-turmeric-60-vegan-tablets#breadcrumb","itemListElement":[{"@type":"ListItem","position":1,"name":"Home","item":"https:\/\/ecosupplements.ch\/"},{"@type":"ListItem","position":2,"name":"Shop","item":"https:\/\/ecosupplements.ch\/?page_id=14"},{"@type":"ListItem","position":3,"name":"Mykind Extra Strength Turmeric &#8211; 60 vegan tablets"}]},{"@type":"WebSite","@id":"https:\/\/ecosupplements.ch\/#website","url":"https:\/\/ecosupplements.ch\/","name":"Eco Supplements","description":"","potentialAction":[{"@type":"SearchAction","target":{"@type":"EntryPoint","urlTemplate":"https:\/\/ecosupplements.ch\/?s={search_term_string}"},"query-input":{"@type":"PropertyValueSpecification","valueRequired":true,"valueName":"search_term_string"}}],"inLanguage":"de-CH"}]},"product_price_amount":"42.94","product_price_currency":"CHF","og_availability":"out of stock","product_availability":"out of stock","product_retailer_item_id":"658010121903","product_condition":"new"},"_links":{"self":[{"href":"https:\/\/ecosupplements.ch\/index.php?rest_route=\/wp\/v2\/product\/1725","targetHints":{"allow":["GET"]}}],"collection":[{"href":"https:\/\/ecosupplements.ch\/index.php?rest_route=\/wp\/v2\/product"}],"about":[{"href":"https:\/\/ecosupplements.ch\/index.php?rest_route=\/wp\/v2\/types\/product"}],"replies":[{"embeddable":true,"href":"https:\/\/ecosupplements.ch\/index.php?rest_route=%2Fwp%2Fv2%2Fcomments&post=1725"}],"wp:featuredmedia":[{"embeddable":true,"href":"https:\/\/ecosupplements.ch\/index.php?rest_route=\/wp\/v2\/media\/1726"}],"wp:attachment":[{"href":"https:\/\/ecosupplements.ch\/index.php?rest_route=%2Fwp%2Fv2%2Fmedia&parent=1725"}],"wp:term":[{"taxonomy":"product_brand","embeddable":true,"href":"https:\/\/ecosupplements.ch\/index.php?rest_route=%2Fwp%2Fv2%2Fproduct_brand&post=1725"},{"taxonomy":"product_cat","embeddable":true,"href":"https:\/\/ecosupplements.ch\/index.php?rest_route=%2Fwp%2Fv2%2Fproduct_cat&post=1725"},{"taxonomy":"product_tag","embeddable":true,"href":"https:\/\/ecosupplements.ch\/index.php?rest_route=%2Fwp%2Fv2%2Fproduct_tag&post=1725"}],"curies":[{"name":"wp","href":"https:\/\/api.w.org\/{rel}","templated":true}]}}