{"id":1737,"date":"2026-05-11T14:31:30","date_gmt":"2026-05-11T14:31:30","guid":{"rendered":"https:\/\/ecosupplements.ch\/?product=sport-plant-based-protein-chocolate-840g"},"modified":"2026-05-13T07:25:14","modified_gmt":"2026-05-13T07:25:14","slug":"sport-plant-based-protein-chocolate-840g","status":"publish","type":"product","link":"https:\/\/ecosupplements.ch\/?product=sport-plant-based-protein-chocolate-840g","title":{"rendered":"Sport Plant-Based Protein, Chocolate &#8211; 840g"},"content":{"rendered":"<div class=\"chcg-product-description\">\n<h2 class=\"chcg-heading\">\u00dcber Garden of Life \u2013 Sport Plant-Based Protein, Chocolate \u2013 840g<\/h2>\n<div class=\"chcg-intro\">\n<p>Das Sport Plant-Based Protein von Garden of Life ist ein hochwertiges, pflanzliches Proteinpulver in der Geschmacksrichtung Schokolade, das speziell f\u00fcr aktive Menschen entwickelt wurde. Mit 30 g Protein pro Portion auf Basis einer organischen Proteinkombination aus Erbsen, H\u00fclsenfr\u00fcchten und Cranberry unterst\u00fctzt es die t\u00e4gliche Proteinversorgung f\u00fcr Sport und Bewegung.<\/p>\n<p>Die Formel enth\u00e4lt zudem eine organische Muskelregeneration-Mischung aus Apfel, Sauerkirsche, Kurkuma, Blaubeere und Goji-Beere sowie 2 Milliarden KBE Bacillus subtilis DE111 f\u00fcr eine umfassende Zusammensetzung. Mit nur 180 Kalorien, 3 g Ballaststoffen und 0 g zugesetztem Zucker pro Portion f\u00fcgt es sich gut in eine ausgewogene Ern\u00e4hrung ein.<\/p>\n<p>Das Pulver ist vegan, glutenfrei, sojafrei, milchfrei und frei von gentechnisch ver\u00e4nderten Organismen (GVO). Die Schokoladengeschmacksrichtung wird mit biologischem Kakao, Johannisbrot und nat\u00fcrlichen Aromen erzielt und l\u00e4sst sich angenehm in Wasser oder pflanzlicher Milch aufl\u00f6sen.<\/p>\n<\/p><\/div>\n<div class=\"chcg-nutrition\">\n<h3>N\u00e4hrwertangaben<\/h3>\n<table class=\"chcg-nutrition-table\">\n<thead>\n<tr>\n<th>N\u00e4hrstoff<\/th>\n<th>Pro Portion (44 g, ca. 2 Messl\u00f6ffel)<\/th>\n<\/tr>\n<\/thead>\n<tbody>\n<tr>\n<td>Kalorien<\/td>\n<td>180<\/td>\n<\/tr>\n<tr>\n<td>Gesamtfett<\/td>\n<td>3,5 g (4 % DV)<\/td>\n<\/tr>\n<tr>\n<td>\u2013 Ges\u00e4ttigte Fetts\u00e4uren<\/td>\n<td>0,5 g (3 % DV)<\/td>\n<\/tr>\n<tr>\n<td>\u2013 Transfetts\u00e4uren<\/td>\n<td>0 g<\/td>\n<\/tr>\n<tr>\n<td>\u2013 Mehrfach unges\u00e4ttigte Fetts\u00e4uren<\/td>\n<td>1 g<\/td>\n<\/tr>\n<tr>\n<td>\u2013 Einfach unges\u00e4ttigte Fetts\u00e4uren<\/td>\n<td>1 g<\/td>\n<\/tr>\n<tr>\n<td>Cholesterin<\/td>\n<td>0 mg (0 % DV)<\/td>\n<\/tr>\n<tr>\n<td>Natrium<\/td>\n<td>180 mg (8 % DV)<\/td>\n<\/tr>\n<tr>\n<td>Gesamtkohlenhydrate<\/td>\n<td>8 g (3 % DV)<\/td>\n<\/tr>\n<tr>\n<td>\u2013 Ballaststoffe<\/td>\n<td>3 g (11 % DV)<\/td>\n<\/tr>\n<tr>\n<td>\u2013 Gesamtzucker<\/td>\n<td>2 g<\/td>\n<\/tr>\n<tr>\n<td>\u2013 davon zugesetzter Zucker<\/td>\n<td>0 g (0 % DV)<\/td>\n<\/tr>\n<tr>\n<td>Protein<\/td>\n<td>30 g (50 % DV)<\/td>\n<\/tr>\n<tr>\n<td>Calcium<\/td>\n<td>180 mg (15 % DV)<\/td>\n<\/tr>\n<tr>\n<td>Eisen<\/td>\n<td>6,7 mg (40 % DV)<\/td>\n<\/tr>\n<tr>\n<td>Kalium<\/td>\n<td>400 mg (8 % DV)<\/td>\n<\/tr>\n<tr>\n<td>Phosphor<\/td>\n<td>402 mg (30 % DV)<\/td>\n<\/tr>\n<tr>\n<td>Magnesium<\/td>\n<td>40 mg (10 % DV)<\/td>\n<\/tr>\n<tr>\n<td>Zink<\/td>\n<td>5 mg (45 % DV)<\/td>\n<\/tr>\n<tr>\n<td>Selen<\/td>\n<td>27 mcg (50 % DV)<\/td>\n<\/tr>\n<tr>\n<td>Mangan<\/td>\n<td>1,1 mg (50 % DV)<\/td>\n<\/tr>\n<tr>\n<td>Molybd\u00e4n<\/td>\n<td>51 mcg (110 % DV)<\/td>\n<\/tr>\n<tr>\n<td>Organische Muskelregeneration-Mischung<\/td>\n<td>500 mg *<\/td>\n<\/tr>\n<tr>\n<td>Bifidobacterium lactis Bl-04<\/td>\n<td>2 Milliarden KBE *<\/td>\n<\/tr>\n<tr>\n<td colspan=\"2\"><strong>Typisches Aminos\u00e4ureprofil (pro 44 g Portion)<\/strong><\/td>\n<\/tr>\n<tr>\n<td>Alanin<\/td>\n<td>1 269 mg<\/td>\n<\/tr>\n<tr>\n<td>Arginin<\/td>\n<td>2 549 mg<\/td>\n<\/tr>\n<tr>\n<td>Asparagins\u00e4ure<\/td>\n<td>3 626 mg<\/td>\n<\/tr>\n<tr>\n<td>Cystin<\/td>\n<td>300 mg<\/td>\n<\/tr>\n<tr>\n<td>Glutamins\u00e4ure<\/td>\n<td>5 012 mg<\/td>\n<\/tr>\n<tr>\n<td>Glycine<\/td>\n<td>1 205 mg<\/td>\n<\/tr>\n<tr>\n<td>Histidin<\/td>\n<td>730 mg<\/td>\n<\/tr>\n<tr>\n<td>Isoleucin<\/td>\n<td>1 493 mg<\/td>\n<\/tr>\n<tr>\n<td>Leucin<\/td>\n<td>2 527 mg<\/td>\n<\/tr>\n<tr>\n<td>Lysin<\/td>\n<td>2 325 mg<\/td>\n<\/tr>\n<tr>\n<td>Methionin<\/td>\n<td>305 mg<\/td>\n<\/tr>\n<tr>\n<td>Phenylalanin<\/td>\n<td>1 674 mg<\/td>\n<\/tr>\n<tr>\n<td>Prolin<\/td>\n<td>1 344 mg<\/td>\n<\/tr>\n<tr>\n<td>Serin<\/td>\n<td>1 568 mg<\/td>\n<\/tr>\n<tr>\n<td>Threonin<\/td>\n<td>1 130 mg<\/td>\n<\/tr>\n<tr>\n<td>Tryptophan<\/td>\n<td>278 mg<\/td>\n<\/tr>\n<tr>\n<td>Tyrosin<\/td>\n<td>1 184 mg<\/td>\n<\/tr>\n<tr>\n<td>Valin<\/td>\n<td>1 482 mg<\/td>\n<\/tr>\n<\/tbody>\n<\/table>\n<p class=\"chcg-footnote\">* Kein festgelegter Tagesbedarf (Referenzwert) vorhanden.<\/p>\n<p class=\"chcg-footnote\">DV = Tagesbedarf (Daily Value) basierend auf einer Kalorienzufuhr von 2 000 kcal pro Tag. Individuelle Werte k\u00f6nnen abweichen.<\/p>\n<p class=\"chcg-footnote\">Portionsgr\u00f6sse: 2 Messl\u00f6ffel (44 g) | Portionen pro Packung: ca. 19<\/p>\n<\/p><\/div>\n<div class=\"chcg-ingredients\">\n<h3>Zutaten<\/h3>\n<p>Organische Performance-Proteinmischung: Organisches Erbsenprotein, Organische gekeimte Navybohne, Organische gekeimte Linse, Organische gekeimte Kichererbse, Organisches Cranberry-Protein (Samen). Organische Geschmacksmischung: Organischer Kakao, Organischer Johannisbrot, Organische Schokoladearomen, Organisches Vanillearoma, Meersalz, Organischer Stevia-Extrakt (Blatt). Organische Muskelregeneration-Mischung: Organischer Apfel (Fruchtfleisch), Organische Sauerkirsche (Frucht), Organische Kurkuma (Wurzel), Organische Blaubeere (Frucht), Organische Goji-Beere (Frucht). 2 Milliarden KBE Bacillus subtilis DE111 (zum Ablaufdatum).<\/p>\n<\/p><\/div>\n<div class=\"chcg-dosage\">\n<h3>Verzehrempfehlung<\/h3>\n<p>2 gestrichene Messl\u00f6ffel (Messl\u00f6ffel ist enthalten) mit 350 ml (ca. 12 oz) kaltem Wasser oder einer pflanzlichen Fl\u00fcssigkeit vermischen. Besonders lecker mit unges\u00fcsster Mandelmilch. Nicht f\u00fcr Personen unter 18 Jahren geeignet.<\/p>\n<\/p><\/div>\n<div class=\"chcg-warnings\">\n<h3>Warnhinweise<\/h3>\n<p>K\u00fchl und trocken lagern. Ausserhalb der Reichweite von Kindern aufbewahren. Nicht verwenden, wenn das Sicherheitssiegel besch\u00e4digt oder nicht vorhanden ist. Die Dichte der Pulverbestandteile in diesem Produkt variiert von Charge zu Charge auf nat\u00fcrliche Weise und erfordert beim Abf\u00fcllen Freiraum im Beh\u00e4lter. Mit der Zeit setzen sich die Pulver ab, wodurch der Beh\u00e4lter weniger gef\u00fcllt erscheinen kann als unmittelbar nach der Abf\u00fcllung. Dieses Produkt wird nach Gewicht und nicht nach Volumen verkauft.<\/p>\n<\/p><\/div>\n<div class=\"chcg-allergens\">\n<h3>Allergeninformationen<\/h3>\n<p>Frei von: Gluten, Soja, Milch, Schalenfr\u00fcchten. Enth\u00e4lt keine gentechnisch ver\u00e4nderten Organismen (GVO).<\/p>\n<\/p><\/div>\n<div class=\"chcg-storage\">\n<h3>Lagerung<\/h3>\n<p>K\u00fchl und trocken lagern.<\/p>\n<\/p><\/div>\n<div class=\"chcg-dietary\">\n<h3>Ern\u00e4hrungshinweise<\/h3>\n<ul>\n<li>Vegan<\/li>\n<li>Vegetarisch<\/li>\n<li>Glutenfrei<\/li>\n<li>Laktosefrei<\/li>\n<\/ul><\/div>\n<\/div>\n","protected":false},"excerpt":{"rendered":"<p>Garden of Life Sport Plant-Based Protein in Schokolade liefert 30 g pflanzliches Protein pro Portion. Das vegane, glutenfreie Pulver (840 g, ca. 19 Portionen) ist frei von Soja, Milch und GVO und einfach in Wasser oder pflanzlicher Milch l\u00f6slich.<\/p>\n","protected":false},"featured_media":1738,"comment_status":"closed","ping_status":"open","template":"","meta":[],"product_brand":[183],"product_cat":[90,48,25,169,65,50,22],"product_tag":[],"class_list":{"0":"post-1737","1":"product","2":"type-product","3":"status-publish","4":"has-post-thumbnail","6":"product_brand-garden-of-life","7":"product_cat-fitness-training","8":"product_cat-gesunde-ernaehrung","9":"product_cat-gesundheit-und-wohlbefinden","10":"product_cat-nordische-vitalitaet","11":"product_cat-pflanzliche-proteine","12":"product_cat-proteine","13":"product_cat-vegane-produkte","15":"first","16":"outofstock","17":"taxable","18":"shipping-taxable","19":"purchasable","20":"product-type-simple"},"yoast_head":"<!-- This site is optimized with the Yoast SEO plugin v27.5 - https:\/\/yoast.com\/product\/yoast-seo-wordpress\/ -->\n<title>Sport Plant-Based Protein Schokolade \u2013 Garden of Life | ecosupplements.ch<\/title>\n<meta name=\"description\" content=\"30 g pflanzliches Protein pro Portion \u2013 Garden of Life Sport Protein Pulver, Schokolade, 840 g, vegan und glutenfrei. Jetzt bestellen.\" \/>\n<meta name=\"robots\" content=\"index, follow, max-snippet:-1, max-image-preview:large, max-video-preview:-1\" \/>\n<link rel=\"canonical\" href=\"https:\/\/ecosupplements.ch\/?product=sport-plant-based-protein-chocolate-840g\" \/>\n<meta property=\"og:locale\" content=\"de_DE\" \/>\n<meta property=\"og:type\" content=\"article\" \/>\n<meta property=\"og:title\" content=\"Sport Plant-Based Protein Schokolade \u2013 Garden of Life | ecosupplements.ch\" \/>\n<meta property=\"og:description\" content=\"30 g pflanzliches Protein pro Portion \u2013 Garden of Life Sport Protein Pulver, Schokolade, 840 g, vegan und glutenfrei. Jetzt bestellen.\" \/>\n<meta property=\"og:url\" content=\"https:\/\/ecosupplements.ch\/?product=sport-plant-based-protein-chocolate-840g\" \/>\n<meta property=\"og:site_name\" content=\"Eco Supplements\" \/>\n<meta property=\"article:modified_time\" content=\"2026-05-13T07:25:14+00:00\" \/>\n<meta property=\"og:image\" content=\"https:\/\/ecosupplements.ch\/wp-content\/uploads\/2026\/05\/Sport-Plant-Based-Protein-Chocolate-840g.jpg\" \/>\n\t<meta property=\"og:image:width\" content=\"600\" \/>\n\t<meta property=\"og:image:height\" content=\"600\" \/>\n\t<meta property=\"og:image:type\" content=\"image\/jpeg\" \/>\n<meta name=\"twitter:card\" content=\"summary_large_image\" \/>\n<meta name=\"twitter:label1\" content=\"Price\" \/>\n\t<meta name=\"twitter:data1\" content=\"&#067;&#072;&#070;&nbsp;81.18\" \/>\n\t<meta name=\"twitter:label2\" content=\"Availability\" \/>\n\t<meta name=\"twitter:data2\" content=\"Out of stock\" \/>\n<script type=\"application\/ld+json\" class=\"yoast-schema-graph\">{\"@context\":\"https:\\\/\\\/schema.org\",\"@graph\":[{\"@type\":\"WebPage\",\"@id\":\"https:\\\/\\\/ecosupplements.ch\\\/?product=sport-plant-based-protein-chocolate-840g\",\"url\":\"https:\\\/\\\/ecosupplements.ch\\\/?product=sport-plant-based-protein-chocolate-840g\",\"name\":\"Sport Plant-Based Protein Schokolade \u2013 Garden of Life | ecosupplements.ch\",\"isPartOf\":{\"@id\":\"https:\\\/\\\/ecosupplements.ch\\\/#website\"},\"primaryImageOfPage\":{\"@id\":\"https:\\\/\\\/ecosupplements.ch\\\/?product=sport-plant-based-protein-chocolate-840g#primaryimage\"},\"image\":{\"@id\":\"https:\\\/\\\/ecosupplements.ch\\\/?product=sport-plant-based-protein-chocolate-840g#primaryimage\"},\"thumbnailUrl\":\"https:\\\/\\\/ecosupplements.ch\\\/wp-content\\\/uploads\\\/2026\\\/05\\\/Sport-Plant-Based-Protein-Chocolate-840g.jpg\",\"datePublished\":\"2026-05-11T14:31:30+00:00\",\"dateModified\":\"2026-05-13T07:25:14+00:00\",\"description\":\"30 g pflanzliches Protein pro Portion \u2013 Garden of Life Sport Protein Pulver, Schokolade, 840 g, vegan und glutenfrei. Jetzt bestellen.\",\"breadcrumb\":{\"@id\":\"https:\\\/\\\/ecosupplements.ch\\\/?product=sport-plant-based-protein-chocolate-840g#breadcrumb\"},\"inLanguage\":\"de-CH\",\"potentialAction\":[{\"@type\":\"ReadAction\",\"target\":[\"https:\\\/\\\/ecosupplements.ch\\\/?product=sport-plant-based-protein-chocolate-840g\"]}]},{\"@type\":\"ImageObject\",\"inLanguage\":\"de-CH\",\"@id\":\"https:\\\/\\\/ecosupplements.ch\\\/?product=sport-plant-based-protein-chocolate-840g#primaryimage\",\"url\":\"https:\\\/\\\/ecosupplements.ch\\\/wp-content\\\/uploads\\\/2026\\\/05\\\/Sport-Plant-Based-Protein-Chocolate-840g.jpg\",\"contentUrl\":\"https:\\\/\\\/ecosupplements.ch\\\/wp-content\\\/uploads\\\/2026\\\/05\\\/Sport-Plant-Based-Protein-Chocolate-840g.jpg\",\"width\":600,\"height\":600,\"caption\":\"Sport Plant-Based Protein\"},{\"@type\":\"BreadcrumbList\",\"@id\":\"https:\\\/\\\/ecosupplements.ch\\\/?product=sport-plant-based-protein-chocolate-840g#breadcrumb\",\"itemListElement\":[{\"@type\":\"ListItem\",\"position\":1,\"name\":\"Home\",\"item\":\"https:\\\/\\\/ecosupplements.ch\\\/\"},{\"@type\":\"ListItem\",\"position\":2,\"name\":\"Shop\",\"item\":\"https:\\\/\\\/ecosupplements.ch\\\/?page_id=14\"},{\"@type\":\"ListItem\",\"position\":3,\"name\":\"Sport Plant-Based Protein, Chocolate &#8211; 840g\"}]},{\"@type\":\"WebSite\",\"@id\":\"https:\\\/\\\/ecosupplements.ch\\\/#website\",\"url\":\"https:\\\/\\\/ecosupplements.ch\\\/\",\"name\":\"Eco Supplements\",\"description\":\"\",\"potentialAction\":[{\"@type\":\"SearchAction\",\"target\":{\"@type\":\"EntryPoint\",\"urlTemplate\":\"https:\\\/\\\/ecosupplements.ch\\\/?s={search_term_string}\"},\"query-input\":{\"@type\":\"PropertyValueSpecification\",\"valueRequired\":true,\"valueName\":\"search_term_string\"}}],\"inLanguage\":\"de-CH\"}]}<\/script>\n<meta property=\"product:price:amount\" content=\"81.18\" \/>\n<meta property=\"product:price:currency\" content=\"CHF\" \/>\n<meta property=\"og:availability\" content=\"out of stock\" \/>\n<meta property=\"product:availability\" content=\"out of stock\" \/>\n<meta property=\"product:retailer_item_id\" content=\"658010119412\" \/>\n<meta property=\"product:condition\" content=\"new\" \/>\n<!-- \/ Yoast SEO plugin. -->","yoast_head_json":{"title":"Sport Plant-Based Protein Schokolade \u2013 Garden of Life | ecosupplements.ch","description":"30 g pflanzliches Protein pro Portion \u2013 Garden of Life Sport Protein Pulver, Schokolade, 840 g, vegan und glutenfrei. Jetzt bestellen.","robots":{"index":"index","follow":"follow","max-snippet":"max-snippet:-1","max-image-preview":"max-image-preview:large","max-video-preview":"max-video-preview:-1"},"canonical":"https:\/\/ecosupplements.ch\/?product=sport-plant-based-protein-chocolate-840g","og_locale":"de_DE","og_type":"article","og_title":"Sport Plant-Based Protein Schokolade \u2013 Garden of Life | ecosupplements.ch","og_description":"30 g pflanzliches Protein pro Portion \u2013 Garden of Life Sport Protein Pulver, Schokolade, 840 g, vegan und glutenfrei. Jetzt bestellen.","og_url":"https:\/\/ecosupplements.ch\/?product=sport-plant-based-protein-chocolate-840g","og_site_name":"Eco Supplements","article_modified_time":"2026-05-13T07:25:14+00:00","og_image":[{"width":600,"height":600,"url":"https:\/\/ecosupplements.ch\/wp-content\/uploads\/2026\/05\/Sport-Plant-Based-Protein-Chocolate-840g.jpg","type":"image\/jpeg"}],"twitter_card":"summary_large_image","twitter_misc":{"Price":"&#67;&#72;&#70;&nbsp;81.18","Availability":"Out of stock"},"schema":{"@context":"https:\/\/schema.org","@graph":[{"@type":"WebPage","@id":"https:\/\/ecosupplements.ch\/?product=sport-plant-based-protein-chocolate-840g","url":"https:\/\/ecosupplements.ch\/?product=sport-plant-based-protein-chocolate-840g","name":"Sport Plant-Based Protein Schokolade \u2013 Garden of Life | ecosupplements.ch","isPartOf":{"@id":"https:\/\/ecosupplements.ch\/#website"},"primaryImageOfPage":{"@id":"https:\/\/ecosupplements.ch\/?product=sport-plant-based-protein-chocolate-840g#primaryimage"},"image":{"@id":"https:\/\/ecosupplements.ch\/?product=sport-plant-based-protein-chocolate-840g#primaryimage"},"thumbnailUrl":"https:\/\/ecosupplements.ch\/wp-content\/uploads\/2026\/05\/Sport-Plant-Based-Protein-Chocolate-840g.jpg","datePublished":"2026-05-11T14:31:30+00:00","dateModified":"2026-05-13T07:25:14+00:00","description":"30 g pflanzliches Protein pro Portion \u2013 Garden of Life Sport Protein Pulver, Schokolade, 840 g, vegan und glutenfrei. Jetzt bestellen.","breadcrumb":{"@id":"https:\/\/ecosupplements.ch\/?product=sport-plant-based-protein-chocolate-840g#breadcrumb"},"inLanguage":"de-CH","potentialAction":[{"@type":"ReadAction","target":["https:\/\/ecosupplements.ch\/?product=sport-plant-based-protein-chocolate-840g"]}]},{"@type":"ImageObject","inLanguage":"de-CH","@id":"https:\/\/ecosupplements.ch\/?product=sport-plant-based-protein-chocolate-840g#primaryimage","url":"https:\/\/ecosupplements.ch\/wp-content\/uploads\/2026\/05\/Sport-Plant-Based-Protein-Chocolate-840g.jpg","contentUrl":"https:\/\/ecosupplements.ch\/wp-content\/uploads\/2026\/05\/Sport-Plant-Based-Protein-Chocolate-840g.jpg","width":600,"height":600,"caption":"Sport Plant-Based Protein"},{"@type":"BreadcrumbList","@id":"https:\/\/ecosupplements.ch\/?product=sport-plant-based-protein-chocolate-840g#breadcrumb","itemListElement":[{"@type":"ListItem","position":1,"name":"Home","item":"https:\/\/ecosupplements.ch\/"},{"@type":"ListItem","position":2,"name":"Shop","item":"https:\/\/ecosupplements.ch\/?page_id=14"},{"@type":"ListItem","position":3,"name":"Sport Plant-Based Protein, Chocolate &#8211; 840g"}]},{"@type":"WebSite","@id":"https:\/\/ecosupplements.ch\/#website","url":"https:\/\/ecosupplements.ch\/","name":"Eco Supplements","description":"","potentialAction":[{"@type":"SearchAction","target":{"@type":"EntryPoint","urlTemplate":"https:\/\/ecosupplements.ch\/?s={search_term_string}"},"query-input":{"@type":"PropertyValueSpecification","valueRequired":true,"valueName":"search_term_string"}}],"inLanguage":"de-CH"}]},"product_price_amount":"81.18","product_price_currency":"CHF","og_availability":"out of stock","product_availability":"out of stock","product_retailer_item_id":"658010119412","product_condition":"new"},"_links":{"self":[{"href":"https:\/\/ecosupplements.ch\/index.php?rest_route=\/wp\/v2\/product\/1737","targetHints":{"allow":["GET"]}}],"collection":[{"href":"https:\/\/ecosupplements.ch\/index.php?rest_route=\/wp\/v2\/product"}],"about":[{"href":"https:\/\/ecosupplements.ch\/index.php?rest_route=\/wp\/v2\/types\/product"}],"replies":[{"embeddable":true,"href":"https:\/\/ecosupplements.ch\/index.php?rest_route=%2Fwp%2Fv2%2Fcomments&post=1737"}],"wp:featuredmedia":[{"embeddable":true,"href":"https:\/\/ecosupplements.ch\/index.php?rest_route=\/wp\/v2\/media\/1738"}],"wp:attachment":[{"href":"https:\/\/ecosupplements.ch\/index.php?rest_route=%2Fwp%2Fv2%2Fmedia&parent=1737"}],"wp:term":[{"taxonomy":"product_brand","embeddable":true,"href":"https:\/\/ecosupplements.ch\/index.php?rest_route=%2Fwp%2Fv2%2Fproduct_brand&post=1737"},{"taxonomy":"product_cat","embeddable":true,"href":"https:\/\/ecosupplements.ch\/index.php?rest_route=%2Fwp%2Fv2%2Fproduct_cat&post=1737"},{"taxonomy":"product_tag","embeddable":true,"href":"https:\/\/ecosupplements.ch\/index.php?rest_route=%2Fwp%2Fv2%2Fproduct_tag&post=1737"}],"curies":[{"name":"wp","href":"https:\/\/api.w.org\/{rel}","templated":true}]}}