{"id":1763,"date":"2026-05-11T14:31:41","date_gmt":"2026-05-11T14:31:41","guid":{"rendered":"https:\/\/ecosupplements.ch\/?product=ayurvedic-dental-cream-clove-100g"},"modified":"2026-05-13T07:24:39","modified_gmt":"2026-05-13T07:24:39","slug":"ayurvedic-dental-cream-clove-100g","status":"publish","type":"product","link":"https:\/\/ecosupplements.ch\/?product=ayurvedic-dental-cream-clove-100g","title":{"rendered":"Ayurvedic Dental Cream, Clove &#8211; 100g"},"content":{"rendered":"<div class=\"chcg-product-description\">\n<h2 class=\"chcg-heading\">\u00dcber Himalaya \u2013 Ayurvedic Dental Cream, Clove \u2013 100g<\/h2>\n<div class=\"chcg-intro\">\n<p>Die Himalaya Ayurvedic Dental Cream mit Nelke vereint traditionelles ayurvedisches Wissen mit moderner Zahnpflegeformel. Das Nelken\u00f6l (Eugenia Caryophyllus Bud Oil) ist ein seit Jahrhunderten in der ayurvedischen Pflege gesch\u00e4tzter Wirkstoff und verleiht dieser Zahnpasta ihre charakteristische, frisch-w\u00fcrzige Note.<\/p>\n<p>Die Zahncreme reinigt die Z\u00e4hne gr\u00fcndlich und sorgt durch die sorgf\u00e4ltig ausgew\u00e4hlte Kombination aus Calcium Carbonat und Hydrated Silica f\u00fcr eine schonende, effektive Reinigung. Die Formel wurde f\u00fcr die t\u00e4gliche Anwendung entwickelt und eignet sich f\u00fcr Erwachsene und Kinder ab 6 Jahren.<\/p>\n<p>Himalaya ist eine international anerkannte Marke mit langj\u00e4hriger Erfahrung in der Herstellung von Produkten, die auf dem reichen Erbe der ayurvedischen Naturheilkunde basieren. Die Ayurvedic Dental Cream mit Nelke ist ein bew\u00e4hrtes Pflegeprodukt f\u00fcr die t\u00e4gliche Mundhygiene.<\/p>\n<\/p><\/div>\n<div class=\"chcg-dosage\">\n<h3>Anwendungsempfehlung<\/h3>\n<p>Zweimal t\u00e4glich mit einer weichen Zahnb\u00fcrste anwenden. Nicht schlucken. Nach dem Z\u00e4hneputzen gr\u00fcndlich ausspucken und den Mund sp\u00fclen. Kinder bis 6 Jahre: Nur eine erbsengrosse Menge verwenden; das Z\u00e4hneputzen sollte unter Aufsicht erfolgen, um das Verschlucken zu minimieren.<\/p>\n<\/p><\/div>\n<div class=\"chcg-warnings\">\n<h3>Warnhinweise<\/h3>\n<p>Nicht schlucken. Nur zur \u00e4usserlichen Anwendung. Ausserhalb der Reichweite von Kindern aufbewahren. Kontakt mit den Augen vermeiden; falls das Produkt in die Augen gelangt, sofort gr\u00fcndlich mit Wasser aussp\u00fclen. Nicht verwenden bei bekannter Allergie gegen einen der enthaltenen Inhaltsstoffe.<\/p>\n<\/p><\/div>\n<div class=\"chcg-allergens\">\n<h3>Allergeninformationen<\/h3>\n<p>Enth\u00e4lt Eugenol (deklarierter Allergen gem\u00e4ss EU-Kosmetikverordnung). Keine weiteren deklarierten Allergene auf dem Etikett vermerkt.<\/p>\n<\/p><\/div>\n<div class=\"chcg-ingredients\">\n<h3>Zutaten<\/h3>\n<p>Calcium Carbonate, Aqua, Sorbitol, Glycerin, Hydrated Silica, Sodium Lauryl Sulfate, Aroma, Xanthan Gum, Sodium Silicate, Phenoxyethanol, Silica, Eugenia Caryophyllus (Clove) Bud Oil, PVM\/MA Copolymer, Caramel, Sodium Saccharin, Vanillyl Butyl Ether, Titanium Dioxide, CI 12490, CI 77492, CI 77266, Eugenol.<\/p>\n<\/p><\/div>\n<div class=\"chcg-storage\">\n<h3>Lagerung<\/h3>\n<p>Bei einer Temperatur unter 25 \u00b0C lagern. Ausserhalb der Reichweite von Kindern aufbewahren. Bei Raumtemperatur und vor direkter Sonneneinstrahlung gesch\u00fctzt lagern.<\/p>\n<\/p><\/div>\n<\/div>\n","protected":false},"excerpt":{"rendered":"<p>Himalaya Ayurvedic Dental Cream mit Nelken\u00f6l \u2013 f\u00fcr eine gr\u00fcndliche, schonende Mundhygiene nach ayurvedischer Tradition. Zahnpasta im 100-g-Tube, geeignet f\u00fcr die t\u00e4gliche Anwendung bei Erwachsenen und Kindern ab 6 Jahren.<\/p>\n","protected":false},"featured_media":1764,"comment_status":"closed","ping_status":"open","template":"","meta":[],"product_brand":[196],"product_cat":[48,25,134,22,97],"product_tag":[],"class_list":{"0":"post-1763","1":"product","2":"type-product","3":"status-publish","4":"has-post-thumbnail","6":"product_brand-himalaya","7":"product_cat-gesunde-ernaehrung","8":"product_cat-gesundheit-und-wohlbefinden","9":"product_cat-schoenheit","10":"product_cat-vegane-produkte","11":"product_cat-tandpasta","13":"first","14":"outofstock","15":"taxable","16":"shipping-taxable","17":"purchasable","18":"product-type-simple"},"yoast_head":"<!-- This site is optimized with the Yoast SEO plugin v27.5 - https:\/\/yoast.com\/product\/yoast-seo-wordpress\/ -->\n<title>Ayurvedic Dental Cream Clove 100g \u2013 Himalaya | ecosupplements.ch<\/title>\n<meta name=\"description\" content=\"Himalaya Ayurvedic Dental Cream mit Nelken\u00f6l \u2013 t\u00e4gliche Mundpflege nach ayurvedischer Tradition, 100 g. Jetzt bestellen.\" \/>\n<meta name=\"robots\" content=\"index, follow, max-snippet:-1, max-image-preview:large, max-video-preview:-1\" \/>\n<link rel=\"canonical\" href=\"https:\/\/ecosupplements.ch\/?product=ayurvedic-dental-cream-clove-100g\" \/>\n<meta property=\"og:locale\" content=\"de_DE\" \/>\n<meta property=\"og:type\" content=\"article\" \/>\n<meta property=\"og:title\" content=\"Ayurvedic Dental Cream Clove 100g \u2013 Himalaya | ecosupplements.ch\" \/>\n<meta property=\"og:description\" content=\"Himalaya Ayurvedic Dental Cream mit Nelken\u00f6l \u2013 t\u00e4gliche Mundpflege nach ayurvedischer Tradition, 100 g. Jetzt bestellen.\" \/>\n<meta property=\"og:url\" content=\"https:\/\/ecosupplements.ch\/?product=ayurvedic-dental-cream-clove-100g\" \/>\n<meta property=\"og:site_name\" content=\"Eco Supplements\" \/>\n<meta property=\"article:modified_time\" content=\"2026-05-13T07:24:39+00:00\" \/>\n<meta property=\"og:image\" content=\"https:\/\/ecosupplements.ch\/wp-content\/uploads\/2026\/05\/Ayurvedic-Dental-Cream-Clove-100g.jpg\" \/>\n\t<meta property=\"og:image:width\" content=\"1024\" \/>\n\t<meta property=\"og:image:height\" content=\"1024\" \/>\n\t<meta property=\"og:image:type\" content=\"image\/jpeg\" \/>\n<meta name=\"twitter:card\" content=\"summary_large_image\" \/>\n<meta name=\"twitter:label1\" content=\"Price\" \/>\n\t<meta name=\"twitter:data1\" content=\"&#067;&#072;&#070;&nbsp;3.34\" \/>\n\t<meta name=\"twitter:label2\" content=\"Availability\" \/>\n\t<meta name=\"twitter:data2\" content=\"Out of stock\" \/>\n<script type=\"application\/ld+json\" class=\"yoast-schema-graph\">{\"@context\":\"https:\\\/\\\/schema.org\",\"@graph\":[{\"@type\":\"WebPage\",\"@id\":\"https:\\\/\\\/ecosupplements.ch\\\/?product=ayurvedic-dental-cream-clove-100g\",\"url\":\"https:\\\/\\\/ecosupplements.ch\\\/?product=ayurvedic-dental-cream-clove-100g\",\"name\":\"Ayurvedic Dental Cream Clove 100g \u2013 Himalaya | ecosupplements.ch\",\"isPartOf\":{\"@id\":\"https:\\\/\\\/ecosupplements.ch\\\/#website\"},\"primaryImageOfPage\":{\"@id\":\"https:\\\/\\\/ecosupplements.ch\\\/?product=ayurvedic-dental-cream-clove-100g#primaryimage\"},\"image\":{\"@id\":\"https:\\\/\\\/ecosupplements.ch\\\/?product=ayurvedic-dental-cream-clove-100g#primaryimage\"},\"thumbnailUrl\":\"https:\\\/\\\/ecosupplements.ch\\\/wp-content\\\/uploads\\\/2026\\\/05\\\/Ayurvedic-Dental-Cream-Clove-100g.jpg\",\"datePublished\":\"2026-05-11T14:31:41+00:00\",\"dateModified\":\"2026-05-13T07:24:39+00:00\",\"description\":\"Himalaya Ayurvedic Dental Cream mit Nelken\u00f6l \u2013 t\u00e4gliche Mundpflege nach ayurvedischer Tradition, 100 g. Jetzt bestellen.\",\"breadcrumb\":{\"@id\":\"https:\\\/\\\/ecosupplements.ch\\\/?product=ayurvedic-dental-cream-clove-100g#breadcrumb\"},\"inLanguage\":\"de-CH\",\"potentialAction\":[{\"@type\":\"ReadAction\",\"target\":[\"https:\\\/\\\/ecosupplements.ch\\\/?product=ayurvedic-dental-cream-clove-100g\"]}]},{\"@type\":\"ImageObject\",\"inLanguage\":\"de-CH\",\"@id\":\"https:\\\/\\\/ecosupplements.ch\\\/?product=ayurvedic-dental-cream-clove-100g#primaryimage\",\"url\":\"https:\\\/\\\/ecosupplements.ch\\\/wp-content\\\/uploads\\\/2026\\\/05\\\/Ayurvedic-Dental-Cream-Clove-100g.jpg\",\"contentUrl\":\"https:\\\/\\\/ecosupplements.ch\\\/wp-content\\\/uploads\\\/2026\\\/05\\\/Ayurvedic-Dental-Cream-Clove-100g.jpg\",\"width\":1024,\"height\":1024,\"caption\":\"Ayurvedic Dental Cream\"},{\"@type\":\"BreadcrumbList\",\"@id\":\"https:\\\/\\\/ecosupplements.ch\\\/?product=ayurvedic-dental-cream-clove-100g#breadcrumb\",\"itemListElement\":[{\"@type\":\"ListItem\",\"position\":1,\"name\":\"Home\",\"item\":\"https:\\\/\\\/ecosupplements.ch\\\/\"},{\"@type\":\"ListItem\",\"position\":2,\"name\":\"Shop\",\"item\":\"https:\\\/\\\/ecosupplements.ch\\\/?page_id=14\"},{\"@type\":\"ListItem\",\"position\":3,\"name\":\"Ayurvedic Dental Cream, Clove &#8211; 100g\"}]},{\"@type\":\"WebSite\",\"@id\":\"https:\\\/\\\/ecosupplements.ch\\\/#website\",\"url\":\"https:\\\/\\\/ecosupplements.ch\\\/\",\"name\":\"Eco Supplements\",\"description\":\"\",\"potentialAction\":[{\"@type\":\"SearchAction\",\"target\":{\"@type\":\"EntryPoint\",\"urlTemplate\":\"https:\\\/\\\/ecosupplements.ch\\\/?s={search_term_string}\"},\"query-input\":{\"@type\":\"PropertyValueSpecification\",\"valueRequired\":true,\"valueName\":\"search_term_string\"}}],\"inLanguage\":\"de-CH\"}]}<\/script>\n<meta property=\"product:price:amount\" content=\"3.34\" \/>\n<meta property=\"product:price:currency\" content=\"CHF\" \/>\n<meta property=\"og:availability\" content=\"out of stock\" \/>\n<meta property=\"product:availability\" content=\"out of stock\" \/>\n<meta property=\"product:retailer_item_id\" content=\"4751015926668\" \/>\n<meta property=\"product:condition\" content=\"new\" \/>\n<!-- \/ Yoast SEO plugin. -->","yoast_head_json":{"title":"Ayurvedic Dental Cream Clove 100g \u2013 Himalaya | ecosupplements.ch","description":"Himalaya Ayurvedic Dental Cream mit Nelken\u00f6l \u2013 t\u00e4gliche Mundpflege nach ayurvedischer Tradition, 100 g. Jetzt bestellen.","robots":{"index":"index","follow":"follow","max-snippet":"max-snippet:-1","max-image-preview":"max-image-preview:large","max-video-preview":"max-video-preview:-1"},"canonical":"https:\/\/ecosupplements.ch\/?product=ayurvedic-dental-cream-clove-100g","og_locale":"de_DE","og_type":"article","og_title":"Ayurvedic Dental Cream Clove 100g \u2013 Himalaya | ecosupplements.ch","og_description":"Himalaya Ayurvedic Dental Cream mit Nelken\u00f6l \u2013 t\u00e4gliche Mundpflege nach ayurvedischer Tradition, 100 g. Jetzt bestellen.","og_url":"https:\/\/ecosupplements.ch\/?product=ayurvedic-dental-cream-clove-100g","og_site_name":"Eco Supplements","article_modified_time":"2026-05-13T07:24:39+00:00","og_image":[{"width":1024,"height":1024,"url":"https:\/\/ecosupplements.ch\/wp-content\/uploads\/2026\/05\/Ayurvedic-Dental-Cream-Clove-100g.jpg","type":"image\/jpeg"}],"twitter_card":"summary_large_image","twitter_misc":{"Price":"&#67;&#72;&#70;&nbsp;3.34","Availability":"Out of stock"},"schema":{"@context":"https:\/\/schema.org","@graph":[{"@type":"WebPage","@id":"https:\/\/ecosupplements.ch\/?product=ayurvedic-dental-cream-clove-100g","url":"https:\/\/ecosupplements.ch\/?product=ayurvedic-dental-cream-clove-100g","name":"Ayurvedic Dental Cream Clove 100g \u2013 Himalaya | ecosupplements.ch","isPartOf":{"@id":"https:\/\/ecosupplements.ch\/#website"},"primaryImageOfPage":{"@id":"https:\/\/ecosupplements.ch\/?product=ayurvedic-dental-cream-clove-100g#primaryimage"},"image":{"@id":"https:\/\/ecosupplements.ch\/?product=ayurvedic-dental-cream-clove-100g#primaryimage"},"thumbnailUrl":"https:\/\/ecosupplements.ch\/wp-content\/uploads\/2026\/05\/Ayurvedic-Dental-Cream-Clove-100g.jpg","datePublished":"2026-05-11T14:31:41+00:00","dateModified":"2026-05-13T07:24:39+00:00","description":"Himalaya Ayurvedic Dental Cream mit Nelken\u00f6l \u2013 t\u00e4gliche Mundpflege nach ayurvedischer Tradition, 100 g. Jetzt bestellen.","breadcrumb":{"@id":"https:\/\/ecosupplements.ch\/?product=ayurvedic-dental-cream-clove-100g#breadcrumb"},"inLanguage":"de-CH","potentialAction":[{"@type":"ReadAction","target":["https:\/\/ecosupplements.ch\/?product=ayurvedic-dental-cream-clove-100g"]}]},{"@type":"ImageObject","inLanguage":"de-CH","@id":"https:\/\/ecosupplements.ch\/?product=ayurvedic-dental-cream-clove-100g#primaryimage","url":"https:\/\/ecosupplements.ch\/wp-content\/uploads\/2026\/05\/Ayurvedic-Dental-Cream-Clove-100g.jpg","contentUrl":"https:\/\/ecosupplements.ch\/wp-content\/uploads\/2026\/05\/Ayurvedic-Dental-Cream-Clove-100g.jpg","width":1024,"height":1024,"caption":"Ayurvedic Dental Cream"},{"@type":"BreadcrumbList","@id":"https:\/\/ecosupplements.ch\/?product=ayurvedic-dental-cream-clove-100g#breadcrumb","itemListElement":[{"@type":"ListItem","position":1,"name":"Home","item":"https:\/\/ecosupplements.ch\/"},{"@type":"ListItem","position":2,"name":"Shop","item":"https:\/\/ecosupplements.ch\/?page_id=14"},{"@type":"ListItem","position":3,"name":"Ayurvedic Dental Cream, Clove &#8211; 100g"}]},{"@type":"WebSite","@id":"https:\/\/ecosupplements.ch\/#website","url":"https:\/\/ecosupplements.ch\/","name":"Eco Supplements","description":"","potentialAction":[{"@type":"SearchAction","target":{"@type":"EntryPoint","urlTemplate":"https:\/\/ecosupplements.ch\/?s={search_term_string}"},"query-input":{"@type":"PropertyValueSpecification","valueRequired":true,"valueName":"search_term_string"}}],"inLanguage":"de-CH"}]},"product_price_amount":"3.34","product_price_currency":"CHF","og_availability":"out of stock","product_availability":"out of stock","product_retailer_item_id":"4751015926668","product_condition":"new"},"_links":{"self":[{"href":"https:\/\/ecosupplements.ch\/index.php?rest_route=\/wp\/v2\/product\/1763","targetHints":{"allow":["GET"]}}],"collection":[{"href":"https:\/\/ecosupplements.ch\/index.php?rest_route=\/wp\/v2\/product"}],"about":[{"href":"https:\/\/ecosupplements.ch\/index.php?rest_route=\/wp\/v2\/types\/product"}],"replies":[{"embeddable":true,"href":"https:\/\/ecosupplements.ch\/index.php?rest_route=%2Fwp%2Fv2%2Fcomments&post=1763"}],"wp:featuredmedia":[{"embeddable":true,"href":"https:\/\/ecosupplements.ch\/index.php?rest_route=\/wp\/v2\/media\/1764"}],"wp:attachment":[{"href":"https:\/\/ecosupplements.ch\/index.php?rest_route=%2Fwp%2Fv2%2Fmedia&parent=1763"}],"wp:term":[{"taxonomy":"product_brand","embeddable":true,"href":"https:\/\/ecosupplements.ch\/index.php?rest_route=%2Fwp%2Fv2%2Fproduct_brand&post=1763"},{"taxonomy":"product_cat","embeddable":true,"href":"https:\/\/ecosupplements.ch\/index.php?rest_route=%2Fwp%2Fv2%2Fproduct_cat&post=1763"},{"taxonomy":"product_tag","embeddable":true,"href":"https:\/\/ecosupplements.ch\/index.php?rest_route=%2Fwp%2Fv2%2Fproduct_tag&post=1763"}],"curies":[{"name":"wp","href":"https:\/\/api.w.org\/{rel}","templated":true}]}}