{"id":1781,"date":"2026-05-11T14:31:50","date_gmt":"2026-05-11T14:31:50","guid":{"rendered":"https:\/\/ecosupplements.ch\/?product=olive-extra-nourishing-cream-150-ml"},"modified":"2026-05-13T07:24:41","modified_gmt":"2026-05-13T07:24:41","slug":"olive-extra-nourishing-cream-150-ml","status":"publish","type":"product","link":"https:\/\/ecosupplements.ch\/?product=olive-extra-nourishing-cream-150-ml","title":{"rendered":"Olive Extra Nourishing Cream &#8211; 150 ml."},"content":{"rendered":"<div class=\"chcg-product-description\">\n<h2 class=\"chcg-heading\">\u00dcber Himalaya \u2013 Olive Extra Nourishing Cream \u2013 150 ml<\/h2>\n<div class=\"chcg-intro\">\n<p>Die Himalaya Olive Extra Nourishing Cream vereint die pflegenden Eigenschaften von Oliven\u00f6l, Mandel\u00f6l und Reiskleie-Extrakt zu einer reichhaltigen K\u00f6rpercreme, die intensiv n\u00e4hrt und die Haut geschmeidig h\u00e4lt. Die sorgf\u00e4ltig ausgew\u00e4hlten nat\u00fcrlichen Inhaltsstoffe unterst\u00fctzen die nat\u00fcrliche Hautfeuchtigkeit und hinterlassen ein weiches, gepflegtes Hautgef\u00fchl.<\/p>\n<p>Die Formel ist f\u00fcr alle Hauttypen geeignet und l\u00e4sst sich angenehm auf Gesicht, Hals und K\u00f6rper auftragen. Durch die Kombination aus hautpflegenden \u00d6len und ausgleichenden Wirkstoffen wie Glycerin und Tocopherol wird die Haut mit Feuchtigkeit versorgt und vor dem Austrocknen gesch\u00fctzt.<\/p>\n<p>Die Himalaya Olive Extra Nourishing Cream ist in einer praktischen 150-ml-Packung erh\u00e4ltlich und eignet sich ideal f\u00fcr die t\u00e4gliche Pflegeroutine \u2013 f\u00fcr sp\u00fcrbar weiche und gepflegte Haut.<\/p>\n<\/p><\/div>\n<div class=\"chcg-ingredients\">\n<h3>Zutaten<\/h3>\n<p>Aqua, Glycerin, Stearic Acid, Isopropyl Myristate, Cera Microcristallina, Glycol Stearate, Glyceryl Stearate, Cetyl Alcohol, Dimethicone, Cetyl Stearate, Isostearyl Isostearate, Potassium Cetyl Phosphate, Phenoxyethanol, Caprylyl Glycol, Ethylhexylglycerin, Stearamide AMP, Parfum, Triethanolamine, Tocopherol, Carbomer, Prunus Amygdalus Dulcis (Sweet Almond) Oil, Hydrogenated Vegetable Oil, Disodium EDTA, Oryza Sativa (Rice) Bran Extract, Olea Europaea (Olive) Fruit Oil, D-Limonene, Linalool<\/p>\n<\/p><\/div>\n<div class=\"chcg-dosage\">\n<h3>Anwendung<\/h3>\n<p>Die Creme sanft auf der gereinigten Haut von K\u00f6rper, Gesicht und Hals einmassieren.<\/p>\n<\/p><\/div>\n<div class=\"chcg-warnings\">\n<h3>Warnhinweise<\/h3>\n<p>K\u00fchl und trocken lagern. F\u00fcr alle Hauttypen geeignet. Nur zur \u00e4usserlichen Anwendung; Kontakt mit den Augen vermeiden. Bei Hautreizungen die Anwendung abbrechen. Ausserhalb der Reichweite von Kindern aufbewahren.<\/p>\n<\/p><\/div>\n<div class=\"chcg-allergens\">\n<h3>Allergeninformationen<\/h3>\n<p>Enth\u00e4lt Prunus Amygdalus Dulcis (S\u00fcssmandel)-\u00d6l. Enth\u00e4lt Duftstoffallergene: D-Limonene, Linalool.<\/p>\n<\/p><\/div>\n<div class=\"chcg-storage\">\n<h3>Lagerung<\/h3>\n<p>K\u00fchl und trocken lagern.<\/p>\n<\/p><\/div>\n<div class=\"chcg-dietary\">\n<h3>Ern\u00e4hrungshinweise<\/h3>\n<ul>\n<li>Vegetarisch<\/li>\n<li>Laktosefrei<\/li>\n<\/ul><\/div>\n<\/div>\n","protected":false},"excerpt":{"rendered":"<p>Die Himalaya Olive Extra Nourishing Cream pflegt und n\u00e4hrt die Haut mit Oliven\u00f6l, Mandel\u00f6l und Reiskleie-Extrakt. F\u00fcr alle Hauttypen geeignet, 150 ml. F\u00fcr Gesicht, Hals und K\u00f6rper.<\/p>\n","protected":false},"featured_media":1782,"comment_status":"closed","ping_status":"open","template":"","meta":[],"product_brand":[196],"product_cat":[48,25,134],"product_tag":[],"class_list":{"0":"post-1781","1":"product","2":"type-product","3":"status-publish","4":"has-post-thumbnail","6":"product_brand-himalaya","7":"product_cat-gesunde-ernaehrung","8":"product_cat-gesundheit-und-wohlbefinden","9":"product_cat-schoenheit","11":"first","12":"outofstock","13":"taxable","14":"shipping-taxable","15":"purchasable","16":"product-type-simple"},"yoast_head":"<!-- This site is optimized with the Yoast SEO plugin v27.5 - https:\/\/yoast.com\/product\/yoast-seo-wordpress\/ -->\n<title>Olive Extra Nourishing Cream 150ml \u2013 Himalaya | ecosupplements.ch<\/title>\n<meta name=\"description\" content=\"Reichhaltige K\u00f6rpercreme mit Oliven\u00f6l und Mandel\u00f6l f\u00fcr alle Hauttypen \u2013 150 ml. Jetzt bestellen.\" \/>\n<meta name=\"robots\" content=\"index, follow, max-snippet:-1, max-image-preview:large, max-video-preview:-1\" \/>\n<link rel=\"canonical\" href=\"https:\/\/ecosupplements.ch\/?product=olive-extra-nourishing-cream-150-ml\" \/>\n<meta property=\"og:locale\" content=\"de_DE\" \/>\n<meta property=\"og:type\" content=\"article\" \/>\n<meta property=\"og:title\" content=\"Olive Extra Nourishing Cream 150ml \u2013 Himalaya | ecosupplements.ch\" \/>\n<meta property=\"og:description\" content=\"Reichhaltige K\u00f6rpercreme mit Oliven\u00f6l und Mandel\u00f6l f\u00fcr alle Hauttypen \u2013 150 ml. Jetzt bestellen.\" \/>\n<meta property=\"og:url\" content=\"https:\/\/ecosupplements.ch\/?product=olive-extra-nourishing-cream-150-ml\" \/>\n<meta property=\"og:site_name\" content=\"Eco Supplements\" \/>\n<meta property=\"article:modified_time\" content=\"2026-05-13T07:24:41+00:00\" \/>\n<meta property=\"og:image\" content=\"https:\/\/ecosupplements.ch\/wp-content\/uploads\/2026\/05\/Olive-Extra-Nourishing-Cream-150-ml.webp\" \/>\n\t<meta property=\"og:image:width\" content=\"1000\" \/>\n\t<meta property=\"og:image:height\" content=\"1000\" \/>\n\t<meta property=\"og:image:type\" content=\"image\/jpeg\" \/>\n<meta name=\"twitter:card\" content=\"summary_large_image\" \/>\n<meta name=\"twitter:label1\" content=\"Price\" \/>\n\t<meta name=\"twitter:data1\" content=\"&#067;&#072;&#070;&nbsp;2.59\" \/>\n\t<meta name=\"twitter:label2\" content=\"Availability\" \/>\n\t<meta name=\"twitter:data2\" content=\"Out of stock\" \/>\n<script type=\"application\/ld+json\" class=\"yoast-schema-graph\">{\"@context\":\"https:\\\/\\\/schema.org\",\"@graph\":[{\"@type\":\"WebPage\",\"@id\":\"https:\\\/\\\/ecosupplements.ch\\\/?product=olive-extra-nourishing-cream-150-ml\",\"url\":\"https:\\\/\\\/ecosupplements.ch\\\/?product=olive-extra-nourishing-cream-150-ml\",\"name\":\"Olive Extra Nourishing Cream 150ml \u2013 Himalaya | ecosupplements.ch\",\"isPartOf\":{\"@id\":\"https:\\\/\\\/ecosupplements.ch\\\/#website\"},\"primaryImageOfPage\":{\"@id\":\"https:\\\/\\\/ecosupplements.ch\\\/?product=olive-extra-nourishing-cream-150-ml#primaryimage\"},\"image\":{\"@id\":\"https:\\\/\\\/ecosupplements.ch\\\/?product=olive-extra-nourishing-cream-150-ml#primaryimage\"},\"thumbnailUrl\":\"https:\\\/\\\/ecosupplements.ch\\\/wp-content\\\/uploads\\\/2026\\\/05\\\/Olive-Extra-Nourishing-Cream-150-ml.webp\",\"datePublished\":\"2026-05-11T14:31:50+00:00\",\"dateModified\":\"2026-05-13T07:24:41+00:00\",\"description\":\"Reichhaltige K\u00f6rpercreme mit Oliven\u00f6l und Mandel\u00f6l f\u00fcr alle Hauttypen \u2013 150 ml. Jetzt bestellen.\",\"breadcrumb\":{\"@id\":\"https:\\\/\\\/ecosupplements.ch\\\/?product=olive-extra-nourishing-cream-150-ml#breadcrumb\"},\"inLanguage\":\"de-CH\",\"potentialAction\":[{\"@type\":\"ReadAction\",\"target\":[\"https:\\\/\\\/ecosupplements.ch\\\/?product=olive-extra-nourishing-cream-150-ml\"]}]},{\"@type\":\"ImageObject\",\"inLanguage\":\"de-CH\",\"@id\":\"https:\\\/\\\/ecosupplements.ch\\\/?product=olive-extra-nourishing-cream-150-ml#primaryimage\",\"url\":\"https:\\\/\\\/ecosupplements.ch\\\/wp-content\\\/uploads\\\/2026\\\/05\\\/Olive-Extra-Nourishing-Cream-150-ml.webp\",\"contentUrl\":\"https:\\\/\\\/ecosupplements.ch\\\/wp-content\\\/uploads\\\/2026\\\/05\\\/Olive-Extra-Nourishing-Cream-150-ml.webp\",\"width\":1000,\"height\":1000,\"caption\":\"Olive Extra Nourishing Cream - 150 ml.\"},{\"@type\":\"BreadcrumbList\",\"@id\":\"https:\\\/\\\/ecosupplements.ch\\\/?product=olive-extra-nourishing-cream-150-ml#breadcrumb\",\"itemListElement\":[{\"@type\":\"ListItem\",\"position\":1,\"name\":\"Home\",\"item\":\"https:\\\/\\\/ecosupplements.ch\\\/\"},{\"@type\":\"ListItem\",\"position\":2,\"name\":\"Shop\",\"item\":\"https:\\\/\\\/ecosupplements.ch\\\/?page_id=14\"},{\"@type\":\"ListItem\",\"position\":3,\"name\":\"Olive Extra Nourishing Cream &#8211; 150 ml.\"}]},{\"@type\":\"WebSite\",\"@id\":\"https:\\\/\\\/ecosupplements.ch\\\/#website\",\"url\":\"https:\\\/\\\/ecosupplements.ch\\\/\",\"name\":\"Eco Supplements\",\"description\":\"\",\"potentialAction\":[{\"@type\":\"SearchAction\",\"target\":{\"@type\":\"EntryPoint\",\"urlTemplate\":\"https:\\\/\\\/ecosupplements.ch\\\/?s={search_term_string}\"},\"query-input\":{\"@type\":\"PropertyValueSpecification\",\"valueRequired\":true,\"valueName\":\"search_term_string\"}}],\"inLanguage\":\"de-CH\"}]}<\/script>\n<meta property=\"product:price:amount\" content=\"2.59\" \/>\n<meta property=\"product:price:currency\" content=\"CHF\" \/>\n<meta property=\"og:availability\" content=\"out of stock\" \/>\n<meta property=\"product:availability\" content=\"out of stock\" \/>\n<meta property=\"product:retailer_item_id\" content=\"6291107220246\" \/>\n<meta property=\"product:condition\" content=\"new\" \/>\n<!-- \/ Yoast SEO plugin. -->","yoast_head_json":{"title":"Olive Extra Nourishing Cream 150ml \u2013 Himalaya | ecosupplements.ch","description":"Reichhaltige K\u00f6rpercreme mit Oliven\u00f6l und Mandel\u00f6l f\u00fcr alle Hauttypen \u2013 150 ml. Jetzt bestellen.","robots":{"index":"index","follow":"follow","max-snippet":"max-snippet:-1","max-image-preview":"max-image-preview:large","max-video-preview":"max-video-preview:-1"},"canonical":"https:\/\/ecosupplements.ch\/?product=olive-extra-nourishing-cream-150-ml","og_locale":"de_DE","og_type":"article","og_title":"Olive Extra Nourishing Cream 150ml \u2013 Himalaya | ecosupplements.ch","og_description":"Reichhaltige K\u00f6rpercreme mit Oliven\u00f6l und Mandel\u00f6l f\u00fcr alle Hauttypen \u2013 150 ml. Jetzt bestellen.","og_url":"https:\/\/ecosupplements.ch\/?product=olive-extra-nourishing-cream-150-ml","og_site_name":"Eco Supplements","article_modified_time":"2026-05-13T07:24:41+00:00","og_image":[{"width":1000,"height":1000,"url":"https:\/\/ecosupplements.ch\/wp-content\/uploads\/2026\/05\/Olive-Extra-Nourishing-Cream-150-ml.webp","type":"image\/jpeg"}],"twitter_card":"summary_large_image","twitter_misc":{"Price":"&#67;&#72;&#70;&nbsp;2.59","Availability":"Out of stock"},"schema":{"@context":"https:\/\/schema.org","@graph":[{"@type":"WebPage","@id":"https:\/\/ecosupplements.ch\/?product=olive-extra-nourishing-cream-150-ml","url":"https:\/\/ecosupplements.ch\/?product=olive-extra-nourishing-cream-150-ml","name":"Olive Extra Nourishing Cream 150ml \u2013 Himalaya | ecosupplements.ch","isPartOf":{"@id":"https:\/\/ecosupplements.ch\/#website"},"primaryImageOfPage":{"@id":"https:\/\/ecosupplements.ch\/?product=olive-extra-nourishing-cream-150-ml#primaryimage"},"image":{"@id":"https:\/\/ecosupplements.ch\/?product=olive-extra-nourishing-cream-150-ml#primaryimage"},"thumbnailUrl":"https:\/\/ecosupplements.ch\/wp-content\/uploads\/2026\/05\/Olive-Extra-Nourishing-Cream-150-ml.webp","datePublished":"2026-05-11T14:31:50+00:00","dateModified":"2026-05-13T07:24:41+00:00","description":"Reichhaltige K\u00f6rpercreme mit Oliven\u00f6l und Mandel\u00f6l f\u00fcr alle Hauttypen \u2013 150 ml. Jetzt bestellen.","breadcrumb":{"@id":"https:\/\/ecosupplements.ch\/?product=olive-extra-nourishing-cream-150-ml#breadcrumb"},"inLanguage":"de-CH","potentialAction":[{"@type":"ReadAction","target":["https:\/\/ecosupplements.ch\/?product=olive-extra-nourishing-cream-150-ml"]}]},{"@type":"ImageObject","inLanguage":"de-CH","@id":"https:\/\/ecosupplements.ch\/?product=olive-extra-nourishing-cream-150-ml#primaryimage","url":"https:\/\/ecosupplements.ch\/wp-content\/uploads\/2026\/05\/Olive-Extra-Nourishing-Cream-150-ml.webp","contentUrl":"https:\/\/ecosupplements.ch\/wp-content\/uploads\/2026\/05\/Olive-Extra-Nourishing-Cream-150-ml.webp","width":1000,"height":1000,"caption":"Olive Extra Nourishing Cream - 150 ml."},{"@type":"BreadcrumbList","@id":"https:\/\/ecosupplements.ch\/?product=olive-extra-nourishing-cream-150-ml#breadcrumb","itemListElement":[{"@type":"ListItem","position":1,"name":"Home","item":"https:\/\/ecosupplements.ch\/"},{"@type":"ListItem","position":2,"name":"Shop","item":"https:\/\/ecosupplements.ch\/?page_id=14"},{"@type":"ListItem","position":3,"name":"Olive Extra Nourishing Cream &#8211; 150 ml."}]},{"@type":"WebSite","@id":"https:\/\/ecosupplements.ch\/#website","url":"https:\/\/ecosupplements.ch\/","name":"Eco Supplements","description":"","potentialAction":[{"@type":"SearchAction","target":{"@type":"EntryPoint","urlTemplate":"https:\/\/ecosupplements.ch\/?s={search_term_string}"},"query-input":{"@type":"PropertyValueSpecification","valueRequired":true,"valueName":"search_term_string"}}],"inLanguage":"de-CH"}]},"product_price_amount":"2.59","product_price_currency":"CHF","og_availability":"out of stock","product_availability":"out of stock","product_retailer_item_id":"6291107220246","product_condition":"new"},"_links":{"self":[{"href":"https:\/\/ecosupplements.ch\/index.php?rest_route=\/wp\/v2\/product\/1781","targetHints":{"allow":["GET"]}}],"collection":[{"href":"https:\/\/ecosupplements.ch\/index.php?rest_route=\/wp\/v2\/product"}],"about":[{"href":"https:\/\/ecosupplements.ch\/index.php?rest_route=\/wp\/v2\/types\/product"}],"replies":[{"embeddable":true,"href":"https:\/\/ecosupplements.ch\/index.php?rest_route=%2Fwp%2Fv2%2Fcomments&post=1781"}],"wp:featuredmedia":[{"embeddable":true,"href":"https:\/\/ecosupplements.ch\/index.php?rest_route=\/wp\/v2\/media\/1782"}],"wp:attachment":[{"href":"https:\/\/ecosupplements.ch\/index.php?rest_route=%2Fwp%2Fv2%2Fmedia&parent=1781"}],"wp:term":[{"taxonomy":"product_brand","embeddable":true,"href":"https:\/\/ecosupplements.ch\/index.php?rest_route=%2Fwp%2Fv2%2Fproduct_brand&post=1781"},{"taxonomy":"product_cat","embeddable":true,"href":"https:\/\/ecosupplements.ch\/index.php?rest_route=%2Fwp%2Fv2%2Fproduct_cat&post=1781"},{"taxonomy":"product_tag","embeddable":true,"href":"https:\/\/ecosupplements.ch\/index.php?rest_route=%2Fwp%2Fv2%2Fproduct_tag&post=1781"}],"curies":[{"name":"wp","href":"https:\/\/api.w.org\/{rel}","templated":true}]}}