{"id":1784,"date":"2026-05-11T14:31:52","date_gmt":"2026-05-11T14:31:52","guid":{"rendered":"https:\/\/ecosupplements.ch\/?product=rose-radiance-micellar-face-wash-150-ml"},"modified":"2026-05-13T07:25:15","modified_gmt":"2026-05-13T07:25:15","slug":"rose-radiance-micellar-face-wash-150-ml","status":"publish","type":"product","link":"https:\/\/ecosupplements.ch\/?product=rose-radiance-micellar-face-wash-150-ml","title":{"rendered":"Rose Radiance Micellar Face Wash &#8211; 150 ml."},"content":{"rendered":"<div class=\"chcg-product-description\">\n<h2 class=\"chcg-heading\">\u00dcber Himalaya \u2013 Rose Radiance Micellar Face Wash \u2013 150 ml<\/h2>\n<div class=\"chcg-intro\">\n<p>Der Himalaya Rose Radiance Micellar Face Wash ist ein sanftes Mizellen-Gesichtsreinigungsgel, das die Haut effektiv von Make-up, Schmutz und Unreinheiten befreit \u2013 ohne sie dabei auszutrocknen. Die Formulierung kombiniert den Extrakt der Rosa Centifolia (Rosenbl\u00fcte) mit pflegenden Wirkstoffen f\u00fcr ein frisches, gepflegtes Hautgef\u00fchl nach jeder Anwendung.<\/p>\n<p>Dank der Erg\u00e4nzung durch nat\u00fcrliche Pflanzenextrakte wie Zitronenschale, Bambus und Reis unterst\u00fctzt dieses Gesichtswasser das nat\u00fcrliche Hautbild und hinterl\u00e4sst ein angenehmes, belebendes Gef\u00fchl. Glycerin sorgt dabei f\u00fcr zus\u00e4tzliche Feuchtigkeit und tr\u00e4gt dazu bei, die Haut geschmeidig zu halten.<\/p>\n<p>Das Produkt ist als fl\u00fcssiges Mizellen-Reinigungsgel in einer praktischen 150-ml-Flasche erh\u00e4ltlich und eignet sich f\u00fcr den t\u00e4glichen Gebrauch als Teil einer ausgewogenen Hautpflegeroutine.<\/p>\n<\/p><\/div>\n<div class=\"chcg-ingredients\">\n<h3>Zutaten<\/h3>\n<p>Aqua, Glycerin, Ammonium Lauryl Sulfate, Cocamidopropyl Betaine, Acrylates\/C10-30 Alkyl Acrylate Crosspolymer, Phenoxyethanol &amp; Ethylhexyglycerin, Sodium Hydroxide, Citrus Limon (Lemon) Peel Extract, Bambusa Arundinacea Stem Extract, Parfum, Ammonium Sulfate, Oryza Sativa (Rice) Extract, Rosa Centifolia Flower Extract, Cinnamomum Zeylancium Bark Extract, Disodium EDTA, CI 17200, CI 14700, Citronellol.<\/p>\n<\/p><\/div>\n<div class=\"chcg-dosage\">\n<h3>Anwendung<\/h3>\n<p>Gesicht anfeuchten und den Schaum sanft in kreisenden Bewegungen einmassieren. Anschliessend gr\u00fcndlich absp\u00fclen und die Haut vorsichtig trocken tupfen.<\/p>\n<\/p><\/div>\n<div class=\"chcg-warnings\">\n<h3>Warnhinweise<\/h3>\n<p>Nur zur \u00e4usserlichen Anwendung. An einem k\u00fchlen und trockenen Ort aufbewahren.<\/p>\n<\/p><\/div>\n<div class=\"chcg-allergens\">\n<h3>Allergeninformationen<\/h3>\n<p>Enth\u00e4lt Parfum\/Duftstoffe (Citronellol). Auf dem Etikett sind keine weiteren Allergenkennzeichnungen ausserhalb der Duftstoffkomponenten angegeben.<\/p>\n<\/p><\/div>\n<div class=\"chcg-storage\">\n<h3>Lagerung<\/h3>\n<p>An einem k\u00fchlen und trockenen Ort aufbewahren.<\/p>\n<\/p><\/div>\n<\/div>\n","protected":false},"excerpt":{"rendered":"<p>Der Himalaya Rose Radiance Micellar Face Wash reinigt das Gesicht sanft und gr\u00fcndlich mit Rosenbl\u00fcten- und Pflanzenextrakten. Als fl\u00fcssiges Mizellen-Reinigungsgel in der 150-ml-Flasche ideal f\u00fcr die t\u00e4gliche Hautpflege.<\/p>\n","protected":false},"featured_media":1785,"comment_status":"closed","ping_status":"open","template":"","meta":[],"product_brand":[196],"product_cat":[48,134],"product_tag":[],"class_list":{"0":"post-1784","1":"product","2":"type-product","3":"status-publish","4":"has-post-thumbnail","6":"product_brand-himalaya","7":"product_cat-gesunde-ernaehrung","8":"product_cat-schoenheit","10":"first","11":"outofstock","12":"taxable","13":"shipping-taxable","14":"purchasable","15":"product-type-simple"},"yoast_head":"<!-- This site is optimized with the Yoast SEO plugin v27.5 - https:\/\/yoast.com\/product\/yoast-seo-wordpress\/ -->\n<title>Rose Radiance Micellar Face Wash 150ml \u2013 Himalaya | ecosupplements.ch<\/title>\n<meta name=\"description\" content=\"Sanfte Mizellen-Gesichtsreinigung mit Rosenbl\u00fcten- und Pflanzenextrakten von Himalaya \u2013 150 ml f\u00fcr die t\u00e4gliche Pflege. Jetzt bestellen.\" \/>\n<meta name=\"robots\" content=\"index, follow, max-snippet:-1, max-image-preview:large, max-video-preview:-1\" \/>\n<link rel=\"canonical\" href=\"https:\/\/ecosupplements.ch\/?product=rose-radiance-micellar-face-wash-150-ml\" \/>\n<meta property=\"og:locale\" content=\"de_DE\" \/>\n<meta property=\"og:type\" content=\"article\" \/>\n<meta property=\"og:title\" content=\"Rose Radiance Micellar Face Wash 150ml \u2013 Himalaya | ecosupplements.ch\" \/>\n<meta property=\"og:description\" content=\"Sanfte Mizellen-Gesichtsreinigung mit Rosenbl\u00fcten- und Pflanzenextrakten von Himalaya \u2013 150 ml f\u00fcr die t\u00e4gliche Pflege. Jetzt bestellen.\" \/>\n<meta property=\"og:url\" content=\"https:\/\/ecosupplements.ch\/?product=rose-radiance-micellar-face-wash-150-ml\" \/>\n<meta property=\"og:site_name\" content=\"Eco Supplements\" \/>\n<meta property=\"article:modified_time\" content=\"2026-05-13T07:25:15+00:00\" \/>\n<meta property=\"og:image\" content=\"https:\/\/ecosupplements.ch\/wp-content\/uploads\/2026\/05\/Rose-Radiance-Micellar-Face-Wash-150-ml.webp\" \/>\n\t<meta property=\"og:image:width\" content=\"1000\" \/>\n\t<meta property=\"og:image:height\" content=\"1000\" \/>\n\t<meta property=\"og:image:type\" content=\"image\/jpeg\" \/>\n<meta name=\"twitter:card\" content=\"summary_large_image\" \/>\n<meta name=\"twitter:label1\" content=\"Price\" \/>\n\t<meta name=\"twitter:data1\" content=\"&#067;&#072;&#070;&nbsp;4.09\" \/>\n\t<meta name=\"twitter:label2\" content=\"Availability\" \/>\n\t<meta name=\"twitter:data2\" content=\"Out of stock\" \/>\n<script type=\"application\/ld+json\" class=\"yoast-schema-graph\">{\"@context\":\"https:\\\/\\\/schema.org\",\"@graph\":[{\"@type\":\"WebPage\",\"@id\":\"https:\\\/\\\/ecosupplements.ch\\\/?product=rose-radiance-micellar-face-wash-150-ml\",\"url\":\"https:\\\/\\\/ecosupplements.ch\\\/?product=rose-radiance-micellar-face-wash-150-ml\",\"name\":\"Rose Radiance Micellar Face Wash 150ml \u2013 Himalaya | ecosupplements.ch\",\"isPartOf\":{\"@id\":\"https:\\\/\\\/ecosupplements.ch\\\/#website\"},\"primaryImageOfPage\":{\"@id\":\"https:\\\/\\\/ecosupplements.ch\\\/?product=rose-radiance-micellar-face-wash-150-ml#primaryimage\"},\"image\":{\"@id\":\"https:\\\/\\\/ecosupplements.ch\\\/?product=rose-radiance-micellar-face-wash-150-ml#primaryimage\"},\"thumbnailUrl\":\"https:\\\/\\\/ecosupplements.ch\\\/wp-content\\\/uploads\\\/2026\\\/05\\\/Rose-Radiance-Micellar-Face-Wash-150-ml.webp\",\"datePublished\":\"2026-05-11T14:31:52+00:00\",\"dateModified\":\"2026-05-13T07:25:15+00:00\",\"description\":\"Sanfte Mizellen-Gesichtsreinigung mit Rosenbl\u00fcten- und Pflanzenextrakten von Himalaya \u2013 150 ml f\u00fcr die t\u00e4gliche Pflege. Jetzt bestellen.\",\"breadcrumb\":{\"@id\":\"https:\\\/\\\/ecosupplements.ch\\\/?product=rose-radiance-micellar-face-wash-150-ml#breadcrumb\"},\"inLanguage\":\"de-CH\",\"potentialAction\":[{\"@type\":\"ReadAction\",\"target\":[\"https:\\\/\\\/ecosupplements.ch\\\/?product=rose-radiance-micellar-face-wash-150-ml\"]}]},{\"@type\":\"ImageObject\",\"inLanguage\":\"de-CH\",\"@id\":\"https:\\\/\\\/ecosupplements.ch\\\/?product=rose-radiance-micellar-face-wash-150-ml#primaryimage\",\"url\":\"https:\\\/\\\/ecosupplements.ch\\\/wp-content\\\/uploads\\\/2026\\\/05\\\/Rose-Radiance-Micellar-Face-Wash-150-ml.webp\",\"contentUrl\":\"https:\\\/\\\/ecosupplements.ch\\\/wp-content\\\/uploads\\\/2026\\\/05\\\/Rose-Radiance-Micellar-Face-Wash-150-ml.webp\",\"width\":1000,\"height\":1000,\"caption\":\"Rose Radiance Micellar Face Wash - 150 ml.\"},{\"@type\":\"BreadcrumbList\",\"@id\":\"https:\\\/\\\/ecosupplements.ch\\\/?product=rose-radiance-micellar-face-wash-150-ml#breadcrumb\",\"itemListElement\":[{\"@type\":\"ListItem\",\"position\":1,\"name\":\"Home\",\"item\":\"https:\\\/\\\/ecosupplements.ch\\\/\"},{\"@type\":\"ListItem\",\"position\":2,\"name\":\"Shop\",\"item\":\"https:\\\/\\\/ecosupplements.ch\\\/?page_id=14\"},{\"@type\":\"ListItem\",\"position\":3,\"name\":\"Rose Radiance Micellar Face Wash &#8211; 150 ml.\"}]},{\"@type\":\"WebSite\",\"@id\":\"https:\\\/\\\/ecosupplements.ch\\\/#website\",\"url\":\"https:\\\/\\\/ecosupplements.ch\\\/\",\"name\":\"Eco Supplements\",\"description\":\"\",\"potentialAction\":[{\"@type\":\"SearchAction\",\"target\":{\"@type\":\"EntryPoint\",\"urlTemplate\":\"https:\\\/\\\/ecosupplements.ch\\\/?s={search_term_string}\"},\"query-input\":{\"@type\":\"PropertyValueSpecification\",\"valueRequired\":true,\"valueName\":\"search_term_string\"}}],\"inLanguage\":\"de-CH\"}]}<\/script>\n<meta property=\"product:price:amount\" content=\"4.09\" \/>\n<meta property=\"product:price:currency\" content=\"CHF\" \/>\n<meta property=\"og:availability\" content=\"out of stock\" \/>\n<meta property=\"product:availability\" content=\"out of stock\" \/>\n<meta property=\"product:retailer_item_id\" content=\"6291107225098\" \/>\n<meta property=\"product:condition\" content=\"new\" \/>\n<!-- \/ Yoast SEO plugin. -->","yoast_head_json":{"title":"Rose Radiance Micellar Face Wash 150ml \u2013 Himalaya | ecosupplements.ch","description":"Sanfte Mizellen-Gesichtsreinigung mit Rosenbl\u00fcten- und Pflanzenextrakten von Himalaya \u2013 150 ml f\u00fcr die t\u00e4gliche Pflege. Jetzt bestellen.","robots":{"index":"index","follow":"follow","max-snippet":"max-snippet:-1","max-image-preview":"max-image-preview:large","max-video-preview":"max-video-preview:-1"},"canonical":"https:\/\/ecosupplements.ch\/?product=rose-radiance-micellar-face-wash-150-ml","og_locale":"de_DE","og_type":"article","og_title":"Rose Radiance Micellar Face Wash 150ml \u2013 Himalaya | ecosupplements.ch","og_description":"Sanfte Mizellen-Gesichtsreinigung mit Rosenbl\u00fcten- und Pflanzenextrakten von Himalaya \u2013 150 ml f\u00fcr die t\u00e4gliche Pflege. Jetzt bestellen.","og_url":"https:\/\/ecosupplements.ch\/?product=rose-radiance-micellar-face-wash-150-ml","og_site_name":"Eco Supplements","article_modified_time":"2026-05-13T07:25:15+00:00","og_image":[{"width":1000,"height":1000,"url":"https:\/\/ecosupplements.ch\/wp-content\/uploads\/2026\/05\/Rose-Radiance-Micellar-Face-Wash-150-ml.webp","type":"image\/jpeg"}],"twitter_card":"summary_large_image","twitter_misc":{"Price":"&#67;&#72;&#70;&nbsp;4.09","Availability":"Out of stock"},"schema":{"@context":"https:\/\/schema.org","@graph":[{"@type":"WebPage","@id":"https:\/\/ecosupplements.ch\/?product=rose-radiance-micellar-face-wash-150-ml","url":"https:\/\/ecosupplements.ch\/?product=rose-radiance-micellar-face-wash-150-ml","name":"Rose Radiance Micellar Face Wash 150ml \u2013 Himalaya | ecosupplements.ch","isPartOf":{"@id":"https:\/\/ecosupplements.ch\/#website"},"primaryImageOfPage":{"@id":"https:\/\/ecosupplements.ch\/?product=rose-radiance-micellar-face-wash-150-ml#primaryimage"},"image":{"@id":"https:\/\/ecosupplements.ch\/?product=rose-radiance-micellar-face-wash-150-ml#primaryimage"},"thumbnailUrl":"https:\/\/ecosupplements.ch\/wp-content\/uploads\/2026\/05\/Rose-Radiance-Micellar-Face-Wash-150-ml.webp","datePublished":"2026-05-11T14:31:52+00:00","dateModified":"2026-05-13T07:25:15+00:00","description":"Sanfte Mizellen-Gesichtsreinigung mit Rosenbl\u00fcten- und Pflanzenextrakten von Himalaya \u2013 150 ml f\u00fcr die t\u00e4gliche Pflege. Jetzt bestellen.","breadcrumb":{"@id":"https:\/\/ecosupplements.ch\/?product=rose-radiance-micellar-face-wash-150-ml#breadcrumb"},"inLanguage":"de-CH","potentialAction":[{"@type":"ReadAction","target":["https:\/\/ecosupplements.ch\/?product=rose-radiance-micellar-face-wash-150-ml"]}]},{"@type":"ImageObject","inLanguage":"de-CH","@id":"https:\/\/ecosupplements.ch\/?product=rose-radiance-micellar-face-wash-150-ml#primaryimage","url":"https:\/\/ecosupplements.ch\/wp-content\/uploads\/2026\/05\/Rose-Radiance-Micellar-Face-Wash-150-ml.webp","contentUrl":"https:\/\/ecosupplements.ch\/wp-content\/uploads\/2026\/05\/Rose-Radiance-Micellar-Face-Wash-150-ml.webp","width":1000,"height":1000,"caption":"Rose Radiance Micellar Face Wash - 150 ml."},{"@type":"BreadcrumbList","@id":"https:\/\/ecosupplements.ch\/?product=rose-radiance-micellar-face-wash-150-ml#breadcrumb","itemListElement":[{"@type":"ListItem","position":1,"name":"Home","item":"https:\/\/ecosupplements.ch\/"},{"@type":"ListItem","position":2,"name":"Shop","item":"https:\/\/ecosupplements.ch\/?page_id=14"},{"@type":"ListItem","position":3,"name":"Rose Radiance Micellar Face Wash &#8211; 150 ml."}]},{"@type":"WebSite","@id":"https:\/\/ecosupplements.ch\/#website","url":"https:\/\/ecosupplements.ch\/","name":"Eco Supplements","description":"","potentialAction":[{"@type":"SearchAction","target":{"@type":"EntryPoint","urlTemplate":"https:\/\/ecosupplements.ch\/?s={search_term_string}"},"query-input":{"@type":"PropertyValueSpecification","valueRequired":true,"valueName":"search_term_string"}}],"inLanguage":"de-CH"}]},"product_price_amount":"4.09","product_price_currency":"CHF","og_availability":"out of stock","product_availability":"out of stock","product_retailer_item_id":"6291107225098","product_condition":"new"},"_links":{"self":[{"href":"https:\/\/ecosupplements.ch\/index.php?rest_route=\/wp\/v2\/product\/1784","targetHints":{"allow":["GET"]}}],"collection":[{"href":"https:\/\/ecosupplements.ch\/index.php?rest_route=\/wp\/v2\/product"}],"about":[{"href":"https:\/\/ecosupplements.ch\/index.php?rest_route=\/wp\/v2\/types\/product"}],"replies":[{"embeddable":true,"href":"https:\/\/ecosupplements.ch\/index.php?rest_route=%2Fwp%2Fv2%2Fcomments&post=1784"}],"wp:featuredmedia":[{"embeddable":true,"href":"https:\/\/ecosupplements.ch\/index.php?rest_route=\/wp\/v2\/media\/1785"}],"wp:attachment":[{"href":"https:\/\/ecosupplements.ch\/index.php?rest_route=%2Fwp%2Fv2%2Fmedia&parent=1784"}],"wp:term":[{"taxonomy":"product_brand","embeddable":true,"href":"https:\/\/ecosupplements.ch\/index.php?rest_route=%2Fwp%2Fv2%2Fproduct_brand&post=1784"},{"taxonomy":"product_cat","embeddable":true,"href":"https:\/\/ecosupplements.ch\/index.php?rest_route=%2Fwp%2Fv2%2Fproduct_cat&post=1784"},{"taxonomy":"product_tag","embeddable":true,"href":"https:\/\/ecosupplements.ch\/index.php?rest_route=%2Fwp%2Fv2%2Fproduct_tag&post=1784"}],"curies":[{"name":"wp","href":"https:\/\/api.w.org\/{rel}","templated":true}]}}