{"id":1790,"date":"2026-05-11T14:31:55","date_gmt":"2026-05-11T14:31:55","guid":{"rendered":"https:\/\/ecosupplements.ch\/?product=sensi-white-herbal-toothpaste-75-ml"},"modified":"2026-05-13T07:24:41","modified_gmt":"2026-05-13T07:24:41","slug":"sensi-white-herbal-toothpaste-75-ml","status":"publish","type":"product","link":"https:\/\/ecosupplements.ch\/?product=sensi-white-herbal-toothpaste-75-ml","title":{"rendered":"Sensi-White Herbal Toothpaste &#8211; 75 ml."},"content":{"rendered":"<div class=\"chcg-product-description\">\n<h2 class=\"chcg-heading\">\u00dcber Himalaya \u2013 Sensi-White Herbal Toothpaste \u2013 75 ml<\/h2>\n<div class=\"chcg-intro\">\n<p>Die Himalaya Sensi-White Herbal Toothpaste verbindet traditionelle Pflanzenwirkstoffe mit moderner Zahnpflegeformel. Die Zahncreme wurde speziell f\u00fcr empfindliche Z\u00e4hne entwickelt und enth\u00e4lt Kaliumnitrat, das dazu beitr\u00e4gt, das Empfindlichkeitsgef\u00fchl zu lindern, sowie nat\u00fcrliche Extrakte wie Salvadora Persica (Miswak) und \u00e4therische \u00d6le aus Zimt und Nelken.<\/p>\n<p>Dank der Kombination aus Bromelain und Papain \u2013 pflanzlichen Enzymen aus Ananas und Papaya \u2013 sowie feinen Polierk\u00f6rpern auf Kiesels\u00e4urebasis unterst\u00fctzt diese Zahncreme die sanfte Reinigung und Aufhellung des Zahnschmelzes, ohne dabei aggressiv zu sein. Zinkzitrat tr\u00e4gt zudem zu einem anhaltend frischen Mundgef\u00fchl bei.<\/p>\n<p>Die frische Aroma-Formel mit Menthol sorgt f\u00fcr ein angenehmes Mundgef\u00fchl nach jedem Z\u00e4hneputzen. Die 75-ml-Tube eignet sich ideal f\u00fcr den t\u00e4glichen Gebrauch zu Hause oder auf Reisen.<\/p>\n<\/p><\/div>\n<div class=\"chcg-ingredients\">\n<h3>Zutaten<\/h3>\n<p>Aqua, Sorbitol, Hydrated Silica, Glycerin, Potassium Nitrate, Silica, Tetrasodium Pyrophosphate, Sodium Lauryl Sulphate, Bromelain, Titanium Dioxide, Xantham Gum, Aroma, Sodium Saccharin, Menthol, Potassium Sorbate, Zinc Citrate, Silicon Dioxide, CI 74160, Papain, Salvadora Persica Stem Extract, Cinnamomum Zeylanicum Bark Oil, Eugenia Caryophyllus (Clove) Bud Oil, Spinacia Oleracea (Spinach) Leaf Extract, Limonene, Eugenol.<\/p>\n<\/p><\/div>\n<div class=\"chcg-dosage\">\n<h3>Verzehrempfehlung<\/h3>\n<p>Nach jeder Mahlzeit gr\u00fcndlich die Z\u00e4hne putzen, mindestens jedoch zweimal t\u00e4glich, oder gem\u00e4ss Anweisung Ihres Zahnarztes. F\u00fcr Kinder unter 2 Jahren bitte einen Zahnarzt konsultieren. Kinder unter 6 Jahren sollen nur eine erbsengrosse Menge unter Aufsicht von Erwachsenen verwenden. Nicht schlucken. Nach dem Z\u00e4hneputzen ausspucken und den Mund gr\u00fcndlich aussp\u00fclen.<\/p>\n<\/p><\/div>\n<div class=\"chcg-warnings\">\n<h3>Warnhinweise<\/h3>\n<p>Nicht schlucken. Ausserhalb der Reichweite von Kindern aufbewahren. Bei Kontakt mit den Augen gr\u00fcndlich mit Wasser aussp\u00fclen. F\u00fcr Kinder unter 2 Jahren bitte einen Zahnarzt konsultieren. Kinder unter 6 Jahren sollen nur eine erbsengrosse Menge unter Aufsicht von Erwachsenen verwenden.<\/p>\n<\/p><\/div>\n<div class=\"chcg-allergens\">\n<h3>Allergeninformationen<\/h3>\n<p>Enth\u00e4lt Limonene und Eugenol (deklarierte Allergene gem\u00e4ss EU-Kosmetikverordnung). Keine weiteren Allergene ausdr\u00fccklich deklariert.<\/p>\n<\/p><\/div>\n<div class=\"chcg-dietary\">\n<h3>Ern\u00e4hrungshinweise<\/h3>\n<ul>\n<li>Vegetarisch<\/li>\n<\/ul><\/div>\n<\/div>\n","protected":false},"excerpt":{"rendered":"<p>Himalaya Sensi-White Herbal Toothpaste pflegt empfindliche Z\u00e4hne mit nat\u00fcrlichen Kr\u00e4uterextrakten und Enzymen. Erh\u00e4ltlich als 75-ml-Tube f\u00fcr den t\u00e4glichen Gebrauch. Mit Kaliumnitrat, Bromelain und Papain f\u00fcr sanfte Reinigung und frischen Atem.<\/p>\n","protected":false},"featured_media":1791,"comment_status":"closed","ping_status":"open","template":"","meta":[],"product_brand":[196],"product_cat":[48,103,25,134,97],"product_tag":[],"class_list":{"0":"post-1790","1":"product","2":"type-product","3":"status-publish","4":"has-post-thumbnail","6":"product_brand-himalaya","7":"product_cat-gesunde-ernaehrung","8":"product_cat-gesunde-haut","9":"product_cat-gesundheit-und-wohlbefinden","10":"product_cat-schoenheit","11":"product_cat-tandpasta","13":"first","14":"outofstock","15":"taxable","16":"shipping-taxable","17":"purchasable","18":"product-type-simple"},"yoast_head":"<!-- This site is optimized with the Yoast SEO plugin v27.5 - https:\/\/yoast.com\/product\/yoast-seo-wordpress\/ -->\n<title>Sensi-White Herbal Toothpaste \u2013 Himalaya | ecosupplements.ch<\/title>\n<meta name=\"description\" content=\"Himalaya Sensi-White Herbal Toothpaste (75 ml) f\u00fcr empfindliche Z\u00e4hne \u2013 mit Kr\u00e4uterextrakten, Bromelain und Kaliumnitrat f\u00fcr sanfte Pflege und frischen Atem. Jetzt bestellen.\" \/>\n<meta name=\"robots\" content=\"index, follow, max-snippet:-1, max-image-preview:large, max-video-preview:-1\" \/>\n<link rel=\"canonical\" href=\"https:\/\/ecosupplements.ch\/?product=sensi-white-herbal-toothpaste-75-ml\" \/>\n<meta property=\"og:locale\" content=\"de_DE\" \/>\n<meta property=\"og:type\" content=\"article\" \/>\n<meta property=\"og:title\" content=\"Sensi-White Herbal Toothpaste \u2013 Himalaya | ecosupplements.ch\" \/>\n<meta property=\"og:description\" content=\"Himalaya Sensi-White Herbal Toothpaste (75 ml) f\u00fcr empfindliche Z\u00e4hne \u2013 mit Kr\u00e4uterextrakten, Bromelain und Kaliumnitrat f\u00fcr sanfte Pflege und frischen Atem. Jetzt bestellen.\" \/>\n<meta property=\"og:url\" content=\"https:\/\/ecosupplements.ch\/?product=sensi-white-herbal-toothpaste-75-ml\" \/>\n<meta property=\"og:site_name\" content=\"Eco Supplements\" \/>\n<meta property=\"article:modified_time\" content=\"2026-05-13T07:24:41+00:00\" \/>\n<meta property=\"og:image\" content=\"https:\/\/ecosupplements.ch\/wp-content\/uploads\/2026\/05\/Sensi-White-Herbal-Toothpaste-75-ml.jpg\" \/>\n\t<meta property=\"og:image:width\" content=\"1024\" \/>\n\t<meta property=\"og:image:height\" content=\"1024\" \/>\n\t<meta property=\"og:image:type\" content=\"image\/jpeg\" \/>\n<meta name=\"twitter:card\" content=\"summary_large_image\" \/>\n<meta name=\"twitter:label1\" content=\"Price\" \/>\n\t<meta name=\"twitter:data1\" content=\"&#067;&#072;&#070;&nbsp;3.61\" \/>\n\t<meta name=\"twitter:label2\" content=\"Availability\" \/>\n\t<meta name=\"twitter:data2\" content=\"Out of stock\" \/>\n<script type=\"application\/ld+json\" class=\"yoast-schema-graph\">{\"@context\":\"https:\\\/\\\/schema.org\",\"@graph\":[{\"@type\":\"WebPage\",\"@id\":\"https:\\\/\\\/ecosupplements.ch\\\/?product=sensi-white-herbal-toothpaste-75-ml\",\"url\":\"https:\\\/\\\/ecosupplements.ch\\\/?product=sensi-white-herbal-toothpaste-75-ml\",\"name\":\"Sensi-White Herbal Toothpaste \u2013 Himalaya | ecosupplements.ch\",\"isPartOf\":{\"@id\":\"https:\\\/\\\/ecosupplements.ch\\\/#website\"},\"primaryImageOfPage\":{\"@id\":\"https:\\\/\\\/ecosupplements.ch\\\/?product=sensi-white-herbal-toothpaste-75-ml#primaryimage\"},\"image\":{\"@id\":\"https:\\\/\\\/ecosupplements.ch\\\/?product=sensi-white-herbal-toothpaste-75-ml#primaryimage\"},\"thumbnailUrl\":\"https:\\\/\\\/ecosupplements.ch\\\/wp-content\\\/uploads\\\/2026\\\/05\\\/Sensi-White-Herbal-Toothpaste-75-ml.jpg\",\"datePublished\":\"2026-05-11T14:31:55+00:00\",\"dateModified\":\"2026-05-13T07:24:41+00:00\",\"description\":\"Himalaya Sensi-White Herbal Toothpaste (75 ml) f\u00fcr empfindliche Z\u00e4hne \u2013 mit Kr\u00e4uterextrakten, Bromelain und Kaliumnitrat f\u00fcr sanfte Pflege und frischen Atem. Jetzt bestellen.\",\"breadcrumb\":{\"@id\":\"https:\\\/\\\/ecosupplements.ch\\\/?product=sensi-white-herbal-toothpaste-75-ml#breadcrumb\"},\"inLanguage\":\"de-CH\",\"potentialAction\":[{\"@type\":\"ReadAction\",\"target\":[\"https:\\\/\\\/ecosupplements.ch\\\/?product=sensi-white-herbal-toothpaste-75-ml\"]}]},{\"@type\":\"ImageObject\",\"inLanguage\":\"de-CH\",\"@id\":\"https:\\\/\\\/ecosupplements.ch\\\/?product=sensi-white-herbal-toothpaste-75-ml#primaryimage\",\"url\":\"https:\\\/\\\/ecosupplements.ch\\\/wp-content\\\/uploads\\\/2026\\\/05\\\/Sensi-White-Herbal-Toothpaste-75-ml.jpg\",\"contentUrl\":\"https:\\\/\\\/ecosupplements.ch\\\/wp-content\\\/uploads\\\/2026\\\/05\\\/Sensi-White-Herbal-Toothpaste-75-ml.jpg\",\"width\":1024,\"height\":1024,\"caption\":\"Sensi-White Herbal Toothpaste - 75 ml.\"},{\"@type\":\"BreadcrumbList\",\"@id\":\"https:\\\/\\\/ecosupplements.ch\\\/?product=sensi-white-herbal-toothpaste-75-ml#breadcrumb\",\"itemListElement\":[{\"@type\":\"ListItem\",\"position\":1,\"name\":\"Home\",\"item\":\"https:\\\/\\\/ecosupplements.ch\\\/\"},{\"@type\":\"ListItem\",\"position\":2,\"name\":\"Shop\",\"item\":\"https:\\\/\\\/ecosupplements.ch\\\/?page_id=14\"},{\"@type\":\"ListItem\",\"position\":3,\"name\":\"Sensi-White Herbal Toothpaste &#8211; 75 ml.\"}]},{\"@type\":\"WebSite\",\"@id\":\"https:\\\/\\\/ecosupplements.ch\\\/#website\",\"url\":\"https:\\\/\\\/ecosupplements.ch\\\/\",\"name\":\"Eco Supplements\",\"description\":\"\",\"potentialAction\":[{\"@type\":\"SearchAction\",\"target\":{\"@type\":\"EntryPoint\",\"urlTemplate\":\"https:\\\/\\\/ecosupplements.ch\\\/?s={search_term_string}\"},\"query-input\":{\"@type\":\"PropertyValueSpecification\",\"valueRequired\":true,\"valueName\":\"search_term_string\"}}],\"inLanguage\":\"de-CH\"}]}<\/script>\n<meta property=\"product:price:amount\" content=\"3.61\" \/>\n<meta property=\"product:price:currency\" content=\"CHF\" \/>\n<meta property=\"og:availability\" content=\"out of stock\" \/>\n<meta property=\"product:availability\" content=\"out of stock\" \/>\n<meta property=\"product:retailer_item_id\" content=\"6291107220543\" \/>\n<meta property=\"product:condition\" content=\"new\" \/>\n<!-- \/ Yoast SEO plugin. -->","yoast_head_json":{"title":"Sensi-White Herbal Toothpaste \u2013 Himalaya | ecosupplements.ch","description":"Himalaya Sensi-White Herbal Toothpaste (75 ml) f\u00fcr empfindliche Z\u00e4hne \u2013 mit Kr\u00e4uterextrakten, Bromelain und Kaliumnitrat f\u00fcr sanfte Pflege und frischen Atem. Jetzt bestellen.","robots":{"index":"index","follow":"follow","max-snippet":"max-snippet:-1","max-image-preview":"max-image-preview:large","max-video-preview":"max-video-preview:-1"},"canonical":"https:\/\/ecosupplements.ch\/?product=sensi-white-herbal-toothpaste-75-ml","og_locale":"de_DE","og_type":"article","og_title":"Sensi-White Herbal Toothpaste \u2013 Himalaya | ecosupplements.ch","og_description":"Himalaya Sensi-White Herbal Toothpaste (75 ml) f\u00fcr empfindliche Z\u00e4hne \u2013 mit Kr\u00e4uterextrakten, Bromelain und Kaliumnitrat f\u00fcr sanfte Pflege und frischen Atem. Jetzt bestellen.","og_url":"https:\/\/ecosupplements.ch\/?product=sensi-white-herbal-toothpaste-75-ml","og_site_name":"Eco Supplements","article_modified_time":"2026-05-13T07:24:41+00:00","og_image":[{"width":1024,"height":1024,"url":"https:\/\/ecosupplements.ch\/wp-content\/uploads\/2026\/05\/Sensi-White-Herbal-Toothpaste-75-ml.jpg","type":"image\/jpeg"}],"twitter_card":"summary_large_image","twitter_misc":{"Price":"&#67;&#72;&#70;&nbsp;3.61","Availability":"Out of stock"},"schema":{"@context":"https:\/\/schema.org","@graph":[{"@type":"WebPage","@id":"https:\/\/ecosupplements.ch\/?product=sensi-white-herbal-toothpaste-75-ml","url":"https:\/\/ecosupplements.ch\/?product=sensi-white-herbal-toothpaste-75-ml","name":"Sensi-White Herbal Toothpaste \u2013 Himalaya | ecosupplements.ch","isPartOf":{"@id":"https:\/\/ecosupplements.ch\/#website"},"primaryImageOfPage":{"@id":"https:\/\/ecosupplements.ch\/?product=sensi-white-herbal-toothpaste-75-ml#primaryimage"},"image":{"@id":"https:\/\/ecosupplements.ch\/?product=sensi-white-herbal-toothpaste-75-ml#primaryimage"},"thumbnailUrl":"https:\/\/ecosupplements.ch\/wp-content\/uploads\/2026\/05\/Sensi-White-Herbal-Toothpaste-75-ml.jpg","datePublished":"2026-05-11T14:31:55+00:00","dateModified":"2026-05-13T07:24:41+00:00","description":"Himalaya Sensi-White Herbal Toothpaste (75 ml) f\u00fcr empfindliche Z\u00e4hne \u2013 mit Kr\u00e4uterextrakten, Bromelain und Kaliumnitrat f\u00fcr sanfte Pflege und frischen Atem. Jetzt bestellen.","breadcrumb":{"@id":"https:\/\/ecosupplements.ch\/?product=sensi-white-herbal-toothpaste-75-ml#breadcrumb"},"inLanguage":"de-CH","potentialAction":[{"@type":"ReadAction","target":["https:\/\/ecosupplements.ch\/?product=sensi-white-herbal-toothpaste-75-ml"]}]},{"@type":"ImageObject","inLanguage":"de-CH","@id":"https:\/\/ecosupplements.ch\/?product=sensi-white-herbal-toothpaste-75-ml#primaryimage","url":"https:\/\/ecosupplements.ch\/wp-content\/uploads\/2026\/05\/Sensi-White-Herbal-Toothpaste-75-ml.jpg","contentUrl":"https:\/\/ecosupplements.ch\/wp-content\/uploads\/2026\/05\/Sensi-White-Herbal-Toothpaste-75-ml.jpg","width":1024,"height":1024,"caption":"Sensi-White Herbal Toothpaste - 75 ml."},{"@type":"BreadcrumbList","@id":"https:\/\/ecosupplements.ch\/?product=sensi-white-herbal-toothpaste-75-ml#breadcrumb","itemListElement":[{"@type":"ListItem","position":1,"name":"Home","item":"https:\/\/ecosupplements.ch\/"},{"@type":"ListItem","position":2,"name":"Shop","item":"https:\/\/ecosupplements.ch\/?page_id=14"},{"@type":"ListItem","position":3,"name":"Sensi-White Herbal Toothpaste &#8211; 75 ml."}]},{"@type":"WebSite","@id":"https:\/\/ecosupplements.ch\/#website","url":"https:\/\/ecosupplements.ch\/","name":"Eco Supplements","description":"","potentialAction":[{"@type":"SearchAction","target":{"@type":"EntryPoint","urlTemplate":"https:\/\/ecosupplements.ch\/?s={search_term_string}"},"query-input":{"@type":"PropertyValueSpecification","valueRequired":true,"valueName":"search_term_string"}}],"inLanguage":"de-CH"}]},"product_price_amount":"3.61","product_price_currency":"CHF","og_availability":"out of stock","product_availability":"out of stock","product_retailer_item_id":"6291107220543","product_condition":"new"},"_links":{"self":[{"href":"https:\/\/ecosupplements.ch\/index.php?rest_route=\/wp\/v2\/product\/1790","targetHints":{"allow":["GET"]}}],"collection":[{"href":"https:\/\/ecosupplements.ch\/index.php?rest_route=\/wp\/v2\/product"}],"about":[{"href":"https:\/\/ecosupplements.ch\/index.php?rest_route=\/wp\/v2\/types\/product"}],"replies":[{"embeddable":true,"href":"https:\/\/ecosupplements.ch\/index.php?rest_route=%2Fwp%2Fv2%2Fcomments&post=1790"}],"wp:featuredmedia":[{"embeddable":true,"href":"https:\/\/ecosupplements.ch\/index.php?rest_route=\/wp\/v2\/media\/1791"}],"wp:attachment":[{"href":"https:\/\/ecosupplements.ch\/index.php?rest_route=%2Fwp%2Fv2%2Fmedia&parent=1790"}],"wp:term":[{"taxonomy":"product_brand","embeddable":true,"href":"https:\/\/ecosupplements.ch\/index.php?rest_route=%2Fwp%2Fv2%2Fproduct_brand&post=1790"},{"taxonomy":"product_cat","embeddable":true,"href":"https:\/\/ecosupplements.ch\/index.php?rest_route=%2Fwp%2Fv2%2Fproduct_cat&post=1790"},{"taxonomy":"product_tag","embeddable":true,"href":"https:\/\/ecosupplements.ch\/index.php?rest_route=%2Fwp%2Fv2%2Fproduct_tag&post=1790"}],"curies":[{"name":"wp","href":"https:\/\/api.w.org\/{rel}","templated":true}]}}