{"id":1792,"date":"2026-05-11T14:31:56","date_gmt":"2026-05-11T14:31:56","guid":{"rendered":"https:\/\/ecosupplements.ch\/?product=sparkly-white-herbal-toothpaste-75-ml"},"modified":"2026-05-13T07:24:41","modified_gmt":"2026-05-13T07:24:41","slug":"sparkly-white-herbal-toothpaste-75-ml","status":"publish","type":"product","link":"https:\/\/ecosupplements.ch\/?product=sparkly-white-herbal-toothpaste-75-ml","title":{"rendered":"Sparkly White Herbal Toothpaste &#8211; 75 ml."},"content":{"rendered":"<div class=\"chcg-product-description\">\n<h2 class=\"chcg-heading\">\u00dcber Himalaya \u2013 Sparkly White Herbal Zahnpasta \u2013 75 ml<\/h2>\n<div class=\"chcg-intro\">\n<p>Die Himalaya Sparkly White Herbal Zahnpasta vereint pflanzliche Wirkstoffe mit bew\u00e4hrten Reinigungsmitteln f\u00fcr ein strahlendes L\u00e4cheln. Die Formel enth\u00e4lt nat\u00fcrliche Enzyme wie Bromelain und Papain, die sanft auf Zahnoberfl\u00e4chen einwirken und zur Pflege des Zahnschmelzes beitragen k\u00f6nnen.<\/p>\n<p>Erg\u00e4nzt durch Salvadora Persica (Miswak-Extrakt), Zimt- und Gew\u00fcrznelken\u00f6l sowie Thymol bietet diese Zahnpasta eine aromatische und erfrischende Reinigungserfahrung. Der Menthol-Zusatz sorgt f\u00fcr ein anhaltendes Frischegef\u00fchl nach dem Z\u00e4hneputzen.<\/p>\n<p>Die 75-ml-Tube im praktischen Format eignet sich ideal f\u00fcr den t\u00e4glichen Gebrauch zu Hause oder auf Reisen. Die Rezeptur ist vegan, vegetarisch, glutenfrei und laktosefrei \u2013 geeignet f\u00fcr ein breites Spektrum an Bed\u00fcrfnissen.<\/p>\n<\/p><\/div>\n<div class=\"chcg-ingredients\">\n<h3>Zutaten<\/h3>\n<p>Sorbitol, Aqua, Hydrated Silica, Glycerin, Silica, Sodium Lauryl Sulphate, Bromelain, Xanthan Gum, Titanium Dioxide, Flavour (Aroma), Sodium Saccharin, Sodium Benzoate, Potassium Sorbate, Papain, Menthol, Salvadora Persica Stem Extract, Sodium Citrate, <strong>Prunus Amygdalus Dulcis Shell Extract<\/strong>, Cinnamomum Zeylanicum Bark Oil, Eugenia Caryophyllus Bud Oil, Thymol, Citric Acid, Eugenol.<\/p>\n<\/p><\/div>\n<div class=\"chcg-dosage\">\n<h3>Verzehrempfehlung<\/h3>\n<p>Nach jeder Mahlzeit gr\u00fcndlich z\u00e4hneputzen, mindestens jedoch zweimal t\u00e4glich, oder gem\u00e4ss Anweisung Ihres Zahnarztes. F\u00fcr Kinder unter 2 Jahren einen Zahnarzt konsultieren. Kinder unter 6 Jahren sollten eine erbsengrosse Menge unter Aufsicht von Erwachsenen verwenden. Nicht schlucken. Nach dem Z\u00e4hneputzen ausspucken und den Mund gr\u00fcndlich aussp\u00fclen.<\/p>\n<\/p><\/div>\n<div class=\"chcg-warnings\">\n<h3>Warnhinweise<\/h3>\n<p>Nicht schlucken. Kontakt mit den Augen vermeiden. Bei Hautreizungen oder Unvertr\u00e4glichkeiten die Anwendung abbrechen. Ausserhalb der Reichweite von Kindern aufbewahren. Bez\u00fcglich Allergenen die hervorgehobenen Zutaten auf der Verpackung beachten. Nach dem \u00d6ffnen innerhalb von 6 Monaten verbrauchen.<\/p>\n<\/p><\/div>\n<div class=\"chcg-allergens\">\n<h3>Allergeninformationen<\/h3>\n<p>Enth\u00e4lt Mandel (Prunus Amygdalus Dulcis Shell Extract). Bez\u00fcglich Allergenen die hervorgehobenen Zutaten auf der Verpackung beachten. Hergestellt in einem Betrieb, der Nussprodukte verarbeitet.<\/p>\n<\/p><\/div>\n<div class=\"chcg-storage\">\n<h3>Lagerung<\/h3>\n<p>An einem k\u00fchlen und trockenen Ort, gesch\u00fctzt vor direktem Sonnenlicht, aufbewahren.<\/p>\n<\/p><\/div>\n<div class=\"chcg-dietary\">\n<h3>Ern\u00e4hrungshinweise<\/h3>\n<ul>\n<li>Vegan<\/li>\n<li>Vegetarisch<\/li>\n<li>Glutenfrei<\/li>\n<li>Laktosefrei<\/li>\n<\/ul><\/div>\n<\/div>\n","protected":false},"excerpt":{"rendered":"<p>Himalaya Sparkly White Herbal Zahnpasta mit nat\u00fcrlichen Enzymen (Bromelain, Papain) und pflanzlichen Extrakten f\u00fcr eine erfrischende Mundhygiene. 75-ml-Tube, vegan und glutenfrei. Nicht schlucken.<\/p>\n","protected":false},"featured_media":1793,"comment_status":"closed","ping_status":"open","template":"","meta":[],"product_brand":[196],"product_cat":[48,25,134,97],"product_tag":[],"class_list":{"0":"post-1792","1":"product","2":"type-product","3":"status-publish","4":"has-post-thumbnail","6":"product_brand-himalaya","7":"product_cat-gesunde-ernaehrung","8":"product_cat-gesundheit-und-wohlbefinden","9":"product_cat-schoenheit","10":"product_cat-tandpasta","12":"first","13":"outofstock","14":"taxable","15":"shipping-taxable","16":"purchasable","17":"product-type-simple"},"yoast_head":"<!-- This site is optimized with the Yoast SEO plugin v27.5 - https:\/\/yoast.com\/product\/yoast-seo-wordpress\/ -->\n<title>Sparkly White Herbal Zahnpasta \u2013 Himalaya | ecosupplements.ch<\/title>\n<meta name=\"description\" content=\"Himalaya Sparkly White Herbal Zahnpasta (75 ml) mit Bromelain, Papain und Miswak f\u00fcr erfrischende Mundhygiene \u2013 vegan und glutenfrei. Jetzt bestellen.\" \/>\n<meta name=\"robots\" content=\"index, follow, max-snippet:-1, max-image-preview:large, max-video-preview:-1\" \/>\n<link rel=\"canonical\" href=\"https:\/\/ecosupplements.ch\/?product=sparkly-white-herbal-toothpaste-75-ml\" \/>\n<meta property=\"og:locale\" content=\"de_DE\" \/>\n<meta property=\"og:type\" content=\"article\" \/>\n<meta property=\"og:title\" content=\"Sparkly White Herbal Zahnpasta \u2013 Himalaya | ecosupplements.ch\" \/>\n<meta property=\"og:description\" content=\"Himalaya Sparkly White Herbal Zahnpasta (75 ml) mit Bromelain, Papain und Miswak f\u00fcr erfrischende Mundhygiene \u2013 vegan und glutenfrei. Jetzt bestellen.\" \/>\n<meta property=\"og:url\" content=\"https:\/\/ecosupplements.ch\/?product=sparkly-white-herbal-toothpaste-75-ml\" \/>\n<meta property=\"og:site_name\" content=\"Eco Supplements\" \/>\n<meta property=\"article:modified_time\" content=\"2026-05-13T07:24:41+00:00\" \/>\n<meta property=\"og:image\" content=\"https:\/\/ecosupplements.ch\/wp-content\/uploads\/2026\/05\/Sparkly-White-Herbal-Toothpaste-75-ml.webp\" \/>\n\t<meta property=\"og:image:width\" content=\"1000\" \/>\n\t<meta property=\"og:image:height\" content=\"1000\" \/>\n\t<meta property=\"og:image:type\" content=\"image\/jpeg\" \/>\n<meta name=\"twitter:card\" content=\"summary_large_image\" \/>\n<meta name=\"twitter:label1\" content=\"Price\" \/>\n\t<meta name=\"twitter:data1\" content=\"&#067;&#072;&#070;&nbsp;3.34\" \/>\n\t<meta name=\"twitter:label2\" content=\"Availability\" \/>\n\t<meta name=\"twitter:data2\" content=\"Out of stock\" \/>\n<script type=\"application\/ld+json\" class=\"yoast-schema-graph\">{\"@context\":\"https:\\\/\\\/schema.org\",\"@graph\":[{\"@type\":\"WebPage\",\"@id\":\"https:\\\/\\\/ecosupplements.ch\\\/?product=sparkly-white-herbal-toothpaste-75-ml\",\"url\":\"https:\\\/\\\/ecosupplements.ch\\\/?product=sparkly-white-herbal-toothpaste-75-ml\",\"name\":\"Sparkly White Herbal Zahnpasta \u2013 Himalaya | ecosupplements.ch\",\"isPartOf\":{\"@id\":\"https:\\\/\\\/ecosupplements.ch\\\/#website\"},\"primaryImageOfPage\":{\"@id\":\"https:\\\/\\\/ecosupplements.ch\\\/?product=sparkly-white-herbal-toothpaste-75-ml#primaryimage\"},\"image\":{\"@id\":\"https:\\\/\\\/ecosupplements.ch\\\/?product=sparkly-white-herbal-toothpaste-75-ml#primaryimage\"},\"thumbnailUrl\":\"https:\\\/\\\/ecosupplements.ch\\\/wp-content\\\/uploads\\\/2026\\\/05\\\/Sparkly-White-Herbal-Toothpaste-75-ml.webp\",\"datePublished\":\"2026-05-11T14:31:56+00:00\",\"dateModified\":\"2026-05-13T07:24:41+00:00\",\"description\":\"Himalaya Sparkly White Herbal Zahnpasta (75 ml) mit Bromelain, Papain und Miswak f\u00fcr erfrischende Mundhygiene \u2013 vegan und glutenfrei. Jetzt bestellen.\",\"breadcrumb\":{\"@id\":\"https:\\\/\\\/ecosupplements.ch\\\/?product=sparkly-white-herbal-toothpaste-75-ml#breadcrumb\"},\"inLanguage\":\"de-CH\",\"potentialAction\":[{\"@type\":\"ReadAction\",\"target\":[\"https:\\\/\\\/ecosupplements.ch\\\/?product=sparkly-white-herbal-toothpaste-75-ml\"]}]},{\"@type\":\"ImageObject\",\"inLanguage\":\"de-CH\",\"@id\":\"https:\\\/\\\/ecosupplements.ch\\\/?product=sparkly-white-herbal-toothpaste-75-ml#primaryimage\",\"url\":\"https:\\\/\\\/ecosupplements.ch\\\/wp-content\\\/uploads\\\/2026\\\/05\\\/Sparkly-White-Herbal-Toothpaste-75-ml.webp\",\"contentUrl\":\"https:\\\/\\\/ecosupplements.ch\\\/wp-content\\\/uploads\\\/2026\\\/05\\\/Sparkly-White-Herbal-Toothpaste-75-ml.webp\",\"width\":1000,\"height\":1000,\"caption\":\"Sparkly White Herbal Toothpaste - 75 ml.\"},{\"@type\":\"BreadcrumbList\",\"@id\":\"https:\\\/\\\/ecosupplements.ch\\\/?product=sparkly-white-herbal-toothpaste-75-ml#breadcrumb\",\"itemListElement\":[{\"@type\":\"ListItem\",\"position\":1,\"name\":\"Home\",\"item\":\"https:\\\/\\\/ecosupplements.ch\\\/\"},{\"@type\":\"ListItem\",\"position\":2,\"name\":\"Shop\",\"item\":\"https:\\\/\\\/ecosupplements.ch\\\/?page_id=14\"},{\"@type\":\"ListItem\",\"position\":3,\"name\":\"Sparkly White Herbal Toothpaste &#8211; 75 ml.\"}]},{\"@type\":\"WebSite\",\"@id\":\"https:\\\/\\\/ecosupplements.ch\\\/#website\",\"url\":\"https:\\\/\\\/ecosupplements.ch\\\/\",\"name\":\"Eco Supplements\",\"description\":\"\",\"potentialAction\":[{\"@type\":\"SearchAction\",\"target\":{\"@type\":\"EntryPoint\",\"urlTemplate\":\"https:\\\/\\\/ecosupplements.ch\\\/?s={search_term_string}\"},\"query-input\":{\"@type\":\"PropertyValueSpecification\",\"valueRequired\":true,\"valueName\":\"search_term_string\"}}],\"inLanguage\":\"de-CH\"}]}<\/script>\n<meta property=\"product:price:amount\" content=\"3.34\" \/>\n<meta property=\"product:price:currency\" content=\"CHF\" \/>\n<meta property=\"og:availability\" content=\"out of stock\" \/>\n<meta property=\"product:availability\" content=\"out of stock\" \/>\n<meta property=\"product:retailer_item_id\" content=\"8901138825591\" \/>\n<meta property=\"product:condition\" content=\"new\" \/>\n<!-- \/ Yoast SEO plugin. -->","yoast_head_json":{"title":"Sparkly White Herbal Zahnpasta \u2013 Himalaya | ecosupplements.ch","description":"Himalaya Sparkly White Herbal Zahnpasta (75 ml) mit Bromelain, Papain und Miswak f\u00fcr erfrischende Mundhygiene \u2013 vegan und glutenfrei. Jetzt bestellen.","robots":{"index":"index","follow":"follow","max-snippet":"max-snippet:-1","max-image-preview":"max-image-preview:large","max-video-preview":"max-video-preview:-1"},"canonical":"https:\/\/ecosupplements.ch\/?product=sparkly-white-herbal-toothpaste-75-ml","og_locale":"de_DE","og_type":"article","og_title":"Sparkly White Herbal Zahnpasta \u2013 Himalaya | ecosupplements.ch","og_description":"Himalaya Sparkly White Herbal Zahnpasta (75 ml) mit Bromelain, Papain und Miswak f\u00fcr erfrischende Mundhygiene \u2013 vegan und glutenfrei. Jetzt bestellen.","og_url":"https:\/\/ecosupplements.ch\/?product=sparkly-white-herbal-toothpaste-75-ml","og_site_name":"Eco Supplements","article_modified_time":"2026-05-13T07:24:41+00:00","og_image":[{"width":1000,"height":1000,"url":"https:\/\/ecosupplements.ch\/wp-content\/uploads\/2026\/05\/Sparkly-White-Herbal-Toothpaste-75-ml.webp","type":"image\/jpeg"}],"twitter_card":"summary_large_image","twitter_misc":{"Price":"&#67;&#72;&#70;&nbsp;3.34","Availability":"Out of stock"},"schema":{"@context":"https:\/\/schema.org","@graph":[{"@type":"WebPage","@id":"https:\/\/ecosupplements.ch\/?product=sparkly-white-herbal-toothpaste-75-ml","url":"https:\/\/ecosupplements.ch\/?product=sparkly-white-herbal-toothpaste-75-ml","name":"Sparkly White Herbal Zahnpasta \u2013 Himalaya | ecosupplements.ch","isPartOf":{"@id":"https:\/\/ecosupplements.ch\/#website"},"primaryImageOfPage":{"@id":"https:\/\/ecosupplements.ch\/?product=sparkly-white-herbal-toothpaste-75-ml#primaryimage"},"image":{"@id":"https:\/\/ecosupplements.ch\/?product=sparkly-white-herbal-toothpaste-75-ml#primaryimage"},"thumbnailUrl":"https:\/\/ecosupplements.ch\/wp-content\/uploads\/2026\/05\/Sparkly-White-Herbal-Toothpaste-75-ml.webp","datePublished":"2026-05-11T14:31:56+00:00","dateModified":"2026-05-13T07:24:41+00:00","description":"Himalaya Sparkly White Herbal Zahnpasta (75 ml) mit Bromelain, Papain und Miswak f\u00fcr erfrischende Mundhygiene \u2013 vegan und glutenfrei. Jetzt bestellen.","breadcrumb":{"@id":"https:\/\/ecosupplements.ch\/?product=sparkly-white-herbal-toothpaste-75-ml#breadcrumb"},"inLanguage":"de-CH","potentialAction":[{"@type":"ReadAction","target":["https:\/\/ecosupplements.ch\/?product=sparkly-white-herbal-toothpaste-75-ml"]}]},{"@type":"ImageObject","inLanguage":"de-CH","@id":"https:\/\/ecosupplements.ch\/?product=sparkly-white-herbal-toothpaste-75-ml#primaryimage","url":"https:\/\/ecosupplements.ch\/wp-content\/uploads\/2026\/05\/Sparkly-White-Herbal-Toothpaste-75-ml.webp","contentUrl":"https:\/\/ecosupplements.ch\/wp-content\/uploads\/2026\/05\/Sparkly-White-Herbal-Toothpaste-75-ml.webp","width":1000,"height":1000,"caption":"Sparkly White Herbal Toothpaste - 75 ml."},{"@type":"BreadcrumbList","@id":"https:\/\/ecosupplements.ch\/?product=sparkly-white-herbal-toothpaste-75-ml#breadcrumb","itemListElement":[{"@type":"ListItem","position":1,"name":"Home","item":"https:\/\/ecosupplements.ch\/"},{"@type":"ListItem","position":2,"name":"Shop","item":"https:\/\/ecosupplements.ch\/?page_id=14"},{"@type":"ListItem","position":3,"name":"Sparkly White Herbal Toothpaste &#8211; 75 ml."}]},{"@type":"WebSite","@id":"https:\/\/ecosupplements.ch\/#website","url":"https:\/\/ecosupplements.ch\/","name":"Eco Supplements","description":"","potentialAction":[{"@type":"SearchAction","target":{"@type":"EntryPoint","urlTemplate":"https:\/\/ecosupplements.ch\/?s={search_term_string}"},"query-input":{"@type":"PropertyValueSpecification","valueRequired":true,"valueName":"search_term_string"}}],"inLanguage":"de-CH"}]},"product_price_amount":"3.34","product_price_currency":"CHF","og_availability":"out of stock","product_availability":"out of stock","product_retailer_item_id":"8901138825591","product_condition":"new"},"_links":{"self":[{"href":"https:\/\/ecosupplements.ch\/index.php?rest_route=\/wp\/v2\/product\/1792","targetHints":{"allow":["GET"]}}],"collection":[{"href":"https:\/\/ecosupplements.ch\/index.php?rest_route=\/wp\/v2\/product"}],"about":[{"href":"https:\/\/ecosupplements.ch\/index.php?rest_route=\/wp\/v2\/types\/product"}],"replies":[{"embeddable":true,"href":"https:\/\/ecosupplements.ch\/index.php?rest_route=%2Fwp%2Fv2%2Fcomments&post=1792"}],"wp:featuredmedia":[{"embeddable":true,"href":"https:\/\/ecosupplements.ch\/index.php?rest_route=\/wp\/v2\/media\/1793"}],"wp:attachment":[{"href":"https:\/\/ecosupplements.ch\/index.php?rest_route=%2Fwp%2Fv2%2Fmedia&parent=1792"}],"wp:term":[{"taxonomy":"product_brand","embeddable":true,"href":"https:\/\/ecosupplements.ch\/index.php?rest_route=%2Fwp%2Fv2%2Fproduct_brand&post=1792"},{"taxonomy":"product_cat","embeddable":true,"href":"https:\/\/ecosupplements.ch\/index.php?rest_route=%2Fwp%2Fv2%2Fproduct_cat&post=1792"},{"taxonomy":"product_tag","embeddable":true,"href":"https:\/\/ecosupplements.ch\/index.php?rest_route=%2Fwp%2Fv2%2Fproduct_tag&post=1792"}],"curies":[{"name":"wp","href":"https:\/\/api.w.org\/{rel}","templated":true}]}}