{"id":1795,"date":"2026-05-11T14:31:57","date_gmt":"2026-05-11T14:31:57","guid":{"rendered":"https:\/\/ecosupplements.ch\/?product=stain-away-toothpaste-75-ml"},"modified":"2026-05-13T07:24:41","modified_gmt":"2026-05-13T07:24:41","slug":"stain-away-toothpaste-75-ml","status":"publish","type":"product","link":"https:\/\/ecosupplements.ch\/?product=stain-away-toothpaste-75-ml","title":{"rendered":"Stain-Away Toothpaste &#8211; 75 ml."},"content":{"rendered":"<div class=\"chcg-product-description\">\n<h2 class=\"chcg-heading\">\u00dcber Himalaya \u2013 Stain-Away Toothpaste \u2013 75 ml<\/h2>\n<div class=\"chcg-intro\">\n<p>Die Himalaya Stain-Away Toothpaste ist eine sorgf\u00e4ltig formulierte Zahnpasta, die auf nat\u00fcrliche Wirkstoffe setzt, um Verf\u00e4rbungen sanft zu entfernen und ein strahlendes L\u00e4cheln zu unterst\u00fctzen. Dank der Kombination aus Bromelain (gewonnen aus der Ananas) und Papain (aus der Papaya) werden oberfl\u00e4chliche Zahnverf\u00e4rbungen effektiv aufgel\u00f6st, ohne den Zahnschmelz unn\u00f6tig zu beanspruchen.<\/p>\n<p>Erg\u00e4nzt wird die Formel durch Salvadora Persica Stammextrakt \u2013 bekannt aus der traditionellen Zahnpflege \u2013 sowie \u00e4therische \u00d6le aus Zimt, Nelken und Thymol, die f\u00fcr ein frisches, anhaltendes Mundgef\u00fchl sorgen. Der angenehme Minzgeschmack hinterl\u00e4sst den Mund sauber und erfrischt.<\/p>\n<p>Die 75-ml-Tube eignet sich ideal f\u00fcr den t\u00e4glichen Gebrauch zu Hause oder auf Reisen und ist sowohl f\u00fcr Erwachsene als auch f\u00fcr Kinder ab 6 Jahren geeignet, wenn sie unter Aufsicht Erwachsener angewendet wird.<\/p>\n<\/p><\/div>\n<div class=\"chcg-ingredients\">\n<h3>Zutaten<\/h3>\n<p>Aqua, Hydrated Silica, Sorbitol, Glycerin, Sodium Lauryl Sulfate, Bromelain, Xanthan Gum, Titanium Dioxide, Aroma, Tetrasodium Pyrophosphate, Hydrated Silica &amp; Titanium Dioxide &amp; CI 74160 &amp; Menthol, Sodium Saccharin, Sodium Benzoate, Potassium Sorbate, Papain, Salvadora Persica Stem Extract, Sodium Citrate, Citric Acid, Cinnamomum Zeylanicum Bark Oil, Eugenia Caryophyllus (Clove) Bud Oil, Thymol, Prunus Amygdalus Dulcis (Sweet Almond) Shell Extract, Eugenol.<\/p>\n<\/p><\/div>\n<div class=\"chcg-dosage\">\n<h3>Anwendungsempfehlung<\/h3>\n<p>Zweimal t\u00e4glich gr\u00fcndlich die Z\u00e4hne putzen oder nach Anweisung eines Zahnarztes oder Arztes. Kinder bis 6 Jahre sollten nur eine erbsengrosse Menge verwenden und dabei von Erwachsenen beaufsichtigt werden. Nicht schlucken. Nach dem Z\u00e4hneputzen sorgf\u00e4ltig ausspucken und den Mund gr\u00fcndlich aussp\u00fclen.<\/p>\n<\/p><\/div>\n<div class=\"chcg-warnings\">\n<h3>Warnhinweise<\/h3>\n<p>Bei einer Temperatur unter 30 \u00b0C lagern. F\u00fcr Kinder unter 6 Jahren: Nur eine erbsengrosse Menge unter Aufsicht Erwachsener verwenden. Nicht schlucken.<\/p>\n<\/p><\/div>\n<div class=\"chcg-allergens\">\n<h3>Allergeninformationen<\/h3>\n<p>Enth\u00e4lt Prunus Amygdalus Dulcis (S\u00fcssmandel)-Schalenextrakt. Auf dem Etikett sind keine weiteren Allergendeklarationen ausgewiesen; es ist jedoch ein mandelbasierter Inhaltsstoff vorhanden. Personen mit einer Mandelallergie sollten dieses Produkt nicht verwenden.<\/p>\n<\/p><\/div>\n<div class=\"chcg-storage\">\n<h3>Lagerung<\/h3>\n<p>An einem k\u00fchlen und trockenen Ort bei einer Temperatur unter 30 \u00b0C lagern.<\/p>\n<\/p><\/div>\n<div class=\"chcg-dietary\">\n<h3>Ern\u00e4hrungshinweise<\/h3>\n<ul>\n<li>Vegan<\/li>\n<li>Vegetarisch<\/li>\n<li>Laktosefrei<\/li>\n<\/ul><\/div>\n<\/div>\n","protected":false},"excerpt":{"rendered":"<p>Himalaya Stain-Away Toothpaste entfernt sanft oberfl\u00e4chliche Verf\u00e4rbungen dank nat\u00fcrlicher Enzyme wie Bromelain und Papain. Die Zahnpasta ist in der praktischen 75-ml-Tube erh\u00e4ltlich und f\u00fcr die t\u00e4gliche Anwendung geeignet.<\/p>\n","protected":false},"featured_media":1796,"comment_status":"closed","ping_status":"open","template":"","meta":[],"product_brand":[196],"product_cat":[48,25,134,97],"product_tag":[],"class_list":{"0":"post-1795","1":"product","2":"type-product","3":"status-publish","4":"has-post-thumbnail","6":"product_brand-himalaya","7":"product_cat-gesunde-ernaehrung","8":"product_cat-gesundheit-und-wohlbefinden","9":"product_cat-schoenheit","10":"product_cat-tandpasta","12":"first","13":"outofstock","14":"taxable","15":"shipping-taxable","16":"purchasable","17":"product-type-simple"},"yoast_head":"<!-- This site is optimized with the Yoast SEO plugin v27.5 - https:\/\/yoast.com\/product\/yoast-seo-wordpress\/ -->\n<title>Stain-Away Toothpaste 75 ml \u2013 Himalaya | ecosupplements.ch<\/title>\n<meta name=\"description\" content=\"Himalaya Stain-Away Toothpaste (75 ml) entfernt Verf\u00e4rbungen sanft mit nat\u00fcrlichen Enzymen f\u00fcr ein strahlendes L\u00e4cheln. Jetzt bestellen.\" \/>\n<meta name=\"robots\" content=\"index, follow, max-snippet:-1, max-image-preview:large, max-video-preview:-1\" \/>\n<link rel=\"canonical\" href=\"https:\/\/ecosupplements.ch\/?product=stain-away-toothpaste-75-ml\" \/>\n<meta property=\"og:locale\" content=\"de_DE\" \/>\n<meta property=\"og:type\" content=\"article\" \/>\n<meta property=\"og:title\" content=\"Stain-Away Toothpaste 75 ml \u2013 Himalaya | ecosupplements.ch\" \/>\n<meta property=\"og:description\" content=\"Himalaya Stain-Away Toothpaste (75 ml) entfernt Verf\u00e4rbungen sanft mit nat\u00fcrlichen Enzymen f\u00fcr ein strahlendes L\u00e4cheln. Jetzt bestellen.\" \/>\n<meta property=\"og:url\" content=\"https:\/\/ecosupplements.ch\/?product=stain-away-toothpaste-75-ml\" \/>\n<meta property=\"og:site_name\" content=\"Eco Supplements\" \/>\n<meta property=\"article:modified_time\" content=\"2026-05-13T07:24:41+00:00\" \/>\n<meta property=\"og:image\" content=\"https:\/\/ecosupplements.ch\/wp-content\/uploads\/2026\/05\/Stain-Away-Toothpaste-75-ml.webp\" \/>\n\t<meta property=\"og:image:width\" content=\"1000\" \/>\n\t<meta property=\"og:image:height\" content=\"1000\" \/>\n\t<meta property=\"og:image:type\" content=\"image\/jpeg\" \/>\n<meta name=\"twitter:card\" content=\"summary_large_image\" \/>\n<meta name=\"twitter:label1\" content=\"Price\" \/>\n\t<meta name=\"twitter:data1\" content=\"&#067;&#072;&#070;&nbsp;3.49\" \/>\n\t<meta name=\"twitter:label2\" content=\"Availability\" \/>\n\t<meta name=\"twitter:data2\" content=\"Out of stock\" \/>\n<script type=\"application\/ld+json\" class=\"yoast-schema-graph\">{\"@context\":\"https:\\\/\\\/schema.org\",\"@graph\":[{\"@type\":\"WebPage\",\"@id\":\"https:\\\/\\\/ecosupplements.ch\\\/?product=stain-away-toothpaste-75-ml\",\"url\":\"https:\\\/\\\/ecosupplements.ch\\\/?product=stain-away-toothpaste-75-ml\",\"name\":\"Stain-Away Toothpaste 75 ml \u2013 Himalaya | ecosupplements.ch\",\"isPartOf\":{\"@id\":\"https:\\\/\\\/ecosupplements.ch\\\/#website\"},\"primaryImageOfPage\":{\"@id\":\"https:\\\/\\\/ecosupplements.ch\\\/?product=stain-away-toothpaste-75-ml#primaryimage\"},\"image\":{\"@id\":\"https:\\\/\\\/ecosupplements.ch\\\/?product=stain-away-toothpaste-75-ml#primaryimage\"},\"thumbnailUrl\":\"https:\\\/\\\/ecosupplements.ch\\\/wp-content\\\/uploads\\\/2026\\\/05\\\/Stain-Away-Toothpaste-75-ml.webp\",\"datePublished\":\"2026-05-11T14:31:57+00:00\",\"dateModified\":\"2026-05-13T07:24:41+00:00\",\"description\":\"Himalaya Stain-Away Toothpaste (75 ml) entfernt Verf\u00e4rbungen sanft mit nat\u00fcrlichen Enzymen f\u00fcr ein strahlendes L\u00e4cheln. Jetzt bestellen.\",\"breadcrumb\":{\"@id\":\"https:\\\/\\\/ecosupplements.ch\\\/?product=stain-away-toothpaste-75-ml#breadcrumb\"},\"inLanguage\":\"de-CH\",\"potentialAction\":[{\"@type\":\"ReadAction\",\"target\":[\"https:\\\/\\\/ecosupplements.ch\\\/?product=stain-away-toothpaste-75-ml\"]}]},{\"@type\":\"ImageObject\",\"inLanguage\":\"de-CH\",\"@id\":\"https:\\\/\\\/ecosupplements.ch\\\/?product=stain-away-toothpaste-75-ml#primaryimage\",\"url\":\"https:\\\/\\\/ecosupplements.ch\\\/wp-content\\\/uploads\\\/2026\\\/05\\\/Stain-Away-Toothpaste-75-ml.webp\",\"contentUrl\":\"https:\\\/\\\/ecosupplements.ch\\\/wp-content\\\/uploads\\\/2026\\\/05\\\/Stain-Away-Toothpaste-75-ml.webp\",\"width\":1000,\"height\":1000,\"caption\":\"Stain-Away Toothpaste - 75 ml.\"},{\"@type\":\"BreadcrumbList\",\"@id\":\"https:\\\/\\\/ecosupplements.ch\\\/?product=stain-away-toothpaste-75-ml#breadcrumb\",\"itemListElement\":[{\"@type\":\"ListItem\",\"position\":1,\"name\":\"Home\",\"item\":\"https:\\\/\\\/ecosupplements.ch\\\/\"},{\"@type\":\"ListItem\",\"position\":2,\"name\":\"Shop\",\"item\":\"https:\\\/\\\/ecosupplements.ch\\\/?page_id=14\"},{\"@type\":\"ListItem\",\"position\":3,\"name\":\"Stain-Away Toothpaste &#8211; 75 ml.\"}]},{\"@type\":\"WebSite\",\"@id\":\"https:\\\/\\\/ecosupplements.ch\\\/#website\",\"url\":\"https:\\\/\\\/ecosupplements.ch\\\/\",\"name\":\"Eco Supplements\",\"description\":\"\",\"potentialAction\":[{\"@type\":\"SearchAction\",\"target\":{\"@type\":\"EntryPoint\",\"urlTemplate\":\"https:\\\/\\\/ecosupplements.ch\\\/?s={search_term_string}\"},\"query-input\":{\"@type\":\"PropertyValueSpecification\",\"valueRequired\":true,\"valueName\":\"search_term_string\"}}],\"inLanguage\":\"de-CH\"}]}<\/script>\n<meta property=\"product:price:amount\" content=\"3.49\" \/>\n<meta property=\"product:price:currency\" content=\"CHF\" \/>\n<meta property=\"og:availability\" content=\"out of stock\" \/>\n<meta property=\"product:availability\" content=\"out of stock\" \/>\n<meta property=\"product:retailer_item_id\" content=\"6297000713977\" \/>\n<meta property=\"product:condition\" content=\"new\" \/>\n<!-- \/ Yoast SEO plugin. -->","yoast_head_json":{"title":"Stain-Away Toothpaste 75 ml \u2013 Himalaya | ecosupplements.ch","description":"Himalaya Stain-Away Toothpaste (75 ml) entfernt Verf\u00e4rbungen sanft mit nat\u00fcrlichen Enzymen f\u00fcr ein strahlendes L\u00e4cheln. Jetzt bestellen.","robots":{"index":"index","follow":"follow","max-snippet":"max-snippet:-1","max-image-preview":"max-image-preview:large","max-video-preview":"max-video-preview:-1"},"canonical":"https:\/\/ecosupplements.ch\/?product=stain-away-toothpaste-75-ml","og_locale":"de_DE","og_type":"article","og_title":"Stain-Away Toothpaste 75 ml \u2013 Himalaya | ecosupplements.ch","og_description":"Himalaya Stain-Away Toothpaste (75 ml) entfernt Verf\u00e4rbungen sanft mit nat\u00fcrlichen Enzymen f\u00fcr ein strahlendes L\u00e4cheln. Jetzt bestellen.","og_url":"https:\/\/ecosupplements.ch\/?product=stain-away-toothpaste-75-ml","og_site_name":"Eco Supplements","article_modified_time":"2026-05-13T07:24:41+00:00","og_image":[{"width":1000,"height":1000,"url":"https:\/\/ecosupplements.ch\/wp-content\/uploads\/2026\/05\/Stain-Away-Toothpaste-75-ml.webp","type":"image\/jpeg"}],"twitter_card":"summary_large_image","twitter_misc":{"Price":"&#67;&#72;&#70;&nbsp;3.49","Availability":"Out of stock"},"schema":{"@context":"https:\/\/schema.org","@graph":[{"@type":"WebPage","@id":"https:\/\/ecosupplements.ch\/?product=stain-away-toothpaste-75-ml","url":"https:\/\/ecosupplements.ch\/?product=stain-away-toothpaste-75-ml","name":"Stain-Away Toothpaste 75 ml \u2013 Himalaya | ecosupplements.ch","isPartOf":{"@id":"https:\/\/ecosupplements.ch\/#website"},"primaryImageOfPage":{"@id":"https:\/\/ecosupplements.ch\/?product=stain-away-toothpaste-75-ml#primaryimage"},"image":{"@id":"https:\/\/ecosupplements.ch\/?product=stain-away-toothpaste-75-ml#primaryimage"},"thumbnailUrl":"https:\/\/ecosupplements.ch\/wp-content\/uploads\/2026\/05\/Stain-Away-Toothpaste-75-ml.webp","datePublished":"2026-05-11T14:31:57+00:00","dateModified":"2026-05-13T07:24:41+00:00","description":"Himalaya Stain-Away Toothpaste (75 ml) entfernt Verf\u00e4rbungen sanft mit nat\u00fcrlichen Enzymen f\u00fcr ein strahlendes L\u00e4cheln. Jetzt bestellen.","breadcrumb":{"@id":"https:\/\/ecosupplements.ch\/?product=stain-away-toothpaste-75-ml#breadcrumb"},"inLanguage":"de-CH","potentialAction":[{"@type":"ReadAction","target":["https:\/\/ecosupplements.ch\/?product=stain-away-toothpaste-75-ml"]}]},{"@type":"ImageObject","inLanguage":"de-CH","@id":"https:\/\/ecosupplements.ch\/?product=stain-away-toothpaste-75-ml#primaryimage","url":"https:\/\/ecosupplements.ch\/wp-content\/uploads\/2026\/05\/Stain-Away-Toothpaste-75-ml.webp","contentUrl":"https:\/\/ecosupplements.ch\/wp-content\/uploads\/2026\/05\/Stain-Away-Toothpaste-75-ml.webp","width":1000,"height":1000,"caption":"Stain-Away Toothpaste - 75 ml."},{"@type":"BreadcrumbList","@id":"https:\/\/ecosupplements.ch\/?product=stain-away-toothpaste-75-ml#breadcrumb","itemListElement":[{"@type":"ListItem","position":1,"name":"Home","item":"https:\/\/ecosupplements.ch\/"},{"@type":"ListItem","position":2,"name":"Shop","item":"https:\/\/ecosupplements.ch\/?page_id=14"},{"@type":"ListItem","position":3,"name":"Stain-Away Toothpaste &#8211; 75 ml."}]},{"@type":"WebSite","@id":"https:\/\/ecosupplements.ch\/#website","url":"https:\/\/ecosupplements.ch\/","name":"Eco Supplements","description":"","potentialAction":[{"@type":"SearchAction","target":{"@type":"EntryPoint","urlTemplate":"https:\/\/ecosupplements.ch\/?s={search_term_string}"},"query-input":{"@type":"PropertyValueSpecification","valueRequired":true,"valueName":"search_term_string"}}],"inLanguage":"de-CH"}]},"product_price_amount":"3.49","product_price_currency":"CHF","og_availability":"out of stock","product_availability":"out of stock","product_retailer_item_id":"6297000713977","product_condition":"new"},"_links":{"self":[{"href":"https:\/\/ecosupplements.ch\/index.php?rest_route=\/wp\/v2\/product\/1795","targetHints":{"allow":["GET"]}}],"collection":[{"href":"https:\/\/ecosupplements.ch\/index.php?rest_route=\/wp\/v2\/product"}],"about":[{"href":"https:\/\/ecosupplements.ch\/index.php?rest_route=\/wp\/v2\/types\/product"}],"replies":[{"embeddable":true,"href":"https:\/\/ecosupplements.ch\/index.php?rest_route=%2Fwp%2Fv2%2Fcomments&post=1795"}],"wp:featuredmedia":[{"embeddable":true,"href":"https:\/\/ecosupplements.ch\/index.php?rest_route=\/wp\/v2\/media\/1796"}],"wp:attachment":[{"href":"https:\/\/ecosupplements.ch\/index.php?rest_route=%2Fwp%2Fv2%2Fmedia&parent=1795"}],"wp:term":[{"taxonomy":"product_brand","embeddable":true,"href":"https:\/\/ecosupplements.ch\/index.php?rest_route=%2Fwp%2Fv2%2Fproduct_brand&post=1795"},{"taxonomy":"product_cat","embeddable":true,"href":"https:\/\/ecosupplements.ch\/index.php?rest_route=%2Fwp%2Fv2%2Fproduct_cat&post=1795"},{"taxonomy":"product_tag","embeddable":true,"href":"https:\/\/ecosupplements.ch\/index.php?rest_route=%2Fwp%2Fv2%2Fproduct_tag&post=1795"}],"curies":[{"name":"wp","href":"https:\/\/api.w.org\/{rel}","templated":true}]}}