{"id":1801,"date":"2026-05-11T14:32:00","date_gmt":"2026-05-11T14:32:00","guid":{"rendered":"https:\/\/ecosupplements.ch\/?product=strawberry-shine-lip-balm-4-5g"},"modified":"2026-05-13T07:24:42","modified_gmt":"2026-05-13T07:24:42","slug":"strawberry-shine-lip-balm-4-5g","status":"publish","type":"product","link":"https:\/\/ecosupplements.ch\/?product=strawberry-shine-lip-balm-4-5g","title":{"rendered":"Strawberry Shine Lip Balm &#8211; 4.5g"},"content":{"rendered":"<div class=\"chcg-product-description\">\n<h2 class=\"chcg-heading\">\u00dcber Himalaya \u2013 Strawberry Shine Lip Balm \u2013 4.5g<\/h2>\n<div class=\"chcg-intro\">\n<p>Der Himalaya Strawberry Shine Lip Balm pflegt und sch\u00fctzt die Lippen mit einer sorgf\u00e4ltig zusammengestellten Formel aus nat\u00fcrlichen Pflanzen\u00f6len und -buttren. Rizinus\u00f6l, Aprikosenkern\u00f6l und Erdbeersamen\u00f6l spenden intensive Feuchtigkeit, w\u00e4hrend Bienenwachs und Kakaobutter eine sch\u00fctzende Barriere auf den Lippen bilden.<\/p>\n<p>Der Extrakt aus der Wurzel von Arnebia Nobilis \u2013 auch bekannt als Himalaya-Steinsame \u2013 ist ein traditionell verwendeter Wirkstoff, der in der ayurvedischen Pflege seit Langem f\u00fcr seine pflegenden Eigenschaften gesch\u00e4tzt wird. Erg\u00e4nzt durch Tocopherol (Vitamin E) unterst\u00fctzt die Formel die nat\u00fcrliche Geschmeidigkeit der Lippen.<\/p>\n<p>Mit einem angenehmen Erdbeeraroma sorgt dieser Lippenbalsam f\u00fcr ein frisches Pflegeerlebnis \u2013 ideal f\u00fcr die t\u00e4gliche Anwendung bei trockenen, rissigen oder beanspruchten Lippen.<\/p>\n<\/p><\/div>\n<div class=\"chcg-ingredients\">\n<h3>Zutaten<\/h3>\n<p>Ricinus Communis (Castor) Seed Oil, Cera Alba (Beeswax), Hydrogenated Castor Oil, Theobroma Cacao (Cocoa) Seed Butter, Coco Glycerides, Aroma, Stearyl Behenate, Prunus Armeniaca (Apricot) Seed Oil, Arnebia Nobilis Root Extract, Helianthus Annus Seed Oil &amp; Tocopherol, Fragaria Ananassa (Strawberry) Seed Oil.<\/p>\n<\/p><\/div>\n<div class=\"chcg-dosage\">\n<h3>Anwendungsempfehlung<\/h3>\n<p>Grossz\u00fcgig auf die Lippen auftragen, um Rissen, Spr\u00f6de und Austrocknung vorzubeugen.<\/p>\n<\/p><\/div>\n<div class=\"chcg-dietary\">\n<h3>Ern\u00e4hrungshinweise<\/h3>\n<ul>\n<li>Vegetarisch<\/li>\n<\/ul><\/div>\n<\/div>\n","protected":false},"excerpt":{"rendered":"<p>Der Himalaya Strawberry Shine Lip Balm (4.5g) pflegt und sch\u00fctzt die Lippen mit nat\u00fcrlichen \u00d6len wie Rizinus-, Aprikosenkern- und Erdbeersamen\u00f6l. Sch\u00fctzt vor Austrocknung und Rissen. Vegetarisch, mit angenehmem Erdbeeraroma.<\/p>\n","protected":false},"featured_media":1802,"comment_status":"closed","ping_status":"open","template":"","meta":[],"product_brand":[196],"product_cat":[48,25,134],"product_tag":[],"class_list":{"0":"post-1801","1":"product","2":"type-product","3":"status-publish","4":"has-post-thumbnail","6":"product_brand-himalaya","7":"product_cat-gesunde-ernaehrung","8":"product_cat-gesundheit-und-wohlbefinden","9":"product_cat-schoenheit","11":"first","12":"outofstock","13":"taxable","14":"shipping-taxable","15":"purchasable","16":"product-type-simple"},"yoast_head":"<!-- This site is optimized with the Yoast SEO plugin v27.5 - https:\/\/yoast.com\/product\/yoast-seo-wordpress\/ -->\n<title>Strawberry Shine Lip Balm 4.5g \u2013 Himalaya | ecosupplements.ch<\/title>\n<meta name=\"description\" content=\"Himalaya Strawberry Shine Lip Balm (4.5g) mit nat\u00fcrlichen \u00d6len und Kakaobutter pflegt und sch\u00fctzt die Lippen vor Austrocknung. Jetzt bestellen.\" \/>\n<meta name=\"robots\" content=\"index, follow, max-snippet:-1, max-image-preview:large, max-video-preview:-1\" \/>\n<link rel=\"canonical\" href=\"https:\/\/ecosupplements.ch\/?product=strawberry-shine-lip-balm-4-5g\" \/>\n<meta property=\"og:locale\" content=\"de_DE\" \/>\n<meta property=\"og:type\" content=\"article\" \/>\n<meta property=\"og:title\" content=\"Strawberry Shine Lip Balm 4.5g \u2013 Himalaya | ecosupplements.ch\" \/>\n<meta property=\"og:description\" content=\"Himalaya Strawberry Shine Lip Balm (4.5g) mit nat\u00fcrlichen \u00d6len und Kakaobutter pflegt und sch\u00fctzt die Lippen vor Austrocknung. Jetzt bestellen.\" \/>\n<meta property=\"og:url\" content=\"https:\/\/ecosupplements.ch\/?product=strawberry-shine-lip-balm-4-5g\" \/>\n<meta property=\"og:site_name\" content=\"Eco Supplements\" \/>\n<meta property=\"article:modified_time\" content=\"2026-05-13T07:24:42+00:00\" \/>\n<meta property=\"og:image\" content=\"https:\/\/ecosupplements.ch\/wp-content\/uploads\/2026\/05\/Strawberry-Shine-Lip-Balm-4.5g.jpg\" \/>\n\t<meta property=\"og:image:width\" content=\"1080\" \/>\n\t<meta property=\"og:image:height\" content=\"1080\" \/>\n\t<meta property=\"og:image:type\" content=\"image\/jpeg\" \/>\n<meta name=\"twitter:card\" content=\"summary_large_image\" \/>\n<meta name=\"twitter:label1\" content=\"Price\" \/>\n\t<meta name=\"twitter:data1\" content=\"&#067;&#072;&#070;&nbsp;3.41\" \/>\n\t<meta name=\"twitter:label2\" content=\"Availability\" \/>\n\t<meta name=\"twitter:data2\" content=\"Out of stock\" \/>\n<script type=\"application\/ld+json\" class=\"yoast-schema-graph\">{\"@context\":\"https:\\\/\\\/schema.org\",\"@graph\":[{\"@type\":\"WebPage\",\"@id\":\"https:\\\/\\\/ecosupplements.ch\\\/?product=strawberry-shine-lip-balm-4-5g\",\"url\":\"https:\\\/\\\/ecosupplements.ch\\\/?product=strawberry-shine-lip-balm-4-5g\",\"name\":\"Strawberry Shine Lip Balm 4.5g \u2013 Himalaya | ecosupplements.ch\",\"isPartOf\":{\"@id\":\"https:\\\/\\\/ecosupplements.ch\\\/#website\"},\"primaryImageOfPage\":{\"@id\":\"https:\\\/\\\/ecosupplements.ch\\\/?product=strawberry-shine-lip-balm-4-5g#primaryimage\"},\"image\":{\"@id\":\"https:\\\/\\\/ecosupplements.ch\\\/?product=strawberry-shine-lip-balm-4-5g#primaryimage\"},\"thumbnailUrl\":\"https:\\\/\\\/ecosupplements.ch\\\/wp-content\\\/uploads\\\/2026\\\/05\\\/Strawberry-Shine-Lip-Balm-4.5g.jpg\",\"datePublished\":\"2026-05-11T14:32:00+00:00\",\"dateModified\":\"2026-05-13T07:24:42+00:00\",\"description\":\"Himalaya Strawberry Shine Lip Balm (4.5g) mit nat\u00fcrlichen \u00d6len und Kakaobutter pflegt und sch\u00fctzt die Lippen vor Austrocknung. Jetzt bestellen.\",\"breadcrumb\":{\"@id\":\"https:\\\/\\\/ecosupplements.ch\\\/?product=strawberry-shine-lip-balm-4-5g#breadcrumb\"},\"inLanguage\":\"de-CH\",\"potentialAction\":[{\"@type\":\"ReadAction\",\"target\":[\"https:\\\/\\\/ecosupplements.ch\\\/?product=strawberry-shine-lip-balm-4-5g\"]}]},{\"@type\":\"ImageObject\",\"inLanguage\":\"de-CH\",\"@id\":\"https:\\\/\\\/ecosupplements.ch\\\/?product=strawberry-shine-lip-balm-4-5g#primaryimage\",\"url\":\"https:\\\/\\\/ecosupplements.ch\\\/wp-content\\\/uploads\\\/2026\\\/05\\\/Strawberry-Shine-Lip-Balm-4.5g.jpg\",\"contentUrl\":\"https:\\\/\\\/ecosupplements.ch\\\/wp-content\\\/uploads\\\/2026\\\/05\\\/Strawberry-Shine-Lip-Balm-4.5g.jpg\",\"width\":1080,\"height\":1080,\"caption\":\"Strawberry Shine Lip Balm - 4.5g\"},{\"@type\":\"BreadcrumbList\",\"@id\":\"https:\\\/\\\/ecosupplements.ch\\\/?product=strawberry-shine-lip-balm-4-5g#breadcrumb\",\"itemListElement\":[{\"@type\":\"ListItem\",\"position\":1,\"name\":\"Home\",\"item\":\"https:\\\/\\\/ecosupplements.ch\\\/\"},{\"@type\":\"ListItem\",\"position\":2,\"name\":\"Shop\",\"item\":\"https:\\\/\\\/ecosupplements.ch\\\/?page_id=14\"},{\"@type\":\"ListItem\",\"position\":3,\"name\":\"Strawberry Shine Lip Balm &#8211; 4.5g\"}]},{\"@type\":\"WebSite\",\"@id\":\"https:\\\/\\\/ecosupplements.ch\\\/#website\",\"url\":\"https:\\\/\\\/ecosupplements.ch\\\/\",\"name\":\"Eco Supplements\",\"description\":\"\",\"potentialAction\":[{\"@type\":\"SearchAction\",\"target\":{\"@type\":\"EntryPoint\",\"urlTemplate\":\"https:\\\/\\\/ecosupplements.ch\\\/?s={search_term_string}\"},\"query-input\":{\"@type\":\"PropertyValueSpecification\",\"valueRequired\":true,\"valueName\":\"search_term_string\"}}],\"inLanguage\":\"de-CH\"}]}<\/script>\n<meta property=\"product:price:amount\" content=\"3.41\" \/>\n<meta property=\"product:price:currency\" content=\"CHF\" \/>\n<meta property=\"og:availability\" content=\"out of stock\" \/>\n<meta property=\"product:availability\" content=\"out of stock\" \/>\n<meta property=\"product:retailer_item_id\" content=\"8901138827557\" \/>\n<meta property=\"product:condition\" content=\"new\" \/>\n<!-- \/ Yoast SEO plugin. -->","yoast_head_json":{"title":"Strawberry Shine Lip Balm 4.5g \u2013 Himalaya | ecosupplements.ch","description":"Himalaya Strawberry Shine Lip Balm (4.5g) mit nat\u00fcrlichen \u00d6len und Kakaobutter pflegt und sch\u00fctzt die Lippen vor Austrocknung. Jetzt bestellen.","robots":{"index":"index","follow":"follow","max-snippet":"max-snippet:-1","max-image-preview":"max-image-preview:large","max-video-preview":"max-video-preview:-1"},"canonical":"https:\/\/ecosupplements.ch\/?product=strawberry-shine-lip-balm-4-5g","og_locale":"de_DE","og_type":"article","og_title":"Strawberry Shine Lip Balm 4.5g \u2013 Himalaya | ecosupplements.ch","og_description":"Himalaya Strawberry Shine Lip Balm (4.5g) mit nat\u00fcrlichen \u00d6len und Kakaobutter pflegt und sch\u00fctzt die Lippen vor Austrocknung. Jetzt bestellen.","og_url":"https:\/\/ecosupplements.ch\/?product=strawberry-shine-lip-balm-4-5g","og_site_name":"Eco Supplements","article_modified_time":"2026-05-13T07:24:42+00:00","og_image":[{"width":1080,"height":1080,"url":"https:\/\/ecosupplements.ch\/wp-content\/uploads\/2026\/05\/Strawberry-Shine-Lip-Balm-4.5g.jpg","type":"image\/jpeg"}],"twitter_card":"summary_large_image","twitter_misc":{"Price":"&#67;&#72;&#70;&nbsp;3.41","Availability":"Out of stock"},"schema":{"@context":"https:\/\/schema.org","@graph":[{"@type":"WebPage","@id":"https:\/\/ecosupplements.ch\/?product=strawberry-shine-lip-balm-4-5g","url":"https:\/\/ecosupplements.ch\/?product=strawberry-shine-lip-balm-4-5g","name":"Strawberry Shine Lip Balm 4.5g \u2013 Himalaya | ecosupplements.ch","isPartOf":{"@id":"https:\/\/ecosupplements.ch\/#website"},"primaryImageOfPage":{"@id":"https:\/\/ecosupplements.ch\/?product=strawberry-shine-lip-balm-4-5g#primaryimage"},"image":{"@id":"https:\/\/ecosupplements.ch\/?product=strawberry-shine-lip-balm-4-5g#primaryimage"},"thumbnailUrl":"https:\/\/ecosupplements.ch\/wp-content\/uploads\/2026\/05\/Strawberry-Shine-Lip-Balm-4.5g.jpg","datePublished":"2026-05-11T14:32:00+00:00","dateModified":"2026-05-13T07:24:42+00:00","description":"Himalaya Strawberry Shine Lip Balm (4.5g) mit nat\u00fcrlichen \u00d6len und Kakaobutter pflegt und sch\u00fctzt die Lippen vor Austrocknung. Jetzt bestellen.","breadcrumb":{"@id":"https:\/\/ecosupplements.ch\/?product=strawberry-shine-lip-balm-4-5g#breadcrumb"},"inLanguage":"de-CH","potentialAction":[{"@type":"ReadAction","target":["https:\/\/ecosupplements.ch\/?product=strawberry-shine-lip-balm-4-5g"]}]},{"@type":"ImageObject","inLanguage":"de-CH","@id":"https:\/\/ecosupplements.ch\/?product=strawberry-shine-lip-balm-4-5g#primaryimage","url":"https:\/\/ecosupplements.ch\/wp-content\/uploads\/2026\/05\/Strawberry-Shine-Lip-Balm-4.5g.jpg","contentUrl":"https:\/\/ecosupplements.ch\/wp-content\/uploads\/2026\/05\/Strawberry-Shine-Lip-Balm-4.5g.jpg","width":1080,"height":1080,"caption":"Strawberry Shine Lip Balm - 4.5g"},{"@type":"BreadcrumbList","@id":"https:\/\/ecosupplements.ch\/?product=strawberry-shine-lip-balm-4-5g#breadcrumb","itemListElement":[{"@type":"ListItem","position":1,"name":"Home","item":"https:\/\/ecosupplements.ch\/"},{"@type":"ListItem","position":2,"name":"Shop","item":"https:\/\/ecosupplements.ch\/?page_id=14"},{"@type":"ListItem","position":3,"name":"Strawberry Shine Lip Balm &#8211; 4.5g"}]},{"@type":"WebSite","@id":"https:\/\/ecosupplements.ch\/#website","url":"https:\/\/ecosupplements.ch\/","name":"Eco Supplements","description":"","potentialAction":[{"@type":"SearchAction","target":{"@type":"EntryPoint","urlTemplate":"https:\/\/ecosupplements.ch\/?s={search_term_string}"},"query-input":{"@type":"PropertyValueSpecification","valueRequired":true,"valueName":"search_term_string"}}],"inLanguage":"de-CH"}]},"product_price_amount":"3.41","product_price_currency":"CHF","og_availability":"out of stock","product_availability":"out of stock","product_retailer_item_id":"8901138827557","product_condition":"new"},"_links":{"self":[{"href":"https:\/\/ecosupplements.ch\/index.php?rest_route=\/wp\/v2\/product\/1801","targetHints":{"allow":["GET"]}}],"collection":[{"href":"https:\/\/ecosupplements.ch\/index.php?rest_route=\/wp\/v2\/product"}],"about":[{"href":"https:\/\/ecosupplements.ch\/index.php?rest_route=\/wp\/v2\/types\/product"}],"replies":[{"embeddable":true,"href":"https:\/\/ecosupplements.ch\/index.php?rest_route=%2Fwp%2Fv2%2Fcomments&post=1801"}],"wp:featuredmedia":[{"embeddable":true,"href":"https:\/\/ecosupplements.ch\/index.php?rest_route=\/wp\/v2\/media\/1802"}],"wp:attachment":[{"href":"https:\/\/ecosupplements.ch\/index.php?rest_route=%2Fwp%2Fv2%2Fmedia&parent=1801"}],"wp:term":[{"taxonomy":"product_brand","embeddable":true,"href":"https:\/\/ecosupplements.ch\/index.php?rest_route=%2Fwp%2Fv2%2Fproduct_brand&post=1801"},{"taxonomy":"product_cat","embeddable":true,"href":"https:\/\/ecosupplements.ch\/index.php?rest_route=%2Fwp%2Fv2%2Fproduct_cat&post=1801"},{"taxonomy":"product_tag","embeddable":true,"href":"https:\/\/ecosupplements.ch\/index.php?rest_route=%2Fwp%2Fv2%2Fproduct_tag&post=1801"}],"curies":[{"name":"wp","href":"https:\/\/api.w.org\/{rel}","templated":true}]}}