{"id":1803,"date":"2026-05-11T14:32:01","date_gmt":"2026-05-11T14:32:01","guid":{"rendered":"https:\/\/ecosupplements.ch\/?product=ultra-whitening-herbal-toothpaste-75-ml"},"modified":"2026-05-13T07:25:16","modified_gmt":"2026-05-13T07:25:16","slug":"ultra-whitening-herbal-toothpaste-75-ml","status":"publish","type":"product","link":"https:\/\/ecosupplements.ch\/?product=ultra-whitening-herbal-toothpaste-75-ml","title":{"rendered":"Ultra Whitening Herbal Toothpaste &#8211; 75 ml."},"content":{"rendered":"<div class=\"chcg-product-description\">\n<h2 class=\"chcg-heading\">\u00dcber Himalaya \u2013 Ultra Whitening Herbal Toothpaste \u2013 75 ml<\/h2>\n<div class=\"chcg-intro\">\n<p>Die Himalaya Ultra Whitening Herbal Toothpaste vereint bew\u00e4hrte pflanzliche Inhaltsstoffe mit moderner Zahnpflegeformel. Salvadora Persica Stammextrakt \u2013 bekannt aus der traditionellen Zahnpflege \u2013 wird erg\u00e4nzt durch Bromelain und Papain, zwei nat\u00fcrliche Enzyme, die sanft auf die Zahnoberfl\u00e4che einwirken. Aktivkohle (Charcoal Powder) unterst\u00fctzt die Reinigungswirkung und verleiht der Formel ihre charakteristische Textur.<\/p>\n<p>Die Zahnpasta enth\u00e4lt zudem Nigella Sativa Samen\u00f6l sowie Prunus Amygdalus Dulcis (S\u00fcsse Mandel) Schalenextrakt f\u00fcr eine sorgf\u00e4ltig abgestimmte Pflege. Menthol und Thymol sorgen f\u00fcr ein frisches, angenehmes Mundgef\u00fchl nach jeder Anwendung.<\/p>\n<p>Die Formel ist vegan und vegetarisch geeignet und in der praktischen 75-ml-Tube erh\u00e4ltlich \u2013 ideal f\u00fcr den t\u00e4glichen Einsatz zuhause oder unterwegs.<\/p>\n<\/p><\/div>\n<div class=\"chcg-ingredients\">\n<h3>Zutaten<\/h3>\n<p>Aqua, Hydrated Silica, Sorbitol, Glycerin, Salvadora Persica Stem Extract, Bromelain, Aroma, Xanthan Gum, Cocamidopropyl Betaine, Sodium Lauroyl Sarcosinate, Tetrasodium Pyrophosphate, Charcoal Powder, Sodium Saccharin, Phenoxyethanol, Menthol, Hydrated Silica &amp; CI 77266 &amp; Carbon, Papain, Citric Acid, Sodium Citrate, Thymol, Nigella Sativa Seed Oil, Prunus Amygdalus Dulcis (Sweet Almond) Shell Extract, Limonene.<\/p>\n<\/p><\/div>\n<div class=\"chcg-dosage\">\n<h3>Anwendungsempfehlung<\/h3>\n<p>Z\u00e4hne gr\u00fcndlich putzen, mindestens zweimal t\u00e4glich, oder gem\u00e4ss Anweisung des Zahnarztes oder Arztes.<\/p>\n<\/p><\/div>\n<div class=\"chcg-warnings\">\n<h3>Warnhinweise<\/h3>\n<p>Geeignet f\u00fcr Erwachsene und Kinder ab 7 Jahren. F\u00fcr Kinder unter 2 Jahren ist vor der Anwendung ein Zahnarzt zu konsultieren. Kinder unter 6 Jahren sollten nur eine erbsengrosse Menge unter Aufsicht von Erwachsenen verwenden.<\/p>\n<\/p><\/div>\n<div class=\"chcg-allergens\">\n<h3>Allergeninformationen<\/h3>\n<p>Enth\u00e4lt Prunus Amygdalus Dulcis (S\u00fcsse Mandel) Schalenextrakt. Es sind keine weiteren Allergene auf der Verpackung deklariert.<\/p>\n<\/p><\/div>\n<div class=\"chcg-storage\">\n<h3>Lagerung<\/h3>\n<p>An einem k\u00fchlen und trockenen Ort aufbewahren.<\/p>\n<\/p><\/div>\n<div class=\"chcg-dietary\">\n<h3>Ern\u00e4hrungshinweise<\/h3>\n<ul>\n<li>Vegan<\/li>\n<li>Vegetarisch<\/li>\n<\/ul><\/div>\n<\/div>\n","protected":false},"excerpt":{"rendered":"<p>Himalaya Ultra Whitening Herbal Toothpaste (75 ml) pflegt die Z\u00e4hne mit pflanzlichen Inhaltsstoffen wie Salvadora Persica, Bromelain und Aktivkohle. Vegan und vegetarisch geeignet. F\u00fcr Erwachsene und Kinder ab 7 Jahren.<\/p>\n","protected":false},"featured_media":1804,"comment_status":"closed","ping_status":"open","template":"","meta":[],"product_brand":[196],"product_cat":[48,25,22,97],"product_tag":[],"class_list":{"0":"post-1803","1":"product","2":"type-product","3":"status-publish","4":"has-post-thumbnail","6":"product_brand-himalaya","7":"product_cat-gesunde-ernaehrung","8":"product_cat-gesundheit-und-wohlbefinden","9":"product_cat-vegane-produkte","10":"product_cat-tandpasta","12":"first","13":"outofstock","14":"taxable","15":"shipping-taxable","16":"purchasable","17":"product-type-simple"},"yoast_head":"<!-- This site is optimized with the Yoast SEO plugin v27.5 - https:\/\/yoast.com\/product\/yoast-seo-wordpress\/ -->\n<title>Ultra Whitening Herbal Toothpaste \u2013 Himalaya | ecosupplements.ch<\/title>\n<meta name=\"description\" content=\"Himalaya Ultra Whitening Herbal Toothpaste mit Aktivkohle, Bromelain &amp; Salvadora Persica \u2013 75 ml, vegan. Jetzt bestellen.\" \/>\n<meta name=\"robots\" content=\"index, follow, max-snippet:-1, max-image-preview:large, max-video-preview:-1\" \/>\n<link rel=\"canonical\" href=\"https:\/\/ecosupplements.ch\/?product=ultra-whitening-herbal-toothpaste-75-ml\" \/>\n<meta property=\"og:locale\" content=\"de_DE\" \/>\n<meta property=\"og:type\" content=\"article\" \/>\n<meta property=\"og:title\" content=\"Ultra Whitening Herbal Toothpaste \u2013 Himalaya | ecosupplements.ch\" \/>\n<meta property=\"og:description\" content=\"Himalaya Ultra Whitening Herbal Toothpaste mit Aktivkohle, Bromelain &amp; Salvadora Persica \u2013 75 ml, vegan. Jetzt bestellen.\" \/>\n<meta property=\"og:url\" content=\"https:\/\/ecosupplements.ch\/?product=ultra-whitening-herbal-toothpaste-75-ml\" \/>\n<meta property=\"og:site_name\" content=\"Eco Supplements\" \/>\n<meta property=\"article:modified_time\" content=\"2026-05-13T07:25:16+00:00\" \/>\n<meta property=\"og:image\" content=\"https:\/\/ecosupplements.ch\/wp-content\/uploads\/2026\/05\/Ultra-Whitening-Herbal-Toothpaste-75-ml.webp\" \/>\n\t<meta property=\"og:image:width\" content=\"1000\" \/>\n\t<meta property=\"og:image:height\" content=\"1000\" \/>\n\t<meta property=\"og:image:type\" content=\"image\/jpeg\" \/>\n<meta name=\"twitter:card\" content=\"summary_large_image\" \/>\n<meta name=\"twitter:label1\" content=\"Price\" \/>\n\t<meta name=\"twitter:data1\" content=\"&#067;&#072;&#070;&nbsp;3.49\" \/>\n\t<meta name=\"twitter:label2\" content=\"Availability\" \/>\n\t<meta name=\"twitter:data2\" content=\"Out of stock\" \/>\n<script type=\"application\/ld+json\" class=\"yoast-schema-graph\">{\"@context\":\"https:\\\/\\\/schema.org\",\"@graph\":[{\"@type\":\"WebPage\",\"@id\":\"https:\\\/\\\/ecosupplements.ch\\\/?product=ultra-whitening-herbal-toothpaste-75-ml\",\"url\":\"https:\\\/\\\/ecosupplements.ch\\\/?product=ultra-whitening-herbal-toothpaste-75-ml\",\"name\":\"Ultra Whitening Herbal Toothpaste \u2013 Himalaya | ecosupplements.ch\",\"isPartOf\":{\"@id\":\"https:\\\/\\\/ecosupplements.ch\\\/#website\"},\"primaryImageOfPage\":{\"@id\":\"https:\\\/\\\/ecosupplements.ch\\\/?product=ultra-whitening-herbal-toothpaste-75-ml#primaryimage\"},\"image\":{\"@id\":\"https:\\\/\\\/ecosupplements.ch\\\/?product=ultra-whitening-herbal-toothpaste-75-ml#primaryimage\"},\"thumbnailUrl\":\"https:\\\/\\\/ecosupplements.ch\\\/wp-content\\\/uploads\\\/2026\\\/05\\\/Ultra-Whitening-Herbal-Toothpaste-75-ml.webp\",\"datePublished\":\"2026-05-11T14:32:01+00:00\",\"dateModified\":\"2026-05-13T07:25:16+00:00\",\"description\":\"Himalaya Ultra Whitening Herbal Toothpaste mit Aktivkohle, Bromelain & Salvadora Persica \u2013 75 ml, vegan. Jetzt bestellen.\",\"breadcrumb\":{\"@id\":\"https:\\\/\\\/ecosupplements.ch\\\/?product=ultra-whitening-herbal-toothpaste-75-ml#breadcrumb\"},\"inLanguage\":\"de-CH\",\"potentialAction\":[{\"@type\":\"ReadAction\",\"target\":[\"https:\\\/\\\/ecosupplements.ch\\\/?product=ultra-whitening-herbal-toothpaste-75-ml\"]}]},{\"@type\":\"ImageObject\",\"inLanguage\":\"de-CH\",\"@id\":\"https:\\\/\\\/ecosupplements.ch\\\/?product=ultra-whitening-herbal-toothpaste-75-ml#primaryimage\",\"url\":\"https:\\\/\\\/ecosupplements.ch\\\/wp-content\\\/uploads\\\/2026\\\/05\\\/Ultra-Whitening-Herbal-Toothpaste-75-ml.webp\",\"contentUrl\":\"https:\\\/\\\/ecosupplements.ch\\\/wp-content\\\/uploads\\\/2026\\\/05\\\/Ultra-Whitening-Herbal-Toothpaste-75-ml.webp\",\"width\":1000,\"height\":1000,\"caption\":\"Ultra Whitening Herbal Toothpaste - 75 ml.\"},{\"@type\":\"BreadcrumbList\",\"@id\":\"https:\\\/\\\/ecosupplements.ch\\\/?product=ultra-whitening-herbal-toothpaste-75-ml#breadcrumb\",\"itemListElement\":[{\"@type\":\"ListItem\",\"position\":1,\"name\":\"Home\",\"item\":\"https:\\\/\\\/ecosupplements.ch\\\/\"},{\"@type\":\"ListItem\",\"position\":2,\"name\":\"Shop\",\"item\":\"https:\\\/\\\/ecosupplements.ch\\\/?page_id=14\"},{\"@type\":\"ListItem\",\"position\":3,\"name\":\"Ultra Whitening Herbal Toothpaste &#8211; 75 ml.\"}]},{\"@type\":\"WebSite\",\"@id\":\"https:\\\/\\\/ecosupplements.ch\\\/#website\",\"url\":\"https:\\\/\\\/ecosupplements.ch\\\/\",\"name\":\"Eco Supplements\",\"description\":\"\",\"potentialAction\":[{\"@type\":\"SearchAction\",\"target\":{\"@type\":\"EntryPoint\",\"urlTemplate\":\"https:\\\/\\\/ecosupplements.ch\\\/?s={search_term_string}\"},\"query-input\":{\"@type\":\"PropertyValueSpecification\",\"valueRequired\":true,\"valueName\":\"search_term_string\"}}],\"inLanguage\":\"de-CH\"}]}<\/script>\n<meta property=\"product:price:amount\" content=\"3.49\" \/>\n<meta property=\"product:price:currency\" content=\"CHF\" \/>\n<meta property=\"og:availability\" content=\"out of stock\" \/>\n<meta property=\"product:availability\" content=\"out of stock\" \/>\n<meta property=\"product:retailer_item_id\" content=\"6291107225104\" \/>\n<meta property=\"product:condition\" content=\"new\" \/>\n<!-- \/ Yoast SEO plugin. -->","yoast_head_json":{"title":"Ultra Whitening Herbal Toothpaste \u2013 Himalaya | ecosupplements.ch","description":"Himalaya Ultra Whitening Herbal Toothpaste mit Aktivkohle, Bromelain & Salvadora Persica \u2013 75 ml, vegan. Jetzt bestellen.","robots":{"index":"index","follow":"follow","max-snippet":"max-snippet:-1","max-image-preview":"max-image-preview:large","max-video-preview":"max-video-preview:-1"},"canonical":"https:\/\/ecosupplements.ch\/?product=ultra-whitening-herbal-toothpaste-75-ml","og_locale":"de_DE","og_type":"article","og_title":"Ultra Whitening Herbal Toothpaste \u2013 Himalaya | ecosupplements.ch","og_description":"Himalaya Ultra Whitening Herbal Toothpaste mit Aktivkohle, Bromelain & Salvadora Persica \u2013 75 ml, vegan. Jetzt bestellen.","og_url":"https:\/\/ecosupplements.ch\/?product=ultra-whitening-herbal-toothpaste-75-ml","og_site_name":"Eco Supplements","article_modified_time":"2026-05-13T07:25:16+00:00","og_image":[{"width":1000,"height":1000,"url":"https:\/\/ecosupplements.ch\/wp-content\/uploads\/2026\/05\/Ultra-Whitening-Herbal-Toothpaste-75-ml.webp","type":"image\/jpeg"}],"twitter_card":"summary_large_image","twitter_misc":{"Price":"&#67;&#72;&#70;&nbsp;3.49","Availability":"Out of stock"},"schema":{"@context":"https:\/\/schema.org","@graph":[{"@type":"WebPage","@id":"https:\/\/ecosupplements.ch\/?product=ultra-whitening-herbal-toothpaste-75-ml","url":"https:\/\/ecosupplements.ch\/?product=ultra-whitening-herbal-toothpaste-75-ml","name":"Ultra Whitening Herbal Toothpaste \u2013 Himalaya | ecosupplements.ch","isPartOf":{"@id":"https:\/\/ecosupplements.ch\/#website"},"primaryImageOfPage":{"@id":"https:\/\/ecosupplements.ch\/?product=ultra-whitening-herbal-toothpaste-75-ml#primaryimage"},"image":{"@id":"https:\/\/ecosupplements.ch\/?product=ultra-whitening-herbal-toothpaste-75-ml#primaryimage"},"thumbnailUrl":"https:\/\/ecosupplements.ch\/wp-content\/uploads\/2026\/05\/Ultra-Whitening-Herbal-Toothpaste-75-ml.webp","datePublished":"2026-05-11T14:32:01+00:00","dateModified":"2026-05-13T07:25:16+00:00","description":"Himalaya Ultra Whitening Herbal Toothpaste mit Aktivkohle, Bromelain & Salvadora Persica \u2013 75 ml, vegan. Jetzt bestellen.","breadcrumb":{"@id":"https:\/\/ecosupplements.ch\/?product=ultra-whitening-herbal-toothpaste-75-ml#breadcrumb"},"inLanguage":"de-CH","potentialAction":[{"@type":"ReadAction","target":["https:\/\/ecosupplements.ch\/?product=ultra-whitening-herbal-toothpaste-75-ml"]}]},{"@type":"ImageObject","inLanguage":"de-CH","@id":"https:\/\/ecosupplements.ch\/?product=ultra-whitening-herbal-toothpaste-75-ml#primaryimage","url":"https:\/\/ecosupplements.ch\/wp-content\/uploads\/2026\/05\/Ultra-Whitening-Herbal-Toothpaste-75-ml.webp","contentUrl":"https:\/\/ecosupplements.ch\/wp-content\/uploads\/2026\/05\/Ultra-Whitening-Herbal-Toothpaste-75-ml.webp","width":1000,"height":1000,"caption":"Ultra Whitening Herbal Toothpaste - 75 ml."},{"@type":"BreadcrumbList","@id":"https:\/\/ecosupplements.ch\/?product=ultra-whitening-herbal-toothpaste-75-ml#breadcrumb","itemListElement":[{"@type":"ListItem","position":1,"name":"Home","item":"https:\/\/ecosupplements.ch\/"},{"@type":"ListItem","position":2,"name":"Shop","item":"https:\/\/ecosupplements.ch\/?page_id=14"},{"@type":"ListItem","position":3,"name":"Ultra Whitening Herbal Toothpaste &#8211; 75 ml."}]},{"@type":"WebSite","@id":"https:\/\/ecosupplements.ch\/#website","url":"https:\/\/ecosupplements.ch\/","name":"Eco Supplements","description":"","potentialAction":[{"@type":"SearchAction","target":{"@type":"EntryPoint","urlTemplate":"https:\/\/ecosupplements.ch\/?s={search_term_string}"},"query-input":{"@type":"PropertyValueSpecification","valueRequired":true,"valueName":"search_term_string"}}],"inLanguage":"de-CH"}]},"product_price_amount":"3.49","product_price_currency":"CHF","og_availability":"out of stock","product_availability":"out of stock","product_retailer_item_id":"6291107225104","product_condition":"new"},"_links":{"self":[{"href":"https:\/\/ecosupplements.ch\/index.php?rest_route=\/wp\/v2\/product\/1803","targetHints":{"allow":["GET"]}}],"collection":[{"href":"https:\/\/ecosupplements.ch\/index.php?rest_route=\/wp\/v2\/product"}],"about":[{"href":"https:\/\/ecosupplements.ch\/index.php?rest_route=\/wp\/v2\/types\/product"}],"replies":[{"embeddable":true,"href":"https:\/\/ecosupplements.ch\/index.php?rest_route=%2Fwp%2Fv2%2Fcomments&post=1803"}],"wp:featuredmedia":[{"embeddable":true,"href":"https:\/\/ecosupplements.ch\/index.php?rest_route=\/wp\/v2\/media\/1804"}],"wp:attachment":[{"href":"https:\/\/ecosupplements.ch\/index.php?rest_route=%2Fwp%2Fv2%2Fmedia&parent=1803"}],"wp:term":[{"taxonomy":"product_brand","embeddable":true,"href":"https:\/\/ecosupplements.ch\/index.php?rest_route=%2Fwp%2Fv2%2Fproduct_brand&post=1803"},{"taxonomy":"product_cat","embeddable":true,"href":"https:\/\/ecosupplements.ch\/index.php?rest_route=%2Fwp%2Fv2%2Fproduct_cat&post=1803"},{"taxonomy":"product_tag","embeddable":true,"href":"https:\/\/ecosupplements.ch\/index.php?rest_route=%2Fwp%2Fv2%2Fproduct_tag&post=1803"}],"curies":[{"name":"wp","href":"https:\/\/api.w.org\/{rel}","templated":true}]}}