{"id":1811,"date":"2026-05-11T14:32:05","date_gmt":"2026-05-11T14:32:05","guid":{"rendered":"https:\/\/ecosupplements.ch\/?product=apple-cider-vinegar-300mg-400-tabs"},"modified":"2026-05-13T07:25:16","modified_gmt":"2026-05-13T07:25:16","slug":"apple-cider-vinegar-300mg-400-tabs","status":"publish","type":"product","link":"https:\/\/ecosupplements.ch\/?product=apple-cider-vinegar-300mg-400-tabs","title":{"rendered":"Apple Cider Vinegar, 300mg &#8211; 400 tabs"},"content":{"rendered":"<div class=\"chcg-product-description\">\n<h2 class=\"chcg-heading\">\u00dcber Holland &amp; Barrett \u2013 Apple Cider Vinegar, 300mg \u2013 400 Tabletten<\/h2>\n<div class=\"chcg-intro\">\n<p>Apple Cider Vinegar (Apfelessig) ist ein seit Jahrhunderten bekanntes Naturprodukt, das aus fermentierten \u00c4pfeln gewonnen wird. Holland &amp; Barrett bietet diesen klassischen Wirkstoff in praktischer Tablettenform an \u2013 ideal f\u00fcr alle, die die Vorteile von Apfelessig bequem in ihren Alltag integrieren m\u00f6chten, ohne den charakteristischen Geschmack des fl\u00fcssigen Essigs in Kauf nehmen zu m\u00fcssen.<\/p>\n<p>Jede Tablette enth\u00e4lt 300 mg Apfelessig-Extrakt. Mit bis zu sechs Tabletten t\u00e4glich l\u00e4sst sich die Einnahme flexibel an die individuellen Bed\u00fcrfnisse anpassen. Die grosse Packungsgr\u00f6sse mit 400 Tabletten bietet einen besonders langen Vorrat und stellt ein hervorragendes Preis-Leistungs-Verh\u00e4ltnis sicher.<\/p>\n<p>Das Produkt ist vegan, vegetarisch, glutenfrei und laktosefrei \u2013 und damit f\u00fcr eine Vielzahl von Ern\u00e4hrungsweisen geeignet. Die sorgf\u00e4ltig ausgew\u00e4hlten Zutaten enthalten keine k\u00fcnstlichen Farb-, Aroma- oder S\u00fcssungsmittel sowie keine Konservierungsstoffe.<\/p>\n<\/p><\/div>\n<div class=\"chcg-nutrition\">\n<h3>N\u00e4hrwertangaben<\/h3>\n<table class=\"chcg-nutrition-table\">\n<thead>\n<tr>\n<th>N\u00e4hrstoff<\/th>\n<th>Pro Portion (1 Tablette)<\/th>\n<\/tr>\n<\/thead>\n<tbody>\n<tr>\n<td>Apfelessig (Cider Vinegar)<\/td>\n<td>300 mg<\/td>\n<\/tr>\n<\/tbody>\n<\/table>\n<p class=\"chcg-footnote\">* Kein festgelegter Tagesreferenzwert vorhanden.<\/p>\n<\/p><\/div>\n<div class=\"chcg-ingredients\">\n<h3>Zutaten<\/h3>\n<p>Apfelessig (Cider Vinegar), F\u00fcllstoffe (Dicalciumphosphat, mikrokristalline Cellulose), Apfelessig (Apple Cider Vinegar), Trennmittel (Stearins\u00e4ure, Siliciumdioxid, Magnesiumstearat), Maltodextrin.<\/p>\n<\/p><\/div>\n<div class=\"chcg-dosage\">\n<h3>Verzehrempfehlung<\/h3>\n<p>T\u00e4glich zwei bis sechs Tabletten einnehmen, vorzugsweise zu den Mahlzeiten. Die empfohlene Tagesdosis nicht \u00fcberschreiten.<\/p>\n<\/p><\/div>\n<div class=\"chcg-warnings\">\n<h3>Warnhinweise<\/h3>\n<p>Nahrungserg\u00e4nzungsmittel d\u00fcrfen nicht als Ersatz f\u00fcr eine abwechslungsreiche und ausgewogene Ern\u00e4hrung sowie eine gesunde Lebensweise verwendet werden. Wenn Sie schwanger sind, stillen, Medikamente einnehmen oder unter \u00e4rztlicher Aufsicht stehen, wenden Sie sich bitte vor der Einnahme an einen Arzt oder eine medizinische Fachkraft. Bei unerw\u00fcnschten Reaktionen die Einnahme abbrechen und einen Arzt aufsuchen. Ausserhalb der Reichweite von Kindern aufbewahren. Nicht f\u00fcr Personen unter 18 Jahren bestimmt.<\/p>\n<\/p><\/div>\n<div class=\"chcg-allergens\">\n<h3>Allergeninformationen<\/h3>\n<p>Keine k\u00fcnstlichen Farbstoffe, Aromen oder S\u00fcssungsmittel. Keine Konservierungsstoffe. Kein zugesetzter Zucker oder Salz. Ohne St\u00e4rke, Milch, Laktose, Soja, Gluten, Weizen, Fisch und Schweineerzeugnisse.<\/p>\n<\/p><\/div>\n<div class=\"chcg-storage\">\n<h3>Lagerung<\/h3>\n<p>An einem k\u00fchlen, trockenen Ort aufbewahren. Nicht verwenden, wenn die Schutzfolie unter dem Verschluss besch\u00e4digt oder nicht vorhanden ist.<\/p>\n<\/p><\/div>\n<div class=\"chcg-dietary\">\n<h3>Ern\u00e4hrungshinweise<\/h3>\n<ul>\n<li>Vegan<\/li>\n<li>Vegetarisch<\/li>\n<li>Glutenfrei<\/li>\n<li>Laktosefrei<\/li>\n<\/ul><\/div>\n<\/div>\n","protected":false},"excerpt":{"rendered":"<p>Apple Cider Vinegar von Holland &amp; Barrett liefert 300 mg Apfelessig pro Tablette \u2013 praktisch und ohne intensiven Geschmack. Grosse Packung mit 400 Tabletten, vegan und glutenfrei.<\/p>\n","protected":false},"featured_media":1812,"comment_status":"closed","ping_status":"open","template":"","meta":[],"product_brand":[197],"product_cat":[48,25,21],"product_tag":[],"class_list":{"0":"post-1811","1":"product","2":"type-product","3":"status-publish","4":"has-post-thumbnail","6":"product_brand-holland-barrett","7":"product_cat-gesunde-ernaehrung","8":"product_cat-gesundheit-und-wohlbefinden","9":"product_cat-vitamine-und-mineralstoffe","11":"first","12":"outofstock","13":"taxable","14":"shipping-taxable","15":"purchasable","16":"product-type-simple"},"yoast_head":"<!-- This site is optimized with the Yoast SEO plugin v27.5 - https:\/\/yoast.com\/product\/yoast-seo-wordpress\/ -->\n<title>Apple Cider Vinegar 300mg, 400 Tabletten \u2013 Holland &amp; Barrett | ecosupplements.ch<\/title>\n<meta name=\"description\" content=\"300 mg Apfelessig pro Tablette \u2013 bequem &amp; geschmacksneutral. 400 Tabletten, vegan &amp; glutenfrei. Jetzt bestellen.\" \/>\n<meta name=\"robots\" content=\"index, follow, max-snippet:-1, max-image-preview:large, max-video-preview:-1\" \/>\n<link rel=\"canonical\" href=\"https:\/\/ecosupplements.ch\/?product=apple-cider-vinegar-300mg-400-tabs\" \/>\n<meta property=\"og:locale\" content=\"de_DE\" \/>\n<meta property=\"og:type\" content=\"article\" \/>\n<meta property=\"og:title\" content=\"Apple Cider Vinegar 300mg, 400 Tabletten \u2013 Holland &amp; Barrett | ecosupplements.ch\" \/>\n<meta property=\"og:description\" content=\"300 mg Apfelessig pro Tablette \u2013 bequem &amp; geschmacksneutral. 400 Tabletten, vegan &amp; glutenfrei. Jetzt bestellen.\" \/>\n<meta property=\"og:url\" content=\"https:\/\/ecosupplements.ch\/?product=apple-cider-vinegar-300mg-400-tabs\" \/>\n<meta property=\"og:site_name\" content=\"Eco Supplements\" \/>\n<meta property=\"article:modified_time\" content=\"2026-05-13T07:25:16+00:00\" \/>\n<meta property=\"og:image\" content=\"https:\/\/ecosupplements.ch\/wp-content\/uploads\/2026\/05\/Apple-Cider-Vinegar-300mg-400-tabs.jpg\" \/>\n\t<meta property=\"og:image:width\" content=\"328\" \/>\n\t<meta property=\"og:image:height\" content=\"598\" \/>\n\t<meta property=\"og:image:type\" content=\"image\/jpeg\" \/>\n<meta name=\"twitter:card\" content=\"summary_large_image\" \/>\n<meta name=\"twitter:label1\" content=\"Price\" \/>\n\t<meta name=\"twitter:data1\" content=\"&#067;&#072;&#070;&nbsp;12.53\" \/>\n\t<meta name=\"twitter:label2\" content=\"Availability\" \/>\n\t<meta name=\"twitter:data2\" content=\"Out of stock\" \/>\n<script type=\"application\/ld+json\" class=\"yoast-schema-graph\">{\"@context\":\"https:\\\/\\\/schema.org\",\"@graph\":[{\"@type\":\"WebPage\",\"@id\":\"https:\\\/\\\/ecosupplements.ch\\\/?product=apple-cider-vinegar-300mg-400-tabs\",\"url\":\"https:\\\/\\\/ecosupplements.ch\\\/?product=apple-cider-vinegar-300mg-400-tabs\",\"name\":\"Apple Cider Vinegar 300mg, 400 Tabletten \u2013 Holland & Barrett | ecosupplements.ch\",\"isPartOf\":{\"@id\":\"https:\\\/\\\/ecosupplements.ch\\\/#website\"},\"primaryImageOfPage\":{\"@id\":\"https:\\\/\\\/ecosupplements.ch\\\/?product=apple-cider-vinegar-300mg-400-tabs#primaryimage\"},\"image\":{\"@id\":\"https:\\\/\\\/ecosupplements.ch\\\/?product=apple-cider-vinegar-300mg-400-tabs#primaryimage\"},\"thumbnailUrl\":\"https:\\\/\\\/ecosupplements.ch\\\/wp-content\\\/uploads\\\/2026\\\/05\\\/Apple-Cider-Vinegar-300mg-400-tabs.jpg\",\"datePublished\":\"2026-05-11T14:32:05+00:00\",\"dateModified\":\"2026-05-13T07:25:16+00:00\",\"description\":\"300 mg Apfelessig pro Tablette \u2013 bequem & geschmacksneutral. 400 Tabletten, vegan & glutenfrei. Jetzt bestellen.\",\"breadcrumb\":{\"@id\":\"https:\\\/\\\/ecosupplements.ch\\\/?product=apple-cider-vinegar-300mg-400-tabs#breadcrumb\"},\"inLanguage\":\"de-CH\",\"potentialAction\":[{\"@type\":\"ReadAction\",\"target\":[\"https:\\\/\\\/ecosupplements.ch\\\/?product=apple-cider-vinegar-300mg-400-tabs\"]}]},{\"@type\":\"ImageObject\",\"inLanguage\":\"de-CH\",\"@id\":\"https:\\\/\\\/ecosupplements.ch\\\/?product=apple-cider-vinegar-300mg-400-tabs#primaryimage\",\"url\":\"https:\\\/\\\/ecosupplements.ch\\\/wp-content\\\/uploads\\\/2026\\\/05\\\/Apple-Cider-Vinegar-300mg-400-tabs.jpg\",\"contentUrl\":\"https:\\\/\\\/ecosupplements.ch\\\/wp-content\\\/uploads\\\/2026\\\/05\\\/Apple-Cider-Vinegar-300mg-400-tabs.jpg\",\"width\":328,\"height\":598,\"caption\":\"Apple Cider Vinegar\"},{\"@type\":\"BreadcrumbList\",\"@id\":\"https:\\\/\\\/ecosupplements.ch\\\/?product=apple-cider-vinegar-300mg-400-tabs#breadcrumb\",\"itemListElement\":[{\"@type\":\"ListItem\",\"position\":1,\"name\":\"Home\",\"item\":\"https:\\\/\\\/ecosupplements.ch\\\/\"},{\"@type\":\"ListItem\",\"position\":2,\"name\":\"Shop\",\"item\":\"https:\\\/\\\/ecosupplements.ch\\\/?page_id=14\"},{\"@type\":\"ListItem\",\"position\":3,\"name\":\"Apple Cider Vinegar, 300mg &#8211; 400 tabs\"}]},{\"@type\":\"WebSite\",\"@id\":\"https:\\\/\\\/ecosupplements.ch\\\/#website\",\"url\":\"https:\\\/\\\/ecosupplements.ch\\\/\",\"name\":\"Eco Supplements\",\"description\":\"\",\"potentialAction\":[{\"@type\":\"SearchAction\",\"target\":{\"@type\":\"EntryPoint\",\"urlTemplate\":\"https:\\\/\\\/ecosupplements.ch\\\/?s={search_term_string}\"},\"query-input\":{\"@type\":\"PropertyValueSpecification\",\"valueRequired\":true,\"valueName\":\"search_term_string\"}}],\"inLanguage\":\"de-CH\"}]}<\/script>\n<meta property=\"product:price:amount\" content=\"12.53\" \/>\n<meta property=\"product:price:currency\" content=\"CHF\" \/>\n<meta property=\"og:availability\" content=\"out of stock\" \/>\n<meta property=\"product:availability\" content=\"out of stock\" \/>\n<meta property=\"product:retailer_item_id\" content=\"5017174029428\" \/>\n<meta property=\"product:condition\" content=\"new\" \/>\n<!-- \/ Yoast SEO plugin. -->","yoast_head_json":{"title":"Apple Cider Vinegar 300mg, 400 Tabletten \u2013 Holland & Barrett | ecosupplements.ch","description":"300 mg Apfelessig pro Tablette \u2013 bequem & geschmacksneutral. 400 Tabletten, vegan & glutenfrei. Jetzt bestellen.","robots":{"index":"index","follow":"follow","max-snippet":"max-snippet:-1","max-image-preview":"max-image-preview:large","max-video-preview":"max-video-preview:-1"},"canonical":"https:\/\/ecosupplements.ch\/?product=apple-cider-vinegar-300mg-400-tabs","og_locale":"de_DE","og_type":"article","og_title":"Apple Cider Vinegar 300mg, 400 Tabletten \u2013 Holland & Barrett | ecosupplements.ch","og_description":"300 mg Apfelessig pro Tablette \u2013 bequem & geschmacksneutral. 400 Tabletten, vegan & glutenfrei. Jetzt bestellen.","og_url":"https:\/\/ecosupplements.ch\/?product=apple-cider-vinegar-300mg-400-tabs","og_site_name":"Eco Supplements","article_modified_time":"2026-05-13T07:25:16+00:00","og_image":[{"width":328,"height":598,"url":"https:\/\/ecosupplements.ch\/wp-content\/uploads\/2026\/05\/Apple-Cider-Vinegar-300mg-400-tabs.jpg","type":"image\/jpeg"}],"twitter_card":"summary_large_image","twitter_misc":{"Price":"&#67;&#72;&#70;&nbsp;12.53","Availability":"Out of stock"},"schema":{"@context":"https:\/\/schema.org","@graph":[{"@type":"WebPage","@id":"https:\/\/ecosupplements.ch\/?product=apple-cider-vinegar-300mg-400-tabs","url":"https:\/\/ecosupplements.ch\/?product=apple-cider-vinegar-300mg-400-tabs","name":"Apple Cider Vinegar 300mg, 400 Tabletten \u2013 Holland & Barrett | ecosupplements.ch","isPartOf":{"@id":"https:\/\/ecosupplements.ch\/#website"},"primaryImageOfPage":{"@id":"https:\/\/ecosupplements.ch\/?product=apple-cider-vinegar-300mg-400-tabs#primaryimage"},"image":{"@id":"https:\/\/ecosupplements.ch\/?product=apple-cider-vinegar-300mg-400-tabs#primaryimage"},"thumbnailUrl":"https:\/\/ecosupplements.ch\/wp-content\/uploads\/2026\/05\/Apple-Cider-Vinegar-300mg-400-tabs.jpg","datePublished":"2026-05-11T14:32:05+00:00","dateModified":"2026-05-13T07:25:16+00:00","description":"300 mg Apfelessig pro Tablette \u2013 bequem & geschmacksneutral. 400 Tabletten, vegan & glutenfrei. Jetzt bestellen.","breadcrumb":{"@id":"https:\/\/ecosupplements.ch\/?product=apple-cider-vinegar-300mg-400-tabs#breadcrumb"},"inLanguage":"de-CH","potentialAction":[{"@type":"ReadAction","target":["https:\/\/ecosupplements.ch\/?product=apple-cider-vinegar-300mg-400-tabs"]}]},{"@type":"ImageObject","inLanguage":"de-CH","@id":"https:\/\/ecosupplements.ch\/?product=apple-cider-vinegar-300mg-400-tabs#primaryimage","url":"https:\/\/ecosupplements.ch\/wp-content\/uploads\/2026\/05\/Apple-Cider-Vinegar-300mg-400-tabs.jpg","contentUrl":"https:\/\/ecosupplements.ch\/wp-content\/uploads\/2026\/05\/Apple-Cider-Vinegar-300mg-400-tabs.jpg","width":328,"height":598,"caption":"Apple Cider Vinegar"},{"@type":"BreadcrumbList","@id":"https:\/\/ecosupplements.ch\/?product=apple-cider-vinegar-300mg-400-tabs#breadcrumb","itemListElement":[{"@type":"ListItem","position":1,"name":"Home","item":"https:\/\/ecosupplements.ch\/"},{"@type":"ListItem","position":2,"name":"Shop","item":"https:\/\/ecosupplements.ch\/?page_id=14"},{"@type":"ListItem","position":3,"name":"Apple Cider Vinegar, 300mg &#8211; 400 tabs"}]},{"@type":"WebSite","@id":"https:\/\/ecosupplements.ch\/#website","url":"https:\/\/ecosupplements.ch\/","name":"Eco Supplements","description":"","potentialAction":[{"@type":"SearchAction","target":{"@type":"EntryPoint","urlTemplate":"https:\/\/ecosupplements.ch\/?s={search_term_string}"},"query-input":{"@type":"PropertyValueSpecification","valueRequired":true,"valueName":"search_term_string"}}],"inLanguage":"de-CH"}]},"product_price_amount":"12.53","product_price_currency":"CHF","og_availability":"out of stock","product_availability":"out of stock","product_retailer_item_id":"5017174029428","product_condition":"new"},"_links":{"self":[{"href":"https:\/\/ecosupplements.ch\/index.php?rest_route=\/wp\/v2\/product\/1811","targetHints":{"allow":["GET"]}}],"collection":[{"href":"https:\/\/ecosupplements.ch\/index.php?rest_route=\/wp\/v2\/product"}],"about":[{"href":"https:\/\/ecosupplements.ch\/index.php?rest_route=\/wp\/v2\/types\/product"}],"replies":[{"embeddable":true,"href":"https:\/\/ecosupplements.ch\/index.php?rest_route=%2Fwp%2Fv2%2Fcomments&post=1811"}],"wp:featuredmedia":[{"embeddable":true,"href":"https:\/\/ecosupplements.ch\/index.php?rest_route=\/wp\/v2\/media\/1812"}],"wp:attachment":[{"href":"https:\/\/ecosupplements.ch\/index.php?rest_route=%2Fwp%2Fv2%2Fmedia&parent=1811"}],"wp:term":[{"taxonomy":"product_brand","embeddable":true,"href":"https:\/\/ecosupplements.ch\/index.php?rest_route=%2Fwp%2Fv2%2Fproduct_brand&post=1811"},{"taxonomy":"product_cat","embeddable":true,"href":"https:\/\/ecosupplements.ch\/index.php?rest_route=%2Fwp%2Fv2%2Fproduct_cat&post=1811"},{"taxonomy":"product_tag","embeddable":true,"href":"https:\/\/ecosupplements.ch\/index.php?rest_route=%2Fwp%2Fv2%2Fproduct_tag&post=1811"}],"curies":[{"name":"wp","href":"https:\/\/api.w.org\/{rel}","templated":true}]}}