{"id":1839,"date":"2026-05-11T14:32:15","date_gmt":"2026-05-11T14:32:15","guid":{"rendered":"https:\/\/ecosupplements.ch\/?product=high-strength-royal-jelly-500mg-90-caps"},"modified":"2026-05-13T07:25:18","modified_gmt":"2026-05-13T07:25:18","slug":"high-strength-royal-jelly-500mg-90-caps","status":"publish","type":"product","link":"https:\/\/ecosupplements.ch\/?product=high-strength-royal-jelly-500mg-90-caps","title":{"rendered":"High Strength Royal Jelly, 500mg &#8211; 90 caps"},"content":{"rendered":"<div class=\"chcg-product-description\">\n<h2 class=\"chcg-heading\">\u00dcber Holland &amp; Barrett \u2013 Hochdosiertes Royal Jelly, 500mg \u2013 90 Kapseln<\/h2>\n<div class=\"chcg-intro\">\n<p>Royal Jelly, auch bekannt als Gel\u00e9e Royale, ist eine nat\u00fcrliche Substanz, die von Honigbienen produziert wird und seit Jahrhunderten in der traditionellen Naturheilkunde gesch\u00e4tzt wird. Das hochdosierte Royal Jelly von Holland &amp; Barrett liefert pro Kapsel den Wirkstoffgehalt von 500 mg Royal Jelly \u2013 dank eines konzentrierten 3:1-Extrakts in praktischer Kapselform.<\/p>\n<p>Jede Kapsel enth\u00e4lt 166,67 mg Royal Jelly-Extrakt (3:1), was 500 mg frischem Royal Jelly entspricht. Die Formulierung ist einfach in den Alltag zu integrieren und eignet sich f\u00fcr alle, die von den nat\u00fcrlichen Eigenschaften dieses einzigartigen Bienenprodukts profitieren m\u00f6chten.<\/p>\n<p>Mit 90 Kapseln pro Packung bietet dieses Produkt einen Vorrat f\u00fcr 90 Tage bei t\u00e4glicher Einnahme. Die Kapselh\u00fclle besteht aus Hydroxypropylmethylcellulose (HPMC) und ist somit f\u00fcr Vegetarierinnen und Vegetarier geeignet.<\/p>\n<\/p><\/div>\n<div class=\"chcg-nutrition\">\n<h3>N\u00e4hrwertangaben<\/h3>\n<table class=\"chcg-nutrition-table\">\n<thead>\n<tr>\n<th>N\u00e4hrstoff<\/th>\n<th>Pro Portion (1 Kapsel)<\/th>\n<\/tr>\n<\/thead>\n<tbody>\n<tr>\n<td>Royal Jelly-Extrakt (3:1-Extrakt, entspricht 500 mg Royal Jelly)<\/td>\n<td>166,67 mg*<\/td>\n<\/tr>\n<\/tbody>\n<\/table>\n<p class=\"chcg-footnote\">* Kein festgelegter Tagesreferenzwert vorhanden.<\/p>\n<\/p><\/div>\n<div class=\"chcg-ingredients\">\n<h3>Zutaten<\/h3>\n<p>Royal Jelly-Extrakt (3:1-Extrakt, entspricht 500 mg Royal Jelly), Reismehl, Royal Jelly-Extrakt, Kapselh\u00fclle (Hydroxypropylmethylcellulose), Trennmittel (Magnesiumstearat, Siliciumdioxid).<\/p>\n<p class=\"chcg-capsule-shell\">Kapselh\u00fclle: Hydroxypropylmethylcellulose (HPMC)<\/p>\n<\/p><\/div>\n<div class=\"chcg-dosage\">\n<h3>Verzehrempfehlung<\/h3>\n<p>T\u00e4glich 1 Kapsel einnehmen, vorzugsweise zu einer Mahlzeit. Die empfohlene Tagesdosis nicht \u00fcberschreiten.<\/p>\n<\/p><\/div>\n<div class=\"chcg-warnings\">\n<h3>Warnhinweise<\/h3>\n<p>Nahrungserg\u00e4nzungsmittel sind kein Ersatz f\u00fcr eine abwechslungsreiche und ausgewogene Ern\u00e4hrung sowie eine gesunde Lebensweise. Bei Schwangerschaft, Stillzeit, Einnahme von Medikamenten oder \u00e4rztlicher Betreuung vor der Anwendung einen Arzt oder eine medizinische Fachperson konsultieren. Bei unerw\u00fcnschten Reaktionen die Einnahme abbrechen und einen Arzt aufsuchen. Ausserhalb der Reichweite von Kindern aufbewahren. Nicht verwenden, wenn das Siegel unter dem Verschluss besch\u00e4digt oder nicht vorhanden ist. Dieses Produkt ist nicht f\u00fcr Personen unter 18 Jahren bestimmt.<\/p>\n<\/p><\/div>\n<div class=\"chcg-allergens\">\n<h3>Allergeninformationen<\/h3>\n<p>Keine Allergene auf dem Etikett deklariert. Das Produkt enth\u00e4lt keine k\u00fcnstlichen Aromen, Farbstoffe oder S\u00fcssungsmittel.<\/p>\n<\/p><\/div>\n<div class=\"chcg-storage\">\n<h3>Lagerung<\/h3>\n<p>An einem k\u00fchlen, trockenen Ort lagern.<\/p>\n<\/p><\/div>\n<div class=\"chcg-dietary\">\n<h3>Ern\u00e4hrungshinweise<\/h3>\n<ul>\n<li>Vegetarisch<\/li>\n<\/ul><\/div>\n<\/div>\n","protected":false},"excerpt":{"rendered":"<p>Hochdosiertes Royal Jelly von Holland &amp; Barrett \u2013 pro Kapsel entspricht dem Wirkstoffgehalt von 500 mg Royal Jelly (3:1-Extrakt). Praktische Tagesdosis in vegetarischen Kapseln, 90 St\u00fcck pro Packung.<\/p>\n","protected":false},"featured_media":1840,"comment_status":"closed","ping_status":"open","template":"","meta":[],"product_brand":[197],"product_cat":[48,25],"product_tag":[],"class_list":{"0":"post-1839","1":"product","2":"type-product","3":"status-publish","4":"has-post-thumbnail","6":"product_brand-holland-barrett","7":"product_cat-gesunde-ernaehrung","8":"product_cat-gesundheit-und-wohlbefinden","10":"first","11":"outofstock","12":"taxable","13":"shipping-taxable","14":"purchasable","15":"product-type-simple"},"yoast_head":"<!-- This site is optimized with the Yoast SEO plugin v27.5 - https:\/\/yoast.com\/product\/yoast-seo-wordpress\/ -->\n<title>Hochdosiertes Royal Jelly 500mg \u2013 Holland &amp; Barrett | ecosupplements.ch<\/title>\n<meta name=\"description\" content=\"Holland &amp; Barrett Royal Jelly 500mg \u2013 90 vegetarische Kapseln mit hochdosiertem 3:1-Extrakt f\u00fcr eine bequeme t\u00e4gliche Einnahme. Jetzt bestellen.\" \/>\n<meta name=\"robots\" content=\"index, follow, max-snippet:-1, max-image-preview:large, max-video-preview:-1\" \/>\n<link rel=\"canonical\" href=\"https:\/\/ecosupplements.ch\/?product=high-strength-royal-jelly-500mg-90-caps\" \/>\n<meta property=\"og:locale\" content=\"de_DE\" \/>\n<meta property=\"og:type\" content=\"article\" \/>\n<meta property=\"og:title\" content=\"Hochdosiertes Royal Jelly 500mg \u2013 Holland &amp; Barrett | ecosupplements.ch\" \/>\n<meta property=\"og:description\" content=\"Holland &amp; Barrett Royal Jelly 500mg \u2013 90 vegetarische Kapseln mit hochdosiertem 3:1-Extrakt f\u00fcr eine bequeme t\u00e4gliche Einnahme. Jetzt bestellen.\" \/>\n<meta property=\"og:url\" content=\"https:\/\/ecosupplements.ch\/?product=high-strength-royal-jelly-500mg-90-caps\" \/>\n<meta property=\"og:site_name\" content=\"Eco Supplements\" \/>\n<meta property=\"article:modified_time\" content=\"2026-05-13T07:25:18+00:00\" \/>\n<meta property=\"og:image\" content=\"https:\/\/ecosupplements.ch\/wp-content\/uploads\/2026\/05\/High-Strength-Royal-Jelly-500mg-90-caps.jpg\" \/>\n\t<meta property=\"og:image:width\" content=\"382\" \/>\n\t<meta property=\"og:image:height\" content=\"591\" \/>\n\t<meta property=\"og:image:type\" content=\"image\/jpeg\" \/>\n<meta name=\"twitter:card\" content=\"summary_large_image\" \/>\n<meta name=\"twitter:label1\" content=\"Price\" \/>\n\t<meta name=\"twitter:data1\" content=\"&#067;&#072;&#070;&nbsp;17.12\" \/>\n\t<meta name=\"twitter:label2\" content=\"Availability\" \/>\n\t<meta name=\"twitter:data2\" content=\"Out of stock\" \/>\n<script type=\"application\/ld+json\" class=\"yoast-schema-graph\">{\"@context\":\"https:\\\/\\\/schema.org\",\"@graph\":[{\"@type\":\"WebPage\",\"@id\":\"https:\\\/\\\/ecosupplements.ch\\\/?product=high-strength-royal-jelly-500mg-90-caps\",\"url\":\"https:\\\/\\\/ecosupplements.ch\\\/?product=high-strength-royal-jelly-500mg-90-caps\",\"name\":\"Hochdosiertes Royal Jelly 500mg \u2013 Holland & Barrett | ecosupplements.ch\",\"isPartOf\":{\"@id\":\"https:\\\/\\\/ecosupplements.ch\\\/#website\"},\"primaryImageOfPage\":{\"@id\":\"https:\\\/\\\/ecosupplements.ch\\\/?product=high-strength-royal-jelly-500mg-90-caps#primaryimage\"},\"image\":{\"@id\":\"https:\\\/\\\/ecosupplements.ch\\\/?product=high-strength-royal-jelly-500mg-90-caps#primaryimage\"},\"thumbnailUrl\":\"https:\\\/\\\/ecosupplements.ch\\\/wp-content\\\/uploads\\\/2026\\\/05\\\/High-Strength-Royal-Jelly-500mg-90-caps.jpg\",\"datePublished\":\"2026-05-11T14:32:15+00:00\",\"dateModified\":\"2026-05-13T07:25:18+00:00\",\"description\":\"Holland & Barrett Royal Jelly 500mg \u2013 90 vegetarische Kapseln mit hochdosiertem 3:1-Extrakt f\u00fcr eine bequeme t\u00e4gliche Einnahme. Jetzt bestellen.\",\"breadcrumb\":{\"@id\":\"https:\\\/\\\/ecosupplements.ch\\\/?product=high-strength-royal-jelly-500mg-90-caps#breadcrumb\"},\"inLanguage\":\"de-CH\",\"potentialAction\":[{\"@type\":\"ReadAction\",\"target\":[\"https:\\\/\\\/ecosupplements.ch\\\/?product=high-strength-royal-jelly-500mg-90-caps\"]}]},{\"@type\":\"ImageObject\",\"inLanguage\":\"de-CH\",\"@id\":\"https:\\\/\\\/ecosupplements.ch\\\/?product=high-strength-royal-jelly-500mg-90-caps#primaryimage\",\"url\":\"https:\\\/\\\/ecosupplements.ch\\\/wp-content\\\/uploads\\\/2026\\\/05\\\/High-Strength-Royal-Jelly-500mg-90-caps.jpg\",\"contentUrl\":\"https:\\\/\\\/ecosupplements.ch\\\/wp-content\\\/uploads\\\/2026\\\/05\\\/High-Strength-Royal-Jelly-500mg-90-caps.jpg\",\"width\":382,\"height\":591,\"caption\":\"High Strength Royal Jelly\"},{\"@type\":\"BreadcrumbList\",\"@id\":\"https:\\\/\\\/ecosupplements.ch\\\/?product=high-strength-royal-jelly-500mg-90-caps#breadcrumb\",\"itemListElement\":[{\"@type\":\"ListItem\",\"position\":1,\"name\":\"Home\",\"item\":\"https:\\\/\\\/ecosupplements.ch\\\/\"},{\"@type\":\"ListItem\",\"position\":2,\"name\":\"Shop\",\"item\":\"https:\\\/\\\/ecosupplements.ch\\\/?page_id=14\"},{\"@type\":\"ListItem\",\"position\":3,\"name\":\"High Strength Royal Jelly, 500mg &#8211; 90 caps\"}]},{\"@type\":\"WebSite\",\"@id\":\"https:\\\/\\\/ecosupplements.ch\\\/#website\",\"url\":\"https:\\\/\\\/ecosupplements.ch\\\/\",\"name\":\"Eco Supplements\",\"description\":\"\",\"potentialAction\":[{\"@type\":\"SearchAction\",\"target\":{\"@type\":\"EntryPoint\",\"urlTemplate\":\"https:\\\/\\\/ecosupplements.ch\\\/?s={search_term_string}\"},\"query-input\":{\"@type\":\"PropertyValueSpecification\",\"valueRequired\":true,\"valueName\":\"search_term_string\"}}],\"inLanguage\":\"de-CH\"}]}<\/script>\n<meta property=\"product:price:amount\" content=\"17.12\" \/>\n<meta property=\"product:price:currency\" content=\"CHF\" \/>\n<meta property=\"og:availability\" content=\"out of stock\" \/>\n<meta property=\"product:availability\" content=\"out of stock\" \/>\n<meta property=\"product:retailer_item_id\" content=\"5059604498817\" \/>\n<meta property=\"product:condition\" content=\"new\" \/>\n<!-- \/ Yoast SEO plugin. -->","yoast_head_json":{"title":"Hochdosiertes Royal Jelly 500mg \u2013 Holland & Barrett | ecosupplements.ch","description":"Holland & Barrett Royal Jelly 500mg \u2013 90 vegetarische Kapseln mit hochdosiertem 3:1-Extrakt f\u00fcr eine bequeme t\u00e4gliche Einnahme. Jetzt bestellen.","robots":{"index":"index","follow":"follow","max-snippet":"max-snippet:-1","max-image-preview":"max-image-preview:large","max-video-preview":"max-video-preview:-1"},"canonical":"https:\/\/ecosupplements.ch\/?product=high-strength-royal-jelly-500mg-90-caps","og_locale":"de_DE","og_type":"article","og_title":"Hochdosiertes Royal Jelly 500mg \u2013 Holland & Barrett | ecosupplements.ch","og_description":"Holland & Barrett Royal Jelly 500mg \u2013 90 vegetarische Kapseln mit hochdosiertem 3:1-Extrakt f\u00fcr eine bequeme t\u00e4gliche Einnahme. Jetzt bestellen.","og_url":"https:\/\/ecosupplements.ch\/?product=high-strength-royal-jelly-500mg-90-caps","og_site_name":"Eco Supplements","article_modified_time":"2026-05-13T07:25:18+00:00","og_image":[{"width":382,"height":591,"url":"https:\/\/ecosupplements.ch\/wp-content\/uploads\/2026\/05\/High-Strength-Royal-Jelly-500mg-90-caps.jpg","type":"image\/jpeg"}],"twitter_card":"summary_large_image","twitter_misc":{"Price":"&#67;&#72;&#70;&nbsp;17.12","Availability":"Out of stock"},"schema":{"@context":"https:\/\/schema.org","@graph":[{"@type":"WebPage","@id":"https:\/\/ecosupplements.ch\/?product=high-strength-royal-jelly-500mg-90-caps","url":"https:\/\/ecosupplements.ch\/?product=high-strength-royal-jelly-500mg-90-caps","name":"Hochdosiertes Royal Jelly 500mg \u2013 Holland & Barrett | ecosupplements.ch","isPartOf":{"@id":"https:\/\/ecosupplements.ch\/#website"},"primaryImageOfPage":{"@id":"https:\/\/ecosupplements.ch\/?product=high-strength-royal-jelly-500mg-90-caps#primaryimage"},"image":{"@id":"https:\/\/ecosupplements.ch\/?product=high-strength-royal-jelly-500mg-90-caps#primaryimage"},"thumbnailUrl":"https:\/\/ecosupplements.ch\/wp-content\/uploads\/2026\/05\/High-Strength-Royal-Jelly-500mg-90-caps.jpg","datePublished":"2026-05-11T14:32:15+00:00","dateModified":"2026-05-13T07:25:18+00:00","description":"Holland & Barrett Royal Jelly 500mg \u2013 90 vegetarische Kapseln mit hochdosiertem 3:1-Extrakt f\u00fcr eine bequeme t\u00e4gliche Einnahme. Jetzt bestellen.","breadcrumb":{"@id":"https:\/\/ecosupplements.ch\/?product=high-strength-royal-jelly-500mg-90-caps#breadcrumb"},"inLanguage":"de-CH","potentialAction":[{"@type":"ReadAction","target":["https:\/\/ecosupplements.ch\/?product=high-strength-royal-jelly-500mg-90-caps"]}]},{"@type":"ImageObject","inLanguage":"de-CH","@id":"https:\/\/ecosupplements.ch\/?product=high-strength-royal-jelly-500mg-90-caps#primaryimage","url":"https:\/\/ecosupplements.ch\/wp-content\/uploads\/2026\/05\/High-Strength-Royal-Jelly-500mg-90-caps.jpg","contentUrl":"https:\/\/ecosupplements.ch\/wp-content\/uploads\/2026\/05\/High-Strength-Royal-Jelly-500mg-90-caps.jpg","width":382,"height":591,"caption":"High Strength Royal Jelly"},{"@type":"BreadcrumbList","@id":"https:\/\/ecosupplements.ch\/?product=high-strength-royal-jelly-500mg-90-caps#breadcrumb","itemListElement":[{"@type":"ListItem","position":1,"name":"Home","item":"https:\/\/ecosupplements.ch\/"},{"@type":"ListItem","position":2,"name":"Shop","item":"https:\/\/ecosupplements.ch\/?page_id=14"},{"@type":"ListItem","position":3,"name":"High Strength Royal Jelly, 500mg &#8211; 90 caps"}]},{"@type":"WebSite","@id":"https:\/\/ecosupplements.ch\/#website","url":"https:\/\/ecosupplements.ch\/","name":"Eco Supplements","description":"","potentialAction":[{"@type":"SearchAction","target":{"@type":"EntryPoint","urlTemplate":"https:\/\/ecosupplements.ch\/?s={search_term_string}"},"query-input":{"@type":"PropertyValueSpecification","valueRequired":true,"valueName":"search_term_string"}}],"inLanguage":"de-CH"}]},"product_price_amount":"17.12","product_price_currency":"CHF","og_availability":"out of stock","product_availability":"out of stock","product_retailer_item_id":"5059604498817","product_condition":"new"},"_links":{"self":[{"href":"https:\/\/ecosupplements.ch\/index.php?rest_route=\/wp\/v2\/product\/1839","targetHints":{"allow":["GET"]}}],"collection":[{"href":"https:\/\/ecosupplements.ch\/index.php?rest_route=\/wp\/v2\/product"}],"about":[{"href":"https:\/\/ecosupplements.ch\/index.php?rest_route=\/wp\/v2\/types\/product"}],"replies":[{"embeddable":true,"href":"https:\/\/ecosupplements.ch\/index.php?rest_route=%2Fwp%2Fv2%2Fcomments&post=1839"}],"wp:featuredmedia":[{"embeddable":true,"href":"https:\/\/ecosupplements.ch\/index.php?rest_route=\/wp\/v2\/media\/1840"}],"wp:attachment":[{"href":"https:\/\/ecosupplements.ch\/index.php?rest_route=%2Fwp%2Fv2%2Fmedia&parent=1839"}],"wp:term":[{"taxonomy":"product_brand","embeddable":true,"href":"https:\/\/ecosupplements.ch\/index.php?rest_route=%2Fwp%2Fv2%2Fproduct_brand&post=1839"},{"taxonomy":"product_cat","embeddable":true,"href":"https:\/\/ecosupplements.ch\/index.php?rest_route=%2Fwp%2Fv2%2Fproduct_cat&post=1839"},{"taxonomy":"product_tag","embeddable":true,"href":"https:\/\/ecosupplements.ch\/index.php?rest_route=%2Fwp%2Fv2%2Fproduct_tag&post=1839"}],"curies":[{"name":"wp","href":"https:\/\/api.w.org\/{rel}","templated":true}]}}