{"id":1851,"date":"2026-05-11T14:32:20","date_gmt":"2026-05-11T14:32:20","guid":{"rendered":"https:\/\/ecosupplements.ch\/?product=maca-1500mg-90-vcaps"},"modified":"2026-05-13T07:25:18","modified_gmt":"2026-05-13T07:25:18","slug":"maca-1500mg-90-vcaps","status":"publish","type":"product","link":"https:\/\/ecosupplements.ch\/?product=maca-1500mg-90-vcaps","title":{"rendered":"Maca, 1500mg &#8211; 90 vcaps"},"content":{"rendered":"<div class=\"chcg-product-description\">\n<h2 class=\"chcg-heading\">\u00dcber Holland &amp; Barrett \u2013 Maca, 1500mg \u2013 90 Kapseln<\/h2>\n<div class=\"chcg-intro\">\n<p>Maca (Lepidium meyenii) ist eine Pflanze aus den Hochanden S\u00fcdamerikas, die seit Jahrhunderten in der traditionellen Ern\u00e4hrung gesch\u00e4tzt wird. Holland &amp; Barrett bietet einen hochwertigen Maca-Wurzelextrakt im Verh\u00e4ltnis 10:1 an \u2013 das bedeutet, dass jede Kapsel einem \u00c4quivalent von 1500 mg roher Maca-Wurzel entspricht. Mit 3 Kapseln pro Tag erhalten Sie eine Tagesdosis, die 4500 mg roher Maca-Wurzel entspricht.<\/p>\n<p>Die vegetarischen Kapseln sind frei von tierischen Inhaltsstoffen und somit sowohl f\u00fcr Veganer als auch f\u00fcr Vegetarier geeignet. Dank der praktischen Kapselform l\u00e4sst sich Maca einfach und unkompliziert in den Alltag integrieren.<\/p>\n<p>Dieses Nahrungserg\u00e4nzungsmittel von Holland &amp; Barrett \u00fcberzeugt durch seine sorgf\u00e4ltige Formulierung und die hohe Konzentration des Extrakts \u2013 ideal f\u00fcr alle, die Maca bequem und pr\u00e4zise dosiert zu sich nehmen m\u00f6chten.<\/p>\n<\/p><\/div>\n<div class=\"chcg-nutrition\">\n<h3>N\u00e4hrwertangaben<\/h3>\n<table class=\"chcg-nutrition-table\">\n<thead>\n<tr>\n<th>N\u00e4hrstoff<\/th>\n<th>Pro Kapsel<\/th>\n<th>Pro Tagesportion (3 Kapseln)<\/th>\n<\/tr>\n<\/thead>\n<tbody>\n<tr>\n<td>Maca-Wurzelextrakt (10:1, Lepidium meyenii)<\/td>\n<td>150 mg (entspricht 1500 mg roher Maca-Wurzel)*<\/td>\n<td>450 mg (entspricht 4500 mg roher Maca-Wurzel)*<\/td>\n<\/tr>\n<\/tbody>\n<\/table>\n<p class=\"chcg-footnote\">* Kein festgelegter N\u00e4hrstoffreferenzwert (NRV) vorhanden.<\/p>\n<\/p><\/div>\n<div class=\"chcg-ingredients\">\n<h3>Zutaten<\/h3>\n<p>Maltodextrin, Kapselh\u00fclle (Hydroxypropylmethylcellulose), Maca-Extrakt (Lepidium meyenii, Wurzel), F\u00fcllstoffe (Dicalciumphosphat, mikrokristalline Cellulose), Trennmittel (Magnesiumstearat, Siliciumdioxid).<\/p>\n<p class=\"chcg-capsule-shell\">Kapselh\u00fclle: Hydroxypropylmethylcellulose (HPMC)<\/p>\n<\/p><\/div>\n<div class=\"chcg-dosage\">\n<h3>Verzehrempfehlung<\/h3>\n<p>T\u00e4glich 3 Kapseln einnehmen, vorzugsweise zu den Mahlzeiten. Die empfohlene Tagesdosis nicht \u00fcberschreiten. Jede Kapsel enth\u00e4lt: Maca-Extrakt (10:1-Extrakt, entspricht 1500 mg Maca) 150 mg.<\/p>\n<\/p><\/div>\n<div class=\"chcg-warnings\">\n<h3>Warnhinweise<\/h3>\n<p>Nahrungserg\u00e4nzungsmittel d\u00fcrfen nicht als Ersatz f\u00fcr eine abwechslungsreiche und ausgewogene Ern\u00e4hrung sowie eine gesunde Lebensweise verwendet werden. Wenn Sie schwanger sind, stillen, Medikamente einnehmen oder unter \u00e4rztlicher Aufsicht stehen, konsultieren Sie bitte vor der Einnahme einen Arzt oder eine medizinische Fachkraft. Bei unerw\u00fcnschten Reaktionen die Einnahme abbrechen und einen Arzt aufsuchen. Ausserhalb der Sicht- und Reichweite von Kindern aufbewahren. Nicht verwenden, wenn die Sicherheitsversiegelung unter dem Deckel besch\u00e4digt oder nicht vorhanden ist. Dieses Produkt ist nicht f\u00fcr Personen unter 18 Jahren geeignet.<\/p>\n<\/p><\/div>\n<div class=\"chcg-allergens\">\n<h3>Allergeninformationen<\/h3>\n<p>Es sind keine Allergene explizit aufgef\u00fchrt. Nicht verwenden bei bekannter Allergie gegen\u00fcber einem der enthaltenen Inhaltsstoffe.<\/p>\n<\/p><\/div>\n<div class=\"chcg-storage\">\n<h3>Lagerung<\/h3>\n<p>An einem k\u00fchlen, trockenen Ort aufbewahren.<\/p>\n<\/p><\/div>\n<div class=\"chcg-dietary\">\n<h3>Ern\u00e4hrungshinweise<\/h3>\n<ul>\n<li>Vegan<\/li>\n<li>Vegetarisch<\/li>\n<\/ul><\/div>\n<\/div>\n","protected":false},"excerpt":{"rendered":"<p>Holland &amp; Barrett Maca, 1500mg liefert einen hochkonzentrierten 10:1-Wurzelextrakt in praktischen vegetarischen Kapseln. 90 Kapseln pro Packung, ideal f\u00fcr die t\u00e4gliche Einnahme zu den Mahlzeiten.<\/p>\n","protected":false},"featured_media":1852,"comment_status":"closed","ping_status":"open","template":"","meta":[],"product_brand":[197],"product_cat":[48,25],"product_tag":[],"class_list":{"0":"post-1851","1":"product","2":"type-product","3":"status-publish","4":"has-post-thumbnail","6":"product_brand-holland-barrett","7":"product_cat-gesunde-ernaehrung","8":"product_cat-gesundheit-und-wohlbefinden","10":"first","11":"outofstock","12":"taxable","13":"shipping-taxable","14":"purchasable","15":"product-type-simple"},"yoast_head":"<!-- This site is optimized with the Yoast SEO plugin v27.5 - https:\/\/yoast.com\/product\/yoast-seo-wordpress\/ -->\n<title>Maca 1500mg \u2013 90 Kapseln \u2013 Holland &amp; Barrett | ecosupplements.ch<\/title>\n<meta name=\"description\" content=\"Hochwertiger Maca-Wurzelextrakt (10:1) von Holland &amp; Barrett \u2013 90 vegane Kapseln \u00e0 1500mg \u00c4quivalent. Jetzt bestellen.\" \/>\n<meta name=\"robots\" content=\"index, follow, max-snippet:-1, max-image-preview:large, max-video-preview:-1\" \/>\n<link rel=\"canonical\" href=\"https:\/\/ecosupplements.ch\/?product=maca-1500mg-90-vcaps\" \/>\n<meta property=\"og:locale\" content=\"de_DE\" \/>\n<meta property=\"og:type\" content=\"article\" \/>\n<meta property=\"og:title\" content=\"Maca 1500mg \u2013 90 Kapseln \u2013 Holland &amp; Barrett | ecosupplements.ch\" \/>\n<meta property=\"og:description\" content=\"Hochwertiger Maca-Wurzelextrakt (10:1) von Holland &amp; Barrett \u2013 90 vegane Kapseln \u00e0 1500mg \u00c4quivalent. Jetzt bestellen.\" \/>\n<meta property=\"og:url\" content=\"https:\/\/ecosupplements.ch\/?product=maca-1500mg-90-vcaps\" \/>\n<meta property=\"og:site_name\" content=\"Eco Supplements\" \/>\n<meta property=\"article:modified_time\" content=\"2026-05-13T07:25:18+00:00\" \/>\n<meta property=\"og:image\" content=\"https:\/\/ecosupplements.ch\/wp-content\/uploads\/2026\/05\/Maca-1500mg-90-vcaps.jpg\" \/>\n\t<meta property=\"og:image:width\" content=\"352\" \/>\n\t<meta property=\"og:image:height\" content=\"543\" \/>\n\t<meta property=\"og:image:type\" content=\"image\/jpeg\" \/>\n<meta name=\"twitter:card\" content=\"summary_large_image\" \/>\n<meta name=\"twitter:label1\" content=\"Price\" \/>\n\t<meta name=\"twitter:data1\" content=\"&#067;&#072;&#070;&nbsp;5.87\" \/>\n\t<meta name=\"twitter:label2\" content=\"Availability\" \/>\n\t<meta name=\"twitter:data2\" content=\"Out of stock\" \/>\n<script type=\"application\/ld+json\" class=\"yoast-schema-graph\">{\"@context\":\"https:\\\/\\\/schema.org\",\"@graph\":[{\"@type\":\"WebPage\",\"@id\":\"https:\\\/\\\/ecosupplements.ch\\\/?product=maca-1500mg-90-vcaps\",\"url\":\"https:\\\/\\\/ecosupplements.ch\\\/?product=maca-1500mg-90-vcaps\",\"name\":\"Maca 1500mg \u2013 90 Kapseln \u2013 Holland & Barrett | ecosupplements.ch\",\"isPartOf\":{\"@id\":\"https:\\\/\\\/ecosupplements.ch\\\/#website\"},\"primaryImageOfPage\":{\"@id\":\"https:\\\/\\\/ecosupplements.ch\\\/?product=maca-1500mg-90-vcaps#primaryimage\"},\"image\":{\"@id\":\"https:\\\/\\\/ecosupplements.ch\\\/?product=maca-1500mg-90-vcaps#primaryimage\"},\"thumbnailUrl\":\"https:\\\/\\\/ecosupplements.ch\\\/wp-content\\\/uploads\\\/2026\\\/05\\\/Maca-1500mg-90-vcaps.jpg\",\"datePublished\":\"2026-05-11T14:32:20+00:00\",\"dateModified\":\"2026-05-13T07:25:18+00:00\",\"description\":\"Hochwertiger Maca-Wurzelextrakt (10:1) von Holland & Barrett \u2013 90 vegane Kapseln \u00e0 1500mg \u00c4quivalent. Jetzt bestellen.\",\"breadcrumb\":{\"@id\":\"https:\\\/\\\/ecosupplements.ch\\\/?product=maca-1500mg-90-vcaps#breadcrumb\"},\"inLanguage\":\"de-CH\",\"potentialAction\":[{\"@type\":\"ReadAction\",\"target\":[\"https:\\\/\\\/ecosupplements.ch\\\/?product=maca-1500mg-90-vcaps\"]}]},{\"@type\":\"ImageObject\",\"inLanguage\":\"de-CH\",\"@id\":\"https:\\\/\\\/ecosupplements.ch\\\/?product=maca-1500mg-90-vcaps#primaryimage\",\"url\":\"https:\\\/\\\/ecosupplements.ch\\\/wp-content\\\/uploads\\\/2026\\\/05\\\/Maca-1500mg-90-vcaps.jpg\",\"contentUrl\":\"https:\\\/\\\/ecosupplements.ch\\\/wp-content\\\/uploads\\\/2026\\\/05\\\/Maca-1500mg-90-vcaps.jpg\",\"width\":352,\"height\":543,\"caption\":\"Maca\"},{\"@type\":\"BreadcrumbList\",\"@id\":\"https:\\\/\\\/ecosupplements.ch\\\/?product=maca-1500mg-90-vcaps#breadcrumb\",\"itemListElement\":[{\"@type\":\"ListItem\",\"position\":1,\"name\":\"Home\",\"item\":\"https:\\\/\\\/ecosupplements.ch\\\/\"},{\"@type\":\"ListItem\",\"position\":2,\"name\":\"Shop\",\"item\":\"https:\\\/\\\/ecosupplements.ch\\\/?page_id=14\"},{\"@type\":\"ListItem\",\"position\":3,\"name\":\"Maca, 1500mg &#8211; 90 vcaps\"}]},{\"@type\":\"WebSite\",\"@id\":\"https:\\\/\\\/ecosupplements.ch\\\/#website\",\"url\":\"https:\\\/\\\/ecosupplements.ch\\\/\",\"name\":\"Eco Supplements\",\"description\":\"\",\"potentialAction\":[{\"@type\":\"SearchAction\",\"target\":{\"@type\":\"EntryPoint\",\"urlTemplate\":\"https:\\\/\\\/ecosupplements.ch\\\/?s={search_term_string}\"},\"query-input\":{\"@type\":\"PropertyValueSpecification\",\"valueRequired\":true,\"valueName\":\"search_term_string\"}}],\"inLanguage\":\"de-CH\"}]}<\/script>\n<meta property=\"product:price:amount\" content=\"5.87\" \/>\n<meta property=\"product:price:currency\" content=\"CHF\" \/>\n<meta property=\"og:availability\" content=\"out of stock\" \/>\n<meta property=\"product:availability\" content=\"out of stock\" \/>\n<meta property=\"product:retailer_item_id\" content=\"5059604602771\" \/>\n<meta property=\"product:condition\" content=\"new\" \/>\n<!-- \/ Yoast SEO plugin. -->","yoast_head_json":{"title":"Maca 1500mg \u2013 90 Kapseln \u2013 Holland & Barrett | ecosupplements.ch","description":"Hochwertiger Maca-Wurzelextrakt (10:1) von Holland & Barrett \u2013 90 vegane Kapseln \u00e0 1500mg \u00c4quivalent. Jetzt bestellen.","robots":{"index":"index","follow":"follow","max-snippet":"max-snippet:-1","max-image-preview":"max-image-preview:large","max-video-preview":"max-video-preview:-1"},"canonical":"https:\/\/ecosupplements.ch\/?product=maca-1500mg-90-vcaps","og_locale":"de_DE","og_type":"article","og_title":"Maca 1500mg \u2013 90 Kapseln \u2013 Holland & Barrett | ecosupplements.ch","og_description":"Hochwertiger Maca-Wurzelextrakt (10:1) von Holland & Barrett \u2013 90 vegane Kapseln \u00e0 1500mg \u00c4quivalent. Jetzt bestellen.","og_url":"https:\/\/ecosupplements.ch\/?product=maca-1500mg-90-vcaps","og_site_name":"Eco Supplements","article_modified_time":"2026-05-13T07:25:18+00:00","og_image":[{"width":352,"height":543,"url":"https:\/\/ecosupplements.ch\/wp-content\/uploads\/2026\/05\/Maca-1500mg-90-vcaps.jpg","type":"image\/jpeg"}],"twitter_card":"summary_large_image","twitter_misc":{"Price":"&#67;&#72;&#70;&nbsp;5.87","Availability":"Out of stock"},"schema":{"@context":"https:\/\/schema.org","@graph":[{"@type":"WebPage","@id":"https:\/\/ecosupplements.ch\/?product=maca-1500mg-90-vcaps","url":"https:\/\/ecosupplements.ch\/?product=maca-1500mg-90-vcaps","name":"Maca 1500mg \u2013 90 Kapseln \u2013 Holland & Barrett | ecosupplements.ch","isPartOf":{"@id":"https:\/\/ecosupplements.ch\/#website"},"primaryImageOfPage":{"@id":"https:\/\/ecosupplements.ch\/?product=maca-1500mg-90-vcaps#primaryimage"},"image":{"@id":"https:\/\/ecosupplements.ch\/?product=maca-1500mg-90-vcaps#primaryimage"},"thumbnailUrl":"https:\/\/ecosupplements.ch\/wp-content\/uploads\/2026\/05\/Maca-1500mg-90-vcaps.jpg","datePublished":"2026-05-11T14:32:20+00:00","dateModified":"2026-05-13T07:25:18+00:00","description":"Hochwertiger Maca-Wurzelextrakt (10:1) von Holland & Barrett \u2013 90 vegane Kapseln \u00e0 1500mg \u00c4quivalent. Jetzt bestellen.","breadcrumb":{"@id":"https:\/\/ecosupplements.ch\/?product=maca-1500mg-90-vcaps#breadcrumb"},"inLanguage":"de-CH","potentialAction":[{"@type":"ReadAction","target":["https:\/\/ecosupplements.ch\/?product=maca-1500mg-90-vcaps"]}]},{"@type":"ImageObject","inLanguage":"de-CH","@id":"https:\/\/ecosupplements.ch\/?product=maca-1500mg-90-vcaps#primaryimage","url":"https:\/\/ecosupplements.ch\/wp-content\/uploads\/2026\/05\/Maca-1500mg-90-vcaps.jpg","contentUrl":"https:\/\/ecosupplements.ch\/wp-content\/uploads\/2026\/05\/Maca-1500mg-90-vcaps.jpg","width":352,"height":543,"caption":"Maca"},{"@type":"BreadcrumbList","@id":"https:\/\/ecosupplements.ch\/?product=maca-1500mg-90-vcaps#breadcrumb","itemListElement":[{"@type":"ListItem","position":1,"name":"Home","item":"https:\/\/ecosupplements.ch\/"},{"@type":"ListItem","position":2,"name":"Shop","item":"https:\/\/ecosupplements.ch\/?page_id=14"},{"@type":"ListItem","position":3,"name":"Maca, 1500mg &#8211; 90 vcaps"}]},{"@type":"WebSite","@id":"https:\/\/ecosupplements.ch\/#website","url":"https:\/\/ecosupplements.ch\/","name":"Eco Supplements","description":"","potentialAction":[{"@type":"SearchAction","target":{"@type":"EntryPoint","urlTemplate":"https:\/\/ecosupplements.ch\/?s={search_term_string}"},"query-input":{"@type":"PropertyValueSpecification","valueRequired":true,"valueName":"search_term_string"}}],"inLanguage":"de-CH"}]},"product_price_amount":"5.87","product_price_currency":"CHF","og_availability":"out of stock","product_availability":"out of stock","product_retailer_item_id":"5059604602771","product_condition":"new"},"_links":{"self":[{"href":"https:\/\/ecosupplements.ch\/index.php?rest_route=\/wp\/v2\/product\/1851","targetHints":{"allow":["GET"]}}],"collection":[{"href":"https:\/\/ecosupplements.ch\/index.php?rest_route=\/wp\/v2\/product"}],"about":[{"href":"https:\/\/ecosupplements.ch\/index.php?rest_route=\/wp\/v2\/types\/product"}],"replies":[{"embeddable":true,"href":"https:\/\/ecosupplements.ch\/index.php?rest_route=%2Fwp%2Fv2%2Fcomments&post=1851"}],"wp:featuredmedia":[{"embeddable":true,"href":"https:\/\/ecosupplements.ch\/index.php?rest_route=\/wp\/v2\/media\/1852"}],"wp:attachment":[{"href":"https:\/\/ecosupplements.ch\/index.php?rest_route=%2Fwp%2Fv2%2Fmedia&parent=1851"}],"wp:term":[{"taxonomy":"product_brand","embeddable":true,"href":"https:\/\/ecosupplements.ch\/index.php?rest_route=%2Fwp%2Fv2%2Fproduct_brand&post=1851"},{"taxonomy":"product_cat","embeddable":true,"href":"https:\/\/ecosupplements.ch\/index.php?rest_route=%2Fwp%2Fv2%2Fproduct_cat&post=1851"},{"taxonomy":"product_tag","embeddable":true,"href":"https:\/\/ecosupplements.ch\/index.php?rest_route=%2Fwp%2Fv2%2Fproduct_tag&post=1851"}],"curies":[{"name":"wp","href":"https:\/\/api.w.org\/{rel}","templated":true}]}}