{"id":1853,"date":"2026-05-11T14:32:20","date_gmt":"2026-05-11T14:32:20","guid":{"rendered":"https:\/\/ecosupplements.ch\/?product=magnesium-citrate-300mg-90-tabs"},"modified":"2026-05-13T07:24:56","modified_gmt":"2026-05-13T07:24:56","slug":"magnesium-citrate-300mg-90-tabs","status":"publish","type":"product","link":"https:\/\/ecosupplements.ch\/?product=magnesium-citrate-300mg-90-tabs","title":{"rendered":"Magnesium Citrate, 300mg &#8211; 90 tabs"},"content":{"rendered":"<div class=\"chcg-product-description\">\n<h2 class=\"chcg-heading\">\u00dcber Holland &amp; Barrett \u2013 Magnesium Citrate, 300mg \u2013 90 Tabletten<\/h2>\n<div class=\"chcg-intro\">\n<p>Magnesium ist ein essenzieller Mineralstoff, der zu \u00fcber 300 enzymatischen Prozessen im K\u00f6rper beitr\u00e4gt. Die Magnesium Citrate Tabletten von Holland &amp; Barrett liefern 300 mg Magnesium pro Tagesdosis in der gut vertr\u00e4glichen Citrat-Form \u2013 einer organischen Verbindung, die f\u00fcr ihre hohe Bioverf\u00fcgbarkeit bekannt ist.<\/p>\n<p>Magnesium tr\u00e4gt zur Verringerung von M\u00fcdigkeit und Ersch\u00f6pfung bei, unterst\u00fctzt die normale Muskelfunktion sowie die Funktion des Nervensystems und leistet einen Beitrag zur normalen psychischen Funktion. Zudem tr\u00e4gt es zur Erhaltung normaler Knochen und Z\u00e4hne bei.<\/p>\n<p>Mit 90 Tabletten pro Packung \u2013 entsprechend einer 30-t\u00e4gigen Versorgung bei der empfohlenen Tagesdosis \u2013 bietet dieses Produkt eine praktische und zuverl\u00e4ssige Erg\u00e4nzung f\u00fcr den Alltag. Die Formel ist f\u00fcr Veganer und Vegetarier geeignet.<\/p>\n<\/p><\/div>\n<div class=\"chcg-nutrition\">\n<h3>N\u00e4hrwertangaben<\/h3>\n<table class=\"chcg-nutrition-table\">\n<thead>\n<tr>\n<th>N\u00e4hrstoff<\/th>\n<th>Pro Portion (3 Tabletten)<\/th>\n<\/tr>\n<\/thead>\n<tbody>\n<tr>\n<td>Magnesium<\/td>\n<td>300 mg (80% NRV)<\/td>\n<\/tr>\n<\/tbody>\n<\/table>\n<p class=\"chcg-footnote\">NRV = N\u00e4hrstoffbezugswert (Nutrient Reference Value)<\/p>\n<\/p><\/div>\n<div class=\"chcg-ingredients\">\n<h3>Zutaten<\/h3>\n<p>Magnesiumcitrat, F\u00fcllstoff (mikrokristalline Cellulose), Maltodextrin, Trennmittel (Magnesiumstearat).<\/p>\n<\/p><\/div>\n<div class=\"chcg-dosage\">\n<h3>Verzehrempfehlung<\/h3>\n<p>T\u00e4glich 3 Tabletten einnehmen, vorzugsweise zu einer Mahlzeit. Die angegebene Tagesdosis darf nicht \u00fcberschritten werden.<\/p>\n<\/p><\/div>\n<div class=\"chcg-warnings\">\n<h3>Warnhinweise<\/h3>\n<p>Nahrungserg\u00e4nzungsmittel d\u00fcrfen nicht als Ersatz f\u00fcr eine abwechslungsreiche und ausgewogene Ern\u00e4hrung sowie eine gesunde Lebensweise verwendet werden. Wenn Sie schwanger sind, stillen, Medikamente einnehmen oder unter \u00e4rztlicher Aufsicht stehen, konsultieren Sie bitte vor der Einnahme einen Arzt oder eine medizinische Fachperson. Bei unerw\u00fcnschten Reaktionen die Einnahme abbrechen und einen Arzt aufsuchen. Ausserhalb der Reichweite von Kindern aufbewahren. Nicht verwenden, wenn die Schutzfolie unter dem Verschluss besch\u00e4digt oder nicht vorhanden ist. Nicht f\u00fcr Personen unter 18 Jahren bestimmt.<\/p>\n<\/p><\/div>\n<div class=\"chcg-allergens\">\n<h3>Allergeninformationen<\/h3>\n<p>Keine Allergene deklariert. Das Produkt enth\u00e4lt keine k\u00fcnstlichen Aromen, Farbstoffe oder S\u00fcssungsmittel.<\/p>\n<\/p><\/div>\n<div class=\"chcg-storage\">\n<h3>Lagerung<\/h3>\n<p>An einem k\u00fchlen, trockenen Ort lagern.<\/p>\n<\/p><\/div>\n<div class=\"chcg-dietary\">\n<h3>Ern\u00e4hrungshinweise<\/h3>\n<ul>\n<li>Vegan<\/li>\n<li>Vegetarisch<\/li>\n<\/ul><\/div>\n<\/div>\n","protected":false},"excerpt":{"rendered":"<p>Magnesium Citrate von Holland &amp; Barrett liefert 300 mg Magnesium pro Tagesdosis zur Unterst\u00fctzung von Muskeln, Nervensystem und Energiestoffwechsel. 90 Tabletten, vegan und vegetarisch geeignet.<\/p>\n","protected":false},"featured_media":1854,"comment_status":"closed","ping_status":"open","template":"","meta":[],"product_brand":[197],"product_cat":[48,25,21],"product_tag":[],"class_list":{"0":"post-1853","1":"product","2":"type-product","3":"status-publish","4":"has-post-thumbnail","6":"product_brand-holland-barrett","7":"product_cat-gesunde-ernaehrung","8":"product_cat-gesundheit-und-wohlbefinden","9":"product_cat-vitamine-und-mineralstoffe","11":"first","12":"outofstock","13":"taxable","14":"shipping-taxable","15":"purchasable","16":"product-type-simple"},"yoast_head":"<!-- This site is optimized with the Yoast SEO plugin v27.5 - https:\/\/yoast.com\/product\/yoast-seo-wordpress\/ -->\n<title>Magnesium Citrate 300mg \u2013 Holland &amp; Barrett | ecosupplements.ch<\/title>\n<meta name=\"description\" content=\"Magnesium Citrate von Holland &amp; Barrett \u2013 300 mg pro Tagesdosis f\u00fcr Muskeln, Nerven und Energiestoffwechsel. 90 Tabletten, vegan. Jetzt bestellen.\" \/>\n<meta name=\"robots\" content=\"index, follow, max-snippet:-1, max-image-preview:large, max-video-preview:-1\" \/>\n<link rel=\"canonical\" href=\"https:\/\/ecosupplements.ch\/?product=magnesium-citrate-300mg-90-tabs\" \/>\n<meta property=\"og:locale\" content=\"de_DE\" \/>\n<meta property=\"og:type\" content=\"article\" \/>\n<meta property=\"og:title\" content=\"Magnesium Citrate 300mg \u2013 Holland &amp; Barrett | ecosupplements.ch\" \/>\n<meta property=\"og:description\" content=\"Magnesium Citrate von Holland &amp; Barrett \u2013 300 mg pro Tagesdosis f\u00fcr Muskeln, Nerven und Energiestoffwechsel. 90 Tabletten, vegan. Jetzt bestellen.\" \/>\n<meta property=\"og:url\" content=\"https:\/\/ecosupplements.ch\/?product=magnesium-citrate-300mg-90-tabs\" \/>\n<meta property=\"og:site_name\" content=\"Eco Supplements\" \/>\n<meta property=\"article:modified_time\" content=\"2026-05-13T07:24:56+00:00\" \/>\n<meta property=\"og:image\" content=\"https:\/\/ecosupplements.ch\/wp-content\/uploads\/2026\/05\/Magnesium-Citrate-300mg-90-tabs.jpg\" \/>\n\t<meta property=\"og:image:width\" content=\"537\" \/>\n\t<meta property=\"og:image:height\" content=\"710\" \/>\n\t<meta property=\"og:image:type\" content=\"image\/jpeg\" \/>\n<meta name=\"twitter:card\" content=\"summary_large_image\" \/>\n<meta name=\"twitter:label1\" content=\"Price\" \/>\n\t<meta name=\"twitter:data1\" content=\"&#067;&#072;&#070;&nbsp;5.31\" \/>\n\t<meta name=\"twitter:label2\" content=\"Availability\" \/>\n\t<meta name=\"twitter:data2\" content=\"Out of stock\" \/>\n<script type=\"application\/ld+json\" class=\"yoast-schema-graph\">{\"@context\":\"https:\\\/\\\/schema.org\",\"@graph\":[{\"@type\":\"WebPage\",\"@id\":\"https:\\\/\\\/ecosupplements.ch\\\/?product=magnesium-citrate-300mg-90-tabs\",\"url\":\"https:\\\/\\\/ecosupplements.ch\\\/?product=magnesium-citrate-300mg-90-tabs\",\"name\":\"Magnesium Citrate 300mg \u2013 Holland & Barrett | ecosupplements.ch\",\"isPartOf\":{\"@id\":\"https:\\\/\\\/ecosupplements.ch\\\/#website\"},\"primaryImageOfPage\":{\"@id\":\"https:\\\/\\\/ecosupplements.ch\\\/?product=magnesium-citrate-300mg-90-tabs#primaryimage\"},\"image\":{\"@id\":\"https:\\\/\\\/ecosupplements.ch\\\/?product=magnesium-citrate-300mg-90-tabs#primaryimage\"},\"thumbnailUrl\":\"https:\\\/\\\/ecosupplements.ch\\\/wp-content\\\/uploads\\\/2026\\\/05\\\/Magnesium-Citrate-300mg-90-tabs.jpg\",\"datePublished\":\"2026-05-11T14:32:20+00:00\",\"dateModified\":\"2026-05-13T07:24:56+00:00\",\"description\":\"Magnesium Citrate von Holland & Barrett \u2013 300 mg pro Tagesdosis f\u00fcr Muskeln, Nerven und Energiestoffwechsel. 90 Tabletten, vegan. Jetzt bestellen.\",\"breadcrumb\":{\"@id\":\"https:\\\/\\\/ecosupplements.ch\\\/?product=magnesium-citrate-300mg-90-tabs#breadcrumb\"},\"inLanguage\":\"de-CH\",\"potentialAction\":[{\"@type\":\"ReadAction\",\"target\":[\"https:\\\/\\\/ecosupplements.ch\\\/?product=magnesium-citrate-300mg-90-tabs\"]}]},{\"@type\":\"ImageObject\",\"inLanguage\":\"de-CH\",\"@id\":\"https:\\\/\\\/ecosupplements.ch\\\/?product=magnesium-citrate-300mg-90-tabs#primaryimage\",\"url\":\"https:\\\/\\\/ecosupplements.ch\\\/wp-content\\\/uploads\\\/2026\\\/05\\\/Magnesium-Citrate-300mg-90-tabs.jpg\",\"contentUrl\":\"https:\\\/\\\/ecosupplements.ch\\\/wp-content\\\/uploads\\\/2026\\\/05\\\/Magnesium-Citrate-300mg-90-tabs.jpg\",\"width\":537,\"height\":710,\"caption\":\"Magnesium Citrate\"},{\"@type\":\"BreadcrumbList\",\"@id\":\"https:\\\/\\\/ecosupplements.ch\\\/?product=magnesium-citrate-300mg-90-tabs#breadcrumb\",\"itemListElement\":[{\"@type\":\"ListItem\",\"position\":1,\"name\":\"Home\",\"item\":\"https:\\\/\\\/ecosupplements.ch\\\/\"},{\"@type\":\"ListItem\",\"position\":2,\"name\":\"Shop\",\"item\":\"https:\\\/\\\/ecosupplements.ch\\\/?page_id=14\"},{\"@type\":\"ListItem\",\"position\":3,\"name\":\"Magnesium Citrate, 300mg &#8211; 90 tabs\"}]},{\"@type\":\"WebSite\",\"@id\":\"https:\\\/\\\/ecosupplements.ch\\\/#website\",\"url\":\"https:\\\/\\\/ecosupplements.ch\\\/\",\"name\":\"Eco Supplements\",\"description\":\"\",\"potentialAction\":[{\"@type\":\"SearchAction\",\"target\":{\"@type\":\"EntryPoint\",\"urlTemplate\":\"https:\\\/\\\/ecosupplements.ch\\\/?s={search_term_string}\"},\"query-input\":{\"@type\":\"PropertyValueSpecification\",\"valueRequired\":true,\"valueName\":\"search_term_string\"}}],\"inLanguage\":\"de-CH\"}]}<\/script>\n<meta property=\"product:price:amount\" content=\"5.31\" \/>\n<meta property=\"product:price:currency\" content=\"CHF\" \/>\n<meta property=\"og:availability\" content=\"out of stock\" \/>\n<meta property=\"product:availability\" content=\"out of stock\" \/>\n<meta property=\"product:retailer_item_id\" content=\"5059604469510\" \/>\n<meta property=\"product:condition\" content=\"new\" \/>\n<!-- \/ Yoast SEO plugin. -->","yoast_head_json":{"title":"Magnesium Citrate 300mg \u2013 Holland & Barrett | ecosupplements.ch","description":"Magnesium Citrate von Holland & Barrett \u2013 300 mg pro Tagesdosis f\u00fcr Muskeln, Nerven und Energiestoffwechsel. 90 Tabletten, vegan. Jetzt bestellen.","robots":{"index":"index","follow":"follow","max-snippet":"max-snippet:-1","max-image-preview":"max-image-preview:large","max-video-preview":"max-video-preview:-1"},"canonical":"https:\/\/ecosupplements.ch\/?product=magnesium-citrate-300mg-90-tabs","og_locale":"de_DE","og_type":"article","og_title":"Magnesium Citrate 300mg \u2013 Holland & Barrett | ecosupplements.ch","og_description":"Magnesium Citrate von Holland & Barrett \u2013 300 mg pro Tagesdosis f\u00fcr Muskeln, Nerven und Energiestoffwechsel. 90 Tabletten, vegan. Jetzt bestellen.","og_url":"https:\/\/ecosupplements.ch\/?product=magnesium-citrate-300mg-90-tabs","og_site_name":"Eco Supplements","article_modified_time":"2026-05-13T07:24:56+00:00","og_image":[{"width":537,"height":710,"url":"https:\/\/ecosupplements.ch\/wp-content\/uploads\/2026\/05\/Magnesium-Citrate-300mg-90-tabs.jpg","type":"image\/jpeg"}],"twitter_card":"summary_large_image","twitter_misc":{"Price":"&#67;&#72;&#70;&nbsp;5.31","Availability":"Out of stock"},"schema":{"@context":"https:\/\/schema.org","@graph":[{"@type":"WebPage","@id":"https:\/\/ecosupplements.ch\/?product=magnesium-citrate-300mg-90-tabs","url":"https:\/\/ecosupplements.ch\/?product=magnesium-citrate-300mg-90-tabs","name":"Magnesium Citrate 300mg \u2013 Holland & Barrett | ecosupplements.ch","isPartOf":{"@id":"https:\/\/ecosupplements.ch\/#website"},"primaryImageOfPage":{"@id":"https:\/\/ecosupplements.ch\/?product=magnesium-citrate-300mg-90-tabs#primaryimage"},"image":{"@id":"https:\/\/ecosupplements.ch\/?product=magnesium-citrate-300mg-90-tabs#primaryimage"},"thumbnailUrl":"https:\/\/ecosupplements.ch\/wp-content\/uploads\/2026\/05\/Magnesium-Citrate-300mg-90-tabs.jpg","datePublished":"2026-05-11T14:32:20+00:00","dateModified":"2026-05-13T07:24:56+00:00","description":"Magnesium Citrate von Holland & Barrett \u2013 300 mg pro Tagesdosis f\u00fcr Muskeln, Nerven und Energiestoffwechsel. 90 Tabletten, vegan. Jetzt bestellen.","breadcrumb":{"@id":"https:\/\/ecosupplements.ch\/?product=magnesium-citrate-300mg-90-tabs#breadcrumb"},"inLanguage":"de-CH","potentialAction":[{"@type":"ReadAction","target":["https:\/\/ecosupplements.ch\/?product=magnesium-citrate-300mg-90-tabs"]}]},{"@type":"ImageObject","inLanguage":"de-CH","@id":"https:\/\/ecosupplements.ch\/?product=magnesium-citrate-300mg-90-tabs#primaryimage","url":"https:\/\/ecosupplements.ch\/wp-content\/uploads\/2026\/05\/Magnesium-Citrate-300mg-90-tabs.jpg","contentUrl":"https:\/\/ecosupplements.ch\/wp-content\/uploads\/2026\/05\/Magnesium-Citrate-300mg-90-tabs.jpg","width":537,"height":710,"caption":"Magnesium Citrate"},{"@type":"BreadcrumbList","@id":"https:\/\/ecosupplements.ch\/?product=magnesium-citrate-300mg-90-tabs#breadcrumb","itemListElement":[{"@type":"ListItem","position":1,"name":"Home","item":"https:\/\/ecosupplements.ch\/"},{"@type":"ListItem","position":2,"name":"Shop","item":"https:\/\/ecosupplements.ch\/?page_id=14"},{"@type":"ListItem","position":3,"name":"Magnesium Citrate, 300mg &#8211; 90 tabs"}]},{"@type":"WebSite","@id":"https:\/\/ecosupplements.ch\/#website","url":"https:\/\/ecosupplements.ch\/","name":"Eco Supplements","description":"","potentialAction":[{"@type":"SearchAction","target":{"@type":"EntryPoint","urlTemplate":"https:\/\/ecosupplements.ch\/?s={search_term_string}"},"query-input":{"@type":"PropertyValueSpecification","valueRequired":true,"valueName":"search_term_string"}}],"inLanguage":"de-CH"}]},"product_price_amount":"5.31","product_price_currency":"CHF","og_availability":"out of stock","product_availability":"out of stock","product_retailer_item_id":"5059604469510","product_condition":"new"},"_links":{"self":[{"href":"https:\/\/ecosupplements.ch\/index.php?rest_route=\/wp\/v2\/product\/1853","targetHints":{"allow":["GET"]}}],"collection":[{"href":"https:\/\/ecosupplements.ch\/index.php?rest_route=\/wp\/v2\/product"}],"about":[{"href":"https:\/\/ecosupplements.ch\/index.php?rest_route=\/wp\/v2\/types\/product"}],"replies":[{"embeddable":true,"href":"https:\/\/ecosupplements.ch\/index.php?rest_route=%2Fwp%2Fv2%2Fcomments&post=1853"}],"wp:featuredmedia":[{"embeddable":true,"href":"https:\/\/ecosupplements.ch\/index.php?rest_route=\/wp\/v2\/media\/1854"}],"wp:attachment":[{"href":"https:\/\/ecosupplements.ch\/index.php?rest_route=%2Fwp%2Fv2%2Fmedia&parent=1853"}],"wp:term":[{"taxonomy":"product_brand","embeddable":true,"href":"https:\/\/ecosupplements.ch\/index.php?rest_route=%2Fwp%2Fv2%2Fproduct_brand&post=1853"},{"taxonomy":"product_cat","embeddable":true,"href":"https:\/\/ecosupplements.ch\/index.php?rest_route=%2Fwp%2Fv2%2Fproduct_cat&post=1853"},{"taxonomy":"product_tag","embeddable":true,"href":"https:\/\/ecosupplements.ch\/index.php?rest_route=%2Fwp%2Fv2%2Fproduct_tag&post=1853"}],"curies":[{"name":"wp","href":"https:\/\/api.w.org\/{rel}","templated":true}]}}