{"id":1881,"date":"2026-05-11T14:32:30","date_gmt":"2026-05-11T14:32:30","guid":{"rendered":"https:\/\/ecosupplements.ch\/?product=super-strength-coq-10-200mg-30-vcaps"},"modified":"2026-05-13T07:25:19","modified_gmt":"2026-05-13T07:25:19","slug":"super-strength-coq-10-200mg-30-vcaps","status":"publish","type":"product","link":"https:\/\/ecosupplements.ch\/?product=super-strength-coq-10-200mg-30-vcaps","title":{"rendered":"Super Strength CoQ-10, 200mg &#8211; 30 vcaps"},"content":{"rendered":"<div class=\"chcg-product-description\">\n<h2 class=\"chcg-heading\">\u00dcber Holland &amp; Barrett \u2013 Super Strength CoQ-10, 200mg \u2013 30 Vcaps<\/h2>\n<div class=\"chcg-intro\">\n<p>Coenzym Q10 ist eine k\u00f6rpereigene Substanz, die in nahezu jeder Zelle des menschlichen K\u00f6rpers vorkommt und eine zentrale Rolle im zellul\u00e4ren Energiestoffwechsel spielt. Mit 200 mg pro Kapsel bietet dieses Produkt von Holland &amp; Barrett eine hochdosierte Zufuhr von CoQ10 in praktischer Kapselform \u2013 ideal f\u00fcr alle, die ihren t\u00e4glichen Bedarf gezielt erg\u00e4nzen m\u00f6chten.<\/p>\n<p>Die Kapseln sind in Sonnenblumen\u00f6l eingebettet, was die Aufnahme des fettl\u00f6slichen Coenzym Q10 im K\u00f6rper unterst\u00fctzt. Jede Packung enth\u00e4lt 30 Vcaps, was einem Monatsvorrat bei der empfohlenen Einnahme von einer Kapsel pro Tag entspricht.<\/p>\n<p>Das Produkt ist sowohl f\u00fcr Veganer als auch f\u00fcr Vegetarier geeignet und enth\u00e4lt keine tierischen Bestandteile. Die Kapselh\u00fclle besteht aus pflanzlichen Inhaltsstoffen.<\/p>\n<\/p><\/div>\n<div class=\"chcg-nutrition\">\n<h3>N\u00e4hrwertangaben<\/h3>\n<table class=\"chcg-nutrition-table\">\n<thead>\n<tr>\n<th>N\u00e4hrstoff<\/th>\n<th>Pro Portion (1 Kapsel)<\/th>\n<\/tr>\n<\/thead>\n<tbody>\n<tr>\n<td>Coenzym Q10<\/td>\n<td>200 mg<\/td>\n<\/tr>\n<\/tbody>\n<\/table>\n<p class=\"chcg-footnote\">* Kein festgelegter Tagesbedarf (NRV) vorhanden.<\/p>\n<\/p><\/div>\n<div class=\"chcg-ingredients\">\n<h3>Zutaten<\/h3>\n<p>Sonnenblumenkern\u00f6l, Kapselh\u00fclle (Glycerol, modifizierte Maisst\u00e4rke, Carrageen), Coenzym Q-10, Farbstoff (Rotes Eisenoxid), Trennmittel (Siliciumdioxid), S\u00e4uerungsmittel (Natriumcarbonat, wasserfrei).<\/p>\n<p class=\"chcg-capsule-shell\">Kapselh\u00fclle: Glycerol, modifizierte Maisst\u00e4rke, Carrageen<\/p>\n<\/p><\/div>\n<div class=\"chcg-dosage\">\n<h3>Verzehrempfehlung<\/h3>\n<p>T\u00e4glich 1 Kapsel einnehmen, vorzugsweise zu einer Mahlzeit. Die angegebene Tagesdosis darf nicht \u00fcberschritten werden.<\/p>\n<\/p><\/div>\n<div class=\"chcg-warnings\">\n<h3>Warnhinweise<\/h3>\n<p>Nahrungserg\u00e4nzungsmittel sind kein Ersatz f\u00fcr eine abwechslungsreiche und ausgewogene Ern\u00e4hrung sowie einen gesunden Lebensstil. Wenn Sie schwanger sind, stillen, Medikamente einnehmen oder unter \u00e4rztlicher Aufsicht stehen, konsultieren Sie vor der Einnahme bitte einen Arzt oder eine medizinische Fachperson. Bei unerw\u00fcnschten Reaktionen die Einnahme abbrechen und einen Arzt aufsuchen. Ausserhalb der Sicht- und Reichweite von Kindern aufbewahren. Nicht verwenden, wenn die Schutzversiegelung unter dem Verschluss besch\u00e4digt oder fehlend ist.<\/p>\n<\/p><\/div>\n<div class=\"chcg-allergens\">\n<h3>Allergeninformationen<\/h3>\n<p>Keine Allergene auf dem Produktetikett deklariert. Kein Hefe, kein Schweinefleisch\/porcine Bestandteile.<\/p>\n<\/p><\/div>\n<div class=\"chcg-storage\">\n<h3>Lagerung<\/h3>\n<p>An einem k\u00fchlen, trockenen Ort aufbewahren.<\/p>\n<\/p><\/div>\n<div class=\"chcg-dietary\">\n<h3>Ern\u00e4hrungshinweise<\/h3>\n<ul>\n<li>Vegan<\/li>\n<li>Vegetarisch<\/li>\n<\/ul><\/div>\n<\/div>\n","protected":false},"excerpt":{"rendered":"<p>Holland &amp; Barrett Super Strength CoQ-10 liefert 200 mg Coenzym Q10 pro Kapsel zur gezielten t\u00e4glichen Erg\u00e4nzung. 30 vegane Vcaps pro Packung \u2013 praktisch f\u00fcr einen Monatsvorrat. Jetzt bestellen.<\/p>\n","protected":false},"featured_media":1882,"comment_status":"closed","ping_status":"open","template":"","meta":[],"product_brand":[197],"product_cat":[48,25,22],"product_tag":[],"class_list":{"0":"post-1881","1":"product","2":"type-product","3":"status-publish","4":"has-post-thumbnail","6":"product_brand-holland-barrett","7":"product_cat-gesunde-ernaehrung","8":"product_cat-gesundheit-und-wohlbefinden","9":"product_cat-vegane-produkte","11":"first","12":"outofstock","13":"sale","14":"taxable","15":"shipping-taxable","16":"purchasable","17":"product-type-simple"},"yoast_head":"<!-- This site is optimized with the Yoast SEO plugin v27.5 - https:\/\/yoast.com\/product\/yoast-seo-wordpress\/ -->\n<title>Super Strength CoQ-10 200mg \u2013 Holland &amp; Barrett | ecosupplements.ch<\/title>\n<meta name=\"description\" content=\"200 mg Coenzym Q10 pro veganer Kapsel von Holland &amp; Barrett \u2013 30 Vcaps f\u00fcr einen Monat. Jetzt bestellen auf ecosupplements.ch.\" \/>\n<meta name=\"robots\" content=\"index, follow, max-snippet:-1, max-image-preview:large, max-video-preview:-1\" \/>\n<link rel=\"canonical\" href=\"https:\/\/ecosupplements.ch\/?product=super-strength-coq-10-200mg-30-vcaps\" \/>\n<meta property=\"og:locale\" content=\"de_DE\" \/>\n<meta property=\"og:type\" content=\"article\" \/>\n<meta property=\"og:title\" content=\"Super Strength CoQ-10 200mg \u2013 Holland &amp; Barrett | ecosupplements.ch\" \/>\n<meta property=\"og:description\" content=\"200 mg Coenzym Q10 pro veganer Kapsel von Holland &amp; Barrett \u2013 30 Vcaps f\u00fcr einen Monat. Jetzt bestellen auf ecosupplements.ch.\" \/>\n<meta property=\"og:url\" content=\"https:\/\/ecosupplements.ch\/?product=super-strength-coq-10-200mg-30-vcaps\" \/>\n<meta property=\"og:site_name\" content=\"Eco Supplements\" \/>\n<meta property=\"article:modified_time\" content=\"2026-05-13T07:25:19+00:00\" \/>\n<meta property=\"og:image\" content=\"https:\/\/ecosupplements.ch\/wp-content\/uploads\/2026\/05\/Super-Strength-CoQ-10-200mg-30-vcaps.jpg\" \/>\n\t<meta property=\"og:image:width\" content=\"724\" \/>\n\t<meta property=\"og:image:height\" content=\"724\" \/>\n\t<meta property=\"og:image:type\" content=\"image\/jpeg\" \/>\n<meta name=\"twitter:card\" content=\"summary_large_image\" \/>\n<meta name=\"twitter:label1\" content=\"Price\" \/>\n\t<meta name=\"twitter:data1\" content=\"&#067;&#072;&#070;&nbsp;14.17\" \/>\n\t<meta name=\"twitter:label2\" content=\"Availability\" \/>\n\t<meta name=\"twitter:data2\" content=\"Out of stock\" \/>\n<script type=\"application\/ld+json\" class=\"yoast-schema-graph\">{\"@context\":\"https:\\\/\\\/schema.org\",\"@graph\":[{\"@type\":\"WebPage\",\"@id\":\"https:\\\/\\\/ecosupplements.ch\\\/?product=super-strength-coq-10-200mg-30-vcaps\",\"url\":\"https:\\\/\\\/ecosupplements.ch\\\/?product=super-strength-coq-10-200mg-30-vcaps\",\"name\":\"Super Strength CoQ-10 200mg \u2013 Holland & Barrett | ecosupplements.ch\",\"isPartOf\":{\"@id\":\"https:\\\/\\\/ecosupplements.ch\\\/#website\"},\"primaryImageOfPage\":{\"@id\":\"https:\\\/\\\/ecosupplements.ch\\\/?product=super-strength-coq-10-200mg-30-vcaps#primaryimage\"},\"image\":{\"@id\":\"https:\\\/\\\/ecosupplements.ch\\\/?product=super-strength-coq-10-200mg-30-vcaps#primaryimage\"},\"thumbnailUrl\":\"https:\\\/\\\/ecosupplements.ch\\\/wp-content\\\/uploads\\\/2026\\\/05\\\/Super-Strength-CoQ-10-200mg-30-vcaps.jpg\",\"datePublished\":\"2026-05-11T14:32:30+00:00\",\"dateModified\":\"2026-05-13T07:25:19+00:00\",\"description\":\"200 mg Coenzym Q10 pro veganer Kapsel von Holland & Barrett \u2013 30 Vcaps f\u00fcr einen Monat. Jetzt bestellen auf ecosupplements.ch.\",\"breadcrumb\":{\"@id\":\"https:\\\/\\\/ecosupplements.ch\\\/?product=super-strength-coq-10-200mg-30-vcaps#breadcrumb\"},\"inLanguage\":\"de-CH\",\"potentialAction\":[{\"@type\":\"ReadAction\",\"target\":[\"https:\\\/\\\/ecosupplements.ch\\\/?product=super-strength-coq-10-200mg-30-vcaps\"]}]},{\"@type\":\"ImageObject\",\"inLanguage\":\"de-CH\",\"@id\":\"https:\\\/\\\/ecosupplements.ch\\\/?product=super-strength-coq-10-200mg-30-vcaps#primaryimage\",\"url\":\"https:\\\/\\\/ecosupplements.ch\\\/wp-content\\\/uploads\\\/2026\\\/05\\\/Super-Strength-CoQ-10-200mg-30-vcaps.jpg\",\"contentUrl\":\"https:\\\/\\\/ecosupplements.ch\\\/wp-content\\\/uploads\\\/2026\\\/05\\\/Super-Strength-CoQ-10-200mg-30-vcaps.jpg\",\"width\":724,\"height\":724,\"caption\":\"Super Strength CoQ-10\"},{\"@type\":\"BreadcrumbList\",\"@id\":\"https:\\\/\\\/ecosupplements.ch\\\/?product=super-strength-coq-10-200mg-30-vcaps#breadcrumb\",\"itemListElement\":[{\"@type\":\"ListItem\",\"position\":1,\"name\":\"Home\",\"item\":\"https:\\\/\\\/ecosupplements.ch\\\/\"},{\"@type\":\"ListItem\",\"position\":2,\"name\":\"Shop\",\"item\":\"https:\\\/\\\/ecosupplements.ch\\\/?page_id=14\"},{\"@type\":\"ListItem\",\"position\":3,\"name\":\"Super Strength CoQ-10, 200mg &#8211; 30 vcaps\"}]},{\"@type\":\"WebSite\",\"@id\":\"https:\\\/\\\/ecosupplements.ch\\\/#website\",\"url\":\"https:\\\/\\\/ecosupplements.ch\\\/\",\"name\":\"Eco Supplements\",\"description\":\"\",\"potentialAction\":[{\"@type\":\"SearchAction\",\"target\":{\"@type\":\"EntryPoint\",\"urlTemplate\":\"https:\\\/\\\/ecosupplements.ch\\\/?s={search_term_string}\"},\"query-input\":{\"@type\":\"PropertyValueSpecification\",\"valueRequired\":true,\"valueName\":\"search_term_string\"}}],\"inLanguage\":\"de-CH\"}]}<\/script>\n<meta property=\"product:price:amount\" content=\"14.17\" \/>\n<meta property=\"product:price:currency\" content=\"CHF\" \/>\n<meta property=\"og:availability\" content=\"out of stock\" \/>\n<meta property=\"product:availability\" content=\"out of stock\" \/>\n<meta property=\"product:retailer_item_id\" content=\"5059604473364\" \/>\n<meta property=\"product:condition\" content=\"new\" \/>\n<!-- \/ Yoast SEO plugin. -->","yoast_head_json":{"title":"Super Strength CoQ-10 200mg \u2013 Holland & Barrett | ecosupplements.ch","description":"200 mg Coenzym Q10 pro veganer Kapsel von Holland & Barrett \u2013 30 Vcaps f\u00fcr einen Monat. Jetzt bestellen auf ecosupplements.ch.","robots":{"index":"index","follow":"follow","max-snippet":"max-snippet:-1","max-image-preview":"max-image-preview:large","max-video-preview":"max-video-preview:-1"},"canonical":"https:\/\/ecosupplements.ch\/?product=super-strength-coq-10-200mg-30-vcaps","og_locale":"de_DE","og_type":"article","og_title":"Super Strength CoQ-10 200mg \u2013 Holland & Barrett | ecosupplements.ch","og_description":"200 mg Coenzym Q10 pro veganer Kapsel von Holland & Barrett \u2013 30 Vcaps f\u00fcr einen Monat. Jetzt bestellen auf ecosupplements.ch.","og_url":"https:\/\/ecosupplements.ch\/?product=super-strength-coq-10-200mg-30-vcaps","og_site_name":"Eco Supplements","article_modified_time":"2026-05-13T07:25:19+00:00","og_image":[{"width":724,"height":724,"url":"https:\/\/ecosupplements.ch\/wp-content\/uploads\/2026\/05\/Super-Strength-CoQ-10-200mg-30-vcaps.jpg","type":"image\/jpeg"}],"twitter_card":"summary_large_image","twitter_misc":{"Price":"&#67;&#72;&#70;&nbsp;14.17","Availability":"Out of stock"},"schema":{"@context":"https:\/\/schema.org","@graph":[{"@type":"WebPage","@id":"https:\/\/ecosupplements.ch\/?product=super-strength-coq-10-200mg-30-vcaps","url":"https:\/\/ecosupplements.ch\/?product=super-strength-coq-10-200mg-30-vcaps","name":"Super Strength CoQ-10 200mg \u2013 Holland & Barrett | ecosupplements.ch","isPartOf":{"@id":"https:\/\/ecosupplements.ch\/#website"},"primaryImageOfPage":{"@id":"https:\/\/ecosupplements.ch\/?product=super-strength-coq-10-200mg-30-vcaps#primaryimage"},"image":{"@id":"https:\/\/ecosupplements.ch\/?product=super-strength-coq-10-200mg-30-vcaps#primaryimage"},"thumbnailUrl":"https:\/\/ecosupplements.ch\/wp-content\/uploads\/2026\/05\/Super-Strength-CoQ-10-200mg-30-vcaps.jpg","datePublished":"2026-05-11T14:32:30+00:00","dateModified":"2026-05-13T07:25:19+00:00","description":"200 mg Coenzym Q10 pro veganer Kapsel von Holland & Barrett \u2013 30 Vcaps f\u00fcr einen Monat. Jetzt bestellen auf ecosupplements.ch.","breadcrumb":{"@id":"https:\/\/ecosupplements.ch\/?product=super-strength-coq-10-200mg-30-vcaps#breadcrumb"},"inLanguage":"de-CH","potentialAction":[{"@type":"ReadAction","target":["https:\/\/ecosupplements.ch\/?product=super-strength-coq-10-200mg-30-vcaps"]}]},{"@type":"ImageObject","inLanguage":"de-CH","@id":"https:\/\/ecosupplements.ch\/?product=super-strength-coq-10-200mg-30-vcaps#primaryimage","url":"https:\/\/ecosupplements.ch\/wp-content\/uploads\/2026\/05\/Super-Strength-CoQ-10-200mg-30-vcaps.jpg","contentUrl":"https:\/\/ecosupplements.ch\/wp-content\/uploads\/2026\/05\/Super-Strength-CoQ-10-200mg-30-vcaps.jpg","width":724,"height":724,"caption":"Super Strength CoQ-10"},{"@type":"BreadcrumbList","@id":"https:\/\/ecosupplements.ch\/?product=super-strength-coq-10-200mg-30-vcaps#breadcrumb","itemListElement":[{"@type":"ListItem","position":1,"name":"Home","item":"https:\/\/ecosupplements.ch\/"},{"@type":"ListItem","position":2,"name":"Shop","item":"https:\/\/ecosupplements.ch\/?page_id=14"},{"@type":"ListItem","position":3,"name":"Super Strength CoQ-10, 200mg &#8211; 30 vcaps"}]},{"@type":"WebSite","@id":"https:\/\/ecosupplements.ch\/#website","url":"https:\/\/ecosupplements.ch\/","name":"Eco Supplements","description":"","potentialAction":[{"@type":"SearchAction","target":{"@type":"EntryPoint","urlTemplate":"https:\/\/ecosupplements.ch\/?s={search_term_string}"},"query-input":{"@type":"PropertyValueSpecification","valueRequired":true,"valueName":"search_term_string"}}],"inLanguage":"de-CH"}]},"product_price_amount":"14.17","product_price_currency":"CHF","og_availability":"out of stock","product_availability":"out of stock","product_retailer_item_id":"5059604473364","product_condition":"new"},"_links":{"self":[{"href":"https:\/\/ecosupplements.ch\/index.php?rest_route=\/wp\/v2\/product\/1881","targetHints":{"allow":["GET"]}}],"collection":[{"href":"https:\/\/ecosupplements.ch\/index.php?rest_route=\/wp\/v2\/product"}],"about":[{"href":"https:\/\/ecosupplements.ch\/index.php?rest_route=\/wp\/v2\/types\/product"}],"replies":[{"embeddable":true,"href":"https:\/\/ecosupplements.ch\/index.php?rest_route=%2Fwp%2Fv2%2Fcomments&post=1881"}],"wp:featuredmedia":[{"embeddable":true,"href":"https:\/\/ecosupplements.ch\/index.php?rest_route=\/wp\/v2\/media\/1882"}],"wp:attachment":[{"href":"https:\/\/ecosupplements.ch\/index.php?rest_route=%2Fwp%2Fv2%2Fmedia&parent=1881"}],"wp:term":[{"taxonomy":"product_brand","embeddable":true,"href":"https:\/\/ecosupplements.ch\/index.php?rest_route=%2Fwp%2Fv2%2Fproduct_brand&post=1881"},{"taxonomy":"product_cat","embeddable":true,"href":"https:\/\/ecosupplements.ch\/index.php?rest_route=%2Fwp%2Fv2%2Fproduct_cat&post=1881"},{"taxonomy":"product_tag","embeddable":true,"href":"https:\/\/ecosupplements.ch\/index.php?rest_route=%2Fwp%2Fv2%2Fproduct_tag&post=1881"}],"curies":[{"name":"wp","href":"https:\/\/api.w.org\/{rel}","templated":true}]}}