{"id":1891,"date":"2026-05-11T14:32:35","date_gmt":"2026-05-11T14:32:35","guid":{"rendered":"https:\/\/ecosupplements.ch\/?product=alpha-lipoic-sustain-with-biotin-120-tabs"},"modified":"2026-05-13T07:24:48","modified_gmt":"2026-05-13T07:24:48","slug":"alpha-lipoic-sustain-with-biotin-120-tabs","status":"publish","type":"product","link":"https:\/\/ecosupplements.ch\/?product=alpha-lipoic-sustain-with-biotin-120-tabs","title":{"rendered":"Alpha Lipoic Sustain with Biotin &#8211; 120 tabs"},"content":{"rendered":"<div class=\"chcg-product-description\">\n<h2 class=\"chcg-heading\">\u00dcber Jarrow Formulas \u2013 Alpha Lipoic Sustain mit Biotin \u2013 120 Tabletten<\/h2>\n<div class=\"chcg-intro\">\n<p>Alpha Lipoic Sustain von Jarrow Formulas kombiniert 300 mg Alpha-Lipons\u00e4ure (Thiocts\u00e4ure) mit 330 mcg Biotin in einer praktischen Sustain-Tablette. Die Alpha-Lipons\u00e4ure ist eine k\u00f6rpereigene Verbindung, die in jeder K\u00f6rperzelle vorkommt und eine wichtige Rolle im Energiestoffwechsel spielt. Dank der speziellen Tablettenformulierung wird der Wirkstoff \u00fcber einen l\u00e4ngeren Zeitraum freigesetzt.<\/p>\n<p>Biotin \u2013 auch bekannt als Vitamin B7 \u2013 tr\u00e4gt zur normalen Funktion des Energiestoffwechsels bei und unterst\u00fctzt die Erhaltung normaler Haut, Haare sowie eine normale Funktion des Nervensystems. Mit 330 mcg pro Tablette liefert dieses Produkt 1&#8217;100 % des Tagesbedarfs an Biotin gem\u00e4ss den Referenzwerten.<\/p>\n<p>Das Produkt ist vegan, vegetarisch, glutenfrei und laktosefrei \u2013 und damit f\u00fcr eine Vielzahl von Ern\u00e4hrungsweisen geeignet. Es enth\u00e4lt keine k\u00fcnstlichen Farbstoffe und wird mit pflanzlichen Quellen f\u00fcr Stearins\u00e4ure und Magnesiumstearat hergestellt.<\/p>\n<\/p><\/div>\n<div class=\"chcg-nutrition\">\n<h3>N\u00e4hrwertangaben<\/h3>\n<table class=\"chcg-nutrition-table\">\n<thead>\n<tr>\n<th>N\u00e4hrstoff<\/th>\n<th>Pro Portion (1 Tablette)<\/th>\n<\/tr>\n<\/thead>\n<tbody>\n<tr>\n<td>Alpha-Lipons\u00e4ure (Thiocts\u00e4ure)<\/td>\n<td>300 mg*<\/td>\n<\/tr>\n<tr>\n<td>Biotin (als d-Biotin)<\/td>\n<td>330 mcg (1&#8217;100 % NRV)<\/td>\n<\/tr>\n<\/tbody>\n<\/table>\n<p class=\"chcg-footnote\">* Kein festgelegter Tagesbedarf (NRV).<\/p>\n<p class=\"chcg-footnote\">NRV = N\u00e4hrstoffbezugswert gem\u00e4ss EU-Verordnung Nr. 1169\/2011.<\/p>\n<\/p><\/div>\n<div class=\"chcg-ingredients\">\n<h3>Zutaten<\/h3>\n<p>Biotin (als d-Biotin) 330 mcg, Alpha-Lipons\u00e4ure (Thiocts\u00e4ure) 300 mg. Weitere Zutaten: Calciumphosphat, Cellulose, mikrokristalline Cellulose, Glycerylbehenat, Stearins\u00e4ure (pflanzliche Quelle), Rote-Bete-Wurzelpulver (Farbstoff), nat\u00fcrliches Aroma, Magnesiumstearat (pflanzliche Quelle), Carbomer, Siliziumdioxid sowie \u00dcberzug (Hydroxypropylmethylcellulose, Stearins\u00e4ure [pflanzliche Quelle]).<\/p>\n<\/p><\/div>\n<div class=\"chcg-dosage\">\n<h3>Verzehrempfehlung<\/h3>\n<p>Erwachsene nehmen 1 Tablette 1\u20132 Mal t\u00e4glich zu den Mahlzeiten ein oder gem\u00e4ss Anweisung einer qualifizierten medizinischen Fachperson.<\/p>\n<\/p><\/div>\n<div class=\"chcg-warnings\">\n<h3>Warnhinweise<\/h3>\n<p>WARNUNG: Dieses Produkt enth\u00e4lt Biotin, welches Laborwerte und Bluttests beeinflussen kann. Konsultieren Sie vor der Einnahme eine medizinische Fachperson, wenn Sie schwanger sind oder stillen, unter 18 Jahre alt sind, Medikamente einnehmen oder an einer Erkrankung leiden (insbesondere wenn Sie wegen der Blutzuckerregulierung behandelt werden). Bei unerw\u00fcnschten Reaktionen ist die Einnahme zu beenden. Ausserhalb der Reichweite von Kindern aufbewahren.<\/p>\n<\/p><\/div>\n<div class=\"chcg-allergens\">\n<h3>Allergeninformationen<\/h3>\n<p>Enth\u00e4lt kein Weizen, Gluten, Soja, Milchprodukte, Ei, Fisch\/Meeresfr\u00fcchte, Erdn\u00fcsse\/Baumn\u00fcsse oder Sesam.<\/p>\n<\/p><\/div>\n<div class=\"chcg-storage\">\n<h3>Lagerung<\/h3>\n<p>An einem k\u00fchlen, trockenen Ort lagern.<\/p>\n<\/p><\/div>\n<div class=\"chcg-dietary\">\n<h3>Ern\u00e4hrungshinweise<\/h3>\n<ul>\n<li>Vegan<\/li>\n<li>Vegetarisch<\/li>\n<li>Glutenfrei<\/li>\n<li>Laktosefrei<\/li>\n<\/ul><\/div>\n<\/div>\n","protected":false},"excerpt":{"rendered":"<p>Alpha Lipoic Sustain von Jarrow Formulas liefert 300 mg Alpha-Lipons\u00e4ure und 330 mcg Biotin pro Tablette zur Unterst\u00fctzung des Energiestoffwechsels. Vegan, glutenfrei, 120 Tabletten pro Packung.<\/p>\n","protected":false},"featured_media":1892,"comment_status":"closed","ping_status":"open","template":"","meta":[],"product_brand":[198],"product_cat":[60,113,27,48,25,26,22,21],"product_tag":[],"class_list":{"0":"post-1891","1":"product","2":"type-product","3":"status-publish","4":"has-post-thumbnail","6":"product_brand-jarrow-formulas","7":"product_cat-alpha-liponsaeure","8":"product_cat-biotin","9":"product_cat-einige-vitamine","10":"product_cat-gesunde-ernaehrung","11":"product_cat-gesundheit-und-wohlbefinden","12":"product_cat-multivitamine","13":"product_cat-vegane-produkte","14":"product_cat-vitamine-und-mineralstoffe","16":"first","17":"outofstock","18":"taxable","19":"shipping-taxable","20":"purchasable","21":"product-type-simple"},"yoast_head":"<!-- This site is optimized with the Yoast SEO plugin v27.5 - https:\/\/yoast.com\/product\/yoast-seo-wordpress\/ -->\n<title>Alpha Lipoic Sustain mit Biotin 120 Tabs \u2013 Jarrow Formulas<\/title>\n<meta name=\"description\" content=\"300 mg Alpha-Lipons\u00e4ure und 330 mcg Biotin pro Tablette \u2013 vegan und glutenfrei, 120 Tabletten. Jetzt bestellen.\" \/>\n<meta name=\"robots\" content=\"index, follow, max-snippet:-1, max-image-preview:large, max-video-preview:-1\" \/>\n<link rel=\"canonical\" href=\"https:\/\/ecosupplements.ch\/?product=alpha-lipoic-sustain-with-biotin-120-tabs\" \/>\n<meta property=\"og:locale\" content=\"de_DE\" \/>\n<meta property=\"og:type\" content=\"article\" \/>\n<meta property=\"og:title\" content=\"Alpha Lipoic Sustain mit Biotin 120 Tabs \u2013 Jarrow Formulas\" \/>\n<meta property=\"og:description\" content=\"300 mg Alpha-Lipons\u00e4ure und 330 mcg Biotin pro Tablette \u2013 vegan und glutenfrei, 120 Tabletten. Jetzt bestellen.\" \/>\n<meta property=\"og:url\" content=\"https:\/\/ecosupplements.ch\/?product=alpha-lipoic-sustain-with-biotin-120-tabs\" \/>\n<meta property=\"og:site_name\" content=\"Eco Supplements\" \/>\n<meta property=\"article:modified_time\" content=\"2026-05-13T07:24:48+00:00\" \/>\n<meta property=\"og:image\" content=\"https:\/\/ecosupplements.ch\/wp-content\/uploads\/2026\/05\/Alpha-Lipoic-Sustain-with-Biotin-120-tabs.jpg\" \/>\n\t<meta property=\"og:image:width\" content=\"700\" \/>\n\t<meta property=\"og:image:height\" content=\"700\" \/>\n\t<meta property=\"og:image:type\" content=\"image\/jpeg\" \/>\n<meta name=\"twitter:card\" content=\"summary_large_image\" \/>\n<meta name=\"twitter:label1\" content=\"Price\" \/>\n\t<meta name=\"twitter:data1\" content=\"&#067;&#072;&#070;&nbsp;43.32\" \/>\n\t<meta name=\"twitter:label2\" content=\"Availability\" \/>\n\t<meta name=\"twitter:data2\" content=\"Out of stock\" \/>\n<script type=\"application\/ld+json\" class=\"yoast-schema-graph\">{\"@context\":\"https:\\\/\\\/schema.org\",\"@graph\":[{\"@type\":\"WebPage\",\"@id\":\"https:\\\/\\\/ecosupplements.ch\\\/?product=alpha-lipoic-sustain-with-biotin-120-tabs\",\"url\":\"https:\\\/\\\/ecosupplements.ch\\\/?product=alpha-lipoic-sustain-with-biotin-120-tabs\",\"name\":\"Alpha Lipoic Sustain mit Biotin 120 Tabs \u2013 Jarrow Formulas\",\"isPartOf\":{\"@id\":\"https:\\\/\\\/ecosupplements.ch\\\/#website\"},\"primaryImageOfPage\":{\"@id\":\"https:\\\/\\\/ecosupplements.ch\\\/?product=alpha-lipoic-sustain-with-biotin-120-tabs#primaryimage\"},\"image\":{\"@id\":\"https:\\\/\\\/ecosupplements.ch\\\/?product=alpha-lipoic-sustain-with-biotin-120-tabs#primaryimage\"},\"thumbnailUrl\":\"https:\\\/\\\/ecosupplements.ch\\\/wp-content\\\/uploads\\\/2026\\\/05\\\/Alpha-Lipoic-Sustain-with-Biotin-120-tabs.jpg\",\"datePublished\":\"2026-05-11T14:32:35+00:00\",\"dateModified\":\"2026-05-13T07:24:48+00:00\",\"description\":\"300 mg Alpha-Lipons\u00e4ure und 330 mcg Biotin pro Tablette \u2013 vegan und glutenfrei, 120 Tabletten. Jetzt bestellen.\",\"breadcrumb\":{\"@id\":\"https:\\\/\\\/ecosupplements.ch\\\/?product=alpha-lipoic-sustain-with-biotin-120-tabs#breadcrumb\"},\"inLanguage\":\"de-CH\",\"potentialAction\":[{\"@type\":\"ReadAction\",\"target\":[\"https:\\\/\\\/ecosupplements.ch\\\/?product=alpha-lipoic-sustain-with-biotin-120-tabs\"]}]},{\"@type\":\"ImageObject\",\"inLanguage\":\"de-CH\",\"@id\":\"https:\\\/\\\/ecosupplements.ch\\\/?product=alpha-lipoic-sustain-with-biotin-120-tabs#primaryimage\",\"url\":\"https:\\\/\\\/ecosupplements.ch\\\/wp-content\\\/uploads\\\/2026\\\/05\\\/Alpha-Lipoic-Sustain-with-Biotin-120-tabs.jpg\",\"contentUrl\":\"https:\\\/\\\/ecosupplements.ch\\\/wp-content\\\/uploads\\\/2026\\\/05\\\/Alpha-Lipoic-Sustain-with-Biotin-120-tabs.jpg\",\"width\":700,\"height\":700,\"caption\":\"Alpha Lipoic Sustain with Biotin - 120 tabs\"},{\"@type\":\"BreadcrumbList\",\"@id\":\"https:\\\/\\\/ecosupplements.ch\\\/?product=alpha-lipoic-sustain-with-biotin-120-tabs#breadcrumb\",\"itemListElement\":[{\"@type\":\"ListItem\",\"position\":1,\"name\":\"Home\",\"item\":\"https:\\\/\\\/ecosupplements.ch\\\/\"},{\"@type\":\"ListItem\",\"position\":2,\"name\":\"Shop\",\"item\":\"https:\\\/\\\/ecosupplements.ch\\\/?page_id=14\"},{\"@type\":\"ListItem\",\"position\":3,\"name\":\"Alpha Lipoic Sustain with Biotin &#8211; 120 tabs\"}]},{\"@type\":\"WebSite\",\"@id\":\"https:\\\/\\\/ecosupplements.ch\\\/#website\",\"url\":\"https:\\\/\\\/ecosupplements.ch\\\/\",\"name\":\"Eco Supplements\",\"description\":\"\",\"potentialAction\":[{\"@type\":\"SearchAction\",\"target\":{\"@type\":\"EntryPoint\",\"urlTemplate\":\"https:\\\/\\\/ecosupplements.ch\\\/?s={search_term_string}\"},\"query-input\":{\"@type\":\"PropertyValueSpecification\",\"valueRequired\":true,\"valueName\":\"search_term_string\"}}],\"inLanguage\":\"de-CH\"}]}<\/script>\n<meta property=\"product:price:amount\" content=\"43.32\" \/>\n<meta property=\"product:price:currency\" content=\"CHF\" \/>\n<meta property=\"og:availability\" content=\"out of stock\" \/>\n<meta property=\"product:availability\" content=\"out of stock\" \/>\n<meta property=\"product:retailer_item_id\" content=\"790011200369\" \/>\n<meta property=\"product:condition\" content=\"new\" \/>\n<!-- \/ Yoast SEO plugin. -->","yoast_head_json":{"title":"Alpha Lipoic Sustain mit Biotin 120 Tabs \u2013 Jarrow Formulas","description":"300 mg Alpha-Lipons\u00e4ure und 330 mcg Biotin pro Tablette \u2013 vegan und glutenfrei, 120 Tabletten. Jetzt bestellen.","robots":{"index":"index","follow":"follow","max-snippet":"max-snippet:-1","max-image-preview":"max-image-preview:large","max-video-preview":"max-video-preview:-1"},"canonical":"https:\/\/ecosupplements.ch\/?product=alpha-lipoic-sustain-with-biotin-120-tabs","og_locale":"de_DE","og_type":"article","og_title":"Alpha Lipoic Sustain mit Biotin 120 Tabs \u2013 Jarrow Formulas","og_description":"300 mg Alpha-Lipons\u00e4ure und 330 mcg Biotin pro Tablette \u2013 vegan und glutenfrei, 120 Tabletten. Jetzt bestellen.","og_url":"https:\/\/ecosupplements.ch\/?product=alpha-lipoic-sustain-with-biotin-120-tabs","og_site_name":"Eco Supplements","article_modified_time":"2026-05-13T07:24:48+00:00","og_image":[{"width":700,"height":700,"url":"https:\/\/ecosupplements.ch\/wp-content\/uploads\/2026\/05\/Alpha-Lipoic-Sustain-with-Biotin-120-tabs.jpg","type":"image\/jpeg"}],"twitter_card":"summary_large_image","twitter_misc":{"Price":"&#67;&#72;&#70;&nbsp;43.32","Availability":"Out of stock"},"schema":{"@context":"https:\/\/schema.org","@graph":[{"@type":"WebPage","@id":"https:\/\/ecosupplements.ch\/?product=alpha-lipoic-sustain-with-biotin-120-tabs","url":"https:\/\/ecosupplements.ch\/?product=alpha-lipoic-sustain-with-biotin-120-tabs","name":"Alpha Lipoic Sustain mit Biotin 120 Tabs \u2013 Jarrow Formulas","isPartOf":{"@id":"https:\/\/ecosupplements.ch\/#website"},"primaryImageOfPage":{"@id":"https:\/\/ecosupplements.ch\/?product=alpha-lipoic-sustain-with-biotin-120-tabs#primaryimage"},"image":{"@id":"https:\/\/ecosupplements.ch\/?product=alpha-lipoic-sustain-with-biotin-120-tabs#primaryimage"},"thumbnailUrl":"https:\/\/ecosupplements.ch\/wp-content\/uploads\/2026\/05\/Alpha-Lipoic-Sustain-with-Biotin-120-tabs.jpg","datePublished":"2026-05-11T14:32:35+00:00","dateModified":"2026-05-13T07:24:48+00:00","description":"300 mg Alpha-Lipons\u00e4ure und 330 mcg Biotin pro Tablette \u2013 vegan und glutenfrei, 120 Tabletten. Jetzt bestellen.","breadcrumb":{"@id":"https:\/\/ecosupplements.ch\/?product=alpha-lipoic-sustain-with-biotin-120-tabs#breadcrumb"},"inLanguage":"de-CH","potentialAction":[{"@type":"ReadAction","target":["https:\/\/ecosupplements.ch\/?product=alpha-lipoic-sustain-with-biotin-120-tabs"]}]},{"@type":"ImageObject","inLanguage":"de-CH","@id":"https:\/\/ecosupplements.ch\/?product=alpha-lipoic-sustain-with-biotin-120-tabs#primaryimage","url":"https:\/\/ecosupplements.ch\/wp-content\/uploads\/2026\/05\/Alpha-Lipoic-Sustain-with-Biotin-120-tabs.jpg","contentUrl":"https:\/\/ecosupplements.ch\/wp-content\/uploads\/2026\/05\/Alpha-Lipoic-Sustain-with-Biotin-120-tabs.jpg","width":700,"height":700,"caption":"Alpha Lipoic Sustain with Biotin - 120 tabs"},{"@type":"BreadcrumbList","@id":"https:\/\/ecosupplements.ch\/?product=alpha-lipoic-sustain-with-biotin-120-tabs#breadcrumb","itemListElement":[{"@type":"ListItem","position":1,"name":"Home","item":"https:\/\/ecosupplements.ch\/"},{"@type":"ListItem","position":2,"name":"Shop","item":"https:\/\/ecosupplements.ch\/?page_id=14"},{"@type":"ListItem","position":3,"name":"Alpha Lipoic Sustain with Biotin &#8211; 120 tabs"}]},{"@type":"WebSite","@id":"https:\/\/ecosupplements.ch\/#website","url":"https:\/\/ecosupplements.ch\/","name":"Eco Supplements","description":"","potentialAction":[{"@type":"SearchAction","target":{"@type":"EntryPoint","urlTemplate":"https:\/\/ecosupplements.ch\/?s={search_term_string}"},"query-input":{"@type":"PropertyValueSpecification","valueRequired":true,"valueName":"search_term_string"}}],"inLanguage":"de-CH"}]},"product_price_amount":"43.32","product_price_currency":"CHF","og_availability":"out of stock","product_availability":"out of stock","product_retailer_item_id":"790011200369","product_condition":"new"},"_links":{"self":[{"href":"https:\/\/ecosupplements.ch\/index.php?rest_route=\/wp\/v2\/product\/1891","targetHints":{"allow":["GET"]}}],"collection":[{"href":"https:\/\/ecosupplements.ch\/index.php?rest_route=\/wp\/v2\/product"}],"about":[{"href":"https:\/\/ecosupplements.ch\/index.php?rest_route=\/wp\/v2\/types\/product"}],"replies":[{"embeddable":true,"href":"https:\/\/ecosupplements.ch\/index.php?rest_route=%2Fwp%2Fv2%2Fcomments&post=1891"}],"wp:featuredmedia":[{"embeddable":true,"href":"https:\/\/ecosupplements.ch\/index.php?rest_route=\/wp\/v2\/media\/1892"}],"wp:attachment":[{"href":"https:\/\/ecosupplements.ch\/index.php?rest_route=%2Fwp%2Fv2%2Fmedia&parent=1891"}],"wp:term":[{"taxonomy":"product_brand","embeddable":true,"href":"https:\/\/ecosupplements.ch\/index.php?rest_route=%2Fwp%2Fv2%2Fproduct_brand&post=1891"},{"taxonomy":"product_cat","embeddable":true,"href":"https:\/\/ecosupplements.ch\/index.php?rest_route=%2Fwp%2Fv2%2Fproduct_cat&post=1891"},{"taxonomy":"product_tag","embeddable":true,"href":"https:\/\/ecosupplements.ch\/index.php?rest_route=%2Fwp%2Fv2%2Fproduct_tag&post=1891"}],"curies":[{"name":"wp","href":"https:\/\/api.w.org\/{rel}","templated":true}]}}