{"id":1914,"date":"2026-05-11T14:32:43","date_gmt":"2026-05-11T14:32:43","guid":{"rendered":"https:\/\/ecosupplements.ch\/?product=ip6-inositol-hexaphosphate-120-vcaps"},"modified":"2026-05-13T07:24:50","modified_gmt":"2026-05-13T07:24:50","slug":"ip6-inositol-hexaphosphate-120-vcaps","status":"publish","type":"product","link":"https:\/\/ecosupplements.ch\/?product=ip6-inositol-hexaphosphate-120-vcaps","title":{"rendered":"IP6 (Inositol Hexaphosphate) &#8211; 120 vcaps"},"content":{"rendered":"<div class=\"chcg-product-description\">\n<h2 class=\"chcg-heading\">\u00dcber Jarrow Formulas \u2013 IP6 (Inositol Hexaphosphate) \u2013 120 Veggie Kapseln<\/h2>\n<div class=\"chcg-intro\">\n<p>Inositol Hexaphosphate (IP6) ist eine nat\u00fcrlich vorkommende Verbindung, die in vielen pflanzlichen Lebensmitteln wie Getreide, H\u00fclsenfr\u00fcchten und N\u00fcssen enthalten ist. Jarrow Formulas liefert IP6 in einer hochwertigen Veggie-Kapsel-Form mit 500 mg pro Kapsel \u2013 gewonnen aus Calcium-Magnesium Inositol Hexaphosphate f\u00fcr eine optimale Bioverf\u00fcgbarkeit.<\/p>\n<p>IP6 ist ein Phosphors\u00e4ureester des Inositols und wird in der Ern\u00e4hrungsforschung intensiv untersucht. Das Produkt eignet sich f\u00fcr Erwachsene, die ihre t\u00e4gliche Ern\u00e4hrung gezielt mit dieser nat\u00fcrlichen Verbindung erg\u00e4nzen m\u00f6chten. Mit 120 Kapseln pro Beh\u00e4lter bietet dieses Produkt einen langfristigen Vorrat bei flexibler Dosierung.<\/p>\n<p>Die Formel von Jarrow Formulas ist vegan, glutenfrei und frei von g\u00e4ngigen Allergenen. Sie enth\u00e4lt keine tierischen Inhaltsstoffe, was sie f\u00fcr eine Vielzahl von Ern\u00e4hrungsweisen geeignet macht.<\/p>\n<\/p><\/div>\n<div class=\"chcg-nutrition\">\n<h3>N\u00e4hrwertangaben<\/h3>\n<table class=\"chcg-nutrition-table\">\n<thead>\n<tr>\n<th>N\u00e4hrstoff<\/th>\n<th>Pro Portion (1 Kapsel)<\/th>\n<\/tr>\n<\/thead>\n<tbody>\n<tr>\n<td>Inositol Hexaphosphate (aus Calcium-Magnesium Inositol Hexaphosphate)<\/td>\n<td>500 mg*<\/td>\n<\/tr>\n<\/tbody>\n<\/table>\n<p class=\"chcg-footnote\">* Kein festgelegter Tagesbedarf (Daily Value) vorhanden.<\/p>\n<\/p><\/div>\n<div class=\"chcg-ingredients\">\n<h3>Zutaten<\/h3>\n<p>Inositol Hexaphosphate (aus Calcium-Magnesium Inositol Hexaphosphate) 500 mg. Weitere Zutaten: Mikrokristalline Cellulose, Magnesiumstearat (pflanzliche Quelle), Siliziumdioxid.<\/p>\n<p class=\"chcg-capsule-shell\">Kapselh\u00fclle: Hydroxypropylmethylcellulose, Wasser.<\/p>\n<\/p><\/div>\n<div class=\"chcg-dosage\">\n<h3>Verzehrempfehlung<\/h3>\n<p>Erwachsene nehmen 1 Kapsel 1\u20133 Mal t\u00e4glich auf n\u00fcchternen Magen ein oder gem\u00e4ss Anweisung einer qualifizierten Fachperson aus dem Gesundheitsbereich. Nicht gleichzeitig mit Mineralstoffen oder Medikamenten einnehmen.<\/p>\n<\/p><\/div>\n<div class=\"chcg-warnings\">\n<h3>Warnhinweise<\/h3>\n<p>Konsultieren Sie vor der Verwendung dieses Produkts eine Fachperson aus dem Gesundheitsbereich, wenn Sie schwanger sind, stillen, unter 18 Jahre alt sind, Medikamente einnehmen oder an einer Erkrankung leiden. Bei unerw\u00fcnschten Reaktionen die Einnahme abbrechen. Ausserhalb der Reichweite von Kindern aufbewahren. Nicht verwenden, wenn das Sicherheitssiegel besch\u00e4digt oder nicht vorhanden ist.<\/p>\n<\/p><\/div>\n<div class=\"chcg-allergens\">\n<h3>Allergeninformationen<\/h3>\n<p>Enth\u00e4lt kein Weizen, Gluten, Sojabohnen, Milchprodukte, Ei, Fisch\/Schalentiere, Erdn\u00fcsse\/Baumn\u00fcsse oder Sesam.<\/p>\n<\/p><\/div>\n<div class=\"chcg-storage\">\n<h3>Lagerung<\/h3>\n<p>An einem k\u00fchlen, trockenen Ort lagern.<\/p>\n<\/p><\/div>\n<div class=\"chcg-dietary\">\n<h3>Ern\u00e4hrungshinweise<\/h3>\n<ul>\n<li>Vegan<\/li>\n<li>Vegetarisch<\/li>\n<li>Glutenfrei<\/li>\n<li>Laktosefrei<\/li>\n<\/ul><\/div>\n<\/div>\n","protected":false},"excerpt":{"rendered":"<p>Jarrow Formulas IP6 liefert 500 mg Inositol Hexaphosphate pro Veggie-Kapsel zur gezielten Nahrungserg\u00e4nzung. Das Produkt ist vegan, glutenfrei und ohne g\u00e4ngige Allergene \u2013 120 Kapseln pro Beh\u00e4lter.<\/p>\n","protected":false},"featured_media":1915,"comment_status":"closed","ping_status":"open","template":"","meta":[],"product_brand":[198],"product_cat":[27,48,25,26,55,22,21],"product_tag":[],"class_list":{"0":"post-1914","1":"product","2":"type-product","3":"status-publish","4":"has-post-thumbnail","6":"product_brand-jarrow-formulas","7":"product_cat-einige-vitamine","8":"product_cat-gesunde-ernaehrung","9":"product_cat-gesundheit-und-wohlbefinden","10":"product_cat-multivitamine","11":"product_cat-spezialformel","12":"product_cat-vegane-produkte","13":"product_cat-vitamine-und-mineralstoffe","15":"first","16":"outofstock","17":"taxable","18":"shipping-taxable","19":"purchasable","20":"product-type-simple"},"yoast_head":"<!-- This site is optimized with the Yoast SEO plugin v27.5 - https:\/\/yoast.com\/product\/yoast-seo-wordpress\/ -->\n<title>IP6 Inositol Hexaphosphate 120 Kapseln \u2013 Jarrow Formulas<\/title>\n<meta name=\"description\" content=\"Jarrow Formulas IP6 mit 500 mg Inositol Hexaphosphate pro Kapsel \u2013 vegan, glutenfrei, 120 Veggie Kapseln. Jetzt bestellen.\" \/>\n<meta name=\"robots\" content=\"index, follow, max-snippet:-1, max-image-preview:large, max-video-preview:-1\" \/>\n<link rel=\"canonical\" href=\"https:\/\/ecosupplements.ch\/?product=ip6-inositol-hexaphosphate-120-vcaps\" \/>\n<meta property=\"og:locale\" content=\"de_DE\" \/>\n<meta property=\"og:type\" content=\"article\" \/>\n<meta property=\"og:title\" content=\"IP6 Inositol Hexaphosphate 120 Kapseln \u2013 Jarrow Formulas\" \/>\n<meta property=\"og:description\" content=\"Jarrow Formulas IP6 mit 500 mg Inositol Hexaphosphate pro Kapsel \u2013 vegan, glutenfrei, 120 Veggie Kapseln. Jetzt bestellen.\" \/>\n<meta property=\"og:url\" content=\"https:\/\/ecosupplements.ch\/?product=ip6-inositol-hexaphosphate-120-vcaps\" \/>\n<meta property=\"og:site_name\" content=\"Eco Supplements\" \/>\n<meta property=\"article:modified_time\" content=\"2026-05-13T07:24:50+00:00\" \/>\n<meta property=\"og:image\" content=\"https:\/\/ecosupplements.ch\/wp-content\/uploads\/2026\/05\/IP6-Inositol-Hexaphosphate-120-vcaps.jpg\" \/>\n\t<meta property=\"og:image:width\" content=\"900\" \/>\n\t<meta property=\"og:image:height\" content=\"900\" \/>\n\t<meta property=\"og:image:type\" content=\"image\/jpeg\" \/>\n<meta name=\"twitter:card\" content=\"summary_large_image\" \/>\n<meta name=\"twitter:label1\" content=\"Price\" \/>\n\t<meta name=\"twitter:data1\" content=\"&#067;&#072;&#070;&nbsp;26.84\" \/>\n\t<meta name=\"twitter:label2\" content=\"Availability\" \/>\n\t<meta name=\"twitter:data2\" content=\"Out of stock\" \/>\n<script type=\"application\/ld+json\" class=\"yoast-schema-graph\">{\"@context\":\"https:\\\/\\\/schema.org\",\"@graph\":[{\"@type\":\"WebPage\",\"@id\":\"https:\\\/\\\/ecosupplements.ch\\\/?product=ip6-inositol-hexaphosphate-120-vcaps\",\"url\":\"https:\\\/\\\/ecosupplements.ch\\\/?product=ip6-inositol-hexaphosphate-120-vcaps\",\"name\":\"IP6 Inositol Hexaphosphate 120 Kapseln \u2013 Jarrow Formulas\",\"isPartOf\":{\"@id\":\"https:\\\/\\\/ecosupplements.ch\\\/#website\"},\"primaryImageOfPage\":{\"@id\":\"https:\\\/\\\/ecosupplements.ch\\\/?product=ip6-inositol-hexaphosphate-120-vcaps#primaryimage\"},\"image\":{\"@id\":\"https:\\\/\\\/ecosupplements.ch\\\/?product=ip6-inositol-hexaphosphate-120-vcaps#primaryimage\"},\"thumbnailUrl\":\"https:\\\/\\\/ecosupplements.ch\\\/wp-content\\\/uploads\\\/2026\\\/05\\\/IP6-Inositol-Hexaphosphate-120-vcaps.jpg\",\"datePublished\":\"2026-05-11T14:32:43+00:00\",\"dateModified\":\"2026-05-13T07:24:50+00:00\",\"description\":\"Jarrow Formulas IP6 mit 500 mg Inositol Hexaphosphate pro Kapsel \u2013 vegan, glutenfrei, 120 Veggie Kapseln. Jetzt bestellen.\",\"breadcrumb\":{\"@id\":\"https:\\\/\\\/ecosupplements.ch\\\/?product=ip6-inositol-hexaphosphate-120-vcaps#breadcrumb\"},\"inLanguage\":\"de-CH\",\"potentialAction\":[{\"@type\":\"ReadAction\",\"target\":[\"https:\\\/\\\/ecosupplements.ch\\\/?product=ip6-inositol-hexaphosphate-120-vcaps\"]}]},{\"@type\":\"ImageObject\",\"inLanguage\":\"de-CH\",\"@id\":\"https:\\\/\\\/ecosupplements.ch\\\/?product=ip6-inositol-hexaphosphate-120-vcaps#primaryimage\",\"url\":\"https:\\\/\\\/ecosupplements.ch\\\/wp-content\\\/uploads\\\/2026\\\/05\\\/IP6-Inositol-Hexaphosphate-120-vcaps.jpg\",\"contentUrl\":\"https:\\\/\\\/ecosupplements.ch\\\/wp-content\\\/uploads\\\/2026\\\/05\\\/IP6-Inositol-Hexaphosphate-120-vcaps.jpg\",\"width\":900,\"height\":900,\"caption\":\"IP6 (Inositol Hexaphosphate) - 120 vcaps\"},{\"@type\":\"BreadcrumbList\",\"@id\":\"https:\\\/\\\/ecosupplements.ch\\\/?product=ip6-inositol-hexaphosphate-120-vcaps#breadcrumb\",\"itemListElement\":[{\"@type\":\"ListItem\",\"position\":1,\"name\":\"Home\",\"item\":\"https:\\\/\\\/ecosupplements.ch\\\/\"},{\"@type\":\"ListItem\",\"position\":2,\"name\":\"Shop\",\"item\":\"https:\\\/\\\/ecosupplements.ch\\\/?page_id=14\"},{\"@type\":\"ListItem\",\"position\":3,\"name\":\"IP6 (Inositol Hexaphosphate) &#8211; 120 vcaps\"}]},{\"@type\":\"WebSite\",\"@id\":\"https:\\\/\\\/ecosupplements.ch\\\/#website\",\"url\":\"https:\\\/\\\/ecosupplements.ch\\\/\",\"name\":\"Eco Supplements\",\"description\":\"\",\"potentialAction\":[{\"@type\":\"SearchAction\",\"target\":{\"@type\":\"EntryPoint\",\"urlTemplate\":\"https:\\\/\\\/ecosupplements.ch\\\/?s={search_term_string}\"},\"query-input\":{\"@type\":\"PropertyValueSpecification\",\"valueRequired\":true,\"valueName\":\"search_term_string\"}}],\"inLanguage\":\"de-CH\"}]}<\/script>\n<meta property=\"product:price:amount\" content=\"26.84\" \/>\n<meta property=\"product:price:currency\" content=\"CHF\" \/>\n<meta property=\"og:availability\" content=\"out of stock\" \/>\n<meta property=\"product:availability\" content=\"out of stock\" \/>\n<meta property=\"product:retailer_item_id\" content=\"790011200116\" \/>\n<meta property=\"product:condition\" content=\"new\" \/>\n<!-- \/ Yoast SEO plugin. -->","yoast_head_json":{"title":"IP6 Inositol Hexaphosphate 120 Kapseln \u2013 Jarrow Formulas","description":"Jarrow Formulas IP6 mit 500 mg Inositol Hexaphosphate pro Kapsel \u2013 vegan, glutenfrei, 120 Veggie Kapseln. Jetzt bestellen.","robots":{"index":"index","follow":"follow","max-snippet":"max-snippet:-1","max-image-preview":"max-image-preview:large","max-video-preview":"max-video-preview:-1"},"canonical":"https:\/\/ecosupplements.ch\/?product=ip6-inositol-hexaphosphate-120-vcaps","og_locale":"de_DE","og_type":"article","og_title":"IP6 Inositol Hexaphosphate 120 Kapseln \u2013 Jarrow Formulas","og_description":"Jarrow Formulas IP6 mit 500 mg Inositol Hexaphosphate pro Kapsel \u2013 vegan, glutenfrei, 120 Veggie Kapseln. Jetzt bestellen.","og_url":"https:\/\/ecosupplements.ch\/?product=ip6-inositol-hexaphosphate-120-vcaps","og_site_name":"Eco Supplements","article_modified_time":"2026-05-13T07:24:50+00:00","og_image":[{"width":900,"height":900,"url":"https:\/\/ecosupplements.ch\/wp-content\/uploads\/2026\/05\/IP6-Inositol-Hexaphosphate-120-vcaps.jpg","type":"image\/jpeg"}],"twitter_card":"summary_large_image","twitter_misc":{"Price":"&#67;&#72;&#70;&nbsp;26.84","Availability":"Out of stock"},"schema":{"@context":"https:\/\/schema.org","@graph":[{"@type":"WebPage","@id":"https:\/\/ecosupplements.ch\/?product=ip6-inositol-hexaphosphate-120-vcaps","url":"https:\/\/ecosupplements.ch\/?product=ip6-inositol-hexaphosphate-120-vcaps","name":"IP6 Inositol Hexaphosphate 120 Kapseln \u2013 Jarrow Formulas","isPartOf":{"@id":"https:\/\/ecosupplements.ch\/#website"},"primaryImageOfPage":{"@id":"https:\/\/ecosupplements.ch\/?product=ip6-inositol-hexaphosphate-120-vcaps#primaryimage"},"image":{"@id":"https:\/\/ecosupplements.ch\/?product=ip6-inositol-hexaphosphate-120-vcaps#primaryimage"},"thumbnailUrl":"https:\/\/ecosupplements.ch\/wp-content\/uploads\/2026\/05\/IP6-Inositol-Hexaphosphate-120-vcaps.jpg","datePublished":"2026-05-11T14:32:43+00:00","dateModified":"2026-05-13T07:24:50+00:00","description":"Jarrow Formulas IP6 mit 500 mg Inositol Hexaphosphate pro Kapsel \u2013 vegan, glutenfrei, 120 Veggie Kapseln. Jetzt bestellen.","breadcrumb":{"@id":"https:\/\/ecosupplements.ch\/?product=ip6-inositol-hexaphosphate-120-vcaps#breadcrumb"},"inLanguage":"de-CH","potentialAction":[{"@type":"ReadAction","target":["https:\/\/ecosupplements.ch\/?product=ip6-inositol-hexaphosphate-120-vcaps"]}]},{"@type":"ImageObject","inLanguage":"de-CH","@id":"https:\/\/ecosupplements.ch\/?product=ip6-inositol-hexaphosphate-120-vcaps#primaryimage","url":"https:\/\/ecosupplements.ch\/wp-content\/uploads\/2026\/05\/IP6-Inositol-Hexaphosphate-120-vcaps.jpg","contentUrl":"https:\/\/ecosupplements.ch\/wp-content\/uploads\/2026\/05\/IP6-Inositol-Hexaphosphate-120-vcaps.jpg","width":900,"height":900,"caption":"IP6 (Inositol Hexaphosphate) - 120 vcaps"},{"@type":"BreadcrumbList","@id":"https:\/\/ecosupplements.ch\/?product=ip6-inositol-hexaphosphate-120-vcaps#breadcrumb","itemListElement":[{"@type":"ListItem","position":1,"name":"Home","item":"https:\/\/ecosupplements.ch\/"},{"@type":"ListItem","position":2,"name":"Shop","item":"https:\/\/ecosupplements.ch\/?page_id=14"},{"@type":"ListItem","position":3,"name":"IP6 (Inositol Hexaphosphate) &#8211; 120 vcaps"}]},{"@type":"WebSite","@id":"https:\/\/ecosupplements.ch\/#website","url":"https:\/\/ecosupplements.ch\/","name":"Eco Supplements","description":"","potentialAction":[{"@type":"SearchAction","target":{"@type":"EntryPoint","urlTemplate":"https:\/\/ecosupplements.ch\/?s={search_term_string}"},"query-input":{"@type":"PropertyValueSpecification","valueRequired":true,"valueName":"search_term_string"}}],"inLanguage":"de-CH"}]},"product_price_amount":"26.84","product_price_currency":"CHF","og_availability":"out of stock","product_availability":"out of stock","product_retailer_item_id":"790011200116","product_condition":"new"},"_links":{"self":[{"href":"https:\/\/ecosupplements.ch\/index.php?rest_route=\/wp\/v2\/product\/1914","targetHints":{"allow":["GET"]}}],"collection":[{"href":"https:\/\/ecosupplements.ch\/index.php?rest_route=\/wp\/v2\/product"}],"about":[{"href":"https:\/\/ecosupplements.ch\/index.php?rest_route=\/wp\/v2\/types\/product"}],"replies":[{"embeddable":true,"href":"https:\/\/ecosupplements.ch\/index.php?rest_route=%2Fwp%2Fv2%2Fcomments&post=1914"}],"wp:featuredmedia":[{"embeddable":true,"href":"https:\/\/ecosupplements.ch\/index.php?rest_route=\/wp\/v2\/media\/1915"}],"wp:attachment":[{"href":"https:\/\/ecosupplements.ch\/index.php?rest_route=%2Fwp%2Fv2%2Fmedia&parent=1914"}],"wp:term":[{"taxonomy":"product_brand","embeddable":true,"href":"https:\/\/ecosupplements.ch\/index.php?rest_route=%2Fwp%2Fv2%2Fproduct_brand&post=1914"},{"taxonomy":"product_cat","embeddable":true,"href":"https:\/\/ecosupplements.ch\/index.php?rest_route=%2Fwp%2Fv2%2Fproduct_cat&post=1914"},{"taxonomy":"product_tag","embeddable":true,"href":"https:\/\/ecosupplements.ch\/index.php?rest_route=%2Fwp%2Fv2%2Fproduct_tag&post=1914"}],"curies":[{"name":"wp","href":"https:\/\/api.w.org\/{rel}","templated":true}]}}