{"id":1916,"date":"2026-05-11T14:32:44","date_gmt":"2026-05-11T14:32:44","guid":{"rendered":"https:\/\/ecosupplements.ch\/?product=jarro-dophilus-ultra-gut-rescue-50-billion-cfu-60-vcaps"},"modified":"2026-05-13T07:24:53","modified_gmt":"2026-05-13T07:24:53","slug":"jarro-dophilus-ultra-gut-rescue-50-billion-cfu-60-vcaps","status":"publish","type":"product","link":"https:\/\/ecosupplements.ch\/?product=jarro-dophilus-ultra-gut-rescue-50-billion-cfu-60-vcaps","title":{"rendered":"Jarro-Dophilus Ultra Gut Rescue, 50 Billion CFU &#8211; 60 vcaps"},"content":{"rendered":"<div class=\"chcg-product-description\">\n<h2 class=\"chcg-heading\">\u00dcber Jarrow Formulas \u2013 Jarro-Dophilus Ultra Gut Rescue, 50 Billion CFU \u2013 60 Veggie-Kapseln<\/h2>\n<div class=\"chcg-intro\">\n<p>Jarro-Dophilus Ultra Gut Rescue von Jarrow Formulas ist ein hochwertiges Probiotikum mit 50 Milliarden KBE (koloniebildende Einheiten) pro Kapsel. Die sorgf\u00e4ltig zusammengestellte Formulierung vereint zehn verschiedene, wissenschaftlich erforschte Bakterienst\u00e4mme aus den Gattungen Lacticaseibacillus, Ligilactobacillus, Lactobacillus und Bifidobacterium, die gemeinsam zur Vielfalt und Balance der Darmflora beitragen k\u00f6nnen.<\/p>\n<p>Das Produkt wird in s\u00e4ureresistenten, verz\u00f6gert freisetzenden Veggie-Kapseln geliefert. Diese speziellen Kapseln aus Hydroxypropylmethylcellulose sind darauf ausgelegt, die empfindlichen Probiotika sicher durch die Magens\u00e4ure zu transportieren und erst im D\u00fcnndarm freizusetzen \u2013 dort, wo sie ihre Wirkung am besten entfalten k\u00f6nnen.<\/p>\n<p>Mit 60 Kapseln pro Packung deckt Jarro-Dophilus Ultra Gut Rescue den Bedarf f\u00fcr zwei Monate bei t\u00e4glicher Einnahme. Das Produkt ist vegetarisch und glutenfrei und eignet sich f\u00fcr Personen, die Wert auf eine hochdosierte und vielf\u00e4ltige Probiotika-Formel legen.<\/p>\n<\/p><\/div>\n<div class=\"chcg-nutrition\">\n<h3>N\u00e4hrwertangaben<\/h3>\n<table class=\"chcg-nutrition-table\">\n<thead>\n<tr>\n<th>N\u00e4hrstoff<\/th>\n<th>Pro Portion (1 Kapsel)<\/th>\n<\/tr>\n<\/thead>\n<tbody>\n<tr>\n<td>Proprietary Probiotic Blend<\/td>\n<td>222 mg (50 Milliarden KBE) \u2020<\/td>\n<\/tr>\n<tr>\n<td>\u2013 Lacticaseibacillus casei Lc-11<\/td>\n<td>\u2020<\/td>\n<\/tr>\n<tr>\n<td>\u2013 Ligilactobacillus salivarius Ls-33<\/td>\n<td>\u2020<\/td>\n<\/tr>\n<tr>\n<td>\u2013 Lacticaseibacillus paracasei Lpc-37<\/td>\n<td>\u2020<\/td>\n<\/tr>\n<tr>\n<td>\u2013 Lactobacillus acidophilus La-14<\/td>\n<td>\u2020<\/td>\n<\/tr>\n<tr>\n<td>\u2013 Bifidobacterium longum BB536<\/td>\n<td>\u2020<\/td>\n<\/tr>\n<tr>\n<td>\u2013 Bifidobacterium lactis Bl-04<\/td>\n<td>\u2020<\/td>\n<\/tr>\n<tr>\n<td>\u2013 Bifidobacterium breve Br-03<\/td>\n<td>\u2020<\/td>\n<\/tr>\n<tr>\n<td>\u2013 Lacticaseibacillus rhamnosus R0011<\/td>\n<td>\u2020<\/td>\n<\/tr>\n<tr>\n<td>\u2013 Lacticaseibacillus plantarum Lp-115<\/td>\n<td>\u2020<\/td>\n<\/tr>\n<tr>\n<td>\u2013 Lactobacillus helveticus R0052<\/td>\n<td>\u2020<\/td>\n<\/tr>\n<\/tbody>\n<\/table>\n<p class=\"chcg-footnote\">\u2020 Kein festgelegter Tagesbedarf.<\/p>\n<\/p><\/div>\n<div class=\"chcg-ingredients\">\n<h3>Zutaten<\/h3>\n<p>Proprietary Probiotic Blend (50 Milliarden KBE) (Lacticaseibacillus casei Lc-11, Ligilactobacillus salivarius Ls-33, Lacticaseibacillus paracasei Lpc-37, Lactobacillus acidophilus La-14, Bifidobacterium longum BB536, Bifidobacterium lactis Bl-04, Bifidobacterium breve Br-03, Lacticaseibacillus rhamnosus R0011, Lacticaseibacillus plantarum Lp-115, Lactobacillus helveticus R0052), Natriumalginat, Kapselh\u00fclle (Hydroxypropylmethylcellulose, Wasser), Calciumphosphat, Tapiokast\u00e4rke, Maltodextrin, Siliciumdioxid, Magnesiumstearat (pflanzliche Quelle) und Ascorbins\u00e4ure (Antioxidationsmittel). Enth\u00e4lt: Soja (in Spurenmengen).<\/p>\n<p class=\"chcg-capsule-shell\">Kapselh\u00fclle: Hydroxypropylmethylcellulose, Wasser (verz\u00f6gert freisetzende \/ s\u00e4ureresistente vegetarische Kapsel)<\/p>\n<\/p><\/div>\n<div class=\"chcg-dosage\">\n<h3>Verzehrempfehlung<\/h3>\n<p>Erwachsene nehmen t\u00e4glich 1 Kapsel mit Wasser, w\u00e4hrend oder kurz nach einer Mahlzeit ein, oder gem\u00e4ss Anweisung einer qualifizierten Fachperson f\u00fcr Gesundheit.<\/p>\n<\/p><\/div>\n<div class=\"chcg-warnings\">\n<h3>Warnhinweise<\/h3>\n<p>Konsultieren Sie eine Fachperson f\u00fcr Gesundheit, bevor Sie dieses Produkt verwenden, wenn Sie schwanger sind, stillen, unter 18 Jahre alt sind, Medikamente einnehmen oder an einer Erkrankung leiden. Wenn unerw\u00fcnschte Reaktionen auftreten, stellen Sie die Einnahme ein. Ausserhalb der Reichweite von Kindern aufbewahren.<\/p>\n<\/p><\/div>\n<div class=\"chcg-allergens\">\n<h3>Allergeninformationen<\/h3>\n<p>Enth\u00e4lt: Soja (in Spurenmengen).<\/p>\n<\/p><\/div>\n<div class=\"chcg-storage\">\n<h3>Lagerung<\/h3>\n<p>Im K\u00fchlschrank aufbewahren.<\/p>\n<\/p><\/div>\n<div class=\"chcg-dietary\">\n<h3>Ern\u00e4hrungshinweise<\/h3>\n<ul>\n<li>Vegetarisch<\/li>\n<li>Glutenfrei<\/li>\n<\/ul><\/div>\n<\/div>\n","protected":false},"excerpt":{"rendered":"<p>Jarro-Dophilus Ultra Gut Rescue liefert 50 Milliarden KBE aus 10 Bakterienst\u00e4mmen zur Unterst\u00fctzung der Darmflora. Erh\u00e4ltlich als glutenfreie, s\u00e4ureresistente Veggie-Kapsel \u2013 60 St\u00fcck pro Packung.<\/p>\n","protected":false},"featured_media":1917,"comment_status":"closed","ping_status":"open","template":"","meta":[],"product_brand":[198],"product_cat":[48,25,104],"product_tag":[],"class_list":{"0":"post-1916","1":"product","2":"type-product","3":"status-publish","4":"has-post-thumbnail","6":"product_brand-jarrow-formulas","7":"product_cat-gesunde-ernaehrung","8":"product_cat-gesundheit-und-wohlbefinden","9":"product_cat-probiotika","11":"first","12":"outofstock","13":"taxable","14":"shipping-taxable","15":"purchasable","16":"product-type-simple"},"yoast_head":"<!-- This site is optimized with the Yoast SEO plugin v27.5 - https:\/\/yoast.com\/product\/yoast-seo-wordpress\/ -->\n<title>Jarro-Dophilus Ultra Gut Rescue 50B \u2013 Jarrow | ecosupplements.ch<\/title>\n<meta name=\"description\" content=\"50 Milliarden KBE aus 10 St\u00e4mmen in s\u00e4ureresistenten Veggie-Kapseln f\u00fcr eine vielf\u00e4ltige Darmflora. 60 Kapseln pro Packung. Jetzt bestellen.\" \/>\n<meta name=\"robots\" content=\"index, follow, max-snippet:-1, max-image-preview:large, max-video-preview:-1\" \/>\n<link rel=\"canonical\" href=\"https:\/\/ecosupplements.ch\/?product=jarro-dophilus-ultra-gut-rescue-50-billion-cfu-60-vcaps\" \/>\n<meta property=\"og:locale\" content=\"de_DE\" \/>\n<meta property=\"og:type\" content=\"article\" \/>\n<meta property=\"og:title\" content=\"Jarro-Dophilus Ultra Gut Rescue 50B \u2013 Jarrow | ecosupplements.ch\" \/>\n<meta property=\"og:description\" content=\"50 Milliarden KBE aus 10 St\u00e4mmen in s\u00e4ureresistenten Veggie-Kapseln f\u00fcr eine vielf\u00e4ltige Darmflora. 60 Kapseln pro Packung. Jetzt bestellen.\" \/>\n<meta property=\"og:url\" content=\"https:\/\/ecosupplements.ch\/?product=jarro-dophilus-ultra-gut-rescue-50-billion-cfu-60-vcaps\" \/>\n<meta property=\"og:site_name\" content=\"Eco Supplements\" \/>\n<meta property=\"article:modified_time\" content=\"2026-05-13T07:24:53+00:00\" \/>\n<meta property=\"og:image\" content=\"https:\/\/ecosupplements.ch\/wp-content\/uploads\/2026\/05\/Jarro-Dophilus-Ultra-Gut-Rescue-50-Billion-CFU-60-vcaps.jpg\" \/>\n\t<meta property=\"og:image:width\" content=\"500\" \/>\n\t<meta property=\"og:image:height\" content=\"500\" \/>\n\t<meta property=\"og:image:type\" content=\"image\/jpeg\" \/>\n<meta name=\"twitter:card\" content=\"summary_large_image\" \/>\n<meta name=\"twitter:label1\" content=\"Price\" \/>\n\t<meta name=\"twitter:data1\" content=\"&#067;&#072;&#070;&nbsp;52.93\" \/>\n\t<meta name=\"twitter:label2\" content=\"Availability\" \/>\n\t<meta name=\"twitter:data2\" content=\"Out of stock\" \/>\n<script type=\"application\/ld+json\" class=\"yoast-schema-graph\">{\"@context\":\"https:\\\/\\\/schema.org\",\"@graph\":[{\"@type\":\"WebPage\",\"@id\":\"https:\\\/\\\/ecosupplements.ch\\\/?product=jarro-dophilus-ultra-gut-rescue-50-billion-cfu-60-vcaps\",\"url\":\"https:\\\/\\\/ecosupplements.ch\\\/?product=jarro-dophilus-ultra-gut-rescue-50-billion-cfu-60-vcaps\",\"name\":\"Jarro-Dophilus Ultra Gut Rescue 50B \u2013 Jarrow | ecosupplements.ch\",\"isPartOf\":{\"@id\":\"https:\\\/\\\/ecosupplements.ch\\\/#website\"},\"primaryImageOfPage\":{\"@id\":\"https:\\\/\\\/ecosupplements.ch\\\/?product=jarro-dophilus-ultra-gut-rescue-50-billion-cfu-60-vcaps#primaryimage\"},\"image\":{\"@id\":\"https:\\\/\\\/ecosupplements.ch\\\/?product=jarro-dophilus-ultra-gut-rescue-50-billion-cfu-60-vcaps#primaryimage\"},\"thumbnailUrl\":\"https:\\\/\\\/ecosupplements.ch\\\/wp-content\\\/uploads\\\/2026\\\/05\\\/Jarro-Dophilus-Ultra-Gut-Rescue-50-Billion-CFU-60-vcaps.jpg\",\"datePublished\":\"2026-05-11T14:32:44+00:00\",\"dateModified\":\"2026-05-13T07:24:53+00:00\",\"description\":\"50 Milliarden KBE aus 10 St\u00e4mmen in s\u00e4ureresistenten Veggie-Kapseln f\u00fcr eine vielf\u00e4ltige Darmflora. 60 Kapseln pro Packung. Jetzt bestellen.\",\"breadcrumb\":{\"@id\":\"https:\\\/\\\/ecosupplements.ch\\\/?product=jarro-dophilus-ultra-gut-rescue-50-billion-cfu-60-vcaps#breadcrumb\"},\"inLanguage\":\"de-CH\",\"potentialAction\":[{\"@type\":\"ReadAction\",\"target\":[\"https:\\\/\\\/ecosupplements.ch\\\/?product=jarro-dophilus-ultra-gut-rescue-50-billion-cfu-60-vcaps\"]}]},{\"@type\":\"ImageObject\",\"inLanguage\":\"de-CH\",\"@id\":\"https:\\\/\\\/ecosupplements.ch\\\/?product=jarro-dophilus-ultra-gut-rescue-50-billion-cfu-60-vcaps#primaryimage\",\"url\":\"https:\\\/\\\/ecosupplements.ch\\\/wp-content\\\/uploads\\\/2026\\\/05\\\/Jarro-Dophilus-Ultra-Gut-Rescue-50-Billion-CFU-60-vcaps.jpg\",\"contentUrl\":\"https:\\\/\\\/ecosupplements.ch\\\/wp-content\\\/uploads\\\/2026\\\/05\\\/Jarro-Dophilus-Ultra-Gut-Rescue-50-Billion-CFU-60-vcaps.jpg\",\"width\":500,\"height\":500,\"caption\":\"Jarro-Dophilus Ultra Gut Rescue\"},{\"@type\":\"BreadcrumbList\",\"@id\":\"https:\\\/\\\/ecosupplements.ch\\\/?product=jarro-dophilus-ultra-gut-rescue-50-billion-cfu-60-vcaps#breadcrumb\",\"itemListElement\":[{\"@type\":\"ListItem\",\"position\":1,\"name\":\"Home\",\"item\":\"https:\\\/\\\/ecosupplements.ch\\\/\"},{\"@type\":\"ListItem\",\"position\":2,\"name\":\"Shop\",\"item\":\"https:\\\/\\\/ecosupplements.ch\\\/?page_id=14\"},{\"@type\":\"ListItem\",\"position\":3,\"name\":\"Jarro-Dophilus Ultra Gut Rescue, 50 Billion CFU &#8211; 60 vcaps\"}]},{\"@type\":\"WebSite\",\"@id\":\"https:\\\/\\\/ecosupplements.ch\\\/#website\",\"url\":\"https:\\\/\\\/ecosupplements.ch\\\/\",\"name\":\"Eco Supplements\",\"description\":\"\",\"potentialAction\":[{\"@type\":\"SearchAction\",\"target\":{\"@type\":\"EntryPoint\",\"urlTemplate\":\"https:\\\/\\\/ecosupplements.ch\\\/?s={search_term_string}\"},\"query-input\":{\"@type\":\"PropertyValueSpecification\",\"valueRequired\":true,\"valueName\":\"search_term_string\"}}],\"inLanguage\":\"de-CH\"}]}<\/script>\n<meta property=\"product:price:amount\" content=\"52.93\" \/>\n<meta property=\"product:price:currency\" content=\"CHF\" \/>\n<meta property=\"og:availability\" content=\"out of stock\" \/>\n<meta property=\"product:availability\" content=\"out of stock\" \/>\n<meta property=\"product:retailer_item_id\" content=\"790011030263\" \/>\n<meta property=\"product:condition\" content=\"new\" \/>\n<!-- \/ Yoast SEO plugin. -->","yoast_head_json":{"title":"Jarro-Dophilus Ultra Gut Rescue 50B \u2013 Jarrow | ecosupplements.ch","description":"50 Milliarden KBE aus 10 St\u00e4mmen in s\u00e4ureresistenten Veggie-Kapseln f\u00fcr eine vielf\u00e4ltige Darmflora. 60 Kapseln pro Packung. Jetzt bestellen.","robots":{"index":"index","follow":"follow","max-snippet":"max-snippet:-1","max-image-preview":"max-image-preview:large","max-video-preview":"max-video-preview:-1"},"canonical":"https:\/\/ecosupplements.ch\/?product=jarro-dophilus-ultra-gut-rescue-50-billion-cfu-60-vcaps","og_locale":"de_DE","og_type":"article","og_title":"Jarro-Dophilus Ultra Gut Rescue 50B \u2013 Jarrow | ecosupplements.ch","og_description":"50 Milliarden KBE aus 10 St\u00e4mmen in s\u00e4ureresistenten Veggie-Kapseln f\u00fcr eine vielf\u00e4ltige Darmflora. 60 Kapseln pro Packung. Jetzt bestellen.","og_url":"https:\/\/ecosupplements.ch\/?product=jarro-dophilus-ultra-gut-rescue-50-billion-cfu-60-vcaps","og_site_name":"Eco Supplements","article_modified_time":"2026-05-13T07:24:53+00:00","og_image":[{"width":500,"height":500,"url":"https:\/\/ecosupplements.ch\/wp-content\/uploads\/2026\/05\/Jarro-Dophilus-Ultra-Gut-Rescue-50-Billion-CFU-60-vcaps.jpg","type":"image\/jpeg"}],"twitter_card":"summary_large_image","twitter_misc":{"Price":"&#67;&#72;&#70;&nbsp;52.93","Availability":"Out of stock"},"schema":{"@context":"https:\/\/schema.org","@graph":[{"@type":"WebPage","@id":"https:\/\/ecosupplements.ch\/?product=jarro-dophilus-ultra-gut-rescue-50-billion-cfu-60-vcaps","url":"https:\/\/ecosupplements.ch\/?product=jarro-dophilus-ultra-gut-rescue-50-billion-cfu-60-vcaps","name":"Jarro-Dophilus Ultra Gut Rescue 50B \u2013 Jarrow | ecosupplements.ch","isPartOf":{"@id":"https:\/\/ecosupplements.ch\/#website"},"primaryImageOfPage":{"@id":"https:\/\/ecosupplements.ch\/?product=jarro-dophilus-ultra-gut-rescue-50-billion-cfu-60-vcaps#primaryimage"},"image":{"@id":"https:\/\/ecosupplements.ch\/?product=jarro-dophilus-ultra-gut-rescue-50-billion-cfu-60-vcaps#primaryimage"},"thumbnailUrl":"https:\/\/ecosupplements.ch\/wp-content\/uploads\/2026\/05\/Jarro-Dophilus-Ultra-Gut-Rescue-50-Billion-CFU-60-vcaps.jpg","datePublished":"2026-05-11T14:32:44+00:00","dateModified":"2026-05-13T07:24:53+00:00","description":"50 Milliarden KBE aus 10 St\u00e4mmen in s\u00e4ureresistenten Veggie-Kapseln f\u00fcr eine vielf\u00e4ltige Darmflora. 60 Kapseln pro Packung. Jetzt bestellen.","breadcrumb":{"@id":"https:\/\/ecosupplements.ch\/?product=jarro-dophilus-ultra-gut-rescue-50-billion-cfu-60-vcaps#breadcrumb"},"inLanguage":"de-CH","potentialAction":[{"@type":"ReadAction","target":["https:\/\/ecosupplements.ch\/?product=jarro-dophilus-ultra-gut-rescue-50-billion-cfu-60-vcaps"]}]},{"@type":"ImageObject","inLanguage":"de-CH","@id":"https:\/\/ecosupplements.ch\/?product=jarro-dophilus-ultra-gut-rescue-50-billion-cfu-60-vcaps#primaryimage","url":"https:\/\/ecosupplements.ch\/wp-content\/uploads\/2026\/05\/Jarro-Dophilus-Ultra-Gut-Rescue-50-Billion-CFU-60-vcaps.jpg","contentUrl":"https:\/\/ecosupplements.ch\/wp-content\/uploads\/2026\/05\/Jarro-Dophilus-Ultra-Gut-Rescue-50-Billion-CFU-60-vcaps.jpg","width":500,"height":500,"caption":"Jarro-Dophilus Ultra Gut Rescue"},{"@type":"BreadcrumbList","@id":"https:\/\/ecosupplements.ch\/?product=jarro-dophilus-ultra-gut-rescue-50-billion-cfu-60-vcaps#breadcrumb","itemListElement":[{"@type":"ListItem","position":1,"name":"Home","item":"https:\/\/ecosupplements.ch\/"},{"@type":"ListItem","position":2,"name":"Shop","item":"https:\/\/ecosupplements.ch\/?page_id=14"},{"@type":"ListItem","position":3,"name":"Jarro-Dophilus Ultra Gut Rescue, 50 Billion CFU &#8211; 60 vcaps"}]},{"@type":"WebSite","@id":"https:\/\/ecosupplements.ch\/#website","url":"https:\/\/ecosupplements.ch\/","name":"Eco Supplements","description":"","potentialAction":[{"@type":"SearchAction","target":{"@type":"EntryPoint","urlTemplate":"https:\/\/ecosupplements.ch\/?s={search_term_string}"},"query-input":{"@type":"PropertyValueSpecification","valueRequired":true,"valueName":"search_term_string"}}],"inLanguage":"de-CH"}]},"product_price_amount":"52.93","product_price_currency":"CHF","og_availability":"out of stock","product_availability":"out of stock","product_retailer_item_id":"790011030263","product_condition":"new"},"_links":{"self":[{"href":"https:\/\/ecosupplements.ch\/index.php?rest_route=\/wp\/v2\/product\/1916","targetHints":{"allow":["GET"]}}],"collection":[{"href":"https:\/\/ecosupplements.ch\/index.php?rest_route=\/wp\/v2\/product"}],"about":[{"href":"https:\/\/ecosupplements.ch\/index.php?rest_route=\/wp\/v2\/types\/product"}],"replies":[{"embeddable":true,"href":"https:\/\/ecosupplements.ch\/index.php?rest_route=%2Fwp%2Fv2%2Fcomments&post=1916"}],"wp:featuredmedia":[{"embeddable":true,"href":"https:\/\/ecosupplements.ch\/index.php?rest_route=\/wp\/v2\/media\/1917"}],"wp:attachment":[{"href":"https:\/\/ecosupplements.ch\/index.php?rest_route=%2Fwp%2Fv2%2Fmedia&parent=1916"}],"wp:term":[{"taxonomy":"product_brand","embeddable":true,"href":"https:\/\/ecosupplements.ch\/index.php?rest_route=%2Fwp%2Fv2%2Fproduct_brand&post=1916"},{"taxonomy":"product_cat","embeddable":true,"href":"https:\/\/ecosupplements.ch\/index.php?rest_route=%2Fwp%2Fv2%2Fproduct_cat&post=1916"},{"taxonomy":"product_tag","embeddable":true,"href":"https:\/\/ecosupplements.ch\/index.php?rest_route=%2Fwp%2Fv2%2Fproduct_tag&post=1916"}],"curies":[{"name":"wp","href":"https:\/\/api.w.org\/{rel}","templated":true}]}}