{"id":1927,"date":"2026-05-11T14:32:48","date_gmt":"2026-05-11T14:32:48","guid":{"rendered":"https:\/\/ecosupplements.ch\/?product=magnesium-optimizer-200-tabs"},"modified":"2026-05-13T07:24:51","modified_gmt":"2026-05-13T07:24:51","slug":"magnesium-optimizer-200-tabs","status":"publish","type":"product","link":"https:\/\/ecosupplements.ch\/?product=magnesium-optimizer-200-tabs","title":{"rendered":"Magnesium Optimizer &#8211; 200 tabs"},"content":{"rendered":"<div class=\"chcg-product-description\">\n<h2 class=\"chcg-heading\">\u00dcber Jarrow Formulas \u2013 Magnesium Optimizer \u2013 200 Tabletten<\/h2>\n<div class=\"chcg-intro\">\n<p>Der Magnesium Optimizer von Jarrow Formulas ist eine sorgf\u00e4ltig zusammengestellte Formel, die Magnesium als Magnesiummalat mit Taurin, Vitamin B6 (als Pyridoxal-5-Phosphat) und Kalium als Kaliumcitrat kombiniert. Diese Kombination wurde entwickelt, um eine gezielte N\u00e4hrstoffversorgung in einer praktischen Tablettenform zu erm\u00f6glichen.<\/p>\n<p>Magnesium tr\u00e4gt zur normalen Muskelfunktion, zur Verringerung von M\u00fcdigkeit und Ersch\u00f6pfung sowie zum Erhalt normaler Knochen und Z\u00e4hne bei. Vitamin B6 unterst\u00fctzt den normalen Energiestoffwechsel und die normale Funktion des Nervensystems. Kalium tr\u00e4gt zur normalen Muskelfunktion und zum Erhalt eines normalen Blutdrucks bei.<\/p>\n<p>Mit 200 Easy-Solv\u00ae-Tabletten pro Packung bietet dieser Magnesium Optimizer einen Vorrat f\u00fcr bis zu 100 Portionen. Die Easy-Solv\u00ae-Tabletten sind f\u00fcr eine gute L\u00f6slichkeit konzipiert und eignen sich f\u00fcr Veganer und Vegetarier.<\/p>\n<\/p><\/div>\n<div class=\"chcg-nutrition\">\n<h3>N\u00e4hrwertangaben<\/h3>\n<table class=\"chcg-nutrition-table\">\n<thead>\n<tr>\n<th>N\u00e4hrstoff<\/th>\n<th>Pro Portion (2 Tabletten)<\/th>\n<\/tr>\n<\/thead>\n<tbody>\n<tr>\n<td>Vitamin B6 (als Pyridoxal-5-Phosphat)<\/td>\n<td>2 mg<\/td>\n<\/tr>\n<tr>\n<td>Magnesium (als Magnesiummalat)<\/td>\n<td>100 mg (27% NRV*)<\/td>\n<\/tr>\n<tr>\n<td>Kalium (als Kaliumcitrat)<\/td>\n<td>50 mg**<\/td>\n<\/tr>\n<tr>\n<td>Taurin<\/td>\n<td>350 mg**<\/td>\n<\/tr>\n<\/tbody>\n<\/table>\n<p class=\"chcg-footnote\">* NRV = Nutrient Reference Value (Referenzwert f\u00fcr die N\u00e4hrstoffzufuhr).<\/p>\n<p class=\"chcg-footnote\">** Kein festgelegter Referenzwert vorhanden.<\/p>\n<\/p><\/div>\n<div class=\"chcg-ingredients\">\n<h3>Zutaten<\/h3>\n<p>Vitamin B6 (als Pyridoxal-5-Phosphat), Magnesium (als Magnesiummalat), Kalium (als Kaliumcitrat), Taurin.<\/p>\n<p>Weitere Zutaten: Mikrokristalline Cellulose, Calciumcarbonat, Hydroxypropylcellulose, Croscarmellosnatrium, Magnesiumstearat (pflanzliche Herkunft), \u00dcberzug (Hydroxypropylmethylcellulose, Glycerin) und Siliciumdioxid.<\/p>\n<\/p><\/div>\n<div class=\"chcg-dosage\">\n<h3>Verzehrempfehlung<\/h3>\n<p>Erwachsene nehmen 2 Tabletten 1\u20132-mal t\u00e4glich zu den Mahlzeiten ein oder gem\u00e4ss Anweisung einer qualifizierten Fachkraft im Gesundheitswesen.<\/p>\n<\/p><\/div>\n<div class=\"chcg-warnings\">\n<h3>Warnhinweise<\/h3>\n<p>Konsultieren Sie vor der Einnahme dieses Produkts eine Fachkraft im Gesundheitswesen, wenn Sie schwanger sind, stillen, unter 18 Jahre alt sind, Medikamente einnehmen oder an einer Erkrankung leiden. Bei unerw\u00fcnschten Reaktionen die Einnahme abbrechen. Ausserhalb der Reichweite von Kindern aufbewahren. Nicht verwenden, wenn das Sicherheitssiegel besch\u00e4digt oder nicht vorhanden ist.<\/p>\n<\/p><\/div>\n<div class=\"chcg-allergens\">\n<h3>Allergeninformationen<\/h3>\n<p>Enth\u00e4lt kein Weizen, Gluten, Soja, Milchprodukte, Ei, Fisch\/Schalentiere, Erdn\u00fcsse\/Baumn\u00fcsse oder Sesam.<\/p>\n<\/p><\/div>\n<div class=\"chcg-storage\">\n<h3>Lagerung<\/h3>\n<p>An einem k\u00fchlen, trockenen Ort aufbewahren.<\/p>\n<\/p><\/div>\n<div class=\"chcg-dietary\">\n<h3>Ern\u00e4hrungshinweise<\/h3>\n<ul>\n<li>Vegan<\/li>\n<li>Vegetarisch<\/li>\n<li>Glutenfrei<\/li>\n<li>Laktosefrei<\/li>\n<\/ul><\/div>\n<\/div>\n","protected":false},"excerpt":{"rendered":"<p>Magnesium Optimizer von Jarrow Formulas kombiniert Magnesiummalat, Taurin, Vitamin B6 und Kalium zur gezielten N\u00e4hrstoffversorgung. Erh\u00e4ltlich als 200 Easy-Solv\u00ae-Tabletten. Vegan, glutenfrei und laktosefrei.<\/p>\n","protected":false},"featured_media":1928,"comment_status":"closed","ping_status":"open","template":"","meta":[],"product_brand":[198],"product_cat":[23,48,25,94,21],"product_tag":[],"class_list":{"0":"post-1927","1":"product","2":"type-product","3":"status-publish","4":"has-post-thumbnail","6":"product_brand-jarrow-formulas","7":"product_cat-einige-mineralien","8":"product_cat-gesunde-ernaehrung","9":"product_cat-gesundheit-und-wohlbefinden","10":"product_cat-magnesium","11":"product_cat-vitamine-und-mineralstoffe","13":"first","14":"outofstock","15":"taxable","16":"shipping-taxable","17":"purchasable","18":"product-type-simple"},"yoast_head":"<!-- This site is optimized with the Yoast SEO plugin v27.5 - https:\/\/yoast.com\/product\/yoast-seo-wordpress\/ -->\n<title>Magnesium Optimizer 200 Tabletten \u2013 Jarrow Formulas | ecosupplements.ch<\/title>\n<meta name=\"description\" content=\"Jarrow Formulas Magnesium Optimizer mit Magnesiummalat, Taurin und Vitamin B6 \u2013 200 vegane Easy-Solv\u00ae-Tabletten f\u00fcr eine gezielte N\u00e4hrstoffversorgung. Jetzt bestellen.\" \/>\n<meta name=\"robots\" content=\"index, follow, max-snippet:-1, max-image-preview:large, max-video-preview:-1\" \/>\n<link rel=\"canonical\" href=\"https:\/\/ecosupplements.ch\/?product=magnesium-optimizer-200-tabs\" \/>\n<meta property=\"og:locale\" content=\"de_DE\" \/>\n<meta property=\"og:type\" content=\"article\" \/>\n<meta property=\"og:title\" content=\"Magnesium Optimizer 200 Tabletten \u2013 Jarrow Formulas | ecosupplements.ch\" \/>\n<meta property=\"og:description\" content=\"Jarrow Formulas Magnesium Optimizer mit Magnesiummalat, Taurin und Vitamin B6 \u2013 200 vegane Easy-Solv\u00ae-Tabletten f\u00fcr eine gezielte N\u00e4hrstoffversorgung. Jetzt bestellen.\" \/>\n<meta property=\"og:url\" content=\"https:\/\/ecosupplements.ch\/?product=magnesium-optimizer-200-tabs\" \/>\n<meta property=\"og:site_name\" content=\"Eco Supplements\" \/>\n<meta property=\"article:modified_time\" content=\"2026-05-13T07:24:51+00:00\" \/>\n<meta property=\"og:image\" content=\"https:\/\/ecosupplements.ch\/wp-content\/uploads\/2026\/05\/Magnesium-Optimizer-200-tabs.jpg\" \/>\n\t<meta property=\"og:image:width\" content=\"832\" \/>\n\t<meta property=\"og:image:height\" content=\"948\" \/>\n\t<meta property=\"og:image:type\" content=\"image\/jpeg\" \/>\n<meta name=\"twitter:card\" content=\"summary_large_image\" \/>\n<meta name=\"twitter:label1\" content=\"Price\" \/>\n\t<meta name=\"twitter:data1\" content=\"&#067;&#072;&#070;&nbsp;19.07\" \/>\n\t<meta name=\"twitter:label2\" content=\"Availability\" \/>\n\t<meta name=\"twitter:data2\" content=\"Out of stock\" \/>\n<script type=\"application\/ld+json\" class=\"yoast-schema-graph\">{\"@context\":\"https:\\\/\\\/schema.org\",\"@graph\":[{\"@type\":\"WebPage\",\"@id\":\"https:\\\/\\\/ecosupplements.ch\\\/?product=magnesium-optimizer-200-tabs\",\"url\":\"https:\\\/\\\/ecosupplements.ch\\\/?product=magnesium-optimizer-200-tabs\",\"name\":\"Magnesium Optimizer 200 Tabletten \u2013 Jarrow Formulas | ecosupplements.ch\",\"isPartOf\":{\"@id\":\"https:\\\/\\\/ecosupplements.ch\\\/#website\"},\"primaryImageOfPage\":{\"@id\":\"https:\\\/\\\/ecosupplements.ch\\\/?product=magnesium-optimizer-200-tabs#primaryimage\"},\"image\":{\"@id\":\"https:\\\/\\\/ecosupplements.ch\\\/?product=magnesium-optimizer-200-tabs#primaryimage\"},\"thumbnailUrl\":\"https:\\\/\\\/ecosupplements.ch\\\/wp-content\\\/uploads\\\/2026\\\/05\\\/Magnesium-Optimizer-200-tabs.jpg\",\"datePublished\":\"2026-05-11T14:32:48+00:00\",\"dateModified\":\"2026-05-13T07:24:51+00:00\",\"description\":\"Jarrow Formulas Magnesium Optimizer mit Magnesiummalat, Taurin und Vitamin B6 \u2013 200 vegane Easy-Solv\u00ae-Tabletten f\u00fcr eine gezielte N\u00e4hrstoffversorgung. Jetzt bestellen.\",\"breadcrumb\":{\"@id\":\"https:\\\/\\\/ecosupplements.ch\\\/?product=magnesium-optimizer-200-tabs#breadcrumb\"},\"inLanguage\":\"de-CH\",\"potentialAction\":[{\"@type\":\"ReadAction\",\"target\":[\"https:\\\/\\\/ecosupplements.ch\\\/?product=magnesium-optimizer-200-tabs\"]}]},{\"@type\":\"ImageObject\",\"inLanguage\":\"de-CH\",\"@id\":\"https:\\\/\\\/ecosupplements.ch\\\/?product=magnesium-optimizer-200-tabs#primaryimage\",\"url\":\"https:\\\/\\\/ecosupplements.ch\\\/wp-content\\\/uploads\\\/2026\\\/05\\\/Magnesium-Optimizer-200-tabs.jpg\",\"contentUrl\":\"https:\\\/\\\/ecosupplements.ch\\\/wp-content\\\/uploads\\\/2026\\\/05\\\/Magnesium-Optimizer-200-tabs.jpg\",\"width\":832,\"height\":948,\"caption\":\"Magnesium Optimizer - 200 tabs\"},{\"@type\":\"BreadcrumbList\",\"@id\":\"https:\\\/\\\/ecosupplements.ch\\\/?product=magnesium-optimizer-200-tabs#breadcrumb\",\"itemListElement\":[{\"@type\":\"ListItem\",\"position\":1,\"name\":\"Home\",\"item\":\"https:\\\/\\\/ecosupplements.ch\\\/\"},{\"@type\":\"ListItem\",\"position\":2,\"name\":\"Shop\",\"item\":\"https:\\\/\\\/ecosupplements.ch\\\/?page_id=14\"},{\"@type\":\"ListItem\",\"position\":3,\"name\":\"Magnesium Optimizer &#8211; 200 tabs\"}]},{\"@type\":\"WebSite\",\"@id\":\"https:\\\/\\\/ecosupplements.ch\\\/#website\",\"url\":\"https:\\\/\\\/ecosupplements.ch\\\/\",\"name\":\"Eco Supplements\",\"description\":\"\",\"potentialAction\":[{\"@type\":\"SearchAction\",\"target\":{\"@type\":\"EntryPoint\",\"urlTemplate\":\"https:\\\/\\\/ecosupplements.ch\\\/?s={search_term_string}\"},\"query-input\":{\"@type\":\"PropertyValueSpecification\",\"valueRequired\":true,\"valueName\":\"search_term_string\"}}],\"inLanguage\":\"de-CH\"}]}<\/script>\n<meta property=\"product:price:amount\" content=\"19.07\" \/>\n<meta property=\"product:price:currency\" content=\"CHF\" \/>\n<meta property=\"og:availability\" content=\"out of stock\" \/>\n<meta property=\"product:availability\" content=\"out of stock\" \/>\n<meta property=\"product:retailer_item_id\" content=\"790011130079\" \/>\n<meta property=\"product:condition\" content=\"new\" \/>\n<!-- \/ Yoast SEO plugin. -->","yoast_head_json":{"title":"Magnesium Optimizer 200 Tabletten \u2013 Jarrow Formulas | ecosupplements.ch","description":"Jarrow Formulas Magnesium Optimizer mit Magnesiummalat, Taurin und Vitamin B6 \u2013 200 vegane Easy-Solv\u00ae-Tabletten f\u00fcr eine gezielte N\u00e4hrstoffversorgung. Jetzt bestellen.","robots":{"index":"index","follow":"follow","max-snippet":"max-snippet:-1","max-image-preview":"max-image-preview:large","max-video-preview":"max-video-preview:-1"},"canonical":"https:\/\/ecosupplements.ch\/?product=magnesium-optimizer-200-tabs","og_locale":"de_DE","og_type":"article","og_title":"Magnesium Optimizer 200 Tabletten \u2013 Jarrow Formulas | ecosupplements.ch","og_description":"Jarrow Formulas Magnesium Optimizer mit Magnesiummalat, Taurin und Vitamin B6 \u2013 200 vegane Easy-Solv\u00ae-Tabletten f\u00fcr eine gezielte N\u00e4hrstoffversorgung. Jetzt bestellen.","og_url":"https:\/\/ecosupplements.ch\/?product=magnesium-optimizer-200-tabs","og_site_name":"Eco Supplements","article_modified_time":"2026-05-13T07:24:51+00:00","og_image":[{"width":832,"height":948,"url":"https:\/\/ecosupplements.ch\/wp-content\/uploads\/2026\/05\/Magnesium-Optimizer-200-tabs.jpg","type":"image\/jpeg"}],"twitter_card":"summary_large_image","twitter_misc":{"Price":"&#67;&#72;&#70;&nbsp;19.07","Availability":"Out of stock"},"schema":{"@context":"https:\/\/schema.org","@graph":[{"@type":"WebPage","@id":"https:\/\/ecosupplements.ch\/?product=magnesium-optimizer-200-tabs","url":"https:\/\/ecosupplements.ch\/?product=magnesium-optimizer-200-tabs","name":"Magnesium Optimizer 200 Tabletten \u2013 Jarrow Formulas | ecosupplements.ch","isPartOf":{"@id":"https:\/\/ecosupplements.ch\/#website"},"primaryImageOfPage":{"@id":"https:\/\/ecosupplements.ch\/?product=magnesium-optimizer-200-tabs#primaryimage"},"image":{"@id":"https:\/\/ecosupplements.ch\/?product=magnesium-optimizer-200-tabs#primaryimage"},"thumbnailUrl":"https:\/\/ecosupplements.ch\/wp-content\/uploads\/2026\/05\/Magnesium-Optimizer-200-tabs.jpg","datePublished":"2026-05-11T14:32:48+00:00","dateModified":"2026-05-13T07:24:51+00:00","description":"Jarrow Formulas Magnesium Optimizer mit Magnesiummalat, Taurin und Vitamin B6 \u2013 200 vegane Easy-Solv\u00ae-Tabletten f\u00fcr eine gezielte N\u00e4hrstoffversorgung. Jetzt bestellen.","breadcrumb":{"@id":"https:\/\/ecosupplements.ch\/?product=magnesium-optimizer-200-tabs#breadcrumb"},"inLanguage":"de-CH","potentialAction":[{"@type":"ReadAction","target":["https:\/\/ecosupplements.ch\/?product=magnesium-optimizer-200-tabs"]}]},{"@type":"ImageObject","inLanguage":"de-CH","@id":"https:\/\/ecosupplements.ch\/?product=magnesium-optimizer-200-tabs#primaryimage","url":"https:\/\/ecosupplements.ch\/wp-content\/uploads\/2026\/05\/Magnesium-Optimizer-200-tabs.jpg","contentUrl":"https:\/\/ecosupplements.ch\/wp-content\/uploads\/2026\/05\/Magnesium-Optimizer-200-tabs.jpg","width":832,"height":948,"caption":"Magnesium Optimizer - 200 tabs"},{"@type":"BreadcrumbList","@id":"https:\/\/ecosupplements.ch\/?product=magnesium-optimizer-200-tabs#breadcrumb","itemListElement":[{"@type":"ListItem","position":1,"name":"Home","item":"https:\/\/ecosupplements.ch\/"},{"@type":"ListItem","position":2,"name":"Shop","item":"https:\/\/ecosupplements.ch\/?page_id=14"},{"@type":"ListItem","position":3,"name":"Magnesium Optimizer &#8211; 200 tabs"}]},{"@type":"WebSite","@id":"https:\/\/ecosupplements.ch\/#website","url":"https:\/\/ecosupplements.ch\/","name":"Eco Supplements","description":"","potentialAction":[{"@type":"SearchAction","target":{"@type":"EntryPoint","urlTemplate":"https:\/\/ecosupplements.ch\/?s={search_term_string}"},"query-input":{"@type":"PropertyValueSpecification","valueRequired":true,"valueName":"search_term_string"}}],"inLanguage":"de-CH"}]},"product_price_amount":"19.07","product_price_currency":"CHF","og_availability":"out of stock","product_availability":"out of stock","product_retailer_item_id":"790011130079","product_condition":"new"},"_links":{"self":[{"href":"https:\/\/ecosupplements.ch\/index.php?rest_route=\/wp\/v2\/product\/1927","targetHints":{"allow":["GET"]}}],"collection":[{"href":"https:\/\/ecosupplements.ch\/index.php?rest_route=\/wp\/v2\/product"}],"about":[{"href":"https:\/\/ecosupplements.ch\/index.php?rest_route=\/wp\/v2\/types\/product"}],"replies":[{"embeddable":true,"href":"https:\/\/ecosupplements.ch\/index.php?rest_route=%2Fwp%2Fv2%2Fcomments&post=1927"}],"wp:featuredmedia":[{"embeddable":true,"href":"https:\/\/ecosupplements.ch\/index.php?rest_route=\/wp\/v2\/media\/1928"}],"wp:attachment":[{"href":"https:\/\/ecosupplements.ch\/index.php?rest_route=%2Fwp%2Fv2%2Fmedia&parent=1927"}],"wp:term":[{"taxonomy":"product_brand","embeddable":true,"href":"https:\/\/ecosupplements.ch\/index.php?rest_route=%2Fwp%2Fv2%2Fproduct_brand&post=1927"},{"taxonomy":"product_cat","embeddable":true,"href":"https:\/\/ecosupplements.ch\/index.php?rest_route=%2Fwp%2Fv2%2Fproduct_cat&post=1927"},{"taxonomy":"product_tag","embeddable":true,"href":"https:\/\/ecosupplements.ch\/index.php?rest_route=%2Fwp%2Fv2%2Fproduct_tag&post=1927"}],"curies":[{"name":"wp","href":"https:\/\/api.w.org\/{rel}","templated":true}]}}