{"id":1929,"date":"2026-05-11T14:32:49","date_gmt":"2026-05-11T14:32:49","guid":{"rendered":"https:\/\/ecosupplements.ch\/?product=mastic-gum-120-vcaps"},"modified":"2026-05-13T07:24:51","modified_gmt":"2026-05-13T07:24:51","slug":"mastic-gum-120-vcaps","status":"publish","type":"product","link":"https:\/\/ecosupplements.ch\/?product=mastic-gum-120-vcaps","title":{"rendered":"Mastic Gum &#8211; 120 vcaps"},"content":{"rendered":"<div class=\"chcg-product-description\">\n<h2 class=\"chcg-heading\">\u00dcber Jarrow Formulas \u2013 Mastic Gum \u2013 120 Veggie-Kapseln<\/h2>\n<div class=\"chcg-intro\">\n<p>Mastixharz (Mastic Gum) ist ein nat\u00fcrliches Harz, das aus dem Stamm und den \u00c4sten des Mastixbaums (<em>Pistacia lentiscus<\/em>) gewonnen wird. Dieser Baum w\u00e4chst vorwiegend auf der griechischen Insel Chios und wird seit Jahrhunderten in der traditionellen mediterranen Naturheilkunde gesch\u00e4tzt. Jarrow Formulas liefert pro Tagesportion 1&#8217;000 mg reines Mastixharz in praktischer Kapselform.<\/p>\n<p>Die Veggie-Kapseln von Jarrow Formulas sind frei von Gelatine und eignen sich damit f\u00fcr vegane und vegetarische Ern\u00e4hrungsweisen. Jede Packung enth\u00e4lt 120 Veggie-Kapseln \u2013 entsprechend einem Vorrat von 60 Tagen bei der empfohlenen Tagesdosis.<\/p>\n<p>Dieses Produkt wird nach den hohen Qualit\u00e4tsstandards von Jarrow Formulas hergestellt und ist frei von Gluten, Soja, Milchprodukten, Ei, Fisch\/Meeresfr\u00fcchten, Erdn\u00fcssen\/Baumn\u00fcssen sowie Sesam \u2013 ideal f\u00fcr Personen mit entsprechenden Ern\u00e4hrungsanforderungen.<\/p>\n<\/p><\/div>\n<div class=\"chcg-nutrition\">\n<h3>N\u00e4hrwertangaben<\/h3>\n<table class=\"chcg-nutrition-table\">\n<thead>\n<tr>\n<th>N\u00e4hrstoff<\/th>\n<th>Pro Portion (2 Kapseln)<\/th>\n<\/tr>\n<\/thead>\n<tbody>\n<tr>\n<td>Mastic Gum (<em>Pistacia lentiscus<\/em>) (Stamm\/\u00c4ste)<\/td>\n<td>1&#8217;000 mg *<\/td>\n<\/tr>\n<\/tbody>\n<\/table>\n<p class=\"chcg-footnote\">* Kein etablierter Tagesreferenzwert vorhanden.<\/p>\n<p class=\"chcg-footnote\">Portionsgr\u00f6sse: 2 Kapseln | Portionen pro Packung: 60<\/p>\n<\/p><\/div>\n<div class=\"chcg-ingredients\">\n<h3>Zutaten<\/h3>\n<p>Mastic Gum (<em>Pistacia lentiscus<\/em>) (Stamm\/\u00c4ste) 1&#8217;000 mg. Weitere Zutaten: Kapsel (Hydroxypropylmethylcellulose, Wasser), mikrokristalline Cellulose, Magnesiumstearat (pflanzliche Quelle) und Siliziumdioxid.<\/p>\n<p class=\"chcg-capsule-shell\">Kapselh\u00fclle: Hydroxypropylmethylcellulose, Wasser<\/p>\n<\/p><\/div>\n<div class=\"chcg-dosage\">\n<h3>Verzehrempfehlung<\/h3>\n<p>Erwachsene nehmen t\u00e4glich 2 Kapseln mit Wasser oder Saft vor dem Fr\u00fchst\u00fcck ein, oder gem\u00e4ss Anweisung einer qualifizierten Fachperson f\u00fcr Gesundheit.<\/p>\n<\/p><\/div>\n<div class=\"chcg-warnings\">\n<h3>Warnhinweise<\/h3>\n<p>Falls Sie an einer Erkrankung leiden, schwanger sind, stillen, eine Schwangerschaft planen, unter 18 Jahre alt sind oder Medikamente einnehmen, konsultieren Sie bitte vor der Verwendung dieses Produkts eine Fachperson f\u00fcr Gesundheit. Ausserhalb der Reichweite von Kindern aufbewahren. Nicht verwenden, wenn das Sicherheitssiegel besch\u00e4digt oder fehlt.<\/p>\n<\/p><\/div>\n<div class=\"chcg-allergens\">\n<h3>Allergeninformationen<\/h3>\n<p>Enth\u00e4lt kein Weizen, Gluten, Soja, Milchprodukte, Ei, Fisch\/Meeresfr\u00fcchte, Erdn\u00fcsse\/Baumn\u00fcsse oder Sesam.<\/p>\n<\/p><\/div>\n<div class=\"chcg-storage\">\n<h3>Lagerung<\/h3>\n<p>An einem k\u00fchlen, trockenen Ort aufbewahren.<\/p>\n<\/p><\/div>\n<div class=\"chcg-dietary\">\n<h3>Ern\u00e4hrungshinweise<\/h3>\n<ul>\n<li>Vegan<\/li>\n<li>Vegetarisch<\/li>\n<li>Glutenfrei<\/li>\n<li>Laktosefrei<\/li>\n<\/ul><\/div>\n<\/div>\n","protected":false},"excerpt":{"rendered":"<p>Jarrow Formulas Mastic Gum liefert 1&#8217;000 mg reines Mastixharz pro Tagesportion in veganer Kapselform. Die Packung enth\u00e4lt 120 Veggie-Kapseln \u2013 ausreichend f\u00fcr 60 Tage. Glutenfrei, vegan und ohne Hauptallergene.<\/p>\n","protected":false},"featured_media":1930,"comment_status":"closed","ping_status":"open","template":"","meta":[],"product_brand":[198],"product_cat":[48,25,22,21],"product_tag":[],"class_list":{"0":"post-1929","1":"product","2":"type-product","3":"status-publish","4":"has-post-thumbnail","6":"product_brand-jarrow-formulas","7":"product_cat-gesunde-ernaehrung","8":"product_cat-gesundheit-und-wohlbefinden","9":"product_cat-vegane-produkte","10":"product_cat-vitamine-und-mineralstoffe","12":"first","13":"outofstock","14":"taxable","15":"shipping-taxable","16":"purchasable","17":"product-type-simple"},"yoast_head":"<!-- This site is optimized with the Yoast SEO plugin v27.5 - https:\/\/yoast.com\/product\/yoast-seo-wordpress\/ -->\n<title>Mastic Gum 120 Veggie-Kapseln \u2013 Jarrow Formulas | ecosupplements.ch<\/title>\n<meta name=\"description\" content=\"Jarrow Formulas Mastic Gum \u2013 1&#039;000 mg Mastixharz pro Portion, 120 vegane Kapseln, glutenfrei und ohne Hauptallergene. Jetzt bestellen.\" \/>\n<meta name=\"robots\" content=\"index, follow, max-snippet:-1, max-image-preview:large, max-video-preview:-1\" \/>\n<link rel=\"canonical\" href=\"https:\/\/ecosupplements.ch\/?product=mastic-gum-120-vcaps\" \/>\n<meta property=\"og:locale\" content=\"de_DE\" \/>\n<meta property=\"og:type\" content=\"article\" \/>\n<meta property=\"og:title\" content=\"Mastic Gum 120 Veggie-Kapseln \u2013 Jarrow Formulas | ecosupplements.ch\" \/>\n<meta property=\"og:description\" content=\"Jarrow Formulas Mastic Gum \u2013 1&#039;000 mg Mastixharz pro Portion, 120 vegane Kapseln, glutenfrei und ohne Hauptallergene. Jetzt bestellen.\" \/>\n<meta property=\"og:url\" content=\"https:\/\/ecosupplements.ch\/?product=mastic-gum-120-vcaps\" \/>\n<meta property=\"og:site_name\" content=\"Eco Supplements\" \/>\n<meta property=\"article:modified_time\" content=\"2026-05-13T07:24:51+00:00\" \/>\n<meta property=\"og:image\" content=\"https:\/\/ecosupplements.ch\/wp-content\/uploads\/2026\/05\/Mastic-Gum-120-vcaps.jpg\" \/>\n\t<meta property=\"og:image:width\" content=\"500\" \/>\n\t<meta property=\"og:image:height\" content=\"500\" \/>\n\t<meta property=\"og:image:type\" content=\"image\/jpeg\" \/>\n<meta name=\"twitter:card\" content=\"summary_large_image\" \/>\n<meta name=\"twitter:label1\" content=\"Price\" \/>\n\t<meta name=\"twitter:data1\" content=\"&#067;&#072;&#070;&nbsp;66.22\" \/>\n\t<meta name=\"twitter:label2\" content=\"Availability\" \/>\n\t<meta name=\"twitter:data2\" content=\"Out of stock\" \/>\n<script type=\"application\/ld+json\" class=\"yoast-schema-graph\">{\"@context\":\"https:\\\/\\\/schema.org\",\"@graph\":[{\"@type\":\"WebPage\",\"@id\":\"https:\\\/\\\/ecosupplements.ch\\\/?product=mastic-gum-120-vcaps\",\"url\":\"https:\\\/\\\/ecosupplements.ch\\\/?product=mastic-gum-120-vcaps\",\"name\":\"Mastic Gum 120 Veggie-Kapseln \u2013 Jarrow Formulas | ecosupplements.ch\",\"isPartOf\":{\"@id\":\"https:\\\/\\\/ecosupplements.ch\\\/#website\"},\"primaryImageOfPage\":{\"@id\":\"https:\\\/\\\/ecosupplements.ch\\\/?product=mastic-gum-120-vcaps#primaryimage\"},\"image\":{\"@id\":\"https:\\\/\\\/ecosupplements.ch\\\/?product=mastic-gum-120-vcaps#primaryimage\"},\"thumbnailUrl\":\"https:\\\/\\\/ecosupplements.ch\\\/wp-content\\\/uploads\\\/2026\\\/05\\\/Mastic-Gum-120-vcaps.jpg\",\"datePublished\":\"2026-05-11T14:32:49+00:00\",\"dateModified\":\"2026-05-13T07:24:51+00:00\",\"description\":\"Jarrow Formulas Mastic Gum \u2013 1'000 mg Mastixharz pro Portion, 120 vegane Kapseln, glutenfrei und ohne Hauptallergene. Jetzt bestellen.\",\"breadcrumb\":{\"@id\":\"https:\\\/\\\/ecosupplements.ch\\\/?product=mastic-gum-120-vcaps#breadcrumb\"},\"inLanguage\":\"de-CH\",\"potentialAction\":[{\"@type\":\"ReadAction\",\"target\":[\"https:\\\/\\\/ecosupplements.ch\\\/?product=mastic-gum-120-vcaps\"]}]},{\"@type\":\"ImageObject\",\"inLanguage\":\"de-CH\",\"@id\":\"https:\\\/\\\/ecosupplements.ch\\\/?product=mastic-gum-120-vcaps#primaryimage\",\"url\":\"https:\\\/\\\/ecosupplements.ch\\\/wp-content\\\/uploads\\\/2026\\\/05\\\/Mastic-Gum-120-vcaps.jpg\",\"contentUrl\":\"https:\\\/\\\/ecosupplements.ch\\\/wp-content\\\/uploads\\\/2026\\\/05\\\/Mastic-Gum-120-vcaps.jpg\",\"width\":500,\"height\":500,\"caption\":\"Mastic Gum - 120 vcaps\"},{\"@type\":\"BreadcrumbList\",\"@id\":\"https:\\\/\\\/ecosupplements.ch\\\/?product=mastic-gum-120-vcaps#breadcrumb\",\"itemListElement\":[{\"@type\":\"ListItem\",\"position\":1,\"name\":\"Home\",\"item\":\"https:\\\/\\\/ecosupplements.ch\\\/\"},{\"@type\":\"ListItem\",\"position\":2,\"name\":\"Shop\",\"item\":\"https:\\\/\\\/ecosupplements.ch\\\/?page_id=14\"},{\"@type\":\"ListItem\",\"position\":3,\"name\":\"Mastic Gum &#8211; 120 vcaps\"}]},{\"@type\":\"WebSite\",\"@id\":\"https:\\\/\\\/ecosupplements.ch\\\/#website\",\"url\":\"https:\\\/\\\/ecosupplements.ch\\\/\",\"name\":\"Eco Supplements\",\"description\":\"\",\"potentialAction\":[{\"@type\":\"SearchAction\",\"target\":{\"@type\":\"EntryPoint\",\"urlTemplate\":\"https:\\\/\\\/ecosupplements.ch\\\/?s={search_term_string}\"},\"query-input\":{\"@type\":\"PropertyValueSpecification\",\"valueRequired\":true,\"valueName\":\"search_term_string\"}}],\"inLanguage\":\"de-CH\"}]}<\/script>\n<meta property=\"product:price:amount\" content=\"66.22\" \/>\n<meta property=\"product:price:currency\" content=\"CHF\" \/>\n<meta property=\"og:availability\" content=\"out of stock\" \/>\n<meta property=\"product:availability\" content=\"out of stock\" \/>\n<meta property=\"product:retailer_item_id\" content=\"790011230144\" \/>\n<meta property=\"product:condition\" content=\"new\" \/>\n<!-- \/ Yoast SEO plugin. -->","yoast_head_json":{"title":"Mastic Gum 120 Veggie-Kapseln \u2013 Jarrow Formulas | ecosupplements.ch","description":"Jarrow Formulas Mastic Gum \u2013 1'000 mg Mastixharz pro Portion, 120 vegane Kapseln, glutenfrei und ohne Hauptallergene. Jetzt bestellen.","robots":{"index":"index","follow":"follow","max-snippet":"max-snippet:-1","max-image-preview":"max-image-preview:large","max-video-preview":"max-video-preview:-1"},"canonical":"https:\/\/ecosupplements.ch\/?product=mastic-gum-120-vcaps","og_locale":"de_DE","og_type":"article","og_title":"Mastic Gum 120 Veggie-Kapseln \u2013 Jarrow Formulas | ecosupplements.ch","og_description":"Jarrow Formulas Mastic Gum \u2013 1'000 mg Mastixharz pro Portion, 120 vegane Kapseln, glutenfrei und ohne Hauptallergene. Jetzt bestellen.","og_url":"https:\/\/ecosupplements.ch\/?product=mastic-gum-120-vcaps","og_site_name":"Eco Supplements","article_modified_time":"2026-05-13T07:24:51+00:00","og_image":[{"width":500,"height":500,"url":"https:\/\/ecosupplements.ch\/wp-content\/uploads\/2026\/05\/Mastic-Gum-120-vcaps.jpg","type":"image\/jpeg"}],"twitter_card":"summary_large_image","twitter_misc":{"Price":"&#67;&#72;&#70;&nbsp;66.22","Availability":"Out of stock"},"schema":{"@context":"https:\/\/schema.org","@graph":[{"@type":"WebPage","@id":"https:\/\/ecosupplements.ch\/?product=mastic-gum-120-vcaps","url":"https:\/\/ecosupplements.ch\/?product=mastic-gum-120-vcaps","name":"Mastic Gum 120 Veggie-Kapseln \u2013 Jarrow Formulas | ecosupplements.ch","isPartOf":{"@id":"https:\/\/ecosupplements.ch\/#website"},"primaryImageOfPage":{"@id":"https:\/\/ecosupplements.ch\/?product=mastic-gum-120-vcaps#primaryimage"},"image":{"@id":"https:\/\/ecosupplements.ch\/?product=mastic-gum-120-vcaps#primaryimage"},"thumbnailUrl":"https:\/\/ecosupplements.ch\/wp-content\/uploads\/2026\/05\/Mastic-Gum-120-vcaps.jpg","datePublished":"2026-05-11T14:32:49+00:00","dateModified":"2026-05-13T07:24:51+00:00","description":"Jarrow Formulas Mastic Gum \u2013 1'000 mg Mastixharz pro Portion, 120 vegane Kapseln, glutenfrei und ohne Hauptallergene. Jetzt bestellen.","breadcrumb":{"@id":"https:\/\/ecosupplements.ch\/?product=mastic-gum-120-vcaps#breadcrumb"},"inLanguage":"de-CH","potentialAction":[{"@type":"ReadAction","target":["https:\/\/ecosupplements.ch\/?product=mastic-gum-120-vcaps"]}]},{"@type":"ImageObject","inLanguage":"de-CH","@id":"https:\/\/ecosupplements.ch\/?product=mastic-gum-120-vcaps#primaryimage","url":"https:\/\/ecosupplements.ch\/wp-content\/uploads\/2026\/05\/Mastic-Gum-120-vcaps.jpg","contentUrl":"https:\/\/ecosupplements.ch\/wp-content\/uploads\/2026\/05\/Mastic-Gum-120-vcaps.jpg","width":500,"height":500,"caption":"Mastic Gum - 120 vcaps"},{"@type":"BreadcrumbList","@id":"https:\/\/ecosupplements.ch\/?product=mastic-gum-120-vcaps#breadcrumb","itemListElement":[{"@type":"ListItem","position":1,"name":"Home","item":"https:\/\/ecosupplements.ch\/"},{"@type":"ListItem","position":2,"name":"Shop","item":"https:\/\/ecosupplements.ch\/?page_id=14"},{"@type":"ListItem","position":3,"name":"Mastic Gum &#8211; 120 vcaps"}]},{"@type":"WebSite","@id":"https:\/\/ecosupplements.ch\/#website","url":"https:\/\/ecosupplements.ch\/","name":"Eco Supplements","description":"","potentialAction":[{"@type":"SearchAction","target":{"@type":"EntryPoint","urlTemplate":"https:\/\/ecosupplements.ch\/?s={search_term_string}"},"query-input":{"@type":"PropertyValueSpecification","valueRequired":true,"valueName":"search_term_string"}}],"inLanguage":"de-CH"}]},"product_price_amount":"66.22","product_price_currency":"CHF","og_availability":"out of stock","product_availability":"out of stock","product_retailer_item_id":"790011230144","product_condition":"new"},"_links":{"self":[{"href":"https:\/\/ecosupplements.ch\/index.php?rest_route=\/wp\/v2\/product\/1929","targetHints":{"allow":["GET"]}}],"collection":[{"href":"https:\/\/ecosupplements.ch\/index.php?rest_route=\/wp\/v2\/product"}],"about":[{"href":"https:\/\/ecosupplements.ch\/index.php?rest_route=\/wp\/v2\/types\/product"}],"replies":[{"embeddable":true,"href":"https:\/\/ecosupplements.ch\/index.php?rest_route=%2Fwp%2Fv2%2Fcomments&post=1929"}],"wp:featuredmedia":[{"embeddable":true,"href":"https:\/\/ecosupplements.ch\/index.php?rest_route=\/wp\/v2\/media\/1930"}],"wp:attachment":[{"href":"https:\/\/ecosupplements.ch\/index.php?rest_route=%2Fwp%2Fv2%2Fmedia&parent=1929"}],"wp:term":[{"taxonomy":"product_brand","embeddable":true,"href":"https:\/\/ecosupplements.ch\/index.php?rest_route=%2Fwp%2Fv2%2Fproduct_brand&post=1929"},{"taxonomy":"product_cat","embeddable":true,"href":"https:\/\/ecosupplements.ch\/index.php?rest_route=%2Fwp%2Fv2%2Fproduct_cat&post=1929"},{"taxonomy":"product_tag","embeddable":true,"href":"https:\/\/ecosupplements.ch\/index.php?rest_route=%2Fwp%2Fv2%2Fproduct_tag&post=1929"}],"curies":[{"name":"wp","href":"https:\/\/api.w.org\/{rel}","templated":true}]}}