{"id":1935,"date":"2026-05-11T14:32:51","date_gmt":"2026-05-11T14:32:51","guid":{"rendered":"https:\/\/ecosupplements.ch\/?product=methyl-folate-1000mcg-100-vcaps"},"modified":"2026-05-13T07:24:51","modified_gmt":"2026-05-13T07:24:51","slug":"methyl-folate-1000mcg-100-vcaps","status":"publish","type":"product","link":"https:\/\/ecosupplements.ch\/?product=methyl-folate-1000mcg-100-vcaps","title":{"rendered":"Methyl Folate, 1000mcg &#8211; 100 vcaps"},"content":{"rendered":"<div class=\"chcg-product-description\">\n<h2 class=\"chcg-heading\">\u00dcber Jarrow Formulas \u2013 Methyl Folate, 1000mcg \u2013 100 Vegane Kapseln<\/h2>\n<div class=\"chcg-intro\">\n<p>Jarrow Formulas Methyl Folate liefert 1&#8217;000 mcg (6S)-5-Methyltetrahydrofolat (5-MTHF) pro Kapsel \u2013 die biologisch aktive Form von Folat, die vom K\u00f6rper direkt verwertet werden kann. Im Gegensatz zu synthetischer Fols\u00e4ure muss (6S)-5-MTHF nicht erst in der Leber umgewandelt werden, was es besonders f\u00fcr Personen geeignet macht, die aufgrund genetischer Varianten (wie MTHFR-Polymorphismen) eine eingeschr\u00e4nkte Umwandlungskapazit\u00e4t aufweisen.<\/p>\n<p>Folat tr\u00e4gt zur normalen Aminos\u00e4uresynthese, zur Verringerung von M\u00fcdigkeit und Ersch\u00f6pfung sowie zur normalen psychischen Funktion bei. Ausserdem unterst\u00fctzt Folat die normale Blutbildung und eine normale Funktion des Immunsystems. Die in diesem Produkt verwendete Form (6S)-5-MTHF Glucosaminsalz ist die biologisch identische Form des im menschlichen Blutkreislauf vorkommenden Folats.<\/p>\n<p>Jarrow Formulas setzt auf hochwertige Rohstoffe und eine pr\u00e4zise Formulierung. Die veganen Kapseln enthalten keine tierischen Bestandteile und sind frei von g\u00e4ngigen Allergenen. Mit 100 Kapseln pro Packung und einer t\u00e4glichen Einnahme von einer Kapsel ergibt sich eine Versorgung f\u00fcr rund 3 Monate.<\/p>\n<\/p><\/div>\n<div class=\"chcg-nutrition\">\n<h3>N\u00e4hrwertangaben<\/h3>\n<table class=\"chcg-nutrition-table\">\n<thead>\n<tr>\n<th>N\u00e4hrstoff<\/th>\n<th>Pro Portion (1 Kapsel)<\/th>\n<\/tr>\n<\/thead>\n<tbody>\n<tr>\n<td>Folat<\/td>\n<td>1&#8217;700 mcg DFE (425 % NRV)<\/td>\n<\/tr>\n<tr>\n<td>\u2013 als (6S)-5-MTHF [(6S)-5-Methyltetrahydrofolat Glucosaminsalz]<\/td>\n<td>1&#8217;000 mcg<\/td>\n<\/tr>\n<\/tbody>\n<\/table><\/div>\n<div class=\"chcg-ingredients\">\n<h3>Zutaten<\/h3>\n<p>Folat (1&#8217;000 mcg als (6S)-5-MTHF [aus (6S)-5-Methyltetrahydrofolat Glucosaminsalz]). Weitere Zutaten: Mikrokristalline Cellulose, Kapsel (Hydroxypropylmethylcellulose, Wasser) und Magnesiumstearat (pflanzliche Quelle).<\/p>\n<p class=\"chcg-capsule-shell\">Kapselh\u00fclle: Hydroxypropylmethylcellulose, Wasser<\/p>\n<\/p><\/div>\n<div class=\"chcg-dosage\">\n<h3>Verzehrempfehlung<\/h3>\n<p>Erwachsene nehmen 1 Kapsel einmal t\u00e4glich, mit oder ohne Mahlzeit, oder gem\u00e4ss Anweisung einer qualifizierten Fachperson des Gesundheitswesens.<\/p>\n<\/p><\/div>\n<div class=\"chcg-warnings\">\n<h3>Warnhinweise<\/h3>\n<p>Konsultieren Sie vor der Einnahme dieses Produkts eine Fachperson des Gesundheitswesens, wenn Sie schwanger sind oder stillen, unter 18 Jahre alt sind, Medikamente einnehmen (insbesondere Antiepileptika oder Chemotherapeutika) oder an einer Erkrankung leiden. Bei unerw\u00fcnschten Reaktionen ist die Einnahme sofort zu beenden. Nicht verwenden, wenn das Sicherheitssiegel besch\u00e4digt oder nicht vorhanden ist. Ausserhalb der Reichweite von Kindern aufbewahren.<\/p>\n<\/p><\/div>\n<div class=\"chcg-allergens\">\n<h3>Allergeninformationen<\/h3>\n<p>Ohne Weizen, Gluten, Soja, Milchprodukte, Ei, Fisch\/Schalentiere, Erdn\u00fcsse\/Baumn\u00fcsse oder Sesam.<\/p>\n<\/p><\/div>\n<div class=\"chcg-storage\">\n<h3>Lagerung<\/h3>\n<p>An einem k\u00fchlen, trockenen Ort lagern.<\/p>\n<\/p><\/div>\n<div class=\"chcg-dietary\">\n<h3>Ern\u00e4hrungshinweise<\/h3>\n<ul>\n<li>Vegan<\/li>\n<li>Vegetarisch<\/li>\n<li>Glutenfrei<\/li>\n<li>Laktosefrei<\/li>\n<\/ul><\/div>\n<\/div>\n","protected":false},"excerpt":{"rendered":"<p>Jarrow Formulas Methyl Folate liefert 1&#8217;000 mcg der biologisch aktiven Folatform (6S)-5-MTHF pro veganer Kapsel. Ideal f\u00fcr eine gezielte Folatversorgung \u2013 100 Kapseln pro Packung, vegan und glutenfrei.<\/p>\n","protected":false},"featured_media":1936,"comment_status":"closed","ping_status":"open","template":"","meta":[],"product_brand":[198],"product_cat":[27,114,48,25,26,21],"product_tag":[],"class_list":{"0":"post-1935","1":"product","2":"type-product","3":"status-publish","4":"has-post-thumbnail","6":"product_brand-jarrow-formulas","7":"product_cat-einige-vitamine","8":"product_cat-folsaeure","9":"product_cat-gesunde-ernaehrung","10":"product_cat-gesundheit-und-wohlbefinden","11":"product_cat-multivitamine","12":"product_cat-vitamine-und-mineralstoffe","14":"first","15":"outofstock","16":"taxable","17":"shipping-taxable","18":"purchasable","19":"product-type-simple"},"yoast_head":"<!-- This site is optimized with the Yoast SEO plugin v27.5 - https:\/\/yoast.com\/product\/yoast-seo-wordpress\/ -->\n<title>Methyl Folate 1000mcg \u2013 Jarrow Formulas | ecosupplements.ch<\/title>\n<meta name=\"description\" content=\"Aktives Folat als (6S)-5-MTHF, 1&#039;000 mcg pro veganer Kapsel \u2013 100 St\u00fcck von Jarrow Formulas. Glutenfrei und vegan. Jetzt bestellen.\" \/>\n<meta name=\"robots\" content=\"index, follow, max-snippet:-1, max-image-preview:large, max-video-preview:-1\" \/>\n<link rel=\"canonical\" href=\"https:\/\/ecosupplements.ch\/?product=methyl-folate-1000mcg-100-vcaps\" \/>\n<meta property=\"og:locale\" content=\"de_DE\" \/>\n<meta property=\"og:type\" content=\"article\" \/>\n<meta property=\"og:title\" content=\"Methyl Folate 1000mcg \u2013 Jarrow Formulas | ecosupplements.ch\" \/>\n<meta property=\"og:description\" content=\"Aktives Folat als (6S)-5-MTHF, 1&#039;000 mcg pro veganer Kapsel \u2013 100 St\u00fcck von Jarrow Formulas. Glutenfrei und vegan. Jetzt bestellen.\" \/>\n<meta property=\"og:url\" content=\"https:\/\/ecosupplements.ch\/?product=methyl-folate-1000mcg-100-vcaps\" \/>\n<meta property=\"og:site_name\" content=\"Eco Supplements\" \/>\n<meta property=\"article:modified_time\" content=\"2026-05-13T07:24:51+00:00\" \/>\n<meta property=\"og:image\" content=\"https:\/\/ecosupplements.ch\/wp-content\/uploads\/2026\/05\/Methyl-Folate-1000mcg-100-vcaps.jpg\" \/>\n\t<meta property=\"og:image:width\" content=\"900\" \/>\n\t<meta property=\"og:image:height\" content=\"900\" \/>\n\t<meta property=\"og:image:type\" content=\"image\/jpeg\" \/>\n<meta name=\"twitter:card\" content=\"summary_large_image\" \/>\n<meta name=\"twitter:label1\" content=\"Price\" \/>\n\t<meta name=\"twitter:data1\" content=\"&#067;&#072;&#070;&nbsp;31.66\" \/>\n\t<meta name=\"twitter:label2\" content=\"Availability\" \/>\n\t<meta name=\"twitter:data2\" content=\"Out of stock\" \/>\n<script type=\"application\/ld+json\" class=\"yoast-schema-graph\">{\"@context\":\"https:\\\/\\\/schema.org\",\"@graph\":[{\"@type\":\"WebPage\",\"@id\":\"https:\\\/\\\/ecosupplements.ch\\\/?product=methyl-folate-1000mcg-100-vcaps\",\"url\":\"https:\\\/\\\/ecosupplements.ch\\\/?product=methyl-folate-1000mcg-100-vcaps\",\"name\":\"Methyl Folate 1000mcg \u2013 Jarrow Formulas | ecosupplements.ch\",\"isPartOf\":{\"@id\":\"https:\\\/\\\/ecosupplements.ch\\\/#website\"},\"primaryImageOfPage\":{\"@id\":\"https:\\\/\\\/ecosupplements.ch\\\/?product=methyl-folate-1000mcg-100-vcaps#primaryimage\"},\"image\":{\"@id\":\"https:\\\/\\\/ecosupplements.ch\\\/?product=methyl-folate-1000mcg-100-vcaps#primaryimage\"},\"thumbnailUrl\":\"https:\\\/\\\/ecosupplements.ch\\\/wp-content\\\/uploads\\\/2026\\\/05\\\/Methyl-Folate-1000mcg-100-vcaps.jpg\",\"datePublished\":\"2026-05-11T14:32:51+00:00\",\"dateModified\":\"2026-05-13T07:24:51+00:00\",\"description\":\"Aktives Folat als (6S)-5-MTHF, 1'000 mcg pro veganer Kapsel \u2013 100 St\u00fcck von Jarrow Formulas. Glutenfrei und vegan. Jetzt bestellen.\",\"breadcrumb\":{\"@id\":\"https:\\\/\\\/ecosupplements.ch\\\/?product=methyl-folate-1000mcg-100-vcaps#breadcrumb\"},\"inLanguage\":\"de-CH\",\"potentialAction\":[{\"@type\":\"ReadAction\",\"target\":[\"https:\\\/\\\/ecosupplements.ch\\\/?product=methyl-folate-1000mcg-100-vcaps\"]}]},{\"@type\":\"ImageObject\",\"inLanguage\":\"de-CH\",\"@id\":\"https:\\\/\\\/ecosupplements.ch\\\/?product=methyl-folate-1000mcg-100-vcaps#primaryimage\",\"url\":\"https:\\\/\\\/ecosupplements.ch\\\/wp-content\\\/uploads\\\/2026\\\/05\\\/Methyl-Folate-1000mcg-100-vcaps.jpg\",\"contentUrl\":\"https:\\\/\\\/ecosupplements.ch\\\/wp-content\\\/uploads\\\/2026\\\/05\\\/Methyl-Folate-1000mcg-100-vcaps.jpg\",\"width\":900,\"height\":900,\"caption\":\"Methyl Folate\"},{\"@type\":\"BreadcrumbList\",\"@id\":\"https:\\\/\\\/ecosupplements.ch\\\/?product=methyl-folate-1000mcg-100-vcaps#breadcrumb\",\"itemListElement\":[{\"@type\":\"ListItem\",\"position\":1,\"name\":\"Home\",\"item\":\"https:\\\/\\\/ecosupplements.ch\\\/\"},{\"@type\":\"ListItem\",\"position\":2,\"name\":\"Shop\",\"item\":\"https:\\\/\\\/ecosupplements.ch\\\/?page_id=14\"},{\"@type\":\"ListItem\",\"position\":3,\"name\":\"Methyl Folate, 1000mcg &#8211; 100 vcaps\"}]},{\"@type\":\"WebSite\",\"@id\":\"https:\\\/\\\/ecosupplements.ch\\\/#website\",\"url\":\"https:\\\/\\\/ecosupplements.ch\\\/\",\"name\":\"Eco Supplements\",\"description\":\"\",\"potentialAction\":[{\"@type\":\"SearchAction\",\"target\":{\"@type\":\"EntryPoint\",\"urlTemplate\":\"https:\\\/\\\/ecosupplements.ch\\\/?s={search_term_string}\"},\"query-input\":{\"@type\":\"PropertyValueSpecification\",\"valueRequired\":true,\"valueName\":\"search_term_string\"}}],\"inLanguage\":\"de-CH\"}]}<\/script>\n<meta property=\"product:price:amount\" content=\"31.66\" \/>\n<meta property=\"product:price:currency\" content=\"CHF\" \/>\n<meta property=\"og:availability\" content=\"out of stock\" \/>\n<meta property=\"product:availability\" content=\"out of stock\" \/>\n<meta property=\"product:retailer_item_id\" content=\"790011300083\" \/>\n<meta property=\"product:condition\" content=\"new\" \/>\n<!-- \/ Yoast SEO plugin. -->","yoast_head_json":{"title":"Methyl Folate 1000mcg \u2013 Jarrow Formulas | ecosupplements.ch","description":"Aktives Folat als (6S)-5-MTHF, 1'000 mcg pro veganer Kapsel \u2013 100 St\u00fcck von Jarrow Formulas. Glutenfrei und vegan. Jetzt bestellen.","robots":{"index":"index","follow":"follow","max-snippet":"max-snippet:-1","max-image-preview":"max-image-preview:large","max-video-preview":"max-video-preview:-1"},"canonical":"https:\/\/ecosupplements.ch\/?product=methyl-folate-1000mcg-100-vcaps","og_locale":"de_DE","og_type":"article","og_title":"Methyl Folate 1000mcg \u2013 Jarrow Formulas | ecosupplements.ch","og_description":"Aktives Folat als (6S)-5-MTHF, 1'000 mcg pro veganer Kapsel \u2013 100 St\u00fcck von Jarrow Formulas. Glutenfrei und vegan. Jetzt bestellen.","og_url":"https:\/\/ecosupplements.ch\/?product=methyl-folate-1000mcg-100-vcaps","og_site_name":"Eco Supplements","article_modified_time":"2026-05-13T07:24:51+00:00","og_image":[{"width":900,"height":900,"url":"https:\/\/ecosupplements.ch\/wp-content\/uploads\/2026\/05\/Methyl-Folate-1000mcg-100-vcaps.jpg","type":"image\/jpeg"}],"twitter_card":"summary_large_image","twitter_misc":{"Price":"&#67;&#72;&#70;&nbsp;31.66","Availability":"Out of stock"},"schema":{"@context":"https:\/\/schema.org","@graph":[{"@type":"WebPage","@id":"https:\/\/ecosupplements.ch\/?product=methyl-folate-1000mcg-100-vcaps","url":"https:\/\/ecosupplements.ch\/?product=methyl-folate-1000mcg-100-vcaps","name":"Methyl Folate 1000mcg \u2013 Jarrow Formulas | ecosupplements.ch","isPartOf":{"@id":"https:\/\/ecosupplements.ch\/#website"},"primaryImageOfPage":{"@id":"https:\/\/ecosupplements.ch\/?product=methyl-folate-1000mcg-100-vcaps#primaryimage"},"image":{"@id":"https:\/\/ecosupplements.ch\/?product=methyl-folate-1000mcg-100-vcaps#primaryimage"},"thumbnailUrl":"https:\/\/ecosupplements.ch\/wp-content\/uploads\/2026\/05\/Methyl-Folate-1000mcg-100-vcaps.jpg","datePublished":"2026-05-11T14:32:51+00:00","dateModified":"2026-05-13T07:24:51+00:00","description":"Aktives Folat als (6S)-5-MTHF, 1'000 mcg pro veganer Kapsel \u2013 100 St\u00fcck von Jarrow Formulas. Glutenfrei und vegan. Jetzt bestellen.","breadcrumb":{"@id":"https:\/\/ecosupplements.ch\/?product=methyl-folate-1000mcg-100-vcaps#breadcrumb"},"inLanguage":"de-CH","potentialAction":[{"@type":"ReadAction","target":["https:\/\/ecosupplements.ch\/?product=methyl-folate-1000mcg-100-vcaps"]}]},{"@type":"ImageObject","inLanguage":"de-CH","@id":"https:\/\/ecosupplements.ch\/?product=methyl-folate-1000mcg-100-vcaps#primaryimage","url":"https:\/\/ecosupplements.ch\/wp-content\/uploads\/2026\/05\/Methyl-Folate-1000mcg-100-vcaps.jpg","contentUrl":"https:\/\/ecosupplements.ch\/wp-content\/uploads\/2026\/05\/Methyl-Folate-1000mcg-100-vcaps.jpg","width":900,"height":900,"caption":"Methyl Folate"},{"@type":"BreadcrumbList","@id":"https:\/\/ecosupplements.ch\/?product=methyl-folate-1000mcg-100-vcaps#breadcrumb","itemListElement":[{"@type":"ListItem","position":1,"name":"Home","item":"https:\/\/ecosupplements.ch\/"},{"@type":"ListItem","position":2,"name":"Shop","item":"https:\/\/ecosupplements.ch\/?page_id=14"},{"@type":"ListItem","position":3,"name":"Methyl Folate, 1000mcg &#8211; 100 vcaps"}]},{"@type":"WebSite","@id":"https:\/\/ecosupplements.ch\/#website","url":"https:\/\/ecosupplements.ch\/","name":"Eco Supplements","description":"","potentialAction":[{"@type":"SearchAction","target":{"@type":"EntryPoint","urlTemplate":"https:\/\/ecosupplements.ch\/?s={search_term_string}"},"query-input":{"@type":"PropertyValueSpecification","valueRequired":true,"valueName":"search_term_string"}}],"inLanguage":"de-CH"}]},"product_price_amount":"31.66","product_price_currency":"CHF","og_availability":"out of stock","product_availability":"out of stock","product_retailer_item_id":"790011300083","product_condition":"new"},"_links":{"self":[{"href":"https:\/\/ecosupplements.ch\/index.php?rest_route=\/wp\/v2\/product\/1935","targetHints":{"allow":["GET"]}}],"collection":[{"href":"https:\/\/ecosupplements.ch\/index.php?rest_route=\/wp\/v2\/product"}],"about":[{"href":"https:\/\/ecosupplements.ch\/index.php?rest_route=\/wp\/v2\/types\/product"}],"replies":[{"embeddable":true,"href":"https:\/\/ecosupplements.ch\/index.php?rest_route=%2Fwp%2Fv2%2Fcomments&post=1935"}],"wp:featuredmedia":[{"embeddable":true,"href":"https:\/\/ecosupplements.ch\/index.php?rest_route=\/wp\/v2\/media\/1936"}],"wp:attachment":[{"href":"https:\/\/ecosupplements.ch\/index.php?rest_route=%2Fwp%2Fv2%2Fmedia&parent=1935"}],"wp:term":[{"taxonomy":"product_brand","embeddable":true,"href":"https:\/\/ecosupplements.ch\/index.php?rest_route=%2Fwp%2Fv2%2Fproduct_brand&post=1935"},{"taxonomy":"product_cat","embeddable":true,"href":"https:\/\/ecosupplements.ch\/index.php?rest_route=%2Fwp%2Fv2%2Fproduct_cat&post=1935"},{"taxonomy":"product_tag","embeddable":true,"href":"https:\/\/ecosupplements.ch\/index.php?rest_route=%2Fwp%2Fv2%2Fproduct_tag&post=1935"}],"curies":[{"name":"wp","href":"https:\/\/api.w.org\/{rel}","templated":true}]}}