{"id":1943,"date":"2026-05-11T14:32:54","date_gmt":"2026-05-11T14:32:54","guid":{"rendered":"https:\/\/ecosupplements.ch\/?product=n-a-g-700mg-120-vcaps"},"modified":"2026-05-13T07:24:51","modified_gmt":"2026-05-13T07:24:51","slug":"n-a-g-700mg-120-vcaps","status":"publish","type":"product","link":"https:\/\/ecosupplements.ch\/?product=n-a-g-700mg-120-vcaps","title":{"rendered":"N-A-G, 700mg &#8211; 120 vcaps"},"content":{"rendered":"<div class=\"chcg-product-description\">\n<h2 class=\"chcg-heading\">\u00dcber Jarrow Formulas \u2013 N-A-G, 700mg \u2013 120 Veggie-Kapseln<\/h2>\n<div class=\"chcg-intro\">\n<p>N-Acetyl-D-Glucosamin (N-A-G) ist ein nat\u00fcrlich vorkommender Aminozucker, der im menschlichen K\u00f6rper als Baustein f\u00fcr wichtige Strukturverbindungen dient. Jarrow Formulas liefert mit dieser Formel 700 mg reines N-A-G pro Kapsel in einer einfach einzunehmenden Veggie-Kapsel \u2013 ohne tierische Bestandteile.<\/p>\n<p>Das Produkt eignet sich f\u00fcr Personen, die ihren Alltag mit einem gezielt zusammengesetzten Nahrungserg\u00e4nzungsmittel unterst\u00fctzen m\u00f6chten. Jede Veggie-Kapsel ist frei von Weizen, Gluten, Soja, Milchprodukten, Ei, Fisch\/Meeresfr\u00fcchten, Erdn\u00fcssen\/Baumn\u00fcssen sowie Sesam und damit f\u00fcr eine Vielzahl von Ern\u00e4hrungsweisen geeignet.<\/p>\n<p>Mit 120 Kapseln pro Packung und einer empfohlenen Tagesdosis von 1\u20132 Kapseln bietet dieses Produkt eine Versorgung f\u00fcr bis zu vier Monate. Jarrow Formulas steht f\u00fcr sorgf\u00e4ltig formulierte Nahrungserg\u00e4nzungsmittel nach hohen Qualit\u00e4tsstandards.<\/p>\n<\/p><\/div>\n<div class=\"chcg-nutrition\">\n<h3>N\u00e4hrwertangaben<\/h3>\n<table class=\"chcg-nutrition-table\">\n<thead>\n<tr>\n<th>N\u00e4hrstoff<\/th>\n<th>Pro Portion (1 Kapsel)<\/th>\n<\/tr>\n<\/thead>\n<tbody>\n<tr>\n<td>N-Acetyl-D-Glucosamin<\/td>\n<td>700 mg*<\/td>\n<\/tr>\n<\/tbody>\n<\/table>\n<p class=\"chcg-footnote\">* Kein festgelegter Tagesbedarf (Referenzwert) vorhanden.<\/p>\n<\/p><\/div>\n<div class=\"chcg-ingredients\">\n<h3>Zutaten<\/h3>\n<p>N-Acetyl-D-Glucosamin 700 mg. Weitere Zutaten: mikrokristalline Cellulose, Magnesiumstearat (pflanzliche Quelle) und Siliciumdioxid.<\/p>\n<p class=\"chcg-capsule-shell\">Kapselh\u00fclle: Hydroxypropylmethylcellulose, Wasser.<\/p>\n<\/p><\/div>\n<div class=\"chcg-dosage\">\n<h3>Verzehrempfehlung<\/h3>\n<p>Erwachsene nehmen 1 Kapsel 1\u20132 Mal t\u00e4glich ein oder gem\u00e4ss Anweisung einer qualifizierten Fachperson f\u00fcr Gesundheit.<\/p>\n<\/p><\/div>\n<div class=\"chcg-warnings\">\n<h3>Warnhinweise<\/h3>\n<p>Nicht verwenden, wenn das Sicherheitssiegel besch\u00e4digt oder nicht vorhanden ist. Vor der Einnahme dieses Produkts eine Fachperson f\u00fcr Gesundheit konsultieren, wenn Sie schwanger sind, stillen, unter 18 Jahre alt sind, Medikamente einnehmen oder an einer Erkrankung leiden. Bei unerw\u00fcnschten Reaktionen die Einnahme abbrechen. Ausserhalb der Reichweite von Kindern aufbewahren.<\/p>\n<\/p><\/div>\n<div class=\"chcg-allergens\">\n<h3>Allergeninformationen<\/h3>\n<p>Enth\u00e4lt kein Weizen, Gluten, Soja, Milchprodukte, Ei, Fisch\/Meeresfr\u00fcchte, Erdn\u00fcsse\/Baumn\u00fcsse oder Sesam.<\/p>\n<\/p><\/div>\n<div class=\"chcg-storage\">\n<h3>Lagerung<\/h3>\n<p>An einem k\u00fchlen, trockenen Ort aufbewahren.<\/p>\n<\/p><\/div>\n<div class=\"chcg-dietary\">\n<h3>Ern\u00e4hrungshinweise<\/h3>\n<ul>\n<li>Vegan<\/li>\n<li>Vegetarisch<\/li>\n<li>Glutenfrei<\/li>\n<li>Laktosefrei<\/li>\n<\/ul><\/div>\n<\/div>\n","protected":false},"excerpt":{"rendered":"<p>N-A-G von Jarrow Formulas liefert 700 mg N-Acetyl-D-Glucosamin pro Veggie-Kapsel. Die Packung enth\u00e4lt 120 Kapseln und ist vegan, glutenfrei sowie frei von g\u00e4ngigen Allergenen.<\/p>\n","protected":false},"featured_media":1944,"comment_status":"closed","ping_status":"open","template":"","meta":[],"product_brand":[198],"product_cat":[48,25,168,21],"product_tag":[],"class_list":{"0":"post-1943","1":"product","2":"type-product","3":"status-publish","4":"has-post-thumbnail","6":"product_brand-jarrow-formulas","7":"product_cat-gesunde-ernaehrung","8":"product_cat-gesundheit-und-wohlbefinden","9":"product_cat-n-acetyl","10":"product_cat-vitamine-und-mineralstoffe","12":"first","13":"outofstock","14":"taxable","15":"shipping-taxable","16":"purchasable","17":"product-type-simple"},"yoast_head":"<!-- This site is optimized with the Yoast SEO plugin v27.5 - https:\/\/yoast.com\/product\/yoast-seo-wordpress\/ -->\n<title>N-A-G 700mg Veggie-Kapseln \u2013 Jarrow Formulas | ecosupplements.ch<\/title>\n<meta name=\"description\" content=\"Jarrow Formulas N-A-G liefert 700 mg N-Acetyl-D-Glucosamin pro Kapsel \u2013 vegan und glutenfrei, 120 Veggie-Kapseln pro Packung. Jetzt bestellen.\" \/>\n<meta name=\"robots\" content=\"index, follow, max-snippet:-1, max-image-preview:large, max-video-preview:-1\" \/>\n<link rel=\"canonical\" href=\"https:\/\/ecosupplements.ch\/?product=n-a-g-700mg-120-vcaps\" \/>\n<meta property=\"og:locale\" content=\"de_DE\" \/>\n<meta property=\"og:type\" content=\"article\" \/>\n<meta property=\"og:title\" content=\"N-A-G 700mg Veggie-Kapseln \u2013 Jarrow Formulas | ecosupplements.ch\" \/>\n<meta property=\"og:description\" content=\"Jarrow Formulas N-A-G liefert 700 mg N-Acetyl-D-Glucosamin pro Kapsel \u2013 vegan und glutenfrei, 120 Veggie-Kapseln pro Packung. Jetzt bestellen.\" \/>\n<meta property=\"og:url\" content=\"https:\/\/ecosupplements.ch\/?product=n-a-g-700mg-120-vcaps\" \/>\n<meta property=\"og:site_name\" content=\"Eco Supplements\" \/>\n<meta property=\"article:modified_time\" content=\"2026-05-13T07:24:51+00:00\" \/>\n<meta property=\"og:image\" content=\"https:\/\/ecosupplements.ch\/wp-content\/uploads\/2026\/05\/N-A-G-700mg-120-vcaps.jpg\" \/>\n\t<meta property=\"og:image:width\" content=\"592\" \/>\n\t<meta property=\"og:image:height\" content=\"1096\" \/>\n\t<meta property=\"og:image:type\" content=\"image\/jpeg\" \/>\n<meta name=\"twitter:card\" content=\"summary_large_image\" \/>\n<meta name=\"twitter:label1\" content=\"Price\" \/>\n\t<meta name=\"twitter:data1\" content=\"&#067;&#072;&#070;&nbsp;31.91\" \/>\n\t<meta name=\"twitter:label2\" content=\"Availability\" \/>\n\t<meta name=\"twitter:data2\" content=\"Out of stock\" \/>\n<script type=\"application\/ld+json\" class=\"yoast-schema-graph\">{\"@context\":\"https:\\\/\\\/schema.org\",\"@graph\":[{\"@type\":\"WebPage\",\"@id\":\"https:\\\/\\\/ecosupplements.ch\\\/?product=n-a-g-700mg-120-vcaps\",\"url\":\"https:\\\/\\\/ecosupplements.ch\\\/?product=n-a-g-700mg-120-vcaps\",\"name\":\"N-A-G 700mg Veggie-Kapseln \u2013 Jarrow Formulas | ecosupplements.ch\",\"isPartOf\":{\"@id\":\"https:\\\/\\\/ecosupplements.ch\\\/#website\"},\"primaryImageOfPage\":{\"@id\":\"https:\\\/\\\/ecosupplements.ch\\\/?product=n-a-g-700mg-120-vcaps#primaryimage\"},\"image\":{\"@id\":\"https:\\\/\\\/ecosupplements.ch\\\/?product=n-a-g-700mg-120-vcaps#primaryimage\"},\"thumbnailUrl\":\"https:\\\/\\\/ecosupplements.ch\\\/wp-content\\\/uploads\\\/2026\\\/05\\\/N-A-G-700mg-120-vcaps.jpg\",\"datePublished\":\"2026-05-11T14:32:54+00:00\",\"dateModified\":\"2026-05-13T07:24:51+00:00\",\"description\":\"Jarrow Formulas N-A-G liefert 700 mg N-Acetyl-D-Glucosamin pro Kapsel \u2013 vegan und glutenfrei, 120 Veggie-Kapseln pro Packung. Jetzt bestellen.\",\"breadcrumb\":{\"@id\":\"https:\\\/\\\/ecosupplements.ch\\\/?product=n-a-g-700mg-120-vcaps#breadcrumb\"},\"inLanguage\":\"de-CH\",\"potentialAction\":[{\"@type\":\"ReadAction\",\"target\":[\"https:\\\/\\\/ecosupplements.ch\\\/?product=n-a-g-700mg-120-vcaps\"]}]},{\"@type\":\"ImageObject\",\"inLanguage\":\"de-CH\",\"@id\":\"https:\\\/\\\/ecosupplements.ch\\\/?product=n-a-g-700mg-120-vcaps#primaryimage\",\"url\":\"https:\\\/\\\/ecosupplements.ch\\\/wp-content\\\/uploads\\\/2026\\\/05\\\/N-A-G-700mg-120-vcaps.jpg\",\"contentUrl\":\"https:\\\/\\\/ecosupplements.ch\\\/wp-content\\\/uploads\\\/2026\\\/05\\\/N-A-G-700mg-120-vcaps.jpg\",\"width\":592,\"height\":1096,\"caption\":\"N-A-G\"},{\"@type\":\"BreadcrumbList\",\"@id\":\"https:\\\/\\\/ecosupplements.ch\\\/?product=n-a-g-700mg-120-vcaps#breadcrumb\",\"itemListElement\":[{\"@type\":\"ListItem\",\"position\":1,\"name\":\"Home\",\"item\":\"https:\\\/\\\/ecosupplements.ch\\\/\"},{\"@type\":\"ListItem\",\"position\":2,\"name\":\"Shop\",\"item\":\"https:\\\/\\\/ecosupplements.ch\\\/?page_id=14\"},{\"@type\":\"ListItem\",\"position\":3,\"name\":\"N-A-G, 700mg &#8211; 120 vcaps\"}]},{\"@type\":\"WebSite\",\"@id\":\"https:\\\/\\\/ecosupplements.ch\\\/#website\",\"url\":\"https:\\\/\\\/ecosupplements.ch\\\/\",\"name\":\"Eco Supplements\",\"description\":\"\",\"potentialAction\":[{\"@type\":\"SearchAction\",\"target\":{\"@type\":\"EntryPoint\",\"urlTemplate\":\"https:\\\/\\\/ecosupplements.ch\\\/?s={search_term_string}\"},\"query-input\":{\"@type\":\"PropertyValueSpecification\",\"valueRequired\":true,\"valueName\":\"search_term_string\"}}],\"inLanguage\":\"de-CH\"}]}<\/script>\n<meta property=\"product:price:amount\" content=\"31.91\" \/>\n<meta property=\"product:price:currency\" content=\"CHF\" \/>\n<meta property=\"og:availability\" content=\"out of stock\" \/>\n<meta property=\"product:availability\" content=\"out of stock\" \/>\n<meta property=\"product:retailer_item_id\" content=\"790011190028\" \/>\n<meta property=\"product:condition\" content=\"new\" \/>\n<!-- \/ Yoast SEO plugin. -->","yoast_head_json":{"title":"N-A-G 700mg Veggie-Kapseln \u2013 Jarrow Formulas | ecosupplements.ch","description":"Jarrow Formulas N-A-G liefert 700 mg N-Acetyl-D-Glucosamin pro Kapsel \u2013 vegan und glutenfrei, 120 Veggie-Kapseln pro Packung. Jetzt bestellen.","robots":{"index":"index","follow":"follow","max-snippet":"max-snippet:-1","max-image-preview":"max-image-preview:large","max-video-preview":"max-video-preview:-1"},"canonical":"https:\/\/ecosupplements.ch\/?product=n-a-g-700mg-120-vcaps","og_locale":"de_DE","og_type":"article","og_title":"N-A-G 700mg Veggie-Kapseln \u2013 Jarrow Formulas | ecosupplements.ch","og_description":"Jarrow Formulas N-A-G liefert 700 mg N-Acetyl-D-Glucosamin pro Kapsel \u2013 vegan und glutenfrei, 120 Veggie-Kapseln pro Packung. Jetzt bestellen.","og_url":"https:\/\/ecosupplements.ch\/?product=n-a-g-700mg-120-vcaps","og_site_name":"Eco Supplements","article_modified_time":"2026-05-13T07:24:51+00:00","og_image":[{"width":592,"height":1096,"url":"https:\/\/ecosupplements.ch\/wp-content\/uploads\/2026\/05\/N-A-G-700mg-120-vcaps.jpg","type":"image\/jpeg"}],"twitter_card":"summary_large_image","twitter_misc":{"Price":"&#67;&#72;&#70;&nbsp;31.91","Availability":"Out of stock"},"schema":{"@context":"https:\/\/schema.org","@graph":[{"@type":"WebPage","@id":"https:\/\/ecosupplements.ch\/?product=n-a-g-700mg-120-vcaps","url":"https:\/\/ecosupplements.ch\/?product=n-a-g-700mg-120-vcaps","name":"N-A-G 700mg Veggie-Kapseln \u2013 Jarrow Formulas | ecosupplements.ch","isPartOf":{"@id":"https:\/\/ecosupplements.ch\/#website"},"primaryImageOfPage":{"@id":"https:\/\/ecosupplements.ch\/?product=n-a-g-700mg-120-vcaps#primaryimage"},"image":{"@id":"https:\/\/ecosupplements.ch\/?product=n-a-g-700mg-120-vcaps#primaryimage"},"thumbnailUrl":"https:\/\/ecosupplements.ch\/wp-content\/uploads\/2026\/05\/N-A-G-700mg-120-vcaps.jpg","datePublished":"2026-05-11T14:32:54+00:00","dateModified":"2026-05-13T07:24:51+00:00","description":"Jarrow Formulas N-A-G liefert 700 mg N-Acetyl-D-Glucosamin pro Kapsel \u2013 vegan und glutenfrei, 120 Veggie-Kapseln pro Packung. Jetzt bestellen.","breadcrumb":{"@id":"https:\/\/ecosupplements.ch\/?product=n-a-g-700mg-120-vcaps#breadcrumb"},"inLanguage":"de-CH","potentialAction":[{"@type":"ReadAction","target":["https:\/\/ecosupplements.ch\/?product=n-a-g-700mg-120-vcaps"]}]},{"@type":"ImageObject","inLanguage":"de-CH","@id":"https:\/\/ecosupplements.ch\/?product=n-a-g-700mg-120-vcaps#primaryimage","url":"https:\/\/ecosupplements.ch\/wp-content\/uploads\/2026\/05\/N-A-G-700mg-120-vcaps.jpg","contentUrl":"https:\/\/ecosupplements.ch\/wp-content\/uploads\/2026\/05\/N-A-G-700mg-120-vcaps.jpg","width":592,"height":1096,"caption":"N-A-G"},{"@type":"BreadcrumbList","@id":"https:\/\/ecosupplements.ch\/?product=n-a-g-700mg-120-vcaps#breadcrumb","itemListElement":[{"@type":"ListItem","position":1,"name":"Home","item":"https:\/\/ecosupplements.ch\/"},{"@type":"ListItem","position":2,"name":"Shop","item":"https:\/\/ecosupplements.ch\/?page_id=14"},{"@type":"ListItem","position":3,"name":"N-A-G, 700mg &#8211; 120 vcaps"}]},{"@type":"WebSite","@id":"https:\/\/ecosupplements.ch\/#website","url":"https:\/\/ecosupplements.ch\/","name":"Eco Supplements","description":"","potentialAction":[{"@type":"SearchAction","target":{"@type":"EntryPoint","urlTemplate":"https:\/\/ecosupplements.ch\/?s={search_term_string}"},"query-input":{"@type":"PropertyValueSpecification","valueRequired":true,"valueName":"search_term_string"}}],"inLanguage":"de-CH"}]},"product_price_amount":"31.91","product_price_currency":"CHF","og_availability":"out of stock","product_availability":"out of stock","product_retailer_item_id":"790011190028","product_condition":"new"},"_links":{"self":[{"href":"https:\/\/ecosupplements.ch\/index.php?rest_route=\/wp\/v2\/product\/1943","targetHints":{"allow":["GET"]}}],"collection":[{"href":"https:\/\/ecosupplements.ch\/index.php?rest_route=\/wp\/v2\/product"}],"about":[{"href":"https:\/\/ecosupplements.ch\/index.php?rest_route=\/wp\/v2\/types\/product"}],"replies":[{"embeddable":true,"href":"https:\/\/ecosupplements.ch\/index.php?rest_route=%2Fwp%2Fv2%2Fcomments&post=1943"}],"wp:featuredmedia":[{"embeddable":true,"href":"https:\/\/ecosupplements.ch\/index.php?rest_route=\/wp\/v2\/media\/1944"}],"wp:attachment":[{"href":"https:\/\/ecosupplements.ch\/index.php?rest_route=%2Fwp%2Fv2%2Fmedia&parent=1943"}],"wp:term":[{"taxonomy":"product_brand","embeddable":true,"href":"https:\/\/ecosupplements.ch\/index.php?rest_route=%2Fwp%2Fv2%2Fproduct_brand&post=1943"},{"taxonomy":"product_cat","embeddable":true,"href":"https:\/\/ecosupplements.ch\/index.php?rest_route=%2Fwp%2Fv2%2Fproduct_cat&post=1943"},{"taxonomy":"product_tag","embeddable":true,"href":"https:\/\/ecosupplements.ch\/index.php?rest_route=%2Fwp%2Fv2%2Fproduct_tag&post=1943"}],"curies":[{"name":"wp","href":"https:\/\/api.w.org\/{rel}","templated":true}]}}