{"id":1945,"date":"2026-05-11T14:32:55","date_gmt":"2026-05-11T14:32:55","guid":{"rendered":"https:\/\/ecosupplements.ch\/?product=neuro-optimizer-120-caps"},"modified":"2026-05-13T07:25:21","modified_gmt":"2026-05-13T07:25:21","slug":"neuro-optimizer-120-caps","status":"publish","type":"product","link":"https:\/\/ecosupplements.ch\/?product=neuro-optimizer-120-caps","title":{"rendered":"Neuro Optimizer &#8211; 120 caps"},"content":{"rendered":"<div class=\"chcg-product-description\">\n<h2 class=\"chcg-heading\">\u00dcber Jarrow Formulas \u2013 Neuro Optimizer \u2013 120 Kapseln<\/h2>\n<div class=\"chcg-intro\">\n<p>Der Neuro Optimizer von Jarrow Formulas ist eine sorgf\u00e4ltig zusammengestellte N\u00e4hrstoffkombination, die auf die Unterst\u00fctzung der kognitiven Funktion und des Gehirnstoffwechsels ausgerichtet ist. Die Formel vereint bew\u00e4hrte Inhaltsstoffe wie Acetyl L-Carnitine, CDP-Choline, Phosphatidylserine und Phosphatidylcholine in einer einzigen Kapsel \u2013 ideal f\u00fcr alle, die ihre mentale Leistungsf\u00e4higkeit im Alltag gezielt unterst\u00fctzen m\u00f6chten.<\/p>\n<p>Pantothens\u00e4ure tr\u00e4gt zur normalen geistigen Leistung und zur Verringerung von M\u00fcdigkeit und Ersch\u00f6pfung bei. Die weiteren Inhaltsstoffe wie Taurin und L-Glutamine erg\u00e4nzen die Formel als funktionelle Aminos\u00e4uren, die im Nervenstoffwechsel eine Rolle spielen. Die Kombination dieser Wirkstoffe macht den Neuro Optimizer zu einem umfassenden Pr\u00e4parat f\u00fcr die Unterst\u00fctzung der Gehirngesundheit.<\/p>\n<p>Jede Packung enth\u00e4lt 120 Kapseln \u2013 das entspricht 30 Portionen bei einer empfohlenen Tagesdosis von 4 Kapseln. Das Produkt ist gelatinebasiert und somit nicht vegetarisch oder vegan, enth\u00e4lt aber weder Gluten noch Laktose.<\/p>\n<\/p><\/div>\n<div class=\"chcg-nutrition\">\n<h3>N\u00e4hrwertangaben<\/h3>\n<table class=\"chcg-nutrition-table\">\n<thead>\n<tr>\n<th>N\u00e4hrstoff<\/th>\n<th>Pro Portion (4 Kapseln)<\/th>\n<\/tr>\n<\/thead>\n<tbody>\n<tr>\n<td>Pantothens\u00e4ure (als Calcium D-Pantothenat)<\/td>\n<td>10 mg (200 % des Tagesbedarfs)<\/td>\n<\/tr>\n<tr>\n<td>Acetyl L-Carnitine (aus Acetyl-L-Carnitin Hydrochlorid)<\/td>\n<td>500 mg<\/td>\n<\/tr>\n<tr>\n<td>L-Glutamine<\/td>\n<td>500 mg<\/td>\n<\/tr>\n<tr>\n<td>Taurine<\/td>\n<td>500 mg<\/td>\n<\/tr>\n<tr>\n<td>Cytidine 5&#8242;-Diphosphocholine (CDP-Choline)<\/td>\n<td>300 mg<\/td>\n<\/tr>\n<tr>\n<td>Phosphatidylcholine<\/td>\n<td>120 mg<\/td>\n<\/tr>\n<tr>\n<td>Phosphatidylserine<\/td>\n<td>100 mg<\/td>\n<\/tr>\n<\/tbody>\n<\/table>\n<p class=\"chcg-footnote\">* Kein festgelegter Tagesbedarf.<\/p>\n<\/p><\/div>\n<div class=\"chcg-ingredients\">\n<h3>Zutaten<\/h3>\n<p>Pantothens\u00e4ure (als Calcium D-Pantothenat), Acetyl L-Carnitine (aus Acetyl-L-Carnitin Hydrochlorid), L-Glutamine, Taurine, Cytidine 5&#8242;-Diphosphocholine, Phosphatidylcholine, Phosphatidylserine. Weitere Zutaten: Sojalecitin, mikrokristalline Cellulose, Siliziumdioxid und Magnesiumstearat (pflanzlicher Herkunft).<\/p>\n<p class=\"chcg-capsule-shell\">Kapselh\u00fclle: Kapsel (bovine Gelatine)<\/p>\n<\/p><\/div>\n<div class=\"chcg-dosage\">\n<h3>Verzehrempfehlung<\/h3>\n<p>Erwachsene nehmen t\u00e4glich 4 Kapseln auf einmal mit Saft oder Wasser zwischen den Mahlzeiten ein, oder gem\u00e4ss Anweisung einer qualifizierten Fachkraft des Gesundheitswesens.<\/p>\n<\/p><\/div>\n<div class=\"chcg-warnings\">\n<h3>Warnhinweise<\/h3>\n<p>WARNUNG: Konsultieren Sie vor der Einnahme dieses Produkts eine Fachkraft des Gesundheitswesens, wenn Sie schwanger sind, stillen, unter 18 Jahre alt sind, Medikamente einnehmen oder an einer Erkrankung leiden. Bei unerw\u00fcnschten Reaktionen ist die Einnahme sofort zu beenden. AUSSERHALB DER REICHWEITE VON KINDERN AUFBEWAHREN.<\/p>\n<\/p><\/div>\n<div class=\"chcg-allergens\">\n<h3>Allergeninformationen<\/h3>\n<p>Enth\u00e4lt: Soja.<\/p>\n<\/p><\/div>\n<div class=\"chcg-storage\">\n<h3>Lagerung<\/h3>\n<p>An einem k\u00fchlen, trockenen Ort lagern.<\/p>\n<\/p><\/div>\n<div class=\"chcg-dietary\">\n<h3>Ern\u00e4hrungshinweise<\/h3>\n<ul>\n<li>Glutenfrei<\/li>\n<li>Laktosefrei<\/li>\n<\/ul><\/div>\n<\/div>\n","protected":false},"excerpt":{"rendered":"<p>Neuro Optimizer von Jarrow Formulas unterst\u00fctzt den Gehirnstoffwechsel und die kognitive Funktion mit einer Kombination aus Acetyl L-Carnitine, CDP-Choline, Phosphatidylserine und Pantothens\u00e4ure. Erh\u00e4ltlich als 120 Kapseln (30 Portionen). Glutenfrei und laktosefrei.<\/p>\n","protected":false},"featured_media":1946,"comment_status":"closed","ping_status":"open","template":"","meta":[],"product_brand":[198],"product_cat":[48,25,42,26,21],"product_tag":[],"class_list":{"0":"post-1945","1":"product","2":"type-product","3":"status-publish","4":"has-post-thumbnail","6":"product_brand-jarrow-formulas","7":"product_cat-gesunde-ernaehrung","8":"product_cat-gesundheit-und-wohlbefinden","9":"product_cat-mentale-konzentration-und-gedaechtnis","10":"product_cat-multivitamine","11":"product_cat-vitamine-und-mineralstoffe","13":"first","14":"outofstock","15":"taxable","16":"shipping-taxable","17":"purchasable","18":"product-type-simple"},"yoast_head":"<!-- This site is optimized with the Yoast SEO plugin v27.5 - https:\/\/yoast.com\/product\/yoast-seo-wordpress\/ -->\n<title>Neuro Optimizer 120 Kapseln \u2013 Jarrow Formulas | ecosupplements.ch<\/title>\n<meta name=\"description\" content=\"Neuro Optimizer von Jarrow Formulas mit CDP-Choline, Phosphatidylserine &amp; Acetyl L-Carnitine \u2013 120 Kapseln f\u00fcr 30 Tage. Jetzt bestellen.\" \/>\n<meta name=\"robots\" content=\"index, follow, max-snippet:-1, max-image-preview:large, max-video-preview:-1\" \/>\n<link rel=\"canonical\" href=\"https:\/\/ecosupplements.ch\/?product=neuro-optimizer-120-caps\" \/>\n<meta property=\"og:locale\" content=\"de_DE\" \/>\n<meta property=\"og:type\" content=\"article\" \/>\n<meta property=\"og:title\" content=\"Neuro Optimizer 120 Kapseln \u2013 Jarrow Formulas | ecosupplements.ch\" \/>\n<meta property=\"og:description\" content=\"Neuro Optimizer von Jarrow Formulas mit CDP-Choline, Phosphatidylserine &amp; Acetyl L-Carnitine \u2013 120 Kapseln f\u00fcr 30 Tage. Jetzt bestellen.\" \/>\n<meta property=\"og:url\" content=\"https:\/\/ecosupplements.ch\/?product=neuro-optimizer-120-caps\" \/>\n<meta property=\"og:site_name\" content=\"Eco Supplements\" \/>\n<meta property=\"article:modified_time\" content=\"2026-05-13T07:25:21+00:00\" \/>\n<meta property=\"og:image\" content=\"https:\/\/ecosupplements.ch\/wp-content\/uploads\/2026\/05\/Neuro-Optimizer-120-caps.jpg\" \/>\n\t<meta property=\"og:image:width\" content=\"900\" \/>\n\t<meta property=\"og:image:height\" content=\"900\" \/>\n\t<meta property=\"og:image:type\" content=\"image\/jpeg\" \/>\n<meta name=\"twitter:card\" content=\"summary_large_image\" \/>\n<meta name=\"twitter:label1\" content=\"Price\" \/>\n\t<meta name=\"twitter:data1\" content=\"&#067;&#072;&#070;&nbsp;55.30\" \/>\n\t<meta name=\"twitter:label2\" content=\"Availability\" \/>\n\t<meta name=\"twitter:data2\" content=\"Out of stock\" \/>\n<script type=\"application\/ld+json\" class=\"yoast-schema-graph\">{\"@context\":\"https:\\\/\\\/schema.org\",\"@graph\":[{\"@type\":\"WebPage\",\"@id\":\"https:\\\/\\\/ecosupplements.ch\\\/?product=neuro-optimizer-120-caps\",\"url\":\"https:\\\/\\\/ecosupplements.ch\\\/?product=neuro-optimizer-120-caps\",\"name\":\"Neuro Optimizer 120 Kapseln \u2013 Jarrow Formulas | ecosupplements.ch\",\"isPartOf\":{\"@id\":\"https:\\\/\\\/ecosupplements.ch\\\/#website\"},\"primaryImageOfPage\":{\"@id\":\"https:\\\/\\\/ecosupplements.ch\\\/?product=neuro-optimizer-120-caps#primaryimage\"},\"image\":{\"@id\":\"https:\\\/\\\/ecosupplements.ch\\\/?product=neuro-optimizer-120-caps#primaryimage\"},\"thumbnailUrl\":\"https:\\\/\\\/ecosupplements.ch\\\/wp-content\\\/uploads\\\/2026\\\/05\\\/Neuro-Optimizer-120-caps.jpg\",\"datePublished\":\"2026-05-11T14:32:55+00:00\",\"dateModified\":\"2026-05-13T07:25:21+00:00\",\"description\":\"Neuro Optimizer von Jarrow Formulas mit CDP-Choline, Phosphatidylserine & Acetyl L-Carnitine \u2013 120 Kapseln f\u00fcr 30 Tage. Jetzt bestellen.\",\"breadcrumb\":{\"@id\":\"https:\\\/\\\/ecosupplements.ch\\\/?product=neuro-optimizer-120-caps#breadcrumb\"},\"inLanguage\":\"de-CH\",\"potentialAction\":[{\"@type\":\"ReadAction\",\"target\":[\"https:\\\/\\\/ecosupplements.ch\\\/?product=neuro-optimizer-120-caps\"]}]},{\"@type\":\"ImageObject\",\"inLanguage\":\"de-CH\",\"@id\":\"https:\\\/\\\/ecosupplements.ch\\\/?product=neuro-optimizer-120-caps#primaryimage\",\"url\":\"https:\\\/\\\/ecosupplements.ch\\\/wp-content\\\/uploads\\\/2026\\\/05\\\/Neuro-Optimizer-120-caps.jpg\",\"contentUrl\":\"https:\\\/\\\/ecosupplements.ch\\\/wp-content\\\/uploads\\\/2026\\\/05\\\/Neuro-Optimizer-120-caps.jpg\",\"width\":900,\"height\":900,\"caption\":\"Neuro Optimizer - 120 caps\"},{\"@type\":\"BreadcrumbList\",\"@id\":\"https:\\\/\\\/ecosupplements.ch\\\/?product=neuro-optimizer-120-caps#breadcrumb\",\"itemListElement\":[{\"@type\":\"ListItem\",\"position\":1,\"name\":\"Home\",\"item\":\"https:\\\/\\\/ecosupplements.ch\\\/\"},{\"@type\":\"ListItem\",\"position\":2,\"name\":\"Shop\",\"item\":\"https:\\\/\\\/ecosupplements.ch\\\/?page_id=14\"},{\"@type\":\"ListItem\",\"position\":3,\"name\":\"Neuro Optimizer &#8211; 120 caps\"}]},{\"@type\":\"WebSite\",\"@id\":\"https:\\\/\\\/ecosupplements.ch\\\/#website\",\"url\":\"https:\\\/\\\/ecosupplements.ch\\\/\",\"name\":\"Eco Supplements\",\"description\":\"\",\"potentialAction\":[{\"@type\":\"SearchAction\",\"target\":{\"@type\":\"EntryPoint\",\"urlTemplate\":\"https:\\\/\\\/ecosupplements.ch\\\/?s={search_term_string}\"},\"query-input\":{\"@type\":\"PropertyValueSpecification\",\"valueRequired\":true,\"valueName\":\"search_term_string\"}}],\"inLanguage\":\"de-CH\"}]}<\/script>\n<meta property=\"product:price:amount\" content=\"55.30\" \/>\n<meta property=\"product:price:currency\" content=\"CHF\" \/>\n<meta property=\"og:availability\" content=\"out of stock\" \/>\n<meta property=\"product:availability\" content=\"out of stock\" \/>\n<meta property=\"product:retailer_item_id\" content=\"790011560012\" \/>\n<meta property=\"product:condition\" content=\"new\" \/>\n<!-- \/ Yoast SEO plugin. -->","yoast_head_json":{"title":"Neuro Optimizer 120 Kapseln \u2013 Jarrow Formulas | ecosupplements.ch","description":"Neuro Optimizer von Jarrow Formulas mit CDP-Choline, Phosphatidylserine & Acetyl L-Carnitine \u2013 120 Kapseln f\u00fcr 30 Tage. Jetzt bestellen.","robots":{"index":"index","follow":"follow","max-snippet":"max-snippet:-1","max-image-preview":"max-image-preview:large","max-video-preview":"max-video-preview:-1"},"canonical":"https:\/\/ecosupplements.ch\/?product=neuro-optimizer-120-caps","og_locale":"de_DE","og_type":"article","og_title":"Neuro Optimizer 120 Kapseln \u2013 Jarrow Formulas | ecosupplements.ch","og_description":"Neuro Optimizer von Jarrow Formulas mit CDP-Choline, Phosphatidylserine & Acetyl L-Carnitine \u2013 120 Kapseln f\u00fcr 30 Tage. Jetzt bestellen.","og_url":"https:\/\/ecosupplements.ch\/?product=neuro-optimizer-120-caps","og_site_name":"Eco Supplements","article_modified_time":"2026-05-13T07:25:21+00:00","og_image":[{"width":900,"height":900,"url":"https:\/\/ecosupplements.ch\/wp-content\/uploads\/2026\/05\/Neuro-Optimizer-120-caps.jpg","type":"image\/jpeg"}],"twitter_card":"summary_large_image","twitter_misc":{"Price":"&#67;&#72;&#70;&nbsp;55.30","Availability":"Out of stock"},"schema":{"@context":"https:\/\/schema.org","@graph":[{"@type":"WebPage","@id":"https:\/\/ecosupplements.ch\/?product=neuro-optimizer-120-caps","url":"https:\/\/ecosupplements.ch\/?product=neuro-optimizer-120-caps","name":"Neuro Optimizer 120 Kapseln \u2013 Jarrow Formulas | ecosupplements.ch","isPartOf":{"@id":"https:\/\/ecosupplements.ch\/#website"},"primaryImageOfPage":{"@id":"https:\/\/ecosupplements.ch\/?product=neuro-optimizer-120-caps#primaryimage"},"image":{"@id":"https:\/\/ecosupplements.ch\/?product=neuro-optimizer-120-caps#primaryimage"},"thumbnailUrl":"https:\/\/ecosupplements.ch\/wp-content\/uploads\/2026\/05\/Neuro-Optimizer-120-caps.jpg","datePublished":"2026-05-11T14:32:55+00:00","dateModified":"2026-05-13T07:25:21+00:00","description":"Neuro Optimizer von Jarrow Formulas mit CDP-Choline, Phosphatidylserine & Acetyl L-Carnitine \u2013 120 Kapseln f\u00fcr 30 Tage. Jetzt bestellen.","breadcrumb":{"@id":"https:\/\/ecosupplements.ch\/?product=neuro-optimizer-120-caps#breadcrumb"},"inLanguage":"de-CH","potentialAction":[{"@type":"ReadAction","target":["https:\/\/ecosupplements.ch\/?product=neuro-optimizer-120-caps"]}]},{"@type":"ImageObject","inLanguage":"de-CH","@id":"https:\/\/ecosupplements.ch\/?product=neuro-optimizer-120-caps#primaryimage","url":"https:\/\/ecosupplements.ch\/wp-content\/uploads\/2026\/05\/Neuro-Optimizer-120-caps.jpg","contentUrl":"https:\/\/ecosupplements.ch\/wp-content\/uploads\/2026\/05\/Neuro-Optimizer-120-caps.jpg","width":900,"height":900,"caption":"Neuro Optimizer - 120 caps"},{"@type":"BreadcrumbList","@id":"https:\/\/ecosupplements.ch\/?product=neuro-optimizer-120-caps#breadcrumb","itemListElement":[{"@type":"ListItem","position":1,"name":"Home","item":"https:\/\/ecosupplements.ch\/"},{"@type":"ListItem","position":2,"name":"Shop","item":"https:\/\/ecosupplements.ch\/?page_id=14"},{"@type":"ListItem","position":3,"name":"Neuro Optimizer &#8211; 120 caps"}]},{"@type":"WebSite","@id":"https:\/\/ecosupplements.ch\/#website","url":"https:\/\/ecosupplements.ch\/","name":"Eco Supplements","description":"","potentialAction":[{"@type":"SearchAction","target":{"@type":"EntryPoint","urlTemplate":"https:\/\/ecosupplements.ch\/?s={search_term_string}"},"query-input":{"@type":"PropertyValueSpecification","valueRequired":true,"valueName":"search_term_string"}}],"inLanguage":"de-CH"}]},"product_price_amount":"55.30","product_price_currency":"CHF","og_availability":"out of stock","product_availability":"out of stock","product_retailer_item_id":"790011560012","product_condition":"new"},"_links":{"self":[{"href":"https:\/\/ecosupplements.ch\/index.php?rest_route=\/wp\/v2\/product\/1945","targetHints":{"allow":["GET"]}}],"collection":[{"href":"https:\/\/ecosupplements.ch\/index.php?rest_route=\/wp\/v2\/product"}],"about":[{"href":"https:\/\/ecosupplements.ch\/index.php?rest_route=\/wp\/v2\/types\/product"}],"replies":[{"embeddable":true,"href":"https:\/\/ecosupplements.ch\/index.php?rest_route=%2Fwp%2Fv2%2Fcomments&post=1945"}],"wp:featuredmedia":[{"embeddable":true,"href":"https:\/\/ecosupplements.ch\/index.php?rest_route=\/wp\/v2\/media\/1946"}],"wp:attachment":[{"href":"https:\/\/ecosupplements.ch\/index.php?rest_route=%2Fwp%2Fv2%2Fmedia&parent=1945"}],"wp:term":[{"taxonomy":"product_brand","embeddable":true,"href":"https:\/\/ecosupplements.ch\/index.php?rest_route=%2Fwp%2Fv2%2Fproduct_brand&post=1945"},{"taxonomy":"product_cat","embeddable":true,"href":"https:\/\/ecosupplements.ch\/index.php?rest_route=%2Fwp%2Fv2%2Fproduct_cat&post=1945"},{"taxonomy":"product_tag","embeddable":true,"href":"https:\/\/ecosupplements.ch\/index.php?rest_route=%2Fwp%2Fv2%2Fproduct_tag&post=1945"}],"curies":[{"name":"wp","href":"https:\/\/api.w.org\/{rel}","templated":true}]}}