{"id":1963,"date":"2026-05-11T14:33:02","date_gmt":"2026-05-11T14:33:02","guid":{"rendered":"https:\/\/ecosupplements.ch\/?product=liquid-zinc-50-ml"},"modified":"2026-05-13T07:25:21","modified_gmt":"2026-05-13T07:25:21","slug":"liquid-zinc-50-ml","status":"publish","type":"product","link":"https:\/\/ecosupplements.ch\/?product=liquid-zinc-50-ml","title":{"rendered":"Liquid Zinc &#8211; 50 ml."},"content":{"rendered":"<div class=\"chcg-product-description\">\n<h2 class=\"chcg-heading\">\u00dcber KIKI Health \u2013 Liquid Zinc \u2013 50 ml<\/h2>\n<div class=\"chcg-intro\">\n<p>Der Liquid Zinc von KIKI Health liefert Zink in fl\u00fcssiger, ionischer Form als Zinksulfat \u2013 eine einfach einzunehmende Alternative zu herk\u00f6mmlichen Kapseln oder Tabletten. Jede Tagesportion von 2 ml (30 Tropfen) liefert 7,50 mg Zink, was 75 % des empfohlenen Tagesbedarfs entspricht.<\/p>\n<p>Zink tr\u00e4gt zur normalen Funktion des Immunsystems bei, unterst\u00fctzt den Schutz der Zellen vor oxidativem Stress und spielt eine wichtige Rolle im Stoffwechsel von Makron\u00e4hrstoffen. Dar\u00fcber hinaus tr\u00e4gt Zink zur Erhaltung normaler Haut, Haare und N\u00e4gel sowie zu einer normalen kognitiven Funktion bei.<\/p>\n<p>Das Produkt ist frei von k\u00fcnstlichen Farb-, Konservierungs- und S\u00fcssungsmitteln sowie F\u00fcllstoffen. Es eignet sich f\u00fcr Veganer und Vegetarier und ist glutenfrei \u2013 ideal f\u00fcr Menschen mit besonderen Ern\u00e4hrungsbed\u00fcrfnissen.<\/p>\n<\/p><\/div>\n<div class=\"chcg-nutrition\">\n<h3>N\u00e4hrwertangaben<\/h3>\n<table class=\"chcg-nutrition-table\">\n<thead>\n<tr>\n<th>N\u00e4hrstoff<\/th>\n<th>Pro 100 ml<\/th>\n<th>Pro Portion (30 Tropfen \/ 2 ml)<\/th>\n<th>% NRV<\/th>\n<\/tr>\n<\/thead>\n<tbody>\n<tr>\n<td>Zink (als Zinksulfat)<\/td>\n<td>375 mg<\/td>\n<td>7,50 mg<\/td>\n<td>75%<\/td>\n<\/tr>\n<\/tbody>\n<\/table><\/div>\n<div class=\"chcg-ingredients\">\n<h3>Zutaten<\/h3>\n<p>Zink (als Zinksulfat), Zinksulfat, deionisiertes Wasser.<\/p>\n<\/p><\/div>\n<div class=\"chcg-dosage\">\n<h3>Verzehrempfehlung<\/h3>\n<p>Erwachsene und Kinder ab 4 Jahren nehmen t\u00e4glich 30 Tropfen (2 Dr\u00fccker des Tropfers \u2013 2 ml) in einem Glas (250 ml) Wasser oder Saft ein. Die ionischen Mineralien k\u00f6nnen in jede heisse oder kalte Fl\u00fcssigkeit gegeben werden, mit oder ohne Mahlzeit, zu jeder Tageszeit. Vor Gebrauch gut sch\u00fctteln.<\/p>\n<\/p><\/div>\n<div class=\"chcg-warnings\">\n<h3>Warnhinweise<\/h3>\n<p>An einem k\u00fchlen, trockenen Ort vor direkter Sonneneinstrahlung sch\u00fctzen. Keine K\u00fchlung erforderlich. Verschlusskappe nach Gebrauch fest verschliessen, um die Frische zu erhalten. Nicht einfrieren.<\/p>\n<\/p><\/div>\n<div class=\"chcg-allergens\">\n<h3>Allergeninformationen<\/h3>\n<p>Von Natur aus frei von Gluten und Weizen. Ohne k\u00fcnstliche Farb-, Konservierungs- und S\u00fcssungsmittel sowie F\u00fcllstoffe.<\/p>\n<\/p><\/div>\n<div class=\"chcg-storage\">\n<h3>Lagerung<\/h3>\n<p>An einem k\u00fchlen, trockenen Ort vor direkter Sonneneinstrahlung sch\u00fctzen. Verschlusskappe fest verschliessen, um die Frische zu erhalten. Nicht einfrieren. Keine K\u00fchlung erforderlich.<\/p>\n<\/p><\/div>\n<div class=\"chcg-dietary\">\n<h3>Ern\u00e4hrungshinweise<\/h3>\n<ul>\n<li>Vegan<\/li>\n<li>Vegetarisch<\/li>\n<li>Glutenfrei<\/li>\n<li>Laktosefrei<\/li>\n<\/ul><\/div>\n<\/div>\n","protected":false},"excerpt":{"rendered":"<p>Liquid Zinc von KIKI Health liefert 7,50 mg Zink pro Portion zur Unterst\u00fctzung des Immunsystems und Zellschutzes. Die praktische Fl\u00fcssigform (50 ml, 25 Portionen) ist vegan, glutenfrei und leicht einzunehmen.<\/p>\n","protected":false},"featured_media":1964,"comment_status":"closed","ping_status":"open","template":"","meta":[],"product_brand":[200],"product_cat":[23,48,25,171,21,24],"product_tag":[],"class_list":{"0":"post-1963","1":"product","2":"type-product","3":"status-publish","4":"has-post-thumbnail","6":"product_brand-kiki-health","7":"product_cat-einige-mineralien","8":"product_cat-gesunde-ernaehrung","9":"product_cat-gesundheit-und-wohlbefinden","10":"product_cat-vitamine-und-mineralien","11":"product_cat-vitamine-und-mineralstoffe","12":"product_cat-zink","14":"first","15":"outofstock","16":"taxable","17":"shipping-taxable","18":"purchasable","19":"product-type-simple"},"yoast_head":"<!-- This site is optimized with the Yoast SEO plugin v27.5 - https:\/\/yoast.com\/product\/yoast-seo-wordpress\/ -->\n<title>Liquid Zinc 50 ml \u2013 KIKI Health | ecosupplements.ch<\/title>\n<meta name=\"description\" content=\"KIKI Health Liquid Zinc liefert 7,50 mg Zink pro Portion zur Unterst\u00fctzung von Immunsystem und Zellschutz \u2013 vegan, glutenfrei, 50 ml. Jetzt bestellen.\" \/>\n<meta name=\"robots\" content=\"index, follow, max-snippet:-1, max-image-preview:large, max-video-preview:-1\" \/>\n<link rel=\"canonical\" href=\"https:\/\/ecosupplements.ch\/?product=liquid-zinc-50-ml\" \/>\n<meta property=\"og:locale\" content=\"de_DE\" \/>\n<meta property=\"og:type\" content=\"article\" \/>\n<meta property=\"og:title\" content=\"Liquid Zinc 50 ml \u2013 KIKI Health | ecosupplements.ch\" \/>\n<meta property=\"og:description\" content=\"KIKI Health Liquid Zinc liefert 7,50 mg Zink pro Portion zur Unterst\u00fctzung von Immunsystem und Zellschutz \u2013 vegan, glutenfrei, 50 ml. Jetzt bestellen.\" \/>\n<meta property=\"og:url\" content=\"https:\/\/ecosupplements.ch\/?product=liquid-zinc-50-ml\" \/>\n<meta property=\"og:site_name\" content=\"Eco Supplements\" \/>\n<meta property=\"article:modified_time\" content=\"2026-05-13T07:25:21+00:00\" \/>\n<meta property=\"og:image\" content=\"https:\/\/ecosupplements.ch\/wp-content\/uploads\/2026\/05\/Liquid-Zinc-50-ml.jpg\" \/>\n\t<meta property=\"og:image:width\" content=\"800\" \/>\n\t<meta property=\"og:image:height\" content=\"800\" \/>\n\t<meta property=\"og:image:type\" content=\"image\/jpeg\" \/>\n<meta name=\"twitter:card\" content=\"summary_large_image\" \/>\n<meta name=\"twitter:label1\" content=\"Price\" \/>\n\t<meta name=\"twitter:data1\" content=\"&#067;&#072;&#070;&nbsp;22.22\" \/>\n\t<meta name=\"twitter:label2\" content=\"Availability\" \/>\n\t<meta name=\"twitter:data2\" content=\"Out of stock\" \/>\n<script type=\"application\/ld+json\" class=\"yoast-schema-graph\">{\"@context\":\"https:\\\/\\\/schema.org\",\"@graph\":[{\"@type\":\"WebPage\",\"@id\":\"https:\\\/\\\/ecosupplements.ch\\\/?product=liquid-zinc-50-ml\",\"url\":\"https:\\\/\\\/ecosupplements.ch\\\/?product=liquid-zinc-50-ml\",\"name\":\"Liquid Zinc 50 ml \u2013 KIKI Health | ecosupplements.ch\",\"isPartOf\":{\"@id\":\"https:\\\/\\\/ecosupplements.ch\\\/#website\"},\"primaryImageOfPage\":{\"@id\":\"https:\\\/\\\/ecosupplements.ch\\\/?product=liquid-zinc-50-ml#primaryimage\"},\"image\":{\"@id\":\"https:\\\/\\\/ecosupplements.ch\\\/?product=liquid-zinc-50-ml#primaryimage\"},\"thumbnailUrl\":\"https:\\\/\\\/ecosupplements.ch\\\/wp-content\\\/uploads\\\/2026\\\/05\\\/Liquid-Zinc-50-ml.jpg\",\"datePublished\":\"2026-05-11T14:33:02+00:00\",\"dateModified\":\"2026-05-13T07:25:21+00:00\",\"description\":\"KIKI Health Liquid Zinc liefert 7,50 mg Zink pro Portion zur Unterst\u00fctzung von Immunsystem und Zellschutz \u2013 vegan, glutenfrei, 50 ml. Jetzt bestellen.\",\"breadcrumb\":{\"@id\":\"https:\\\/\\\/ecosupplements.ch\\\/?product=liquid-zinc-50-ml#breadcrumb\"},\"inLanguage\":\"de-CH\",\"potentialAction\":[{\"@type\":\"ReadAction\",\"target\":[\"https:\\\/\\\/ecosupplements.ch\\\/?product=liquid-zinc-50-ml\"]}]},{\"@type\":\"ImageObject\",\"inLanguage\":\"de-CH\",\"@id\":\"https:\\\/\\\/ecosupplements.ch\\\/?product=liquid-zinc-50-ml#primaryimage\",\"url\":\"https:\\\/\\\/ecosupplements.ch\\\/wp-content\\\/uploads\\\/2026\\\/05\\\/Liquid-Zinc-50-ml.jpg\",\"contentUrl\":\"https:\\\/\\\/ecosupplements.ch\\\/wp-content\\\/uploads\\\/2026\\\/05\\\/Liquid-Zinc-50-ml.jpg\",\"width\":800,\"height\":800,\"caption\":\"Liquid Zinc - 50 ml.\"},{\"@type\":\"BreadcrumbList\",\"@id\":\"https:\\\/\\\/ecosupplements.ch\\\/?product=liquid-zinc-50-ml#breadcrumb\",\"itemListElement\":[{\"@type\":\"ListItem\",\"position\":1,\"name\":\"Home\",\"item\":\"https:\\\/\\\/ecosupplements.ch\\\/\"},{\"@type\":\"ListItem\",\"position\":2,\"name\":\"Shop\",\"item\":\"https:\\\/\\\/ecosupplements.ch\\\/?page_id=14\"},{\"@type\":\"ListItem\",\"position\":3,\"name\":\"Liquid Zinc &#8211; 50 ml.\"}]},{\"@type\":\"WebSite\",\"@id\":\"https:\\\/\\\/ecosupplements.ch\\\/#website\",\"url\":\"https:\\\/\\\/ecosupplements.ch\\\/\",\"name\":\"Eco Supplements\",\"description\":\"\",\"potentialAction\":[{\"@type\":\"SearchAction\",\"target\":{\"@type\":\"EntryPoint\",\"urlTemplate\":\"https:\\\/\\\/ecosupplements.ch\\\/?s={search_term_string}\"},\"query-input\":{\"@type\":\"PropertyValueSpecification\",\"valueRequired\":true,\"valueName\":\"search_term_string\"}}],\"inLanguage\":\"de-CH\"}]}<\/script>\n<meta property=\"product:price:amount\" content=\"22.22\" \/>\n<meta property=\"product:price:currency\" content=\"CHF\" \/>\n<meta property=\"og:availability\" content=\"out of stock\" \/>\n<meta property=\"product:availability\" content=\"out of stock\" \/>\n<meta property=\"product:retailer_item_id\" content=\"5060018515557\" \/>\n<meta property=\"product:condition\" content=\"new\" \/>\n<!-- \/ Yoast SEO plugin. -->","yoast_head_json":{"title":"Liquid Zinc 50 ml \u2013 KIKI Health | ecosupplements.ch","description":"KIKI Health Liquid Zinc liefert 7,50 mg Zink pro Portion zur Unterst\u00fctzung von Immunsystem und Zellschutz \u2013 vegan, glutenfrei, 50 ml. Jetzt bestellen.","robots":{"index":"index","follow":"follow","max-snippet":"max-snippet:-1","max-image-preview":"max-image-preview:large","max-video-preview":"max-video-preview:-1"},"canonical":"https:\/\/ecosupplements.ch\/?product=liquid-zinc-50-ml","og_locale":"de_DE","og_type":"article","og_title":"Liquid Zinc 50 ml \u2013 KIKI Health | ecosupplements.ch","og_description":"KIKI Health Liquid Zinc liefert 7,50 mg Zink pro Portion zur Unterst\u00fctzung von Immunsystem und Zellschutz \u2013 vegan, glutenfrei, 50 ml. Jetzt bestellen.","og_url":"https:\/\/ecosupplements.ch\/?product=liquid-zinc-50-ml","og_site_name":"Eco Supplements","article_modified_time":"2026-05-13T07:25:21+00:00","og_image":[{"width":800,"height":800,"url":"https:\/\/ecosupplements.ch\/wp-content\/uploads\/2026\/05\/Liquid-Zinc-50-ml.jpg","type":"image\/jpeg"}],"twitter_card":"summary_large_image","twitter_misc":{"Price":"&#67;&#72;&#70;&nbsp;22.22","Availability":"Out of stock"},"schema":{"@context":"https:\/\/schema.org","@graph":[{"@type":"WebPage","@id":"https:\/\/ecosupplements.ch\/?product=liquid-zinc-50-ml","url":"https:\/\/ecosupplements.ch\/?product=liquid-zinc-50-ml","name":"Liquid Zinc 50 ml \u2013 KIKI Health | ecosupplements.ch","isPartOf":{"@id":"https:\/\/ecosupplements.ch\/#website"},"primaryImageOfPage":{"@id":"https:\/\/ecosupplements.ch\/?product=liquid-zinc-50-ml#primaryimage"},"image":{"@id":"https:\/\/ecosupplements.ch\/?product=liquid-zinc-50-ml#primaryimage"},"thumbnailUrl":"https:\/\/ecosupplements.ch\/wp-content\/uploads\/2026\/05\/Liquid-Zinc-50-ml.jpg","datePublished":"2026-05-11T14:33:02+00:00","dateModified":"2026-05-13T07:25:21+00:00","description":"KIKI Health Liquid Zinc liefert 7,50 mg Zink pro Portion zur Unterst\u00fctzung von Immunsystem und Zellschutz \u2013 vegan, glutenfrei, 50 ml. Jetzt bestellen.","breadcrumb":{"@id":"https:\/\/ecosupplements.ch\/?product=liquid-zinc-50-ml#breadcrumb"},"inLanguage":"de-CH","potentialAction":[{"@type":"ReadAction","target":["https:\/\/ecosupplements.ch\/?product=liquid-zinc-50-ml"]}]},{"@type":"ImageObject","inLanguage":"de-CH","@id":"https:\/\/ecosupplements.ch\/?product=liquid-zinc-50-ml#primaryimage","url":"https:\/\/ecosupplements.ch\/wp-content\/uploads\/2026\/05\/Liquid-Zinc-50-ml.jpg","contentUrl":"https:\/\/ecosupplements.ch\/wp-content\/uploads\/2026\/05\/Liquid-Zinc-50-ml.jpg","width":800,"height":800,"caption":"Liquid Zinc - 50 ml."},{"@type":"BreadcrumbList","@id":"https:\/\/ecosupplements.ch\/?product=liquid-zinc-50-ml#breadcrumb","itemListElement":[{"@type":"ListItem","position":1,"name":"Home","item":"https:\/\/ecosupplements.ch\/"},{"@type":"ListItem","position":2,"name":"Shop","item":"https:\/\/ecosupplements.ch\/?page_id=14"},{"@type":"ListItem","position":3,"name":"Liquid Zinc &#8211; 50 ml."}]},{"@type":"WebSite","@id":"https:\/\/ecosupplements.ch\/#website","url":"https:\/\/ecosupplements.ch\/","name":"Eco Supplements","description":"","potentialAction":[{"@type":"SearchAction","target":{"@type":"EntryPoint","urlTemplate":"https:\/\/ecosupplements.ch\/?s={search_term_string}"},"query-input":{"@type":"PropertyValueSpecification","valueRequired":true,"valueName":"search_term_string"}}],"inLanguage":"de-CH"}]},"product_price_amount":"22.22","product_price_currency":"CHF","og_availability":"out of stock","product_availability":"out of stock","product_retailer_item_id":"5060018515557","product_condition":"new"},"_links":{"self":[{"href":"https:\/\/ecosupplements.ch\/index.php?rest_route=\/wp\/v2\/product\/1963","targetHints":{"allow":["GET"]}}],"collection":[{"href":"https:\/\/ecosupplements.ch\/index.php?rest_route=\/wp\/v2\/product"}],"about":[{"href":"https:\/\/ecosupplements.ch\/index.php?rest_route=\/wp\/v2\/types\/product"}],"replies":[{"embeddable":true,"href":"https:\/\/ecosupplements.ch\/index.php?rest_route=%2Fwp%2Fv2%2Fcomments&post=1963"}],"wp:featuredmedia":[{"embeddable":true,"href":"https:\/\/ecosupplements.ch\/index.php?rest_route=\/wp\/v2\/media\/1964"}],"wp:attachment":[{"href":"https:\/\/ecosupplements.ch\/index.php?rest_route=%2Fwp%2Fv2%2Fmedia&parent=1963"}],"wp:term":[{"taxonomy":"product_brand","embeddable":true,"href":"https:\/\/ecosupplements.ch\/index.php?rest_route=%2Fwp%2Fv2%2Fproduct_brand&post=1963"},{"taxonomy":"product_cat","embeddable":true,"href":"https:\/\/ecosupplements.ch\/index.php?rest_route=%2Fwp%2Fv2%2Fproduct_cat&post=1963"},{"taxonomy":"product_tag","embeddable":true,"href":"https:\/\/ecosupplements.ch\/index.php?rest_route=%2Fwp%2Fv2%2Fproduct_tag&post=1963"}],"curies":[{"name":"wp","href":"https:\/\/api.w.org\/{rel}","templated":true}]}}