{"id":1967,"date":"2026-05-11T14:33:04","date_gmt":"2026-05-11T14:33:04","guid":{"rendered":"https:\/\/ecosupplements.ch\/?product=sea-moss-500mg-90-caps"},"modified":"2026-05-13T07:25:22","modified_gmt":"2026-05-13T07:25:22","slug":"sea-moss-500mg-90-caps","status":"publish","type":"product","link":"https:\/\/ecosupplements.ch\/?product=sea-moss-500mg-90-caps","title":{"rendered":"Sea Moss, 500mg &#8211; 90 caps"},"content":{"rendered":"<div class=\"chcg-product-description\">\n<h2 class=\"chcg-heading\">\u00dcber KIKI Health \u2013 Sea Moss, 500mg \u2013 90 Kapseln<\/h2>\n<div class=\"chcg-intro\">\n<p>Sea Moss (Chondrus crispus), auch als Irisches Moos oder Karrageen bekannt, ist eine Rotalge, die seit Jahrhunderten als nat\u00fcrliche Nahrungsquelle gesch\u00e4tzt wird. KIKI Health verwendet zertifiziert biologisches Sea Moss in praktischer Kapselform \u2013 f\u00fcr eine einfache und pr\u00e4zise t\u00e4gliche Dosierung ohne Kompromisse bei der Qualit\u00e4t.<\/p>\n<p>Jede Kapsel liefert 500 mg reines Bio-Sea-Moss-Pulver und enth\u00e4lt 139 \u00b5g Jod \u2013 das entspricht 93 % des empfohlenen Tagesbedarfs (NRW). Jod tr\u00e4gt zur normalen Schilddr\u00fcsenfunktion sowie zur normalen Produktion von Schilddr\u00fcsenhormonen bei. Zudem unterst\u00fctzt Jod den normalen Energiestoffwechsel und die normale kognitive Funktion.<\/p>\n<p>Die Kapseln sind vollst\u00e4ndig pflanzlich (Hypromellose), glutenfrei und laktosefrei \u2013 damit eignen sie sich f\u00fcr vegane und vegetarische Ern\u00e4hrungsweisen gleichermassen.<\/p>\n<\/p><\/div>\n<div class=\"chcg-nutrition\">\n<h3>N\u00e4hrwertangaben<\/h3>\n<table class=\"chcg-nutrition-table\">\n<thead>\n<tr>\n<th>N\u00e4hrstoff<\/th>\n<th>Pro Portion (1 Kapsel \/ 500 mg)<\/th>\n<\/tr>\n<\/thead>\n<tbody>\n<tr>\n<td>Sea Moss (Chondrus crispus)<\/td>\n<td>500 mg*<\/td>\n<\/tr>\n<tr>\n<td>Jod<\/td>\n<td>139 \u00b5g (93% NRW)<\/td>\n<\/tr>\n<\/tbody>\n<\/table>\n<p class=\"chcg-footnote\">* Kein festgelegter Tagesbedarf (NRW).<\/p>\n<\/p><\/div>\n<div class=\"chcg-ingredients\">\n<h3>Zutaten<\/h3>\n<p>Biologisches irisches\/Karrageen-Moos (Chondrus crispus).<\/p>\n<p class=\"chcg-capsule-shell\">Kapselh\u00fclle: Hypromellose.<\/p>\n<\/p><\/div>\n<div class=\"chcg-dosage\">\n<h3>Verzehrempfehlung<\/h3>\n<p>Erwachsene: eine bis zwei (1\u20132) Kapseln pro Tag mit einem Glas (250 ml) Wasser, vorzugsweise zu einer Mahlzeit.<\/p>\n<\/p><\/div>\n<div class=\"chcg-warnings\">\n<h3>Warnhinweise<\/h3>\n<p>Nahrungserg\u00e4nzungsmittel sollten nicht als Ersatz f\u00fcr eine abwechslungsreiche Ern\u00e4hrung verwendet werden. Ausserhalb der Reichweite von Kindern aufbewahren. Die empfohlene Tagesdosis nicht \u00fcberschreiten.<\/p>\n<\/p><\/div>\n<div class=\"chcg-allergens\">\n<h3>Allergeninformationen<\/h3>\n<p>Aufgrund der nat\u00fcrlichen Herkunft der Meeresalgen kann dieses Produkt Spuren von Weichtieren, Krebstieren und Fisch enthalten.<\/p>\n<\/p><\/div>\n<div class=\"chcg-storage\">\n<h3>Lagerung<\/h3>\n<p>An einem k\u00fchlen, trockenen Ort, vor direkter Sonneneinstrahlung gesch\u00fctzt, aufbewahren. Eine K\u00fchlung ist nicht erforderlich.<\/p>\n<\/p><\/div>\n<div class=\"chcg-dietary\">\n<h3>Ern\u00e4hrungshinweise<\/h3>\n<ul>\n<li>Vegan<\/li>\n<li>Vegetarisch<\/li>\n<li>Glutenfrei<\/li>\n<li>Laktosefrei<\/li>\n<\/ul><\/div>\n<\/div>\n","protected":false},"excerpt":{"rendered":"<p>KIKI Health Sea Moss liefert 500 mg Bio-Chondrus-crispus-Extrakt pro Kapsel und deckt 93 % des Tagesbedarfs an Jod. Erh\u00e4ltlich als vegane Kapseln in der praktischen 90er-Packung. Jod tr\u00e4gt zur normalen Schilddr\u00fcsenfunktion bei.<\/p>\n","protected":false},"featured_media":1968,"comment_status":"closed","ping_status":"open","template":"","meta":[],"product_brand":[200],"product_cat":[48,25,44,165,21],"product_tag":[],"class_list":{"0":"post-1967","1":"product","2":"type-product","3":"status-publish","4":"has-post-thumbnail","6":"product_brand-kiki-health","7":"product_cat-gesunde-ernaehrung","8":"product_cat-gesundheit-und-wohlbefinden","9":"product_cat-pflanzliche-nahrungsergaenzungsmittel","10":"product_cat-humorforbedring","11":"product_cat-vitamine-und-mineralstoffe","13":"first","14":"outofstock","15":"taxable","16":"shipping-taxable","17":"purchasable","18":"product-type-simple"},"yoast_head":"<!-- This site is optimized with the Yoast SEO plugin v27.5 - https:\/\/yoast.com\/product\/yoast-seo-wordpress\/ -->\n<title>Sea Moss 500mg \u2013 KIKI Health | ecosupplements.ch<\/title>\n<meta name=\"description\" content=\"Bio Sea Moss mit 500 mg Chondrus crispus und 93 % NRW Jod pro Kapsel \u2013 vegan, glutenfrei, 90 Kapseln. Jetzt bestellen.\" \/>\n<meta name=\"robots\" content=\"index, follow, max-snippet:-1, max-image-preview:large, max-video-preview:-1\" \/>\n<link rel=\"canonical\" href=\"https:\/\/ecosupplements.ch\/?product=sea-moss-500mg-90-caps\" \/>\n<meta property=\"og:locale\" content=\"de_DE\" \/>\n<meta property=\"og:type\" content=\"article\" \/>\n<meta property=\"og:title\" content=\"Sea Moss 500mg \u2013 KIKI Health | ecosupplements.ch\" \/>\n<meta property=\"og:description\" content=\"Bio Sea Moss mit 500 mg Chondrus crispus und 93 % NRW Jod pro Kapsel \u2013 vegan, glutenfrei, 90 Kapseln. Jetzt bestellen.\" \/>\n<meta property=\"og:url\" content=\"https:\/\/ecosupplements.ch\/?product=sea-moss-500mg-90-caps\" \/>\n<meta property=\"og:site_name\" content=\"Eco Supplements\" \/>\n<meta property=\"article:modified_time\" content=\"2026-05-13T07:25:22+00:00\" \/>\n<meta property=\"og:image\" content=\"https:\/\/ecosupplements.ch\/wp-content\/uploads\/2026\/05\/Sea-Moss-500mg-90-caps.jpg\" \/>\n\t<meta property=\"og:image:width\" content=\"600\" \/>\n\t<meta property=\"og:image:height\" content=\"600\" \/>\n\t<meta property=\"og:image:type\" content=\"image\/jpeg\" \/>\n<meta name=\"twitter:card\" content=\"summary_large_image\" \/>\n<meta name=\"twitter:label1\" content=\"Price\" \/>\n\t<meta name=\"twitter:data1\" content=\"&#067;&#072;&#070;&nbsp;22.15\" \/>\n\t<meta name=\"twitter:label2\" content=\"Availability\" \/>\n\t<meta name=\"twitter:data2\" content=\"Out of stock\" \/>\n<script type=\"application\/ld+json\" class=\"yoast-schema-graph\">{\"@context\":\"https:\\\/\\\/schema.org\",\"@graph\":[{\"@type\":\"WebPage\",\"@id\":\"https:\\\/\\\/ecosupplements.ch\\\/?product=sea-moss-500mg-90-caps\",\"url\":\"https:\\\/\\\/ecosupplements.ch\\\/?product=sea-moss-500mg-90-caps\",\"name\":\"Sea Moss 500mg \u2013 KIKI Health | ecosupplements.ch\",\"isPartOf\":{\"@id\":\"https:\\\/\\\/ecosupplements.ch\\\/#website\"},\"primaryImageOfPage\":{\"@id\":\"https:\\\/\\\/ecosupplements.ch\\\/?product=sea-moss-500mg-90-caps#primaryimage\"},\"image\":{\"@id\":\"https:\\\/\\\/ecosupplements.ch\\\/?product=sea-moss-500mg-90-caps#primaryimage\"},\"thumbnailUrl\":\"https:\\\/\\\/ecosupplements.ch\\\/wp-content\\\/uploads\\\/2026\\\/05\\\/Sea-Moss-500mg-90-caps.jpg\",\"datePublished\":\"2026-05-11T14:33:04+00:00\",\"dateModified\":\"2026-05-13T07:25:22+00:00\",\"description\":\"Bio Sea Moss mit 500 mg Chondrus crispus und 93 % NRW Jod pro Kapsel \u2013 vegan, glutenfrei, 90 Kapseln. Jetzt bestellen.\",\"breadcrumb\":{\"@id\":\"https:\\\/\\\/ecosupplements.ch\\\/?product=sea-moss-500mg-90-caps#breadcrumb\"},\"inLanguage\":\"de-CH\",\"potentialAction\":[{\"@type\":\"ReadAction\",\"target\":[\"https:\\\/\\\/ecosupplements.ch\\\/?product=sea-moss-500mg-90-caps\"]}]},{\"@type\":\"ImageObject\",\"inLanguage\":\"de-CH\",\"@id\":\"https:\\\/\\\/ecosupplements.ch\\\/?product=sea-moss-500mg-90-caps#primaryimage\",\"url\":\"https:\\\/\\\/ecosupplements.ch\\\/wp-content\\\/uploads\\\/2026\\\/05\\\/Sea-Moss-500mg-90-caps.jpg\",\"contentUrl\":\"https:\\\/\\\/ecosupplements.ch\\\/wp-content\\\/uploads\\\/2026\\\/05\\\/Sea-Moss-500mg-90-caps.jpg\",\"width\":600,\"height\":600,\"caption\":\"Sea Moss\"},{\"@type\":\"BreadcrumbList\",\"@id\":\"https:\\\/\\\/ecosupplements.ch\\\/?product=sea-moss-500mg-90-caps#breadcrumb\",\"itemListElement\":[{\"@type\":\"ListItem\",\"position\":1,\"name\":\"Home\",\"item\":\"https:\\\/\\\/ecosupplements.ch\\\/\"},{\"@type\":\"ListItem\",\"position\":2,\"name\":\"Shop\",\"item\":\"https:\\\/\\\/ecosupplements.ch\\\/?page_id=14\"},{\"@type\":\"ListItem\",\"position\":3,\"name\":\"Sea Moss, 500mg &#8211; 90 caps\"}]},{\"@type\":\"WebSite\",\"@id\":\"https:\\\/\\\/ecosupplements.ch\\\/#website\",\"url\":\"https:\\\/\\\/ecosupplements.ch\\\/\",\"name\":\"Eco Supplements\",\"description\":\"\",\"potentialAction\":[{\"@type\":\"SearchAction\",\"target\":{\"@type\":\"EntryPoint\",\"urlTemplate\":\"https:\\\/\\\/ecosupplements.ch\\\/?s={search_term_string}\"},\"query-input\":{\"@type\":\"PropertyValueSpecification\",\"valueRequired\":true,\"valueName\":\"search_term_string\"}}],\"inLanguage\":\"de-CH\"}]}<\/script>\n<meta property=\"product:price:amount\" content=\"22.15\" \/>\n<meta property=\"product:price:currency\" content=\"CHF\" \/>\n<meta property=\"og:availability\" content=\"out of stock\" \/>\n<meta property=\"product:availability\" content=\"out of stock\" \/>\n<meta property=\"product:retailer_item_id\" content=\"5060018515496\" \/>\n<meta property=\"product:condition\" content=\"new\" \/>\n<!-- \/ Yoast SEO plugin. -->","yoast_head_json":{"title":"Sea Moss 500mg \u2013 KIKI Health | ecosupplements.ch","description":"Bio Sea Moss mit 500 mg Chondrus crispus und 93 % NRW Jod pro Kapsel \u2013 vegan, glutenfrei, 90 Kapseln. Jetzt bestellen.","robots":{"index":"index","follow":"follow","max-snippet":"max-snippet:-1","max-image-preview":"max-image-preview:large","max-video-preview":"max-video-preview:-1"},"canonical":"https:\/\/ecosupplements.ch\/?product=sea-moss-500mg-90-caps","og_locale":"de_DE","og_type":"article","og_title":"Sea Moss 500mg \u2013 KIKI Health | ecosupplements.ch","og_description":"Bio Sea Moss mit 500 mg Chondrus crispus und 93 % NRW Jod pro Kapsel \u2013 vegan, glutenfrei, 90 Kapseln. Jetzt bestellen.","og_url":"https:\/\/ecosupplements.ch\/?product=sea-moss-500mg-90-caps","og_site_name":"Eco Supplements","article_modified_time":"2026-05-13T07:25:22+00:00","og_image":[{"width":600,"height":600,"url":"https:\/\/ecosupplements.ch\/wp-content\/uploads\/2026\/05\/Sea-Moss-500mg-90-caps.jpg","type":"image\/jpeg"}],"twitter_card":"summary_large_image","twitter_misc":{"Price":"&#67;&#72;&#70;&nbsp;22.15","Availability":"Out of stock"},"schema":{"@context":"https:\/\/schema.org","@graph":[{"@type":"WebPage","@id":"https:\/\/ecosupplements.ch\/?product=sea-moss-500mg-90-caps","url":"https:\/\/ecosupplements.ch\/?product=sea-moss-500mg-90-caps","name":"Sea Moss 500mg \u2013 KIKI Health | ecosupplements.ch","isPartOf":{"@id":"https:\/\/ecosupplements.ch\/#website"},"primaryImageOfPage":{"@id":"https:\/\/ecosupplements.ch\/?product=sea-moss-500mg-90-caps#primaryimage"},"image":{"@id":"https:\/\/ecosupplements.ch\/?product=sea-moss-500mg-90-caps#primaryimage"},"thumbnailUrl":"https:\/\/ecosupplements.ch\/wp-content\/uploads\/2026\/05\/Sea-Moss-500mg-90-caps.jpg","datePublished":"2026-05-11T14:33:04+00:00","dateModified":"2026-05-13T07:25:22+00:00","description":"Bio Sea Moss mit 500 mg Chondrus crispus und 93 % NRW Jod pro Kapsel \u2013 vegan, glutenfrei, 90 Kapseln. Jetzt bestellen.","breadcrumb":{"@id":"https:\/\/ecosupplements.ch\/?product=sea-moss-500mg-90-caps#breadcrumb"},"inLanguage":"de-CH","potentialAction":[{"@type":"ReadAction","target":["https:\/\/ecosupplements.ch\/?product=sea-moss-500mg-90-caps"]}]},{"@type":"ImageObject","inLanguage":"de-CH","@id":"https:\/\/ecosupplements.ch\/?product=sea-moss-500mg-90-caps#primaryimage","url":"https:\/\/ecosupplements.ch\/wp-content\/uploads\/2026\/05\/Sea-Moss-500mg-90-caps.jpg","contentUrl":"https:\/\/ecosupplements.ch\/wp-content\/uploads\/2026\/05\/Sea-Moss-500mg-90-caps.jpg","width":600,"height":600,"caption":"Sea Moss"},{"@type":"BreadcrumbList","@id":"https:\/\/ecosupplements.ch\/?product=sea-moss-500mg-90-caps#breadcrumb","itemListElement":[{"@type":"ListItem","position":1,"name":"Home","item":"https:\/\/ecosupplements.ch\/"},{"@type":"ListItem","position":2,"name":"Shop","item":"https:\/\/ecosupplements.ch\/?page_id=14"},{"@type":"ListItem","position":3,"name":"Sea Moss, 500mg &#8211; 90 caps"}]},{"@type":"WebSite","@id":"https:\/\/ecosupplements.ch\/#website","url":"https:\/\/ecosupplements.ch\/","name":"Eco Supplements","description":"","potentialAction":[{"@type":"SearchAction","target":{"@type":"EntryPoint","urlTemplate":"https:\/\/ecosupplements.ch\/?s={search_term_string}"},"query-input":{"@type":"PropertyValueSpecification","valueRequired":true,"valueName":"search_term_string"}}],"inLanguage":"de-CH"}]},"product_price_amount":"22.15","product_price_currency":"CHF","og_availability":"out of stock","product_availability":"out of stock","product_retailer_item_id":"5060018515496","product_condition":"new"},"_links":{"self":[{"href":"https:\/\/ecosupplements.ch\/index.php?rest_route=\/wp\/v2\/product\/1967","targetHints":{"allow":["GET"]}}],"collection":[{"href":"https:\/\/ecosupplements.ch\/index.php?rest_route=\/wp\/v2\/product"}],"about":[{"href":"https:\/\/ecosupplements.ch\/index.php?rest_route=\/wp\/v2\/types\/product"}],"replies":[{"embeddable":true,"href":"https:\/\/ecosupplements.ch\/index.php?rest_route=%2Fwp%2Fv2%2Fcomments&post=1967"}],"wp:featuredmedia":[{"embeddable":true,"href":"https:\/\/ecosupplements.ch\/index.php?rest_route=\/wp\/v2\/media\/1968"}],"wp:attachment":[{"href":"https:\/\/ecosupplements.ch\/index.php?rest_route=%2Fwp%2Fv2%2Fmedia&parent=1967"}],"wp:term":[{"taxonomy":"product_brand","embeddable":true,"href":"https:\/\/ecosupplements.ch\/index.php?rest_route=%2Fwp%2Fv2%2Fproduct_brand&post=1967"},{"taxonomy":"product_cat","embeddable":true,"href":"https:\/\/ecosupplements.ch\/index.php?rest_route=%2Fwp%2Fv2%2Fproduct_cat&post=1967"},{"taxonomy":"product_tag","embeddable":true,"href":"https:\/\/ecosupplements.ch\/index.php?rest_route=%2Fwp%2Fv2%2Fproduct_tag&post=1967"}],"curies":[{"name":"wp","href":"https:\/\/api.w.org\/{rel}","templated":true}]}}