{"id":1969,"date":"2026-05-11T14:33:05","date_gmt":"2026-05-11T14:33:05","guid":{"rendered":"https:\/\/ecosupplements.ch\/?product=zeolite-powder-120g"},"modified":"2026-05-13T07:24:43","modified_gmt":"2026-05-13T07:24:43","slug":"zeolite-powder-120g","status":"publish","type":"product","link":"https:\/\/ecosupplements.ch\/?product=zeolite-powder-120g","title":{"rendered":"Zeolite Powder &#8211; 120g"},"content":{"rendered":"<div class=\"chcg-product-description\">\n<h2 class=\"chcg-heading\">\u00dcber KIKI Health \u2013 Zeolite Pulver \u2013 120g<\/h2>\n<div class=\"chcg-intro\">\n<p>Das KIKI Health Zeolite Pulver besteht aus 100 % reinem Clinoptilolite-Zeolith \u2013 einem nat\u00fcrlich vorkommenden Vulkanmineral mit einer einzigartigen, por\u00f6sen Gitterstruktur. Dank seiner fein gemahlenen Textur eignet es sich sowohl f\u00fcr die \u00e4usserliche Anwendung als auch f\u00fcr die innerliche Einnahme und ist damit ein vielseitiger Begleiter in der t\u00e4glichen Wellness-Routine.<\/p>\n<p>F\u00fcr die Hautpflege l\u00e4sst sich das Pulver einfach zu einer glatten Paste verarbeiten und als Gesichts- und K\u00f6rpermaske, in Peelings oder Reinigern verwenden. Es bildet ausserdem eine ideale Basis f\u00fcr selbst gemachte Sch\u00f6nheitsrezepte und kann nach Wunsch mit einem Tropfen \u00e4therischem \u00d6l verfeinert werden.<\/p>\n<p>Zur innerlichen Einnahme wird das Pulver in einem Glas Wasser einger\u00fchrt. Das Produkt ist 100 % vegan, glutenfrei (zertifiziert, unter 10 ppm) und enth\u00e4lt keine tierischen Inhaltsstoffe \u2013 ideal f\u00fcr eine bewusste und nat\u00fcrliche Lebensweise.<\/p>\n<\/p><\/div>\n<div class=\"chcg-ingredients\">\n<h3>Zutaten<\/h3>\n<p>Clinoptilolite Zeolith Pulver (100%)<\/p>\n<\/p><\/div>\n<div class=\"chcg-dosage\">\n<h3>Verzehrempfehlung<\/h3>\n<p><strong>\u00c4usserliche Anwendung:<\/strong> Mit warmem Wasser zu einer glatten, feinen Paste vermengen. Einige Minuten in die Haut einmassieren, dabei den Augenbereich aussparen. Die Maske trocknen lassen, dann sanft mit Wasser absp\u00fclen und eine Feuchtigkeitspflege auftragen. Kann als Gesichts- und K\u00f6rpermaske, in Peelings und Reinigern oder als Grundlage f\u00fcr selbst gemachte Sch\u00f6nheitsrezepte verwendet werden. Bei Bedarf kann ein Tropfen \u00e4therisches \u00d6l beigef\u00fcgt werden. Metallisches Zubeh\u00f6r vermeiden.<\/p>\n<p><strong>Innerliche Einnahme:<\/strong> Einen geh\u00e4uften Teel\u00f6ffel in einem Glas Wasser einr\u00fchren und zweimal t\u00e4glich vor oder nach dem Essen einnehmen. Nach der Einnahme von Medikamenten sollte ein Abstand von mindestens zwei Stunden eingehalten werden.<\/p>\n<\/p><\/div>\n<div class=\"chcg-warnings\">\n<h3>Warnhinweise<\/h3>\n<p>Nahrungserg\u00e4nzungsmittel sollten nicht als Ersatz f\u00fcr eine abwechslungsreiche Ern\u00e4hrung verwendet werden. Die empfohlene Tagesdosis nicht \u00fcberschreiten. Ausserhalb der Reichweite von Kindern aufbewahren. Bei der Einnahme von verschreibungspflichtigen Medikamenten mindestens zwei Stunden Abstand zwischen der Einnahme von Zeolith und den Medikamenten lassen. Bei Schwangerschaft oder Stillzeit vor der Anwendung eine Fachperson f\u00fcr Gesundheit konsultieren.<\/p>\n<\/p><\/div>\n<div class=\"chcg-allergens\">\n<h3>Allergeninformationen<\/h3>\n<p>Enth\u00e4lt keine bekannten Allergene. Glutenfrei (zertifiziert, weniger als 10 ppm). Enth\u00e4lt keine tierischen Inhaltsstoffe.<\/p>\n<\/p><\/div>\n<div class=\"chcg-storage\">\n<h3>Lagerung<\/h3>\n<p>K\u00fchl und trocken lagern, vor direkter Sonneneinstrahlung sch\u00fctzen. K\u00fchlung ist nicht erforderlich.<\/p>\n<\/p><\/div>\n<div class=\"chcg-dietary\">\n<h3>Ern\u00e4hrungshinweise<\/h3>\n<ul>\n<li>Vegan<\/li>\n<li>Vegetarisch<\/li>\n<li>Glutenfrei<\/li>\n<li>Laktosefrei<\/li>\n<\/ul><\/div>\n<\/div>\n","protected":false},"excerpt":{"rendered":"<p>KIKI Health Zeolite Pulver bietet vielseitige Anwendungsm\u00f6glichkeiten \u2013 \u00e4usserlich als Gesichts- und K\u00f6rpermaske sowie innerlich im Glas Wasser. 100 % reines Clinoptilolite-Zeolith, vegan und glutenfrei. Inhalt: 120g.<\/p>\n","protected":false},"featured_media":1970,"comment_status":"closed","ping_status":"open","template":"","meta":[],"product_brand":[200],"product_cat":[48,25,44,22],"product_tag":[],"class_list":{"0":"post-1969","1":"product","2":"type-product","3":"status-publish","4":"has-post-thumbnail","6":"product_brand-kiki-health","7":"product_cat-gesunde-ernaehrung","8":"product_cat-gesundheit-und-wohlbefinden","9":"product_cat-pflanzliche-nahrungsergaenzungsmittel","10":"product_cat-vegane-produkte","12":"first","13":"outofstock","14":"taxable","15":"shipping-taxable","16":"purchasable","17":"product-type-simple"},"yoast_head":"<!-- This site is optimized with the Yoast SEO plugin v27.5 - https:\/\/yoast.com\/product\/yoast-seo-wordpress\/ -->\n<title>Zeolite Pulver 120g \u2013 KIKI Health | ecosupplements.ch<\/title>\n<meta name=\"description\" content=\"100 % reines Clinoptilolite Zeolite Pulver von KIKI Health \u2013 vielseitig einsetzbar f\u00fcr Haut und innerlich, vegan &amp; glutenfrei, 120g. Jetzt bestellen.\" \/>\n<meta name=\"robots\" content=\"index, follow, max-snippet:-1, max-image-preview:large, max-video-preview:-1\" \/>\n<link rel=\"canonical\" href=\"https:\/\/ecosupplements.ch\/?product=zeolite-powder-120g\" \/>\n<meta property=\"og:locale\" content=\"de_DE\" \/>\n<meta property=\"og:type\" content=\"article\" \/>\n<meta property=\"og:title\" content=\"Zeolite Pulver 120g \u2013 KIKI Health | ecosupplements.ch\" \/>\n<meta property=\"og:description\" content=\"100 % reines Clinoptilolite Zeolite Pulver von KIKI Health \u2013 vielseitig einsetzbar f\u00fcr Haut und innerlich, vegan &amp; glutenfrei, 120g. Jetzt bestellen.\" \/>\n<meta property=\"og:url\" content=\"https:\/\/ecosupplements.ch\/?product=zeolite-powder-120g\" \/>\n<meta property=\"og:site_name\" content=\"Eco Supplements\" \/>\n<meta property=\"article:modified_time\" content=\"2026-05-13T07:24:43+00:00\" \/>\n<meta property=\"og:image\" content=\"https:\/\/ecosupplements.ch\/wp-content\/uploads\/2026\/05\/Zeolite-Powder-120g.jpg\" \/>\n\t<meta property=\"og:image:width\" content=\"800\" \/>\n\t<meta property=\"og:image:height\" content=\"800\" \/>\n\t<meta property=\"og:image:type\" content=\"image\/jpeg\" \/>\n<meta name=\"twitter:card\" content=\"summary_large_image\" \/>\n<meta name=\"twitter:label1\" content=\"Price\" \/>\n\t<meta name=\"twitter:data1\" content=\"&#067;&#072;&#070;&nbsp;13.33\" \/>\n\t<meta name=\"twitter:label2\" content=\"Availability\" \/>\n\t<meta name=\"twitter:data2\" content=\"Out of stock\" \/>\n<script type=\"application\/ld+json\" class=\"yoast-schema-graph\">{\"@context\":\"https:\\\/\\\/schema.org\",\"@graph\":[{\"@type\":\"WebPage\",\"@id\":\"https:\\\/\\\/ecosupplements.ch\\\/?product=zeolite-powder-120g\",\"url\":\"https:\\\/\\\/ecosupplements.ch\\\/?product=zeolite-powder-120g\",\"name\":\"Zeolite Pulver 120g \u2013 KIKI Health | ecosupplements.ch\",\"isPartOf\":{\"@id\":\"https:\\\/\\\/ecosupplements.ch\\\/#website\"},\"primaryImageOfPage\":{\"@id\":\"https:\\\/\\\/ecosupplements.ch\\\/?product=zeolite-powder-120g#primaryimage\"},\"image\":{\"@id\":\"https:\\\/\\\/ecosupplements.ch\\\/?product=zeolite-powder-120g#primaryimage\"},\"thumbnailUrl\":\"https:\\\/\\\/ecosupplements.ch\\\/wp-content\\\/uploads\\\/2026\\\/05\\\/Zeolite-Powder-120g.jpg\",\"datePublished\":\"2026-05-11T14:33:05+00:00\",\"dateModified\":\"2026-05-13T07:24:43+00:00\",\"description\":\"100 % reines Clinoptilolite Zeolite Pulver von KIKI Health \u2013 vielseitig einsetzbar f\u00fcr Haut und innerlich, vegan & glutenfrei, 120g. Jetzt bestellen.\",\"breadcrumb\":{\"@id\":\"https:\\\/\\\/ecosupplements.ch\\\/?product=zeolite-powder-120g#breadcrumb\"},\"inLanguage\":\"de-CH\",\"potentialAction\":[{\"@type\":\"ReadAction\",\"target\":[\"https:\\\/\\\/ecosupplements.ch\\\/?product=zeolite-powder-120g\"]}]},{\"@type\":\"ImageObject\",\"inLanguage\":\"de-CH\",\"@id\":\"https:\\\/\\\/ecosupplements.ch\\\/?product=zeolite-powder-120g#primaryimage\",\"url\":\"https:\\\/\\\/ecosupplements.ch\\\/wp-content\\\/uploads\\\/2026\\\/05\\\/Zeolite-Powder-120g.jpg\",\"contentUrl\":\"https:\\\/\\\/ecosupplements.ch\\\/wp-content\\\/uploads\\\/2026\\\/05\\\/Zeolite-Powder-120g.jpg\",\"width\":800,\"height\":800,\"caption\":\"Zeolite Powder - 120g\"},{\"@type\":\"BreadcrumbList\",\"@id\":\"https:\\\/\\\/ecosupplements.ch\\\/?product=zeolite-powder-120g#breadcrumb\",\"itemListElement\":[{\"@type\":\"ListItem\",\"position\":1,\"name\":\"Home\",\"item\":\"https:\\\/\\\/ecosupplements.ch\\\/\"},{\"@type\":\"ListItem\",\"position\":2,\"name\":\"Shop\",\"item\":\"https:\\\/\\\/ecosupplements.ch\\\/?page_id=14\"},{\"@type\":\"ListItem\",\"position\":3,\"name\":\"Zeolite Powder &#8211; 120g\"}]},{\"@type\":\"WebSite\",\"@id\":\"https:\\\/\\\/ecosupplements.ch\\\/#website\",\"url\":\"https:\\\/\\\/ecosupplements.ch\\\/\",\"name\":\"Eco Supplements\",\"description\":\"\",\"potentialAction\":[{\"@type\":\"SearchAction\",\"target\":{\"@type\":\"EntryPoint\",\"urlTemplate\":\"https:\\\/\\\/ecosupplements.ch\\\/?s={search_term_string}\"},\"query-input\":{\"@type\":\"PropertyValueSpecification\",\"valueRequired\":true,\"valueName\":\"search_term_string\"}}],\"inLanguage\":\"de-CH\"}]}<\/script>\n<meta property=\"product:price:amount\" content=\"13.33\" \/>\n<meta property=\"product:price:currency\" content=\"CHF\" \/>\n<meta property=\"og:availability\" content=\"out of stock\" \/>\n<meta property=\"product:availability\" content=\"out of stock\" \/>\n<meta property=\"product:retailer_item_id\" content=\"5060018513201\" \/>\n<meta property=\"product:condition\" content=\"new\" \/>\n<!-- \/ Yoast SEO plugin. -->","yoast_head_json":{"title":"Zeolite Pulver 120g \u2013 KIKI Health | ecosupplements.ch","description":"100 % reines Clinoptilolite Zeolite Pulver von KIKI Health \u2013 vielseitig einsetzbar f\u00fcr Haut und innerlich, vegan & glutenfrei, 120g. Jetzt bestellen.","robots":{"index":"index","follow":"follow","max-snippet":"max-snippet:-1","max-image-preview":"max-image-preview:large","max-video-preview":"max-video-preview:-1"},"canonical":"https:\/\/ecosupplements.ch\/?product=zeolite-powder-120g","og_locale":"de_DE","og_type":"article","og_title":"Zeolite Pulver 120g \u2013 KIKI Health | ecosupplements.ch","og_description":"100 % reines Clinoptilolite Zeolite Pulver von KIKI Health \u2013 vielseitig einsetzbar f\u00fcr Haut und innerlich, vegan & glutenfrei, 120g. Jetzt bestellen.","og_url":"https:\/\/ecosupplements.ch\/?product=zeolite-powder-120g","og_site_name":"Eco Supplements","article_modified_time":"2026-05-13T07:24:43+00:00","og_image":[{"width":800,"height":800,"url":"https:\/\/ecosupplements.ch\/wp-content\/uploads\/2026\/05\/Zeolite-Powder-120g.jpg","type":"image\/jpeg"}],"twitter_card":"summary_large_image","twitter_misc":{"Price":"&#67;&#72;&#70;&nbsp;13.33","Availability":"Out of stock"},"schema":{"@context":"https:\/\/schema.org","@graph":[{"@type":"WebPage","@id":"https:\/\/ecosupplements.ch\/?product=zeolite-powder-120g","url":"https:\/\/ecosupplements.ch\/?product=zeolite-powder-120g","name":"Zeolite Pulver 120g \u2013 KIKI Health | ecosupplements.ch","isPartOf":{"@id":"https:\/\/ecosupplements.ch\/#website"},"primaryImageOfPage":{"@id":"https:\/\/ecosupplements.ch\/?product=zeolite-powder-120g#primaryimage"},"image":{"@id":"https:\/\/ecosupplements.ch\/?product=zeolite-powder-120g#primaryimage"},"thumbnailUrl":"https:\/\/ecosupplements.ch\/wp-content\/uploads\/2026\/05\/Zeolite-Powder-120g.jpg","datePublished":"2026-05-11T14:33:05+00:00","dateModified":"2026-05-13T07:24:43+00:00","description":"100 % reines Clinoptilolite Zeolite Pulver von KIKI Health \u2013 vielseitig einsetzbar f\u00fcr Haut und innerlich, vegan & glutenfrei, 120g. Jetzt bestellen.","breadcrumb":{"@id":"https:\/\/ecosupplements.ch\/?product=zeolite-powder-120g#breadcrumb"},"inLanguage":"de-CH","potentialAction":[{"@type":"ReadAction","target":["https:\/\/ecosupplements.ch\/?product=zeolite-powder-120g"]}]},{"@type":"ImageObject","inLanguage":"de-CH","@id":"https:\/\/ecosupplements.ch\/?product=zeolite-powder-120g#primaryimage","url":"https:\/\/ecosupplements.ch\/wp-content\/uploads\/2026\/05\/Zeolite-Powder-120g.jpg","contentUrl":"https:\/\/ecosupplements.ch\/wp-content\/uploads\/2026\/05\/Zeolite-Powder-120g.jpg","width":800,"height":800,"caption":"Zeolite Powder - 120g"},{"@type":"BreadcrumbList","@id":"https:\/\/ecosupplements.ch\/?product=zeolite-powder-120g#breadcrumb","itemListElement":[{"@type":"ListItem","position":1,"name":"Home","item":"https:\/\/ecosupplements.ch\/"},{"@type":"ListItem","position":2,"name":"Shop","item":"https:\/\/ecosupplements.ch\/?page_id=14"},{"@type":"ListItem","position":3,"name":"Zeolite Powder &#8211; 120g"}]},{"@type":"WebSite","@id":"https:\/\/ecosupplements.ch\/#website","url":"https:\/\/ecosupplements.ch\/","name":"Eco Supplements","description":"","potentialAction":[{"@type":"SearchAction","target":{"@type":"EntryPoint","urlTemplate":"https:\/\/ecosupplements.ch\/?s={search_term_string}"},"query-input":{"@type":"PropertyValueSpecification","valueRequired":true,"valueName":"search_term_string"}}],"inLanguage":"de-CH"}]},"product_price_amount":"13.33","product_price_currency":"CHF","og_availability":"out of stock","product_availability":"out of stock","product_retailer_item_id":"5060018513201","product_condition":"new"},"_links":{"self":[{"href":"https:\/\/ecosupplements.ch\/index.php?rest_route=\/wp\/v2\/product\/1969","targetHints":{"allow":["GET"]}}],"collection":[{"href":"https:\/\/ecosupplements.ch\/index.php?rest_route=\/wp\/v2\/product"}],"about":[{"href":"https:\/\/ecosupplements.ch\/index.php?rest_route=\/wp\/v2\/types\/product"}],"replies":[{"embeddable":true,"href":"https:\/\/ecosupplements.ch\/index.php?rest_route=%2Fwp%2Fv2%2Fcomments&post=1969"}],"wp:featuredmedia":[{"embeddable":true,"href":"https:\/\/ecosupplements.ch\/index.php?rest_route=\/wp\/v2\/media\/1970"}],"wp:attachment":[{"href":"https:\/\/ecosupplements.ch\/index.php?rest_route=%2Fwp%2Fv2%2Fmedia&parent=1969"}],"wp:term":[{"taxonomy":"product_brand","embeddable":true,"href":"https:\/\/ecosupplements.ch\/index.php?rest_route=%2Fwp%2Fv2%2Fproduct_brand&post=1969"},{"taxonomy":"product_cat","embeddable":true,"href":"https:\/\/ecosupplements.ch\/index.php?rest_route=%2Fwp%2Fv2%2Fproduct_cat&post=1969"},{"taxonomy":"product_tag","embeddable":true,"href":"https:\/\/ecosupplements.ch\/index.php?rest_route=%2Fwp%2Fv2%2Fproduct_tag&post=1969"}],"curies":[{"name":"wp","href":"https:\/\/api.w.org\/{rel}","templated":true}]}}