{"id":1981,"date":"2026-05-11T14:33:11","date_gmt":"2026-05-11T14:33:11","guid":{"rendered":"https:\/\/ecosupplements.ch\/?product=enhanced-zinc-lozenges-peppermint-30-vegetarian-lozenges"},"modified":"2026-05-13T07:24:46","modified_gmt":"2026-05-13T07:24:46","slug":"enhanced-zinc-lozenges-peppermint-30-vegetarian-lozenges","status":"publish","type":"product","link":"https:\/\/ecosupplements.ch\/?product=enhanced-zinc-lozenges-peppermint-30-vegetarian-lozenges","title":{"rendered":"Enhanced Zinc Lozenges, Peppermint &#8211; 30 vegetarian lozenges"},"content":{"rendered":"<div class=\"chcg-product-description\">\n<h2 class=\"chcg-heading\">\u00dcber Life Extension \u2013 Enhanced Zinc Lutschtabletten, Peppermint \u2013 30 vegetarische Lutschtabletten<\/h2>\n<div class=\"chcg-intro\">\n<p>Die Enhanced Zinc Lutschtabletten von Life Extension liefern 18,75 mg Zink pro Portion in Form von Zinkacetat \u2013 einer gut resorbierbaren Zinkverbindung. Zink tr\u00e4gt zur normalen Funktion des Immunsystems bei und unterst\u00fctzt den K\u00f6rper bei der Erhaltung gesunder Zellen. Die angenehme Pfefferminz-Note macht die Einnahme besonders angenehm.<\/p>\n<p>Jede vegetarische Lutschtablette ist sorgf\u00e4ltig dosiert und enth\u00e4lt 188 % des N\u00e4hrstoffbezugswertes f\u00fcr Zink. Die Lutschtabletten-Form erm\u00f6glicht eine gezielte Freisetzung des Wirkstoffs \u00fcber die Mundschleimhaut und ist ohne tierische Gelatine hergestellt.<\/p>\n<p>Life Extension ist ein international anerkannter Hersteller aus den USA, der seit Jahrzehnten f\u00fcr wissenschaftlich fundierte Nahrungserg\u00e4nzungsmittel steht. Dieses Produkt eignet sich f\u00fcr Vegetarier und ist glutenfrei.<\/p>\n<\/p><\/div>\n<div class=\"chcg-nutrition\">\n<h3>N\u00e4hrwertangaben<\/h3>\n<table class=\"chcg-nutrition-table\">\n<thead>\n<tr>\n<th>N\u00e4hrstoff<\/th>\n<th>Pro Portion (1 Lutschtablette)<\/th>\n<\/tr>\n<\/thead>\n<tbody>\n<tr>\n<td>Kalorien<\/td>\n<td>20<\/td>\n<\/tr>\n<tr>\n<td>Kohlenhydrate, gesamt<\/td>\n<td>5 g<\/td>\n<\/tr>\n<tr>\n<td>\u2013 davon Zucker, gesamt<\/td>\n<td>4 g (davon 4 g zugesetzter Zucker)<\/td>\n<\/tr>\n<tr>\n<td>Zink (als Zinkacetat)<\/td>\n<td>18,75 mg (188 % NRV*)<\/td>\n<\/tr>\n<\/tbody>\n<\/table>\n<p class=\"chcg-footnote\">* N\u00e4hrstoffbezugswert (NRV) gem\u00e4ss Schweizer und EU-Referenzwerten f\u00fcr Erwachsene.<\/p>\n<\/p><\/div>\n<div class=\"chcg-ingredients\">\n<h3>Zutaten<\/h3>\n<p>Zink (als Zinkacetat) 18,75 mg. Weitere Zutaten: Dextrose, Pfefferminzaroma, Stearins\u00e4ure, pflanzliches Stearat, Siliciumdioxid.<\/p>\n<\/p><\/div>\n<div class=\"chcg-dosage\">\n<h3>Verzehrempfehlung<\/h3>\n<p>Eine (1) Lutschtablette vollst\u00e4ndig im Mund aufl\u00f6sen lassen \u2013 alle 2 Wachstunden, jedoch nicht mehr als 8 Lutschtabletten pro Tag (Gesamtmenge: 150 mg Zink) \u2013 oder gem\u00e4ss Empfehlung eines Arztes oder einer \u00c4rztin. Die Lutschtablette nicht kauen oder schlucken. Kann auf n\u00fcchternen Magen \u00dcbelkeit verursachen. Akute Tagesdosen von mehr als 200 mg k\u00f6nnen zu Magenbeschwerden f\u00fchren.<\/p>\n<\/p><\/div>\n<div class=\"chcg-warnings\">\n<h3>Warnhinweise<\/h3>\n<p>Supplementiertes Zink kann die Aufnahme und Verf\u00fcgbarkeit von Kupfer hemmen. Wenn t\u00e4glich mehr als 50 mg supplementiertes Zink \u00fcber einen Zeitraum von mehr als vier Wochen eingenommen werden sollen, sollten zus\u00e4tzlich 2 mg supplementiertes Kupfer eingenommen werden, um das Risiko eines Kupfermangels zu verringern. Ausserhalb der Reichweite von Kindern aufbewahren. Die empfohlene Dosierung nicht \u00fcberschreiten. Nicht kaufen, wenn das \u00e4ussere Siegel besch\u00e4digt oder gebrochen ist. Bei einer medizinischen Behandlung oder bei Schwangerschaft oder Stillzeit vor der Einnahme einen Arzt oder eine \u00c4rztin konsultieren.<\/p>\n<\/p><\/div>\n<div class=\"chcg-allergens\">\n<h3>Allergeninformationen<\/h3>\n<p>Auf dem Etikett sind keine Allergene deklariert.<\/p>\n<\/p><\/div>\n<div class=\"chcg-storage\">\n<h3>Lagerung<\/h3>\n<p>An einem k\u00fchlen, trockenen Ort aufbewahren.<\/p>\n<\/p><\/div>\n<div class=\"chcg-dietary\">\n<h3>Ern\u00e4hrungshinweise<\/h3>\n<ul>\n<li>Vegetarisch<\/li>\n<li>Glutenfrei<\/li>\n<\/ul><\/div>\n<\/div>\n","protected":false},"excerpt":{"rendered":"<p>Life Extension Enhanced Zinc Lutschtabletten liefern 18,75 mg Zink (als Zinkacetat) pro Portion zur Unterst\u00fctzung des Immunsystems. Pfefferminz-Geschmack, vegetarisch und glutenfrei \u2013 30 Lutschtabletten pro Packung.<\/p>\n","protected":false},"featured_media":1982,"comment_status":"closed","ping_status":"open","template":"","meta":[],"product_brand":[202],"product_cat":[23,48,26,171,21,24],"product_tag":[],"class_list":{"0":"post-1981","1":"product","2":"type-product","3":"status-publish","4":"has-post-thumbnail","6":"product_brand-life-extension","7":"product_cat-einige-mineralien","8":"product_cat-gesunde-ernaehrung","9":"product_cat-multivitamine","10":"product_cat-vitamine-und-mineralien","11":"product_cat-vitamine-und-mineralstoffe","12":"product_cat-zink","14":"first","15":"outofstock","16":"taxable","17":"shipping-taxable","18":"purchasable","19":"product-type-simple"},"yoast_head":"<!-- This site is optimized with the Yoast SEO plugin v27.5 - https:\/\/yoast.com\/product\/yoast-seo-wordpress\/ -->\n<title>Enhanced Zinc Lutschtabletten Peppermint \u2013 Life Extension | ecosupplements.ch<\/title>\n<meta name=\"description\" content=\"18,75 mg Zink pro Lutschtablette zur Unterst\u00fctzung des Immunsystems \u2013 vegetarisch, glutenfrei, 30 St\u00fcck. Jetzt bestellen.\" \/>\n<meta name=\"robots\" content=\"index, follow, max-snippet:-1, max-image-preview:large, max-video-preview:-1\" \/>\n<link rel=\"canonical\" href=\"https:\/\/ecosupplements.ch\/?product=enhanced-zinc-lozenges-peppermint-30-vegetarian-lozenges\" \/>\n<meta property=\"og:locale\" content=\"de_DE\" \/>\n<meta property=\"og:type\" content=\"article\" \/>\n<meta property=\"og:title\" content=\"Enhanced Zinc Lutschtabletten Peppermint \u2013 Life Extension | ecosupplements.ch\" \/>\n<meta property=\"og:description\" content=\"18,75 mg Zink pro Lutschtablette zur Unterst\u00fctzung des Immunsystems \u2013 vegetarisch, glutenfrei, 30 St\u00fcck. Jetzt bestellen.\" \/>\n<meta property=\"og:url\" content=\"https:\/\/ecosupplements.ch\/?product=enhanced-zinc-lozenges-peppermint-30-vegetarian-lozenges\" \/>\n<meta property=\"og:site_name\" content=\"Eco Supplements\" \/>\n<meta property=\"article:modified_time\" content=\"2026-05-13T07:24:46+00:00\" \/>\n<meta property=\"og:image\" content=\"https:\/\/ecosupplements.ch\/wp-content\/uploads\/2026\/05\/Enhanced-Zinc-Lozenges-Peppermint-30-vegetarian-lozenges.jpg\" \/>\n\t<meta property=\"og:image:width\" content=\"327\" \/>\n\t<meta property=\"og:image:height\" content=\"592\" \/>\n\t<meta property=\"og:image:type\" content=\"image\/jpeg\" \/>\n<meta name=\"twitter:card\" content=\"summary_large_image\" \/>\n<meta name=\"twitter:label1\" content=\"Price\" \/>\n\t<meta name=\"twitter:data1\" content=\"&#067;&#072;&#070;&nbsp;12.74\" \/>\n\t<meta name=\"twitter:label2\" content=\"Availability\" \/>\n\t<meta name=\"twitter:data2\" content=\"Out of stock\" \/>\n<script type=\"application\/ld+json\" class=\"yoast-schema-graph\">{\"@context\":\"https:\\\/\\\/schema.org\",\"@graph\":[{\"@type\":\"WebPage\",\"@id\":\"https:\\\/\\\/ecosupplements.ch\\\/?product=enhanced-zinc-lozenges-peppermint-30-vegetarian-lozenges\",\"url\":\"https:\\\/\\\/ecosupplements.ch\\\/?product=enhanced-zinc-lozenges-peppermint-30-vegetarian-lozenges\",\"name\":\"Enhanced Zinc Lutschtabletten Peppermint \u2013 Life Extension | ecosupplements.ch\",\"isPartOf\":{\"@id\":\"https:\\\/\\\/ecosupplements.ch\\\/#website\"},\"primaryImageOfPage\":{\"@id\":\"https:\\\/\\\/ecosupplements.ch\\\/?product=enhanced-zinc-lozenges-peppermint-30-vegetarian-lozenges#primaryimage\"},\"image\":{\"@id\":\"https:\\\/\\\/ecosupplements.ch\\\/?product=enhanced-zinc-lozenges-peppermint-30-vegetarian-lozenges#primaryimage\"},\"thumbnailUrl\":\"https:\\\/\\\/ecosupplements.ch\\\/wp-content\\\/uploads\\\/2026\\\/05\\\/Enhanced-Zinc-Lozenges-Peppermint-30-vegetarian-lozenges.jpg\",\"datePublished\":\"2026-05-11T14:33:11+00:00\",\"dateModified\":\"2026-05-13T07:24:46+00:00\",\"description\":\"18,75 mg Zink pro Lutschtablette zur Unterst\u00fctzung des Immunsystems \u2013 vegetarisch, glutenfrei, 30 St\u00fcck. Jetzt bestellen.\",\"breadcrumb\":{\"@id\":\"https:\\\/\\\/ecosupplements.ch\\\/?product=enhanced-zinc-lozenges-peppermint-30-vegetarian-lozenges#breadcrumb\"},\"inLanguage\":\"de-CH\",\"potentialAction\":[{\"@type\":\"ReadAction\",\"target\":[\"https:\\\/\\\/ecosupplements.ch\\\/?product=enhanced-zinc-lozenges-peppermint-30-vegetarian-lozenges\"]}]},{\"@type\":\"ImageObject\",\"inLanguage\":\"de-CH\",\"@id\":\"https:\\\/\\\/ecosupplements.ch\\\/?product=enhanced-zinc-lozenges-peppermint-30-vegetarian-lozenges#primaryimage\",\"url\":\"https:\\\/\\\/ecosupplements.ch\\\/wp-content\\\/uploads\\\/2026\\\/05\\\/Enhanced-Zinc-Lozenges-Peppermint-30-vegetarian-lozenges.jpg\",\"contentUrl\":\"https:\\\/\\\/ecosupplements.ch\\\/wp-content\\\/uploads\\\/2026\\\/05\\\/Enhanced-Zinc-Lozenges-Peppermint-30-vegetarian-lozenges.jpg\",\"width\":327,\"height\":592,\"caption\":\"Enhanced Zinc Lozenges\"},{\"@type\":\"BreadcrumbList\",\"@id\":\"https:\\\/\\\/ecosupplements.ch\\\/?product=enhanced-zinc-lozenges-peppermint-30-vegetarian-lozenges#breadcrumb\",\"itemListElement\":[{\"@type\":\"ListItem\",\"position\":1,\"name\":\"Home\",\"item\":\"https:\\\/\\\/ecosupplements.ch\\\/\"},{\"@type\":\"ListItem\",\"position\":2,\"name\":\"Shop\",\"item\":\"https:\\\/\\\/ecosupplements.ch\\\/?page_id=14\"},{\"@type\":\"ListItem\",\"position\":3,\"name\":\"Enhanced Zinc Lozenges, Peppermint &#8211; 30 vegetarian lozenges\"}]},{\"@type\":\"WebSite\",\"@id\":\"https:\\\/\\\/ecosupplements.ch\\\/#website\",\"url\":\"https:\\\/\\\/ecosupplements.ch\\\/\",\"name\":\"Eco Supplements\",\"description\":\"\",\"potentialAction\":[{\"@type\":\"SearchAction\",\"target\":{\"@type\":\"EntryPoint\",\"urlTemplate\":\"https:\\\/\\\/ecosupplements.ch\\\/?s={search_term_string}\"},\"query-input\":{\"@type\":\"PropertyValueSpecification\",\"valueRequired\":true,\"valueName\":\"search_term_string\"}}],\"inLanguage\":\"de-CH\"}]}<\/script>\n<meta property=\"product:price:amount\" content=\"12.74\" \/>\n<meta property=\"product:price:currency\" content=\"CHF\" \/>\n<meta property=\"og:availability\" content=\"out of stock\" \/>\n<meta property=\"product:availability\" content=\"out of stock\" \/>\n<meta property=\"product:retailer_item_id\" content=\"737870196136\" \/>\n<meta property=\"product:condition\" content=\"new\" \/>\n<!-- \/ Yoast SEO plugin. -->","yoast_head_json":{"title":"Enhanced Zinc Lutschtabletten Peppermint \u2013 Life Extension | ecosupplements.ch","description":"18,75 mg Zink pro Lutschtablette zur Unterst\u00fctzung des Immunsystems \u2013 vegetarisch, glutenfrei, 30 St\u00fcck. Jetzt bestellen.","robots":{"index":"index","follow":"follow","max-snippet":"max-snippet:-1","max-image-preview":"max-image-preview:large","max-video-preview":"max-video-preview:-1"},"canonical":"https:\/\/ecosupplements.ch\/?product=enhanced-zinc-lozenges-peppermint-30-vegetarian-lozenges","og_locale":"de_DE","og_type":"article","og_title":"Enhanced Zinc Lutschtabletten Peppermint \u2013 Life Extension | ecosupplements.ch","og_description":"18,75 mg Zink pro Lutschtablette zur Unterst\u00fctzung des Immunsystems \u2013 vegetarisch, glutenfrei, 30 St\u00fcck. Jetzt bestellen.","og_url":"https:\/\/ecosupplements.ch\/?product=enhanced-zinc-lozenges-peppermint-30-vegetarian-lozenges","og_site_name":"Eco Supplements","article_modified_time":"2026-05-13T07:24:46+00:00","og_image":[{"width":327,"height":592,"url":"https:\/\/ecosupplements.ch\/wp-content\/uploads\/2026\/05\/Enhanced-Zinc-Lozenges-Peppermint-30-vegetarian-lozenges.jpg","type":"image\/jpeg"}],"twitter_card":"summary_large_image","twitter_misc":{"Price":"&#67;&#72;&#70;&nbsp;12.74","Availability":"Out of stock"},"schema":{"@context":"https:\/\/schema.org","@graph":[{"@type":"WebPage","@id":"https:\/\/ecosupplements.ch\/?product=enhanced-zinc-lozenges-peppermint-30-vegetarian-lozenges","url":"https:\/\/ecosupplements.ch\/?product=enhanced-zinc-lozenges-peppermint-30-vegetarian-lozenges","name":"Enhanced Zinc Lutschtabletten Peppermint \u2013 Life Extension | ecosupplements.ch","isPartOf":{"@id":"https:\/\/ecosupplements.ch\/#website"},"primaryImageOfPage":{"@id":"https:\/\/ecosupplements.ch\/?product=enhanced-zinc-lozenges-peppermint-30-vegetarian-lozenges#primaryimage"},"image":{"@id":"https:\/\/ecosupplements.ch\/?product=enhanced-zinc-lozenges-peppermint-30-vegetarian-lozenges#primaryimage"},"thumbnailUrl":"https:\/\/ecosupplements.ch\/wp-content\/uploads\/2026\/05\/Enhanced-Zinc-Lozenges-Peppermint-30-vegetarian-lozenges.jpg","datePublished":"2026-05-11T14:33:11+00:00","dateModified":"2026-05-13T07:24:46+00:00","description":"18,75 mg Zink pro Lutschtablette zur Unterst\u00fctzung des Immunsystems \u2013 vegetarisch, glutenfrei, 30 St\u00fcck. Jetzt bestellen.","breadcrumb":{"@id":"https:\/\/ecosupplements.ch\/?product=enhanced-zinc-lozenges-peppermint-30-vegetarian-lozenges#breadcrumb"},"inLanguage":"de-CH","potentialAction":[{"@type":"ReadAction","target":["https:\/\/ecosupplements.ch\/?product=enhanced-zinc-lozenges-peppermint-30-vegetarian-lozenges"]}]},{"@type":"ImageObject","inLanguage":"de-CH","@id":"https:\/\/ecosupplements.ch\/?product=enhanced-zinc-lozenges-peppermint-30-vegetarian-lozenges#primaryimage","url":"https:\/\/ecosupplements.ch\/wp-content\/uploads\/2026\/05\/Enhanced-Zinc-Lozenges-Peppermint-30-vegetarian-lozenges.jpg","contentUrl":"https:\/\/ecosupplements.ch\/wp-content\/uploads\/2026\/05\/Enhanced-Zinc-Lozenges-Peppermint-30-vegetarian-lozenges.jpg","width":327,"height":592,"caption":"Enhanced Zinc Lozenges"},{"@type":"BreadcrumbList","@id":"https:\/\/ecosupplements.ch\/?product=enhanced-zinc-lozenges-peppermint-30-vegetarian-lozenges#breadcrumb","itemListElement":[{"@type":"ListItem","position":1,"name":"Home","item":"https:\/\/ecosupplements.ch\/"},{"@type":"ListItem","position":2,"name":"Shop","item":"https:\/\/ecosupplements.ch\/?page_id=14"},{"@type":"ListItem","position":3,"name":"Enhanced Zinc Lozenges, Peppermint &#8211; 30 vegetarian lozenges"}]},{"@type":"WebSite","@id":"https:\/\/ecosupplements.ch\/#website","url":"https:\/\/ecosupplements.ch\/","name":"Eco Supplements","description":"","potentialAction":[{"@type":"SearchAction","target":{"@type":"EntryPoint","urlTemplate":"https:\/\/ecosupplements.ch\/?s={search_term_string}"},"query-input":{"@type":"PropertyValueSpecification","valueRequired":true,"valueName":"search_term_string"}}],"inLanguage":"de-CH"}]},"product_price_amount":"12.74","product_price_currency":"CHF","og_availability":"out of stock","product_availability":"out of stock","product_retailer_item_id":"737870196136","product_condition":"new"},"_links":{"self":[{"href":"https:\/\/ecosupplements.ch\/index.php?rest_route=\/wp\/v2\/product\/1981","targetHints":{"allow":["GET"]}}],"collection":[{"href":"https:\/\/ecosupplements.ch\/index.php?rest_route=\/wp\/v2\/product"}],"about":[{"href":"https:\/\/ecosupplements.ch\/index.php?rest_route=\/wp\/v2\/types\/product"}],"replies":[{"embeddable":true,"href":"https:\/\/ecosupplements.ch\/index.php?rest_route=%2Fwp%2Fv2%2Fcomments&post=1981"}],"wp:featuredmedia":[{"embeddable":true,"href":"https:\/\/ecosupplements.ch\/index.php?rest_route=\/wp\/v2\/media\/1982"}],"wp:attachment":[{"href":"https:\/\/ecosupplements.ch\/index.php?rest_route=%2Fwp%2Fv2%2Fmedia&parent=1981"}],"wp:term":[{"taxonomy":"product_brand","embeddable":true,"href":"https:\/\/ecosupplements.ch\/index.php?rest_route=%2Fwp%2Fv2%2Fproduct_brand&post=1981"},{"taxonomy":"product_cat","embeddable":true,"href":"https:\/\/ecosupplements.ch\/index.php?rest_route=%2Fwp%2Fv2%2Fproduct_cat&post=1981"},{"taxonomy":"product_tag","embeddable":true,"href":"https:\/\/ecosupplements.ch\/index.php?rest_route=%2Fwp%2Fv2%2Fproduct_tag&post=1981"}],"curies":[{"name":"wp","href":"https:\/\/api.w.org\/{rel}","templated":true}]}}