{"id":1983,"date":"2026-05-11T14:33:12","date_gmt":"2026-05-11T14:33:12","guid":{"rendered":"https:\/\/ecosupplements.ch\/?product=florassist-mood-improve-30-caps"},"modified":"2026-05-13T07:24:46","modified_gmt":"2026-05-13T07:24:46","slug":"florassist-mood-improve-30-caps","status":"publish","type":"product","link":"https:\/\/ecosupplements.ch\/?product=florassist-mood-improve-30-caps","title":{"rendered":"Florassist Mood Improve &#8211; 30 caps"},"content":{"rendered":"<div class=\"chcg-product-description\">\n<h2 class=\"chcg-heading\">\u00dcber Life Extension \u2013 Florassist Mood Improve \u2013 30 Kapseln<\/h2>\n<div class=\"chcg-intro\">\n<p>Florassist Mood Improve von Life Extension ist ein sorgf\u00e4ltig entwickeltes Nahrungserg\u00e4nzungsmittel, das eine einzigartige Kombination aus klinisch erforschten Probiotika und einem standardisierten Safran-Extrakt vereint. Die spezielle Probiotic-Blend enth\u00e4lt die St\u00e4mme Lactobacillus helveticus Rosell-52 und Bifidobacterium longum Rosell-175 \u2013 beide in einem patentierten Mikroverkapselungsverfahren gesch\u00fctzt, um eine optimale Stabilit\u00e4t und Wirksamkeit zu gew\u00e4hrleisten.<\/p>\n<p>Der enthaltene Safran-Extrakt (Crocus sativus) stammt aus den Narben der Pflanze und ist standardisiert auf 2 % Safranal sowie 11 % Crocine \u2013 wertvolle nat\u00fcrliche Verbindungen, die seit Jahrhunderten bekannt sind. In Kombination mit den Probiotika unterst\u00fctzt dieses Pr\u00e4parat das allgemeine Wohlbefinden auf nat\u00fcrliche Weise.<\/p>\n<p>Jede vegetarische Kapsel enth\u00e4lt 3 Milliarden koloniebildende Einheiten (KBE) und 30 mg Safran-Extrakt pro Tagesdosis. Das Produkt ist f\u00fcr Vegetarierinnen und Vegetarier geeignet und glutenfrei.<\/p>\n<\/p><\/div>\n<div class=\"chcg-nutrition\">\n<h3>N\u00e4hrwertangaben<\/h3>\n<table class=\"chcg-nutrition-table\">\n<thead>\n<tr>\n<th>N\u00e4hrstoff<\/th>\n<th>Pro Portion (1 Kapsel)<\/th>\n<\/tr>\n<\/thead>\n<tbody>\n<tr>\n<td>Mood Probiotic Blend (Lactobacillus helveticus Rosell-52 ME, Bifidobacterium longum Rosell-175 ME)<\/td>\n<td>357 mg \/ 3 Milliarden KBE\u2020<\/td>\n<\/tr>\n<tr>\n<td>Safran-Extrakt (Narbe) [std. auf 2 % Safranal; 11 % Crocine]<\/td>\n<td>30 mg<\/td>\n<\/tr>\n<\/tbody>\n<\/table>\n<p class=\"chcg-footnote\">** Kein festgelegter Tagesbedarf.<\/p>\n<p class=\"chcg-footnote\">\u2020 Koloniebildende Einheiten zum Zeitpunkt der Herstellung.<\/p>\n<\/p><\/div>\n<div class=\"chcg-ingredients\">\n<h3>Zutaten<\/h3>\n<p>Mood Probiotic Blend 357 mg (3 Milliarden KBE\u2020) [Lactobacillus helveticus Rosell-52 ME^, Bifidobacterium longum Rosell-175 ME^], Safran-Extrakt (Narbe) [std. auf 2 % Safranal; 11 % Crocine] 30 mg. Weitere Zutaten: Kartoffelst\u00e4rke, Pflanzen\u00f6l-Pulver, mikrokristalline Cellulose, Maltodextrin, pflanzliche Cellulose (Kapsel), pflanzliches Stearat, Ascorbins\u00e4ure. Enth\u00e4lt Milch, Sojabohnen. \u2020Koloniebildende Einheiten zum Zeitpunkt der Herstellung. ^ME steht f\u00fcr den Mikroverkapselungsprozess, der die Probiotika f\u00fcr eine verbesserte Stabilit\u00e4t sch\u00fctzt.<\/p>\n<p class=\"chcg-capsule-shell\">Kapselh\u00fclle: pflanzliche Cellulose<\/p>\n<\/p><\/div>\n<div class=\"chcg-dosage\">\n<h3>Verzehrempfehlung<\/h3>\n<p>T\u00e4glich eine (1) Kapsel einnehmen, mit oder ohne Mahlzeit, oder gem\u00e4ss Empfehlung einer medizinischen Fachperson.<\/p>\n<\/p><\/div>\n<div class=\"chcg-warnings\">\n<h3>Warnhinweise<\/h3>\n<p>AUSSERHALB DER REICHWEITE VON KINDERN AUFBEWAHREN. DIE EMPFOHLENE TAGESDOSIS NICHT \u00dcBERSCHREITEN. Nicht kaufen, wenn das \u00e4ussere Siegel besch\u00e4digt oder gebrochen ist. Bei der Einnahme von Nahrungserg\u00e4nzungsmitteln wird empfohlen, einen Arzt oder eine \u00c4rztin zu konsultieren, wenn Sie sich in medizinischer Behandlung befinden oder wenn Sie schwanger sind oder stillen. Ein Nahrungserg\u00e4nzungsmittel sollte nicht als Ersatz f\u00fcr eine abwechslungsreiche und ausgewogene Ern\u00e4hrung und eine gesunde Lebensweise verwendet werden.<\/p>\n<\/p><\/div>\n<div class=\"chcg-allergens\">\n<h3>Allergeninformationen<\/h3>\n<p>Enth\u00e4lt Milch und Sojabohnen.<\/p>\n<\/p><\/div>\n<div class=\"chcg-storage\">\n<h3>Lagerung<\/h3>\n<p>Fest verschlossen an einem k\u00fchlen, trockenen Ort aufbewahren.<\/p>\n<\/p><\/div>\n<div class=\"chcg-dietary\">\n<h3>Ern\u00e4hrungshinweise<\/h3>\n<ul>\n<li>Vegetarisch<\/li>\n<li>Glutenfrei<\/li>\n<\/ul><\/div>\n<\/div>\n","protected":false},"excerpt":{"rendered":"<p>Florassist Mood Improve von Life Extension kombiniert Probiotika (Lactobacillus helveticus &amp; Bifidobacterium longum) mit Safran-Extrakt zur Unterst\u00fctzung des allgemeinen Wohlbefindens. 30 vegetarische Kapseln pro Packung, glutenfrei.<\/p>\n","protected":false},"featured_media":1984,"comment_status":"closed","ping_status":"open","template":"","meta":[],"product_brand":[202],"product_cat":[48,25,26,137,21],"product_tag":[],"class_list":{"0":"post-1983","1":"product","2":"type-product","3":"status-publish","4":"has-post-thumbnail","6":"product_brand-life-extension","7":"product_cat-gesunde-ernaehrung","8":"product_cat-gesundheit-und-wohlbefinden","9":"product_cat-multivitamine","10":"product_cat-forbedring-af-humoret","11":"product_cat-vitamine-und-mineralstoffe","13":"first","14":"outofstock","15":"taxable","16":"shipping-taxable","17":"purchasable","18":"product-type-simple"},"yoast_head":"<!-- This site is optimized with the Yoast SEO plugin v27.5 - https:\/\/yoast.com\/product\/yoast-seo-wordpress\/ -->\n<title>Florassist Mood Improve 30 Kapseln \u2013 Life Extension | ecosupplements.ch<\/title>\n<meta name=\"description\" content=\"Florassist Mood Improve vereint Probiotika und Safran-Extrakt zur Unterst\u00fctzung des Wohlbefindens \u2013 30 vegetarische Kapseln, glutenfrei. Jetzt bestellen.\" \/>\n<meta name=\"robots\" content=\"index, follow, max-snippet:-1, max-image-preview:large, max-video-preview:-1\" \/>\n<link rel=\"canonical\" href=\"https:\/\/ecosupplements.ch\/?product=florassist-mood-improve-30-caps\" \/>\n<meta property=\"og:locale\" content=\"de_DE\" \/>\n<meta property=\"og:type\" content=\"article\" \/>\n<meta property=\"og:title\" content=\"Florassist Mood Improve 30 Kapseln \u2013 Life Extension | ecosupplements.ch\" \/>\n<meta property=\"og:description\" content=\"Florassist Mood Improve vereint Probiotika und Safran-Extrakt zur Unterst\u00fctzung des Wohlbefindens \u2013 30 vegetarische Kapseln, glutenfrei. Jetzt bestellen.\" \/>\n<meta property=\"og:url\" content=\"https:\/\/ecosupplements.ch\/?product=florassist-mood-improve-30-caps\" \/>\n<meta property=\"og:site_name\" content=\"Eco Supplements\" \/>\n<meta property=\"article:modified_time\" content=\"2026-05-13T07:24:46+00:00\" \/>\n<meta property=\"og:image\" content=\"https:\/\/ecosupplements.ch\/wp-content\/uploads\/2026\/05\/Florassist-Mood-Improve-30-caps.jpg\" \/>\n\t<meta property=\"og:image:width\" content=\"511\" \/>\n\t<meta property=\"og:image:height\" content=\"713\" \/>\n\t<meta property=\"og:image:type\" content=\"image\/jpeg\" \/>\n<meta name=\"twitter:card\" content=\"summary_large_image\" \/>\n<meta name=\"twitter:label1\" content=\"Price\" \/>\n\t<meta name=\"twitter:data1\" content=\"&#067;&#072;&#070;&nbsp;32.22\" \/>\n\t<meta name=\"twitter:label2\" content=\"Availability\" \/>\n\t<meta name=\"twitter:data2\" content=\"Out of stock\" \/>\n<script type=\"application\/ld+json\" class=\"yoast-schema-graph\">{\"@context\":\"https:\\\/\\\/schema.org\",\"@graph\":[{\"@type\":\"WebPage\",\"@id\":\"https:\\\/\\\/ecosupplements.ch\\\/?product=florassist-mood-improve-30-caps\",\"url\":\"https:\\\/\\\/ecosupplements.ch\\\/?product=florassist-mood-improve-30-caps\",\"name\":\"Florassist Mood Improve 30 Kapseln \u2013 Life Extension | ecosupplements.ch\",\"isPartOf\":{\"@id\":\"https:\\\/\\\/ecosupplements.ch\\\/#website\"},\"primaryImageOfPage\":{\"@id\":\"https:\\\/\\\/ecosupplements.ch\\\/?product=florassist-mood-improve-30-caps#primaryimage\"},\"image\":{\"@id\":\"https:\\\/\\\/ecosupplements.ch\\\/?product=florassist-mood-improve-30-caps#primaryimage\"},\"thumbnailUrl\":\"https:\\\/\\\/ecosupplements.ch\\\/wp-content\\\/uploads\\\/2026\\\/05\\\/Florassist-Mood-Improve-30-caps.jpg\",\"datePublished\":\"2026-05-11T14:33:12+00:00\",\"dateModified\":\"2026-05-13T07:24:46+00:00\",\"description\":\"Florassist Mood Improve vereint Probiotika und Safran-Extrakt zur Unterst\u00fctzung des Wohlbefindens \u2013 30 vegetarische Kapseln, glutenfrei. Jetzt bestellen.\",\"breadcrumb\":{\"@id\":\"https:\\\/\\\/ecosupplements.ch\\\/?product=florassist-mood-improve-30-caps#breadcrumb\"},\"inLanguage\":\"de-CH\",\"potentialAction\":[{\"@type\":\"ReadAction\",\"target\":[\"https:\\\/\\\/ecosupplements.ch\\\/?product=florassist-mood-improve-30-caps\"]}]},{\"@type\":\"ImageObject\",\"inLanguage\":\"de-CH\",\"@id\":\"https:\\\/\\\/ecosupplements.ch\\\/?product=florassist-mood-improve-30-caps#primaryimage\",\"url\":\"https:\\\/\\\/ecosupplements.ch\\\/wp-content\\\/uploads\\\/2026\\\/05\\\/Florassist-Mood-Improve-30-caps.jpg\",\"contentUrl\":\"https:\\\/\\\/ecosupplements.ch\\\/wp-content\\\/uploads\\\/2026\\\/05\\\/Florassist-Mood-Improve-30-caps.jpg\",\"width\":511,\"height\":713,\"caption\":\"Florassist Mood Improve - 30 caps\"},{\"@type\":\"BreadcrumbList\",\"@id\":\"https:\\\/\\\/ecosupplements.ch\\\/?product=florassist-mood-improve-30-caps#breadcrumb\",\"itemListElement\":[{\"@type\":\"ListItem\",\"position\":1,\"name\":\"Home\",\"item\":\"https:\\\/\\\/ecosupplements.ch\\\/\"},{\"@type\":\"ListItem\",\"position\":2,\"name\":\"Shop\",\"item\":\"https:\\\/\\\/ecosupplements.ch\\\/?page_id=14\"},{\"@type\":\"ListItem\",\"position\":3,\"name\":\"Florassist Mood Improve &#8211; 30 caps\"}]},{\"@type\":\"WebSite\",\"@id\":\"https:\\\/\\\/ecosupplements.ch\\\/#website\",\"url\":\"https:\\\/\\\/ecosupplements.ch\\\/\",\"name\":\"Eco Supplements\",\"description\":\"\",\"potentialAction\":[{\"@type\":\"SearchAction\",\"target\":{\"@type\":\"EntryPoint\",\"urlTemplate\":\"https:\\\/\\\/ecosupplements.ch\\\/?s={search_term_string}\"},\"query-input\":{\"@type\":\"PropertyValueSpecification\",\"valueRequired\":true,\"valueName\":\"search_term_string\"}}],\"inLanguage\":\"de-CH\"}]}<\/script>\n<meta property=\"product:price:amount\" content=\"32.22\" \/>\n<meta property=\"product:price:currency\" content=\"CHF\" \/>\n<meta property=\"og:availability\" content=\"out of stock\" \/>\n<meta property=\"product:availability\" content=\"out of stock\" \/>\n<meta property=\"product:retailer_item_id\" content=\"737870225034\" \/>\n<meta property=\"product:condition\" content=\"new\" \/>\n<!-- \/ Yoast SEO plugin. -->","yoast_head_json":{"title":"Florassist Mood Improve 30 Kapseln \u2013 Life Extension | ecosupplements.ch","description":"Florassist Mood Improve vereint Probiotika und Safran-Extrakt zur Unterst\u00fctzung des Wohlbefindens \u2013 30 vegetarische Kapseln, glutenfrei. Jetzt bestellen.","robots":{"index":"index","follow":"follow","max-snippet":"max-snippet:-1","max-image-preview":"max-image-preview:large","max-video-preview":"max-video-preview:-1"},"canonical":"https:\/\/ecosupplements.ch\/?product=florassist-mood-improve-30-caps","og_locale":"de_DE","og_type":"article","og_title":"Florassist Mood Improve 30 Kapseln \u2013 Life Extension | ecosupplements.ch","og_description":"Florassist Mood Improve vereint Probiotika und Safran-Extrakt zur Unterst\u00fctzung des Wohlbefindens \u2013 30 vegetarische Kapseln, glutenfrei. Jetzt bestellen.","og_url":"https:\/\/ecosupplements.ch\/?product=florassist-mood-improve-30-caps","og_site_name":"Eco Supplements","article_modified_time":"2026-05-13T07:24:46+00:00","og_image":[{"width":511,"height":713,"url":"https:\/\/ecosupplements.ch\/wp-content\/uploads\/2026\/05\/Florassist-Mood-Improve-30-caps.jpg","type":"image\/jpeg"}],"twitter_card":"summary_large_image","twitter_misc":{"Price":"&#67;&#72;&#70;&nbsp;32.22","Availability":"Out of stock"},"schema":{"@context":"https:\/\/schema.org","@graph":[{"@type":"WebPage","@id":"https:\/\/ecosupplements.ch\/?product=florassist-mood-improve-30-caps","url":"https:\/\/ecosupplements.ch\/?product=florassist-mood-improve-30-caps","name":"Florassist Mood Improve 30 Kapseln \u2013 Life Extension | ecosupplements.ch","isPartOf":{"@id":"https:\/\/ecosupplements.ch\/#website"},"primaryImageOfPage":{"@id":"https:\/\/ecosupplements.ch\/?product=florassist-mood-improve-30-caps#primaryimage"},"image":{"@id":"https:\/\/ecosupplements.ch\/?product=florassist-mood-improve-30-caps#primaryimage"},"thumbnailUrl":"https:\/\/ecosupplements.ch\/wp-content\/uploads\/2026\/05\/Florassist-Mood-Improve-30-caps.jpg","datePublished":"2026-05-11T14:33:12+00:00","dateModified":"2026-05-13T07:24:46+00:00","description":"Florassist Mood Improve vereint Probiotika und Safran-Extrakt zur Unterst\u00fctzung des Wohlbefindens \u2013 30 vegetarische Kapseln, glutenfrei. Jetzt bestellen.","breadcrumb":{"@id":"https:\/\/ecosupplements.ch\/?product=florassist-mood-improve-30-caps#breadcrumb"},"inLanguage":"de-CH","potentialAction":[{"@type":"ReadAction","target":["https:\/\/ecosupplements.ch\/?product=florassist-mood-improve-30-caps"]}]},{"@type":"ImageObject","inLanguage":"de-CH","@id":"https:\/\/ecosupplements.ch\/?product=florassist-mood-improve-30-caps#primaryimage","url":"https:\/\/ecosupplements.ch\/wp-content\/uploads\/2026\/05\/Florassist-Mood-Improve-30-caps.jpg","contentUrl":"https:\/\/ecosupplements.ch\/wp-content\/uploads\/2026\/05\/Florassist-Mood-Improve-30-caps.jpg","width":511,"height":713,"caption":"Florassist Mood Improve - 30 caps"},{"@type":"BreadcrumbList","@id":"https:\/\/ecosupplements.ch\/?product=florassist-mood-improve-30-caps#breadcrumb","itemListElement":[{"@type":"ListItem","position":1,"name":"Home","item":"https:\/\/ecosupplements.ch\/"},{"@type":"ListItem","position":2,"name":"Shop","item":"https:\/\/ecosupplements.ch\/?page_id=14"},{"@type":"ListItem","position":3,"name":"Florassist Mood Improve &#8211; 30 caps"}]},{"@type":"WebSite","@id":"https:\/\/ecosupplements.ch\/#website","url":"https:\/\/ecosupplements.ch\/","name":"Eco Supplements","description":"","potentialAction":[{"@type":"SearchAction","target":{"@type":"EntryPoint","urlTemplate":"https:\/\/ecosupplements.ch\/?s={search_term_string}"},"query-input":{"@type":"PropertyValueSpecification","valueRequired":true,"valueName":"search_term_string"}}],"inLanguage":"de-CH"}]},"product_price_amount":"32.22","product_price_currency":"CHF","og_availability":"out of stock","product_availability":"out of stock","product_retailer_item_id":"737870225034","product_condition":"new"},"_links":{"self":[{"href":"https:\/\/ecosupplements.ch\/index.php?rest_route=\/wp\/v2\/product\/1983","targetHints":{"allow":["GET"]}}],"collection":[{"href":"https:\/\/ecosupplements.ch\/index.php?rest_route=\/wp\/v2\/product"}],"about":[{"href":"https:\/\/ecosupplements.ch\/index.php?rest_route=\/wp\/v2\/types\/product"}],"replies":[{"embeddable":true,"href":"https:\/\/ecosupplements.ch\/index.php?rest_route=%2Fwp%2Fv2%2Fcomments&post=1983"}],"wp:featuredmedia":[{"embeddable":true,"href":"https:\/\/ecosupplements.ch\/index.php?rest_route=\/wp\/v2\/media\/1984"}],"wp:attachment":[{"href":"https:\/\/ecosupplements.ch\/index.php?rest_route=%2Fwp%2Fv2%2Fmedia&parent=1983"}],"wp:term":[{"taxonomy":"product_brand","embeddable":true,"href":"https:\/\/ecosupplements.ch\/index.php?rest_route=%2Fwp%2Fv2%2Fproduct_brand&post=1983"},{"taxonomy":"product_cat","embeddable":true,"href":"https:\/\/ecosupplements.ch\/index.php?rest_route=%2Fwp%2Fv2%2Fproduct_cat&post=1983"},{"taxonomy":"product_tag","embeddable":true,"href":"https:\/\/ecosupplements.ch\/index.php?rest_route=%2Fwp%2Fv2%2Fproduct_tag&post=1983"}],"curies":[{"name":"wp","href":"https:\/\/api.w.org\/{rel}","templated":true}]}}