{"id":2003,"date":"2026-05-11T14:33:20","date_gmt":"2026-05-11T14:33:20","guid":{"rendered":"https:\/\/ecosupplements.ch\/?product=vitamin-b6-250mg-100-vcaps"},"modified":"2026-05-13T07:22:47","modified_gmt":"2026-05-13T07:22:47","slug":"vitamin-b6-250mg-100-vcaps","status":"publish","type":"product","link":"https:\/\/ecosupplements.ch\/?product=vitamin-b6-250mg-100-vcaps","title":{"rendered":"Vitamin B6, 250mg &#8211; 100 vcaps"},"content":{"rendered":"<div class=\"chcg-product-description\">\n<h2 class=\"chcg-heading\">\u00dcber Life Extension \u2013 Vitamin B6, 250mg \u2013 100 Kapseln<\/h2>\n<div class=\"chcg-intro\">\n<p>Vitamin B6 ist ein wasserl\u00f6sliches Vitamin, das eine zentrale Rolle im menschlichen Stoffwechsel spielt. Es tr\u00e4gt zur normalen Funktion des Nervensystems, zur Verringerung von M\u00fcdigkeit und Ersch\u00f6pfung sowie zur Regulierung der Hormont\u00e4tigkeit bei. Zudem unterst\u00fctzt Vitamin B6 den normalen Protein- und Glykogenstoffwechsel und tr\u00e4gt zur normalen psychischen Funktion bei.<\/p>\n<p>Life Extension Vitamin B6 liefert 250 mg Pyridoxinhydrochlorid pro vegetarischer Kapsel \u2013 eine hochdosierte Formulierung f\u00fcr Personen mit einem erh\u00f6hten Bedarf. Das Produkt ist frei von tierischen Inhaltsstoffen und eignet sich f\u00fcr vegetarische Ern\u00e4hrungsweisen.<\/p>\n<p>Mit 100 vegetarischen Kapseln pro Packung bietet dieses Produkt einen langfristigen Vorrat bei t\u00e4glicher Einnahme. Life Extension steht seit Jahrzehnten f\u00fcr wissenschaftlich fundierte Nahrungserg\u00e4nzungsmittel in hoher Qualit\u00e4t.<\/p>\n<\/p><\/div>\n<div class=\"chcg-nutrition\">\n<h3>N\u00e4hrwertangaben<\/h3>\n<table class=\"chcg-nutrition-table\">\n<thead>\n<tr>\n<th>N\u00e4hrstoff<\/th>\n<th>Pro Portion (1 Kapsel)<\/th>\n<\/tr>\n<\/thead>\n<tbody>\n<tr>\n<td>Vitamin B6 (als Pyridoxin-HCl)<\/td>\n<td>250 mg (17&#8217;857% NRV)<\/td>\n<\/tr>\n<\/tbody>\n<\/table>\n<p class=\"chcg-footnote\">NRV = N\u00e4hrstoffbezugswert gem\u00e4ss EU-Verordnung Nr. 1169\/2011.<\/p>\n<\/p><\/div>\n<div class=\"chcg-ingredients\">\n<h3>Zutaten<\/h3>\n<p>Vitamin B6 (als Pyridoxin-HCl) 250 mg. Weitere Zutaten: Pflanzliche Zellulose (Kapsel), mikrokristalline Zellulose, pflanzliches Stearat, Siliziumdioxid.<\/p>\n<p class=\"chcg-capsule-shell\">Kapselh\u00fclle: Pflanzliche Zellulose<\/p>\n<\/p><\/div>\n<div class=\"chcg-dosage\">\n<h3>Verzehrempfehlung<\/h3>\n<p>T\u00e4glich eine (1) Kapsel zu einer Mahlzeit einnehmen oder gem\u00e4ss Empfehlung einer Fachperson f\u00fcr Gesundheit.<\/p>\n<\/p><\/div>\n<div class=\"chcg-warnings\">\n<h3>Warnhinweise<\/h3>\n<p>Einige Personen haben \u00fcber vor\u00fcbergehende Symptome einer peripheren Neuropathie berichtet (Kribbeln, Taubheitsgef\u00fchl, verminderte Ber\u00fchrungs- oder Gleichgewichtsempfindung), wenn Vitamin B6 in Dosen \u00fcber 300 mg t\u00e4glich eingenommen wurde, insbesondere wenn der N\u00e4hrstoff ohne andere B-Komplex-Vitamine eingenommen wurde. Dieses Vitamin sollte nicht ohne gleichzeitige Einnahme gleichwertiger Dosen anderer B-Komplex-Vitamine eingenommen werden. Konsultieren Sie Ihren Arzt bzw. Ihre \u00c4rztin, bevor Sie dieses Vitamin einnehmen, wenn Sie Levodopa (L-Dopa) einnehmen. Ausserhalb der Reichweite von Kindern aufbewahren. Die empfohlene Dosierung nicht \u00fcberschreiten. Nicht kaufen, wenn das \u00e4ussere Siegel gebrochen oder besch\u00e4digt ist. Bei der Einnahme von Nahrungserg\u00e4nzungsmitteln konsultieren Sie bitte Ihren Arzt bzw. Ihre \u00c4rztin, wenn Sie sich in medizinischer Behandlung befinden oder wenn Sie schwanger sind oder stillen.<\/p>\n<\/p><\/div>\n<div class=\"chcg-allergens\">\n<h3>Allergeninformationen<\/h3>\n<p>Auf dem aktuellen Etikett ist kein Allergenhinweis angegeben. Eine \u00e4ltere Formel trug den Hinweis: Enth\u00e4lt keine Milch, Eier, Fisch, Erdn\u00fcsse, Krustentiere, Sojabohnen, Schalenfr\u00fcchte, Weizen, Hefe, Gluten oder Mais.<\/p>\n<\/p><\/div>\n<div class=\"chcg-storage\">\n<h3>Lagerung<\/h3>\n<p>Fest verschlossen an einem k\u00fchlen, trockenen Ort aufbewahren.<\/p>\n<\/p><\/div>\n<div class=\"chcg-dietary\">\n<h3>Ern\u00e4hrungshinweise<\/h3>\n<ul>\n<li>Vegetarisch<\/li>\n<li>Glutenfrei<\/li>\n<li>Laktosefrei<\/li>\n<\/ul><\/div>\n<\/div>\n","protected":false},"excerpt":{"rendered":"<p>Vitamin B6 von Life Extension liefert 250 mg Pyridoxin-HCl pro vegetarischer Kapsel zur Unterst\u00fctzung des Nervensystems und des Energiestoffwechsels. Packung mit 100 Kapseln f\u00fcr einen langfristigen Vorrat. Glutenfrei und vegetarisch.<\/p>\n","protected":false},"featured_media":2004,"comment_status":"closed","ping_status":"open","template":"","meta":[],"product_brand":[202],"product_cat":[122,27,48,25,28,171,21],"product_tag":[],"class_list":{"0":"post-2003","1":"product","2":"type-product","3":"status-publish","4":"has-post-thumbnail","6":"product_brand-life-extension","7":"product_cat-b6","8":"product_cat-einige-vitamine","9":"product_cat-gesunde-ernaehrung","10":"product_cat-gesundheit-und-wohlbefinden","11":"product_cat-vitamin-b","12":"product_cat-vitamine-und-mineralien","13":"product_cat-vitamine-und-mineralstoffe","15":"first","16":"outofstock","17":"taxable","18":"shipping-taxable","19":"purchasable","20":"product-type-simple"},"yoast_head":"<!-- This site is optimized with the Yoast SEO plugin v27.5 - https:\/\/yoast.com\/product\/yoast-seo-wordpress\/ -->\n<title>Vitamin B6 250mg \u2013 Life Extension | ecosupplements.ch<\/title>\n<meta name=\"description\" content=\"Vitamin B6 250mg von Life Extension \u2013 100 vegetarische Kapseln zur Unterst\u00fctzung von Nervensystem und Stoffwechsel. Jetzt bestellen.\" \/>\n<meta name=\"robots\" content=\"index, follow, max-snippet:-1, max-image-preview:large, max-video-preview:-1\" \/>\n<link rel=\"canonical\" href=\"https:\/\/ecosupplements.ch\/?product=vitamin-b6-250mg-100-vcaps\" \/>\n<meta property=\"og:locale\" content=\"de_DE\" \/>\n<meta property=\"og:type\" content=\"article\" \/>\n<meta property=\"og:title\" content=\"Vitamin B6 250mg \u2013 Life Extension | ecosupplements.ch\" \/>\n<meta property=\"og:description\" content=\"Vitamin B6 250mg von Life Extension \u2013 100 vegetarische Kapseln zur Unterst\u00fctzung von Nervensystem und Stoffwechsel. Jetzt bestellen.\" \/>\n<meta property=\"og:url\" content=\"https:\/\/ecosupplements.ch\/?product=vitamin-b6-250mg-100-vcaps\" \/>\n<meta property=\"og:site_name\" content=\"Eco Supplements\" \/>\n<meta property=\"article:modified_time\" content=\"2026-05-13T07:22:47+00:00\" \/>\n<meta property=\"og:image\" content=\"https:\/\/ecosupplements.ch\/wp-content\/uploads\/2026\/05\/Vitamin-B6-250mg-100-vcaps.jpg\" \/>\n\t<meta property=\"og:image:width\" content=\"600\" \/>\n\t<meta property=\"og:image:height\" content=\"600\" \/>\n\t<meta property=\"og:image:type\" content=\"image\/jpeg\" \/>\n<meta name=\"twitter:card\" content=\"summary_large_image\" \/>\n<meta name=\"twitter:label1\" content=\"Price\" \/>\n\t<meta name=\"twitter:data1\" content=\"&#067;&#072;&#070;&nbsp;13.78\" \/>\n\t<meta name=\"twitter:label2\" content=\"Availability\" \/>\n\t<meta name=\"twitter:data2\" content=\"Out of stock\" \/>\n<script type=\"application\/ld+json\" class=\"yoast-schema-graph\">{\"@context\":\"https:\\\/\\\/schema.org\",\"@graph\":[{\"@type\":\"WebPage\",\"@id\":\"https:\\\/\\\/ecosupplements.ch\\\/?product=vitamin-b6-250mg-100-vcaps\",\"url\":\"https:\\\/\\\/ecosupplements.ch\\\/?product=vitamin-b6-250mg-100-vcaps\",\"name\":\"Vitamin B6 250mg \u2013 Life Extension | ecosupplements.ch\",\"isPartOf\":{\"@id\":\"https:\\\/\\\/ecosupplements.ch\\\/#website\"},\"primaryImageOfPage\":{\"@id\":\"https:\\\/\\\/ecosupplements.ch\\\/?product=vitamin-b6-250mg-100-vcaps#primaryimage\"},\"image\":{\"@id\":\"https:\\\/\\\/ecosupplements.ch\\\/?product=vitamin-b6-250mg-100-vcaps#primaryimage\"},\"thumbnailUrl\":\"https:\\\/\\\/ecosupplements.ch\\\/wp-content\\\/uploads\\\/2026\\\/05\\\/Vitamin-B6-250mg-100-vcaps.jpg\",\"datePublished\":\"2026-05-11T14:33:20+00:00\",\"dateModified\":\"2026-05-13T07:22:47+00:00\",\"description\":\"Vitamin B6 250mg von Life Extension \u2013 100 vegetarische Kapseln zur Unterst\u00fctzung von Nervensystem und Stoffwechsel. Jetzt bestellen.\",\"breadcrumb\":{\"@id\":\"https:\\\/\\\/ecosupplements.ch\\\/?product=vitamin-b6-250mg-100-vcaps#breadcrumb\"},\"inLanguage\":\"de-CH\",\"potentialAction\":[{\"@type\":\"ReadAction\",\"target\":[\"https:\\\/\\\/ecosupplements.ch\\\/?product=vitamin-b6-250mg-100-vcaps\"]}]},{\"@type\":\"ImageObject\",\"inLanguage\":\"de-CH\",\"@id\":\"https:\\\/\\\/ecosupplements.ch\\\/?product=vitamin-b6-250mg-100-vcaps#primaryimage\",\"url\":\"https:\\\/\\\/ecosupplements.ch\\\/wp-content\\\/uploads\\\/2026\\\/05\\\/Vitamin-B6-250mg-100-vcaps.jpg\",\"contentUrl\":\"https:\\\/\\\/ecosupplements.ch\\\/wp-content\\\/uploads\\\/2026\\\/05\\\/Vitamin-B6-250mg-100-vcaps.jpg\",\"width\":600,\"height\":600,\"caption\":\"Vitamin B6\"},{\"@type\":\"BreadcrumbList\",\"@id\":\"https:\\\/\\\/ecosupplements.ch\\\/?product=vitamin-b6-250mg-100-vcaps#breadcrumb\",\"itemListElement\":[{\"@type\":\"ListItem\",\"position\":1,\"name\":\"Home\",\"item\":\"https:\\\/\\\/ecosupplements.ch\\\/\"},{\"@type\":\"ListItem\",\"position\":2,\"name\":\"Shop\",\"item\":\"https:\\\/\\\/ecosupplements.ch\\\/?page_id=14\"},{\"@type\":\"ListItem\",\"position\":3,\"name\":\"Vitamin B6, 250mg &#8211; 100 vcaps\"}]},{\"@type\":\"WebSite\",\"@id\":\"https:\\\/\\\/ecosupplements.ch\\\/#website\",\"url\":\"https:\\\/\\\/ecosupplements.ch\\\/\",\"name\":\"Eco Supplements\",\"description\":\"\",\"potentialAction\":[{\"@type\":\"SearchAction\",\"target\":{\"@type\":\"EntryPoint\",\"urlTemplate\":\"https:\\\/\\\/ecosupplements.ch\\\/?s={search_term_string}\"},\"query-input\":{\"@type\":\"PropertyValueSpecification\",\"valueRequired\":true,\"valueName\":\"search_term_string\"}}],\"inLanguage\":\"de-CH\"}]}<\/script>\n<meta property=\"product:price:amount\" content=\"13.78\" \/>\n<meta property=\"product:price:currency\" content=\"CHF\" \/>\n<meta property=\"og:availability\" content=\"out of stock\" \/>\n<meta property=\"product:availability\" content=\"out of stock\" \/>\n<meta property=\"product:retailer_item_id\" content=\"737870153511\" \/>\n<meta property=\"product:condition\" content=\"new\" \/>\n<!-- \/ Yoast SEO plugin. -->","yoast_head_json":{"title":"Vitamin B6 250mg \u2013 Life Extension | ecosupplements.ch","description":"Vitamin B6 250mg von Life Extension \u2013 100 vegetarische Kapseln zur Unterst\u00fctzung von Nervensystem und Stoffwechsel. Jetzt bestellen.","robots":{"index":"index","follow":"follow","max-snippet":"max-snippet:-1","max-image-preview":"max-image-preview:large","max-video-preview":"max-video-preview:-1"},"canonical":"https:\/\/ecosupplements.ch\/?product=vitamin-b6-250mg-100-vcaps","og_locale":"de_DE","og_type":"article","og_title":"Vitamin B6 250mg \u2013 Life Extension | ecosupplements.ch","og_description":"Vitamin B6 250mg von Life Extension \u2013 100 vegetarische Kapseln zur Unterst\u00fctzung von Nervensystem und Stoffwechsel. Jetzt bestellen.","og_url":"https:\/\/ecosupplements.ch\/?product=vitamin-b6-250mg-100-vcaps","og_site_name":"Eco Supplements","article_modified_time":"2026-05-13T07:22:47+00:00","og_image":[{"width":600,"height":600,"url":"https:\/\/ecosupplements.ch\/wp-content\/uploads\/2026\/05\/Vitamin-B6-250mg-100-vcaps.jpg","type":"image\/jpeg"}],"twitter_card":"summary_large_image","twitter_misc":{"Price":"&#67;&#72;&#70;&nbsp;13.78","Availability":"Out of stock"},"schema":{"@context":"https:\/\/schema.org","@graph":[{"@type":"WebPage","@id":"https:\/\/ecosupplements.ch\/?product=vitamin-b6-250mg-100-vcaps","url":"https:\/\/ecosupplements.ch\/?product=vitamin-b6-250mg-100-vcaps","name":"Vitamin B6 250mg \u2013 Life Extension | ecosupplements.ch","isPartOf":{"@id":"https:\/\/ecosupplements.ch\/#website"},"primaryImageOfPage":{"@id":"https:\/\/ecosupplements.ch\/?product=vitamin-b6-250mg-100-vcaps#primaryimage"},"image":{"@id":"https:\/\/ecosupplements.ch\/?product=vitamin-b6-250mg-100-vcaps#primaryimage"},"thumbnailUrl":"https:\/\/ecosupplements.ch\/wp-content\/uploads\/2026\/05\/Vitamin-B6-250mg-100-vcaps.jpg","datePublished":"2026-05-11T14:33:20+00:00","dateModified":"2026-05-13T07:22:47+00:00","description":"Vitamin B6 250mg von Life Extension \u2013 100 vegetarische Kapseln zur Unterst\u00fctzung von Nervensystem und Stoffwechsel. Jetzt bestellen.","breadcrumb":{"@id":"https:\/\/ecosupplements.ch\/?product=vitamin-b6-250mg-100-vcaps#breadcrumb"},"inLanguage":"de-CH","potentialAction":[{"@type":"ReadAction","target":["https:\/\/ecosupplements.ch\/?product=vitamin-b6-250mg-100-vcaps"]}]},{"@type":"ImageObject","inLanguage":"de-CH","@id":"https:\/\/ecosupplements.ch\/?product=vitamin-b6-250mg-100-vcaps#primaryimage","url":"https:\/\/ecosupplements.ch\/wp-content\/uploads\/2026\/05\/Vitamin-B6-250mg-100-vcaps.jpg","contentUrl":"https:\/\/ecosupplements.ch\/wp-content\/uploads\/2026\/05\/Vitamin-B6-250mg-100-vcaps.jpg","width":600,"height":600,"caption":"Vitamin B6"},{"@type":"BreadcrumbList","@id":"https:\/\/ecosupplements.ch\/?product=vitamin-b6-250mg-100-vcaps#breadcrumb","itemListElement":[{"@type":"ListItem","position":1,"name":"Home","item":"https:\/\/ecosupplements.ch\/"},{"@type":"ListItem","position":2,"name":"Shop","item":"https:\/\/ecosupplements.ch\/?page_id=14"},{"@type":"ListItem","position":3,"name":"Vitamin B6, 250mg &#8211; 100 vcaps"}]},{"@type":"WebSite","@id":"https:\/\/ecosupplements.ch\/#website","url":"https:\/\/ecosupplements.ch\/","name":"Eco Supplements","description":"","potentialAction":[{"@type":"SearchAction","target":{"@type":"EntryPoint","urlTemplate":"https:\/\/ecosupplements.ch\/?s={search_term_string}"},"query-input":{"@type":"PropertyValueSpecification","valueRequired":true,"valueName":"search_term_string"}}],"inLanguage":"de-CH"}]},"product_price_amount":"13.78","product_price_currency":"CHF","og_availability":"out of stock","product_availability":"out of stock","product_retailer_item_id":"737870153511","product_condition":"new"},"_links":{"self":[{"href":"https:\/\/ecosupplements.ch\/index.php?rest_route=\/wp\/v2\/product\/2003","targetHints":{"allow":["GET"]}}],"collection":[{"href":"https:\/\/ecosupplements.ch\/index.php?rest_route=\/wp\/v2\/product"}],"about":[{"href":"https:\/\/ecosupplements.ch\/index.php?rest_route=\/wp\/v2\/types\/product"}],"replies":[{"embeddable":true,"href":"https:\/\/ecosupplements.ch\/index.php?rest_route=%2Fwp%2Fv2%2Fcomments&post=2003"}],"wp:featuredmedia":[{"embeddable":true,"href":"https:\/\/ecosupplements.ch\/index.php?rest_route=\/wp\/v2\/media\/2004"}],"wp:attachment":[{"href":"https:\/\/ecosupplements.ch\/index.php?rest_route=%2Fwp%2Fv2%2Fmedia&parent=2003"}],"wp:term":[{"taxonomy":"product_brand","embeddable":true,"href":"https:\/\/ecosupplements.ch\/index.php?rest_route=%2Fwp%2Fv2%2Fproduct_brand&post=2003"},{"taxonomy":"product_cat","embeddable":true,"href":"https:\/\/ecosupplements.ch\/index.php?rest_route=%2Fwp%2Fv2%2Fproduct_cat&post=2003"},{"taxonomy":"product_tag","embeddable":true,"href":"https:\/\/ecosupplements.ch\/index.php?rest_route=%2Fwp%2Fv2%2Fproduct_tag&post=2003"}],"curies":[{"name":"wp","href":"https:\/\/api.w.org\/{rel}","templated":true}]}}