{"id":2013,"date":"2026-05-11T14:33:24","date_gmt":"2026-05-11T14:33:24","guid":{"rendered":"https:\/\/ecosupplements.ch\/?product=multi-60-caplets"},"modified":"2026-05-12T17:11:44","modified_gmt":"2026-05-12T17:11:44","slug":"multi-60-caplets","status":"publish","type":"product","link":"https:\/\/ecosupplements.ch\/?product=multi-60-caplets","title":{"rendered":"Multi &#8211; 60 caplets"},"content":{"rendered":"<div class=\"chcg-product-description\">\n<h2 class=\"chcg-heading\">\u00dcber Mutant \u2013 Multi \u2013 60 Caplets<\/h2>\n<div class=\"chcg-intro\">\n<p>Das Mutant Multi ist ein umfassendes Multivitamin-Mineralstoff-Pr\u00e4parat, das speziell f\u00fcr aktive Erwachsene entwickelt wurde. Mit 2 Caplets pro Tag liefert es eine breite Palette an essenziellen Vitaminen und Mineralstoffen \u2013 von Vitamin A, C, D und E bis hin zu allen B-Vitaminen sowie wichtigen Spurenelementen wie Zink, Selen, Chrom und Molybd\u00e4n. Die sorgf\u00e4ltig ausgew\u00e4hlten Formen der einzelnen N\u00e4hrstoffe \u2013 darunter Bisglycinate f\u00fcr Magnesium, Zink und Kupfer \u2013 tragen zur guten Vertr\u00e4glichkeit des Produkts bei.<\/p>\n<p>Dar\u00fcber hinaus enth\u00e4lt Mutant Multi drei einzigartige Mischungen: den Phyto-Blend (125 mg) mit pflanzlichen Extrakten, Fr\u00fcchten, Gem\u00fcse, Algen und Gr\u00e4sern, den Viri-Blend mit Avena Sativa, L-Arginine HCl, Rote-Bete-Pulver und K\u00fcrbiskernmehl sowie den Enzy-Blend mit verdauungsunterst\u00fctzenden Enzymen wie Protease, Lactase, Lipase und Papain.<\/p>\n<p>Vitamine tragen zu zahlreichen normalen K\u00f6rperfunktionen bei, darunter die Unterst\u00fctzung des Immunsystems, des Energiestoffwechsels sowie des Schutzes der Zellen vor oxidativem Stress. Mutant Multi ist eine praktische Erg\u00e4nzung f\u00fcr alle, die ihre t\u00e4gliche N\u00e4hrstoffversorgung effizient abdecken m\u00f6chten.<\/p>\n<\/p><\/div>\n<div class=\"chcg-nutrition\">\n<h3>N\u00e4hrwertangaben<\/h3>\n<table class=\"chcg-nutrition-table\">\n<thead>\n<tr>\n<th>N\u00e4hrstoff<\/th>\n<th>Pro Portion (2 Caplets)<\/th>\n<\/tr>\n<\/thead>\n<tbody>\n<tr>\n<td>Vitamin A (als Palmitat, Beta-Carotin)<\/td>\n<td>10 000 IU (2980 \u00b5g RAE) | 373 % NRV<\/td>\n<\/tr>\n<tr>\n<td>Vitamin C (als Ascorbins\u00e4ure)<\/td>\n<td>180 mg | 225 % NRV<\/td>\n<\/tr>\n<tr>\n<td>Vitamin D<\/td>\n<td>25 \u00b5g \/ 1000 IU | 500 % NRV<\/td>\n<\/tr>\n<tr>\n<td>Vitamin E (Succinat\/Tocopherylacetat)<\/td>\n<td>14 mg \/ 30 IU | 117 % NRV<\/td>\n<\/tr>\n<tr>\n<td>Vitamin K1 (Phytonadion\/Phytomenadion)<\/td>\n<td>80 \u00b5g | *<\/td>\n<\/tr>\n<tr>\n<td>Thiamin (Mononitrat; Vitamin B1)<\/td>\n<td>3,3 mg | 300 % NRV<\/td>\n<\/tr>\n<tr>\n<td>Riboflavin (Vitamin B2)<\/td>\n<td>3,4 mg | 243 % NRV<\/td>\n<\/tr>\n<tr>\n<td>Niacin (Nicotinamid 36 mg + Nicotins\u00e4ure 4 mg)<\/td>\n<td>40 mg | 250 % NRV<\/td>\n<\/tr>\n<tr>\n<td>Vitamin B6 (Pyridoxin HCl)<\/td>\n<td>6 mg | 429 % NRV<\/td>\n<\/tr>\n<tr>\n<td>Fols\u00e4ure (Folat)<\/td>\n<td>600 \u00b5g | 300 % NRV<\/td>\n<\/tr>\n<tr>\n<td>Vitamin B12 (Cyanocobalamin, Methylcobalamin)<\/td>\n<td>15 \u00b5g | 600 % NRV<\/td>\n<\/tr>\n<tr>\n<td>Biotin (D-Biotin)<\/td>\n<td>300 \u00b5g | 600 % NRV<\/td>\n<\/tr>\n<tr>\n<td>Pantothens\u00e4ure (Calcium-D-Pantothenat)<\/td>\n<td>12 mg | 200 % NRV<\/td>\n<\/tr>\n<tr>\n<td>Calcium (Phosphat, Carbonat)<\/td>\n<td>220 mg | 28 % NRV<\/td>\n<\/tr>\n<tr>\n<td>Magnesium (Oxid, Bisglycinate)<\/td>\n<td>120 mg | 32 % NRV<\/td>\n<\/tr>\n<tr>\n<td>Zink (Oxid, Bisglycinate)<\/td>\n<td>25 mg | 250 % NRV<\/td>\n<\/tr>\n<tr>\n<td>Kupfer (Gluconat\/Bisglycinate)<\/td>\n<td>2 mg | 200 % NRV<\/td>\n<\/tr>\n<tr>\n<td>Mangan (Citrat)<\/td>\n<td>2 mg | 100 % NRV<\/td>\n<\/tr>\n<tr>\n<td>Selen (Natriumselenit)<\/td>\n<td>110 \u00b5g | 200 % NRV<\/td>\n<\/tr>\n<tr>\n<td>Chrom (Chlorid)<\/td>\n<td>180 \u00b5g | 450 % NRV<\/td>\n<\/tr>\n<tr>\n<td>Molybd\u00e4n (Natriummolybdat)<\/td>\n<td>100 \u00b5g | 200 % NRV<\/td>\n<\/tr>\n<tr>\n<td>Jod (Kaliumjodid)<\/td>\n<td>150 \u00b5g | 100 % NRV<\/td>\n<\/tr>\n<tr>\n<td>Phyto-Blend<\/td>\n<td>125 mg | *<\/td>\n<\/tr>\n<tr>\n<td>Viri-Blend<\/td>\n<td>nicht separat deklariert | *<\/td>\n<\/tr>\n<tr>\n<td>Enzy-Blend<\/td>\n<td>nicht separat deklariert | *<\/td>\n<\/tr>\n<\/tbody>\n<\/table>\n<p class=\"chcg-footnote\">* Kein etablierter Tagesbedarf (NRV) festgelegt.<\/p>\n<p class=\"chcg-footnote\">NRV = N\u00e4hrstoffbezugswert gem\u00e4ss EU-Verordnung Nr. 1169\/2011. Portionsgr\u00f6sse: 2 Caplets. Portionen pro Packung: 30.<\/p>\n<\/p><\/div>\n<div class=\"chcg-ingredients\">\n<h3>Zutaten<\/h3>\n<p>Vitamine: Vitamin A (als Palmitat, Beta-Carotin) 10 000 IU; Vitamin C (als Ascorbins\u00e4ure) 180 mg; Vitamin D (D3; als Cholecalciferol) 1000 IU; Vitamin E (als dl-Alpha-Tocopherylacetat) 30 IU; Vitamin K (K1; als Phytomenadion) 80 \u00b5g; Thiamin (als Mononitrat; Vitamin B1) 3,3 mg; Riboflavin (Vitamin B2) 3,4 mg; Niacin (als Nicotinamid, Nicotins\u00e4ure) 40 mg; Vitamin B6 (als Pyridoxin HCl) 6 mg; Fols\u00e4ure (Folat) 600 \u00b5g; Vitamin B12 (als Cyanocobalamin, Methylcobalamin) 15 \u00b5g; Biotin (als D-Biotin) 300 \u00b5g; Pantothens\u00e4ure (als Calcium-D-Pantothenat) 12 mg. Mineralstoffe: Calcium (als Carbonat, Phosphat) 220 mg; Jod (als Kaliumjodid) 150 \u00b5g; Magnesium (als Oxid, Bisglycinate) 120 mg; Zink (als Oxid, Bisglycinate) 25 mg; Selen (als Natriumselenit) 110 \u00b5g; Kupfer (als Bisglycinate) 2 mg; Mangan (als Citrat) 2 mg; Chrom (als Chlorid) 180 \u00b5g; Molybd\u00e4n (als Natriummolybdat) 100 \u00b5g. Phyto-Blend (125 mg): Gerstengras, Gr\u00fcntee-Extrakt, Traubenkernextrakt, Artischocke, Zitronensaftpulver, Leinsamen, Curcumin, Quinoa, Apfel, Himbeere, Schwarze Johannisbeere, Maqui-Beere, Granatapfel, Heidelbeere, Mango, Erdbeere, Acerola-Beere, Cranberry, Acai, Luzernenblattsaft, Weizengras, Habergras, Brokkoli, Kohl, Petersilie, Gr\u00fcnkohl, Spirulina, Chlorella, Kelp, Dulse, L\u00f6wenzahn, Brokkolisprossen. Viri-Blend: Avena Sativa, L-Arginine HCl, Rote-Bete-Pulver, K\u00fcrbiskern. Enzy-Blend: Protease, Lactase, Lipase, Papain. Weitere Zutaten: Zimt, Cholinbitartrat, Inositol, Siliciumdioxid, LycoRed (Lycopin), Carotinoid-Komplex. Hilfsstoffe: Mikrokristalline Cellulose, Sojaproteinpulver, Sorbitol, Stearins\u00e4ure, Croscarmellose-Natrium, Magnesiumstearat, Saccharose, Soja\u00f6l, Ascorbylpalmitat, gemischte Tocopherole, Natriumalginat, Gummi arabicum, Erbsenst\u00e4rke, gereinigtes Wasser.<\/p>\n<\/p><\/div>\n<div class=\"chcg-dosage\">\n<h3>Verzehrempfehlung<\/h3>\n<p>Als Nahrungserg\u00e4nzungsmittel t\u00e4glich 2 Caplets zu einer Mahlzeit einnehmen. Der Inhalt reicht f\u00fcr 30 Tage.<\/p>\n<\/p><\/div>\n<div class=\"chcg-warnings\">\n<h3>Warnhinweise<\/h3>\n<p>Die empfohlene Tagesdosis nicht \u00fcberschreiten. Dieses Produkt ist f\u00fcr gesunde Erwachsene ab 18 Jahren bestimmt. Nicht geeignet w\u00e4hrend der Schwangerschaft, bei Kinderwunsch oder in der Stillzeit. Vor der Einnahme einen Arzt oder eine \u00c4rztin konsultieren, wenn Medikamente eingenommen werden, eine \u00e4rztliche Behandlung besteht oder gesundheitliche Beschwerden vorliegen, insbesondere Nierenerkrankungen. Bei unerw\u00fcnschten Reaktionen die Einnahme sofort abbrechen und eine Fachperson f\u00fcr Gesundheit aufsuchen. Nicht verwenden, wenn das Sicherheitssiegel besch\u00e4digt oder entfernt wurde. Ausserhalb der Reichweite von Kindern aufbewahren. Hinweis gem\u00e4ss California Proposition 65 (USA): Dieses Produkt kann chemische Substanzen enthalten, darunter Blei, das im Bundesstaat Kalifornien als Verursacher von Geburtsfehlern oder anderen Fortpflanzungssch\u00e4den bekannt ist.<\/p>\n<\/p><\/div>\n<div class=\"chcg-allergens\">\n<h3>Allergeninformationen<\/h3>\n<p>Enth\u00e4lt Soja (Sojaproteinpulver, Soja\u00f6l). Der Phyto-Blend enth\u00e4lt Weizengras und Habergras. Hergestellt in einem Betrieb, der auch folgende Stoffe verarbeitet: Milch, Ei, Glucosamin (gewonnen aus Krustentieren [Garnelen und Krabben]), Schalenfr\u00fcchte (Kokosnuss, Haselnuss), Weizen, Erdnuss.<\/p>\n<\/p><\/div>\n<div class=\"chcg-storage\">\n<h3>Lagerung<\/h3>\n<p>K\u00fchl, trocken und dunkel lagern. Vor direkter Sonneneinstrahlung sch\u00fctzen.<\/p>\n<\/p><\/div>\n<div class=\"chcg-dietary\">\n<h3>Ern\u00e4hrungshinweise<\/h3>\n<ul>\n<li>Vegetarisch geeignet<\/li>\n<\/ul><\/div>\n<\/div>\n","protected":false},"excerpt":{"rendered":"<p>Mutant Multi liefert pro Tagesdosis (2 Caplets) 22 essentielle Vitamine und Mineralstoffe sowie einen Phyto-, Viri- und Enzy-Blend. Ideal f\u00fcr aktive Erwachsene \u2013 60 Caplets f\u00fcr 30 Tage.<\/p>\n","protected":false},"featured_media":2014,"comment_status":"closed","ping_status":"open","template":"","meta":[],"product_brand":[453],"product_cat":[15],"product_tag":[],"class_list":{"0":"post-2013","1":"product","2":"type-product","3":"status-publish","4":"has-post-thumbnail","6":"product_brand-mutant","7":"product_cat-uncategorized","9":"first","10":"outofstock","11":"taxable","12":"shipping-taxable","13":"purchasable","14":"product-type-simple"},"yoast_head":"<!-- This site is optimized with the Yoast SEO plugin v27.5 - https:\/\/yoast.com\/product\/yoast-seo-wordpress\/ -->\n<title>Multi 60 Caplets \u2013 Mutant | ecosupplements.ch<\/title>\n<meta name=\"description\" content=\"Mutant Multi versorgt dich t\u00e4glich mit 22 Vitaminen und Mineralstoffen plus pflanzlichen Extrakten \u2013 60 Caplets f\u00fcr 30 Tage. Jetzt bestellen.\" \/>\n<meta name=\"robots\" content=\"index, follow, max-snippet:-1, max-image-preview:large, max-video-preview:-1\" \/>\n<link rel=\"canonical\" href=\"https:\/\/ecosupplements.ch\/?product=multi-60-caplets\" \/>\n<meta property=\"og:locale\" content=\"de_DE\" \/>\n<meta property=\"og:type\" content=\"article\" \/>\n<meta property=\"og:title\" content=\"Multi 60 Caplets \u2013 Mutant | ecosupplements.ch\" \/>\n<meta property=\"og:description\" content=\"Mutant Multi versorgt dich t\u00e4glich mit 22 Vitaminen und Mineralstoffen plus pflanzlichen Extrakten \u2013 60 Caplets f\u00fcr 30 Tage. Jetzt bestellen.\" \/>\n<meta property=\"og:url\" content=\"https:\/\/ecosupplements.ch\/?product=multi-60-caplets\" \/>\n<meta property=\"og:site_name\" content=\"Eco Supplements\" \/>\n<meta property=\"article:modified_time\" content=\"2026-05-12T17:11:44+00:00\" \/>\n<meta property=\"og:image\" content=\"https:\/\/ecosupplements.ch\/wp-content\/uploads\/2026\/05\/Multi-60-caplets.jpg\" \/>\n\t<meta property=\"og:image:width\" content=\"479\" \/>\n\t<meta property=\"og:image:height\" content=\"691\" \/>\n\t<meta property=\"og:image:type\" content=\"image\/jpeg\" \/>\n<meta name=\"twitter:card\" content=\"summary_large_image\" \/>\n<meta name=\"twitter:label1\" content=\"Price\" \/>\n\t<meta name=\"twitter:data1\" content=\"&#067;&#072;&#070;&nbsp;11.77\" \/>\n\t<meta name=\"twitter:label2\" content=\"Availability\" \/>\n\t<meta name=\"twitter:data2\" content=\"Out of stock\" \/>\n<script type=\"application\/ld+json\" class=\"yoast-schema-graph\">{\"@context\":\"https:\\\/\\\/schema.org\",\"@graph\":[{\"@type\":\"WebPage\",\"@id\":\"https:\\\/\\\/ecosupplements.ch\\\/?product=multi-60-caplets\",\"url\":\"https:\\\/\\\/ecosupplements.ch\\\/?product=multi-60-caplets\",\"name\":\"Multi 60 Caplets \u2013 Mutant | ecosupplements.ch\",\"isPartOf\":{\"@id\":\"https:\\\/\\\/ecosupplements.ch\\\/#website\"},\"primaryImageOfPage\":{\"@id\":\"https:\\\/\\\/ecosupplements.ch\\\/?product=multi-60-caplets#primaryimage\"},\"image\":{\"@id\":\"https:\\\/\\\/ecosupplements.ch\\\/?product=multi-60-caplets#primaryimage\"},\"thumbnailUrl\":\"https:\\\/\\\/ecosupplements.ch\\\/wp-content\\\/uploads\\\/2026\\\/05\\\/Multi-60-caplets.jpg\",\"datePublished\":\"2026-05-11T14:33:24+00:00\",\"dateModified\":\"2026-05-12T17:11:44+00:00\",\"description\":\"Mutant Multi versorgt dich t\u00e4glich mit 22 Vitaminen und Mineralstoffen plus pflanzlichen Extrakten \u2013 60 Caplets f\u00fcr 30 Tage. Jetzt bestellen.\",\"breadcrumb\":{\"@id\":\"https:\\\/\\\/ecosupplements.ch\\\/?product=multi-60-caplets#breadcrumb\"},\"inLanguage\":\"de-CH\",\"potentialAction\":[{\"@type\":\"ReadAction\",\"target\":[\"https:\\\/\\\/ecosupplements.ch\\\/?product=multi-60-caplets\"]}]},{\"@type\":\"ImageObject\",\"inLanguage\":\"de-CH\",\"@id\":\"https:\\\/\\\/ecosupplements.ch\\\/?product=multi-60-caplets#primaryimage\",\"url\":\"https:\\\/\\\/ecosupplements.ch\\\/wp-content\\\/uploads\\\/2026\\\/05\\\/Multi-60-caplets.jpg\",\"contentUrl\":\"https:\\\/\\\/ecosupplements.ch\\\/wp-content\\\/uploads\\\/2026\\\/05\\\/Multi-60-caplets.jpg\",\"width\":479,\"height\":691,\"caption\":\"Multi - 60 caplets\"},{\"@type\":\"BreadcrumbList\",\"@id\":\"https:\\\/\\\/ecosupplements.ch\\\/?product=multi-60-caplets#breadcrumb\",\"itemListElement\":[{\"@type\":\"ListItem\",\"position\":1,\"name\":\"Home\",\"item\":\"https:\\\/\\\/ecosupplements.ch\\\/\"},{\"@type\":\"ListItem\",\"position\":2,\"name\":\"Shop\",\"item\":\"https:\\\/\\\/ecosupplements.ch\\\/?page_id=14\"},{\"@type\":\"ListItem\",\"position\":3,\"name\":\"Multi &#8211; 60 caplets\"}]},{\"@type\":\"WebSite\",\"@id\":\"https:\\\/\\\/ecosupplements.ch\\\/#website\",\"url\":\"https:\\\/\\\/ecosupplements.ch\\\/\",\"name\":\"Eco Supplements\",\"description\":\"\",\"potentialAction\":[{\"@type\":\"SearchAction\",\"target\":{\"@type\":\"EntryPoint\",\"urlTemplate\":\"https:\\\/\\\/ecosupplements.ch\\\/?s={search_term_string}\"},\"query-input\":{\"@type\":\"PropertyValueSpecification\",\"valueRequired\":true,\"valueName\":\"search_term_string\"}}],\"inLanguage\":\"de-CH\"}]}<\/script>\n<meta property=\"product:price:amount\" content=\"11.77\" \/>\n<meta property=\"product:price:currency\" content=\"CHF\" \/>\n<meta property=\"og:availability\" content=\"out of stock\" \/>\n<meta property=\"product:availability\" content=\"out of stock\" \/>\n<meta property=\"product:retailer_item_id\" content=\"627933025902\" \/>\n<meta property=\"product:condition\" content=\"new\" \/>\n<!-- \/ Yoast SEO plugin. -->","yoast_head_json":{"title":"Multi 60 Caplets \u2013 Mutant | ecosupplements.ch","description":"Mutant Multi versorgt dich t\u00e4glich mit 22 Vitaminen und Mineralstoffen plus pflanzlichen Extrakten \u2013 60 Caplets f\u00fcr 30 Tage. Jetzt bestellen.","robots":{"index":"index","follow":"follow","max-snippet":"max-snippet:-1","max-image-preview":"max-image-preview:large","max-video-preview":"max-video-preview:-1"},"canonical":"https:\/\/ecosupplements.ch\/?product=multi-60-caplets","og_locale":"de_DE","og_type":"article","og_title":"Multi 60 Caplets \u2013 Mutant | ecosupplements.ch","og_description":"Mutant Multi versorgt dich t\u00e4glich mit 22 Vitaminen und Mineralstoffen plus pflanzlichen Extrakten \u2013 60 Caplets f\u00fcr 30 Tage. Jetzt bestellen.","og_url":"https:\/\/ecosupplements.ch\/?product=multi-60-caplets","og_site_name":"Eco Supplements","article_modified_time":"2026-05-12T17:11:44+00:00","og_image":[{"width":479,"height":691,"url":"https:\/\/ecosupplements.ch\/wp-content\/uploads\/2026\/05\/Multi-60-caplets.jpg","type":"image\/jpeg"}],"twitter_card":"summary_large_image","twitter_misc":{"Price":"&#67;&#72;&#70;&nbsp;11.77","Availability":"Out of stock"},"schema":{"@context":"https:\/\/schema.org","@graph":[{"@type":"WebPage","@id":"https:\/\/ecosupplements.ch\/?product=multi-60-caplets","url":"https:\/\/ecosupplements.ch\/?product=multi-60-caplets","name":"Multi 60 Caplets \u2013 Mutant | ecosupplements.ch","isPartOf":{"@id":"https:\/\/ecosupplements.ch\/#website"},"primaryImageOfPage":{"@id":"https:\/\/ecosupplements.ch\/?product=multi-60-caplets#primaryimage"},"image":{"@id":"https:\/\/ecosupplements.ch\/?product=multi-60-caplets#primaryimage"},"thumbnailUrl":"https:\/\/ecosupplements.ch\/wp-content\/uploads\/2026\/05\/Multi-60-caplets.jpg","datePublished":"2026-05-11T14:33:24+00:00","dateModified":"2026-05-12T17:11:44+00:00","description":"Mutant Multi versorgt dich t\u00e4glich mit 22 Vitaminen und Mineralstoffen plus pflanzlichen Extrakten \u2013 60 Caplets f\u00fcr 30 Tage. Jetzt bestellen.","breadcrumb":{"@id":"https:\/\/ecosupplements.ch\/?product=multi-60-caplets#breadcrumb"},"inLanguage":"de-CH","potentialAction":[{"@type":"ReadAction","target":["https:\/\/ecosupplements.ch\/?product=multi-60-caplets"]}]},{"@type":"ImageObject","inLanguage":"de-CH","@id":"https:\/\/ecosupplements.ch\/?product=multi-60-caplets#primaryimage","url":"https:\/\/ecosupplements.ch\/wp-content\/uploads\/2026\/05\/Multi-60-caplets.jpg","contentUrl":"https:\/\/ecosupplements.ch\/wp-content\/uploads\/2026\/05\/Multi-60-caplets.jpg","width":479,"height":691,"caption":"Multi - 60 caplets"},{"@type":"BreadcrumbList","@id":"https:\/\/ecosupplements.ch\/?product=multi-60-caplets#breadcrumb","itemListElement":[{"@type":"ListItem","position":1,"name":"Home","item":"https:\/\/ecosupplements.ch\/"},{"@type":"ListItem","position":2,"name":"Shop","item":"https:\/\/ecosupplements.ch\/?page_id=14"},{"@type":"ListItem","position":3,"name":"Multi &#8211; 60 caplets"}]},{"@type":"WebSite","@id":"https:\/\/ecosupplements.ch\/#website","url":"https:\/\/ecosupplements.ch\/","name":"Eco Supplements","description":"","potentialAction":[{"@type":"SearchAction","target":{"@type":"EntryPoint","urlTemplate":"https:\/\/ecosupplements.ch\/?s={search_term_string}"},"query-input":{"@type":"PropertyValueSpecification","valueRequired":true,"valueName":"search_term_string"}}],"inLanguage":"de-CH"}]},"product_price_amount":"11.77","product_price_currency":"CHF","og_availability":"out of stock","product_availability":"out of stock","product_retailer_item_id":"627933025902","product_condition":"new"},"_links":{"self":[{"href":"https:\/\/ecosupplements.ch\/index.php?rest_route=\/wp\/v2\/product\/2013","targetHints":{"allow":["GET"]}}],"collection":[{"href":"https:\/\/ecosupplements.ch\/index.php?rest_route=\/wp\/v2\/product"}],"about":[{"href":"https:\/\/ecosupplements.ch\/index.php?rest_route=\/wp\/v2\/types\/product"}],"replies":[{"embeddable":true,"href":"https:\/\/ecosupplements.ch\/index.php?rest_route=%2Fwp%2Fv2%2Fcomments&post=2013"}],"wp:featuredmedia":[{"embeddable":true,"href":"https:\/\/ecosupplements.ch\/index.php?rest_route=\/wp\/v2\/media\/2014"}],"wp:attachment":[{"href":"https:\/\/ecosupplements.ch\/index.php?rest_route=%2Fwp%2Fv2%2Fmedia&parent=2013"}],"wp:term":[{"taxonomy":"product_brand","embeddable":true,"href":"https:\/\/ecosupplements.ch\/index.php?rest_route=%2Fwp%2Fv2%2Fproduct_brand&post=2013"},{"taxonomy":"product_cat","embeddable":true,"href":"https:\/\/ecosupplements.ch\/index.php?rest_route=%2Fwp%2Fv2%2Fproduct_cat&post=2013"},{"taxonomy":"product_tag","embeddable":true,"href":"https:\/\/ecosupplements.ch\/index.php?rest_route=%2Fwp%2Fv2%2Fproduct_tag&post=2013"}],"curies":[{"name":"wp","href":"https:\/\/api.w.org\/{rel}","templated":true}]}}