{"id":2029,"date":"2026-05-11T14:33:33","date_gmt":"2026-05-11T14:33:33","guid":{"rendered":"https:\/\/ecosupplements.ch\/?product=kids-soothing-night-30-gummies"},"modified":"2026-05-13T07:26:49","modified_gmt":"2026-05-13T07:26:49","slug":"kids-soothing-night-30-gummies","status":"publish","type":"product","link":"https:\/\/ecosupplements.ch\/?product=kids-soothing-night-30-gummies","title":{"rendered":"Kids Soothing Night &#8211; 30 gummies"},"content":{"rendered":"<div class=\"chcg-product-description\">\n<h2 class=\"chcg-heading\">\u00dcber Natrol \u2013 Kids Soothing Night \u2013 30 Gummies<\/h2>\n<div class=\"chcg-intro\">\n<p>Natrol Kids Soothing Night ist ein speziell f\u00fcr Kinder entwickeltes Nahrungserg\u00e4nzungsmittel in praktischer Gummib\u00e4rchenform, das eine sorgf\u00e4ltig ausgew\u00e4hlte Kombination aus Vitamin B6, Magnesium und einem pflanzlichen Komplex enth\u00e4lt. Die wohltuende Mischung aus Kamille-, Zitronenmelisse- und Lavendelextrakt wurde gezielt f\u00fcr die abendliche Routine von Kindern konzipiert.<\/p>\n<p>Magnesium tr\u00e4gt zur normalen Muskelfunktion und zur Verringerung von M\u00fcdigkeit und Ersch\u00f6pfung bei. Vitamin B6 unterst\u00fctzt die normale Funktion des Nervensystems sowie die normale psychische Funktion. Die angenehme Gummitextur macht die t\u00e4gliche Einnahme f\u00fcr Kinder zwischen 4 und 12 Jahren einfach und unkompliziert.<\/p>\n<p>Die Gummies sind vegan, glutenfrei und laktosefrei \u2013 ohne Gelatine und ohne k\u00fcnstliche Farbstoffe. Die nat\u00fcrliche Farbe stammt aus Fruchtsaft.<\/p>\n<\/p><\/div>\n<div class=\"chcg-nutrition\">\n<h3>N\u00e4hrwertangaben<\/h3>\n<table class=\"chcg-nutrition-table\">\n<thead>\n<tr>\n<th>N\u00e4hrstoff<\/th>\n<th>Pro Portion (1 Gummy)<\/th>\n<\/tr>\n<\/thead>\n<tbody>\n<tr>\n<td>Vitamin B6 (als Pyridoxinhydrochlorid)<\/td>\n<td>4 mg (286% NRV)<\/td>\n<\/tr>\n<tr>\n<td>Magnesium (als Magnesiumcitrat)<\/td>\n<td>40 mg (11% NRV)<\/td>\n<\/tr>\n<tr>\n<td>Pflanzenkomplex (Kamille- \/ Zitronenmelisse- \/ Lavendelextrakt)<\/td>\n<td>12,50 mg (*)<\/td>\n<\/tr>\n<tr>\n<td>\u2013 Kamillenextrakt (<em>Matricaria chamomilla<\/em>) (Bl\u00fcte)<\/td>\n<td>\u2013<\/td>\n<\/tr>\n<tr>\n<td>\u2013 Zitronenmelissenextrakt (<em>Melissa officinalis<\/em>) (oberirdische Teile)<\/td>\n<td>\u2013<\/td>\n<\/tr>\n<tr>\n<td>\u2013 Lavendelextrakt (<em>Lavandula angustifolia<\/em>) (Bl\u00fcte)<\/td>\n<td>\u2013<\/td>\n<\/tr>\n<\/tbody>\n<\/table>\n<p class=\"chcg-footnote\">* Kein festgelegter Tagesreferenzwert (NRV) vorhanden.<\/p>\n<\/p><\/div>\n<div class=\"chcg-ingredients\">\n<h3>Zutaten<\/h3>\n<p>Vitamin B6 (als Pyridoxinhydrochlorid), Magnesium (als Magnesiumcitrat), Pflanzenkomplex (Kamillenextrakt (<em>Matricaria chamomilla<\/em>) (Bl\u00fcte), Zitronenmelissenextrakt (<em>Melissa officinalis<\/em>) (oberirdische Teile), Lavendelextrakt (<em>Lavandula angustifolia<\/em>) (Bl\u00fcte)), Tapiocasirup, Rohrzucker, Wasser, Pektin, enth\u00e4lt 2 Prozent oder weniger von (Zitronens\u00e4ure, Fruchtsaft [Farbstoff], Milchs\u00e4ure, \u00c4pfels\u00e4ure, nat\u00fcrliche Aromen, Rebaudioside M).<\/p>\n<\/p><\/div>\n<div class=\"chcg-dosage\">\n<h3>Verzehrempfehlung<\/h3>\n<p>F\u00fcr Kinder im Alter von 4\u20138 Jahren: t\u00e4glich 1 Gummy einnehmen. F\u00fcr Kinder im Alter von 9\u201312 Jahren: t\u00e4glich 1\u20132 Gummies einnehmen. Vor dem Schlucken gr\u00fcndlich kauen.<\/p>\n<\/p><\/div>\n<div class=\"chcg-warnings\">\n<h3>Warnhinweise<\/h3>\n<p>Vor der Einnahme dieses Produkts einen Arzt oder eine \u00c4rztin konsultieren, wenn Sie schwanger sind, stillen, unter 18 Jahre alt sind, Medikamente oder andere magnesiumhaltige Produkte einnehmen oder an einer Erkrankung leiden (einschliesslich Nierenerkrankungen). Bei unerw\u00fcnschten Reaktionen die Einnahme sofort abbrechen. W\u00e4hrend der Einnahme dieses Produkts weitere Magnesiumquellen aus Nahrungserg\u00e4nzungsmitteln einschr\u00e4nken. Nur gem\u00e4ss Anleitung verwenden und die empfohlene Menge nicht \u00fcberschreiten. AUSSERHALB DER REICHWEITE VON KINDERN AUFBEWAHREN.<\/p>\n<\/p><\/div>\n<div class=\"chcg-allergens\">\n<h3>Allergeninformationen<\/h3>\n<p>Enth\u00e4lt kein: Milch, Ei, Fisch, Krebstiere und Schalentiere, Erdn\u00fcsse, Weizen, Soja, Sesam.<\/p>\n<\/p><\/div>\n<div class=\"chcg-storage\">\n<h3>Lagerung<\/h3>\n<p>An einem k\u00fchlen, trockenen Ort aufbewahren.<\/p>\n<\/p><\/div>\n<div class=\"chcg-dietary\">\n<h3>Ern\u00e4hrungshinweise<\/h3>\n<ul>\n<li>Vegan<\/li>\n<li>Vegetarisch<\/li>\n<li>Glutenfrei<\/li>\n<li>Laktosefrei<\/li>\n<\/ul><\/div>\n<\/div>\n","protected":false},"excerpt":{"rendered":"<p>Natrol Kids Soothing Night unterst\u00fctzt die abendliche Routine von Kindern mit Vitamin B6, Magnesium und einem Pflanzenextrakt aus Kamille, Zitronenmelisse und Lavendel. Praktische Gummies, 30 St\u00fcck, vegan und glutenfrei.<\/p>\n","protected":false},"featured_media":2030,"comment_status":"closed","ping_status":"open","template":"","meta":[],"product_brand":[208],"product_cat":[48,25,56,83],"product_tag":[],"class_list":{"0":"post-2029","1":"product","2":"type-product","3":"status-publish","4":"has-post-thumbnail","6":"product_brand-natrol","7":"product_cat-gesunde-ernaehrung","8":"product_cat-gesundheit-und-wohlbefinden","9":"product_cat-kindergesundheit","10":"product_cat-schlafunterstuetzung","12":"first","13":"outofstock","14":"taxable","15":"shipping-taxable","16":"purchasable","17":"product-type-simple"},"yoast_head":"<!-- This site is optimized with the Yoast SEO plugin v27.5 - https:\/\/yoast.com\/product\/yoast-seo-wordpress\/ -->\n<title>Kids Soothing Night 30 Gummies \u2013 Natrol | ecosupplements.ch<\/title>\n<meta name=\"description\" content=\"Natrol Kids Soothing Night mit Vitamin B6, Magnesium und Pflanzenkomplex \u2013 30 vegane Gummies f\u00fcr die abendliche Kinderroutine. Jetzt bestellen.\" \/>\n<meta name=\"robots\" content=\"index, follow, max-snippet:-1, max-image-preview:large, max-video-preview:-1\" \/>\n<link rel=\"canonical\" href=\"https:\/\/ecosupplements.ch\/?product=kids-soothing-night-30-gummies\" \/>\n<meta property=\"og:locale\" content=\"de_DE\" \/>\n<meta property=\"og:type\" content=\"article\" \/>\n<meta property=\"og:title\" content=\"Kids Soothing Night 30 Gummies \u2013 Natrol | ecosupplements.ch\" \/>\n<meta property=\"og:description\" content=\"Natrol Kids Soothing Night mit Vitamin B6, Magnesium und Pflanzenkomplex \u2013 30 vegane Gummies f\u00fcr die abendliche Kinderroutine. Jetzt bestellen.\" \/>\n<meta property=\"og:url\" content=\"https:\/\/ecosupplements.ch\/?product=kids-soothing-night-30-gummies\" \/>\n<meta property=\"og:site_name\" content=\"Eco Supplements\" \/>\n<meta property=\"article:modified_time\" content=\"2026-05-13T07:26:49+00:00\" \/>\n<meta property=\"og:image\" content=\"https:\/\/ecosupplements.ch\/wp-content\/uploads\/2026\/05\/Kids-Soothing-Night-30-gummies.jpg\" \/>\n\t<meta property=\"og:image:width\" content=\"687\" \/>\n\t<meta property=\"og:image:height\" content=\"796\" \/>\n\t<meta property=\"og:image:type\" content=\"image\/jpeg\" \/>\n<meta name=\"twitter:card\" content=\"summary_large_image\" \/>\n<meta name=\"twitter:label1\" content=\"Price\" \/>\n\t<meta name=\"twitter:data1\" content=\"&#067;&#072;&#070;&nbsp;20.39\" \/>\n\t<meta name=\"twitter:label2\" content=\"Availability\" \/>\n\t<meta name=\"twitter:data2\" content=\"Out of stock\" \/>\n<script type=\"application\/ld+json\" class=\"yoast-schema-graph\">{\"@context\":\"https:\\\/\\\/schema.org\",\"@graph\":[{\"@type\":\"WebPage\",\"@id\":\"https:\\\/\\\/ecosupplements.ch\\\/?product=kids-soothing-night-30-gummies\",\"url\":\"https:\\\/\\\/ecosupplements.ch\\\/?product=kids-soothing-night-30-gummies\",\"name\":\"Kids Soothing Night 30 Gummies \u2013 Natrol | ecosupplements.ch\",\"isPartOf\":{\"@id\":\"https:\\\/\\\/ecosupplements.ch\\\/#website\"},\"primaryImageOfPage\":{\"@id\":\"https:\\\/\\\/ecosupplements.ch\\\/?product=kids-soothing-night-30-gummies#primaryimage\"},\"image\":{\"@id\":\"https:\\\/\\\/ecosupplements.ch\\\/?product=kids-soothing-night-30-gummies#primaryimage\"},\"thumbnailUrl\":\"https:\\\/\\\/ecosupplements.ch\\\/wp-content\\\/uploads\\\/2026\\\/05\\\/Kids-Soothing-Night-30-gummies.jpg\",\"datePublished\":\"2026-05-11T14:33:33+00:00\",\"dateModified\":\"2026-05-13T07:26:49+00:00\",\"description\":\"Natrol Kids Soothing Night mit Vitamin B6, Magnesium und Pflanzenkomplex \u2013 30 vegane Gummies f\u00fcr die abendliche Kinderroutine. Jetzt bestellen.\",\"breadcrumb\":{\"@id\":\"https:\\\/\\\/ecosupplements.ch\\\/?product=kids-soothing-night-30-gummies#breadcrumb\"},\"inLanguage\":\"de-CH\",\"potentialAction\":[{\"@type\":\"ReadAction\",\"target\":[\"https:\\\/\\\/ecosupplements.ch\\\/?product=kids-soothing-night-30-gummies\"]}]},{\"@type\":\"ImageObject\",\"inLanguage\":\"de-CH\",\"@id\":\"https:\\\/\\\/ecosupplements.ch\\\/?product=kids-soothing-night-30-gummies#primaryimage\",\"url\":\"https:\\\/\\\/ecosupplements.ch\\\/wp-content\\\/uploads\\\/2026\\\/05\\\/Kids-Soothing-Night-30-gummies.jpg\",\"contentUrl\":\"https:\\\/\\\/ecosupplements.ch\\\/wp-content\\\/uploads\\\/2026\\\/05\\\/Kids-Soothing-Night-30-gummies.jpg\",\"width\":687,\"height\":796,\"caption\":\"Kids Soothing Night - 30 gummies\"},{\"@type\":\"BreadcrumbList\",\"@id\":\"https:\\\/\\\/ecosupplements.ch\\\/?product=kids-soothing-night-30-gummies#breadcrumb\",\"itemListElement\":[{\"@type\":\"ListItem\",\"position\":1,\"name\":\"Home\",\"item\":\"https:\\\/\\\/ecosupplements.ch\\\/\"},{\"@type\":\"ListItem\",\"position\":2,\"name\":\"Shop\",\"item\":\"https:\\\/\\\/ecosupplements.ch\\\/?page_id=14\"},{\"@type\":\"ListItem\",\"position\":3,\"name\":\"Kids Soothing Night &#8211; 30 gummies\"}]},{\"@type\":\"WebSite\",\"@id\":\"https:\\\/\\\/ecosupplements.ch\\\/#website\",\"url\":\"https:\\\/\\\/ecosupplements.ch\\\/\",\"name\":\"Eco Supplements\",\"description\":\"\",\"potentialAction\":[{\"@type\":\"SearchAction\",\"target\":{\"@type\":\"EntryPoint\",\"urlTemplate\":\"https:\\\/\\\/ecosupplements.ch\\\/?s={search_term_string}\"},\"query-input\":{\"@type\":\"PropertyValueSpecification\",\"valueRequired\":true,\"valueName\":\"search_term_string\"}}],\"inLanguage\":\"de-CH\"}]}<\/script>\n<meta property=\"product:price:amount\" content=\"20.39\" \/>\n<meta property=\"product:price:currency\" content=\"CHF\" \/>\n<meta property=\"og:availability\" content=\"out of stock\" \/>\n<meta property=\"product:availability\" content=\"out of stock\" \/>\n<meta property=\"product:retailer_item_id\" content=\"047469080204\" \/>\n<meta property=\"product:condition\" content=\"new\" \/>\n<!-- \/ Yoast SEO plugin. -->","yoast_head_json":{"title":"Kids Soothing Night 30 Gummies \u2013 Natrol | ecosupplements.ch","description":"Natrol Kids Soothing Night mit Vitamin B6, Magnesium und Pflanzenkomplex \u2013 30 vegane Gummies f\u00fcr die abendliche Kinderroutine. Jetzt bestellen.","robots":{"index":"index","follow":"follow","max-snippet":"max-snippet:-1","max-image-preview":"max-image-preview:large","max-video-preview":"max-video-preview:-1"},"canonical":"https:\/\/ecosupplements.ch\/?product=kids-soothing-night-30-gummies","og_locale":"de_DE","og_type":"article","og_title":"Kids Soothing Night 30 Gummies \u2013 Natrol | ecosupplements.ch","og_description":"Natrol Kids Soothing Night mit Vitamin B6, Magnesium und Pflanzenkomplex \u2013 30 vegane Gummies f\u00fcr die abendliche Kinderroutine. Jetzt bestellen.","og_url":"https:\/\/ecosupplements.ch\/?product=kids-soothing-night-30-gummies","og_site_name":"Eco Supplements","article_modified_time":"2026-05-13T07:26:49+00:00","og_image":[{"width":687,"height":796,"url":"https:\/\/ecosupplements.ch\/wp-content\/uploads\/2026\/05\/Kids-Soothing-Night-30-gummies.jpg","type":"image\/jpeg"}],"twitter_card":"summary_large_image","twitter_misc":{"Price":"&#67;&#72;&#70;&nbsp;20.39","Availability":"Out of stock"},"schema":{"@context":"https:\/\/schema.org","@graph":[{"@type":"WebPage","@id":"https:\/\/ecosupplements.ch\/?product=kids-soothing-night-30-gummies","url":"https:\/\/ecosupplements.ch\/?product=kids-soothing-night-30-gummies","name":"Kids Soothing Night 30 Gummies \u2013 Natrol | ecosupplements.ch","isPartOf":{"@id":"https:\/\/ecosupplements.ch\/#website"},"primaryImageOfPage":{"@id":"https:\/\/ecosupplements.ch\/?product=kids-soothing-night-30-gummies#primaryimage"},"image":{"@id":"https:\/\/ecosupplements.ch\/?product=kids-soothing-night-30-gummies#primaryimage"},"thumbnailUrl":"https:\/\/ecosupplements.ch\/wp-content\/uploads\/2026\/05\/Kids-Soothing-Night-30-gummies.jpg","datePublished":"2026-05-11T14:33:33+00:00","dateModified":"2026-05-13T07:26:49+00:00","description":"Natrol Kids Soothing Night mit Vitamin B6, Magnesium und Pflanzenkomplex \u2013 30 vegane Gummies f\u00fcr die abendliche Kinderroutine. Jetzt bestellen.","breadcrumb":{"@id":"https:\/\/ecosupplements.ch\/?product=kids-soothing-night-30-gummies#breadcrumb"},"inLanguage":"de-CH","potentialAction":[{"@type":"ReadAction","target":["https:\/\/ecosupplements.ch\/?product=kids-soothing-night-30-gummies"]}]},{"@type":"ImageObject","inLanguage":"de-CH","@id":"https:\/\/ecosupplements.ch\/?product=kids-soothing-night-30-gummies#primaryimage","url":"https:\/\/ecosupplements.ch\/wp-content\/uploads\/2026\/05\/Kids-Soothing-Night-30-gummies.jpg","contentUrl":"https:\/\/ecosupplements.ch\/wp-content\/uploads\/2026\/05\/Kids-Soothing-Night-30-gummies.jpg","width":687,"height":796,"caption":"Kids Soothing Night - 30 gummies"},{"@type":"BreadcrumbList","@id":"https:\/\/ecosupplements.ch\/?product=kids-soothing-night-30-gummies#breadcrumb","itemListElement":[{"@type":"ListItem","position":1,"name":"Home","item":"https:\/\/ecosupplements.ch\/"},{"@type":"ListItem","position":2,"name":"Shop","item":"https:\/\/ecosupplements.ch\/?page_id=14"},{"@type":"ListItem","position":3,"name":"Kids Soothing Night &#8211; 30 gummies"}]},{"@type":"WebSite","@id":"https:\/\/ecosupplements.ch\/#website","url":"https:\/\/ecosupplements.ch\/","name":"Eco Supplements","description":"","potentialAction":[{"@type":"SearchAction","target":{"@type":"EntryPoint","urlTemplate":"https:\/\/ecosupplements.ch\/?s={search_term_string}"},"query-input":{"@type":"PropertyValueSpecification","valueRequired":true,"valueName":"search_term_string"}}],"inLanguage":"de-CH"}]},"product_price_amount":"20.39","product_price_currency":"CHF","og_availability":"out of stock","product_availability":"out of stock","product_retailer_item_id":"047469080204","product_condition":"new"},"_links":{"self":[{"href":"https:\/\/ecosupplements.ch\/index.php?rest_route=\/wp\/v2\/product\/2029","targetHints":{"allow":["GET"]}}],"collection":[{"href":"https:\/\/ecosupplements.ch\/index.php?rest_route=\/wp\/v2\/product"}],"about":[{"href":"https:\/\/ecosupplements.ch\/index.php?rest_route=\/wp\/v2\/types\/product"}],"replies":[{"embeddable":true,"href":"https:\/\/ecosupplements.ch\/index.php?rest_route=%2Fwp%2Fv2%2Fcomments&post=2029"}],"wp:featuredmedia":[{"embeddable":true,"href":"https:\/\/ecosupplements.ch\/index.php?rest_route=\/wp\/v2\/media\/2030"}],"wp:attachment":[{"href":"https:\/\/ecosupplements.ch\/index.php?rest_route=%2Fwp%2Fv2%2Fmedia&parent=2029"}],"wp:term":[{"taxonomy":"product_brand","embeddable":true,"href":"https:\/\/ecosupplements.ch\/index.php?rest_route=%2Fwp%2Fv2%2Fproduct_brand&post=2029"},{"taxonomy":"product_cat","embeddable":true,"href":"https:\/\/ecosupplements.ch\/index.php?rest_route=%2Fwp%2Fv2%2Fproduct_cat&post=2029"},{"taxonomy":"product_tag","embeddable":true,"href":"https:\/\/ecosupplements.ch\/index.php?rest_route=%2Fwp%2Fv2%2Fproduct_tag&post=2029"}],"curies":[{"name":"wp","href":"https:\/\/api.w.org\/{rel}","templated":true}]}}