{"id":2033,"date":"2026-05-11T14:33:34","date_gmt":"2026-05-11T14:33:34","guid":{"rendered":"https:\/\/ecosupplements.ch\/?product=natrol-melatonin-fast-dissolve-1mg-90-tabs"},"modified":"2026-05-13T07:22:48","modified_gmt":"2026-05-13T07:22:48","slug":"natrol-melatonin-fast-dissolve-1mg-90-tabs","status":"publish","type":"product","link":"https:\/\/ecosupplements.ch\/?product=natrol-melatonin-fast-dissolve-1mg-90-tabs","title":{"rendered":"Natrol &#8211; Melatonin Fast Dissolve, 1mg &#8211; 90 tabs"},"content":{"rendered":"<div class=\"chcg-product-description\">\n<h2 class=\"chcg-heading\">\u00dcber Natrol \u2013 Melatonin Fast Dissolve, 1mg \u2013 90 Tabletten<\/h2>\n<div class=\"chcg-intro\">\n<p>Natrol Melatonin Fast Dissolve bietet 1 mg Melatonin pro Tablette in einer praktischen Schmelztablettenform \u2013 ganz ohne Wasser. Die Tabletten l\u00f6sen sich rasch im Mund auf und sind somit ideal f\u00fcr alle, die eine unkomplizierte Einnahme bevorzugen. Mit einem angenehmen nat\u00fcrlichen Geschmack eignen sie sich besonders f\u00fcr Menschen, die Schwierigkeiten beim Schlucken herk\u00f6mmlicher Tabletten haben.<\/p>\n<p>Melatonin ist ein k\u00f6rpereigenes Hormon, das den nat\u00fcrlichen Schlaf-Wach-Rhythmus des K\u00f6rpers unterst\u00fctzt. Die niedrige Dosierung von 1 mg pro Tablette macht dieses Produkt zu einer sanften Option zur gelegentlichen Unterst\u00fctzung des Einschlafens. Natrol ist eine in den USA etablierte Marke, die auf qualitativ hochwertige Nahrungserg\u00e4nzungsmittel spezialisiert ist.<\/p>\n<p>Die Fast-Dissolve-Tabletten sind vegetarisch und laktosefrei. Dieses Produkt ist als Nahrungserg\u00e4nzungsmittel f\u00fcr den gelegentlichen, kurzfristigen Gebrauch vorgesehen und ersetzt keine gesunden Schlafgewohnheiten.<\/p>\n<\/p><\/div>\n<div class=\"chcg-nutrition\">\n<h3>N\u00e4hrwertangaben<\/h3>\n<table class=\"chcg-nutrition-table\">\n<thead>\n<tr>\n<th>N\u00e4hrstoff<\/th>\n<th>Pro Portion (1 Tablette)<\/th>\n<\/tr>\n<\/thead>\n<tbody>\n<tr>\n<td>Melatonin<\/td>\n<td>1 mg*<\/td>\n<\/tr>\n<\/tbody>\n<\/table>\n<p class=\"chcg-footnote\">* Kein festgelegter Tagesbedarf (Tagesreferenzwert nicht ermittelt).<\/p>\n<\/p><\/div>\n<div class=\"chcg-ingredients\">\n<h3>Zutaten<\/h3>\n<p>Melatonin 1 mg. Weitere Zutaten: Xylitol, Cellulosegummi, Sojapolysaccharide, Maltodextrin, Dextrose, Crospovidon, modifizierte Lebensmittelst\u00e4rke, Siliciumdioxid, \u00c4pfels\u00e4ure, nat\u00fcrliches Aroma, Stearins\u00e4ure, Rote-Bete-Extrakt, Magnesiumstearat, Zitronens\u00e4ure.<\/p>\n<p><strong>Enth\u00e4lt: Weizen, Soja.<\/strong><\/p>\n<\/p><\/div>\n<div class=\"chcg-dosage\">\n<h3>Verzehrempfehlung<\/h3>\n<p>Erwachsene nehmen 1 Tablette 30 Minuten vor dem Schlafengehen. Die Tablette im Mund aufl\u00f6sen oder kauen, bevor sie geschluckt wird. Kein Wasser erforderlich.<\/p>\n<\/p><\/div>\n<div class=\"chcg-warnings\">\n<h3>Warnhinweise<\/h3>\n<p>Dieses Produkt ist nicht zur Behandlung von Schlaflosigkeit oder anderen Schlafst\u00f6rungen bestimmt. Vor der Einnahme dieses Produkts einen Arzt konsultieren, wenn man unter 18 Jahre alt ist, Medikamente einnimmt, an einer Erkrankung leidet, schwanger ist oder stillt, an einer Autoimmunerkrankung oder depressiven St\u00f6rung leidet. Melatonin kann Schl\u00e4frigkeit oder Benommenheit verursachen; nicht einnehmen beim F\u00fchren von Fahrzeugen oder Bedienen schwerer Maschinen sowie beim Konsum von Alkohol. Bei unerw\u00fcnschten Reaktionen die Einnahme abbrechen. Nur zur gelegentlichen, kurzfristigen Anwendung. Nur gem\u00e4ss Anweisung verwenden und die empfohlene Menge nicht \u00fcberschreiten. Dieses Produkt ersetzt niemals gesunde Schlafgewohnheiten. Ausserhalb der Reichweite von Kindern aufbewahren. Nicht verwenden, wenn das Sicherheitssiegel besch\u00e4digt oder fehlt.<\/p>\n<\/p><\/div>\n<div class=\"chcg-allergens\">\n<h3>Allergeninformationen<\/h3>\n<p><strong>Enth\u00e4lt: Weizen, Soja.<\/strong> Frei von: Milch, Ei, Fisch, Krustentieren, Schalentieren, Baumn\u00fcssen, Erdn\u00fcssen, Sesam.<\/p>\n<\/p><\/div>\n<div class=\"chcg-storage\">\n<h3>Lagerung<\/h3>\n<p>An einem k\u00fchlen, trockenen Ort lagern. Ausserhalb der Reichweite von Kindern aufbewahren.<\/p>\n<\/p><\/div>\n<div class=\"chcg-dietary\">\n<h3>Ern\u00e4hrungshinweise<\/h3>\n<ul>\n<li>Vegetarisch<\/li>\n<li>Laktosefrei<\/li>\n<\/ul><\/div>\n<\/div>\n","protected":false},"excerpt":{"rendered":"<p>Natrol Melatonin Fast Dissolve mit 1 mg Melatonin pro Tablette unterst\u00fctzt den nat\u00fcrlichen Schlaf-Wach-Rhythmus. Die Schmelztabletten l\u00f6sen sich im Mund auf \u2013 ganz ohne Wasser. 90 Tabletten pro Packung, vegetarisch und laktosefrei.<\/p>\n","protected":false},"featured_media":2034,"comment_status":"closed","ping_status":"open","template":"","meta":[],"product_brand":[208],"product_cat":[48,83],"product_tag":[],"class_list":{"0":"post-2033","1":"product","2":"type-product","3":"status-publish","4":"has-post-thumbnail","6":"product_brand-natrol","7":"product_cat-gesunde-ernaehrung","8":"product_cat-schlafunterstuetzung","10":"first","11":"outofstock","12":"taxable","13":"shipping-taxable","14":"purchasable","15":"product-type-simple"},"yoast_head":"<!-- This site is optimized with the Yoast SEO plugin v27.5 - https:\/\/yoast.com\/product\/yoast-seo-wordpress\/ -->\n<title>Natrol Melatonin Fast Dissolve 1mg \u2013 90 Tabletten | ecosupplements.ch<\/title>\n<meta name=\"description\" content=\"Natrol Melatonin Fast Dissolve 1mg unterst\u00fctzt den Schlaf-Wach-Rhythmus \u2013 90 praktische Schmelztabletten, vegetarisch und laktosefrei. Jetzt bestellen.\" \/>\n<meta name=\"robots\" content=\"index, follow, max-snippet:-1, max-image-preview:large, max-video-preview:-1\" \/>\n<link rel=\"canonical\" href=\"https:\/\/ecosupplements.ch\/?product=natrol-melatonin-fast-dissolve-1mg-90-tabs\" \/>\n<meta property=\"og:locale\" content=\"de_DE\" \/>\n<meta property=\"og:type\" content=\"article\" \/>\n<meta property=\"og:title\" content=\"Natrol Melatonin Fast Dissolve 1mg \u2013 90 Tabletten | ecosupplements.ch\" \/>\n<meta property=\"og:description\" content=\"Natrol Melatonin Fast Dissolve 1mg unterst\u00fctzt den Schlaf-Wach-Rhythmus \u2013 90 praktische Schmelztabletten, vegetarisch und laktosefrei. Jetzt bestellen.\" \/>\n<meta property=\"og:url\" content=\"https:\/\/ecosupplements.ch\/?product=natrol-melatonin-fast-dissolve-1mg-90-tabs\" \/>\n<meta property=\"og:site_name\" content=\"Eco Supplements\" \/>\n<meta property=\"article:modified_time\" content=\"2026-05-13T07:22:48+00:00\" \/>\n<meta property=\"og:image\" content=\"https:\/\/ecosupplements.ch\/wp-content\/uploads\/2026\/05\/Natrol-Melatonin-Fast-Dissolve-1mg-90-tabs.webp\" \/>\n\t<meta property=\"og:image:width\" content=\"700\" \/>\n\t<meta property=\"og:image:height\" content=\"700\" \/>\n\t<meta property=\"og:image:type\" content=\"image\/webp\" \/>\n<meta name=\"twitter:card\" content=\"summary_large_image\" \/>\n<meta name=\"twitter:label1\" content=\"Price\" \/>\n\t<meta name=\"twitter:data1\" content=\"&#067;&#072;&#070;&nbsp;9.78\" \/>\n\t<meta name=\"twitter:label2\" content=\"Availability\" \/>\n\t<meta name=\"twitter:data2\" content=\"Out of stock\" \/>\n<script type=\"application\/ld+json\" class=\"yoast-schema-graph\">{\"@context\":\"https:\\\/\\\/schema.org\",\"@graph\":[{\"@type\":\"WebPage\",\"@id\":\"https:\\\/\\\/ecosupplements.ch\\\/?product=natrol-melatonin-fast-dissolve-1mg-90-tabs\",\"url\":\"https:\\\/\\\/ecosupplements.ch\\\/?product=natrol-melatonin-fast-dissolve-1mg-90-tabs\",\"name\":\"Natrol Melatonin Fast Dissolve 1mg \u2013 90 Tabletten | ecosupplements.ch\",\"isPartOf\":{\"@id\":\"https:\\\/\\\/ecosupplements.ch\\\/#website\"},\"primaryImageOfPage\":{\"@id\":\"https:\\\/\\\/ecosupplements.ch\\\/?product=natrol-melatonin-fast-dissolve-1mg-90-tabs#primaryimage\"},\"image\":{\"@id\":\"https:\\\/\\\/ecosupplements.ch\\\/?product=natrol-melatonin-fast-dissolve-1mg-90-tabs#primaryimage\"},\"thumbnailUrl\":\"https:\\\/\\\/ecosupplements.ch\\\/wp-content\\\/uploads\\\/2026\\\/05\\\/Natrol-Melatonin-Fast-Dissolve-1mg-90-tabs.webp\",\"datePublished\":\"2026-05-11T14:33:34+00:00\",\"dateModified\":\"2026-05-13T07:22:48+00:00\",\"description\":\"Natrol Melatonin Fast Dissolve 1mg unterst\u00fctzt den Schlaf-Wach-Rhythmus \u2013 90 praktische Schmelztabletten, vegetarisch und laktosefrei. Jetzt bestellen.\",\"breadcrumb\":{\"@id\":\"https:\\\/\\\/ecosupplements.ch\\\/?product=natrol-melatonin-fast-dissolve-1mg-90-tabs#breadcrumb\"},\"inLanguage\":\"de-CH\",\"potentialAction\":[{\"@type\":\"ReadAction\",\"target\":[\"https:\\\/\\\/ecosupplements.ch\\\/?product=natrol-melatonin-fast-dissolve-1mg-90-tabs\"]}]},{\"@type\":\"ImageObject\",\"inLanguage\":\"de-CH\",\"@id\":\"https:\\\/\\\/ecosupplements.ch\\\/?product=natrol-melatonin-fast-dissolve-1mg-90-tabs#primaryimage\",\"url\":\"https:\\\/\\\/ecosupplements.ch\\\/wp-content\\\/uploads\\\/2026\\\/05\\\/Natrol-Melatonin-Fast-Dissolve-1mg-90-tabs.webp\",\"contentUrl\":\"https:\\\/\\\/ecosupplements.ch\\\/wp-content\\\/uploads\\\/2026\\\/05\\\/Natrol-Melatonin-Fast-Dissolve-1mg-90-tabs.webp\",\"width\":700,\"height\":700,\"caption\":\"Natrol - Melatonin Fast Dissolve\"},{\"@type\":\"BreadcrumbList\",\"@id\":\"https:\\\/\\\/ecosupplements.ch\\\/?product=natrol-melatonin-fast-dissolve-1mg-90-tabs#breadcrumb\",\"itemListElement\":[{\"@type\":\"ListItem\",\"position\":1,\"name\":\"Home\",\"item\":\"https:\\\/\\\/ecosupplements.ch\\\/\"},{\"@type\":\"ListItem\",\"position\":2,\"name\":\"Shop\",\"item\":\"https:\\\/\\\/ecosupplements.ch\\\/?page_id=14\"},{\"@type\":\"ListItem\",\"position\":3,\"name\":\"Natrol &#8211; Melatonin Fast Dissolve, 1mg &#8211; 90 tabs\"}]},{\"@type\":\"WebSite\",\"@id\":\"https:\\\/\\\/ecosupplements.ch\\\/#website\",\"url\":\"https:\\\/\\\/ecosupplements.ch\\\/\",\"name\":\"Eco Supplements\",\"description\":\"\",\"potentialAction\":[{\"@type\":\"SearchAction\",\"target\":{\"@type\":\"EntryPoint\",\"urlTemplate\":\"https:\\\/\\\/ecosupplements.ch\\\/?s={search_term_string}\"},\"query-input\":{\"@type\":\"PropertyValueSpecification\",\"valueRequired\":true,\"valueName\":\"search_term_string\"}}],\"inLanguage\":\"de-CH\"}]}<\/script>\n<meta property=\"product:price:amount\" content=\"9.78\" \/>\n<meta property=\"product:price:currency\" content=\"CHF\" \/>\n<meta property=\"og:availability\" content=\"out of stock\" \/>\n<meta property=\"product:availability\" content=\"out of stock\" \/>\n<meta property=\"product:retailer_item_id\" content=\"047469063245\" \/>\n<meta property=\"product:condition\" content=\"new\" \/>\n<!-- \/ Yoast SEO plugin. -->","yoast_head_json":{"title":"Natrol Melatonin Fast Dissolve 1mg \u2013 90 Tabletten | ecosupplements.ch","description":"Natrol Melatonin Fast Dissolve 1mg unterst\u00fctzt den Schlaf-Wach-Rhythmus \u2013 90 praktische Schmelztabletten, vegetarisch und laktosefrei. Jetzt bestellen.","robots":{"index":"index","follow":"follow","max-snippet":"max-snippet:-1","max-image-preview":"max-image-preview:large","max-video-preview":"max-video-preview:-1"},"canonical":"https:\/\/ecosupplements.ch\/?product=natrol-melatonin-fast-dissolve-1mg-90-tabs","og_locale":"de_DE","og_type":"article","og_title":"Natrol Melatonin Fast Dissolve 1mg \u2013 90 Tabletten | ecosupplements.ch","og_description":"Natrol Melatonin Fast Dissolve 1mg unterst\u00fctzt den Schlaf-Wach-Rhythmus \u2013 90 praktische Schmelztabletten, vegetarisch und laktosefrei. Jetzt bestellen.","og_url":"https:\/\/ecosupplements.ch\/?product=natrol-melatonin-fast-dissolve-1mg-90-tabs","og_site_name":"Eco Supplements","article_modified_time":"2026-05-13T07:22:48+00:00","og_image":[{"width":700,"height":700,"url":"https:\/\/ecosupplements.ch\/wp-content\/uploads\/2026\/05\/Natrol-Melatonin-Fast-Dissolve-1mg-90-tabs.webp","type":"image\/webp"}],"twitter_card":"summary_large_image","twitter_misc":{"Price":"&#67;&#72;&#70;&nbsp;9.78","Availability":"Out of stock"},"schema":{"@context":"https:\/\/schema.org","@graph":[{"@type":"WebPage","@id":"https:\/\/ecosupplements.ch\/?product=natrol-melatonin-fast-dissolve-1mg-90-tabs","url":"https:\/\/ecosupplements.ch\/?product=natrol-melatonin-fast-dissolve-1mg-90-tabs","name":"Natrol Melatonin Fast Dissolve 1mg \u2013 90 Tabletten | ecosupplements.ch","isPartOf":{"@id":"https:\/\/ecosupplements.ch\/#website"},"primaryImageOfPage":{"@id":"https:\/\/ecosupplements.ch\/?product=natrol-melatonin-fast-dissolve-1mg-90-tabs#primaryimage"},"image":{"@id":"https:\/\/ecosupplements.ch\/?product=natrol-melatonin-fast-dissolve-1mg-90-tabs#primaryimage"},"thumbnailUrl":"https:\/\/ecosupplements.ch\/wp-content\/uploads\/2026\/05\/Natrol-Melatonin-Fast-Dissolve-1mg-90-tabs.webp","datePublished":"2026-05-11T14:33:34+00:00","dateModified":"2026-05-13T07:22:48+00:00","description":"Natrol Melatonin Fast Dissolve 1mg unterst\u00fctzt den Schlaf-Wach-Rhythmus \u2013 90 praktische Schmelztabletten, vegetarisch und laktosefrei. Jetzt bestellen.","breadcrumb":{"@id":"https:\/\/ecosupplements.ch\/?product=natrol-melatonin-fast-dissolve-1mg-90-tabs#breadcrumb"},"inLanguage":"de-CH","potentialAction":[{"@type":"ReadAction","target":["https:\/\/ecosupplements.ch\/?product=natrol-melatonin-fast-dissolve-1mg-90-tabs"]}]},{"@type":"ImageObject","inLanguage":"de-CH","@id":"https:\/\/ecosupplements.ch\/?product=natrol-melatonin-fast-dissolve-1mg-90-tabs#primaryimage","url":"https:\/\/ecosupplements.ch\/wp-content\/uploads\/2026\/05\/Natrol-Melatonin-Fast-Dissolve-1mg-90-tabs.webp","contentUrl":"https:\/\/ecosupplements.ch\/wp-content\/uploads\/2026\/05\/Natrol-Melatonin-Fast-Dissolve-1mg-90-tabs.webp","width":700,"height":700,"caption":"Natrol - Melatonin Fast Dissolve"},{"@type":"BreadcrumbList","@id":"https:\/\/ecosupplements.ch\/?product=natrol-melatonin-fast-dissolve-1mg-90-tabs#breadcrumb","itemListElement":[{"@type":"ListItem","position":1,"name":"Home","item":"https:\/\/ecosupplements.ch\/"},{"@type":"ListItem","position":2,"name":"Shop","item":"https:\/\/ecosupplements.ch\/?page_id=14"},{"@type":"ListItem","position":3,"name":"Natrol &#8211; Melatonin Fast Dissolve, 1mg &#8211; 90 tabs"}]},{"@type":"WebSite","@id":"https:\/\/ecosupplements.ch\/#website","url":"https:\/\/ecosupplements.ch\/","name":"Eco Supplements","description":"","potentialAction":[{"@type":"SearchAction","target":{"@type":"EntryPoint","urlTemplate":"https:\/\/ecosupplements.ch\/?s={search_term_string}"},"query-input":{"@type":"PropertyValueSpecification","valueRequired":true,"valueName":"search_term_string"}}],"inLanguage":"de-CH"}]},"product_price_amount":"9.78","product_price_currency":"CHF","og_availability":"out of stock","product_availability":"out of stock","product_retailer_item_id":"047469063245","product_condition":"new"},"_links":{"self":[{"href":"https:\/\/ecosupplements.ch\/index.php?rest_route=\/wp\/v2\/product\/2033","targetHints":{"allow":["GET"]}}],"collection":[{"href":"https:\/\/ecosupplements.ch\/index.php?rest_route=\/wp\/v2\/product"}],"about":[{"href":"https:\/\/ecosupplements.ch\/index.php?rest_route=\/wp\/v2\/types\/product"}],"replies":[{"embeddable":true,"href":"https:\/\/ecosupplements.ch\/index.php?rest_route=%2Fwp%2Fv2%2Fcomments&post=2033"}],"wp:featuredmedia":[{"embeddable":true,"href":"https:\/\/ecosupplements.ch\/index.php?rest_route=\/wp\/v2\/media\/2034"}],"wp:attachment":[{"href":"https:\/\/ecosupplements.ch\/index.php?rest_route=%2Fwp%2Fv2%2Fmedia&parent=2033"}],"wp:term":[{"taxonomy":"product_brand","embeddable":true,"href":"https:\/\/ecosupplements.ch\/index.php?rest_route=%2Fwp%2Fv2%2Fproduct_brand&post=2033"},{"taxonomy":"product_cat","embeddable":true,"href":"https:\/\/ecosupplements.ch\/index.php?rest_route=%2Fwp%2Fv2%2Fproduct_cat&post=2033"},{"taxonomy":"product_tag","embeddable":true,"href":"https:\/\/ecosupplements.ch\/index.php?rest_route=%2Fwp%2Fv2%2Fproduct_tag&post=2033"}],"curies":[{"name":"wp","href":"https:\/\/api.w.org\/{rel}","templated":true}]}}