{"id":2048,"date":"2026-05-11T14:33:40","date_gmt":"2026-05-11T14:33:40","guid":{"rendered":"https:\/\/ecosupplements.ch\/?product=melatonin-3mg-240-tabs"},"modified":"2026-05-13T07:22:49","modified_gmt":"2026-05-13T07:22:49","slug":"melatonin-3mg-240-tabs","status":"publish","type":"product","link":"https:\/\/ecosupplements.ch\/?product=melatonin-3mg-240-tabs","title":{"rendered":"Melatonin, 3mg &#8211; 240 tabs"},"content":{"rendered":"<div class=\"chcg-product-description\">\n<h2 class=\"chcg-heading\">\u00dcber Natrol \u2013 Melatonin, 3mg \u2013 240 Tabletten<\/h2>\n<div class=\"chcg-intro\">\n<p>Melatonin ist ein k\u00f6rpereigenes Hormon, das eine zentrale Rolle bei der Regulierung des Schlaf-Wach-Rhythmus spielt. Die Melatonin-Tabletten von Natrol liefern pro Portion 3 mg Melatonin in praktischer Tablettenform \u2013 ideal f\u00fcr Personen, die ihren nat\u00fcrlichen Schlafrhythmus unterst\u00fctzen m\u00f6chten, beispielsweise bei unregelm\u00e4ssigen Schlafzeiten oder nach langen Reisen mit Zeitzonenwechsel.<\/p>\n<p>Jede Tablette enth\u00e4lt zus\u00e4tzlich Vitamin B6, das zur normalen Funktion des Nervensystems beitr\u00e4gt, sowie Calcium f\u00fcr die normale Muskelfunktion. Die Formel ist glutenfrei, laktosefrei und f\u00fcr Vegetarier geeignet \u2013 entwickelt nach den hohen Qualit\u00e4tsstandards von Natrol, einem der bekanntesten Supplement-Hersteller in den USA.<\/p>\n<p>Mit 240 Tabletten pro Packung bietet dieses Produkt einen besonders langen Vorrat und eignet sich f\u00fcr den gelegentlichen, kurzfristigen Einsatz als Erg\u00e4nzung zu gesunden Schlafgewohnheiten.<\/p>\n<\/p><\/div>\n<div class=\"chcg-nutrition\">\n<h3>N\u00e4hrwertangaben<\/h3>\n<table class=\"chcg-nutrition-table\">\n<thead>\n<tr>\n<th>N\u00e4hrstoff<\/th>\n<th>Pro Portion (1 Tablette)<\/th>\n<\/tr>\n<\/thead>\n<tbody>\n<tr>\n<td>Vitamin B6 (als Pyridoxinhydrochlorid)<\/td>\n<td>10 mg (588% des Tagesbedarfs)<\/td>\n<\/tr>\n<tr>\n<td>Calcium (als Calciumcarbonat)<\/td>\n<td>63 mg (5% des Tagesbedarfs)<\/td>\n<\/tr>\n<tr>\n<td>Melatonin<\/td>\n<td>3 mg (*)<\/td>\n<\/tr>\n<\/tbody>\n<\/table>\n<p class=\"chcg-footnote\">* Kein festgelegter Tagesbedarf<\/p>\n<\/p><\/div>\n<div class=\"chcg-ingredients\">\n<h3>Zutaten<\/h3>\n<p>Vitamin B6 (als Pyridoxinhydrochlorid) 10 mg, Calcium (als Calciumcarbonat) 63 mg, Melatonin 3 mg. Weitere Zutaten: Mikrokristalline Cellulose, Stearins\u00e4ure, Magnesiumstearat, Cellullosegummi, Siliciumdioxid.<\/p>\n<\/p><\/div>\n<div class=\"chcg-dosage\">\n<h3>Verzehrempfehlung<\/h3>\n<p>Erwachsene nehmen 1 Tablette 30 Minuten vor dem Schlafengehen ein.<\/p>\n<\/p><\/div>\n<div class=\"chcg-warnings\">\n<h3>Warnhinweise<\/h3>\n<p>Dieses Produkt ist nicht zur Behandlung von Schlaflosigkeit oder anderen Schlafst\u00f6rungen bestimmt. Konsultieren Sie vor der Einnahme dieses Produkts einen Arzt, wenn Sie unter 18 Jahre alt sind, Medikamente einnehmen, an einer medizinischen Erkrankung leiden, schwanger sind oder stillen, an einer Autoimmunerkrankung oder einer depressiven St\u00f6rung leiden. Melatonin kann Schl\u00e4frigkeit oder Benommenheit verursachen; nehmen Sie dieses Produkt nicht ein, wenn Sie ein Fahrzeug lenken, schwere Maschinen bedienen oder Alkohol konsumieren. Bei unerw\u00fcnschten Reaktionen ist die Einnahme sofort zu beenden. Nur f\u00fcr den gelegentlichen, kurzfristigen Einsatz bestimmt. Nur gem\u00e4ss Anweisung verwenden und die empfohlene Einnahme nicht \u00fcberschreiten. Dieses Produkt darf gesunde Schlafgewohnheiten nie ersetzen. Ausserhalb der Reichweite von Kindern aufbewahren.<\/p>\n<\/p><\/div>\n<div class=\"chcg-allergens\">\n<h3>Allergeninformationen<\/h3>\n<p>Frei von: Milch, Ei, Fisch, Krebstieren und Schalentieren, Baumn\u00fcssen, Erdn\u00fcssen, Weizen, Soja, Sesam.<\/p>\n<\/p><\/div>\n<div class=\"chcg-storage\">\n<h3>Lagerung<\/h3>\n<p>An einem k\u00fchlen, trockenen Ort lagern.<\/p>\n<\/p><\/div>\n<div class=\"chcg-dietary\">\n<h3>Ern\u00e4hrungshinweise<\/h3>\n<ul>\n<li>Vegetarisch<\/li>\n<li>Glutenfrei<\/li>\n<li>Laktosefrei<\/li>\n<\/ul><\/div>\n<\/div>\n","protected":false},"excerpt":{"rendered":"<p>Natrol Melatonin 3mg unterst\u00fctzt einen gesunden Schlaf-Wach-Rhythmus. Praktische Tabletten mit Vitamin B6 und Calcium \u2013 glutenfrei und laktosefrei. 240 Tabletten pro Packung f\u00fcr einen langen Vorrat.<\/p>\n","protected":false},"featured_media":2049,"comment_status":"closed","ping_status":"open","template":"","meta":[],"product_brand":[208],"product_cat":[48,83],"product_tag":[],"class_list":{"0":"post-2048","1":"product","2":"type-product","3":"status-publish","4":"has-post-thumbnail","6":"product_brand-natrol","7":"product_cat-gesunde-ernaehrung","8":"product_cat-schlafunterstuetzung","10":"first","11":"outofstock","12":"taxable","13":"shipping-taxable","14":"purchasable","15":"product-type-simple"},"yoast_head":"<!-- This site is optimized with the Yoast SEO plugin v27.5 - https:\/\/yoast.com\/product\/yoast-seo-wordpress\/ -->\n<title>Melatonin 3mg, 240 Tabletten \u2013 Natrol | ecosupplements.ch<\/title>\n<meta name=\"description\" content=\"Natrol Melatonin 3mg in praktischen Tabletten unterst\u00fctzt Ihren nat\u00fcrlichen Schlaf-Wach-Rhythmus \u2013 glutenfrei, laktosefrei, 240 Tabletten. Jetzt bestellen.\" \/>\n<meta name=\"robots\" content=\"index, follow, max-snippet:-1, max-image-preview:large, max-video-preview:-1\" \/>\n<link rel=\"canonical\" href=\"https:\/\/ecosupplements.ch\/?product=melatonin-3mg-240-tabs\" \/>\n<meta property=\"og:locale\" content=\"de_DE\" \/>\n<meta property=\"og:type\" content=\"article\" \/>\n<meta property=\"og:title\" content=\"Melatonin 3mg, 240 Tabletten \u2013 Natrol | ecosupplements.ch\" \/>\n<meta property=\"og:description\" content=\"Natrol Melatonin 3mg in praktischen Tabletten unterst\u00fctzt Ihren nat\u00fcrlichen Schlaf-Wach-Rhythmus \u2013 glutenfrei, laktosefrei, 240 Tabletten. Jetzt bestellen.\" \/>\n<meta property=\"og:url\" content=\"https:\/\/ecosupplements.ch\/?product=melatonin-3mg-240-tabs\" \/>\n<meta property=\"og:site_name\" content=\"Eco Supplements\" \/>\n<meta property=\"article:modified_time\" content=\"2026-05-13T07:22:49+00:00\" \/>\n<meta property=\"og:image\" content=\"https:\/\/ecosupplements.ch\/wp-content\/uploads\/2026\/05\/Melatonin-3mg-240-tabs.jpg\" \/>\n\t<meta property=\"og:image:width\" content=\"196\" \/>\n\t<meta property=\"og:image:height\" content=\"342\" \/>\n\t<meta property=\"og:image:type\" content=\"image\/jpeg\" \/>\n<meta name=\"twitter:card\" content=\"summary_large_image\" \/>\n<meta name=\"twitter:label1\" content=\"Price\" \/>\n\t<meta name=\"twitter:data1\" content=\"&#067;&#072;&#070;&nbsp;24.15\" \/>\n\t<meta name=\"twitter:label2\" content=\"Availability\" \/>\n\t<meta name=\"twitter:data2\" content=\"Out of stock\" \/>\n<script type=\"application\/ld+json\" class=\"yoast-schema-graph\">{\"@context\":\"https:\\\/\\\/schema.org\",\"@graph\":[{\"@type\":\"WebPage\",\"@id\":\"https:\\\/\\\/ecosupplements.ch\\\/?product=melatonin-3mg-240-tabs\",\"url\":\"https:\\\/\\\/ecosupplements.ch\\\/?product=melatonin-3mg-240-tabs\",\"name\":\"Melatonin 3mg, 240 Tabletten \u2013 Natrol | ecosupplements.ch\",\"isPartOf\":{\"@id\":\"https:\\\/\\\/ecosupplements.ch\\\/#website\"},\"primaryImageOfPage\":{\"@id\":\"https:\\\/\\\/ecosupplements.ch\\\/?product=melatonin-3mg-240-tabs#primaryimage\"},\"image\":{\"@id\":\"https:\\\/\\\/ecosupplements.ch\\\/?product=melatonin-3mg-240-tabs#primaryimage\"},\"thumbnailUrl\":\"https:\\\/\\\/ecosupplements.ch\\\/wp-content\\\/uploads\\\/2026\\\/05\\\/Melatonin-3mg-240-tabs.jpg\",\"datePublished\":\"2026-05-11T14:33:40+00:00\",\"dateModified\":\"2026-05-13T07:22:49+00:00\",\"description\":\"Natrol Melatonin 3mg in praktischen Tabletten unterst\u00fctzt Ihren nat\u00fcrlichen Schlaf-Wach-Rhythmus \u2013 glutenfrei, laktosefrei, 240 Tabletten. Jetzt bestellen.\",\"breadcrumb\":{\"@id\":\"https:\\\/\\\/ecosupplements.ch\\\/?product=melatonin-3mg-240-tabs#breadcrumb\"},\"inLanguage\":\"de-CH\",\"potentialAction\":[{\"@type\":\"ReadAction\",\"target\":[\"https:\\\/\\\/ecosupplements.ch\\\/?product=melatonin-3mg-240-tabs\"]}]},{\"@type\":\"ImageObject\",\"inLanguage\":\"de-CH\",\"@id\":\"https:\\\/\\\/ecosupplements.ch\\\/?product=melatonin-3mg-240-tabs#primaryimage\",\"url\":\"https:\\\/\\\/ecosupplements.ch\\\/wp-content\\\/uploads\\\/2026\\\/05\\\/Melatonin-3mg-240-tabs.jpg\",\"contentUrl\":\"https:\\\/\\\/ecosupplements.ch\\\/wp-content\\\/uploads\\\/2026\\\/05\\\/Melatonin-3mg-240-tabs.jpg\",\"width\":196,\"height\":342,\"caption\":\"Melatonin\"},{\"@type\":\"BreadcrumbList\",\"@id\":\"https:\\\/\\\/ecosupplements.ch\\\/?product=melatonin-3mg-240-tabs#breadcrumb\",\"itemListElement\":[{\"@type\":\"ListItem\",\"position\":1,\"name\":\"Home\",\"item\":\"https:\\\/\\\/ecosupplements.ch\\\/\"},{\"@type\":\"ListItem\",\"position\":2,\"name\":\"Shop\",\"item\":\"https:\\\/\\\/ecosupplements.ch\\\/?page_id=14\"},{\"@type\":\"ListItem\",\"position\":3,\"name\":\"Melatonin, 3mg &#8211; 240 tabs\"}]},{\"@type\":\"WebSite\",\"@id\":\"https:\\\/\\\/ecosupplements.ch\\\/#website\",\"url\":\"https:\\\/\\\/ecosupplements.ch\\\/\",\"name\":\"Eco Supplements\",\"description\":\"\",\"potentialAction\":[{\"@type\":\"SearchAction\",\"target\":{\"@type\":\"EntryPoint\",\"urlTemplate\":\"https:\\\/\\\/ecosupplements.ch\\\/?s={search_term_string}\"},\"query-input\":{\"@type\":\"PropertyValueSpecification\",\"valueRequired\":true,\"valueName\":\"search_term_string\"}}],\"inLanguage\":\"de-CH\"}]}<\/script>\n<meta property=\"product:price:amount\" content=\"24.15\" \/>\n<meta property=\"product:price:currency\" content=\"CHF\" \/>\n<meta property=\"og:availability\" content=\"out of stock\" \/>\n<meta property=\"product:availability\" content=\"out of stock\" \/>\n<meta property=\"product:retailer_item_id\" content=\"047469160685\" \/>\n<meta property=\"product:condition\" content=\"new\" \/>\n<!-- \/ Yoast SEO plugin. -->","yoast_head_json":{"title":"Melatonin 3mg, 240 Tabletten \u2013 Natrol | ecosupplements.ch","description":"Natrol Melatonin 3mg in praktischen Tabletten unterst\u00fctzt Ihren nat\u00fcrlichen Schlaf-Wach-Rhythmus \u2013 glutenfrei, laktosefrei, 240 Tabletten. Jetzt bestellen.","robots":{"index":"index","follow":"follow","max-snippet":"max-snippet:-1","max-image-preview":"max-image-preview:large","max-video-preview":"max-video-preview:-1"},"canonical":"https:\/\/ecosupplements.ch\/?product=melatonin-3mg-240-tabs","og_locale":"de_DE","og_type":"article","og_title":"Melatonin 3mg, 240 Tabletten \u2013 Natrol | ecosupplements.ch","og_description":"Natrol Melatonin 3mg in praktischen Tabletten unterst\u00fctzt Ihren nat\u00fcrlichen Schlaf-Wach-Rhythmus \u2013 glutenfrei, laktosefrei, 240 Tabletten. Jetzt bestellen.","og_url":"https:\/\/ecosupplements.ch\/?product=melatonin-3mg-240-tabs","og_site_name":"Eco Supplements","article_modified_time":"2026-05-13T07:22:49+00:00","og_image":[{"width":196,"height":342,"url":"https:\/\/ecosupplements.ch\/wp-content\/uploads\/2026\/05\/Melatonin-3mg-240-tabs.jpg","type":"image\/jpeg"}],"twitter_card":"summary_large_image","twitter_misc":{"Price":"&#67;&#72;&#70;&nbsp;24.15","Availability":"Out of stock"},"schema":{"@context":"https:\/\/schema.org","@graph":[{"@type":"WebPage","@id":"https:\/\/ecosupplements.ch\/?product=melatonin-3mg-240-tabs","url":"https:\/\/ecosupplements.ch\/?product=melatonin-3mg-240-tabs","name":"Melatonin 3mg, 240 Tabletten \u2013 Natrol | ecosupplements.ch","isPartOf":{"@id":"https:\/\/ecosupplements.ch\/#website"},"primaryImageOfPage":{"@id":"https:\/\/ecosupplements.ch\/?product=melatonin-3mg-240-tabs#primaryimage"},"image":{"@id":"https:\/\/ecosupplements.ch\/?product=melatonin-3mg-240-tabs#primaryimage"},"thumbnailUrl":"https:\/\/ecosupplements.ch\/wp-content\/uploads\/2026\/05\/Melatonin-3mg-240-tabs.jpg","datePublished":"2026-05-11T14:33:40+00:00","dateModified":"2026-05-13T07:22:49+00:00","description":"Natrol Melatonin 3mg in praktischen Tabletten unterst\u00fctzt Ihren nat\u00fcrlichen Schlaf-Wach-Rhythmus \u2013 glutenfrei, laktosefrei, 240 Tabletten. Jetzt bestellen.","breadcrumb":{"@id":"https:\/\/ecosupplements.ch\/?product=melatonin-3mg-240-tabs#breadcrumb"},"inLanguage":"de-CH","potentialAction":[{"@type":"ReadAction","target":["https:\/\/ecosupplements.ch\/?product=melatonin-3mg-240-tabs"]}]},{"@type":"ImageObject","inLanguage":"de-CH","@id":"https:\/\/ecosupplements.ch\/?product=melatonin-3mg-240-tabs#primaryimage","url":"https:\/\/ecosupplements.ch\/wp-content\/uploads\/2026\/05\/Melatonin-3mg-240-tabs.jpg","contentUrl":"https:\/\/ecosupplements.ch\/wp-content\/uploads\/2026\/05\/Melatonin-3mg-240-tabs.jpg","width":196,"height":342,"caption":"Melatonin"},{"@type":"BreadcrumbList","@id":"https:\/\/ecosupplements.ch\/?product=melatonin-3mg-240-tabs#breadcrumb","itemListElement":[{"@type":"ListItem","position":1,"name":"Home","item":"https:\/\/ecosupplements.ch\/"},{"@type":"ListItem","position":2,"name":"Shop","item":"https:\/\/ecosupplements.ch\/?page_id=14"},{"@type":"ListItem","position":3,"name":"Melatonin, 3mg &#8211; 240 tabs"}]},{"@type":"WebSite","@id":"https:\/\/ecosupplements.ch\/#website","url":"https:\/\/ecosupplements.ch\/","name":"Eco Supplements","description":"","potentialAction":[{"@type":"SearchAction","target":{"@type":"EntryPoint","urlTemplate":"https:\/\/ecosupplements.ch\/?s={search_term_string}"},"query-input":{"@type":"PropertyValueSpecification","valueRequired":true,"valueName":"search_term_string"}}],"inLanguage":"de-CH"}]},"product_price_amount":"24.15","product_price_currency":"CHF","og_availability":"out of stock","product_availability":"out of stock","product_retailer_item_id":"047469160685","product_condition":"new"},"_links":{"self":[{"href":"https:\/\/ecosupplements.ch\/index.php?rest_route=\/wp\/v2\/product\/2048","targetHints":{"allow":["GET"]}}],"collection":[{"href":"https:\/\/ecosupplements.ch\/index.php?rest_route=\/wp\/v2\/product"}],"about":[{"href":"https:\/\/ecosupplements.ch\/index.php?rest_route=\/wp\/v2\/types\/product"}],"replies":[{"embeddable":true,"href":"https:\/\/ecosupplements.ch\/index.php?rest_route=%2Fwp%2Fv2%2Fcomments&post=2048"}],"wp:featuredmedia":[{"embeddable":true,"href":"https:\/\/ecosupplements.ch\/index.php?rest_route=\/wp\/v2\/media\/2049"}],"wp:attachment":[{"href":"https:\/\/ecosupplements.ch\/index.php?rest_route=%2Fwp%2Fv2%2Fmedia&parent=2048"}],"wp:term":[{"taxonomy":"product_brand","embeddable":true,"href":"https:\/\/ecosupplements.ch\/index.php?rest_route=%2Fwp%2Fv2%2Fproduct_brand&post=2048"},{"taxonomy":"product_cat","embeddable":true,"href":"https:\/\/ecosupplements.ch\/index.php?rest_route=%2Fwp%2Fv2%2Fproduct_cat&post=2048"},{"taxonomy":"product_tag","embeddable":true,"href":"https:\/\/ecosupplements.ch\/index.php?rest_route=%2Fwp%2Fv2%2Fproduct_tag&post=2048"}],"curies":[{"name":"wp","href":"https:\/\/api.w.org\/{rel}","templated":true}]}}