{"id":2072,"date":"2026-05-11T14:33:51","date_gmt":"2026-05-11T14:33:51","guid":{"rendered":"https:\/\/ecosupplements.ch\/?product=devils-claw-extract-1000mg-30-ml"},"modified":"2026-05-13T07:25:53","modified_gmt":"2026-05-13T07:25:53","slug":"devils-claw-extract-1000mg-30-ml","status":"publish","type":"product","link":"https:\/\/ecosupplements.ch\/?product=devils-claw-extract-1000mg-30-ml","title":{"rendered":"Devil&#8217;s Claw Extract, 1000mg &#8211; 30 ml."},"content":{"rendered":"<div class=\"chcg-product-description\">\n<h2 class=\"chcg-heading\">\u00dcber Nature&#8217;s Answer \u2013 Devil&#8217;s Claw Extrakt, 1000mg \u2013 30 ml<\/h2>\n<div class=\"chcg-intro\">\n<p>Der Devil&#8217;s Claw Extrakt von Nature&#8217;s Answer liefert pro Portion 1&#8217;000 mg Teufelskrallenwurzel-Extrakt (Harpagophytum procumbens) in einem praktischen fl\u00fcssigen Format. Dank des 1:1-Verh\u00e4ltnisses zum Trockenextrakt entspricht jede Einnahme exakt dem Wirkstoffgehalt der frischen Pflanze \u2013 f\u00fcr eine pr\u00e4zise und konstante Dosierung.<\/p>\n<p>Die Teufelskralle ist eine traditionell verwendete Pflanze aus den Trockengebieten S\u00fcdafrikas, deren Wurzel seit Jahrhunderten in der pflanzlichen Ern\u00e4hrungserg\u00e4nzung gesch\u00e4tzt wird. Nature&#8217;s Answer verwendet f\u00fcr dieses Produkt ausschliesslich sorgf\u00e4ltig ausgew\u00e4hlte Rohstoffe, die in einem nat\u00fcrlichen Glycerin-Wasser-Basisextrakt aufbereitet werden \u2013 ganz ohne Alkohol, Kunstsaromen oder Konservierungsstoffe.<\/p>\n<p>Das fl\u00fcssige Format erm\u00f6glicht eine flexible Dosierung und rasche Einnahme: Einfach die empfohlene Menge in etwas Wasser geben und trinken. Das Produkt ist vegan, glutenfrei und frei von tierischen Inhaltsstoffen \u2013 ideal f\u00fcr Menschen mit besonderen Ern\u00e4hrungsbed\u00fcrfnissen.<\/p>\n<\/p><\/div>\n<div class=\"chcg-nutrition\">\n<h3>N\u00e4hrwertangaben<\/h3>\n<table class=\"chcg-nutrition-table\">\n<thead>\n<tr>\n<th>N\u00e4hrstoff<\/th>\n<th>Pro Portion (1 ml \/ ca. 33 Tropfen)<\/th>\n<\/tr>\n<\/thead>\n<tbody>\n<tr>\n<td>Teufelskralle (<em>Harpagophytum procumbens<\/em>) Wurzelextrakt (1:1 Trockenextrakt-\u00c4quivalent)<\/td>\n<td>1&#8217;000 mg *<\/td>\n<\/tr>\n<\/tbody>\n<\/table>\n<p class=\"chcg-footnote\">* Kein festgelegter Tagesbedarf (Daily Value not established).<\/p>\n<p class=\"chcg-footnote\">Pro 100 ml: Teufelskralle Wurzelextrakt: 100&#8217;000 mg.<\/p>\n<\/p><\/div>\n<div class=\"chcg-ingredients\">\n<h3>Zutaten<\/h3>\n<p>Teufelskralle (<em>Harpagophytum procumbens<\/em>) Wurzelextrakt (1&#8217;000 mg (1:1) Trockenextrakt-\u00c4quivalent), pflanzliches Glycerin, USP gereinigtes Wasser.<\/p>\n<\/p><\/div>\n<div class=\"chcg-dosage\">\n<h3>Verzehrempfehlung<\/h3>\n<p>Als Nahrungserg\u00e4nzungsmittel 1 ml (33 Tropfen) dreimal t\u00e4glich in einer kleinen Menge Wasser einnehmen. Vor Gebrauch gut sch\u00fctteln.<\/p>\n<\/p><\/div>\n<div class=\"chcg-warnings\">\n<h3>Warnhinweise<\/h3>\n<p>Ausserhalb der Reichweite von Kindern aufbewahren. Nicht verwenden w\u00e4hrend der Schwangerschaft oder Stillzeit. Nicht verwenden, wenn das Sicherheitssiegel besch\u00e4digt oder nicht vorhanden ist.<\/p>\n<\/p><\/div>\n<div class=\"chcg-allergens\">\n<h3>Allergeninformationen<\/h3>\n<p>Frei von Alkohol und Gluten. Keine k\u00fcnstlichen Aromen, keine Konservierungsstoffe.<\/p>\n<\/p><\/div>\n<div class=\"chcg-dietary\">\n<h3>Ern\u00e4hrungshinweise<\/h3>\n<ul>\n<li>Vegan<\/li>\n<li>Vegetarisch<\/li>\n<li>Glutenfrei<\/li>\n<li>Laktosefrei<\/li>\n<\/ul><\/div>\n<\/div>\n","protected":false},"excerpt":{"rendered":"<p>Devil&#8217;s Claw Extrakt von Nature&#8217;s Answer mit 1&#8217;000 mg Teufelskrallenwurzel pro Portion \u2013 alkoholfrei, vegan und glutenfrei. Fl\u00fcssiger Extrakt (30 ml), praktisch dosierbar mit Tropfen. Ohne Konservierungsstoffe.<\/p>\n","protected":false},"featured_media":2073,"comment_status":"closed","ping_status":"open","template":"","meta":[],"product_brand":[266],"product_cat":[48,25,44,21],"product_tag":[],"class_list":{"0":"post-2072","1":"product","2":"type-product","3":"status-publish","4":"has-post-thumbnail","6":"product_brand-natures-answer","7":"product_cat-gesunde-ernaehrung","8":"product_cat-gesundheit-und-wohlbefinden","9":"product_cat-pflanzliche-nahrungsergaenzungsmittel","10":"product_cat-vitamine-und-mineralstoffe","12":"first","13":"outofstock","14":"taxable","15":"shipping-taxable","16":"purchasable","17":"product-type-simple"},"yoast_head":"<!-- This site is optimized with the Yoast SEO plugin v27.5 - https:\/\/yoast.com\/product\/yoast-seo-wordpress\/ -->\n<title>Devil&#039;s Claw Extrakt 1000mg \u2013 Nature&#039;s Answer | ecosupplements.ch<\/title>\n<meta name=\"description\" content=\"Nature&#039;s Answer Devil&#039;s Claw Extrakt mit 1&#039;000 mg pro Portion \u2013 alkoholfrei, vegan, glutenfrei, 30 ml. Jetzt bestellen.\" \/>\n<meta name=\"robots\" content=\"index, follow, max-snippet:-1, max-image-preview:large, max-video-preview:-1\" \/>\n<link rel=\"canonical\" href=\"https:\/\/ecosupplements.ch\/?product=devils-claw-extract-1000mg-30-ml\" \/>\n<meta property=\"og:locale\" content=\"de_DE\" \/>\n<meta property=\"og:type\" content=\"article\" \/>\n<meta property=\"og:title\" content=\"Devil&#039;s Claw Extrakt 1000mg \u2013 Nature&#039;s Answer | ecosupplements.ch\" \/>\n<meta property=\"og:description\" content=\"Nature&#039;s Answer Devil&#039;s Claw Extrakt mit 1&#039;000 mg pro Portion \u2013 alkoholfrei, vegan, glutenfrei, 30 ml. Jetzt bestellen.\" \/>\n<meta property=\"og:url\" content=\"https:\/\/ecosupplements.ch\/?product=devils-claw-extract-1000mg-30-ml\" \/>\n<meta property=\"og:site_name\" content=\"Eco Supplements\" \/>\n<meta property=\"article:modified_time\" content=\"2026-05-13T07:25:53+00:00\" \/>\n<meta property=\"og:image\" content=\"https:\/\/ecosupplements.ch\/wp-content\/uploads\/2026\/05\/Devils-Claw-Extract-1000mg-30-ml.jpg\" \/>\n\t<meta property=\"og:image:width\" content=\"800\" \/>\n\t<meta property=\"og:image:height\" content=\"800\" \/>\n\t<meta property=\"og:image:type\" content=\"image\/jpeg\" \/>\n<meta name=\"twitter:card\" content=\"summary_large_image\" \/>\n<meta name=\"twitter:label1\" content=\"Price\" \/>\n\t<meta name=\"twitter:data1\" content=\"&#067;&#072;&#070;&nbsp;15.74\" \/>\n\t<meta name=\"twitter:label2\" content=\"Availability\" \/>\n\t<meta name=\"twitter:data2\" content=\"Out of stock\" \/>\n<script type=\"application\/ld+json\" class=\"yoast-schema-graph\">{\"@context\":\"https:\\\/\\\/schema.org\",\"@graph\":[{\"@type\":\"WebPage\",\"@id\":\"https:\\\/\\\/ecosupplements.ch\\\/?product=devils-claw-extract-1000mg-30-ml\",\"url\":\"https:\\\/\\\/ecosupplements.ch\\\/?product=devils-claw-extract-1000mg-30-ml\",\"name\":\"Devil's Claw Extrakt 1000mg \u2013 Nature's Answer | ecosupplements.ch\",\"isPartOf\":{\"@id\":\"https:\\\/\\\/ecosupplements.ch\\\/#website\"},\"primaryImageOfPage\":{\"@id\":\"https:\\\/\\\/ecosupplements.ch\\\/?product=devils-claw-extract-1000mg-30-ml#primaryimage\"},\"image\":{\"@id\":\"https:\\\/\\\/ecosupplements.ch\\\/?product=devils-claw-extract-1000mg-30-ml#primaryimage\"},\"thumbnailUrl\":\"https:\\\/\\\/ecosupplements.ch\\\/wp-content\\\/uploads\\\/2026\\\/05\\\/Devils-Claw-Extract-1000mg-30-ml.jpg\",\"datePublished\":\"2026-05-11T14:33:51+00:00\",\"dateModified\":\"2026-05-13T07:25:53+00:00\",\"description\":\"Nature's Answer Devil's Claw Extrakt mit 1'000 mg pro Portion \u2013 alkoholfrei, vegan, glutenfrei, 30 ml. Jetzt bestellen.\",\"breadcrumb\":{\"@id\":\"https:\\\/\\\/ecosupplements.ch\\\/?product=devils-claw-extract-1000mg-30-ml#breadcrumb\"},\"inLanguage\":\"de-CH\",\"potentialAction\":[{\"@type\":\"ReadAction\",\"target\":[\"https:\\\/\\\/ecosupplements.ch\\\/?product=devils-claw-extract-1000mg-30-ml\"]}]},{\"@type\":\"ImageObject\",\"inLanguage\":\"de-CH\",\"@id\":\"https:\\\/\\\/ecosupplements.ch\\\/?product=devils-claw-extract-1000mg-30-ml#primaryimage\",\"url\":\"https:\\\/\\\/ecosupplements.ch\\\/wp-content\\\/uploads\\\/2026\\\/05\\\/Devils-Claw-Extract-1000mg-30-ml.jpg\",\"contentUrl\":\"https:\\\/\\\/ecosupplements.ch\\\/wp-content\\\/uploads\\\/2026\\\/05\\\/Devils-Claw-Extract-1000mg-30-ml.jpg\",\"width\":800,\"height\":800,\"caption\":\"Devil's Claw Extract\"},{\"@type\":\"BreadcrumbList\",\"@id\":\"https:\\\/\\\/ecosupplements.ch\\\/?product=devils-claw-extract-1000mg-30-ml#breadcrumb\",\"itemListElement\":[{\"@type\":\"ListItem\",\"position\":1,\"name\":\"Home\",\"item\":\"https:\\\/\\\/ecosupplements.ch\\\/\"},{\"@type\":\"ListItem\",\"position\":2,\"name\":\"Shop\",\"item\":\"https:\\\/\\\/ecosupplements.ch\\\/?page_id=14\"},{\"@type\":\"ListItem\",\"position\":3,\"name\":\"Devil&#8217;s Claw Extract, 1000mg &#8211; 30 ml.\"}]},{\"@type\":\"WebSite\",\"@id\":\"https:\\\/\\\/ecosupplements.ch\\\/#website\",\"url\":\"https:\\\/\\\/ecosupplements.ch\\\/\",\"name\":\"Eco Supplements\",\"description\":\"\",\"potentialAction\":[{\"@type\":\"SearchAction\",\"target\":{\"@type\":\"EntryPoint\",\"urlTemplate\":\"https:\\\/\\\/ecosupplements.ch\\\/?s={search_term_string}\"},\"query-input\":{\"@type\":\"PropertyValueSpecification\",\"valueRequired\":true,\"valueName\":\"search_term_string\"}}],\"inLanguage\":\"de-CH\"}]}<\/script>\n<meta property=\"product:price:amount\" content=\"15.74\" \/>\n<meta property=\"product:price:currency\" content=\"CHF\" \/>\n<meta property=\"og:availability\" content=\"out of stock\" \/>\n<meta property=\"product:availability\" content=\"out of stock\" \/>\n<meta property=\"product:retailer_item_id\" content=\"083000006081\" \/>\n<meta property=\"product:condition\" content=\"new\" \/>\n<!-- \/ Yoast SEO plugin. -->","yoast_head_json":{"title":"Devil's Claw Extrakt 1000mg \u2013 Nature's Answer | ecosupplements.ch","description":"Nature's Answer Devil's Claw Extrakt mit 1'000 mg pro Portion \u2013 alkoholfrei, vegan, glutenfrei, 30 ml. Jetzt bestellen.","robots":{"index":"index","follow":"follow","max-snippet":"max-snippet:-1","max-image-preview":"max-image-preview:large","max-video-preview":"max-video-preview:-1"},"canonical":"https:\/\/ecosupplements.ch\/?product=devils-claw-extract-1000mg-30-ml","og_locale":"de_DE","og_type":"article","og_title":"Devil's Claw Extrakt 1000mg \u2013 Nature's Answer | ecosupplements.ch","og_description":"Nature's Answer Devil's Claw Extrakt mit 1'000 mg pro Portion \u2013 alkoholfrei, vegan, glutenfrei, 30 ml. Jetzt bestellen.","og_url":"https:\/\/ecosupplements.ch\/?product=devils-claw-extract-1000mg-30-ml","og_site_name":"Eco Supplements","article_modified_time":"2026-05-13T07:25:53+00:00","og_image":[{"width":800,"height":800,"url":"https:\/\/ecosupplements.ch\/wp-content\/uploads\/2026\/05\/Devils-Claw-Extract-1000mg-30-ml.jpg","type":"image\/jpeg"}],"twitter_card":"summary_large_image","twitter_misc":{"Price":"&#67;&#72;&#70;&nbsp;15.74","Availability":"Out of stock"},"schema":{"@context":"https:\/\/schema.org","@graph":[{"@type":"WebPage","@id":"https:\/\/ecosupplements.ch\/?product=devils-claw-extract-1000mg-30-ml","url":"https:\/\/ecosupplements.ch\/?product=devils-claw-extract-1000mg-30-ml","name":"Devil's Claw Extrakt 1000mg \u2013 Nature's Answer | ecosupplements.ch","isPartOf":{"@id":"https:\/\/ecosupplements.ch\/#website"},"primaryImageOfPage":{"@id":"https:\/\/ecosupplements.ch\/?product=devils-claw-extract-1000mg-30-ml#primaryimage"},"image":{"@id":"https:\/\/ecosupplements.ch\/?product=devils-claw-extract-1000mg-30-ml#primaryimage"},"thumbnailUrl":"https:\/\/ecosupplements.ch\/wp-content\/uploads\/2026\/05\/Devils-Claw-Extract-1000mg-30-ml.jpg","datePublished":"2026-05-11T14:33:51+00:00","dateModified":"2026-05-13T07:25:53+00:00","description":"Nature's Answer Devil's Claw Extrakt mit 1'000 mg pro Portion \u2013 alkoholfrei, vegan, glutenfrei, 30 ml. Jetzt bestellen.","breadcrumb":{"@id":"https:\/\/ecosupplements.ch\/?product=devils-claw-extract-1000mg-30-ml#breadcrumb"},"inLanguage":"de-CH","potentialAction":[{"@type":"ReadAction","target":["https:\/\/ecosupplements.ch\/?product=devils-claw-extract-1000mg-30-ml"]}]},{"@type":"ImageObject","inLanguage":"de-CH","@id":"https:\/\/ecosupplements.ch\/?product=devils-claw-extract-1000mg-30-ml#primaryimage","url":"https:\/\/ecosupplements.ch\/wp-content\/uploads\/2026\/05\/Devils-Claw-Extract-1000mg-30-ml.jpg","contentUrl":"https:\/\/ecosupplements.ch\/wp-content\/uploads\/2026\/05\/Devils-Claw-Extract-1000mg-30-ml.jpg","width":800,"height":800,"caption":"Devil's Claw Extract"},{"@type":"BreadcrumbList","@id":"https:\/\/ecosupplements.ch\/?product=devils-claw-extract-1000mg-30-ml#breadcrumb","itemListElement":[{"@type":"ListItem","position":1,"name":"Home","item":"https:\/\/ecosupplements.ch\/"},{"@type":"ListItem","position":2,"name":"Shop","item":"https:\/\/ecosupplements.ch\/?page_id=14"},{"@type":"ListItem","position":3,"name":"Devil&#8217;s Claw Extract, 1000mg &#8211; 30 ml."}]},{"@type":"WebSite","@id":"https:\/\/ecosupplements.ch\/#website","url":"https:\/\/ecosupplements.ch\/","name":"Eco Supplements","description":"","potentialAction":[{"@type":"SearchAction","target":{"@type":"EntryPoint","urlTemplate":"https:\/\/ecosupplements.ch\/?s={search_term_string}"},"query-input":{"@type":"PropertyValueSpecification","valueRequired":true,"valueName":"search_term_string"}}],"inLanguage":"de-CH"}]},"product_price_amount":"15.74","product_price_currency":"CHF","og_availability":"out of stock","product_availability":"out of stock","product_retailer_item_id":"083000006081","product_condition":"new"},"_links":{"self":[{"href":"https:\/\/ecosupplements.ch\/index.php?rest_route=\/wp\/v2\/product\/2072","targetHints":{"allow":["GET"]}}],"collection":[{"href":"https:\/\/ecosupplements.ch\/index.php?rest_route=\/wp\/v2\/product"}],"about":[{"href":"https:\/\/ecosupplements.ch\/index.php?rest_route=\/wp\/v2\/types\/product"}],"replies":[{"embeddable":true,"href":"https:\/\/ecosupplements.ch\/index.php?rest_route=%2Fwp%2Fv2%2Fcomments&post=2072"}],"wp:featuredmedia":[{"embeddable":true,"href":"https:\/\/ecosupplements.ch\/index.php?rest_route=\/wp\/v2\/media\/2073"}],"wp:attachment":[{"href":"https:\/\/ecosupplements.ch\/index.php?rest_route=%2Fwp%2Fv2%2Fmedia&parent=2072"}],"wp:term":[{"taxonomy":"product_brand","embeddable":true,"href":"https:\/\/ecosupplements.ch\/index.php?rest_route=%2Fwp%2Fv2%2Fproduct_brand&post=2072"},{"taxonomy":"product_cat","embeddable":true,"href":"https:\/\/ecosupplements.ch\/index.php?rest_route=%2Fwp%2Fv2%2Fproduct_cat&post=2072"},{"taxonomy":"product_tag","embeddable":true,"href":"https:\/\/ecosupplements.ch\/index.php?rest_route=%2Fwp%2Fv2%2Fproduct_tag&post=2072"}],"curies":[{"name":"wp","href":"https:\/\/api.w.org\/{rel}","templated":true}]}}