{"id":2074,"date":"2026-05-11T14:33:52","date_gmt":"2026-05-11T14:33:52","guid":{"rendered":"https:\/\/ecosupplements.ch\/?product=eyebright-herb-2000mg-30-ml"},"modified":"2026-05-13T07:25:52","modified_gmt":"2026-05-13T07:25:52","slug":"eyebright-herb-2000mg-30-ml","status":"publish","type":"product","link":"https:\/\/ecosupplements.ch\/?product=eyebright-herb-2000mg-30-ml","title":{"rendered":"Eyebright Herb, 2000mg &#8211; 30 ml."},"content":{"rendered":"<div class=\"chcg-product-description\">\n<h2 class=\"chcg-heading\">\u00dcber Nature&#8217;s Answer \u2013 Eyebright Herb, 2000mg \u2013 30 ml<\/h2>\n<div class=\"chcg-intro\">\n<p>Das Eyebright Herb Fl\u00fcssigextrakt von Nature&#8217;s Answer liefert pro Portion 2&#8217;000 mg Augentrost (<em>Euphrasia officinalis<\/em> L.) als Ganzkrautextrakt in einem praktischen 1:1-Verh\u00e4ltnis zum Trocken\u00e4quivalent. Der Augentrost ist ein seit Jahrhunderten in der europ\u00e4ischen Kr\u00e4utertradition bekanntes Kraut, das heute als hochwertiges pflanzliches Nahrungserg\u00e4nzungsmittel erh\u00e4ltlich ist.<\/p>\n<p>Nature&#8217;s Answer setzt auf eine alkoholfreie Extraktionsweise auf Basis von pflanzlichem Glycerin und gereinigtem Wasser. Dadurch entsteht ein schonend gewonnener Fl\u00fcssigextrakt ohne Konservierungsstoffe \u2013 ideal f\u00fcr alle, die eine alkoholfreie Alternative zu herk\u00f6mmlichen Tinkturen bevorzugen.<\/p>\n<p>Das Produkt ist glutenfrei, vegan und vegetarisch geeignet und enth\u00e4lt weder tierische Bestandteile noch k\u00fcnstliche Zusatzstoffe. Dank der fl\u00fcssigen Form l\u00e4sst es sich unkompliziert in eine kleine Menge Wasser einr\u00fchren und in den Alltag integrieren.<\/p>\n<\/p><\/div>\n<div class=\"chcg-nutrition\">\n<h3>N\u00e4hrwertangaben<\/h3>\n<table class=\"chcg-nutrition-table\">\n<thead>\n<tr>\n<th>N\u00e4hrstoff<\/th>\n<th>Pro Portion (2 ml \/ ca. 56 Tropfen)<\/th>\n<\/tr>\n<\/thead>\n<tbody>\n<tr>\n<td>Augentrost (<em>Euphrasia officinalis<\/em> L.) Ganzkrautextrakt (1:1 Trocken\u00e4quivalent)<\/td>\n<td>2&#8217;000 mg *<\/td>\n<\/tr>\n<\/tbody>\n<\/table>\n<p class=\"chcg-footnote\">* Kein festgelegter Tagesbedarf.<\/p>\n<p class=\"chcg-footnote\">Pro 100 ml: Augentrost-Ganzkrautextrakt: 100&#8217;000 mg<\/p>\n<p class=\"chcg-footnote\">Portionen pro Beh\u00e4lter: 15<\/p>\n<\/p><\/div>\n<div class=\"chcg-ingredients\">\n<h3>Zutaten<\/h3>\n<p>Augentrost (<em>Euphrasia officinalis<\/em> L.) Ganzkrautextrakt (2&#8217;000 mg (1:1) Trocken\u00e4quivalent), pflanzliches Glycerin, USP gereinigtes Wasser.<\/p>\n<\/p><\/div>\n<div class=\"chcg-dosage\">\n<h3>Verzehrempfehlung<\/h3>\n<p>Als Nahrungserg\u00e4nzungsmittel 1\u20132 ml (31\u201362 Tropfen) dreimal t\u00e4glich in einer kleinen Menge Wasser einnehmen. Vor Gebrauch gut sch\u00fctteln.<\/p>\n<\/p><\/div>\n<div class=\"chcg-warnings\">\n<h3>Warnhinweise<\/h3>\n<p>Ausserhalb der Reichweite von Kindern aufbewahren. Nicht verwenden bei Schwangerschaft oder in der Stillzeit. Nicht verwenden, wenn das Sicherheitssiegel besch\u00e4digt oder nicht vorhanden ist.<\/p>\n<\/p><\/div>\n<div class=\"chcg-allergens\">\n<h3>Allergeninformationen<\/h3>\n<p>Keine Allergene deklariert. Das Produkt ist glutenfrei, alkoholfrei und enth\u00e4lt keine Konservierungsstoffe.<\/p>\n<\/p><\/div>\n<div class=\"chcg-storage\">\n<h3>Lagerung<\/h3>\n<p>An einem k\u00fchlen, trockenen Ort lagern.<\/p>\n<\/p><\/div>\n<div class=\"chcg-dietary\">\n<h3>Ern\u00e4hrungshinweise<\/h3>\n<ul>\n<li>Vegan<\/li>\n<li>Vegetarisch<\/li>\n<li>Glutenfrei<\/li>\n<li>Laktosefrei<\/li>\n<\/ul><\/div>\n<\/div>\n","protected":false},"excerpt":{"rendered":"<p>Nature&#8217;s Answer Eyebright Herb liefert 2&#8217;000 mg Augentrost-Ganzkrautextrakt pro Portion als alkoholfreier Fl\u00fcssigextrakt. Das 30-ml-Fl\u00e4schchen (15 Portionen) ist vegan, glutenfrei und ohne Konservierungsstoffe.<\/p>\n","protected":false},"featured_media":2075,"comment_status":"closed","ping_status":"open","template":"","meta":[],"product_brand":[266],"product_cat":[48,25,44,22,21],"product_tag":[],"class_list":{"0":"post-2074","1":"product","2":"type-product","3":"status-publish","4":"has-post-thumbnail","6":"product_brand-natures-answer","7":"product_cat-gesunde-ernaehrung","8":"product_cat-gesundheit-und-wohlbefinden","9":"product_cat-pflanzliche-nahrungsergaenzungsmittel","10":"product_cat-vegane-produkte","11":"product_cat-vitamine-und-mineralstoffe","13":"first","14":"outofstock","15":"taxable","16":"shipping-taxable","17":"purchasable","18":"product-type-simple"},"yoast_head":"<!-- This site is optimized with the Yoast SEO plugin v27.5 - https:\/\/yoast.com\/product\/yoast-seo-wordpress\/ -->\n<title>Eyebright Herb 2000mg \u2013 Nature&#039;s Answer | ecosupplements.ch<\/title>\n<meta name=\"description\" content=\"Augentrost-Ganzkrautextrakt mit 2&#039;000 mg pro Portion \u2013 alkoholfrei, vegan und glutenfrei als praktischer Fl\u00fcssigextrakt (30 ml). Jetzt bestellen.\" \/>\n<meta name=\"robots\" content=\"index, follow, max-snippet:-1, max-image-preview:large, max-video-preview:-1\" \/>\n<link rel=\"canonical\" href=\"https:\/\/ecosupplements.ch\/?product=eyebright-herb-2000mg-30-ml\" \/>\n<meta property=\"og:locale\" content=\"de_DE\" \/>\n<meta property=\"og:type\" content=\"article\" \/>\n<meta property=\"og:title\" content=\"Eyebright Herb 2000mg \u2013 Nature&#039;s Answer | ecosupplements.ch\" \/>\n<meta property=\"og:description\" content=\"Augentrost-Ganzkrautextrakt mit 2&#039;000 mg pro Portion \u2013 alkoholfrei, vegan und glutenfrei als praktischer Fl\u00fcssigextrakt (30 ml). Jetzt bestellen.\" \/>\n<meta property=\"og:url\" content=\"https:\/\/ecosupplements.ch\/?product=eyebright-herb-2000mg-30-ml\" \/>\n<meta property=\"og:site_name\" content=\"Eco Supplements\" \/>\n<meta property=\"article:modified_time\" content=\"2026-05-13T07:25:52+00:00\" \/>\n<meta property=\"og:image\" content=\"https:\/\/ecosupplements.ch\/wp-content\/uploads\/2026\/05\/Eyebright-Herb-2000mg-30-ml.jpg\" \/>\n\t<meta property=\"og:image:width\" content=\"800\" \/>\n\t<meta property=\"og:image:height\" content=\"800\" \/>\n\t<meta property=\"og:image:type\" content=\"image\/jpeg\" \/>\n<meta name=\"twitter:card\" content=\"summary_large_image\" \/>\n<meta name=\"twitter:label1\" content=\"Price\" \/>\n\t<meta name=\"twitter:data1\" content=\"&#067;&#072;&#070;&nbsp;15.09\" \/>\n\t<meta name=\"twitter:label2\" content=\"Availability\" \/>\n\t<meta name=\"twitter:data2\" content=\"Out of stock\" \/>\n<script type=\"application\/ld+json\" class=\"yoast-schema-graph\">{\"@context\":\"https:\\\/\\\/schema.org\",\"@graph\":[{\"@type\":\"WebPage\",\"@id\":\"https:\\\/\\\/ecosupplements.ch\\\/?product=eyebright-herb-2000mg-30-ml\",\"url\":\"https:\\\/\\\/ecosupplements.ch\\\/?product=eyebright-herb-2000mg-30-ml\",\"name\":\"Eyebright Herb 2000mg \u2013 Nature's Answer | ecosupplements.ch\",\"isPartOf\":{\"@id\":\"https:\\\/\\\/ecosupplements.ch\\\/#website\"},\"primaryImageOfPage\":{\"@id\":\"https:\\\/\\\/ecosupplements.ch\\\/?product=eyebright-herb-2000mg-30-ml#primaryimage\"},\"image\":{\"@id\":\"https:\\\/\\\/ecosupplements.ch\\\/?product=eyebright-herb-2000mg-30-ml#primaryimage\"},\"thumbnailUrl\":\"https:\\\/\\\/ecosupplements.ch\\\/wp-content\\\/uploads\\\/2026\\\/05\\\/Eyebright-Herb-2000mg-30-ml.jpg\",\"datePublished\":\"2026-05-11T14:33:52+00:00\",\"dateModified\":\"2026-05-13T07:25:52+00:00\",\"description\":\"Augentrost-Ganzkrautextrakt mit 2'000 mg pro Portion \u2013 alkoholfrei, vegan und glutenfrei als praktischer Fl\u00fcssigextrakt (30 ml). Jetzt bestellen.\",\"breadcrumb\":{\"@id\":\"https:\\\/\\\/ecosupplements.ch\\\/?product=eyebright-herb-2000mg-30-ml#breadcrumb\"},\"inLanguage\":\"de-CH\",\"potentialAction\":[{\"@type\":\"ReadAction\",\"target\":[\"https:\\\/\\\/ecosupplements.ch\\\/?product=eyebright-herb-2000mg-30-ml\"]}]},{\"@type\":\"ImageObject\",\"inLanguage\":\"de-CH\",\"@id\":\"https:\\\/\\\/ecosupplements.ch\\\/?product=eyebright-herb-2000mg-30-ml#primaryimage\",\"url\":\"https:\\\/\\\/ecosupplements.ch\\\/wp-content\\\/uploads\\\/2026\\\/05\\\/Eyebright-Herb-2000mg-30-ml.jpg\",\"contentUrl\":\"https:\\\/\\\/ecosupplements.ch\\\/wp-content\\\/uploads\\\/2026\\\/05\\\/Eyebright-Herb-2000mg-30-ml.jpg\",\"width\":800,\"height\":800,\"caption\":\"Eyebright Herb\"},{\"@type\":\"BreadcrumbList\",\"@id\":\"https:\\\/\\\/ecosupplements.ch\\\/?product=eyebright-herb-2000mg-30-ml#breadcrumb\",\"itemListElement\":[{\"@type\":\"ListItem\",\"position\":1,\"name\":\"Home\",\"item\":\"https:\\\/\\\/ecosupplements.ch\\\/\"},{\"@type\":\"ListItem\",\"position\":2,\"name\":\"Shop\",\"item\":\"https:\\\/\\\/ecosupplements.ch\\\/?page_id=14\"},{\"@type\":\"ListItem\",\"position\":3,\"name\":\"Eyebright Herb, 2000mg &#8211; 30 ml.\"}]},{\"@type\":\"WebSite\",\"@id\":\"https:\\\/\\\/ecosupplements.ch\\\/#website\",\"url\":\"https:\\\/\\\/ecosupplements.ch\\\/\",\"name\":\"Eco Supplements\",\"description\":\"\",\"potentialAction\":[{\"@type\":\"SearchAction\",\"target\":{\"@type\":\"EntryPoint\",\"urlTemplate\":\"https:\\\/\\\/ecosupplements.ch\\\/?s={search_term_string}\"},\"query-input\":{\"@type\":\"PropertyValueSpecification\",\"valueRequired\":true,\"valueName\":\"search_term_string\"}}],\"inLanguage\":\"de-CH\"}]}<\/script>\n<meta property=\"product:price:amount\" content=\"15.09\" \/>\n<meta property=\"product:price:currency\" content=\"CHF\" \/>\n<meta property=\"og:availability\" content=\"out of stock\" \/>\n<meta property=\"product:availability\" content=\"out of stock\" \/>\n<meta property=\"product:retailer_item_id\" content=\"083000006142\" \/>\n<meta property=\"product:condition\" content=\"new\" \/>\n<!-- \/ Yoast SEO plugin. -->","yoast_head_json":{"title":"Eyebright Herb 2000mg \u2013 Nature's Answer | ecosupplements.ch","description":"Augentrost-Ganzkrautextrakt mit 2'000 mg pro Portion \u2013 alkoholfrei, vegan und glutenfrei als praktischer Fl\u00fcssigextrakt (30 ml). Jetzt bestellen.","robots":{"index":"index","follow":"follow","max-snippet":"max-snippet:-1","max-image-preview":"max-image-preview:large","max-video-preview":"max-video-preview:-1"},"canonical":"https:\/\/ecosupplements.ch\/?product=eyebright-herb-2000mg-30-ml","og_locale":"de_DE","og_type":"article","og_title":"Eyebright Herb 2000mg \u2013 Nature's Answer | ecosupplements.ch","og_description":"Augentrost-Ganzkrautextrakt mit 2'000 mg pro Portion \u2013 alkoholfrei, vegan und glutenfrei als praktischer Fl\u00fcssigextrakt (30 ml). Jetzt bestellen.","og_url":"https:\/\/ecosupplements.ch\/?product=eyebright-herb-2000mg-30-ml","og_site_name":"Eco Supplements","article_modified_time":"2026-05-13T07:25:52+00:00","og_image":[{"width":800,"height":800,"url":"https:\/\/ecosupplements.ch\/wp-content\/uploads\/2026\/05\/Eyebright-Herb-2000mg-30-ml.jpg","type":"image\/jpeg"}],"twitter_card":"summary_large_image","twitter_misc":{"Price":"&#67;&#72;&#70;&nbsp;15.09","Availability":"Out of stock"},"schema":{"@context":"https:\/\/schema.org","@graph":[{"@type":"WebPage","@id":"https:\/\/ecosupplements.ch\/?product=eyebright-herb-2000mg-30-ml","url":"https:\/\/ecosupplements.ch\/?product=eyebright-herb-2000mg-30-ml","name":"Eyebright Herb 2000mg \u2013 Nature's Answer | ecosupplements.ch","isPartOf":{"@id":"https:\/\/ecosupplements.ch\/#website"},"primaryImageOfPage":{"@id":"https:\/\/ecosupplements.ch\/?product=eyebright-herb-2000mg-30-ml#primaryimage"},"image":{"@id":"https:\/\/ecosupplements.ch\/?product=eyebright-herb-2000mg-30-ml#primaryimage"},"thumbnailUrl":"https:\/\/ecosupplements.ch\/wp-content\/uploads\/2026\/05\/Eyebright-Herb-2000mg-30-ml.jpg","datePublished":"2026-05-11T14:33:52+00:00","dateModified":"2026-05-13T07:25:52+00:00","description":"Augentrost-Ganzkrautextrakt mit 2'000 mg pro Portion \u2013 alkoholfrei, vegan und glutenfrei als praktischer Fl\u00fcssigextrakt (30 ml). Jetzt bestellen.","breadcrumb":{"@id":"https:\/\/ecosupplements.ch\/?product=eyebright-herb-2000mg-30-ml#breadcrumb"},"inLanguage":"de-CH","potentialAction":[{"@type":"ReadAction","target":["https:\/\/ecosupplements.ch\/?product=eyebright-herb-2000mg-30-ml"]}]},{"@type":"ImageObject","inLanguage":"de-CH","@id":"https:\/\/ecosupplements.ch\/?product=eyebright-herb-2000mg-30-ml#primaryimage","url":"https:\/\/ecosupplements.ch\/wp-content\/uploads\/2026\/05\/Eyebright-Herb-2000mg-30-ml.jpg","contentUrl":"https:\/\/ecosupplements.ch\/wp-content\/uploads\/2026\/05\/Eyebright-Herb-2000mg-30-ml.jpg","width":800,"height":800,"caption":"Eyebright Herb"},{"@type":"BreadcrumbList","@id":"https:\/\/ecosupplements.ch\/?product=eyebright-herb-2000mg-30-ml#breadcrumb","itemListElement":[{"@type":"ListItem","position":1,"name":"Home","item":"https:\/\/ecosupplements.ch\/"},{"@type":"ListItem","position":2,"name":"Shop","item":"https:\/\/ecosupplements.ch\/?page_id=14"},{"@type":"ListItem","position":3,"name":"Eyebright Herb, 2000mg &#8211; 30 ml."}]},{"@type":"WebSite","@id":"https:\/\/ecosupplements.ch\/#website","url":"https:\/\/ecosupplements.ch\/","name":"Eco Supplements","description":"","potentialAction":[{"@type":"SearchAction","target":{"@type":"EntryPoint","urlTemplate":"https:\/\/ecosupplements.ch\/?s={search_term_string}"},"query-input":{"@type":"PropertyValueSpecification","valueRequired":true,"valueName":"search_term_string"}}],"inLanguage":"de-CH"}]},"product_price_amount":"15.09","product_price_currency":"CHF","og_availability":"out of stock","product_availability":"out of stock","product_retailer_item_id":"083000006142","product_condition":"new"},"_links":{"self":[{"href":"https:\/\/ecosupplements.ch\/index.php?rest_route=\/wp\/v2\/product\/2074","targetHints":{"allow":["GET"]}}],"collection":[{"href":"https:\/\/ecosupplements.ch\/index.php?rest_route=\/wp\/v2\/product"}],"about":[{"href":"https:\/\/ecosupplements.ch\/index.php?rest_route=\/wp\/v2\/types\/product"}],"replies":[{"embeddable":true,"href":"https:\/\/ecosupplements.ch\/index.php?rest_route=%2Fwp%2Fv2%2Fcomments&post=2074"}],"wp:featuredmedia":[{"embeddable":true,"href":"https:\/\/ecosupplements.ch\/index.php?rest_route=\/wp\/v2\/media\/2075"}],"wp:attachment":[{"href":"https:\/\/ecosupplements.ch\/index.php?rest_route=%2Fwp%2Fv2%2Fmedia&parent=2074"}],"wp:term":[{"taxonomy":"product_brand","embeddable":true,"href":"https:\/\/ecosupplements.ch\/index.php?rest_route=%2Fwp%2Fv2%2Fproduct_brand&post=2074"},{"taxonomy":"product_cat","embeddable":true,"href":"https:\/\/ecosupplements.ch\/index.php?rest_route=%2Fwp%2Fv2%2Fproduct_cat&post=2074"},{"taxonomy":"product_tag","embeddable":true,"href":"https:\/\/ecosupplements.ch\/index.php?rest_route=%2Fwp%2Fv2%2Fproduct_tag&post=2074"}],"curies":[{"name":"wp","href":"https:\/\/api.w.org\/{rel}","templated":true}]}}