{"id":2080,"date":"2026-05-11T14:33:54","date_gmt":"2026-05-11T14:33:54","guid":{"rendered":"https:\/\/ecosupplements.ch\/?product=liquid-magnesium-malate-and-glycinate-480-ml"},"modified":"2026-05-13T07:25:54","modified_gmt":"2026-05-13T07:25:54","slug":"liquid-magnesium-malate-and-glycinate-480-ml","status":"publish","type":"product","link":"https:\/\/ecosupplements.ch\/?product=liquid-magnesium-malate-and-glycinate-480-ml","title":{"rendered":"Liquid Magnesium Malate and Glycinate &#8211; 480 ml."},"content":{"rendered":"<div class=\"chcg-product-description\">\n<h2 class=\"chcg-heading\">\u00dcber Nature&#8217;s Answer \u2013 Liquid Magnesium Malate und Glycinate \u2013 480 ml<\/h2>\n<div class=\"chcg-intro\">\n<p>Magnesium geh\u00f6rt zu den wichtigsten Mineralstoffen des menschlichen K\u00f6rpers und ist an \u00fcber 300 enzymatischen Prozessen beteiligt. Das fl\u00fcssige Magnesium von Nature&#8217;s Answer kombiniert zwei hochwertige, gut bioverf\u00fcgbare Magnesiumformen: Albion Di-Magnesium Malate und TRAACS Magnesium Bisglycinate Chelate Buffered. Diese Kombination unterst\u00fctzt eine effiziente Aufnahme im K\u00f6rper und erm\u00f6glicht eine flexible Dosierung im Alltag.<\/p>\n<p>Magnesium tr\u00e4gt zur normalen Muskelfunktion, zur Verringerung von M\u00fcdigkeit und Ersch\u00f6pfung sowie zur normalen Funktion des Nervensystems bei. Zudem unterst\u00fctzt es den normalen Energiestoffwechsel und die Erhaltung normaler Knochen. Die praktische Fl\u00fcssigform mit nat\u00fcrlichem Tangerine-Aroma macht die t\u00e4gliche Einnahme besonders angenehm \u2013 ohne Schlucken von Kapseln oder Tabletten.<\/p>\n<p>Das Produkt ist mit organischem Agavensirup leicht ges\u00fcsst und enth\u00e4lt keine k\u00fcnstlichen Aromen. Es ist vegan, vegetarisch, glutenfrei und laktosefrei \u2013 damit eignet es sich f\u00fcr ein breites Spektrum an Ern\u00e4hrungsweisen und Lebensstilen.<\/p>\n<\/p><\/div>\n<div class=\"chcg-nutrition\">\n<h3>N\u00e4hrwertangaben<\/h3>\n<table class=\"chcg-nutrition-table\">\n<thead>\n<tr>\n<th>N\u00e4hrstoff<\/th>\n<th>Pro Portion (30 ml)<\/th>\n<\/tr>\n<\/thead>\n<tbody>\n<tr>\n<td>Kalorien<\/td>\n<td>15 kcal<\/td>\n<\/tr>\n<tr>\n<td>Gesamtkohlenhydrate<\/td>\n<td>4 g (1 % NRV)<\/td>\n<\/tr>\n<tr>\n<td>\u2013 davon Zucker<\/td>\n<td>3 g *<\/td>\n<\/tr>\n<tr>\n<td>Magnesium (als Albion Di-Magnesium Malate und TRAACS Magnesium Bisglycinate Chelate Buffered)<\/td>\n<td>200 mg (50 % NRV)<\/td>\n<\/tr>\n<\/tbody>\n<\/table>\n<p class=\"chcg-footnote\">* Kein etablierter Tagesbedarf (NRV) festgelegt.<\/p>\n<p class=\"chcg-footnote\">Die Prozentwerte des Tagesbedarfs (NRV) basieren auf einer Ern\u00e4hrung mit 2 000 kcal pro Tag.<\/p>\n<p class=\"chcg-footnote\">Portionsgr\u00f6sse: 2 Essl\u00f6ffel (30 ml). Portionen pro Beh\u00e4lter: ca. 16.<\/p>\n<\/p><\/div>\n<div class=\"chcg-ingredients\">\n<h3>Zutaten<\/h3>\n<p>Magnesium (als Albion Di-Magnesium Malate und TRAACS Magnesium Bisglycinate Chelate Buffered), gereinigtes Wasser, biologischer Agavensirup, Zitronens\u00e4ure, Kaliumsorbat, Xanthan, nat\u00fcrliches Tangerine-Aroma, nat\u00fcrliches Aroma.<\/p>\n<\/p><\/div>\n<div class=\"chcg-dosage\">\n<h3>Verzehrempfehlung<\/h3>\n<p>Als Nahrungserg\u00e4nzungsmittel t\u00e4glich zwei (2) Essl\u00f6ffel (30 ml) einnehmen, vorzugsweise zu einer Mahlzeit. Vor Gebrauch gut sch\u00fctteln. Nach dem \u00d6ffnen im K\u00fchlschrank aufbewahren. Leichte Kristallbildung ist normal.<\/p>\n<\/p><\/div>\n<div class=\"chcg-warnings\">\n<h3>Warnhinweise<\/h3>\n<p>Ausserhalb der Reichweite von Kindern aufbewahren. Nicht verwenden, wenn das Sicherheitssiegel besch\u00e4digt oder nicht vorhanden ist. Falls Sie schwanger sind, stillen, Medikamente einnehmen, einen medizinischen Eingriff planen oder an einer Erkrankung leiden, konsultieren Sie vor der Einnahme Ihre \u00c4rztin oder Ihren Arzt bzw. eine Fachperson des Gesundheitswesens.<\/p>\n<\/p><\/div>\n<div class=\"chcg-allergens\">\n<h3>Allergeninformationen<\/h3>\n<p>Auf dem Etikett sind keine Allergene deklariert.<\/p>\n<\/p><\/div>\n<div class=\"chcg-storage\">\n<h3>Lagerung<\/h3>\n<p>An einem k\u00fchlen, trockenen Ort lagern. Nach dem \u00d6ffnen im K\u00fchlschrank aufbewahren.<\/p>\n<\/p><\/div>\n<div class=\"chcg-dietary\">\n<h3>Ern\u00e4hrungshinweise<\/h3>\n<ul>\n<li>Vegan<\/li>\n<li>Vegetarisch<\/li>\n<li>Glutenfrei<\/li>\n<li>Laktosefrei<\/li>\n<\/ul><\/div>\n<\/div>\n","protected":false},"excerpt":{"rendered":"<p>Fl\u00fcssiges Magnesium mit Malate und Glycinate f\u00fcr eine optimale Bioverf\u00fcgbarkeit \u2013 mit nat\u00fcrlichem Tangerine-Aroma. 480 ml (ca. 16 Portionen \u00e0 30 ml, je 200 mg Magnesium). Vegan, glutenfrei und laktosefrei.<\/p>\n","protected":false},"featured_media":2081,"comment_status":"closed","ping_status":"open","template":"","meta":[],"product_brand":[266],"product_cat":[23,48,25,94,22,21],"product_tag":[],"class_list":{"0":"post-2080","1":"product","2":"type-product","3":"status-publish","4":"has-post-thumbnail","6":"product_brand-natures-answer","7":"product_cat-einige-mineralien","8":"product_cat-gesunde-ernaehrung","9":"product_cat-gesundheit-und-wohlbefinden","10":"product_cat-magnesium","11":"product_cat-vegane-produkte","12":"product_cat-vitamine-und-mineralstoffe","14":"first","15":"outofstock","16":"taxable","17":"shipping-taxable","18":"purchasable","19":"product-type-simple"},"yoast_head":"<!-- This site is optimized with the Yoast SEO plugin v27.5 - https:\/\/yoast.com\/product\/yoast-seo-wordpress\/ -->\n<title>Liquid Magnesium Malate und Glycinate 480 ml \u2013 Nature&#039;s Answer | ecosupplements.ch<\/title>\n<meta name=\"description\" content=\"Hochwertiges fl\u00fcssiges Magnesium (200 mg pro Portion) in zwei bioverf\u00fcgbaren Formen \u2013 vegan, glutenfrei, 480 ml. Jetzt bestellen.\" \/>\n<meta name=\"robots\" content=\"index, follow, max-snippet:-1, max-image-preview:large, max-video-preview:-1\" \/>\n<link rel=\"canonical\" href=\"https:\/\/ecosupplements.ch\/?product=liquid-magnesium-malate-and-glycinate-480-ml\" \/>\n<meta property=\"og:locale\" content=\"de_DE\" \/>\n<meta property=\"og:type\" content=\"article\" \/>\n<meta property=\"og:title\" content=\"Liquid Magnesium Malate und Glycinate 480 ml \u2013 Nature&#039;s Answer | ecosupplements.ch\" \/>\n<meta property=\"og:description\" content=\"Hochwertiges fl\u00fcssiges Magnesium (200 mg pro Portion) in zwei bioverf\u00fcgbaren Formen \u2013 vegan, glutenfrei, 480 ml. Jetzt bestellen.\" \/>\n<meta property=\"og:url\" content=\"https:\/\/ecosupplements.ch\/?product=liquid-magnesium-malate-and-glycinate-480-ml\" \/>\n<meta property=\"og:site_name\" content=\"Eco Supplements\" \/>\n<meta property=\"article:modified_time\" content=\"2026-05-13T07:25:54+00:00\" \/>\n<meta property=\"og:image\" content=\"https:\/\/ecosupplements.ch\/wp-content\/uploads\/2026\/05\/Liquid-Magnesium-Malate-and-Glycinate-480-ml.jpg\" \/>\n\t<meta property=\"og:image:width\" content=\"600\" \/>\n\t<meta property=\"og:image:height\" content=\"600\" \/>\n\t<meta property=\"og:image:type\" content=\"image\/jpeg\" \/>\n<meta name=\"twitter:card\" content=\"summary_large_image\" \/>\n<meta name=\"twitter:label1\" content=\"Price\" \/>\n\t<meta name=\"twitter:data1\" content=\"&#067;&#072;&#070;&nbsp;28.90\" \/>\n\t<meta name=\"twitter:label2\" content=\"Availability\" \/>\n\t<meta name=\"twitter:data2\" content=\"Out of stock\" \/>\n<script type=\"application\/ld+json\" class=\"yoast-schema-graph\">{\"@context\":\"https:\\\/\\\/schema.org\",\"@graph\":[{\"@type\":\"WebPage\",\"@id\":\"https:\\\/\\\/ecosupplements.ch\\\/?product=liquid-magnesium-malate-and-glycinate-480-ml\",\"url\":\"https:\\\/\\\/ecosupplements.ch\\\/?product=liquid-magnesium-malate-and-glycinate-480-ml\",\"name\":\"Liquid Magnesium Malate und Glycinate 480 ml \u2013 Nature's Answer | ecosupplements.ch\",\"isPartOf\":{\"@id\":\"https:\\\/\\\/ecosupplements.ch\\\/#website\"},\"primaryImageOfPage\":{\"@id\":\"https:\\\/\\\/ecosupplements.ch\\\/?product=liquid-magnesium-malate-and-glycinate-480-ml#primaryimage\"},\"image\":{\"@id\":\"https:\\\/\\\/ecosupplements.ch\\\/?product=liquid-magnesium-malate-and-glycinate-480-ml#primaryimage\"},\"thumbnailUrl\":\"https:\\\/\\\/ecosupplements.ch\\\/wp-content\\\/uploads\\\/2026\\\/05\\\/Liquid-Magnesium-Malate-and-Glycinate-480-ml.jpg\",\"datePublished\":\"2026-05-11T14:33:54+00:00\",\"dateModified\":\"2026-05-13T07:25:54+00:00\",\"description\":\"Hochwertiges fl\u00fcssiges Magnesium (200 mg pro Portion) in zwei bioverf\u00fcgbaren Formen \u2013 vegan, glutenfrei, 480 ml. Jetzt bestellen.\",\"breadcrumb\":{\"@id\":\"https:\\\/\\\/ecosupplements.ch\\\/?product=liquid-magnesium-malate-and-glycinate-480-ml#breadcrumb\"},\"inLanguage\":\"de-CH\",\"potentialAction\":[{\"@type\":\"ReadAction\",\"target\":[\"https:\\\/\\\/ecosupplements.ch\\\/?product=liquid-magnesium-malate-and-glycinate-480-ml\"]}]},{\"@type\":\"ImageObject\",\"inLanguage\":\"de-CH\",\"@id\":\"https:\\\/\\\/ecosupplements.ch\\\/?product=liquid-magnesium-malate-and-glycinate-480-ml#primaryimage\",\"url\":\"https:\\\/\\\/ecosupplements.ch\\\/wp-content\\\/uploads\\\/2026\\\/05\\\/Liquid-Magnesium-Malate-and-Glycinate-480-ml.jpg\",\"contentUrl\":\"https:\\\/\\\/ecosupplements.ch\\\/wp-content\\\/uploads\\\/2026\\\/05\\\/Liquid-Magnesium-Malate-and-Glycinate-480-ml.jpg\",\"width\":600,\"height\":600,\"caption\":\"Liquid Magnesium Malate and Glycinate - 480 ml.\"},{\"@type\":\"BreadcrumbList\",\"@id\":\"https:\\\/\\\/ecosupplements.ch\\\/?product=liquid-magnesium-malate-and-glycinate-480-ml#breadcrumb\",\"itemListElement\":[{\"@type\":\"ListItem\",\"position\":1,\"name\":\"Home\",\"item\":\"https:\\\/\\\/ecosupplements.ch\\\/\"},{\"@type\":\"ListItem\",\"position\":2,\"name\":\"Shop\",\"item\":\"https:\\\/\\\/ecosupplements.ch\\\/?page_id=14\"},{\"@type\":\"ListItem\",\"position\":3,\"name\":\"Liquid Magnesium Malate and Glycinate &#8211; 480 ml.\"}]},{\"@type\":\"WebSite\",\"@id\":\"https:\\\/\\\/ecosupplements.ch\\\/#website\",\"url\":\"https:\\\/\\\/ecosupplements.ch\\\/\",\"name\":\"Eco Supplements\",\"description\":\"\",\"potentialAction\":[{\"@type\":\"SearchAction\",\"target\":{\"@type\":\"EntryPoint\",\"urlTemplate\":\"https:\\\/\\\/ecosupplements.ch\\\/?s={search_term_string}\"},\"query-input\":{\"@type\":\"PropertyValueSpecification\",\"valueRequired\":true,\"valueName\":\"search_term_string\"}}],\"inLanguage\":\"de-CH\"}]}<\/script>\n<meta property=\"product:price:amount\" content=\"28.90\" \/>\n<meta property=\"product:price:currency\" content=\"CHF\" \/>\n<meta property=\"og:availability\" content=\"out of stock\" \/>\n<meta property=\"product:availability\" content=\"out of stock\" \/>\n<meta property=\"product:retailer_item_id\" content=\"083000261732\" \/>\n<meta property=\"product:condition\" content=\"new\" \/>\n<!-- \/ Yoast SEO plugin. -->","yoast_head_json":{"title":"Liquid Magnesium Malate und Glycinate 480 ml \u2013 Nature's Answer | ecosupplements.ch","description":"Hochwertiges fl\u00fcssiges Magnesium (200 mg pro Portion) in zwei bioverf\u00fcgbaren Formen \u2013 vegan, glutenfrei, 480 ml. Jetzt bestellen.","robots":{"index":"index","follow":"follow","max-snippet":"max-snippet:-1","max-image-preview":"max-image-preview:large","max-video-preview":"max-video-preview:-1"},"canonical":"https:\/\/ecosupplements.ch\/?product=liquid-magnesium-malate-and-glycinate-480-ml","og_locale":"de_DE","og_type":"article","og_title":"Liquid Magnesium Malate und Glycinate 480 ml \u2013 Nature's Answer | ecosupplements.ch","og_description":"Hochwertiges fl\u00fcssiges Magnesium (200 mg pro Portion) in zwei bioverf\u00fcgbaren Formen \u2013 vegan, glutenfrei, 480 ml. Jetzt bestellen.","og_url":"https:\/\/ecosupplements.ch\/?product=liquid-magnesium-malate-and-glycinate-480-ml","og_site_name":"Eco Supplements","article_modified_time":"2026-05-13T07:25:54+00:00","og_image":[{"width":600,"height":600,"url":"https:\/\/ecosupplements.ch\/wp-content\/uploads\/2026\/05\/Liquid-Magnesium-Malate-and-Glycinate-480-ml.jpg","type":"image\/jpeg"}],"twitter_card":"summary_large_image","twitter_misc":{"Price":"&#67;&#72;&#70;&nbsp;28.90","Availability":"Out of stock"},"schema":{"@context":"https:\/\/schema.org","@graph":[{"@type":"WebPage","@id":"https:\/\/ecosupplements.ch\/?product=liquid-magnesium-malate-and-glycinate-480-ml","url":"https:\/\/ecosupplements.ch\/?product=liquid-magnesium-malate-and-glycinate-480-ml","name":"Liquid Magnesium Malate und Glycinate 480 ml \u2013 Nature's Answer | ecosupplements.ch","isPartOf":{"@id":"https:\/\/ecosupplements.ch\/#website"},"primaryImageOfPage":{"@id":"https:\/\/ecosupplements.ch\/?product=liquid-magnesium-malate-and-glycinate-480-ml#primaryimage"},"image":{"@id":"https:\/\/ecosupplements.ch\/?product=liquid-magnesium-malate-and-glycinate-480-ml#primaryimage"},"thumbnailUrl":"https:\/\/ecosupplements.ch\/wp-content\/uploads\/2026\/05\/Liquid-Magnesium-Malate-and-Glycinate-480-ml.jpg","datePublished":"2026-05-11T14:33:54+00:00","dateModified":"2026-05-13T07:25:54+00:00","description":"Hochwertiges fl\u00fcssiges Magnesium (200 mg pro Portion) in zwei bioverf\u00fcgbaren Formen \u2013 vegan, glutenfrei, 480 ml. Jetzt bestellen.","breadcrumb":{"@id":"https:\/\/ecosupplements.ch\/?product=liquid-magnesium-malate-and-glycinate-480-ml#breadcrumb"},"inLanguage":"de-CH","potentialAction":[{"@type":"ReadAction","target":["https:\/\/ecosupplements.ch\/?product=liquid-magnesium-malate-and-glycinate-480-ml"]}]},{"@type":"ImageObject","inLanguage":"de-CH","@id":"https:\/\/ecosupplements.ch\/?product=liquid-magnesium-malate-and-glycinate-480-ml#primaryimage","url":"https:\/\/ecosupplements.ch\/wp-content\/uploads\/2026\/05\/Liquid-Magnesium-Malate-and-Glycinate-480-ml.jpg","contentUrl":"https:\/\/ecosupplements.ch\/wp-content\/uploads\/2026\/05\/Liquid-Magnesium-Malate-and-Glycinate-480-ml.jpg","width":600,"height":600,"caption":"Liquid Magnesium Malate and Glycinate - 480 ml."},{"@type":"BreadcrumbList","@id":"https:\/\/ecosupplements.ch\/?product=liquid-magnesium-malate-and-glycinate-480-ml#breadcrumb","itemListElement":[{"@type":"ListItem","position":1,"name":"Home","item":"https:\/\/ecosupplements.ch\/"},{"@type":"ListItem","position":2,"name":"Shop","item":"https:\/\/ecosupplements.ch\/?page_id=14"},{"@type":"ListItem","position":3,"name":"Liquid Magnesium Malate and Glycinate &#8211; 480 ml."}]},{"@type":"WebSite","@id":"https:\/\/ecosupplements.ch\/#website","url":"https:\/\/ecosupplements.ch\/","name":"Eco Supplements","description":"","potentialAction":[{"@type":"SearchAction","target":{"@type":"EntryPoint","urlTemplate":"https:\/\/ecosupplements.ch\/?s={search_term_string}"},"query-input":{"@type":"PropertyValueSpecification","valueRequired":true,"valueName":"search_term_string"}}],"inLanguage":"de-CH"}]},"product_price_amount":"28.90","product_price_currency":"CHF","og_availability":"out of stock","product_availability":"out of stock","product_retailer_item_id":"083000261732","product_condition":"new"},"_links":{"self":[{"href":"https:\/\/ecosupplements.ch\/index.php?rest_route=\/wp\/v2\/product\/2080","targetHints":{"allow":["GET"]}}],"collection":[{"href":"https:\/\/ecosupplements.ch\/index.php?rest_route=\/wp\/v2\/product"}],"about":[{"href":"https:\/\/ecosupplements.ch\/index.php?rest_route=\/wp\/v2\/types\/product"}],"replies":[{"embeddable":true,"href":"https:\/\/ecosupplements.ch\/index.php?rest_route=%2Fwp%2Fv2%2Fcomments&post=2080"}],"wp:featuredmedia":[{"embeddable":true,"href":"https:\/\/ecosupplements.ch\/index.php?rest_route=\/wp\/v2\/media\/2081"}],"wp:attachment":[{"href":"https:\/\/ecosupplements.ch\/index.php?rest_route=%2Fwp%2Fv2%2Fmedia&parent=2080"}],"wp:term":[{"taxonomy":"product_brand","embeddable":true,"href":"https:\/\/ecosupplements.ch\/index.php?rest_route=%2Fwp%2Fv2%2Fproduct_brand&post=2080"},{"taxonomy":"product_cat","embeddable":true,"href":"https:\/\/ecosupplements.ch\/index.php?rest_route=%2Fwp%2Fv2%2Fproduct_cat&post=2080"},{"taxonomy":"product_tag","embeddable":true,"href":"https:\/\/ecosupplements.ch\/index.php?rest_route=%2Fwp%2Fv2%2Fproduct_tag&post=2080"}],"curies":[{"name":"wp","href":"https:\/\/api.w.org\/{rel}","templated":true}]}}